{"id":994,"date":"2024-01-18T20:05:26","date_gmt":"2024-01-18T20:05:26","guid":{"rendered":"https:\/\/unnadeluxe.fi\/?post_type=product&#038;p=994"},"modified":"2025-05-08T07:44:17","modified_gmt":"2025-05-08T07:44:17","slug":"pjur-aqua-panthenol-100ml","status":"publish","type":"product","link":"https:\/\/unnadeluxe.fi\/fi\/tuote\/pjur-aqua-panthenol-100ml\/","title":{"rendered":"Pjur Aqua Panthenol 100ml"},"content":{"rendered":"<p>Aqua, Glycerin, Ethoxydiglycol, Phenoxyethanol, Hydroxypropyl Guar Hydroxypropyltrimonium Chloride, Propylene Glycol, Hydroxyethylcellulose, Panthenol, Polysorbate 20, Citric Acid, Chamomilla Recutita (Matricaria) Flower Extract, Paullinia Cupana Seed Extract, Cananga Odorata (Ylang Ylang) Flower Oil, Alcohol, 2-Hexanediol, Decylene Glycol, Lactic Acid, Sodium Benzoate, Potassium Sorbate<\/p>","protected":false},"excerpt":{"rendered":"<p>Pjur Aqua Panthenol \u00e4r ett glidmedel som inneh\u00e5ller \u00e5terfuktande pantenol som reparerar r\u00f6d och irriterad hud samt l\u00e4mnar huden mjuk och len. Glidmedlet \u00e4r speciellt bra f\u00f6r kvinnor med torra slemhinnor.<br \/>\nGlidmedlet kan anv\u00e4ndas tillsammans med kondomer och sexleksaker av alla material.<br \/>\nPjur Aqua Panthenol inneh\u00e5ller ingen parfym eller smak. Glidmedlet \u00e4r allergitestat.<\/p>","protected":false},"featured_media":998,"template":"","meta":[],"product_brand":[],"product_cat":[70,73,72],"product_tag":[],"class_list":{"0":"post-994","1":"product","2":"type-product","3":"status-publish","4":"has-post-thumbnail","6":"product_cat-lust-njutning","7":"product_cat-massage-och-glidmedel","8":"product_cat-sexuell-halsa","10":"first","11":"instock","12":"sale","13":"taxable","14":"shipping-taxable","15":"purchasable","16":"product-type-simple"},"yoast_head":"<!-- This site is optimized with the Yoast SEO plugin v27.1.1 - https:\/\/yoast.com\/product\/yoast-seo-wordpress\/ -->\n<title>Pjur Aqua Panthenol 100ml - Unnadeluxe<\/title>\n<meta name=\"robots\" content=\"index, follow, max-snippet:-1, max-image-preview:large, max-video-preview:-1\" \/>\n<link rel=\"canonical\" href=\"https:\/\/unnadeluxe.fi\/fi\/tuote\/pjur-aqua-panthenol-100ml\/\" \/>\n<meta property=\"og:locale\" content=\"fi_FI\" \/>\n<meta property=\"og:type\" content=\"article\" \/>\n<meta property=\"og:title\" content=\"Pjur Aqua Panthenol 100ml - Unnadeluxe\" \/>\n<meta property=\"og:description\" content=\"Pjur Aqua Panthenol \u00e4r ett glidmedel som inneh\u00e5ller \u00e5terfuktande pantenol som reparerar r\u00f6d och irriterad hud samt l\u00e4mnar huden mjuk och len. Glidmedlet \u00e4r speciellt bra f\u00f6r kvinnor med torra slemhinnor. Glidmedlet kan anv\u00e4ndas tillsammans med kondomer och sexleksaker av alla material. Pjur Aqua Panthenol inneh\u00e5ller ingen parfym eller smak. Glidmedlet \u00e4r allergitestat.\" \/>\n<meta property=\"og:url\" content=\"https:\/\/unnadeluxe.fi\/fi\/tuote\/pjur-aqua-panthenol-100ml\/\" \/>\n<meta property=\"og:site_name\" content=\"Unnadeluxe\" \/>\n<meta property=\"article:publisher\" content=\"https:\/\/www.facebook.com\/UnnaDeluxe\" \/>\n<meta property=\"article:modified_time\" content=\"2025-05-08T07:44:17+00:00\" \/>\n<meta property=\"og:image\" content=\"https:\/\/unnadeluxe.fi\/wp-content\/uploads\/2024\/01\/06236790000_nor_a-1.jpg\" \/>\n\t<meta property=\"og:image:width\" content=\"312\" \/>\n\t<meta property=\"og:image:height\" content=\"1000\" \/>\n\t<meta property=\"og:image:type\" content=\"image\/jpeg\" \/>\n<meta name=\"twitter:card\" content=\"summary_large_image\" \/>\n<meta name=\"twitter:label1\" content=\"Arvioitu lukuaika\" \/>\n\t<meta name=\"twitter:data1\" content=\"1 minuutti\" \/>\n<script type=\"application\/ld+json\" class=\"yoast-schema-graph\">{\"@context\":\"https:\/\/schema.org\",\"@graph\":[{\"@type\":\"WebPage\",\"@id\":\"https:\/\/unnadeluxe.fi\/produkt\/pjur-aqua-panthenol-100ml\/\",\"url\":\"https:\/\/unnadeluxe.fi\/produkt\/pjur-aqua-panthenol-100ml\/\",\"name\":\"Pjur Aqua Panthenol 100ml - Unnadeluxe\",\"isPartOf\":{\"@id\":\"https:\/\/unnadeluxe.fi\/#website\"},\"primaryImageOfPage\":{\"@id\":\"https:\/\/unnadeluxe.fi\/produkt\/pjur-aqua-panthenol-100ml\/#primaryimage\"},\"image\":{\"@id\":\"https:\/\/unnadeluxe.fi\/produkt\/pjur-aqua-panthenol-100ml\/#primaryimage\"},\"thumbnailUrl\":\"https:\/\/unnadeluxe.fi\/wp-content\/uploads\/2024\/01\/06236790000_nor_a-1.jpg\",\"datePublished\":\"2024-01-18T20:05:26+00:00\",\"dateModified\":\"2025-05-08T07:44:17+00:00\",\"breadcrumb\":{\"@id\":\"https:\/\/unnadeluxe.fi\/produkt\/pjur-aqua-panthenol-100ml\/#breadcrumb\"},\"inLanguage\":\"fi\",\"potentialAction\":[{\"@type\":\"ReadAction\",\"target\":[\"https:\/\/unnadeluxe.fi\/produkt\/pjur-aqua-panthenol-100ml\/\"]}]},{\"@type\":\"ImageObject\",\"inLanguage\":\"fi\",\"@id\":\"https:\/\/unnadeluxe.fi\/produkt\/pjur-aqua-panthenol-100ml\/#primaryimage\",\"url\":\"https:\/\/unnadeluxe.fi\/wp-content\/uploads\/2024\/01\/06236790000_nor_a-1.jpg\",\"contentUrl\":\"https:\/\/unnadeluxe.fi\/wp-content\/uploads\/2024\/01\/06236790000_nor_a-1.jpg\",\"width\":312,\"height\":1000},{\"@type\":\"BreadcrumbList\",\"@id\":\"https:\/\/unnadeluxe.fi\/produkt\/pjur-aqua-panthenol-100ml\/#breadcrumb\",\"itemListElement\":[{\"@type\":\"ListItem\",\"position\":1,\"name\":\"Hem\",\"item\":\"https:\/\/unnadeluxe.fi\/\"},{\"@type\":\"ListItem\",\"position\":2,\"name\":\"Shop\",\"item\":\"https:\/\/unnadeluxe.fi\/shop\/\"},{\"@type\":\"ListItem\",\"position\":3,\"name\":\"Pjur Aqua Panthenol 100ml\"}]},{\"@type\":\"WebSite\",\"@id\":\"https:\/\/unnadeluxe.fi\/#website\",\"url\":\"https:\/\/unnadeluxe.fi\/\",\"name\":\"Unnadeluxe\",\"description\":\"UnnaDeluxe\",\"publisher\":{\"@id\":\"https:\/\/unnadeluxe.fi\/#organization\"},\"potentialAction\":[{\"@type\":\"SearchAction\",\"target\":{\"@type\":\"EntryPoint\",\"urlTemplate\":\"https:\/\/unnadeluxe.fi\/?s={search_term_string}\"},\"query-input\":{\"@type\":\"PropertyValueSpecification\",\"valueRequired\":true,\"valueName\":\"search_term_string\"}}],\"inLanguage\":\"fi\"},{\"@type\":\"Organization\",\"@id\":\"https:\/\/unnadeluxe.fi\/#organization\",\"name\":\"Unnadeluxe\",\"url\":\"https:\/\/unnadeluxe.fi\/\",\"logo\":{\"@type\":\"ImageObject\",\"inLanguage\":\"fi\",\"@id\":\"https:\/\/unnadeluxe.fi\/#\/schema\/logo\/image\/\",\"url\":\"https:\/\/unnadeluxe.fi\/wp-content\/uploads\/2022\/09\/Unna-logo-lingerie-black-and-gold.png\",\"contentUrl\":\"https:\/\/unnadeluxe.fi\/wp-content\/uploads\/2022\/09\/Unna-logo-lingerie-black-and-gold.png\",\"width\":3150,\"height\":3937,\"caption\":\"Unnadeluxe\"},\"image\":{\"@id\":\"https:\/\/unnadeluxe.fi\/#\/schema\/logo\/image\/\"},\"sameAs\":[\"https:\/\/www.facebook.com\/UnnaDeluxe\"]}]}<\/script>\n<!-- \/ Yoast SEO plugin. -->","yoast_head_json":{"title":"Pjur Aqua Panthenol 100ml - Unnadeluxe","robots":{"index":"index","follow":"follow","max-snippet":"max-snippet:-1","max-image-preview":"max-image-preview:large","max-video-preview":"max-video-preview:-1"},"canonical":"https:\/\/unnadeluxe.fi\/fi\/tuote\/pjur-aqua-panthenol-100ml\/","og_locale":"fi_FI","og_type":"article","og_title":"Pjur Aqua Panthenol 100ml - Unnadeluxe","og_description":"Pjur Aqua Panthenol \u00e4r ett glidmedel som inneh\u00e5ller \u00e5terfuktande pantenol som reparerar r\u00f6d och irriterad hud samt l\u00e4mnar huden mjuk och len. Glidmedlet \u00e4r speciellt bra f\u00f6r kvinnor med torra slemhinnor. Glidmedlet kan anv\u00e4ndas tillsammans med kondomer och sexleksaker av alla material. Pjur Aqua Panthenol inneh\u00e5ller ingen parfym eller smak. Glidmedlet \u00e4r allergitestat.","og_url":"https:\/\/unnadeluxe.fi\/fi\/tuote\/pjur-aqua-panthenol-100ml\/","og_site_name":"Unnadeluxe","article_publisher":"https:\/\/www.facebook.com\/UnnaDeluxe","article_modified_time":"2025-05-08T07:44:17+00:00","og_image":[{"width":312,"height":1000,"url":"https:\/\/unnadeluxe.fi\/wp-content\/uploads\/2024\/01\/06236790000_nor_a-1.jpg","type":"image\/jpeg"}],"twitter_card":"summary_large_image","twitter_misc":{"Arvioitu lukuaika":"1 minuutti"},"schema":{"@context":"https:\/\/schema.org","@graph":[{"@type":"WebPage","@id":"https:\/\/unnadeluxe.fi\/produkt\/pjur-aqua-panthenol-100ml\/","url":"https:\/\/unnadeluxe.fi\/produkt\/pjur-aqua-panthenol-100ml\/","name":"Pjur Aqua Panthenol 100ml - Unnadeluxe","isPartOf":{"@id":"https:\/\/unnadeluxe.fi\/#website"},"primaryImageOfPage":{"@id":"https:\/\/unnadeluxe.fi\/produkt\/pjur-aqua-panthenol-100ml\/#primaryimage"},"image":{"@id":"https:\/\/unnadeluxe.fi\/produkt\/pjur-aqua-panthenol-100ml\/#primaryimage"},"thumbnailUrl":"https:\/\/unnadeluxe.fi\/wp-content\/uploads\/2024\/01\/06236790000_nor_a-1.jpg","datePublished":"2024-01-18T20:05:26+00:00","dateModified":"2025-05-08T07:44:17+00:00","breadcrumb":{"@id":"https:\/\/unnadeluxe.fi\/produkt\/pjur-aqua-panthenol-100ml\/#breadcrumb"},"inLanguage":"fi","potentialAction":[{"@type":"ReadAction","target":["https:\/\/unnadeluxe.fi\/produkt\/pjur-aqua-panthenol-100ml\/"]}]},{"@type":"ImageObject","inLanguage":"fi","@id":"https:\/\/unnadeluxe.fi\/produkt\/pjur-aqua-panthenol-100ml\/#primaryimage","url":"https:\/\/unnadeluxe.fi\/wp-content\/uploads\/2024\/01\/06236790000_nor_a-1.jpg","contentUrl":"https:\/\/unnadeluxe.fi\/wp-content\/uploads\/2024\/01\/06236790000_nor_a-1.jpg","width":312,"height":1000},{"@type":"BreadcrumbList","@id":"https:\/\/unnadeluxe.fi\/produkt\/pjur-aqua-panthenol-100ml\/#breadcrumb","itemListElement":[{"@type":"ListItem","position":1,"name":"Hem","item":"https:\/\/unnadeluxe.fi\/"},{"@type":"ListItem","position":2,"name":"Shop","item":"https:\/\/unnadeluxe.fi\/shop\/"},{"@type":"ListItem","position":3,"name":"Pjur Aqua Panthenol 100ml"}]},{"@type":"WebSite","@id":"https:\/\/unnadeluxe.fi\/#website","url":"https:\/\/unnadeluxe.fi\/","name":"Unnadeluxe","description":"UnnaDeluxe","publisher":{"@id":"https:\/\/unnadeluxe.fi\/#organization"},"potentialAction":[{"@type":"SearchAction","target":{"@type":"EntryPoint","urlTemplate":"https:\/\/unnadeluxe.fi\/?s={search_term_string}"},"query-input":{"@type":"PropertyValueSpecification","valueRequired":true,"valueName":"search_term_string"}}],"inLanguage":"fi"},{"@type":"Organization","@id":"https:\/\/unnadeluxe.fi\/#organization","name":"Unnadeluxe","url":"https:\/\/unnadeluxe.fi\/","logo":{"@type":"ImageObject","inLanguage":"fi","@id":"https:\/\/unnadeluxe.fi\/#\/schema\/logo\/image\/","url":"https:\/\/unnadeluxe.fi\/wp-content\/uploads\/2022\/09\/Unna-logo-lingerie-black-and-gold.png","contentUrl":"https:\/\/unnadeluxe.fi\/wp-content\/uploads\/2022\/09\/Unna-logo-lingerie-black-and-gold.png","width":3150,"height":3937,"caption":"Unnadeluxe"},"image":{"@id":"https:\/\/unnadeluxe.fi\/#\/schema\/logo\/image\/"},"sameAs":["https:\/\/www.facebook.com\/UnnaDeluxe"]}]}},"_links":{"self":[{"href":"https:\/\/unnadeluxe.fi\/fi\/wp-json\/wp\/v2\/product\/994","targetHints":{"allow":["GET"]}}],"collection":[{"href":"https:\/\/unnadeluxe.fi\/fi\/wp-json\/wp\/v2\/product"}],"about":[{"href":"https:\/\/unnadeluxe.fi\/fi\/wp-json\/wp\/v2\/types\/product"}],"wp:featuredmedia":[{"embeddable":true,"href":"https:\/\/unnadeluxe.fi\/fi\/wp-json\/wp\/v2\/media\/998"}],"wp:attachment":[{"href":"https:\/\/unnadeluxe.fi\/fi\/wp-json\/wp\/v2\/media?parent=994"}],"wp:term":[{"taxonomy":"product_brand","embeddable":true,"href":"https:\/\/unnadeluxe.fi\/fi\/wp-json\/wp\/v2\/product_brand?post=994"},{"taxonomy":"product_cat","embeddable":true,"href":"https:\/\/unnadeluxe.fi\/fi\/wp-json\/wp\/v2\/product_cat?post=994"},{"taxonomy":"product_tag","embeddable":true,"href":"https:\/\/unnadeluxe.fi\/fi\/wp-json\/wp\/v2\/product_tag?post=994"}],"curies":[{"name":"wp","href":"https:\/\/api.w.org\/{rel}","templated":true}]}}