{"id":9440,"date":"2026-05-03T12:34:36","date_gmt":"2026-05-03T12:34:36","guid":{"rendered":"https:\/\/unnadeluxe.fi\/?post_type=product&#038;p=9440"},"modified":"2026-05-03T12:43:08","modified_gmt":"2026-05-03T12:43:08","slug":"elomi-darcie-azalea-short","status":"publish","type":"product","link":"https:\/\/unnadeluxe.fi\/fi\/tuote\/elomi-darcie-azalea-short\/","title":{"rendered":"Elomi Darcie Azalea Short"},"content":{"rendered":"<p>Elomi Darcie Azalea Short \u00e4r en feminin trosa med en smickrande passform och elegant design. Snygg, bekv\u00e4m och h\u00f6g Trosa med h\u00f6gre bensk\u00e4rning.<br \/>\nHandtv\u00e4tt<br \/>\nMaterial:<br \/>\nFront Lining: 94% Polyamide, 6% Elastane<br \/>\nGusset Lining: 100% Cotton<br \/>\nMain Fabric: 52% Polyamide, 17% Elastane, 24% Polyester, 7% Viscose<br \/>\nSide: 44% Polyamide, 16% Elastane, 33% Polyester, 7% Viscose<\/p>","protected":false},"excerpt":{"rendered":"<p>Elomi Darcie Azalea Short \u00e4r en feminin trosa med en smickrande passform och elegant design. Den mjuka modellen sitter bekv\u00e4mt p\u00e5 h\u00f6fterna och ger lagom t\u00e4ckning baktill, samtidigt som den vackra flerf\u00e4rgade spetsen skapar ett lekfullt och sofistikerat uttryck.<\/p>\n<p>Tillverkad i f\u00f6ljsamma material som k\u00e4nns sk\u00f6na mot huden, med fina detaljer som ger en lyxig finish. Perfekt att matcha med bh:n i samma serie f\u00f6r en komplett och stilfull look.<\/p>","protected":false},"featured_media":9446,"template":"","meta":[],"product_brand":[82],"product_cat":[27,68,29],"product_tag":[],"class_list":{"0":"post-9440","1":"product","2":"type-product","3":"status-publish","4":"has-post-thumbnail","6":"product_brand-elomi","7":"product_cat-underklader","8":"product_cat-nyheter","9":"product_cat-trosor","11":"first","12":"instock","13":"taxable","14":"shipping-taxable","15":"purchasable","16":"product-type-variable"},"yoast_head":"<!-- This site is optimized with the Yoast SEO plugin v27.5 - https:\/\/yoast.com\/product\/yoast-seo-wordpress\/ -->\n<title>Elomi Darcie Azalea Short - Unnadeluxe<\/title>\n<meta name=\"robots\" content=\"index, follow, max-snippet:-1, max-image-preview:large, max-video-preview:-1\" \/>\n<link rel=\"canonical\" href=\"https:\/\/unnadeluxe.fi\/fi\/tuote\/elomi-darcie-azalea-short\/\" \/>\n<meta property=\"og:locale\" content=\"fi_FI\" \/>\n<meta property=\"og:type\" content=\"article\" \/>\n<meta property=\"og:title\" content=\"Elomi Darcie Azalea Short - Unnadeluxe\" \/>\n<meta property=\"og:description\" content=\"Elomi Darcie Azalea Short \u00e4r en feminin trosa med en smickrande passform och elegant design. Den mjuka modellen sitter bekv\u00e4mt p\u00e5 h\u00f6fterna och ger lagom t\u00e4ckning baktill, samtidigt som den vackra flerf\u00e4rgade spetsen skapar ett lekfullt och sofistikerat uttryck.  Tillverkad i f\u00f6ljsamma material som k\u00e4nns sk\u00f6na mot huden, med fina detaljer som ger en lyxig finish. Perfekt att matcha med bh:n i samma serie f\u00f6r en komplett och stilfull look.\" \/>\n<meta property=\"og:url\" content=\"https:\/\/unnadeluxe.fi\/fi\/tuote\/elomi-darcie-azalea-short\/\" \/>\n<meta property=\"og:site_name\" content=\"Unnadeluxe\" \/>\n<meta property=\"article:publisher\" content=\"https:\/\/www.facebook.com\/UnnaDeluxe\" \/>\n<meta property=\"article:modified_time\" content=\"2026-05-03T12:43:08+00:00\" \/>\n<meta property=\"og:image\" content=\"https:\/\/unnadeluxe.fi\/wp-content\/uploads\/2026\/05\/DARCIE_AZALEA_SHORT_EL302980_CUTOUT_WEB_SS26-scaled.jpg\" \/>\n\t<meta property=\"og:image:width\" content=\"2560\" \/>\n\t<meta property=\"og:image:height\" content=\"2560\" \/>\n\t<meta property=\"og:image:type\" content=\"image\/jpeg\" \/>\n<meta name=\"twitter:card\" content=\"summary_large_image\" \/>\n<meta name=\"twitter:label1\" content=\"Arvioitu lukuaika\" \/>\n\t<meta name=\"twitter:data1\" content=\"1 minuutti\" \/>\n<script type=\"application\/ld+json\" class=\"yoast-schema-graph\">{\"@context\":\"https:\\\/\\\/schema.org\",\"@graph\":[{\"@type\":\"WebPage\",\"@id\":\"https:\\\/\\\/unnadeluxe.fi\\\/produkt\\\/elomi-darcie-azalea-short\\\/\",\"url\":\"https:\\\/\\\/unnadeluxe.fi\\\/produkt\\\/elomi-darcie-azalea-short\\\/\",\"name\":\"Elomi Darcie Azalea Short - Unnadeluxe\",\"isPartOf\":{\"@id\":\"https:\\\/\\\/unnadeluxe.fi\\\/#website\"},\"primaryImageOfPage\":{\"@id\":\"https:\\\/\\\/unnadeluxe.fi\\\/produkt\\\/elomi-darcie-azalea-short\\\/#primaryimage\"},\"image\":{\"@id\":\"https:\\\/\\\/unnadeluxe.fi\\\/produkt\\\/elomi-darcie-azalea-short\\\/#primaryimage\"},\"thumbnailUrl\":\"https:\\\/\\\/unnadeluxe.fi\\\/wp-content\\\/uploads\\\/2026\\\/05\\\/DARCIE_AZALEA_SHORT_EL302980_CUTOUT_WEB_SS26-scaled.jpg\",\"datePublished\":\"2026-05-03T12:34:36+00:00\",\"dateModified\":\"2026-05-03T12:43:08+00:00\",\"breadcrumb\":{\"@id\":\"https:\\\/\\\/unnadeluxe.fi\\\/produkt\\\/elomi-darcie-azalea-short\\\/#breadcrumb\"},\"inLanguage\":\"fi\",\"potentialAction\":[{\"@type\":\"ReadAction\",\"target\":[\"https:\\\/\\\/unnadeluxe.fi\\\/produkt\\\/elomi-darcie-azalea-short\\\/\"]}]},{\"@type\":\"ImageObject\",\"inLanguage\":\"fi\",\"@id\":\"https:\\\/\\\/unnadeluxe.fi\\\/produkt\\\/elomi-darcie-azalea-short\\\/#primaryimage\",\"url\":\"https:\\\/\\\/unnadeluxe.fi\\\/wp-content\\\/uploads\\\/2026\\\/05\\\/DARCIE_AZALEA_SHORT_EL302980_CUTOUT_WEB_SS26-scaled.jpg\",\"contentUrl\":\"https:\\\/\\\/unnadeluxe.fi\\\/wp-content\\\/uploads\\\/2026\\\/05\\\/DARCIE_AZALEA_SHORT_EL302980_CUTOUT_WEB_SS26-scaled.jpg\",\"width\":2560,\"height\":2560},{\"@type\":\"BreadcrumbList\",\"@id\":\"https:\\\/\\\/unnadeluxe.fi\\\/produkt\\\/elomi-darcie-azalea-short\\\/#breadcrumb\",\"itemListElement\":[{\"@type\":\"ListItem\",\"position\":1,\"name\":\"Hem\",\"item\":\"https:\\\/\\\/unnadeluxe.fi\\\/\"},{\"@type\":\"ListItem\",\"position\":2,\"name\":\"Shop\",\"item\":\"https:\\\/\\\/unnadeluxe.fi\\\/shop\\\/\"},{\"@type\":\"ListItem\",\"position\":3,\"name\":\"Elomi Darcie Azalea Short\"}]},{\"@type\":\"WebSite\",\"@id\":\"https:\\\/\\\/unnadeluxe.fi\\\/#website\",\"url\":\"https:\\\/\\\/unnadeluxe.fi\\\/\",\"name\":\"Unnadeluxe\",\"description\":\"UnnaDeluxe\",\"publisher\":{\"@id\":\"https:\\\/\\\/unnadeluxe.fi\\\/#organization\"},\"potentialAction\":[{\"@type\":\"SearchAction\",\"target\":{\"@type\":\"EntryPoint\",\"urlTemplate\":\"https:\\\/\\\/unnadeluxe.fi\\\/?s={search_term_string}\"},\"query-input\":{\"@type\":\"PropertyValueSpecification\",\"valueRequired\":true,\"valueName\":\"search_term_string\"}}],\"inLanguage\":\"fi\"},{\"@type\":\"Organization\",\"@id\":\"https:\\\/\\\/unnadeluxe.fi\\\/#organization\",\"name\":\"Unnadeluxe\",\"url\":\"https:\\\/\\\/unnadeluxe.fi\\\/\",\"logo\":{\"@type\":\"ImageObject\",\"inLanguage\":\"fi\",\"@id\":\"https:\\\/\\\/unnadeluxe.fi\\\/#\\\/schema\\\/logo\\\/image\\\/\",\"url\":\"https:\\\/\\\/unnadeluxe.fi\\\/wp-content\\\/uploads\\\/2022\\\/09\\\/Unna-logo-lingerie-black-and-gold.png\",\"contentUrl\":\"https:\\\/\\\/unnadeluxe.fi\\\/wp-content\\\/uploads\\\/2022\\\/09\\\/Unna-logo-lingerie-black-and-gold.png\",\"width\":3150,\"height\":3937,\"caption\":\"Unnadeluxe\"},\"image\":{\"@id\":\"https:\\\/\\\/unnadeluxe.fi\\\/#\\\/schema\\\/logo\\\/image\\\/\"},\"sameAs\":[\"https:\\\/\\\/www.facebook.com\\\/UnnaDeluxe\"]}]}<\/script>\n<!-- \/ Yoast SEO plugin. -->","yoast_head_json":{"title":"Elomi Darcie Azalea Short - Unnadeluxe","robots":{"index":"index","follow":"follow","max-snippet":"max-snippet:-1","max-image-preview":"max-image-preview:large","max-video-preview":"max-video-preview:-1"},"canonical":"https:\/\/unnadeluxe.fi\/fi\/tuote\/elomi-darcie-azalea-short\/","og_locale":"fi_FI","og_type":"article","og_title":"Elomi Darcie Azalea Short - Unnadeluxe","og_description":"Elomi Darcie Azalea Short \u00e4r en feminin trosa med en smickrande passform och elegant design. Den mjuka modellen sitter bekv\u00e4mt p\u00e5 h\u00f6fterna och ger lagom t\u00e4ckning baktill, samtidigt som den vackra flerf\u00e4rgade spetsen skapar ett lekfullt och sofistikerat uttryck.  Tillverkad i f\u00f6ljsamma material som k\u00e4nns sk\u00f6na mot huden, med fina detaljer som ger en lyxig finish. Perfekt att matcha med bh:n i samma serie f\u00f6r en komplett och stilfull look.","og_url":"https:\/\/unnadeluxe.fi\/fi\/tuote\/elomi-darcie-azalea-short\/","og_site_name":"Unnadeluxe","article_publisher":"https:\/\/www.facebook.com\/UnnaDeluxe","article_modified_time":"2026-05-03T12:43:08+00:00","og_image":[{"width":2560,"height":2560,"url":"https:\/\/unnadeluxe.fi\/wp-content\/uploads\/2026\/05\/DARCIE_AZALEA_SHORT_EL302980_CUTOUT_WEB_SS26-scaled.jpg","type":"image\/jpeg"}],"twitter_card":"summary_large_image","twitter_misc":{"Arvioitu lukuaika":"1 minuutti"},"schema":{"@context":"https:\/\/schema.org","@graph":[{"@type":"WebPage","@id":"https:\/\/unnadeluxe.fi\/produkt\/elomi-darcie-azalea-short\/","url":"https:\/\/unnadeluxe.fi\/produkt\/elomi-darcie-azalea-short\/","name":"Elomi Darcie Azalea Short - Unnadeluxe","isPartOf":{"@id":"https:\/\/unnadeluxe.fi\/#website"},"primaryImageOfPage":{"@id":"https:\/\/unnadeluxe.fi\/produkt\/elomi-darcie-azalea-short\/#primaryimage"},"image":{"@id":"https:\/\/unnadeluxe.fi\/produkt\/elomi-darcie-azalea-short\/#primaryimage"},"thumbnailUrl":"https:\/\/unnadeluxe.fi\/wp-content\/uploads\/2026\/05\/DARCIE_AZALEA_SHORT_EL302980_CUTOUT_WEB_SS26-scaled.jpg","datePublished":"2026-05-03T12:34:36+00:00","dateModified":"2026-05-03T12:43:08+00:00","breadcrumb":{"@id":"https:\/\/unnadeluxe.fi\/produkt\/elomi-darcie-azalea-short\/#breadcrumb"},"inLanguage":"fi","potentialAction":[{"@type":"ReadAction","target":["https:\/\/unnadeluxe.fi\/produkt\/elomi-darcie-azalea-short\/"]}]},{"@type":"ImageObject","inLanguage":"fi","@id":"https:\/\/unnadeluxe.fi\/produkt\/elomi-darcie-azalea-short\/#primaryimage","url":"https:\/\/unnadeluxe.fi\/wp-content\/uploads\/2026\/05\/DARCIE_AZALEA_SHORT_EL302980_CUTOUT_WEB_SS26-scaled.jpg","contentUrl":"https:\/\/unnadeluxe.fi\/wp-content\/uploads\/2026\/05\/DARCIE_AZALEA_SHORT_EL302980_CUTOUT_WEB_SS26-scaled.jpg","width":2560,"height":2560},{"@type":"BreadcrumbList","@id":"https:\/\/unnadeluxe.fi\/produkt\/elomi-darcie-azalea-short\/#breadcrumb","itemListElement":[{"@type":"ListItem","position":1,"name":"Hem","item":"https:\/\/unnadeluxe.fi\/"},{"@type":"ListItem","position":2,"name":"Shop","item":"https:\/\/unnadeluxe.fi\/shop\/"},{"@type":"ListItem","position":3,"name":"Elomi Darcie Azalea Short"}]},{"@type":"WebSite","@id":"https:\/\/unnadeluxe.fi\/#website","url":"https:\/\/unnadeluxe.fi\/","name":"Unnadeluxe","description":"UnnaDeluxe","publisher":{"@id":"https:\/\/unnadeluxe.fi\/#organization"},"potentialAction":[{"@type":"SearchAction","target":{"@type":"EntryPoint","urlTemplate":"https:\/\/unnadeluxe.fi\/?s={search_term_string}"},"query-input":{"@type":"PropertyValueSpecification","valueRequired":true,"valueName":"search_term_string"}}],"inLanguage":"fi"},{"@type":"Organization","@id":"https:\/\/unnadeluxe.fi\/#organization","name":"Unnadeluxe","url":"https:\/\/unnadeluxe.fi\/","logo":{"@type":"ImageObject","inLanguage":"fi","@id":"https:\/\/unnadeluxe.fi\/#\/schema\/logo\/image\/","url":"https:\/\/unnadeluxe.fi\/wp-content\/uploads\/2022\/09\/Unna-logo-lingerie-black-and-gold.png","contentUrl":"https:\/\/unnadeluxe.fi\/wp-content\/uploads\/2022\/09\/Unna-logo-lingerie-black-and-gold.png","width":3150,"height":3937,"caption":"Unnadeluxe"},"image":{"@id":"https:\/\/unnadeluxe.fi\/#\/schema\/logo\/image\/"},"sameAs":["https:\/\/www.facebook.com\/UnnaDeluxe"]}]}},"_links":{"self":[{"href":"https:\/\/unnadeluxe.fi\/fi\/wp-json\/wp\/v2\/product\/9440","targetHints":{"allow":["GET"]}}],"collection":[{"href":"https:\/\/unnadeluxe.fi\/fi\/wp-json\/wp\/v2\/product"}],"about":[{"href":"https:\/\/unnadeluxe.fi\/fi\/wp-json\/wp\/v2\/types\/product"}],"wp:featuredmedia":[{"embeddable":true,"href":"https:\/\/unnadeluxe.fi\/fi\/wp-json\/wp\/v2\/media\/9446"}],"wp:attachment":[{"href":"https:\/\/unnadeluxe.fi\/fi\/wp-json\/wp\/v2\/media?parent=9440"}],"wp:term":[{"taxonomy":"product_brand","embeddable":true,"href":"https:\/\/unnadeluxe.fi\/fi\/wp-json\/wp\/v2\/product_brand?post=9440"},{"taxonomy":"product_cat","embeddable":true,"href":"https:\/\/unnadeluxe.fi\/fi\/wp-json\/wp\/v2\/product_cat?post=9440"},{"taxonomy":"product_tag","embeddable":true,"href":"https:\/\/unnadeluxe.fi\/fi\/wp-json\/wp\/v2\/product_tag?post=9440"}],"curies":[{"name":"wp","href":"https:\/\/api.w.org\/{rel}","templated":true}]}}