{"id":9393,"date":"2026-05-03T12:16:29","date_gmt":"2026-05-03T12:16:29","guid":{"rendered":"https:\/\/unnadeluxe.fi\/?post_type=product&#038;p=9393"},"modified":"2026-05-03T12:34:03","modified_gmt":"2026-05-03T12:34:03","slug":"elomi-darcie-azalea-padded-half-cup","status":"publish","type":"product","link":"https:\/\/unnadeluxe.fi\/fi\/tuote\/elomi-darcie-azalea-padded-half-cup\/","title":{"rendered":"Elomi Darcie Azalea Padded Half Cup"},"content":{"rendered":"<p>Elomi Darcie Azalea Half Padded Bra \u00e4r en feminin och elegant bh som kombinerar f\u00f6rf\u00f6risk design med p\u00e5litligt st\u00f6d. De l\u00e4tt vadderade halvkuporna lyfter och formar bysten p\u00e5 ett naturligt s\u00e4tt.<br \/>\nMaterial: 44% Polyamide, 16% Elastane, 33% polyester<br \/>\nTv\u00e4ttr\u00e5d: Handtv\u00e4tt<\/p>","protected":false},"excerpt":{"rendered":"<p>Elomi Darcie Azalea \u00e4r beh\u00e5n var livfulla f\u00e4rger m\u00f6ter oemotst\u00e5ndlig charm. Darcie en elegant, spetskollektion som ger den perfekta balansen mellan sexigt och sofistikerat.<\/p>\n<p>Bygel-bh:n i plunge-modell har en s\u00f6t \u201cpeek-a-boo\u201d-design, medan den vadderade halvkups-bh:n med bygel har en ny, ultrasoft skumvaddering som ger det d\u00e4r viktiga lyftet.<\/p>\n<p>Designen full\u00e4ndas med sl\u00e4ta res\u00e5rband i satink\u00e4nsla, en n\u00e4tt rosett och en liten hj\u00e4rtberlock f\u00f6r en extra lyxig look.<\/p>","protected":false},"featured_media":9436,"template":"","meta":[],"product_brand":[82],"product_cat":[28,55,57],"product_tag":[],"class_list":{"0":"post-9393","1":"product","2":"type-product","3":"status-publish","4":"has-post-thumbnail","6":"product_brand-elomi","7":"product_cat-bhn","8":"product_cat-bygel-bh","9":"product_cat-vadderad-bh","11":"first","12":"instock","13":"taxable","14":"shipping-taxable","15":"purchasable","16":"product-type-variable"},"yoast_head":"<!-- This site is optimized with the Yoast SEO plugin v27.5 - https:\/\/yoast.com\/product\/yoast-seo-wordpress\/ -->\n<title>Elomi Darcie Azalea Padded Half Cup - Unnadeluxe<\/title>\n<meta name=\"robots\" content=\"index, follow, max-snippet:-1, max-image-preview:large, max-video-preview:-1\" \/>\n<link rel=\"canonical\" href=\"https:\/\/unnadeluxe.fi\/fi\/tuote\/elomi-darcie-azalea-padded-half-cup\/\" \/>\n<meta property=\"og:locale\" content=\"fi_FI\" \/>\n<meta property=\"og:type\" content=\"article\" \/>\n<meta property=\"og:title\" content=\"Elomi Darcie Azalea Padded Half Cup - Unnadeluxe\" \/>\n<meta property=\"og:description\" content=\"Elomi Darcie Azalea \u00e4r beh\u00e5n var livfulla f\u00e4rger m\u00f6ter oemotst\u00e5ndlig charm. Darcie en elegant, spetskollektion som ger den perfekta balansen mellan sexigt och sofistikerat.  Bygel-bh:n i plunge-modell har en s\u00f6t \u201cpeek-a-boo\u201d-design, medan den vadderade halvkups-bh:n med bygel har en ny, ultrasoft skumvaddering som ger det d\u00e4r viktiga lyftet.  Designen full\u00e4ndas med sl\u00e4ta res\u00e5rband i satink\u00e4nsla, en n\u00e4tt rosett och en liten hj\u00e4rtberlock f\u00f6r en extra lyxig look.\" \/>\n<meta property=\"og:url\" content=\"https:\/\/unnadeluxe.fi\/fi\/tuote\/elomi-darcie-azalea-padded-half-cup\/\" \/>\n<meta property=\"og:site_name\" content=\"Unnadeluxe\" \/>\n<meta property=\"article:publisher\" content=\"https:\/\/www.facebook.com\/UnnaDeluxe\" \/>\n<meta property=\"article:modified_time\" content=\"2026-05-03T12:34:03+00:00\" \/>\n<meta property=\"og:image\" content=\"https:\/\/unnadeluxe.fi\/wp-content\/uploads\/2026\/05\/DARCIE_AZALEA_UW-PADDED-HALF-CUP-BRA_EL302915_CUTOUT_WEB_SS26-scaled.jpg\" \/>\n\t<meta property=\"og:image:width\" content=\"2560\" \/>\n\t<meta property=\"og:image:height\" content=\"2560\" \/>\n\t<meta property=\"og:image:type\" content=\"image\/jpeg\" \/>\n<meta name=\"twitter:card\" content=\"summary_large_image\" \/>\n<meta name=\"twitter:label1\" content=\"Arvioitu lukuaika\" \/>\n\t<meta name=\"twitter:data1\" content=\"1 minuutti\" \/>\n<script type=\"application\/ld+json\" class=\"yoast-schema-graph\">{\"@context\":\"https:\\\/\\\/schema.org\",\"@graph\":[{\"@type\":\"WebPage\",\"@id\":\"https:\\\/\\\/unnadeluxe.fi\\\/produkt\\\/elomi-darcie-azalea-padded-half-cup\\\/\",\"url\":\"https:\\\/\\\/unnadeluxe.fi\\\/produkt\\\/elomi-darcie-azalea-padded-half-cup\\\/\",\"name\":\"Elomi Darcie Azalea Padded Half Cup - Unnadeluxe\",\"isPartOf\":{\"@id\":\"https:\\\/\\\/unnadeluxe.fi\\\/#website\"},\"primaryImageOfPage\":{\"@id\":\"https:\\\/\\\/unnadeluxe.fi\\\/produkt\\\/elomi-darcie-azalea-padded-half-cup\\\/#primaryimage\"},\"image\":{\"@id\":\"https:\\\/\\\/unnadeluxe.fi\\\/produkt\\\/elomi-darcie-azalea-padded-half-cup\\\/#primaryimage\"},\"thumbnailUrl\":\"https:\\\/\\\/unnadeluxe.fi\\\/wp-content\\\/uploads\\\/2026\\\/05\\\/DARCIE_AZALEA_UW-PADDED-HALF-CUP-BRA_EL302915_CUTOUT_WEB_SS26-scaled.jpg\",\"datePublished\":\"2026-05-03T12:16:29+00:00\",\"dateModified\":\"2026-05-03T12:34:03+00:00\",\"breadcrumb\":{\"@id\":\"https:\\\/\\\/unnadeluxe.fi\\\/produkt\\\/elomi-darcie-azalea-padded-half-cup\\\/#breadcrumb\"},\"inLanguage\":\"fi\",\"potentialAction\":[{\"@type\":\"ReadAction\",\"target\":[\"https:\\\/\\\/unnadeluxe.fi\\\/produkt\\\/elomi-darcie-azalea-padded-half-cup\\\/\"]}]},{\"@type\":\"ImageObject\",\"inLanguage\":\"fi\",\"@id\":\"https:\\\/\\\/unnadeluxe.fi\\\/produkt\\\/elomi-darcie-azalea-padded-half-cup\\\/#primaryimage\",\"url\":\"https:\\\/\\\/unnadeluxe.fi\\\/wp-content\\\/uploads\\\/2026\\\/05\\\/DARCIE_AZALEA_UW-PADDED-HALF-CUP-BRA_EL302915_CUTOUT_WEB_SS26-scaled.jpg\",\"contentUrl\":\"https:\\\/\\\/unnadeluxe.fi\\\/wp-content\\\/uploads\\\/2026\\\/05\\\/DARCIE_AZALEA_UW-PADDED-HALF-CUP-BRA_EL302915_CUTOUT_WEB_SS26-scaled.jpg\",\"width\":2560,\"height\":2560},{\"@type\":\"BreadcrumbList\",\"@id\":\"https:\\\/\\\/unnadeluxe.fi\\\/produkt\\\/elomi-darcie-azalea-padded-half-cup\\\/#breadcrumb\",\"itemListElement\":[{\"@type\":\"ListItem\",\"position\":1,\"name\":\"Hem\",\"item\":\"https:\\\/\\\/unnadeluxe.fi\\\/\"},{\"@type\":\"ListItem\",\"position\":2,\"name\":\"Shop\",\"item\":\"https:\\\/\\\/unnadeluxe.fi\\\/shop\\\/\"},{\"@type\":\"ListItem\",\"position\":3,\"name\":\"Elomi Darcie Azalea Padded Half Cup\"}]},{\"@type\":\"WebSite\",\"@id\":\"https:\\\/\\\/unnadeluxe.fi\\\/#website\",\"url\":\"https:\\\/\\\/unnadeluxe.fi\\\/\",\"name\":\"Unnadeluxe\",\"description\":\"UnnaDeluxe\",\"publisher\":{\"@id\":\"https:\\\/\\\/unnadeluxe.fi\\\/#organization\"},\"potentialAction\":[{\"@type\":\"SearchAction\",\"target\":{\"@type\":\"EntryPoint\",\"urlTemplate\":\"https:\\\/\\\/unnadeluxe.fi\\\/?s={search_term_string}\"},\"query-input\":{\"@type\":\"PropertyValueSpecification\",\"valueRequired\":true,\"valueName\":\"search_term_string\"}}],\"inLanguage\":\"fi\"},{\"@type\":\"Organization\",\"@id\":\"https:\\\/\\\/unnadeluxe.fi\\\/#organization\",\"name\":\"Unnadeluxe\",\"url\":\"https:\\\/\\\/unnadeluxe.fi\\\/\",\"logo\":{\"@type\":\"ImageObject\",\"inLanguage\":\"fi\",\"@id\":\"https:\\\/\\\/unnadeluxe.fi\\\/#\\\/schema\\\/logo\\\/image\\\/\",\"url\":\"https:\\\/\\\/unnadeluxe.fi\\\/wp-content\\\/uploads\\\/2022\\\/09\\\/Unna-logo-lingerie-black-and-gold.png\",\"contentUrl\":\"https:\\\/\\\/unnadeluxe.fi\\\/wp-content\\\/uploads\\\/2022\\\/09\\\/Unna-logo-lingerie-black-and-gold.png\",\"width\":3150,\"height\":3937,\"caption\":\"Unnadeluxe\"},\"image\":{\"@id\":\"https:\\\/\\\/unnadeluxe.fi\\\/#\\\/schema\\\/logo\\\/image\\\/\"},\"sameAs\":[\"https:\\\/\\\/www.facebook.com\\\/UnnaDeluxe\"]}]}<\/script>\n<!-- \/ Yoast SEO plugin. -->","yoast_head_json":{"title":"Elomi Darcie Azalea Padded Half Cup - Unnadeluxe","robots":{"index":"index","follow":"follow","max-snippet":"max-snippet:-1","max-image-preview":"max-image-preview:large","max-video-preview":"max-video-preview:-1"},"canonical":"https:\/\/unnadeluxe.fi\/fi\/tuote\/elomi-darcie-azalea-padded-half-cup\/","og_locale":"fi_FI","og_type":"article","og_title":"Elomi Darcie Azalea Padded Half Cup - Unnadeluxe","og_description":"Elomi Darcie Azalea \u00e4r beh\u00e5n var livfulla f\u00e4rger m\u00f6ter oemotst\u00e5ndlig charm. Darcie en elegant, spetskollektion som ger den perfekta balansen mellan sexigt och sofistikerat.  Bygel-bh:n i plunge-modell har en s\u00f6t \u201cpeek-a-boo\u201d-design, medan den vadderade halvkups-bh:n med bygel har en ny, ultrasoft skumvaddering som ger det d\u00e4r viktiga lyftet.  Designen full\u00e4ndas med sl\u00e4ta res\u00e5rband i satink\u00e4nsla, en n\u00e4tt rosett och en liten hj\u00e4rtberlock f\u00f6r en extra lyxig look.","og_url":"https:\/\/unnadeluxe.fi\/fi\/tuote\/elomi-darcie-azalea-padded-half-cup\/","og_site_name":"Unnadeluxe","article_publisher":"https:\/\/www.facebook.com\/UnnaDeluxe","article_modified_time":"2026-05-03T12:34:03+00:00","og_image":[{"width":2560,"height":2560,"url":"https:\/\/unnadeluxe.fi\/wp-content\/uploads\/2026\/05\/DARCIE_AZALEA_UW-PADDED-HALF-CUP-BRA_EL302915_CUTOUT_WEB_SS26-scaled.jpg","type":"image\/jpeg"}],"twitter_card":"summary_large_image","twitter_misc":{"Arvioitu lukuaika":"1 minuutti"},"schema":{"@context":"https:\/\/schema.org","@graph":[{"@type":"WebPage","@id":"https:\/\/unnadeluxe.fi\/produkt\/elomi-darcie-azalea-padded-half-cup\/","url":"https:\/\/unnadeluxe.fi\/produkt\/elomi-darcie-azalea-padded-half-cup\/","name":"Elomi Darcie Azalea Padded Half Cup - Unnadeluxe","isPartOf":{"@id":"https:\/\/unnadeluxe.fi\/#website"},"primaryImageOfPage":{"@id":"https:\/\/unnadeluxe.fi\/produkt\/elomi-darcie-azalea-padded-half-cup\/#primaryimage"},"image":{"@id":"https:\/\/unnadeluxe.fi\/produkt\/elomi-darcie-azalea-padded-half-cup\/#primaryimage"},"thumbnailUrl":"https:\/\/unnadeluxe.fi\/wp-content\/uploads\/2026\/05\/DARCIE_AZALEA_UW-PADDED-HALF-CUP-BRA_EL302915_CUTOUT_WEB_SS26-scaled.jpg","datePublished":"2026-05-03T12:16:29+00:00","dateModified":"2026-05-03T12:34:03+00:00","breadcrumb":{"@id":"https:\/\/unnadeluxe.fi\/produkt\/elomi-darcie-azalea-padded-half-cup\/#breadcrumb"},"inLanguage":"fi","potentialAction":[{"@type":"ReadAction","target":["https:\/\/unnadeluxe.fi\/produkt\/elomi-darcie-azalea-padded-half-cup\/"]}]},{"@type":"ImageObject","inLanguage":"fi","@id":"https:\/\/unnadeluxe.fi\/produkt\/elomi-darcie-azalea-padded-half-cup\/#primaryimage","url":"https:\/\/unnadeluxe.fi\/wp-content\/uploads\/2026\/05\/DARCIE_AZALEA_UW-PADDED-HALF-CUP-BRA_EL302915_CUTOUT_WEB_SS26-scaled.jpg","contentUrl":"https:\/\/unnadeluxe.fi\/wp-content\/uploads\/2026\/05\/DARCIE_AZALEA_UW-PADDED-HALF-CUP-BRA_EL302915_CUTOUT_WEB_SS26-scaled.jpg","width":2560,"height":2560},{"@type":"BreadcrumbList","@id":"https:\/\/unnadeluxe.fi\/produkt\/elomi-darcie-azalea-padded-half-cup\/#breadcrumb","itemListElement":[{"@type":"ListItem","position":1,"name":"Hem","item":"https:\/\/unnadeluxe.fi\/"},{"@type":"ListItem","position":2,"name":"Shop","item":"https:\/\/unnadeluxe.fi\/shop\/"},{"@type":"ListItem","position":3,"name":"Elomi Darcie Azalea Padded Half Cup"}]},{"@type":"WebSite","@id":"https:\/\/unnadeluxe.fi\/#website","url":"https:\/\/unnadeluxe.fi\/","name":"Unnadeluxe","description":"UnnaDeluxe","publisher":{"@id":"https:\/\/unnadeluxe.fi\/#organization"},"potentialAction":[{"@type":"SearchAction","target":{"@type":"EntryPoint","urlTemplate":"https:\/\/unnadeluxe.fi\/?s={search_term_string}"},"query-input":{"@type":"PropertyValueSpecification","valueRequired":true,"valueName":"search_term_string"}}],"inLanguage":"fi"},{"@type":"Organization","@id":"https:\/\/unnadeluxe.fi\/#organization","name":"Unnadeluxe","url":"https:\/\/unnadeluxe.fi\/","logo":{"@type":"ImageObject","inLanguage":"fi","@id":"https:\/\/unnadeluxe.fi\/#\/schema\/logo\/image\/","url":"https:\/\/unnadeluxe.fi\/wp-content\/uploads\/2022\/09\/Unna-logo-lingerie-black-and-gold.png","contentUrl":"https:\/\/unnadeluxe.fi\/wp-content\/uploads\/2022\/09\/Unna-logo-lingerie-black-and-gold.png","width":3150,"height":3937,"caption":"Unnadeluxe"},"image":{"@id":"https:\/\/unnadeluxe.fi\/#\/schema\/logo\/image\/"},"sameAs":["https:\/\/www.facebook.com\/UnnaDeluxe"]}]}},"_links":{"self":[{"href":"https:\/\/unnadeluxe.fi\/fi\/wp-json\/wp\/v2\/product\/9393","targetHints":{"allow":["GET"]}}],"collection":[{"href":"https:\/\/unnadeluxe.fi\/fi\/wp-json\/wp\/v2\/product"}],"about":[{"href":"https:\/\/unnadeluxe.fi\/fi\/wp-json\/wp\/v2\/types\/product"}],"wp:featuredmedia":[{"embeddable":true,"href":"https:\/\/unnadeluxe.fi\/fi\/wp-json\/wp\/v2\/media\/9436"}],"wp:attachment":[{"href":"https:\/\/unnadeluxe.fi\/fi\/wp-json\/wp\/v2\/media?parent=9393"}],"wp:term":[{"taxonomy":"product_brand","embeddable":true,"href":"https:\/\/unnadeluxe.fi\/fi\/wp-json\/wp\/v2\/product_brand?post=9393"},{"taxonomy":"product_cat","embeddable":true,"href":"https:\/\/unnadeluxe.fi\/fi\/wp-json\/wp\/v2\/product_cat?post=9393"},{"taxonomy":"product_tag","embeddable":true,"href":"https:\/\/unnadeluxe.fi\/fi\/wp-json\/wp\/v2\/product_tag?post=9393"}],"curies":[{"name":"wp","href":"https:\/\/api.w.org\/{rel}","templated":true}]}}