{"id":931,"date":"2024-01-10T07:52:28","date_gmt":"2024-01-10T07:52:28","guid":{"rendered":"https:\/\/unnadeluxe.fi\/?post_type=product&#038;p=931"},"modified":"2026-02-28T11:42:01","modified_gmt":"2026-02-28T11:42:01","slug":"scarlet-velvet-red","status":"publish","type":"product","link":"https:\/\/unnadeluxe.fi\/fi\/tuote\/scarlet-velvet-red\/","title":{"rendered":"Scarlet Velvet Red"},"content":{"rendered":"<p>Size<br \/>\nLength:<br \/>\n9,2 cm<br \/>\nDiameter:<br \/>\n1,7 cm<br \/>\nWeight:<br \/>\n58 g<\/p>\n<p>Includes a battery (AAA).<br \/>\nABS with a PU coating.<br \/>\nSustainable packaging without plastic.<\/p>","protected":false},"excerpt":{"rendered":"<p>Stark bullet vibrator<br \/>\nMetallic matt<br \/>\n10 olika vibrationer<br \/>\nVattent\u00e4t<br \/>\nBatteri ing\u00e5r (AAA)<\/p>\n<p>Denna batteridrivna bulletvibrator har allt som beh\u00f6vs f\u00f6r sensuell njutning. Vattent\u00e4t och med 10 olika vibrationer att styra med en hand. Passar till olika tillf\u00e4llen b\u00e5de med eller utan partner. Denna produkt \u00e4r en av v\u00e5ra mest s\u00e5lda produkter under flera \u00e5rs tid.<br \/>\nEn produkt som borde finnas i alla hem.<\/p>","protected":false},"featured_media":932,"template":"","meta":[],"product_brand":[],"product_cat":[70,71,72],"product_tag":[],"class_list":{"0":"post-931","1":"product","2":"type-product","3":"status-publish","4":"has-post-thumbnail","6":"product_cat-lust-njutning","7":"product_cat-sexleksaker","8":"product_cat-sexuell-halsa","10":"first","11":"instock","12":"sale","13":"taxable","14":"shipping-taxable","15":"purchasable","16":"product-type-simple"},"yoast_head":"<!-- This site is optimized with the Yoast SEO plugin v27.5 - https:\/\/yoast.com\/product\/yoast-seo-wordpress\/ -->\n<title>Scarlet Velvet Red - Unnadeluxe<\/title>\n<meta name=\"robots\" content=\"index, follow, max-snippet:-1, max-image-preview:large, max-video-preview:-1\" \/>\n<link rel=\"canonical\" href=\"https:\/\/unnadeluxe.fi\/fi\/tuote\/scarlet-velvet-red\/\" \/>\n<meta property=\"og:locale\" content=\"fi_FI\" \/>\n<meta property=\"og:type\" content=\"article\" \/>\n<meta property=\"og:title\" content=\"Scarlet Velvet Red - Unnadeluxe\" \/>\n<meta property=\"og:description\" content=\"Stark bullet vibrator Metallic matt 10 olika vibrationer Vattent\u00e4t Batteri ing\u00e5r (AAA)  Denna batteridrivna bulletvibrator har allt som beh\u00f6vs f\u00f6r sensuell njutning. Vattent\u00e4t och med 10 olika vibrationer att styra med en hand. Passar till olika tillf\u00e4llen b\u00e5de med eller utan partner. Denna produkt \u00e4r en av v\u00e5ra mest s\u00e5lda produkter under flera \u00e5rs tid. En produkt som borde finnas i alla hem.\" \/>\n<meta property=\"og:url\" content=\"https:\/\/unnadeluxe.fi\/fi\/tuote\/scarlet-velvet-red\/\" \/>\n<meta property=\"og:site_name\" content=\"Unnadeluxe\" \/>\n<meta property=\"article:publisher\" content=\"https:\/\/www.facebook.com\/UnnaDeluxe\" \/>\n<meta property=\"article:modified_time\" content=\"2026-02-28T11:42:01+00:00\" \/>\n<meta property=\"og:image\" content=\"https:\/\/unnadeluxe.fi\/wp-content\/uploads\/2024\/01\/05945040000_verp.jpg\" \/>\n\t<meta property=\"og:image:width\" content=\"421\" \/>\n\t<meta property=\"og:image:height\" content=\"1000\" \/>\n\t<meta property=\"og:image:type\" content=\"image\/jpeg\" \/>\n<meta name=\"twitter:card\" content=\"summary_large_image\" \/>\n<meta name=\"twitter:label1\" content=\"Arvioitu lukuaika\" \/>\n\t<meta name=\"twitter:data1\" content=\"1 minuutti\" \/>\n<script type=\"application\/ld+json\" class=\"yoast-schema-graph\">{\"@context\":\"https:\\\/\\\/schema.org\",\"@graph\":[{\"@type\":\"WebPage\",\"@id\":\"https:\\\/\\\/unnadeluxe.fi\\\/produkt\\\/scarlet-velvet-red\\\/\",\"url\":\"https:\\\/\\\/unnadeluxe.fi\\\/produkt\\\/scarlet-velvet-red\\\/\",\"name\":\"Scarlet Velvet Red - Unnadeluxe\",\"isPartOf\":{\"@id\":\"https:\\\/\\\/unnadeluxe.fi\\\/#website\"},\"primaryImageOfPage\":{\"@id\":\"https:\\\/\\\/unnadeluxe.fi\\\/produkt\\\/scarlet-velvet-red\\\/#primaryimage\"},\"image\":{\"@id\":\"https:\\\/\\\/unnadeluxe.fi\\\/produkt\\\/scarlet-velvet-red\\\/#primaryimage\"},\"thumbnailUrl\":\"https:\\\/\\\/unnadeluxe.fi\\\/wp-content\\\/uploads\\\/2024\\\/01\\\/05945040000_verp.jpg\",\"datePublished\":\"2024-01-10T07:52:28+00:00\",\"dateModified\":\"2026-02-28T11:42:01+00:00\",\"breadcrumb\":{\"@id\":\"https:\\\/\\\/unnadeluxe.fi\\\/produkt\\\/scarlet-velvet-red\\\/#breadcrumb\"},\"inLanguage\":\"fi\",\"potentialAction\":[{\"@type\":\"ReadAction\",\"target\":[\"https:\\\/\\\/unnadeluxe.fi\\\/produkt\\\/scarlet-velvet-red\\\/\"]}]},{\"@type\":\"ImageObject\",\"inLanguage\":\"fi\",\"@id\":\"https:\\\/\\\/unnadeluxe.fi\\\/produkt\\\/scarlet-velvet-red\\\/#primaryimage\",\"url\":\"https:\\\/\\\/unnadeluxe.fi\\\/wp-content\\\/uploads\\\/2024\\\/01\\\/05945040000_verp.jpg\",\"contentUrl\":\"https:\\\/\\\/unnadeluxe.fi\\\/wp-content\\\/uploads\\\/2024\\\/01\\\/05945040000_verp.jpg\",\"width\":421,\"height\":1000},{\"@type\":\"BreadcrumbList\",\"@id\":\"https:\\\/\\\/unnadeluxe.fi\\\/produkt\\\/scarlet-velvet-red\\\/#breadcrumb\",\"itemListElement\":[{\"@type\":\"ListItem\",\"position\":1,\"name\":\"Hem\",\"item\":\"https:\\\/\\\/unnadeluxe.fi\\\/\"},{\"@type\":\"ListItem\",\"position\":2,\"name\":\"Shop\",\"item\":\"https:\\\/\\\/unnadeluxe.fi\\\/shop\\\/\"},{\"@type\":\"ListItem\",\"position\":3,\"name\":\"Scarlet Velvet Red\"}]},{\"@type\":\"WebSite\",\"@id\":\"https:\\\/\\\/unnadeluxe.fi\\\/#website\",\"url\":\"https:\\\/\\\/unnadeluxe.fi\\\/\",\"name\":\"Unnadeluxe\",\"description\":\"UnnaDeluxe\",\"publisher\":{\"@id\":\"https:\\\/\\\/unnadeluxe.fi\\\/#organization\"},\"potentialAction\":[{\"@type\":\"SearchAction\",\"target\":{\"@type\":\"EntryPoint\",\"urlTemplate\":\"https:\\\/\\\/unnadeluxe.fi\\\/?s={search_term_string}\"},\"query-input\":{\"@type\":\"PropertyValueSpecification\",\"valueRequired\":true,\"valueName\":\"search_term_string\"}}],\"inLanguage\":\"fi\"},{\"@type\":\"Organization\",\"@id\":\"https:\\\/\\\/unnadeluxe.fi\\\/#organization\",\"name\":\"Unnadeluxe\",\"url\":\"https:\\\/\\\/unnadeluxe.fi\\\/\",\"logo\":{\"@type\":\"ImageObject\",\"inLanguage\":\"fi\",\"@id\":\"https:\\\/\\\/unnadeluxe.fi\\\/#\\\/schema\\\/logo\\\/image\\\/\",\"url\":\"https:\\\/\\\/unnadeluxe.fi\\\/wp-content\\\/uploads\\\/2022\\\/09\\\/Unna-logo-lingerie-black-and-gold.png\",\"contentUrl\":\"https:\\\/\\\/unnadeluxe.fi\\\/wp-content\\\/uploads\\\/2022\\\/09\\\/Unna-logo-lingerie-black-and-gold.png\",\"width\":3150,\"height\":3937,\"caption\":\"Unnadeluxe\"},\"image\":{\"@id\":\"https:\\\/\\\/unnadeluxe.fi\\\/#\\\/schema\\\/logo\\\/image\\\/\"},\"sameAs\":[\"https:\\\/\\\/www.facebook.com\\\/UnnaDeluxe\"]}]}<\/script>\n<!-- \/ Yoast SEO plugin. -->","yoast_head_json":{"title":"Scarlet Velvet Red - Unnadeluxe","robots":{"index":"index","follow":"follow","max-snippet":"max-snippet:-1","max-image-preview":"max-image-preview:large","max-video-preview":"max-video-preview:-1"},"canonical":"https:\/\/unnadeluxe.fi\/fi\/tuote\/scarlet-velvet-red\/","og_locale":"fi_FI","og_type":"article","og_title":"Scarlet Velvet Red - Unnadeluxe","og_description":"Stark bullet vibrator Metallic matt 10 olika vibrationer Vattent\u00e4t Batteri ing\u00e5r (AAA)  Denna batteridrivna bulletvibrator har allt som beh\u00f6vs f\u00f6r sensuell njutning. Vattent\u00e4t och med 10 olika vibrationer att styra med en hand. Passar till olika tillf\u00e4llen b\u00e5de med eller utan partner. Denna produkt \u00e4r en av v\u00e5ra mest s\u00e5lda produkter under flera \u00e5rs tid. En produkt som borde finnas i alla hem.","og_url":"https:\/\/unnadeluxe.fi\/fi\/tuote\/scarlet-velvet-red\/","og_site_name":"Unnadeluxe","article_publisher":"https:\/\/www.facebook.com\/UnnaDeluxe","article_modified_time":"2026-02-28T11:42:01+00:00","og_image":[{"width":421,"height":1000,"url":"https:\/\/unnadeluxe.fi\/wp-content\/uploads\/2024\/01\/05945040000_verp.jpg","type":"image\/jpeg"}],"twitter_card":"summary_large_image","twitter_misc":{"Arvioitu lukuaika":"1 minuutti"},"schema":{"@context":"https:\/\/schema.org","@graph":[{"@type":"WebPage","@id":"https:\/\/unnadeluxe.fi\/produkt\/scarlet-velvet-red\/","url":"https:\/\/unnadeluxe.fi\/produkt\/scarlet-velvet-red\/","name":"Scarlet Velvet Red - Unnadeluxe","isPartOf":{"@id":"https:\/\/unnadeluxe.fi\/#website"},"primaryImageOfPage":{"@id":"https:\/\/unnadeluxe.fi\/produkt\/scarlet-velvet-red\/#primaryimage"},"image":{"@id":"https:\/\/unnadeluxe.fi\/produkt\/scarlet-velvet-red\/#primaryimage"},"thumbnailUrl":"https:\/\/unnadeluxe.fi\/wp-content\/uploads\/2024\/01\/05945040000_verp.jpg","datePublished":"2024-01-10T07:52:28+00:00","dateModified":"2026-02-28T11:42:01+00:00","breadcrumb":{"@id":"https:\/\/unnadeluxe.fi\/produkt\/scarlet-velvet-red\/#breadcrumb"},"inLanguage":"fi","potentialAction":[{"@type":"ReadAction","target":["https:\/\/unnadeluxe.fi\/produkt\/scarlet-velvet-red\/"]}]},{"@type":"ImageObject","inLanguage":"fi","@id":"https:\/\/unnadeluxe.fi\/produkt\/scarlet-velvet-red\/#primaryimage","url":"https:\/\/unnadeluxe.fi\/wp-content\/uploads\/2024\/01\/05945040000_verp.jpg","contentUrl":"https:\/\/unnadeluxe.fi\/wp-content\/uploads\/2024\/01\/05945040000_verp.jpg","width":421,"height":1000},{"@type":"BreadcrumbList","@id":"https:\/\/unnadeluxe.fi\/produkt\/scarlet-velvet-red\/#breadcrumb","itemListElement":[{"@type":"ListItem","position":1,"name":"Hem","item":"https:\/\/unnadeluxe.fi\/"},{"@type":"ListItem","position":2,"name":"Shop","item":"https:\/\/unnadeluxe.fi\/shop\/"},{"@type":"ListItem","position":3,"name":"Scarlet Velvet Red"}]},{"@type":"WebSite","@id":"https:\/\/unnadeluxe.fi\/#website","url":"https:\/\/unnadeluxe.fi\/","name":"Unnadeluxe","description":"UnnaDeluxe","publisher":{"@id":"https:\/\/unnadeluxe.fi\/#organization"},"potentialAction":[{"@type":"SearchAction","target":{"@type":"EntryPoint","urlTemplate":"https:\/\/unnadeluxe.fi\/?s={search_term_string}"},"query-input":{"@type":"PropertyValueSpecification","valueRequired":true,"valueName":"search_term_string"}}],"inLanguage":"fi"},{"@type":"Organization","@id":"https:\/\/unnadeluxe.fi\/#organization","name":"Unnadeluxe","url":"https:\/\/unnadeluxe.fi\/","logo":{"@type":"ImageObject","inLanguage":"fi","@id":"https:\/\/unnadeluxe.fi\/#\/schema\/logo\/image\/","url":"https:\/\/unnadeluxe.fi\/wp-content\/uploads\/2022\/09\/Unna-logo-lingerie-black-and-gold.png","contentUrl":"https:\/\/unnadeluxe.fi\/wp-content\/uploads\/2022\/09\/Unna-logo-lingerie-black-and-gold.png","width":3150,"height":3937,"caption":"Unnadeluxe"},"image":{"@id":"https:\/\/unnadeluxe.fi\/#\/schema\/logo\/image\/"},"sameAs":["https:\/\/www.facebook.com\/UnnaDeluxe"]}]}},"_links":{"self":[{"href":"https:\/\/unnadeluxe.fi\/fi\/wp-json\/wp\/v2\/product\/931","targetHints":{"allow":["GET"]}}],"collection":[{"href":"https:\/\/unnadeluxe.fi\/fi\/wp-json\/wp\/v2\/product"}],"about":[{"href":"https:\/\/unnadeluxe.fi\/fi\/wp-json\/wp\/v2\/types\/product"}],"wp:featuredmedia":[{"embeddable":true,"href":"https:\/\/unnadeluxe.fi\/fi\/wp-json\/wp\/v2\/media\/932"}],"wp:attachment":[{"href":"https:\/\/unnadeluxe.fi\/fi\/wp-json\/wp\/v2\/media?parent=931"}],"wp:term":[{"taxonomy":"product_brand","embeddable":true,"href":"https:\/\/unnadeluxe.fi\/fi\/wp-json\/wp\/v2\/product_brand?post=931"},{"taxonomy":"product_cat","embeddable":true,"href":"https:\/\/unnadeluxe.fi\/fi\/wp-json\/wp\/v2\/product_cat?post=931"},{"taxonomy":"product_tag","embeddable":true,"href":"https:\/\/unnadeluxe.fi\/fi\/wp-json\/wp\/v2\/product_tag?post=931"}],"curies":[{"name":"wp","href":"https:\/\/api.w.org\/{rel}","templated":true}]}}