{"id":9306,"date":"2026-05-03T06:28:55","date_gmt":"2026-05-03T06:28:55","guid":{"rendered":"https:\/\/unnadeluxe.fi\/?post_type=product&#038;p=9306"},"modified":"2026-05-03T08:02:16","modified_gmt":"2026-05-03T08:02:16","slug":"anita-havanna-support-bra","status":"publish","type":"product","link":"https:\/\/unnadeluxe.fi\/fi\/tuote\/anita-havanna-support-bra\/","title":{"rendered":"Anita Havanna Support Bra"},"content":{"rendered":"<p>Anita Support Bra \u00e4r en elegant och bekv\u00e4m bh designad f\u00f6r dig som vill ha ett bra st\u00f6d utan byglar<br \/>\nMjuka, formande kupor f\u00f6r naturlig silhuett<br \/>\nElegant spetsdesign<br \/>\nHudv\u00e4nliga och bekv\u00e4ma material<br \/>\nBreda justerbara axelband f\u00f6r optimal passform<br \/>\nF\u00e4rg: Rosewood<br \/>\nTv\u00e4ttr\u00e5d: 30 grader<br \/>\nMaterial: 86% nylon, 14% elastan<\/p>","protected":false},"excerpt":{"rendered":"<p>Anita Havanna Support Bra \u00e4r en bekv\u00e4m och st\u00f6djande bh med fokus p\u00e5 perfekt passform och diskret elegans. De formpressade kuporna ger ett naturligt rundat st\u00f6d utan bygel, medan de mjuka materialen och de sl\u00e4ta ytorna g\u00f6r den idealisk under \u00e5tsittande kl\u00e4der. Designen kombinerar funktion och stil, vilket g\u00f6r den till ett utm\u00e4rkt val f\u00f6r b\u00e5de vardag och l\u00e4ngre dagar n\u00e4r komforten \u00e4r extra viktig.<\/p>","protected":false},"featured_media":9336,"template":"","meta":[],"product_brand":[80],"product_cat":[28,27,56],"product_tag":[],"class_list":{"0":"post-9306","1":"product","2":"type-product","3":"status-publish","4":"has-post-thumbnail","6":"product_brand-anita","7":"product_cat-bhn","8":"product_cat-underklader","9":"product_cat-bygellos-bh","11":"first","12":"instock","13":"taxable","14":"shipping-taxable","15":"purchasable","16":"product-type-variable"},"yoast_head":"<!-- This site is optimized with the Yoast SEO plugin v27.5 - https:\/\/yoast.com\/product\/yoast-seo-wordpress\/ -->\n<title>Anita Havanna Support Bra - Unnadeluxe<\/title>\n<meta name=\"robots\" content=\"index, follow, max-snippet:-1, max-image-preview:large, max-video-preview:-1\" \/>\n<link rel=\"canonical\" href=\"https:\/\/unnadeluxe.fi\/fi\/tuote\/anita-havanna-support-bra\/\" \/>\n<meta property=\"og:locale\" content=\"fi_FI\" \/>\n<meta property=\"og:type\" content=\"article\" \/>\n<meta property=\"og:title\" content=\"Anita Havanna Support Bra - Unnadeluxe\" \/>\n<meta property=\"og:description\" content=\"Anita Havanna Support Bra \u00e4r en bekv\u00e4m och st\u00f6djande bh med fokus p\u00e5 perfekt passform och diskret elegans. De formpressade kuporna ger ett naturligt rundat st\u00f6d utan bygel, medan de mjuka materialen och de sl\u00e4ta ytorna g\u00f6r den idealisk under \u00e5tsittande kl\u00e4der. Designen kombinerar funktion och stil, vilket g\u00f6r den till ett utm\u00e4rkt val f\u00f6r b\u00e5de vardag och l\u00e4ngre dagar n\u00e4r komforten \u00e4r extra viktig.\" \/>\n<meta property=\"og:url\" content=\"https:\/\/unnadeluxe.fi\/fi\/tuote\/anita-havanna-support-bra\/\" \/>\n<meta property=\"og:site_name\" content=\"Unnadeluxe\" \/>\n<meta property=\"article:publisher\" content=\"https:\/\/www.facebook.com\/UnnaDeluxe\" \/>\n<meta property=\"article:modified_time\" content=\"2026-05-03T08:02:16+00:00\" \/>\n<meta property=\"og:image\" content=\"https:\/\/unnadeluxe.fi\/wp-content\/uploads\/2026\/05\/5813_596_FS_rgb_1920.jpg\" \/>\n\t<meta property=\"og:image:width\" content=\"1280\" \/>\n\t<meta property=\"og:image:height\" content=\"1920\" \/>\n\t<meta property=\"og:image:type\" content=\"image\/jpeg\" \/>\n<meta name=\"twitter:card\" content=\"summary_large_image\" \/>\n<meta name=\"twitter:label1\" content=\"Arvioitu lukuaika\" \/>\n\t<meta name=\"twitter:data1\" content=\"1 minuutti\" \/>\n<script type=\"application\/ld+json\" class=\"yoast-schema-graph\">{\"@context\":\"https:\\\/\\\/schema.org\",\"@graph\":[{\"@type\":\"WebPage\",\"@id\":\"https:\\\/\\\/unnadeluxe.fi\\\/produkt\\\/anita-havanna-support-bra\\\/\",\"url\":\"https:\\\/\\\/unnadeluxe.fi\\\/produkt\\\/anita-havanna-support-bra\\\/\",\"name\":\"Anita Havanna Support Bra - Unnadeluxe\",\"isPartOf\":{\"@id\":\"https:\\\/\\\/unnadeluxe.fi\\\/#website\"},\"primaryImageOfPage\":{\"@id\":\"https:\\\/\\\/unnadeluxe.fi\\\/produkt\\\/anita-havanna-support-bra\\\/#primaryimage\"},\"image\":{\"@id\":\"https:\\\/\\\/unnadeluxe.fi\\\/produkt\\\/anita-havanna-support-bra\\\/#primaryimage\"},\"thumbnailUrl\":\"https:\\\/\\\/unnadeluxe.fi\\\/wp-content\\\/uploads\\\/2026\\\/05\\\/5813_596_FS_rgb_1920.jpg\",\"datePublished\":\"2026-05-03T06:28:55+00:00\",\"dateModified\":\"2026-05-03T08:02:16+00:00\",\"breadcrumb\":{\"@id\":\"https:\\\/\\\/unnadeluxe.fi\\\/produkt\\\/anita-havanna-support-bra\\\/#breadcrumb\"},\"inLanguage\":\"fi\",\"potentialAction\":[{\"@type\":\"ReadAction\",\"target\":[\"https:\\\/\\\/unnadeluxe.fi\\\/produkt\\\/anita-havanna-support-bra\\\/\"]}]},{\"@type\":\"ImageObject\",\"inLanguage\":\"fi\",\"@id\":\"https:\\\/\\\/unnadeluxe.fi\\\/produkt\\\/anita-havanna-support-bra\\\/#primaryimage\",\"url\":\"https:\\\/\\\/unnadeluxe.fi\\\/wp-content\\\/uploads\\\/2026\\\/05\\\/5813_596_FS_rgb_1920.jpg\",\"contentUrl\":\"https:\\\/\\\/unnadeluxe.fi\\\/wp-content\\\/uploads\\\/2026\\\/05\\\/5813_596_FS_rgb_1920.jpg\",\"width\":1280,\"height\":1920},{\"@type\":\"BreadcrumbList\",\"@id\":\"https:\\\/\\\/unnadeluxe.fi\\\/produkt\\\/anita-havanna-support-bra\\\/#breadcrumb\",\"itemListElement\":[{\"@type\":\"ListItem\",\"position\":1,\"name\":\"Hem\",\"item\":\"https:\\\/\\\/unnadeluxe.fi\\\/\"},{\"@type\":\"ListItem\",\"position\":2,\"name\":\"Shop\",\"item\":\"https:\\\/\\\/unnadeluxe.fi\\\/shop\\\/\"},{\"@type\":\"ListItem\",\"position\":3,\"name\":\"Anita Havanna Support Bra\"}]},{\"@type\":\"WebSite\",\"@id\":\"https:\\\/\\\/unnadeluxe.fi\\\/#website\",\"url\":\"https:\\\/\\\/unnadeluxe.fi\\\/\",\"name\":\"Unnadeluxe\",\"description\":\"UnnaDeluxe\",\"publisher\":{\"@id\":\"https:\\\/\\\/unnadeluxe.fi\\\/#organization\"},\"potentialAction\":[{\"@type\":\"SearchAction\",\"target\":{\"@type\":\"EntryPoint\",\"urlTemplate\":\"https:\\\/\\\/unnadeluxe.fi\\\/?s={search_term_string}\"},\"query-input\":{\"@type\":\"PropertyValueSpecification\",\"valueRequired\":true,\"valueName\":\"search_term_string\"}}],\"inLanguage\":\"fi\"},{\"@type\":\"Organization\",\"@id\":\"https:\\\/\\\/unnadeluxe.fi\\\/#organization\",\"name\":\"Unnadeluxe\",\"url\":\"https:\\\/\\\/unnadeluxe.fi\\\/\",\"logo\":{\"@type\":\"ImageObject\",\"inLanguage\":\"fi\",\"@id\":\"https:\\\/\\\/unnadeluxe.fi\\\/#\\\/schema\\\/logo\\\/image\\\/\",\"url\":\"https:\\\/\\\/unnadeluxe.fi\\\/wp-content\\\/uploads\\\/2022\\\/09\\\/Unna-logo-lingerie-black-and-gold.png\",\"contentUrl\":\"https:\\\/\\\/unnadeluxe.fi\\\/wp-content\\\/uploads\\\/2022\\\/09\\\/Unna-logo-lingerie-black-and-gold.png\",\"width\":3150,\"height\":3937,\"caption\":\"Unnadeluxe\"},\"image\":{\"@id\":\"https:\\\/\\\/unnadeluxe.fi\\\/#\\\/schema\\\/logo\\\/image\\\/\"},\"sameAs\":[\"https:\\\/\\\/www.facebook.com\\\/UnnaDeluxe\"]}]}<\/script>\n<!-- \/ Yoast SEO plugin. -->","yoast_head_json":{"title":"Anita Havanna Support Bra - Unnadeluxe","robots":{"index":"index","follow":"follow","max-snippet":"max-snippet:-1","max-image-preview":"max-image-preview:large","max-video-preview":"max-video-preview:-1"},"canonical":"https:\/\/unnadeluxe.fi\/fi\/tuote\/anita-havanna-support-bra\/","og_locale":"fi_FI","og_type":"article","og_title":"Anita Havanna Support Bra - Unnadeluxe","og_description":"Anita Havanna Support Bra \u00e4r en bekv\u00e4m och st\u00f6djande bh med fokus p\u00e5 perfekt passform och diskret elegans. De formpressade kuporna ger ett naturligt rundat st\u00f6d utan bygel, medan de mjuka materialen och de sl\u00e4ta ytorna g\u00f6r den idealisk under \u00e5tsittande kl\u00e4der. Designen kombinerar funktion och stil, vilket g\u00f6r den till ett utm\u00e4rkt val f\u00f6r b\u00e5de vardag och l\u00e4ngre dagar n\u00e4r komforten \u00e4r extra viktig.","og_url":"https:\/\/unnadeluxe.fi\/fi\/tuote\/anita-havanna-support-bra\/","og_site_name":"Unnadeluxe","article_publisher":"https:\/\/www.facebook.com\/UnnaDeluxe","article_modified_time":"2026-05-03T08:02:16+00:00","og_image":[{"width":1280,"height":1920,"url":"https:\/\/unnadeluxe.fi\/wp-content\/uploads\/2026\/05\/5813_596_FS_rgb_1920.jpg","type":"image\/jpeg"}],"twitter_card":"summary_large_image","twitter_misc":{"Arvioitu lukuaika":"1 minuutti"},"schema":{"@context":"https:\/\/schema.org","@graph":[{"@type":"WebPage","@id":"https:\/\/unnadeluxe.fi\/produkt\/anita-havanna-support-bra\/","url":"https:\/\/unnadeluxe.fi\/produkt\/anita-havanna-support-bra\/","name":"Anita Havanna Support Bra - Unnadeluxe","isPartOf":{"@id":"https:\/\/unnadeluxe.fi\/#website"},"primaryImageOfPage":{"@id":"https:\/\/unnadeluxe.fi\/produkt\/anita-havanna-support-bra\/#primaryimage"},"image":{"@id":"https:\/\/unnadeluxe.fi\/produkt\/anita-havanna-support-bra\/#primaryimage"},"thumbnailUrl":"https:\/\/unnadeluxe.fi\/wp-content\/uploads\/2026\/05\/5813_596_FS_rgb_1920.jpg","datePublished":"2026-05-03T06:28:55+00:00","dateModified":"2026-05-03T08:02:16+00:00","breadcrumb":{"@id":"https:\/\/unnadeluxe.fi\/produkt\/anita-havanna-support-bra\/#breadcrumb"},"inLanguage":"fi","potentialAction":[{"@type":"ReadAction","target":["https:\/\/unnadeluxe.fi\/produkt\/anita-havanna-support-bra\/"]}]},{"@type":"ImageObject","inLanguage":"fi","@id":"https:\/\/unnadeluxe.fi\/produkt\/anita-havanna-support-bra\/#primaryimage","url":"https:\/\/unnadeluxe.fi\/wp-content\/uploads\/2026\/05\/5813_596_FS_rgb_1920.jpg","contentUrl":"https:\/\/unnadeluxe.fi\/wp-content\/uploads\/2026\/05\/5813_596_FS_rgb_1920.jpg","width":1280,"height":1920},{"@type":"BreadcrumbList","@id":"https:\/\/unnadeluxe.fi\/produkt\/anita-havanna-support-bra\/#breadcrumb","itemListElement":[{"@type":"ListItem","position":1,"name":"Hem","item":"https:\/\/unnadeluxe.fi\/"},{"@type":"ListItem","position":2,"name":"Shop","item":"https:\/\/unnadeluxe.fi\/shop\/"},{"@type":"ListItem","position":3,"name":"Anita Havanna Support Bra"}]},{"@type":"WebSite","@id":"https:\/\/unnadeluxe.fi\/#website","url":"https:\/\/unnadeluxe.fi\/","name":"Unnadeluxe","description":"UnnaDeluxe","publisher":{"@id":"https:\/\/unnadeluxe.fi\/#organization"},"potentialAction":[{"@type":"SearchAction","target":{"@type":"EntryPoint","urlTemplate":"https:\/\/unnadeluxe.fi\/?s={search_term_string}"},"query-input":{"@type":"PropertyValueSpecification","valueRequired":true,"valueName":"search_term_string"}}],"inLanguage":"fi"},{"@type":"Organization","@id":"https:\/\/unnadeluxe.fi\/#organization","name":"Unnadeluxe","url":"https:\/\/unnadeluxe.fi\/","logo":{"@type":"ImageObject","inLanguage":"fi","@id":"https:\/\/unnadeluxe.fi\/#\/schema\/logo\/image\/","url":"https:\/\/unnadeluxe.fi\/wp-content\/uploads\/2022\/09\/Unna-logo-lingerie-black-and-gold.png","contentUrl":"https:\/\/unnadeluxe.fi\/wp-content\/uploads\/2022\/09\/Unna-logo-lingerie-black-and-gold.png","width":3150,"height":3937,"caption":"Unnadeluxe"},"image":{"@id":"https:\/\/unnadeluxe.fi\/#\/schema\/logo\/image\/"},"sameAs":["https:\/\/www.facebook.com\/UnnaDeluxe"]}]}},"_links":{"self":[{"href":"https:\/\/unnadeluxe.fi\/fi\/wp-json\/wp\/v2\/product\/9306","targetHints":{"allow":["GET"]}}],"collection":[{"href":"https:\/\/unnadeluxe.fi\/fi\/wp-json\/wp\/v2\/product"}],"about":[{"href":"https:\/\/unnadeluxe.fi\/fi\/wp-json\/wp\/v2\/types\/product"}],"wp:featuredmedia":[{"embeddable":true,"href":"https:\/\/unnadeluxe.fi\/fi\/wp-json\/wp\/v2\/media\/9336"}],"wp:attachment":[{"href":"https:\/\/unnadeluxe.fi\/fi\/wp-json\/wp\/v2\/media?parent=9306"}],"wp:term":[{"taxonomy":"product_brand","embeddable":true,"href":"https:\/\/unnadeluxe.fi\/fi\/wp-json\/wp\/v2\/product_brand?post=9306"},{"taxonomy":"product_cat","embeddable":true,"href":"https:\/\/unnadeluxe.fi\/fi\/wp-json\/wp\/v2\/product_cat?post=9306"},{"taxonomy":"product_tag","embeddable":true,"href":"https:\/\/unnadeluxe.fi\/fi\/wp-json\/wp\/v2\/product_tag?post=9306"}],"curies":[{"name":"wp","href":"https:\/\/api.w.org\/{rel}","templated":true}]}}