{"id":922,"date":"2024-01-09T15:36:29","date_gmt":"2024-01-09T15:36:29","guid":{"rendered":"https:\/\/unnadeluxe.fi\/?post_type=product&#038;p=922"},"modified":"2026-02-28T11:42:47","modified_gmt":"2026-02-28T11:42:47","slug":"riannes-essentials-first-vibe-kit","status":"publish","type":"product","link":"https:\/\/unnadeluxe.fi\/fi\/tuote\/riannes-essentials-first-vibe-kit\/","title":{"rendered":"Riannes &#8211; Essentials First Vibe Kit"},"content":{"rendered":"<p>Specifications Playball set<br \/>\n&#8211; Material: bodysafe silicone<br \/>\n&#8211; Weight: 15 gram ball + 25 gram ball<\/p>\n<p>Specifications Booty Plug<br \/>\n&#8211; S plug: 72 mm<br \/>\n&#8211; Material: bodysafe silicone<\/p>\n<p>Specifications bullet vibe<br \/>\n&#8211; Weight: 25 gram<br \/>\n&#8211; Battery type: 2x AAA battery (not included)<br \/>\n&#8211; Sound level: <55dB\n- Vibration modes: 10\n- Waterproof: Splashproof IPX5\n- Materials: Bodysafe ABS\n- Size: 18 mm x 132 mm\n<\/p>","protected":false},"excerpt":{"rendered":"<p>Den perfekta presenten \u00e5t dig sj\u00e4lv eller n\u00e5n du tycker om \u00e4r denna Riannes &#8211; Essentials First Vibe Kit. En fin toalettv\u00e4ska med en vibrator, analplug och knipkulor.<br \/>\nDetta set inneh\u00e5ller:<br \/>\n1 knipkulor, f\u00f6r tr\u00e4ning av b\u00e4ckenbottenmuskler<br \/>\n1 Analplugg<br \/>\n1 Bulletvibrator med 10 hastigheter<br \/>\n1 Manual<br \/>\n1 V\u00e4ska<\/p>","protected":false},"featured_media":928,"template":"","meta":[],"product_brand":[],"product_cat":[70,71,72],"product_tag":[],"class_list":{"0":"post-922","1":"product","2":"type-product","3":"status-publish","4":"has-post-thumbnail","6":"product_cat-lust-njutning","7":"product_cat-sexleksaker","8":"product_cat-sexuell-halsa","10":"first","11":"instock","12":"sale","13":"taxable","14":"shipping-taxable","15":"purchasable","16":"product-type-simple"},"yoast_head":"<!-- This site is optimized with the Yoast SEO plugin v27.5 - https:\/\/yoast.com\/product\/yoast-seo-wordpress\/ -->\n<title>Riannes - Essentials First Vibe Kit - Unnadeluxe<\/title>\n<meta name=\"robots\" content=\"index, follow, max-snippet:-1, max-image-preview:large, max-video-preview:-1\" \/>\n<link rel=\"canonical\" href=\"https:\/\/unnadeluxe.fi\/fi\/tuote\/riannes-essentials-first-vibe-kit\/\" \/>\n<meta property=\"og:locale\" content=\"fi_FI\" \/>\n<meta property=\"og:type\" content=\"article\" \/>\n<meta property=\"og:title\" content=\"Riannes - Essentials First Vibe Kit - Unnadeluxe\" \/>\n<meta property=\"og:description\" content=\"Den perfekta presenten \u00e5t dig sj\u00e4lv eller n\u00e5n du tycker om \u00e4r denna Riannes - Essentials First Vibe Kit. En fin toalettv\u00e4ska med en vibrator, analplug och knipkulor.  Detta set inneh\u00e5ller: 1 knipkulor, f\u00f6r tr\u00e4ning av b\u00e4ckenbottenmuskler 1 Analplugg 1 Bulletvibrator med 10 hastigheter 1 Manual 1 V\u00e4ska\" \/>\n<meta property=\"og:url\" content=\"https:\/\/unnadeluxe.fi\/fi\/tuote\/riannes-essentials-first-vibe-kit\/\" \/>\n<meta property=\"og:site_name\" content=\"Unnadeluxe\" \/>\n<meta property=\"article:publisher\" content=\"https:\/\/www.facebook.com\/UnnaDeluxe\" \/>\n<meta property=\"article:modified_time\" content=\"2026-02-28T11:42:47+00:00\" \/>\n<meta property=\"og:image\" content=\"https:\/\/unnadeluxe.fi\/wp-content\/uploads\/2024\/01\/E30979_mid.jpg\" \/>\n\t<meta property=\"og:image:width\" content=\"350\" \/>\n\t<meta property=\"og:image:height\" content=\"350\" \/>\n\t<meta property=\"og:image:type\" content=\"image\/jpeg\" \/>\n<meta name=\"twitter:card\" content=\"summary_large_image\" \/>\n<meta name=\"twitter:label1\" content=\"Arvioitu lukuaika\" \/>\n\t<meta name=\"twitter:data1\" content=\"1 minuutti\" \/>\n<script type=\"application\/ld+json\" class=\"yoast-schema-graph\">{\"@context\":\"https:\\\/\\\/schema.org\",\"@graph\":[{\"@type\":\"WebPage\",\"@id\":\"https:\\\/\\\/unnadeluxe.fi\\\/produkt\\\/riannes-essentials-first-vibe-kit\\\/\",\"url\":\"https:\\\/\\\/unnadeluxe.fi\\\/produkt\\\/riannes-essentials-first-vibe-kit\\\/\",\"name\":\"Riannes - Essentials First Vibe Kit - Unnadeluxe\",\"isPartOf\":{\"@id\":\"https:\\\/\\\/unnadeluxe.fi\\\/#website\"},\"primaryImageOfPage\":{\"@id\":\"https:\\\/\\\/unnadeluxe.fi\\\/produkt\\\/riannes-essentials-first-vibe-kit\\\/#primaryimage\"},\"image\":{\"@id\":\"https:\\\/\\\/unnadeluxe.fi\\\/produkt\\\/riannes-essentials-first-vibe-kit\\\/#primaryimage\"},\"thumbnailUrl\":\"https:\\\/\\\/unnadeluxe.fi\\\/wp-content\\\/uploads\\\/2024\\\/01\\\/E30979_mid.jpg\",\"datePublished\":\"2024-01-09T15:36:29+00:00\",\"dateModified\":\"2026-02-28T11:42:47+00:00\",\"breadcrumb\":{\"@id\":\"https:\\\/\\\/unnadeluxe.fi\\\/produkt\\\/riannes-essentials-first-vibe-kit\\\/#breadcrumb\"},\"inLanguage\":\"fi\",\"potentialAction\":[{\"@type\":\"ReadAction\",\"target\":[\"https:\\\/\\\/unnadeluxe.fi\\\/produkt\\\/riannes-essentials-first-vibe-kit\\\/\"]}]},{\"@type\":\"ImageObject\",\"inLanguage\":\"fi\",\"@id\":\"https:\\\/\\\/unnadeluxe.fi\\\/produkt\\\/riannes-essentials-first-vibe-kit\\\/#primaryimage\",\"url\":\"https:\\\/\\\/unnadeluxe.fi\\\/wp-content\\\/uploads\\\/2024\\\/01\\\/E30979_mid.jpg\",\"contentUrl\":\"https:\\\/\\\/unnadeluxe.fi\\\/wp-content\\\/uploads\\\/2024\\\/01\\\/E30979_mid.jpg\",\"width\":350,\"height\":350},{\"@type\":\"BreadcrumbList\",\"@id\":\"https:\\\/\\\/unnadeluxe.fi\\\/produkt\\\/riannes-essentials-first-vibe-kit\\\/#breadcrumb\",\"itemListElement\":[{\"@type\":\"ListItem\",\"position\":1,\"name\":\"Hem\",\"item\":\"https:\\\/\\\/unnadeluxe.fi\\\/\"},{\"@type\":\"ListItem\",\"position\":2,\"name\":\"Shop\",\"item\":\"https:\\\/\\\/unnadeluxe.fi\\\/shop\\\/\"},{\"@type\":\"ListItem\",\"position\":3,\"name\":\"Riannes &#8211; Essentials First Vibe Kit\"}]},{\"@type\":\"WebSite\",\"@id\":\"https:\\\/\\\/unnadeluxe.fi\\\/#website\",\"url\":\"https:\\\/\\\/unnadeluxe.fi\\\/\",\"name\":\"Unnadeluxe\",\"description\":\"UnnaDeluxe\",\"publisher\":{\"@id\":\"https:\\\/\\\/unnadeluxe.fi\\\/#organization\"},\"potentialAction\":[{\"@type\":\"SearchAction\",\"target\":{\"@type\":\"EntryPoint\",\"urlTemplate\":\"https:\\\/\\\/unnadeluxe.fi\\\/?s={search_term_string}\"},\"query-input\":{\"@type\":\"PropertyValueSpecification\",\"valueRequired\":true,\"valueName\":\"search_term_string\"}}],\"inLanguage\":\"fi\"},{\"@type\":\"Organization\",\"@id\":\"https:\\\/\\\/unnadeluxe.fi\\\/#organization\",\"name\":\"Unnadeluxe\",\"url\":\"https:\\\/\\\/unnadeluxe.fi\\\/\",\"logo\":{\"@type\":\"ImageObject\",\"inLanguage\":\"fi\",\"@id\":\"https:\\\/\\\/unnadeluxe.fi\\\/#\\\/schema\\\/logo\\\/image\\\/\",\"url\":\"https:\\\/\\\/unnadeluxe.fi\\\/wp-content\\\/uploads\\\/2022\\\/09\\\/Unna-logo-lingerie-black-and-gold.png\",\"contentUrl\":\"https:\\\/\\\/unnadeluxe.fi\\\/wp-content\\\/uploads\\\/2022\\\/09\\\/Unna-logo-lingerie-black-and-gold.png\",\"width\":3150,\"height\":3937,\"caption\":\"Unnadeluxe\"},\"image\":{\"@id\":\"https:\\\/\\\/unnadeluxe.fi\\\/#\\\/schema\\\/logo\\\/image\\\/\"},\"sameAs\":[\"https:\\\/\\\/www.facebook.com\\\/UnnaDeluxe\"]}]}<\/script>\n<!-- \/ Yoast SEO plugin. -->","yoast_head_json":{"title":"Riannes - Essentials First Vibe Kit - Unnadeluxe","robots":{"index":"index","follow":"follow","max-snippet":"max-snippet:-1","max-image-preview":"max-image-preview:large","max-video-preview":"max-video-preview:-1"},"canonical":"https:\/\/unnadeluxe.fi\/fi\/tuote\/riannes-essentials-first-vibe-kit\/","og_locale":"fi_FI","og_type":"article","og_title":"Riannes - Essentials First Vibe Kit - Unnadeluxe","og_description":"Den perfekta presenten \u00e5t dig sj\u00e4lv eller n\u00e5n du tycker om \u00e4r denna Riannes - Essentials First Vibe Kit. En fin toalettv\u00e4ska med en vibrator, analplug och knipkulor.  Detta set inneh\u00e5ller: 1 knipkulor, f\u00f6r tr\u00e4ning av b\u00e4ckenbottenmuskler 1 Analplugg 1 Bulletvibrator med 10 hastigheter 1 Manual 1 V\u00e4ska","og_url":"https:\/\/unnadeluxe.fi\/fi\/tuote\/riannes-essentials-first-vibe-kit\/","og_site_name":"Unnadeluxe","article_publisher":"https:\/\/www.facebook.com\/UnnaDeluxe","article_modified_time":"2026-02-28T11:42:47+00:00","og_image":[{"width":350,"height":350,"url":"https:\/\/unnadeluxe.fi\/wp-content\/uploads\/2024\/01\/E30979_mid.jpg","type":"image\/jpeg"}],"twitter_card":"summary_large_image","twitter_misc":{"Arvioitu lukuaika":"1 minuutti"},"schema":{"@context":"https:\/\/schema.org","@graph":[{"@type":"WebPage","@id":"https:\/\/unnadeluxe.fi\/produkt\/riannes-essentials-first-vibe-kit\/","url":"https:\/\/unnadeluxe.fi\/produkt\/riannes-essentials-first-vibe-kit\/","name":"Riannes - Essentials First Vibe Kit - Unnadeluxe","isPartOf":{"@id":"https:\/\/unnadeluxe.fi\/#website"},"primaryImageOfPage":{"@id":"https:\/\/unnadeluxe.fi\/produkt\/riannes-essentials-first-vibe-kit\/#primaryimage"},"image":{"@id":"https:\/\/unnadeluxe.fi\/produkt\/riannes-essentials-first-vibe-kit\/#primaryimage"},"thumbnailUrl":"https:\/\/unnadeluxe.fi\/wp-content\/uploads\/2024\/01\/E30979_mid.jpg","datePublished":"2024-01-09T15:36:29+00:00","dateModified":"2026-02-28T11:42:47+00:00","breadcrumb":{"@id":"https:\/\/unnadeluxe.fi\/produkt\/riannes-essentials-first-vibe-kit\/#breadcrumb"},"inLanguage":"fi","potentialAction":[{"@type":"ReadAction","target":["https:\/\/unnadeluxe.fi\/produkt\/riannes-essentials-first-vibe-kit\/"]}]},{"@type":"ImageObject","inLanguage":"fi","@id":"https:\/\/unnadeluxe.fi\/produkt\/riannes-essentials-first-vibe-kit\/#primaryimage","url":"https:\/\/unnadeluxe.fi\/wp-content\/uploads\/2024\/01\/E30979_mid.jpg","contentUrl":"https:\/\/unnadeluxe.fi\/wp-content\/uploads\/2024\/01\/E30979_mid.jpg","width":350,"height":350},{"@type":"BreadcrumbList","@id":"https:\/\/unnadeluxe.fi\/produkt\/riannes-essentials-first-vibe-kit\/#breadcrumb","itemListElement":[{"@type":"ListItem","position":1,"name":"Hem","item":"https:\/\/unnadeluxe.fi\/"},{"@type":"ListItem","position":2,"name":"Shop","item":"https:\/\/unnadeluxe.fi\/shop\/"},{"@type":"ListItem","position":3,"name":"Riannes &#8211; Essentials First Vibe Kit"}]},{"@type":"WebSite","@id":"https:\/\/unnadeluxe.fi\/#website","url":"https:\/\/unnadeluxe.fi\/","name":"Unnadeluxe","description":"UnnaDeluxe","publisher":{"@id":"https:\/\/unnadeluxe.fi\/#organization"},"potentialAction":[{"@type":"SearchAction","target":{"@type":"EntryPoint","urlTemplate":"https:\/\/unnadeluxe.fi\/?s={search_term_string}"},"query-input":{"@type":"PropertyValueSpecification","valueRequired":true,"valueName":"search_term_string"}}],"inLanguage":"fi"},{"@type":"Organization","@id":"https:\/\/unnadeluxe.fi\/#organization","name":"Unnadeluxe","url":"https:\/\/unnadeluxe.fi\/","logo":{"@type":"ImageObject","inLanguage":"fi","@id":"https:\/\/unnadeluxe.fi\/#\/schema\/logo\/image\/","url":"https:\/\/unnadeluxe.fi\/wp-content\/uploads\/2022\/09\/Unna-logo-lingerie-black-and-gold.png","contentUrl":"https:\/\/unnadeluxe.fi\/wp-content\/uploads\/2022\/09\/Unna-logo-lingerie-black-and-gold.png","width":3150,"height":3937,"caption":"Unnadeluxe"},"image":{"@id":"https:\/\/unnadeluxe.fi\/#\/schema\/logo\/image\/"},"sameAs":["https:\/\/www.facebook.com\/UnnaDeluxe"]}]}},"_links":{"self":[{"href":"https:\/\/unnadeluxe.fi\/fi\/wp-json\/wp\/v2\/product\/922","targetHints":{"allow":["GET"]}}],"collection":[{"href":"https:\/\/unnadeluxe.fi\/fi\/wp-json\/wp\/v2\/product"}],"about":[{"href":"https:\/\/unnadeluxe.fi\/fi\/wp-json\/wp\/v2\/types\/product"}],"wp:featuredmedia":[{"embeddable":true,"href":"https:\/\/unnadeluxe.fi\/fi\/wp-json\/wp\/v2\/media\/928"}],"wp:attachment":[{"href":"https:\/\/unnadeluxe.fi\/fi\/wp-json\/wp\/v2\/media?parent=922"}],"wp:term":[{"taxonomy":"product_brand","embeddable":true,"href":"https:\/\/unnadeluxe.fi\/fi\/wp-json\/wp\/v2\/product_brand?post=922"},{"taxonomy":"product_cat","embeddable":true,"href":"https:\/\/unnadeluxe.fi\/fi\/wp-json\/wp\/v2\/product_cat?post=922"},{"taxonomy":"product_tag","embeddable":true,"href":"https:\/\/unnadeluxe.fi\/fi\/wp-json\/wp\/v2\/product_tag?post=922"}],"curies":[{"name":"wp","href":"https:\/\/api.w.org\/{rel}","templated":true}]}}