{"id":9193,"date":"2026-05-02T12:46:44","date_gmt":"2026-05-02T12:46:44","guid":{"rendered":"https:\/\/unnadeluxe.fi\/?post_type=product&#038;p=9193"},"modified":"2026-05-02T13:31:06","modified_gmt":"2026-05-02T13:31:06","slug":"primadonna-devdaha-full-cup","status":"publish","type":"product","link":"https:\/\/unnadeluxe.fi\/fi\/tuote\/primadonna-devdaha-full-cup\/","title":{"rendered":"Primadonna Devdaha Full Cup"},"content":{"rendered":"<p>PrimaDonna Devdaha Full Cup \u00e4r en lyxig ovadderad och st\u00f6djande bh i h\u00e4rlig f\u00e4rg. Ett bra k\u00f6p som h\u00e5ller i m\u00e5nga \u00e5r.<br \/>\nMaterial: 39 % polyamid, 31 % bomull, 17 % polyester, 13 % elastan<br \/>\nTv\u00e4ttr\u00e5d: Rekommenderar handtv\u00e4tt, annars Skontv\u00e4tt 30\u00b0 Torktumlas ej, strykes ej, ej blekning<br \/>\nF\u00e4rg: Tropicana<\/p>","protected":false},"excerpt":{"rendered":"<p>PrimaDonna Devdaha Full Cup \u00e4r en lyxig och st\u00f6djande bh designad f\u00f6r en perfekt passform och maximal komfort. De helkupade kuporna omsluter bysten och ger ett stabilt lyft, samtidigt som den eleganta designen med sofistikerade detaljer ger en feminin och exklusiv k\u00e4nsla. Tillverkad i h\u00f6gkvalitativa material som k\u00e4nns mjuka mot huden \u2013 ett utm\u00e4rkt val f\u00f6r dig som vill kombinera stil med funktion i vardagen.<\/p>","protected":false},"featured_media":9218,"template":"","meta":[],"product_brand":[81],"product_cat":[28,27,55],"product_tag":[],"class_list":{"0":"post-9193","1":"product","2":"type-product","3":"status-publish","4":"has-post-thumbnail","6":"product_brand-primadonna","7":"product_cat-bhn","8":"product_cat-underklader","9":"product_cat-bygel-bh","11":"first","12":"instock","13":"sale","14":"taxable","15":"shipping-taxable","16":"purchasable","17":"product-type-variable"},"yoast_head":"<!-- This site is optimized with the Yoast SEO plugin v27.5 - https:\/\/yoast.com\/product\/yoast-seo-wordpress\/ -->\n<title>Primadonna Devdaha Full Cup - Unnadeluxe<\/title>\n<meta name=\"description\" content=\"PrimaDonna Devdaha Full Cup \u00e4r en lyxig ovadderad och st\u00f6djande bh i h\u00e4rlig f\u00e4rg.\" \/>\n<meta name=\"robots\" content=\"index, follow, max-snippet:-1, max-image-preview:large, max-video-preview:-1\" \/>\n<link rel=\"canonical\" href=\"https:\/\/unnadeluxe.fi\/fi\/tuote\/primadonna-devdaha-full-cup\/\" \/>\n<meta property=\"og:locale\" content=\"fi_FI\" \/>\n<meta property=\"og:type\" content=\"article\" \/>\n<meta property=\"og:title\" content=\"Primadonna Devdaha Full Cup - Unnadeluxe\" \/>\n<meta property=\"og:description\" content=\"PrimaDonna Devdaha Full Cup \u00e4r en lyxig ovadderad och st\u00f6djande bh i h\u00e4rlig f\u00e4rg.\" \/>\n<meta property=\"og:url\" content=\"https:\/\/unnadeluxe.fi\/fi\/tuote\/primadonna-devdaha-full-cup\/\" \/>\n<meta property=\"og:site_name\" content=\"Unnadeluxe\" \/>\n<meta property=\"article:publisher\" content=\"https:\/\/www.facebook.com\/UnnaDeluxe\" \/>\n<meta property=\"article:modified_time\" content=\"2026-05-02T13:31:06+00:00\" \/>\n<meta property=\"og:image\" content=\"https:\/\/unnadeluxe.fi\/wp-content\/uploads\/2026\/05\/nb_0163440_TRC-scaled.jpg\" \/>\n\t<meta property=\"og:image:width\" content=\"2560\" \/>\n\t<meta property=\"og:image:height\" content=\"2560\" \/>\n\t<meta property=\"og:image:type\" content=\"image\/jpeg\" \/>\n<meta name=\"twitter:card\" content=\"summary_large_image\" \/>\n<meta name=\"twitter:label1\" content=\"Arvioitu lukuaika\" \/>\n\t<meta name=\"twitter:data1\" content=\"1 minuutti\" \/>\n<script type=\"application\/ld+json\" class=\"yoast-schema-graph\">{\"@context\":\"https:\\\/\\\/schema.org\",\"@graph\":[{\"@type\":\"WebPage\",\"@id\":\"https:\\\/\\\/unnadeluxe.fi\\\/produkt\\\/primadonna-devdaha-full-cup\\\/\",\"url\":\"https:\\\/\\\/unnadeluxe.fi\\\/produkt\\\/primadonna-devdaha-full-cup\\\/\",\"name\":\"Primadonna Devdaha Full Cup - Unnadeluxe\",\"isPartOf\":{\"@id\":\"https:\\\/\\\/unnadeluxe.fi\\\/#website\"},\"primaryImageOfPage\":{\"@id\":\"https:\\\/\\\/unnadeluxe.fi\\\/produkt\\\/primadonna-devdaha-full-cup\\\/#primaryimage\"},\"image\":{\"@id\":\"https:\\\/\\\/unnadeluxe.fi\\\/produkt\\\/primadonna-devdaha-full-cup\\\/#primaryimage\"},\"thumbnailUrl\":\"https:\\\/\\\/unnadeluxe.fi\\\/wp-content\\\/uploads\\\/2026\\\/05\\\/nb_0163440_TRC-scaled.jpg\",\"datePublished\":\"2026-05-02T12:46:44+00:00\",\"dateModified\":\"2026-05-02T13:31:06+00:00\",\"description\":\"PrimaDonna Devdaha Full Cup \u00e4r en lyxig ovadderad och st\u00f6djande bh i h\u00e4rlig f\u00e4rg.\",\"breadcrumb\":{\"@id\":\"https:\\\/\\\/unnadeluxe.fi\\\/produkt\\\/primadonna-devdaha-full-cup\\\/#breadcrumb\"},\"inLanguage\":\"fi\",\"potentialAction\":[{\"@type\":\"ReadAction\",\"target\":[\"https:\\\/\\\/unnadeluxe.fi\\\/produkt\\\/primadonna-devdaha-full-cup\\\/\"]}]},{\"@type\":\"ImageObject\",\"inLanguage\":\"fi\",\"@id\":\"https:\\\/\\\/unnadeluxe.fi\\\/produkt\\\/primadonna-devdaha-full-cup\\\/#primaryimage\",\"url\":\"https:\\\/\\\/unnadeluxe.fi\\\/wp-content\\\/uploads\\\/2026\\\/05\\\/nb_0163440_TRC-scaled.jpg\",\"contentUrl\":\"https:\\\/\\\/unnadeluxe.fi\\\/wp-content\\\/uploads\\\/2026\\\/05\\\/nb_0163440_TRC-scaled.jpg\",\"width\":2560,\"height\":2560},{\"@type\":\"BreadcrumbList\",\"@id\":\"https:\\\/\\\/unnadeluxe.fi\\\/produkt\\\/primadonna-devdaha-full-cup\\\/#breadcrumb\",\"itemListElement\":[{\"@type\":\"ListItem\",\"position\":1,\"name\":\"Hem\",\"item\":\"https:\\\/\\\/unnadeluxe.fi\\\/\"},{\"@type\":\"ListItem\",\"position\":2,\"name\":\"Shop\",\"item\":\"https:\\\/\\\/unnadeluxe.fi\\\/shop\\\/\"},{\"@type\":\"ListItem\",\"position\":3,\"name\":\"Primadonna Devdaha Full Cup\"}]},{\"@type\":\"WebSite\",\"@id\":\"https:\\\/\\\/unnadeluxe.fi\\\/#website\",\"url\":\"https:\\\/\\\/unnadeluxe.fi\\\/\",\"name\":\"Unnadeluxe\",\"description\":\"UnnaDeluxe\",\"publisher\":{\"@id\":\"https:\\\/\\\/unnadeluxe.fi\\\/#organization\"},\"potentialAction\":[{\"@type\":\"SearchAction\",\"target\":{\"@type\":\"EntryPoint\",\"urlTemplate\":\"https:\\\/\\\/unnadeluxe.fi\\\/?s={search_term_string}\"},\"query-input\":{\"@type\":\"PropertyValueSpecification\",\"valueRequired\":true,\"valueName\":\"search_term_string\"}}],\"inLanguage\":\"fi\"},{\"@type\":\"Organization\",\"@id\":\"https:\\\/\\\/unnadeluxe.fi\\\/#organization\",\"name\":\"Unnadeluxe\",\"url\":\"https:\\\/\\\/unnadeluxe.fi\\\/\",\"logo\":{\"@type\":\"ImageObject\",\"inLanguage\":\"fi\",\"@id\":\"https:\\\/\\\/unnadeluxe.fi\\\/#\\\/schema\\\/logo\\\/image\\\/\",\"url\":\"https:\\\/\\\/unnadeluxe.fi\\\/wp-content\\\/uploads\\\/2022\\\/09\\\/Unna-logo-lingerie-black-and-gold.png\",\"contentUrl\":\"https:\\\/\\\/unnadeluxe.fi\\\/wp-content\\\/uploads\\\/2022\\\/09\\\/Unna-logo-lingerie-black-and-gold.png\",\"width\":3150,\"height\":3937,\"caption\":\"Unnadeluxe\"},\"image\":{\"@id\":\"https:\\\/\\\/unnadeluxe.fi\\\/#\\\/schema\\\/logo\\\/image\\\/\"},\"sameAs\":[\"https:\\\/\\\/www.facebook.com\\\/UnnaDeluxe\"]}]}<\/script>\n<!-- \/ Yoast SEO plugin. -->","yoast_head_json":{"title":"Primadonna Devdaha Full Cup - Unnadeluxe","description":"PrimaDonna Devdaha Full Cup \u00e4r en lyxig ovadderad och st\u00f6djande bh i h\u00e4rlig f\u00e4rg.","robots":{"index":"index","follow":"follow","max-snippet":"max-snippet:-1","max-image-preview":"max-image-preview:large","max-video-preview":"max-video-preview:-1"},"canonical":"https:\/\/unnadeluxe.fi\/fi\/tuote\/primadonna-devdaha-full-cup\/","og_locale":"fi_FI","og_type":"article","og_title":"Primadonna Devdaha Full Cup - Unnadeluxe","og_description":"PrimaDonna Devdaha Full Cup \u00e4r en lyxig ovadderad och st\u00f6djande bh i h\u00e4rlig f\u00e4rg.","og_url":"https:\/\/unnadeluxe.fi\/fi\/tuote\/primadonna-devdaha-full-cup\/","og_site_name":"Unnadeluxe","article_publisher":"https:\/\/www.facebook.com\/UnnaDeluxe","article_modified_time":"2026-05-02T13:31:06+00:00","og_image":[{"width":2560,"height":2560,"url":"https:\/\/unnadeluxe.fi\/wp-content\/uploads\/2026\/05\/nb_0163440_TRC-scaled.jpg","type":"image\/jpeg"}],"twitter_card":"summary_large_image","twitter_misc":{"Arvioitu lukuaika":"1 minuutti"},"schema":{"@context":"https:\/\/schema.org","@graph":[{"@type":"WebPage","@id":"https:\/\/unnadeluxe.fi\/produkt\/primadonna-devdaha-full-cup\/","url":"https:\/\/unnadeluxe.fi\/produkt\/primadonna-devdaha-full-cup\/","name":"Primadonna Devdaha Full Cup - Unnadeluxe","isPartOf":{"@id":"https:\/\/unnadeluxe.fi\/#website"},"primaryImageOfPage":{"@id":"https:\/\/unnadeluxe.fi\/produkt\/primadonna-devdaha-full-cup\/#primaryimage"},"image":{"@id":"https:\/\/unnadeluxe.fi\/produkt\/primadonna-devdaha-full-cup\/#primaryimage"},"thumbnailUrl":"https:\/\/unnadeluxe.fi\/wp-content\/uploads\/2026\/05\/nb_0163440_TRC-scaled.jpg","datePublished":"2026-05-02T12:46:44+00:00","dateModified":"2026-05-02T13:31:06+00:00","description":"PrimaDonna Devdaha Full Cup \u00e4r en lyxig ovadderad och st\u00f6djande bh i h\u00e4rlig f\u00e4rg.","breadcrumb":{"@id":"https:\/\/unnadeluxe.fi\/produkt\/primadonna-devdaha-full-cup\/#breadcrumb"},"inLanguage":"fi","potentialAction":[{"@type":"ReadAction","target":["https:\/\/unnadeluxe.fi\/produkt\/primadonna-devdaha-full-cup\/"]}]},{"@type":"ImageObject","inLanguage":"fi","@id":"https:\/\/unnadeluxe.fi\/produkt\/primadonna-devdaha-full-cup\/#primaryimage","url":"https:\/\/unnadeluxe.fi\/wp-content\/uploads\/2026\/05\/nb_0163440_TRC-scaled.jpg","contentUrl":"https:\/\/unnadeluxe.fi\/wp-content\/uploads\/2026\/05\/nb_0163440_TRC-scaled.jpg","width":2560,"height":2560},{"@type":"BreadcrumbList","@id":"https:\/\/unnadeluxe.fi\/produkt\/primadonna-devdaha-full-cup\/#breadcrumb","itemListElement":[{"@type":"ListItem","position":1,"name":"Hem","item":"https:\/\/unnadeluxe.fi\/"},{"@type":"ListItem","position":2,"name":"Shop","item":"https:\/\/unnadeluxe.fi\/shop\/"},{"@type":"ListItem","position":3,"name":"Primadonna Devdaha Full Cup"}]},{"@type":"WebSite","@id":"https:\/\/unnadeluxe.fi\/#website","url":"https:\/\/unnadeluxe.fi\/","name":"Unnadeluxe","description":"UnnaDeluxe","publisher":{"@id":"https:\/\/unnadeluxe.fi\/#organization"},"potentialAction":[{"@type":"SearchAction","target":{"@type":"EntryPoint","urlTemplate":"https:\/\/unnadeluxe.fi\/?s={search_term_string}"},"query-input":{"@type":"PropertyValueSpecification","valueRequired":true,"valueName":"search_term_string"}}],"inLanguage":"fi"},{"@type":"Organization","@id":"https:\/\/unnadeluxe.fi\/#organization","name":"Unnadeluxe","url":"https:\/\/unnadeluxe.fi\/","logo":{"@type":"ImageObject","inLanguage":"fi","@id":"https:\/\/unnadeluxe.fi\/#\/schema\/logo\/image\/","url":"https:\/\/unnadeluxe.fi\/wp-content\/uploads\/2022\/09\/Unna-logo-lingerie-black-and-gold.png","contentUrl":"https:\/\/unnadeluxe.fi\/wp-content\/uploads\/2022\/09\/Unna-logo-lingerie-black-and-gold.png","width":3150,"height":3937,"caption":"Unnadeluxe"},"image":{"@id":"https:\/\/unnadeluxe.fi\/#\/schema\/logo\/image\/"},"sameAs":["https:\/\/www.facebook.com\/UnnaDeluxe"]}]}},"_links":{"self":[{"href":"https:\/\/unnadeluxe.fi\/fi\/wp-json\/wp\/v2\/product\/9193","targetHints":{"allow":["GET"]}}],"collection":[{"href":"https:\/\/unnadeluxe.fi\/fi\/wp-json\/wp\/v2\/product"}],"about":[{"href":"https:\/\/unnadeluxe.fi\/fi\/wp-json\/wp\/v2\/types\/product"}],"wp:featuredmedia":[{"embeddable":true,"href":"https:\/\/unnadeluxe.fi\/fi\/wp-json\/wp\/v2\/media\/9218"}],"wp:attachment":[{"href":"https:\/\/unnadeluxe.fi\/fi\/wp-json\/wp\/v2\/media?parent=9193"}],"wp:term":[{"taxonomy":"product_brand","embeddable":true,"href":"https:\/\/unnadeluxe.fi\/fi\/wp-json\/wp\/v2\/product_brand?post=9193"},{"taxonomy":"product_cat","embeddable":true,"href":"https:\/\/unnadeluxe.fi\/fi\/wp-json\/wp\/v2\/product_cat?post=9193"},{"taxonomy":"product_tag","embeddable":true,"href":"https:\/\/unnadeluxe.fi\/fi\/wp-json\/wp\/v2\/product_tag?post=9193"}],"curies":[{"name":"wp","href":"https:\/\/api.w.org\/{rel}","templated":true}]}}