{"id":9058,"date":"2026-05-02T08:15:27","date_gmt":"2026-05-02T08:15:27","guid":{"rendered":"https:\/\/unnadeluxe.fi\/?post_type=product&#038;p=9058"},"modified":"2026-05-02T08:35:08","modified_gmt":"2026-05-02T08:35:08","slug":"rosa-faia-fleur-padded-soft-bra","status":"publish","type":"product","link":"https:\/\/unnadeluxe.fi\/fi\/tuote\/rosa-faia-fleur-padded-soft-bra\/","title":{"rendered":"Rosa Faia Fleur Padded Soft Bra"},"content":{"rendered":"<p>Rosa Faia Fleur Soft Bra Padded \u00e4r en elegant och bekv\u00e4m bh med l\u00e4tt vadderade kupor som ger en naturlig form och mjukt st\u00f6d. En perfekt t-shirt bh f\u00f6r den som vill ha utm\u00e4rkt st\u00f6d p\u00e5 sin bh men inte vill ha byglar.<br \/>\nArtikelnr: 5654<br \/>\nF\u00e4rg: Berry<br \/>\nMaterial: 83% polyamid, 17% elastan<\/p>","protected":false},"excerpt":{"rendered":"<p>Rosa Faia Fleur Soft Bra Padded \u00e4r en elegant och bekv\u00e4m bh med l\u00e4tt vadderade kupor som ger en naturlig form och mjukt st\u00f6d. Den feminina designen med vackra spetsdetaljer kombineras med h\u00f6g komfort, vilket g\u00f6r den perfekt b\u00e5de till vardag och fest. Justerbara axelband och en f\u00f6ljsam passform s\u00e4kerst\u00e4ller att bh:n sitter sk\u00f6nt hela dagen.<\/p>","protected":false},"featured_media":9093,"template":"","meta":[],"product_brand":[100],"product_cat":[28,27,56,58,57],"product_tag":[],"class_list":{"0":"post-9058","1":"product","2":"type-product","3":"status-publish","4":"has-post-thumbnail","6":"product_brand-rosa-faia","7":"product_cat-bhn","8":"product_cat-underklader","9":"product_cat-bygellos-bh","10":"product_cat-t-shirt-bh","11":"product_cat-vadderad-bh","13":"first","14":"instock","15":"taxable","16":"shipping-taxable","17":"purchasable","18":"product-type-variable"},"yoast_head":"<!-- This site is optimized with the Yoast SEO plugin v27.5 - https:\/\/yoast.com\/product\/yoast-seo-wordpress\/ -->\n<title>Rosa Faia Fleur Padded Soft Bra - Unnadeluxe<\/title>\n<meta name=\"robots\" content=\"index, follow, max-snippet:-1, max-image-preview:large, max-video-preview:-1\" \/>\n<link rel=\"canonical\" href=\"https:\/\/unnadeluxe.fi\/fi\/tuote\/rosa-faia-fleur-padded-soft-bra\/\" \/>\n<meta property=\"og:locale\" content=\"fi_FI\" \/>\n<meta property=\"og:type\" content=\"article\" \/>\n<meta property=\"og:title\" content=\"Rosa Faia Fleur Padded Soft Bra - Unnadeluxe\" \/>\n<meta property=\"og:description\" content=\"Rosa Faia Fleur Soft Bra Padded \u00e4r en elegant och bekv\u00e4m bh med l\u00e4tt vadderade kupor som ger en naturlig form och mjukt st\u00f6d. Den feminina designen med vackra spetsdetaljer kombineras med h\u00f6g komfort, vilket g\u00f6r den perfekt b\u00e5de till vardag och fest. Justerbara axelband och en f\u00f6ljsam passform s\u00e4kerst\u00e4ller att bh:n sitter sk\u00f6nt hela dagen.\" \/>\n<meta property=\"og:url\" content=\"https:\/\/unnadeluxe.fi\/fi\/tuote\/rosa-faia-fleur-padded-soft-bra\/\" \/>\n<meta property=\"og:site_name\" content=\"Unnadeluxe\" \/>\n<meta property=\"article:publisher\" content=\"https:\/\/www.facebook.com\/UnnaDeluxe\" \/>\n<meta property=\"article:modified_time\" content=\"2026-05-02T08:35:08+00:00\" \/>\n<meta property=\"og:image\" content=\"https:\/\/unnadeluxe.fi\/wp-content\/uploads\/2026\/05\/5654_769_FS_rgb_1920.jpg\" \/>\n\t<meta property=\"og:image:width\" content=\"1280\" \/>\n\t<meta property=\"og:image:height\" content=\"1920\" \/>\n\t<meta property=\"og:image:type\" content=\"image\/jpeg\" \/>\n<meta name=\"twitter:card\" content=\"summary_large_image\" \/>\n<meta name=\"twitter:label1\" content=\"Arvioitu lukuaika\" \/>\n\t<meta name=\"twitter:data1\" content=\"1 minuutti\" \/>\n<script type=\"application\/ld+json\" class=\"yoast-schema-graph\">{\"@context\":\"https:\\\/\\\/schema.org\",\"@graph\":[{\"@type\":\"WebPage\",\"@id\":\"https:\\\/\\\/unnadeluxe.fi\\\/produkt\\\/rosa-faia-fleur-padded-soft-bra\\\/\",\"url\":\"https:\\\/\\\/unnadeluxe.fi\\\/produkt\\\/rosa-faia-fleur-padded-soft-bra\\\/\",\"name\":\"Rosa Faia Fleur Padded Soft Bra - Unnadeluxe\",\"isPartOf\":{\"@id\":\"https:\\\/\\\/unnadeluxe.fi\\\/#website\"},\"primaryImageOfPage\":{\"@id\":\"https:\\\/\\\/unnadeluxe.fi\\\/produkt\\\/rosa-faia-fleur-padded-soft-bra\\\/#primaryimage\"},\"image\":{\"@id\":\"https:\\\/\\\/unnadeluxe.fi\\\/produkt\\\/rosa-faia-fleur-padded-soft-bra\\\/#primaryimage\"},\"thumbnailUrl\":\"https:\\\/\\\/unnadeluxe.fi\\\/wp-content\\\/uploads\\\/2026\\\/05\\\/5654_769_FS_rgb_1920.jpg\",\"datePublished\":\"2026-05-02T08:15:27+00:00\",\"dateModified\":\"2026-05-02T08:35:08+00:00\",\"breadcrumb\":{\"@id\":\"https:\\\/\\\/unnadeluxe.fi\\\/produkt\\\/rosa-faia-fleur-padded-soft-bra\\\/#breadcrumb\"},\"inLanguage\":\"fi\",\"potentialAction\":[{\"@type\":\"ReadAction\",\"target\":[\"https:\\\/\\\/unnadeluxe.fi\\\/produkt\\\/rosa-faia-fleur-padded-soft-bra\\\/\"]}]},{\"@type\":\"ImageObject\",\"inLanguage\":\"fi\",\"@id\":\"https:\\\/\\\/unnadeluxe.fi\\\/produkt\\\/rosa-faia-fleur-padded-soft-bra\\\/#primaryimage\",\"url\":\"https:\\\/\\\/unnadeluxe.fi\\\/wp-content\\\/uploads\\\/2026\\\/05\\\/5654_769_FS_rgb_1920.jpg\",\"contentUrl\":\"https:\\\/\\\/unnadeluxe.fi\\\/wp-content\\\/uploads\\\/2026\\\/05\\\/5654_769_FS_rgb_1920.jpg\",\"width\":1280,\"height\":1920},{\"@type\":\"BreadcrumbList\",\"@id\":\"https:\\\/\\\/unnadeluxe.fi\\\/produkt\\\/rosa-faia-fleur-padded-soft-bra\\\/#breadcrumb\",\"itemListElement\":[{\"@type\":\"ListItem\",\"position\":1,\"name\":\"Hem\",\"item\":\"https:\\\/\\\/unnadeluxe.fi\\\/\"},{\"@type\":\"ListItem\",\"position\":2,\"name\":\"Shop\",\"item\":\"https:\\\/\\\/unnadeluxe.fi\\\/shop\\\/\"},{\"@type\":\"ListItem\",\"position\":3,\"name\":\"Rosa Faia Fleur Padded Soft Bra\"}]},{\"@type\":\"WebSite\",\"@id\":\"https:\\\/\\\/unnadeluxe.fi\\\/#website\",\"url\":\"https:\\\/\\\/unnadeluxe.fi\\\/\",\"name\":\"Unnadeluxe\",\"description\":\"UnnaDeluxe\",\"publisher\":{\"@id\":\"https:\\\/\\\/unnadeluxe.fi\\\/#organization\"},\"potentialAction\":[{\"@type\":\"SearchAction\",\"target\":{\"@type\":\"EntryPoint\",\"urlTemplate\":\"https:\\\/\\\/unnadeluxe.fi\\\/?s={search_term_string}\"},\"query-input\":{\"@type\":\"PropertyValueSpecification\",\"valueRequired\":true,\"valueName\":\"search_term_string\"}}],\"inLanguage\":\"fi\"},{\"@type\":\"Organization\",\"@id\":\"https:\\\/\\\/unnadeluxe.fi\\\/#organization\",\"name\":\"Unnadeluxe\",\"url\":\"https:\\\/\\\/unnadeluxe.fi\\\/\",\"logo\":{\"@type\":\"ImageObject\",\"inLanguage\":\"fi\",\"@id\":\"https:\\\/\\\/unnadeluxe.fi\\\/#\\\/schema\\\/logo\\\/image\\\/\",\"url\":\"https:\\\/\\\/unnadeluxe.fi\\\/wp-content\\\/uploads\\\/2022\\\/09\\\/Unna-logo-lingerie-black-and-gold.png\",\"contentUrl\":\"https:\\\/\\\/unnadeluxe.fi\\\/wp-content\\\/uploads\\\/2022\\\/09\\\/Unna-logo-lingerie-black-and-gold.png\",\"width\":3150,\"height\":3937,\"caption\":\"Unnadeluxe\"},\"image\":{\"@id\":\"https:\\\/\\\/unnadeluxe.fi\\\/#\\\/schema\\\/logo\\\/image\\\/\"},\"sameAs\":[\"https:\\\/\\\/www.facebook.com\\\/UnnaDeluxe\"]}]}<\/script>\n<!-- \/ Yoast SEO plugin. -->","yoast_head_json":{"title":"Rosa Faia Fleur Padded Soft Bra - Unnadeluxe","robots":{"index":"index","follow":"follow","max-snippet":"max-snippet:-1","max-image-preview":"max-image-preview:large","max-video-preview":"max-video-preview:-1"},"canonical":"https:\/\/unnadeluxe.fi\/fi\/tuote\/rosa-faia-fleur-padded-soft-bra\/","og_locale":"fi_FI","og_type":"article","og_title":"Rosa Faia Fleur Padded Soft Bra - Unnadeluxe","og_description":"Rosa Faia Fleur Soft Bra Padded \u00e4r en elegant och bekv\u00e4m bh med l\u00e4tt vadderade kupor som ger en naturlig form och mjukt st\u00f6d. Den feminina designen med vackra spetsdetaljer kombineras med h\u00f6g komfort, vilket g\u00f6r den perfekt b\u00e5de till vardag och fest. Justerbara axelband och en f\u00f6ljsam passform s\u00e4kerst\u00e4ller att bh:n sitter sk\u00f6nt hela dagen.","og_url":"https:\/\/unnadeluxe.fi\/fi\/tuote\/rosa-faia-fleur-padded-soft-bra\/","og_site_name":"Unnadeluxe","article_publisher":"https:\/\/www.facebook.com\/UnnaDeluxe","article_modified_time":"2026-05-02T08:35:08+00:00","og_image":[{"width":1280,"height":1920,"url":"https:\/\/unnadeluxe.fi\/wp-content\/uploads\/2026\/05\/5654_769_FS_rgb_1920.jpg","type":"image\/jpeg"}],"twitter_card":"summary_large_image","twitter_misc":{"Arvioitu lukuaika":"1 minuutti"},"schema":{"@context":"https:\/\/schema.org","@graph":[{"@type":"WebPage","@id":"https:\/\/unnadeluxe.fi\/produkt\/rosa-faia-fleur-padded-soft-bra\/","url":"https:\/\/unnadeluxe.fi\/produkt\/rosa-faia-fleur-padded-soft-bra\/","name":"Rosa Faia Fleur Padded Soft Bra - Unnadeluxe","isPartOf":{"@id":"https:\/\/unnadeluxe.fi\/#website"},"primaryImageOfPage":{"@id":"https:\/\/unnadeluxe.fi\/produkt\/rosa-faia-fleur-padded-soft-bra\/#primaryimage"},"image":{"@id":"https:\/\/unnadeluxe.fi\/produkt\/rosa-faia-fleur-padded-soft-bra\/#primaryimage"},"thumbnailUrl":"https:\/\/unnadeluxe.fi\/wp-content\/uploads\/2026\/05\/5654_769_FS_rgb_1920.jpg","datePublished":"2026-05-02T08:15:27+00:00","dateModified":"2026-05-02T08:35:08+00:00","breadcrumb":{"@id":"https:\/\/unnadeluxe.fi\/produkt\/rosa-faia-fleur-padded-soft-bra\/#breadcrumb"},"inLanguage":"fi","potentialAction":[{"@type":"ReadAction","target":["https:\/\/unnadeluxe.fi\/produkt\/rosa-faia-fleur-padded-soft-bra\/"]}]},{"@type":"ImageObject","inLanguage":"fi","@id":"https:\/\/unnadeluxe.fi\/produkt\/rosa-faia-fleur-padded-soft-bra\/#primaryimage","url":"https:\/\/unnadeluxe.fi\/wp-content\/uploads\/2026\/05\/5654_769_FS_rgb_1920.jpg","contentUrl":"https:\/\/unnadeluxe.fi\/wp-content\/uploads\/2026\/05\/5654_769_FS_rgb_1920.jpg","width":1280,"height":1920},{"@type":"BreadcrumbList","@id":"https:\/\/unnadeluxe.fi\/produkt\/rosa-faia-fleur-padded-soft-bra\/#breadcrumb","itemListElement":[{"@type":"ListItem","position":1,"name":"Hem","item":"https:\/\/unnadeluxe.fi\/"},{"@type":"ListItem","position":2,"name":"Shop","item":"https:\/\/unnadeluxe.fi\/shop\/"},{"@type":"ListItem","position":3,"name":"Rosa Faia Fleur Padded Soft Bra"}]},{"@type":"WebSite","@id":"https:\/\/unnadeluxe.fi\/#website","url":"https:\/\/unnadeluxe.fi\/","name":"Unnadeluxe","description":"UnnaDeluxe","publisher":{"@id":"https:\/\/unnadeluxe.fi\/#organization"},"potentialAction":[{"@type":"SearchAction","target":{"@type":"EntryPoint","urlTemplate":"https:\/\/unnadeluxe.fi\/?s={search_term_string}"},"query-input":{"@type":"PropertyValueSpecification","valueRequired":true,"valueName":"search_term_string"}}],"inLanguage":"fi"},{"@type":"Organization","@id":"https:\/\/unnadeluxe.fi\/#organization","name":"Unnadeluxe","url":"https:\/\/unnadeluxe.fi\/","logo":{"@type":"ImageObject","inLanguage":"fi","@id":"https:\/\/unnadeluxe.fi\/#\/schema\/logo\/image\/","url":"https:\/\/unnadeluxe.fi\/wp-content\/uploads\/2022\/09\/Unna-logo-lingerie-black-and-gold.png","contentUrl":"https:\/\/unnadeluxe.fi\/wp-content\/uploads\/2022\/09\/Unna-logo-lingerie-black-and-gold.png","width":3150,"height":3937,"caption":"Unnadeluxe"},"image":{"@id":"https:\/\/unnadeluxe.fi\/#\/schema\/logo\/image\/"},"sameAs":["https:\/\/www.facebook.com\/UnnaDeluxe"]}]}},"_links":{"self":[{"href":"https:\/\/unnadeluxe.fi\/fi\/wp-json\/wp\/v2\/product\/9058","targetHints":{"allow":["GET"]}}],"collection":[{"href":"https:\/\/unnadeluxe.fi\/fi\/wp-json\/wp\/v2\/product"}],"about":[{"href":"https:\/\/unnadeluxe.fi\/fi\/wp-json\/wp\/v2\/types\/product"}],"wp:featuredmedia":[{"embeddable":true,"href":"https:\/\/unnadeluxe.fi\/fi\/wp-json\/wp\/v2\/media\/9093"}],"wp:attachment":[{"href":"https:\/\/unnadeluxe.fi\/fi\/wp-json\/wp\/v2\/media?parent=9058"}],"wp:term":[{"taxonomy":"product_brand","embeddable":true,"href":"https:\/\/unnadeluxe.fi\/fi\/wp-json\/wp\/v2\/product_brand?post=9058"},{"taxonomy":"product_cat","embeddable":true,"href":"https:\/\/unnadeluxe.fi\/fi\/wp-json\/wp\/v2\/product_cat?post=9058"},{"taxonomy":"product_tag","embeddable":true,"href":"https:\/\/unnadeluxe.fi\/fi\/wp-json\/wp\/v2\/product_tag?post=9058"}],"curies":[{"name":"wp","href":"https:\/\/api.w.org\/{rel}","templated":true}]}}