{"id":9038,"date":"2026-04-05T08:31:18","date_gmt":"2026-04-05T08:31:18","guid":{"rendered":"https:\/\/unnadeluxe.fi\/?post_type=product&#038;p=9038"},"modified":"2026-04-05T12:40:20","modified_gmt":"2026-04-05T12:40:20","slug":"primadonna-twist-east-end-trosa-2","status":"publish","type":"product","link":"https:\/\/unnadeluxe.fi\/fi\/tuote\/primadonna-twist-east-end-trosa-2\/","title":{"rendered":"Primadonna Twist East End Trosa"},"content":{"rendered":"<p>H\u00f6g trosa i mjukt och sk\u00f6nt material.<br \/>\nMaterial: Polyamid 58%, Elastan 37%, Bomull 5%<br \/>\nF\u00e4rg: Amethyst, M\u00f6rklila<\/p>","protected":false},"excerpt":{"rendered":"<p>Bekv\u00e4m h\u00f6g trosa med bra passform i mjukt och sk\u00f6nt material. Spetsdekorationer p\u00e5 sidorna, sl\u00e4tt tyg baktill.<\/p>","protected":false},"featured_media":9046,"template":"","meta":[],"product_brand":[81],"product_cat":[27,29],"product_tag":[],"class_list":{"0":"post-9038","1":"product","2":"type-product","3":"status-publish","4":"has-post-thumbnail","6":"product_brand-primadonna","7":"product_cat-underklader","8":"product_cat-trosor","10":"first","11":"instock","12":"taxable","13":"shipping-taxable","14":"purchasable","15":"product-type-variable"},"yoast_head":"<!-- This site is optimized with the Yoast SEO plugin v27.1.1 - https:\/\/yoast.com\/product\/yoast-seo-wordpress\/ -->\n<title>Primadonna Twist East End Trosa - Unnadeluxe<\/title>\n<meta name=\"robots\" content=\"index, follow, max-snippet:-1, max-image-preview:large, max-video-preview:-1\" \/>\n<link rel=\"canonical\" href=\"https:\/\/unnadeluxe.fi\/fi\/tuote\/primadonna-twist-east-end-trosa-2\/\" \/>\n<meta property=\"og:locale\" content=\"fi_FI\" \/>\n<meta property=\"og:type\" content=\"article\" \/>\n<meta property=\"og:title\" content=\"Primadonna Twist East End Trosa - Unnadeluxe\" \/>\n<meta property=\"og:description\" content=\"Bekv\u00e4m h\u00f6g trosa med bra passform i mjukt och sk\u00f6nt material. Spetsdekorationer p\u00e5 sidorna, sl\u00e4tt tyg baktill.\" \/>\n<meta property=\"og:url\" content=\"https:\/\/unnadeluxe.fi\/fi\/tuote\/primadonna-twist-east-end-trosa-2\/\" \/>\n<meta property=\"og:site_name\" content=\"Unnadeluxe\" \/>\n<meta property=\"article:publisher\" content=\"https:\/\/www.facebook.com\/UnnaDeluxe\" \/>\n<meta property=\"article:modified_time\" content=\"2026-04-05T12:40:20+00:00\" \/>\n<meta property=\"og:image\" content=\"https:\/\/unnadeluxe.fi\/wp-content\/uploads\/2026\/04\/nb_0541931_AME-1-scaled.jpg\" \/>\n\t<meta property=\"og:image:width\" content=\"2560\" \/>\n\t<meta property=\"og:image:height\" content=\"2560\" \/>\n\t<meta property=\"og:image:type\" content=\"image\/jpeg\" \/>\n<meta name=\"twitter:card\" content=\"summary_large_image\" \/>\n<meta name=\"twitter:label1\" content=\"Arvioitu lukuaika\" \/>\n\t<meta name=\"twitter:data1\" content=\"1 minuutti\" \/>\n<script type=\"application\/ld+json\" class=\"yoast-schema-graph\">{\"@context\":\"https:\/\/schema.org\",\"@graph\":[{\"@type\":\"WebPage\",\"@id\":\"https:\/\/unnadeluxe.fi\/produkt\/primadonna-twist-east-end-trosa-2\/\",\"url\":\"https:\/\/unnadeluxe.fi\/produkt\/primadonna-twist-east-end-trosa-2\/\",\"name\":\"Primadonna Twist East End Trosa - Unnadeluxe\",\"isPartOf\":{\"@id\":\"https:\/\/unnadeluxe.fi\/#website\"},\"primaryImageOfPage\":{\"@id\":\"https:\/\/unnadeluxe.fi\/produkt\/primadonna-twist-east-end-trosa-2\/#primaryimage\"},\"image\":{\"@id\":\"https:\/\/unnadeluxe.fi\/produkt\/primadonna-twist-east-end-trosa-2\/#primaryimage\"},\"thumbnailUrl\":\"https:\/\/unnadeluxe.fi\/wp-content\/uploads\/2026\/04\/nb_0541931_AME-1-scaled.jpg\",\"datePublished\":\"2026-04-05T08:31:18+00:00\",\"dateModified\":\"2026-04-05T12:40:20+00:00\",\"breadcrumb\":{\"@id\":\"https:\/\/unnadeluxe.fi\/produkt\/primadonna-twist-east-end-trosa-2\/#breadcrumb\"},\"inLanguage\":\"fi\",\"potentialAction\":[{\"@type\":\"ReadAction\",\"target\":[\"https:\/\/unnadeluxe.fi\/produkt\/primadonna-twist-east-end-trosa-2\/\"]}]},{\"@type\":\"ImageObject\",\"inLanguage\":\"fi\",\"@id\":\"https:\/\/unnadeluxe.fi\/produkt\/primadonna-twist-east-end-trosa-2\/#primaryimage\",\"url\":\"https:\/\/unnadeluxe.fi\/wp-content\/uploads\/2026\/04\/nb_0541931_AME-1-scaled.jpg\",\"contentUrl\":\"https:\/\/unnadeluxe.fi\/wp-content\/uploads\/2026\/04\/nb_0541931_AME-1-scaled.jpg\",\"width\":2560,\"height\":2560},{\"@type\":\"BreadcrumbList\",\"@id\":\"https:\/\/unnadeluxe.fi\/produkt\/primadonna-twist-east-end-trosa-2\/#breadcrumb\",\"itemListElement\":[{\"@type\":\"ListItem\",\"position\":1,\"name\":\"Hem\",\"item\":\"https:\/\/unnadeluxe.fi\/\"},{\"@type\":\"ListItem\",\"position\":2,\"name\":\"Shop\",\"item\":\"https:\/\/unnadeluxe.fi\/shop\/\"},{\"@type\":\"ListItem\",\"position\":3,\"name\":\"Primadonna Twist East End Trosa\"}]},{\"@type\":\"WebSite\",\"@id\":\"https:\/\/unnadeluxe.fi\/#website\",\"url\":\"https:\/\/unnadeluxe.fi\/\",\"name\":\"Unnadeluxe\",\"description\":\"UnnaDeluxe\",\"publisher\":{\"@id\":\"https:\/\/unnadeluxe.fi\/#organization\"},\"potentialAction\":[{\"@type\":\"SearchAction\",\"target\":{\"@type\":\"EntryPoint\",\"urlTemplate\":\"https:\/\/unnadeluxe.fi\/?s={search_term_string}\"},\"query-input\":{\"@type\":\"PropertyValueSpecification\",\"valueRequired\":true,\"valueName\":\"search_term_string\"}}],\"inLanguage\":\"fi\"},{\"@type\":\"Organization\",\"@id\":\"https:\/\/unnadeluxe.fi\/#organization\",\"name\":\"Unnadeluxe\",\"url\":\"https:\/\/unnadeluxe.fi\/\",\"logo\":{\"@type\":\"ImageObject\",\"inLanguage\":\"fi\",\"@id\":\"https:\/\/unnadeluxe.fi\/#\/schema\/logo\/image\/\",\"url\":\"https:\/\/unnadeluxe.fi\/wp-content\/uploads\/2022\/09\/Unna-logo-lingerie-black-and-gold.png\",\"contentUrl\":\"https:\/\/unnadeluxe.fi\/wp-content\/uploads\/2022\/09\/Unna-logo-lingerie-black-and-gold.png\",\"width\":3150,\"height\":3937,\"caption\":\"Unnadeluxe\"},\"image\":{\"@id\":\"https:\/\/unnadeluxe.fi\/#\/schema\/logo\/image\/\"},\"sameAs\":[\"https:\/\/www.facebook.com\/UnnaDeluxe\"]}]}<\/script>\n<!-- \/ Yoast SEO plugin. -->","yoast_head_json":{"title":"Primadonna Twist East End Trosa - Unnadeluxe","robots":{"index":"index","follow":"follow","max-snippet":"max-snippet:-1","max-image-preview":"max-image-preview:large","max-video-preview":"max-video-preview:-1"},"canonical":"https:\/\/unnadeluxe.fi\/fi\/tuote\/primadonna-twist-east-end-trosa-2\/","og_locale":"fi_FI","og_type":"article","og_title":"Primadonna Twist East End Trosa - Unnadeluxe","og_description":"Bekv\u00e4m h\u00f6g trosa med bra passform i mjukt och sk\u00f6nt material. Spetsdekorationer p\u00e5 sidorna, sl\u00e4tt tyg baktill.","og_url":"https:\/\/unnadeluxe.fi\/fi\/tuote\/primadonna-twist-east-end-trosa-2\/","og_site_name":"Unnadeluxe","article_publisher":"https:\/\/www.facebook.com\/UnnaDeluxe","article_modified_time":"2026-04-05T12:40:20+00:00","og_image":[{"width":2560,"height":2560,"url":"https:\/\/unnadeluxe.fi\/wp-content\/uploads\/2026\/04\/nb_0541931_AME-1-scaled.jpg","type":"image\/jpeg"}],"twitter_card":"summary_large_image","twitter_misc":{"Arvioitu lukuaika":"1 minuutti"},"schema":{"@context":"https:\/\/schema.org","@graph":[{"@type":"WebPage","@id":"https:\/\/unnadeluxe.fi\/produkt\/primadonna-twist-east-end-trosa-2\/","url":"https:\/\/unnadeluxe.fi\/produkt\/primadonna-twist-east-end-trosa-2\/","name":"Primadonna Twist East End Trosa - Unnadeluxe","isPartOf":{"@id":"https:\/\/unnadeluxe.fi\/#website"},"primaryImageOfPage":{"@id":"https:\/\/unnadeluxe.fi\/produkt\/primadonna-twist-east-end-trosa-2\/#primaryimage"},"image":{"@id":"https:\/\/unnadeluxe.fi\/produkt\/primadonna-twist-east-end-trosa-2\/#primaryimage"},"thumbnailUrl":"https:\/\/unnadeluxe.fi\/wp-content\/uploads\/2026\/04\/nb_0541931_AME-1-scaled.jpg","datePublished":"2026-04-05T08:31:18+00:00","dateModified":"2026-04-05T12:40:20+00:00","breadcrumb":{"@id":"https:\/\/unnadeluxe.fi\/produkt\/primadonna-twist-east-end-trosa-2\/#breadcrumb"},"inLanguage":"fi","potentialAction":[{"@type":"ReadAction","target":["https:\/\/unnadeluxe.fi\/produkt\/primadonna-twist-east-end-trosa-2\/"]}]},{"@type":"ImageObject","inLanguage":"fi","@id":"https:\/\/unnadeluxe.fi\/produkt\/primadonna-twist-east-end-trosa-2\/#primaryimage","url":"https:\/\/unnadeluxe.fi\/wp-content\/uploads\/2026\/04\/nb_0541931_AME-1-scaled.jpg","contentUrl":"https:\/\/unnadeluxe.fi\/wp-content\/uploads\/2026\/04\/nb_0541931_AME-1-scaled.jpg","width":2560,"height":2560},{"@type":"BreadcrumbList","@id":"https:\/\/unnadeluxe.fi\/produkt\/primadonna-twist-east-end-trosa-2\/#breadcrumb","itemListElement":[{"@type":"ListItem","position":1,"name":"Hem","item":"https:\/\/unnadeluxe.fi\/"},{"@type":"ListItem","position":2,"name":"Shop","item":"https:\/\/unnadeluxe.fi\/shop\/"},{"@type":"ListItem","position":3,"name":"Primadonna Twist East End Trosa"}]},{"@type":"WebSite","@id":"https:\/\/unnadeluxe.fi\/#website","url":"https:\/\/unnadeluxe.fi\/","name":"Unnadeluxe","description":"UnnaDeluxe","publisher":{"@id":"https:\/\/unnadeluxe.fi\/#organization"},"potentialAction":[{"@type":"SearchAction","target":{"@type":"EntryPoint","urlTemplate":"https:\/\/unnadeluxe.fi\/?s={search_term_string}"},"query-input":{"@type":"PropertyValueSpecification","valueRequired":true,"valueName":"search_term_string"}}],"inLanguage":"fi"},{"@type":"Organization","@id":"https:\/\/unnadeluxe.fi\/#organization","name":"Unnadeluxe","url":"https:\/\/unnadeluxe.fi\/","logo":{"@type":"ImageObject","inLanguage":"fi","@id":"https:\/\/unnadeluxe.fi\/#\/schema\/logo\/image\/","url":"https:\/\/unnadeluxe.fi\/wp-content\/uploads\/2022\/09\/Unna-logo-lingerie-black-and-gold.png","contentUrl":"https:\/\/unnadeluxe.fi\/wp-content\/uploads\/2022\/09\/Unna-logo-lingerie-black-and-gold.png","width":3150,"height":3937,"caption":"Unnadeluxe"},"image":{"@id":"https:\/\/unnadeluxe.fi\/#\/schema\/logo\/image\/"},"sameAs":["https:\/\/www.facebook.com\/UnnaDeluxe"]}]}},"_links":{"self":[{"href":"https:\/\/unnadeluxe.fi\/fi\/wp-json\/wp\/v2\/product\/9038","targetHints":{"allow":["GET"]}}],"collection":[{"href":"https:\/\/unnadeluxe.fi\/fi\/wp-json\/wp\/v2\/product"}],"about":[{"href":"https:\/\/unnadeluxe.fi\/fi\/wp-json\/wp\/v2\/types\/product"}],"wp:featuredmedia":[{"embeddable":true,"href":"https:\/\/unnadeluxe.fi\/fi\/wp-json\/wp\/v2\/media\/9046"}],"wp:attachment":[{"href":"https:\/\/unnadeluxe.fi\/fi\/wp-json\/wp\/v2\/media?parent=9038"}],"wp:term":[{"taxonomy":"product_brand","embeddable":true,"href":"https:\/\/unnadeluxe.fi\/fi\/wp-json\/wp\/v2\/product_brand?post=9038"},{"taxonomy":"product_cat","embeddable":true,"href":"https:\/\/unnadeluxe.fi\/fi\/wp-json\/wp\/v2\/product_cat?post=9038"},{"taxonomy":"product_tag","embeddable":true,"href":"https:\/\/unnadeluxe.fi\/fi\/wp-json\/wp\/v2\/product_tag?post=9038"}],"curies":[{"name":"wp","href":"https:\/\/api.w.org\/{rel}","templated":true}]}}