{"id":894,"date":"2023-03-03T14:05:34","date_gmt":"2023-03-03T14:05:34","guid":{"rendered":"https:\/\/unnadeluxe.fi\/?post_type=product&#038;p=894"},"modified":"2025-01-27T17:09:39","modified_gmt":"2025-01-27T17:09:39","slug":"malesation-anal-beads-6","status":"publish","type":"product","link":"https:\/\/unnadeluxe.fi\/fi\/tuote\/malesation-anal-beads-6\/","title":{"rendered":"Malesation Anal Beads 6"},"content":{"rendered":"<p>Total length: approx. 21,0 cm, importable length: approx. 16,5 cm, \u00d8 of the beads: approx. 1,2 cm, 1,2 cm, 1,6 cm, 1,6 cm, 2,0 cm, 2,0 cm<\/p>","protected":false},"excerpt":{"rendered":"<p>Malesation Anal Beads 6 \u00e4r perfekt till dig som \u00e4r nyb\u00f6rjare inom anal stimulans. Kedjan best\u00e5r av 6 kulor i olika storlekar som kan f\u00f6ras in en efter en i det tempo som passar dig. Starta med den minsta yttersta kulan och n\u00e4r du k\u00e4nner dig klar kan du f\u00f6ra in fler kulor. Analkedjan styrs enkelt med det ergonomiska handtaget som \u00e4ven fungerar som en stopper. Analkedjan \u00e4r hudv\u00e4nlig samt tillverkad av mjuk silikon och \u00e4r d\u00e4rf\u00f6r mycket behaglig och flexibel. L\u00e4tt att reng\u00f6ra. Denna leksak kan ta dig till en helt ny niv\u00e5 vid orgasm.<\/p>","protected":false},"featured_media":959,"template":"","meta":[],"product_brand":[],"product_cat":[71],"product_tag":[],"class_list":{"0":"post-894","1":"product","2":"type-product","3":"status-publish","4":"has-post-thumbnail","6":"product_cat-sexleksaker","8":"first","9":"instock","10":"taxable","11":"shipping-taxable","12":"purchasable","13":"product-type-simple"},"yoast_head":"<!-- This site is optimized with the Yoast SEO plugin v27.1.1 - https:\/\/yoast.com\/product\/yoast-seo-wordpress\/ -->\n<title>Malesation Anal Beads 6 - Unnadeluxe<\/title>\n<meta name=\"robots\" content=\"index, follow, max-snippet:-1, max-image-preview:large, max-video-preview:-1\" \/>\n<link rel=\"canonical\" href=\"https:\/\/unnadeluxe.fi\/fi\/tuote\/malesation-anal-beads-6\/\" \/>\n<meta property=\"og:locale\" content=\"fi_FI\" \/>\n<meta property=\"og:type\" content=\"article\" \/>\n<meta property=\"og:title\" content=\"Malesation Anal Beads 6 - Unnadeluxe\" \/>\n<meta property=\"og:description\" content=\"Malesation Anal Beads 6 \u00e4r perfekt till dig som \u00e4r nyb\u00f6rjare inom anal stimulans. Kedjan best\u00e5r av 6 kulor i olika storlekar som kan f\u00f6ras in en efter en i det tempo som passar dig. Starta med den minsta yttersta kulan och n\u00e4r du k\u00e4nner dig klar kan du f\u00f6ra in fler kulor. Analkedjan styrs enkelt med det ergonomiska handtaget som \u00e4ven fungerar som en stopper. Analkedjan \u00e4r hudv\u00e4nlig samt tillverkad av mjuk silikon och \u00e4r d\u00e4rf\u00f6r mycket behaglig och flexibel. L\u00e4tt att reng\u00f6ra. Denna leksak kan ta dig till en helt ny niv\u00e5 vid orgasm.\" \/>\n<meta property=\"og:url\" content=\"https:\/\/unnadeluxe.fi\/fi\/tuote\/malesation-anal-beads-6\/\" \/>\n<meta property=\"og:site_name\" content=\"Unnadeluxe\" \/>\n<meta property=\"article:publisher\" content=\"https:\/\/www.facebook.com\/UnnaDeluxe\" \/>\n<meta property=\"article:modified_time\" content=\"2025-01-27T17:09:39+00:00\" \/>\n<meta property=\"og:image\" content=\"https:\/\/unnadeluxe.fi\/wp-content\/uploads\/2023\/03\/670000031551_1280x1280.jpg\" \/>\n\t<meta property=\"og:image:width\" content=\"1280\" \/>\n\t<meta property=\"og:image:height\" content=\"1040\" \/>\n\t<meta property=\"og:image:type\" content=\"image\/jpeg\" \/>\n<meta name=\"twitter:card\" content=\"summary_large_image\" \/>\n<meta name=\"twitter:label1\" content=\"Arvioitu lukuaika\" \/>\n\t<meta name=\"twitter:data1\" content=\"1 minuutti\" \/>\n<script type=\"application\/ld+json\" class=\"yoast-schema-graph\">{\"@context\":\"https:\/\/schema.org\",\"@graph\":[{\"@type\":\"WebPage\",\"@id\":\"https:\/\/unnadeluxe.fi\/produkt\/malesation-anal-beads-6\/\",\"url\":\"https:\/\/unnadeluxe.fi\/produkt\/malesation-anal-beads-6\/\",\"name\":\"Malesation Anal Beads 6 - Unnadeluxe\",\"isPartOf\":{\"@id\":\"https:\/\/unnadeluxe.fi\/#website\"},\"primaryImageOfPage\":{\"@id\":\"https:\/\/unnadeluxe.fi\/produkt\/malesation-anal-beads-6\/#primaryimage\"},\"image\":{\"@id\":\"https:\/\/unnadeluxe.fi\/produkt\/malesation-anal-beads-6\/#primaryimage\"},\"thumbnailUrl\":\"https:\/\/unnadeluxe.fi\/wp-content\/uploads\/2023\/03\/670000031551_1280x1280.jpg\",\"datePublished\":\"2023-03-03T14:05:34+00:00\",\"dateModified\":\"2025-01-27T17:09:39+00:00\",\"breadcrumb\":{\"@id\":\"https:\/\/unnadeluxe.fi\/produkt\/malesation-anal-beads-6\/#breadcrumb\"},\"inLanguage\":\"fi\",\"potentialAction\":[{\"@type\":\"ReadAction\",\"target\":[\"https:\/\/unnadeluxe.fi\/produkt\/malesation-anal-beads-6\/\"]}]},{\"@type\":\"ImageObject\",\"inLanguage\":\"fi\",\"@id\":\"https:\/\/unnadeluxe.fi\/produkt\/malesation-anal-beads-6\/#primaryimage\",\"url\":\"https:\/\/unnadeluxe.fi\/wp-content\/uploads\/2023\/03\/670000031551_1280x1280.jpg\",\"contentUrl\":\"https:\/\/unnadeluxe.fi\/wp-content\/uploads\/2023\/03\/670000031551_1280x1280.jpg\",\"width\":1280,\"height\":1040},{\"@type\":\"BreadcrumbList\",\"@id\":\"https:\/\/unnadeluxe.fi\/produkt\/malesation-anal-beads-6\/#breadcrumb\",\"itemListElement\":[{\"@type\":\"ListItem\",\"position\":1,\"name\":\"Hem\",\"item\":\"https:\/\/unnadeluxe.fi\/\"},{\"@type\":\"ListItem\",\"position\":2,\"name\":\"Shop\",\"item\":\"https:\/\/unnadeluxe.fi\/shop\/\"},{\"@type\":\"ListItem\",\"position\":3,\"name\":\"Malesation Anal Beads 6\"}]},{\"@type\":\"WebSite\",\"@id\":\"https:\/\/unnadeluxe.fi\/#website\",\"url\":\"https:\/\/unnadeluxe.fi\/\",\"name\":\"Unnadeluxe\",\"description\":\"UnnaDeluxe\",\"publisher\":{\"@id\":\"https:\/\/unnadeluxe.fi\/#organization\"},\"potentialAction\":[{\"@type\":\"SearchAction\",\"target\":{\"@type\":\"EntryPoint\",\"urlTemplate\":\"https:\/\/unnadeluxe.fi\/?s={search_term_string}\"},\"query-input\":{\"@type\":\"PropertyValueSpecification\",\"valueRequired\":true,\"valueName\":\"search_term_string\"}}],\"inLanguage\":\"fi\"},{\"@type\":\"Organization\",\"@id\":\"https:\/\/unnadeluxe.fi\/#organization\",\"name\":\"Unnadeluxe\",\"url\":\"https:\/\/unnadeluxe.fi\/\",\"logo\":{\"@type\":\"ImageObject\",\"inLanguage\":\"fi\",\"@id\":\"https:\/\/unnadeluxe.fi\/#\/schema\/logo\/image\/\",\"url\":\"https:\/\/unnadeluxe.fi\/wp-content\/uploads\/2022\/09\/Unna-logo-lingerie-black-and-gold.png\",\"contentUrl\":\"https:\/\/unnadeluxe.fi\/wp-content\/uploads\/2022\/09\/Unna-logo-lingerie-black-and-gold.png\",\"width\":3150,\"height\":3937,\"caption\":\"Unnadeluxe\"},\"image\":{\"@id\":\"https:\/\/unnadeluxe.fi\/#\/schema\/logo\/image\/\"},\"sameAs\":[\"https:\/\/www.facebook.com\/UnnaDeluxe\"]}]}<\/script>\n<!-- \/ Yoast SEO plugin. -->","yoast_head_json":{"title":"Malesation Anal Beads 6 - Unnadeluxe","robots":{"index":"index","follow":"follow","max-snippet":"max-snippet:-1","max-image-preview":"max-image-preview:large","max-video-preview":"max-video-preview:-1"},"canonical":"https:\/\/unnadeluxe.fi\/fi\/tuote\/malesation-anal-beads-6\/","og_locale":"fi_FI","og_type":"article","og_title":"Malesation Anal Beads 6 - Unnadeluxe","og_description":"Malesation Anal Beads 6 \u00e4r perfekt till dig som \u00e4r nyb\u00f6rjare inom anal stimulans. Kedjan best\u00e5r av 6 kulor i olika storlekar som kan f\u00f6ras in en efter en i det tempo som passar dig. Starta med den minsta yttersta kulan och n\u00e4r du k\u00e4nner dig klar kan du f\u00f6ra in fler kulor. Analkedjan styrs enkelt med det ergonomiska handtaget som \u00e4ven fungerar som en stopper. Analkedjan \u00e4r hudv\u00e4nlig samt tillverkad av mjuk silikon och \u00e4r d\u00e4rf\u00f6r mycket behaglig och flexibel. L\u00e4tt att reng\u00f6ra. Denna leksak kan ta dig till en helt ny niv\u00e5 vid orgasm.","og_url":"https:\/\/unnadeluxe.fi\/fi\/tuote\/malesation-anal-beads-6\/","og_site_name":"Unnadeluxe","article_publisher":"https:\/\/www.facebook.com\/UnnaDeluxe","article_modified_time":"2025-01-27T17:09:39+00:00","og_image":[{"width":1280,"height":1040,"url":"https:\/\/unnadeluxe.fi\/wp-content\/uploads\/2023\/03\/670000031551_1280x1280.jpg","type":"image\/jpeg"}],"twitter_card":"summary_large_image","twitter_misc":{"Arvioitu lukuaika":"1 minuutti"},"schema":{"@context":"https:\/\/schema.org","@graph":[{"@type":"WebPage","@id":"https:\/\/unnadeluxe.fi\/produkt\/malesation-anal-beads-6\/","url":"https:\/\/unnadeluxe.fi\/produkt\/malesation-anal-beads-6\/","name":"Malesation Anal Beads 6 - Unnadeluxe","isPartOf":{"@id":"https:\/\/unnadeluxe.fi\/#website"},"primaryImageOfPage":{"@id":"https:\/\/unnadeluxe.fi\/produkt\/malesation-anal-beads-6\/#primaryimage"},"image":{"@id":"https:\/\/unnadeluxe.fi\/produkt\/malesation-anal-beads-6\/#primaryimage"},"thumbnailUrl":"https:\/\/unnadeluxe.fi\/wp-content\/uploads\/2023\/03\/670000031551_1280x1280.jpg","datePublished":"2023-03-03T14:05:34+00:00","dateModified":"2025-01-27T17:09:39+00:00","breadcrumb":{"@id":"https:\/\/unnadeluxe.fi\/produkt\/malesation-anal-beads-6\/#breadcrumb"},"inLanguage":"fi","potentialAction":[{"@type":"ReadAction","target":["https:\/\/unnadeluxe.fi\/produkt\/malesation-anal-beads-6\/"]}]},{"@type":"ImageObject","inLanguage":"fi","@id":"https:\/\/unnadeluxe.fi\/produkt\/malesation-anal-beads-6\/#primaryimage","url":"https:\/\/unnadeluxe.fi\/wp-content\/uploads\/2023\/03\/670000031551_1280x1280.jpg","contentUrl":"https:\/\/unnadeluxe.fi\/wp-content\/uploads\/2023\/03\/670000031551_1280x1280.jpg","width":1280,"height":1040},{"@type":"BreadcrumbList","@id":"https:\/\/unnadeluxe.fi\/produkt\/malesation-anal-beads-6\/#breadcrumb","itemListElement":[{"@type":"ListItem","position":1,"name":"Hem","item":"https:\/\/unnadeluxe.fi\/"},{"@type":"ListItem","position":2,"name":"Shop","item":"https:\/\/unnadeluxe.fi\/shop\/"},{"@type":"ListItem","position":3,"name":"Malesation Anal Beads 6"}]},{"@type":"WebSite","@id":"https:\/\/unnadeluxe.fi\/#website","url":"https:\/\/unnadeluxe.fi\/","name":"Unnadeluxe","description":"UnnaDeluxe","publisher":{"@id":"https:\/\/unnadeluxe.fi\/#organization"},"potentialAction":[{"@type":"SearchAction","target":{"@type":"EntryPoint","urlTemplate":"https:\/\/unnadeluxe.fi\/?s={search_term_string}"},"query-input":{"@type":"PropertyValueSpecification","valueRequired":true,"valueName":"search_term_string"}}],"inLanguage":"fi"},{"@type":"Organization","@id":"https:\/\/unnadeluxe.fi\/#organization","name":"Unnadeluxe","url":"https:\/\/unnadeluxe.fi\/","logo":{"@type":"ImageObject","inLanguage":"fi","@id":"https:\/\/unnadeluxe.fi\/#\/schema\/logo\/image\/","url":"https:\/\/unnadeluxe.fi\/wp-content\/uploads\/2022\/09\/Unna-logo-lingerie-black-and-gold.png","contentUrl":"https:\/\/unnadeluxe.fi\/wp-content\/uploads\/2022\/09\/Unna-logo-lingerie-black-and-gold.png","width":3150,"height":3937,"caption":"Unnadeluxe"},"image":{"@id":"https:\/\/unnadeluxe.fi\/#\/schema\/logo\/image\/"},"sameAs":["https:\/\/www.facebook.com\/UnnaDeluxe"]}]}},"_links":{"self":[{"href":"https:\/\/unnadeluxe.fi\/fi\/wp-json\/wp\/v2\/product\/894","targetHints":{"allow":["GET"]}}],"collection":[{"href":"https:\/\/unnadeluxe.fi\/fi\/wp-json\/wp\/v2\/product"}],"about":[{"href":"https:\/\/unnadeluxe.fi\/fi\/wp-json\/wp\/v2\/types\/product"}],"wp:featuredmedia":[{"embeddable":true,"href":"https:\/\/unnadeluxe.fi\/fi\/wp-json\/wp\/v2\/media\/959"}],"wp:attachment":[{"href":"https:\/\/unnadeluxe.fi\/fi\/wp-json\/wp\/v2\/media?parent=894"}],"wp:term":[{"taxonomy":"product_brand","embeddable":true,"href":"https:\/\/unnadeluxe.fi\/fi\/wp-json\/wp\/v2\/product_brand?post=894"},{"taxonomy":"product_cat","embeddable":true,"href":"https:\/\/unnadeluxe.fi\/fi\/wp-json\/wp\/v2\/product_cat?post=894"},{"taxonomy":"product_tag","embeddable":true,"href":"https:\/\/unnadeluxe.fi\/fi\/wp-json\/wp\/v2\/product_tag?post=894"}],"curies":[{"name":"wp","href":"https:\/\/api.w.org\/{rel}","templated":true}]}}