{"id":8934,"date":"2026-03-30T15:55:54","date_gmt":"2026-03-30T15:55:54","guid":{"rendered":"https:\/\/unnadeluxe.fi\/?post_type=product&#038;p=8934"},"modified":"2026-03-30T16:03:30","modified_gmt":"2026-03-30T16:03:30","slug":"ze-ze-dunja-086-blouse","status":"publish","type":"product","link":"https:\/\/unnadeluxe.fi\/fi\/tuote\/ze-ze-dunja-086-blouse\/","title":{"rendered":"ZE-ZE Dunja 086 Blouse"},"content":{"rendered":"<p>H\u00e4rlig blus med 3\/4-\u00e4rmar, i h\u00e4rligt material fr\u00e5n ZE-ZE<br \/>\nMaterial: 15% Nylon 85% Viscose<br \/>\n30 degree (cold)<br \/>\nDo not bleach<br \/>\nDo not tumble dry<br \/>\nLine dry<br \/>\nIron &#8211; low<br \/>\nNo dryclean<br \/>\nMaximum 3% Shrink<br \/>\nIroning on inside<br \/>\nTo be washed before use<br \/>\nTo be washed inside out<br \/>\nWash with similar colours<br \/>\nUse mild detergent<\/p>","protected":false},"excerpt":{"rendered":"<p>En feminin blus med fina detaljer som skapar ett mjukt och elegant uttryck. Smockdetaljen \u00f6ver bysten ger struktur och form, medan smocken vid \u00e4rmsluten skapar en subtil ballongeffekt. V-ringningen med sm\u00e5 volangdetaljer tillf\u00f6r en romantisk touch, vilket g\u00f6r blusen enkel att styla b\u00e5de till vardags och till mer uppkl\u00e4dda tillf\u00e4llen.<\/p>\n<p>Detaljer som g\u00f6r skillnad<br \/>\n\u2022 Smockdetalj \u00f6ver bysten<br \/>\n\u2022 Smock vid \u00e4rmarna som skapar en subtil ballongeffekt<br \/>\n\u2022 V-ringning med fina volangdetaljer<br \/>\n\u2022 L\u00e4tt och feminin silhuett<\/p>","protected":false},"featured_media":8940,"template":"","meta":[],"product_brand":[102],"product_cat":[108,101],"product_tag":[],"class_list":{"0":"post-8934","1":"product","2":"type-product","3":"status-publish","4":"has-post-thumbnail","6":"product_brand-ze-ze","7":"product_cat-skjortor-blusar","8":"product_cat-klader-2","10":"first","11":"instock","12":"taxable","13":"shipping-taxable","14":"purchasable","15":"product-type-variable"},"yoast_head":"<!-- This site is optimized with the Yoast SEO plugin v27.1.1 - https:\/\/yoast.com\/product\/yoast-seo-wordpress\/ -->\n<title>ZE-ZE Dunja 086 Blouse - Unnadeluxe<\/title>\n<meta name=\"robots\" content=\"index, follow, max-snippet:-1, max-image-preview:large, max-video-preview:-1\" \/>\n<link rel=\"canonical\" href=\"https:\/\/unnadeluxe.fi\/fi\/tuote\/ze-ze-dunja-086-blouse\/\" \/>\n<meta property=\"og:locale\" content=\"fi_FI\" \/>\n<meta property=\"og:type\" content=\"article\" \/>\n<meta property=\"og:title\" content=\"ZE-ZE Dunja 086 Blouse - Unnadeluxe\" \/>\n<meta property=\"og:description\" content=\"En feminin blus med fina detaljer som skapar ett mjukt och elegant uttryck. Smockdetaljen \u00f6ver bysten ger struktur och form, medan smocken vid \u00e4rmsluten skapar en subtil ballongeffekt. V-ringningen med sm\u00e5 volangdetaljer tillf\u00f6r en romantisk touch, vilket g\u00f6r blusen enkel att styla b\u00e5de till vardags och till mer uppkl\u00e4dda tillf\u00e4llen.  Detaljer som g\u00f6r skillnad \u2022 Smockdetalj \u00f6ver bysten \u2022 Smock vid \u00e4rmarna som skapar en subtil ballongeffekt \u2022 V-ringning med fina volangdetaljer \u2022 L\u00e4tt och feminin silhuett\" \/>\n<meta property=\"og:url\" content=\"https:\/\/unnadeluxe.fi\/fi\/tuote\/ze-ze-dunja-086-blouse\/\" \/>\n<meta property=\"og:site_name\" content=\"Unnadeluxe\" \/>\n<meta property=\"article:publisher\" content=\"https:\/\/www.facebook.com\/UnnaDeluxe\" \/>\n<meta property=\"article:modified_time\" content=\"2026-03-30T16:03:30+00:00\" \/>\n<meta property=\"og:image\" content=\"https:\/\/unnadeluxe.fi\/wp-content\/uploads\/2026\/03\/501086_A.jpg\" \/>\n\t<meta property=\"og:image:width\" content=\"1200\" \/>\n\t<meta property=\"og:image:height\" content=\"1800\" \/>\n\t<meta property=\"og:image:type\" content=\"image\/jpeg\" \/>\n<meta name=\"twitter:card\" content=\"summary_large_image\" \/>\n<meta name=\"twitter:label1\" content=\"Arvioitu lukuaika\" \/>\n\t<meta name=\"twitter:data1\" content=\"1 minuutti\" \/>\n<script type=\"application\/ld+json\" class=\"yoast-schema-graph\">{\"@context\":\"https:\/\/schema.org\",\"@graph\":[{\"@type\":\"WebPage\",\"@id\":\"https:\/\/unnadeluxe.fi\/produkt\/ze-ze-dunja-086-blouse\/\",\"url\":\"https:\/\/unnadeluxe.fi\/produkt\/ze-ze-dunja-086-blouse\/\",\"name\":\"ZE-ZE Dunja 086 Blouse - Unnadeluxe\",\"isPartOf\":{\"@id\":\"https:\/\/unnadeluxe.fi\/#website\"},\"primaryImageOfPage\":{\"@id\":\"https:\/\/unnadeluxe.fi\/produkt\/ze-ze-dunja-086-blouse\/#primaryimage\"},\"image\":{\"@id\":\"https:\/\/unnadeluxe.fi\/produkt\/ze-ze-dunja-086-blouse\/#primaryimage\"},\"thumbnailUrl\":\"https:\/\/unnadeluxe.fi\/wp-content\/uploads\/2026\/03\/501086_A.jpg\",\"datePublished\":\"2026-03-30T15:55:54+00:00\",\"dateModified\":\"2026-03-30T16:03:30+00:00\",\"breadcrumb\":{\"@id\":\"https:\/\/unnadeluxe.fi\/produkt\/ze-ze-dunja-086-blouse\/#breadcrumb\"},\"inLanguage\":\"fi\",\"potentialAction\":[{\"@type\":\"ReadAction\",\"target\":[\"https:\/\/unnadeluxe.fi\/produkt\/ze-ze-dunja-086-blouse\/\"]}]},{\"@type\":\"ImageObject\",\"inLanguage\":\"fi\",\"@id\":\"https:\/\/unnadeluxe.fi\/produkt\/ze-ze-dunja-086-blouse\/#primaryimage\",\"url\":\"https:\/\/unnadeluxe.fi\/wp-content\/uploads\/2026\/03\/501086_A.jpg\",\"contentUrl\":\"https:\/\/unnadeluxe.fi\/wp-content\/uploads\/2026\/03\/501086_A.jpg\",\"width\":1200,\"height\":1800},{\"@type\":\"BreadcrumbList\",\"@id\":\"https:\/\/unnadeluxe.fi\/produkt\/ze-ze-dunja-086-blouse\/#breadcrumb\",\"itemListElement\":[{\"@type\":\"ListItem\",\"position\":1,\"name\":\"Hem\",\"item\":\"https:\/\/unnadeluxe.fi\/\"},{\"@type\":\"ListItem\",\"position\":2,\"name\":\"Shop\",\"item\":\"https:\/\/unnadeluxe.fi\/shop\/\"},{\"@type\":\"ListItem\",\"position\":3,\"name\":\"ZE-ZE Dunja 086 Blouse\"}]},{\"@type\":\"WebSite\",\"@id\":\"https:\/\/unnadeluxe.fi\/#website\",\"url\":\"https:\/\/unnadeluxe.fi\/\",\"name\":\"Unnadeluxe\",\"description\":\"UnnaDeluxe\",\"publisher\":{\"@id\":\"https:\/\/unnadeluxe.fi\/#organization\"},\"potentialAction\":[{\"@type\":\"SearchAction\",\"target\":{\"@type\":\"EntryPoint\",\"urlTemplate\":\"https:\/\/unnadeluxe.fi\/?s={search_term_string}\"},\"query-input\":{\"@type\":\"PropertyValueSpecification\",\"valueRequired\":true,\"valueName\":\"search_term_string\"}}],\"inLanguage\":\"fi\"},{\"@type\":\"Organization\",\"@id\":\"https:\/\/unnadeluxe.fi\/#organization\",\"name\":\"Unnadeluxe\",\"url\":\"https:\/\/unnadeluxe.fi\/\",\"logo\":{\"@type\":\"ImageObject\",\"inLanguage\":\"fi\",\"@id\":\"https:\/\/unnadeluxe.fi\/#\/schema\/logo\/image\/\",\"url\":\"https:\/\/unnadeluxe.fi\/wp-content\/uploads\/2022\/09\/Unna-logo-lingerie-black-and-gold.png\",\"contentUrl\":\"https:\/\/unnadeluxe.fi\/wp-content\/uploads\/2022\/09\/Unna-logo-lingerie-black-and-gold.png\",\"width\":3150,\"height\":3937,\"caption\":\"Unnadeluxe\"},\"image\":{\"@id\":\"https:\/\/unnadeluxe.fi\/#\/schema\/logo\/image\/\"},\"sameAs\":[\"https:\/\/www.facebook.com\/UnnaDeluxe\"]}]}<\/script>\n<!-- \/ Yoast SEO plugin. -->","yoast_head_json":{"title":"ZE-ZE Dunja 086 Blouse - Unnadeluxe","robots":{"index":"index","follow":"follow","max-snippet":"max-snippet:-1","max-image-preview":"max-image-preview:large","max-video-preview":"max-video-preview:-1"},"canonical":"https:\/\/unnadeluxe.fi\/fi\/tuote\/ze-ze-dunja-086-blouse\/","og_locale":"fi_FI","og_type":"article","og_title":"ZE-ZE Dunja 086 Blouse - Unnadeluxe","og_description":"En feminin blus med fina detaljer som skapar ett mjukt och elegant uttryck. Smockdetaljen \u00f6ver bysten ger struktur och form, medan smocken vid \u00e4rmsluten skapar en subtil ballongeffekt. V-ringningen med sm\u00e5 volangdetaljer tillf\u00f6r en romantisk touch, vilket g\u00f6r blusen enkel att styla b\u00e5de till vardags och till mer uppkl\u00e4dda tillf\u00e4llen.  Detaljer som g\u00f6r skillnad \u2022 Smockdetalj \u00f6ver bysten \u2022 Smock vid \u00e4rmarna som skapar en subtil ballongeffekt \u2022 V-ringning med fina volangdetaljer \u2022 L\u00e4tt och feminin silhuett","og_url":"https:\/\/unnadeluxe.fi\/fi\/tuote\/ze-ze-dunja-086-blouse\/","og_site_name":"Unnadeluxe","article_publisher":"https:\/\/www.facebook.com\/UnnaDeluxe","article_modified_time":"2026-03-30T16:03:30+00:00","og_image":[{"width":1200,"height":1800,"url":"https:\/\/unnadeluxe.fi\/wp-content\/uploads\/2026\/03\/501086_A.jpg","type":"image\/jpeg"}],"twitter_card":"summary_large_image","twitter_misc":{"Arvioitu lukuaika":"1 minuutti"},"schema":{"@context":"https:\/\/schema.org","@graph":[{"@type":"WebPage","@id":"https:\/\/unnadeluxe.fi\/produkt\/ze-ze-dunja-086-blouse\/","url":"https:\/\/unnadeluxe.fi\/produkt\/ze-ze-dunja-086-blouse\/","name":"ZE-ZE Dunja 086 Blouse - Unnadeluxe","isPartOf":{"@id":"https:\/\/unnadeluxe.fi\/#website"},"primaryImageOfPage":{"@id":"https:\/\/unnadeluxe.fi\/produkt\/ze-ze-dunja-086-blouse\/#primaryimage"},"image":{"@id":"https:\/\/unnadeluxe.fi\/produkt\/ze-ze-dunja-086-blouse\/#primaryimage"},"thumbnailUrl":"https:\/\/unnadeluxe.fi\/wp-content\/uploads\/2026\/03\/501086_A.jpg","datePublished":"2026-03-30T15:55:54+00:00","dateModified":"2026-03-30T16:03:30+00:00","breadcrumb":{"@id":"https:\/\/unnadeluxe.fi\/produkt\/ze-ze-dunja-086-blouse\/#breadcrumb"},"inLanguage":"fi","potentialAction":[{"@type":"ReadAction","target":["https:\/\/unnadeluxe.fi\/produkt\/ze-ze-dunja-086-blouse\/"]}]},{"@type":"ImageObject","inLanguage":"fi","@id":"https:\/\/unnadeluxe.fi\/produkt\/ze-ze-dunja-086-blouse\/#primaryimage","url":"https:\/\/unnadeluxe.fi\/wp-content\/uploads\/2026\/03\/501086_A.jpg","contentUrl":"https:\/\/unnadeluxe.fi\/wp-content\/uploads\/2026\/03\/501086_A.jpg","width":1200,"height":1800},{"@type":"BreadcrumbList","@id":"https:\/\/unnadeluxe.fi\/produkt\/ze-ze-dunja-086-blouse\/#breadcrumb","itemListElement":[{"@type":"ListItem","position":1,"name":"Hem","item":"https:\/\/unnadeluxe.fi\/"},{"@type":"ListItem","position":2,"name":"Shop","item":"https:\/\/unnadeluxe.fi\/shop\/"},{"@type":"ListItem","position":3,"name":"ZE-ZE Dunja 086 Blouse"}]},{"@type":"WebSite","@id":"https:\/\/unnadeluxe.fi\/#website","url":"https:\/\/unnadeluxe.fi\/","name":"Unnadeluxe","description":"UnnaDeluxe","publisher":{"@id":"https:\/\/unnadeluxe.fi\/#organization"},"potentialAction":[{"@type":"SearchAction","target":{"@type":"EntryPoint","urlTemplate":"https:\/\/unnadeluxe.fi\/?s={search_term_string}"},"query-input":{"@type":"PropertyValueSpecification","valueRequired":true,"valueName":"search_term_string"}}],"inLanguage":"fi"},{"@type":"Organization","@id":"https:\/\/unnadeluxe.fi\/#organization","name":"Unnadeluxe","url":"https:\/\/unnadeluxe.fi\/","logo":{"@type":"ImageObject","inLanguage":"fi","@id":"https:\/\/unnadeluxe.fi\/#\/schema\/logo\/image\/","url":"https:\/\/unnadeluxe.fi\/wp-content\/uploads\/2022\/09\/Unna-logo-lingerie-black-and-gold.png","contentUrl":"https:\/\/unnadeluxe.fi\/wp-content\/uploads\/2022\/09\/Unna-logo-lingerie-black-and-gold.png","width":3150,"height":3937,"caption":"Unnadeluxe"},"image":{"@id":"https:\/\/unnadeluxe.fi\/#\/schema\/logo\/image\/"},"sameAs":["https:\/\/www.facebook.com\/UnnaDeluxe"]}]}},"_links":{"self":[{"href":"https:\/\/unnadeluxe.fi\/fi\/wp-json\/wp\/v2\/product\/8934","targetHints":{"allow":["GET"]}}],"collection":[{"href":"https:\/\/unnadeluxe.fi\/fi\/wp-json\/wp\/v2\/product"}],"about":[{"href":"https:\/\/unnadeluxe.fi\/fi\/wp-json\/wp\/v2\/types\/product"}],"wp:featuredmedia":[{"embeddable":true,"href":"https:\/\/unnadeluxe.fi\/fi\/wp-json\/wp\/v2\/media\/8940"}],"wp:attachment":[{"href":"https:\/\/unnadeluxe.fi\/fi\/wp-json\/wp\/v2\/media?parent=8934"}],"wp:term":[{"taxonomy":"product_brand","embeddable":true,"href":"https:\/\/unnadeluxe.fi\/fi\/wp-json\/wp\/v2\/product_brand?post=8934"},{"taxonomy":"product_cat","embeddable":true,"href":"https:\/\/unnadeluxe.fi\/fi\/wp-json\/wp\/v2\/product_cat?post=8934"},{"taxonomy":"product_tag","embeddable":true,"href":"https:\/\/unnadeluxe.fi\/fi\/wp-json\/wp\/v2\/product_tag?post=8934"}],"curies":[{"name":"wp","href":"https:\/\/api.w.org\/{rel}","templated":true}]}}