{"id":877,"date":"2023-02-27T21:11:30","date_gmt":"2023-02-27T21:11:30","guid":{"rendered":"https:\/\/unnadeluxe.fi\/?post_type=product&#038;p=877"},"modified":"2025-09-13T10:37:48","modified_gmt":"2025-09-13T10:37:48","slug":"satisfyer-balls-training-set-single","status":"publish","type":"product","link":"https:\/\/unnadeluxe.fi\/fi\/tuote\/satisfyer-balls-training-set-single\/","title":{"rendered":"Satisfyer Balls Training Set Single"},"content":{"rendered":"<p>W: 61,9g, 82,1g, 97,9g L: 126mm, \u00d8: 38mm, Material: Silikon<\/p>","protected":false},"excerpt":{"rendered":"<p>Knipkulorna fr\u00e5n Satisfyer f\u00f6rst\u00e4rker b\u00e4ckenbottenmuskulaturen samt ger dig ett mer njutbart sexliv och ett starkare underliv. Anv\u00e4nd knipkulor minst 15 minuter varje dag f\u00f6r att f\u00e5 kontroll \u00f6ver muskulaturen samt ge dig starkare orgasmer.<br \/>\nTr\u00e4ning av muskulaturen i b\u00e4ckenbotten motverkar \u00e4ven inkontinens.<\/p>\n<p>Setet best\u00e5r av 3 knipkulor 61,9g, 82,1g, 97,9g s\u00e5 det passar dig som \u00e4r nyb\u00f6rjare samt du som har erfarenhet av b\u00e4ckenbottentr\u00e4ning. Du kan \u00f6ka vikten n\u00e4r du k\u00e4nner dig redo f\u00f6r en ny utmaning och d\u00e4rmed bygga upp \u00e4nnu b\u00e4ttre kontroll.<\/p>","protected":false},"featured_media":2284,"template":"","meta":[],"product_brand":[],"product_cat":[70,71,72],"product_tag":[],"class_list":{"0":"post-877","1":"product","2":"type-product","3":"status-publish","4":"has-post-thumbnail","6":"product_cat-lust-njutning","7":"product_cat-sexleksaker","8":"product_cat-sexuell-halsa","10":"first","11":"outofstock","12":"taxable","13":"shipping-taxable","14":"purchasable","15":"product-type-simple"},"yoast_head":"<!-- This site is optimized with the Yoast SEO plugin v27.1.1 - https:\/\/yoast.com\/product\/yoast-seo-wordpress\/ -->\n<title>Satisfyer Balls Training Set Single - Unnadeluxe<\/title>\n<meta name=\"robots\" content=\"index, follow, max-snippet:-1, max-image-preview:large, max-video-preview:-1\" \/>\n<link rel=\"canonical\" href=\"https:\/\/unnadeluxe.fi\/fi\/tuote\/satisfyer-balls-training-set-single\/\" \/>\n<meta property=\"og:locale\" content=\"fi_FI\" \/>\n<meta property=\"og:type\" content=\"article\" \/>\n<meta property=\"og:title\" content=\"Satisfyer Balls Training Set Single - Unnadeluxe\" \/>\n<meta property=\"og:description\" content=\"Knipkulorna fr\u00e5n Satisfyer f\u00f6rst\u00e4rker b\u00e4ckenbottenmuskulaturen samt ger dig ett mer njutbart sexliv och ett starkare underliv. Anv\u00e4nd knipkulor minst 15 minuter varje dag f\u00f6r att f\u00e5 kontroll \u00f6ver muskulaturen samt ge dig starkare orgasmer. Tr\u00e4ning av muskulaturen i b\u00e4ckenbotten motverkar \u00e4ven inkontinens.  Setet best\u00e5r av 3 knipkulor 61,9g, 82,1g, 97,9g s\u00e5 det passar dig som \u00e4r nyb\u00f6rjare samt du som har erfarenhet av b\u00e4ckenbottentr\u00e4ning. Du kan \u00f6ka vikten n\u00e4r du k\u00e4nner dig redo f\u00f6r en ny utmaning och d\u00e4rmed bygga upp \u00e4nnu b\u00e4ttre kontroll.\" \/>\n<meta property=\"og:url\" content=\"https:\/\/unnadeluxe.fi\/fi\/tuote\/satisfyer-balls-training-set-single\/\" \/>\n<meta property=\"og:site_name\" content=\"Unnadeluxe\" \/>\n<meta property=\"article:publisher\" content=\"https:\/\/www.facebook.com\/UnnaDeluxe\" \/>\n<meta property=\"article:modified_time\" content=\"2025-09-13T10:37:48+00:00\" \/>\n<meta property=\"og:image\" content=\"https:\/\/unnadeluxe.fi\/wp-content\/uploads\/2023\/02\/410000071000.jpg\" \/>\n\t<meta property=\"og:image:width\" content=\"1181\" \/>\n\t<meta property=\"og:image:height\" content=\"709\" \/>\n\t<meta property=\"og:image:type\" content=\"image\/jpeg\" \/>\n<meta name=\"twitter:card\" content=\"summary_large_image\" \/>\n<meta name=\"twitter:label1\" content=\"Arvioitu lukuaika\" \/>\n\t<meta name=\"twitter:data1\" content=\"1 minuutti\" \/>\n<script type=\"application\/ld+json\" class=\"yoast-schema-graph\">{\"@context\":\"https:\/\/schema.org\",\"@graph\":[{\"@type\":\"WebPage\",\"@id\":\"https:\/\/unnadeluxe.fi\/produkt\/satisfyer-balls-training-set-single\/\",\"url\":\"https:\/\/unnadeluxe.fi\/produkt\/satisfyer-balls-training-set-single\/\",\"name\":\"Satisfyer Balls Training Set Single - Unnadeluxe\",\"isPartOf\":{\"@id\":\"https:\/\/unnadeluxe.fi\/#website\"},\"primaryImageOfPage\":{\"@id\":\"https:\/\/unnadeluxe.fi\/produkt\/satisfyer-balls-training-set-single\/#primaryimage\"},\"image\":{\"@id\":\"https:\/\/unnadeluxe.fi\/produkt\/satisfyer-balls-training-set-single\/#primaryimage\"},\"thumbnailUrl\":\"https:\/\/unnadeluxe.fi\/wp-content\/uploads\/2023\/02\/410000071000.jpg\",\"datePublished\":\"2023-02-27T21:11:30+00:00\",\"dateModified\":\"2025-09-13T10:37:48+00:00\",\"breadcrumb\":{\"@id\":\"https:\/\/unnadeluxe.fi\/produkt\/satisfyer-balls-training-set-single\/#breadcrumb\"},\"inLanguage\":\"fi\",\"potentialAction\":[{\"@type\":\"ReadAction\",\"target\":[\"https:\/\/unnadeluxe.fi\/produkt\/satisfyer-balls-training-set-single\/\"]}]},{\"@type\":\"ImageObject\",\"inLanguage\":\"fi\",\"@id\":\"https:\/\/unnadeluxe.fi\/produkt\/satisfyer-balls-training-set-single\/#primaryimage\",\"url\":\"https:\/\/unnadeluxe.fi\/wp-content\/uploads\/2023\/02\/410000071000.jpg\",\"contentUrl\":\"https:\/\/unnadeluxe.fi\/wp-content\/uploads\/2023\/02\/410000071000.jpg\",\"width\":1181,\"height\":709},{\"@type\":\"BreadcrumbList\",\"@id\":\"https:\/\/unnadeluxe.fi\/produkt\/satisfyer-balls-training-set-single\/#breadcrumb\",\"itemListElement\":[{\"@type\":\"ListItem\",\"position\":1,\"name\":\"Hem\",\"item\":\"https:\/\/unnadeluxe.fi\/\"},{\"@type\":\"ListItem\",\"position\":2,\"name\":\"Shop\",\"item\":\"https:\/\/unnadeluxe.fi\/shop\/\"},{\"@type\":\"ListItem\",\"position\":3,\"name\":\"Satisfyer Balls Training Set Single\"}]},{\"@type\":\"WebSite\",\"@id\":\"https:\/\/unnadeluxe.fi\/#website\",\"url\":\"https:\/\/unnadeluxe.fi\/\",\"name\":\"Unnadeluxe\",\"description\":\"UnnaDeluxe\",\"publisher\":{\"@id\":\"https:\/\/unnadeluxe.fi\/#organization\"},\"potentialAction\":[{\"@type\":\"SearchAction\",\"target\":{\"@type\":\"EntryPoint\",\"urlTemplate\":\"https:\/\/unnadeluxe.fi\/?s={search_term_string}\"},\"query-input\":{\"@type\":\"PropertyValueSpecification\",\"valueRequired\":true,\"valueName\":\"search_term_string\"}}],\"inLanguage\":\"fi\"},{\"@type\":\"Organization\",\"@id\":\"https:\/\/unnadeluxe.fi\/#organization\",\"name\":\"Unnadeluxe\",\"url\":\"https:\/\/unnadeluxe.fi\/\",\"logo\":{\"@type\":\"ImageObject\",\"inLanguage\":\"fi\",\"@id\":\"https:\/\/unnadeluxe.fi\/#\/schema\/logo\/image\/\",\"url\":\"https:\/\/unnadeluxe.fi\/wp-content\/uploads\/2022\/09\/Unna-logo-lingerie-black-and-gold.png\",\"contentUrl\":\"https:\/\/unnadeluxe.fi\/wp-content\/uploads\/2022\/09\/Unna-logo-lingerie-black-and-gold.png\",\"width\":3150,\"height\":3937,\"caption\":\"Unnadeluxe\"},\"image\":{\"@id\":\"https:\/\/unnadeluxe.fi\/#\/schema\/logo\/image\/\"},\"sameAs\":[\"https:\/\/www.facebook.com\/UnnaDeluxe\"]}]}<\/script>\n<!-- \/ Yoast SEO plugin. -->","yoast_head_json":{"title":"Satisfyer Balls Training Set Single - Unnadeluxe","robots":{"index":"index","follow":"follow","max-snippet":"max-snippet:-1","max-image-preview":"max-image-preview:large","max-video-preview":"max-video-preview:-1"},"canonical":"https:\/\/unnadeluxe.fi\/fi\/tuote\/satisfyer-balls-training-set-single\/","og_locale":"fi_FI","og_type":"article","og_title":"Satisfyer Balls Training Set Single - Unnadeluxe","og_description":"Knipkulorna fr\u00e5n Satisfyer f\u00f6rst\u00e4rker b\u00e4ckenbottenmuskulaturen samt ger dig ett mer njutbart sexliv och ett starkare underliv. Anv\u00e4nd knipkulor minst 15 minuter varje dag f\u00f6r att f\u00e5 kontroll \u00f6ver muskulaturen samt ge dig starkare orgasmer. Tr\u00e4ning av muskulaturen i b\u00e4ckenbotten motverkar \u00e4ven inkontinens.  Setet best\u00e5r av 3 knipkulor 61,9g, 82,1g, 97,9g s\u00e5 det passar dig som \u00e4r nyb\u00f6rjare samt du som har erfarenhet av b\u00e4ckenbottentr\u00e4ning. Du kan \u00f6ka vikten n\u00e4r du k\u00e4nner dig redo f\u00f6r en ny utmaning och d\u00e4rmed bygga upp \u00e4nnu b\u00e4ttre kontroll.","og_url":"https:\/\/unnadeluxe.fi\/fi\/tuote\/satisfyer-balls-training-set-single\/","og_site_name":"Unnadeluxe","article_publisher":"https:\/\/www.facebook.com\/UnnaDeluxe","article_modified_time":"2025-09-13T10:37:48+00:00","og_image":[{"width":1181,"height":709,"url":"https:\/\/unnadeluxe.fi\/wp-content\/uploads\/2023\/02\/410000071000.jpg","type":"image\/jpeg"}],"twitter_card":"summary_large_image","twitter_misc":{"Arvioitu lukuaika":"1 minuutti"},"schema":{"@context":"https:\/\/schema.org","@graph":[{"@type":"WebPage","@id":"https:\/\/unnadeluxe.fi\/produkt\/satisfyer-balls-training-set-single\/","url":"https:\/\/unnadeluxe.fi\/produkt\/satisfyer-balls-training-set-single\/","name":"Satisfyer Balls Training Set Single - Unnadeluxe","isPartOf":{"@id":"https:\/\/unnadeluxe.fi\/#website"},"primaryImageOfPage":{"@id":"https:\/\/unnadeluxe.fi\/produkt\/satisfyer-balls-training-set-single\/#primaryimage"},"image":{"@id":"https:\/\/unnadeluxe.fi\/produkt\/satisfyer-balls-training-set-single\/#primaryimage"},"thumbnailUrl":"https:\/\/unnadeluxe.fi\/wp-content\/uploads\/2023\/02\/410000071000.jpg","datePublished":"2023-02-27T21:11:30+00:00","dateModified":"2025-09-13T10:37:48+00:00","breadcrumb":{"@id":"https:\/\/unnadeluxe.fi\/produkt\/satisfyer-balls-training-set-single\/#breadcrumb"},"inLanguage":"fi","potentialAction":[{"@type":"ReadAction","target":["https:\/\/unnadeluxe.fi\/produkt\/satisfyer-balls-training-set-single\/"]}]},{"@type":"ImageObject","inLanguage":"fi","@id":"https:\/\/unnadeluxe.fi\/produkt\/satisfyer-balls-training-set-single\/#primaryimage","url":"https:\/\/unnadeluxe.fi\/wp-content\/uploads\/2023\/02\/410000071000.jpg","contentUrl":"https:\/\/unnadeluxe.fi\/wp-content\/uploads\/2023\/02\/410000071000.jpg","width":1181,"height":709},{"@type":"BreadcrumbList","@id":"https:\/\/unnadeluxe.fi\/produkt\/satisfyer-balls-training-set-single\/#breadcrumb","itemListElement":[{"@type":"ListItem","position":1,"name":"Hem","item":"https:\/\/unnadeluxe.fi\/"},{"@type":"ListItem","position":2,"name":"Shop","item":"https:\/\/unnadeluxe.fi\/shop\/"},{"@type":"ListItem","position":3,"name":"Satisfyer Balls Training Set Single"}]},{"@type":"WebSite","@id":"https:\/\/unnadeluxe.fi\/#website","url":"https:\/\/unnadeluxe.fi\/","name":"Unnadeluxe","description":"UnnaDeluxe","publisher":{"@id":"https:\/\/unnadeluxe.fi\/#organization"},"potentialAction":[{"@type":"SearchAction","target":{"@type":"EntryPoint","urlTemplate":"https:\/\/unnadeluxe.fi\/?s={search_term_string}"},"query-input":{"@type":"PropertyValueSpecification","valueRequired":true,"valueName":"search_term_string"}}],"inLanguage":"fi"},{"@type":"Organization","@id":"https:\/\/unnadeluxe.fi\/#organization","name":"Unnadeluxe","url":"https:\/\/unnadeluxe.fi\/","logo":{"@type":"ImageObject","inLanguage":"fi","@id":"https:\/\/unnadeluxe.fi\/#\/schema\/logo\/image\/","url":"https:\/\/unnadeluxe.fi\/wp-content\/uploads\/2022\/09\/Unna-logo-lingerie-black-and-gold.png","contentUrl":"https:\/\/unnadeluxe.fi\/wp-content\/uploads\/2022\/09\/Unna-logo-lingerie-black-and-gold.png","width":3150,"height":3937,"caption":"Unnadeluxe"},"image":{"@id":"https:\/\/unnadeluxe.fi\/#\/schema\/logo\/image\/"},"sameAs":["https:\/\/www.facebook.com\/UnnaDeluxe"]}]}},"_links":{"self":[{"href":"https:\/\/unnadeluxe.fi\/fi\/wp-json\/wp\/v2\/product\/877","targetHints":{"allow":["GET"]}}],"collection":[{"href":"https:\/\/unnadeluxe.fi\/fi\/wp-json\/wp\/v2\/product"}],"about":[{"href":"https:\/\/unnadeluxe.fi\/fi\/wp-json\/wp\/v2\/types\/product"}],"wp:featuredmedia":[{"embeddable":true,"href":"https:\/\/unnadeluxe.fi\/fi\/wp-json\/wp\/v2\/media\/2284"}],"wp:attachment":[{"href":"https:\/\/unnadeluxe.fi\/fi\/wp-json\/wp\/v2\/media?parent=877"}],"wp:term":[{"taxonomy":"product_brand","embeddable":true,"href":"https:\/\/unnadeluxe.fi\/fi\/wp-json\/wp\/v2\/product_brand?post=877"},{"taxonomy":"product_cat","embeddable":true,"href":"https:\/\/unnadeluxe.fi\/fi\/wp-json\/wp\/v2\/product_cat?post=877"},{"taxonomy":"product_tag","embeddable":true,"href":"https:\/\/unnadeluxe.fi\/fi\/wp-json\/wp\/v2\/product_tag?post=877"}],"curies":[{"name":"wp","href":"https:\/\/api.w.org\/{rel}","templated":true}]}}