{"id":8427,"date":"2026-03-02T20:35:53","date_gmt":"2026-03-02T20:35:53","guid":{"rendered":"https:\/\/unnadeluxe.fi\/?post_type=product&#038;p=8427"},"modified":"2026-03-07T09:16:51","modified_gmt":"2026-03-07T09:16:51","slug":"anita-extreme-control-plus-sports-bra","status":"publish","type":"product","link":"https:\/\/unnadeluxe.fi\/fi\/tuote\/anita-extreme-control-plus-sports-bra\/","title":{"rendered":"Anita Active Extreme Control Plus Sports Bra"},"content":{"rendered":"<p>Anita Extreme Control Plus \u00e4r en sport-bh med maximal support, s\u00e4rskilt utvecklad f\u00f6r st\u00f6rre kupstorlekar<br \/>\nMaterial: 51% Polyester, 44% Nylon, 5% Elastan<br \/>\nF\u00e4rg:Svart\/gr\u00e5<\/p>","protected":false},"excerpt":{"rendered":"<p>Anita Extreme Control Plus Sports Bra \u2013 extra stark support i st\u00f6rre kupstorlekar<\/p>\n<p>Anita Extreme Control Plus \u00e4r en sport-bh med maximal support, s\u00e4rskilt utvecklad f\u00f6r st\u00f6rre kupstorlekar. Den kombinerar genomt\u00e4nkt konstruktion med h\u00f6g komfort och ger ett stabilt st\u00f6d \u00e4ven vid tr\u00e4ning med h\u00f6g intensitet.<\/p>\n<p>De tredelade kuporna formar och lyfter bysten samtidigt som den smarta sidost\u00f6dsfunktionen ger extra stabilitet. Resultatet \u00e4r en s\u00e4ker k\u00e4nsla med minimerad r\u00f6relse \u2013 perfekt f\u00f6r l\u00f6pning, gymtr\u00e4ning och andra intensiva aktiviteter. Insidan \u00e4r s\u00f6ml\u00f6s mot huden f\u00f6r att motverka skav, medan utsidan ger en definierad och stabil passform.<\/p>\n<p>De ergonomiskt formade, vadderade axelbanden avlastar axlar och nacke och blir bredare i st\u00f6rre storlekar f\u00f6r optimal komfort. Den stadiga ryggdesignen bidrar ytterligare till den h\u00f6ga st\u00f6dniv\u00e5n.<\/p>","protected":false},"featured_media":8458,"template":"","meta":[],"product_brand":[80],"product_cat":[28,27,59],"product_tag":[],"class_list":{"0":"post-8427","1":"product","2":"type-product","3":"status-publish","4":"has-post-thumbnail","6":"product_brand-anita","7":"product_cat-bhn","8":"product_cat-underklader","9":"product_cat-sport-bh","11":"first","12":"instock","13":"taxable","14":"shipping-taxable","15":"purchasable","16":"product-type-variable"},"yoast_head":"<!-- This site is optimized with the Yoast SEO plugin v27.5 - https:\/\/yoast.com\/product\/yoast-seo-wordpress\/ -->\n<title>Anita Active Extreme Control Plus Sports Bra - Unnadeluxe<\/title>\n<meta name=\"robots\" content=\"index, follow, max-snippet:-1, max-image-preview:large, max-video-preview:-1\" \/>\n<link rel=\"canonical\" href=\"https:\/\/unnadeluxe.fi\/fi\/tuote\/anita-extreme-control-plus-sports-bra\/\" \/>\n<meta property=\"og:locale\" content=\"fi_FI\" \/>\n<meta property=\"og:type\" content=\"article\" \/>\n<meta property=\"og:title\" content=\"Anita Active Extreme Control Plus Sports Bra - Unnadeluxe\" \/>\n<meta property=\"og:description\" content=\"Anita Extreme Control Plus Sports Bra \u2013 extra stark support i st\u00f6rre kupstorlekar  Anita Extreme Control Plus \u00e4r en sport-bh med maximal support, s\u00e4rskilt utvecklad f\u00f6r st\u00f6rre kupstorlekar. Den kombinerar genomt\u00e4nkt konstruktion med h\u00f6g komfort och ger ett stabilt st\u00f6d \u00e4ven vid tr\u00e4ning med h\u00f6g intensitet.  De tredelade kuporna formar och lyfter bysten samtidigt som den smarta sidost\u00f6dsfunktionen ger extra stabilitet. Resultatet \u00e4r en s\u00e4ker k\u00e4nsla med minimerad r\u00f6relse \u2013 perfekt f\u00f6r l\u00f6pning, gymtr\u00e4ning och andra intensiva aktiviteter. Insidan \u00e4r s\u00f6ml\u00f6s mot huden f\u00f6r att motverka skav, medan utsidan ger en definierad och stabil passform.  De ergonomiskt formade, vadderade axelbanden avlastar axlar och nacke och blir bredare i st\u00f6rre storlekar f\u00f6r optimal komfort. Den stadiga ryggdesignen bidrar ytterligare till den h\u00f6ga st\u00f6dniv\u00e5n.\" \/>\n<meta property=\"og:url\" content=\"https:\/\/unnadeluxe.fi\/fi\/tuote\/anita-extreme-control-plus-sports-bra\/\" \/>\n<meta property=\"og:site_name\" content=\"Unnadeluxe\" \/>\n<meta property=\"article:publisher\" content=\"https:\/\/www.facebook.com\/UnnaDeluxe\" \/>\n<meta property=\"article:modified_time\" content=\"2026-03-07T09:16:51+00:00\" \/>\n<meta property=\"og:image\" content=\"https:\/\/unnadeluxe.fi\/wp-content\/uploads\/2026\/03\/5567_445_FS_rgb_1920.jpg\" \/>\n\t<meta property=\"og:image:width\" content=\"1536\" \/>\n\t<meta property=\"og:image:height\" content=\"1920\" \/>\n\t<meta property=\"og:image:type\" content=\"image\/jpeg\" \/>\n<meta name=\"twitter:card\" content=\"summary_large_image\" \/>\n<meta name=\"twitter:label1\" content=\"Arvioitu lukuaika\" \/>\n\t<meta name=\"twitter:data1\" content=\"1 minuutti\" \/>\n<script type=\"application\/ld+json\" class=\"yoast-schema-graph\">{\"@context\":\"https:\\\/\\\/schema.org\",\"@graph\":[{\"@type\":\"WebPage\",\"@id\":\"https:\\\/\\\/unnadeluxe.fi\\\/produkt\\\/anita-extreme-control-plus-sports-bra\\\/\",\"url\":\"https:\\\/\\\/unnadeluxe.fi\\\/produkt\\\/anita-extreme-control-plus-sports-bra\\\/\",\"name\":\"Anita Active Extreme Control Plus Sports Bra - Unnadeluxe\",\"isPartOf\":{\"@id\":\"https:\\\/\\\/unnadeluxe.fi\\\/#website\"},\"primaryImageOfPage\":{\"@id\":\"https:\\\/\\\/unnadeluxe.fi\\\/produkt\\\/anita-extreme-control-plus-sports-bra\\\/#primaryimage\"},\"image\":{\"@id\":\"https:\\\/\\\/unnadeluxe.fi\\\/produkt\\\/anita-extreme-control-plus-sports-bra\\\/#primaryimage\"},\"thumbnailUrl\":\"https:\\\/\\\/unnadeluxe.fi\\\/wp-content\\\/uploads\\\/2026\\\/03\\\/5567_445_FS_rgb_1920.jpg\",\"datePublished\":\"2026-03-02T20:35:53+00:00\",\"dateModified\":\"2026-03-07T09:16:51+00:00\",\"breadcrumb\":{\"@id\":\"https:\\\/\\\/unnadeluxe.fi\\\/produkt\\\/anita-extreme-control-plus-sports-bra\\\/#breadcrumb\"},\"inLanguage\":\"fi\",\"potentialAction\":[{\"@type\":\"ReadAction\",\"target\":[\"https:\\\/\\\/unnadeluxe.fi\\\/produkt\\\/anita-extreme-control-plus-sports-bra\\\/\"]}]},{\"@type\":\"ImageObject\",\"inLanguage\":\"fi\",\"@id\":\"https:\\\/\\\/unnadeluxe.fi\\\/produkt\\\/anita-extreme-control-plus-sports-bra\\\/#primaryimage\",\"url\":\"https:\\\/\\\/unnadeluxe.fi\\\/wp-content\\\/uploads\\\/2026\\\/03\\\/5567_445_FS_rgb_1920.jpg\",\"contentUrl\":\"https:\\\/\\\/unnadeluxe.fi\\\/wp-content\\\/uploads\\\/2026\\\/03\\\/5567_445_FS_rgb_1920.jpg\",\"width\":1536,\"height\":1920},{\"@type\":\"BreadcrumbList\",\"@id\":\"https:\\\/\\\/unnadeluxe.fi\\\/produkt\\\/anita-extreme-control-plus-sports-bra\\\/#breadcrumb\",\"itemListElement\":[{\"@type\":\"ListItem\",\"position\":1,\"name\":\"Hem\",\"item\":\"https:\\\/\\\/unnadeluxe.fi\\\/\"},{\"@type\":\"ListItem\",\"position\":2,\"name\":\"Shop\",\"item\":\"https:\\\/\\\/unnadeluxe.fi\\\/shop\\\/\"},{\"@type\":\"ListItem\",\"position\":3,\"name\":\"Anita Active Extreme Control Plus Sports Bra\"}]},{\"@type\":\"WebSite\",\"@id\":\"https:\\\/\\\/unnadeluxe.fi\\\/#website\",\"url\":\"https:\\\/\\\/unnadeluxe.fi\\\/\",\"name\":\"Unnadeluxe\",\"description\":\"UnnaDeluxe\",\"publisher\":{\"@id\":\"https:\\\/\\\/unnadeluxe.fi\\\/#organization\"},\"potentialAction\":[{\"@type\":\"SearchAction\",\"target\":{\"@type\":\"EntryPoint\",\"urlTemplate\":\"https:\\\/\\\/unnadeluxe.fi\\\/?s={search_term_string}\"},\"query-input\":{\"@type\":\"PropertyValueSpecification\",\"valueRequired\":true,\"valueName\":\"search_term_string\"}}],\"inLanguage\":\"fi\"},{\"@type\":\"Organization\",\"@id\":\"https:\\\/\\\/unnadeluxe.fi\\\/#organization\",\"name\":\"Unnadeluxe\",\"url\":\"https:\\\/\\\/unnadeluxe.fi\\\/\",\"logo\":{\"@type\":\"ImageObject\",\"inLanguage\":\"fi\",\"@id\":\"https:\\\/\\\/unnadeluxe.fi\\\/#\\\/schema\\\/logo\\\/image\\\/\",\"url\":\"https:\\\/\\\/unnadeluxe.fi\\\/wp-content\\\/uploads\\\/2022\\\/09\\\/Unna-logo-lingerie-black-and-gold.png\",\"contentUrl\":\"https:\\\/\\\/unnadeluxe.fi\\\/wp-content\\\/uploads\\\/2022\\\/09\\\/Unna-logo-lingerie-black-and-gold.png\",\"width\":3150,\"height\":3937,\"caption\":\"Unnadeluxe\"},\"image\":{\"@id\":\"https:\\\/\\\/unnadeluxe.fi\\\/#\\\/schema\\\/logo\\\/image\\\/\"},\"sameAs\":[\"https:\\\/\\\/www.facebook.com\\\/UnnaDeluxe\"]}]}<\/script>\n<!-- \/ Yoast SEO plugin. -->","yoast_head_json":{"title":"Anita Active Extreme Control Plus Sports Bra - Unnadeluxe","robots":{"index":"index","follow":"follow","max-snippet":"max-snippet:-1","max-image-preview":"max-image-preview:large","max-video-preview":"max-video-preview:-1"},"canonical":"https:\/\/unnadeluxe.fi\/fi\/tuote\/anita-extreme-control-plus-sports-bra\/","og_locale":"fi_FI","og_type":"article","og_title":"Anita Active Extreme Control Plus Sports Bra - Unnadeluxe","og_description":"Anita Extreme Control Plus Sports Bra \u2013 extra stark support i st\u00f6rre kupstorlekar  Anita Extreme Control Plus \u00e4r en sport-bh med maximal support, s\u00e4rskilt utvecklad f\u00f6r st\u00f6rre kupstorlekar. Den kombinerar genomt\u00e4nkt konstruktion med h\u00f6g komfort och ger ett stabilt st\u00f6d \u00e4ven vid tr\u00e4ning med h\u00f6g intensitet.  De tredelade kuporna formar och lyfter bysten samtidigt som den smarta sidost\u00f6dsfunktionen ger extra stabilitet. Resultatet \u00e4r en s\u00e4ker k\u00e4nsla med minimerad r\u00f6relse \u2013 perfekt f\u00f6r l\u00f6pning, gymtr\u00e4ning och andra intensiva aktiviteter. Insidan \u00e4r s\u00f6ml\u00f6s mot huden f\u00f6r att motverka skav, medan utsidan ger en definierad och stabil passform.  De ergonomiskt formade, vadderade axelbanden avlastar axlar och nacke och blir bredare i st\u00f6rre storlekar f\u00f6r optimal komfort. Den stadiga ryggdesignen bidrar ytterligare till den h\u00f6ga st\u00f6dniv\u00e5n.","og_url":"https:\/\/unnadeluxe.fi\/fi\/tuote\/anita-extreme-control-plus-sports-bra\/","og_site_name":"Unnadeluxe","article_publisher":"https:\/\/www.facebook.com\/UnnaDeluxe","article_modified_time":"2026-03-07T09:16:51+00:00","og_image":[{"width":1536,"height":1920,"url":"https:\/\/unnadeluxe.fi\/wp-content\/uploads\/2026\/03\/5567_445_FS_rgb_1920.jpg","type":"image\/jpeg"}],"twitter_card":"summary_large_image","twitter_misc":{"Arvioitu lukuaika":"1 minuutti"},"schema":{"@context":"https:\/\/schema.org","@graph":[{"@type":"WebPage","@id":"https:\/\/unnadeluxe.fi\/produkt\/anita-extreme-control-plus-sports-bra\/","url":"https:\/\/unnadeluxe.fi\/produkt\/anita-extreme-control-plus-sports-bra\/","name":"Anita Active Extreme Control Plus Sports Bra - Unnadeluxe","isPartOf":{"@id":"https:\/\/unnadeluxe.fi\/#website"},"primaryImageOfPage":{"@id":"https:\/\/unnadeluxe.fi\/produkt\/anita-extreme-control-plus-sports-bra\/#primaryimage"},"image":{"@id":"https:\/\/unnadeluxe.fi\/produkt\/anita-extreme-control-plus-sports-bra\/#primaryimage"},"thumbnailUrl":"https:\/\/unnadeluxe.fi\/wp-content\/uploads\/2026\/03\/5567_445_FS_rgb_1920.jpg","datePublished":"2026-03-02T20:35:53+00:00","dateModified":"2026-03-07T09:16:51+00:00","breadcrumb":{"@id":"https:\/\/unnadeluxe.fi\/produkt\/anita-extreme-control-plus-sports-bra\/#breadcrumb"},"inLanguage":"fi","potentialAction":[{"@type":"ReadAction","target":["https:\/\/unnadeluxe.fi\/produkt\/anita-extreme-control-plus-sports-bra\/"]}]},{"@type":"ImageObject","inLanguage":"fi","@id":"https:\/\/unnadeluxe.fi\/produkt\/anita-extreme-control-plus-sports-bra\/#primaryimage","url":"https:\/\/unnadeluxe.fi\/wp-content\/uploads\/2026\/03\/5567_445_FS_rgb_1920.jpg","contentUrl":"https:\/\/unnadeluxe.fi\/wp-content\/uploads\/2026\/03\/5567_445_FS_rgb_1920.jpg","width":1536,"height":1920},{"@type":"BreadcrumbList","@id":"https:\/\/unnadeluxe.fi\/produkt\/anita-extreme-control-plus-sports-bra\/#breadcrumb","itemListElement":[{"@type":"ListItem","position":1,"name":"Hem","item":"https:\/\/unnadeluxe.fi\/"},{"@type":"ListItem","position":2,"name":"Shop","item":"https:\/\/unnadeluxe.fi\/shop\/"},{"@type":"ListItem","position":3,"name":"Anita Active Extreme Control Plus Sports Bra"}]},{"@type":"WebSite","@id":"https:\/\/unnadeluxe.fi\/#website","url":"https:\/\/unnadeluxe.fi\/","name":"Unnadeluxe","description":"UnnaDeluxe","publisher":{"@id":"https:\/\/unnadeluxe.fi\/#organization"},"potentialAction":[{"@type":"SearchAction","target":{"@type":"EntryPoint","urlTemplate":"https:\/\/unnadeluxe.fi\/?s={search_term_string}"},"query-input":{"@type":"PropertyValueSpecification","valueRequired":true,"valueName":"search_term_string"}}],"inLanguage":"fi"},{"@type":"Organization","@id":"https:\/\/unnadeluxe.fi\/#organization","name":"Unnadeluxe","url":"https:\/\/unnadeluxe.fi\/","logo":{"@type":"ImageObject","inLanguage":"fi","@id":"https:\/\/unnadeluxe.fi\/#\/schema\/logo\/image\/","url":"https:\/\/unnadeluxe.fi\/wp-content\/uploads\/2022\/09\/Unna-logo-lingerie-black-and-gold.png","contentUrl":"https:\/\/unnadeluxe.fi\/wp-content\/uploads\/2022\/09\/Unna-logo-lingerie-black-and-gold.png","width":3150,"height":3937,"caption":"Unnadeluxe"},"image":{"@id":"https:\/\/unnadeluxe.fi\/#\/schema\/logo\/image\/"},"sameAs":["https:\/\/www.facebook.com\/UnnaDeluxe"]}]}},"_links":{"self":[{"href":"https:\/\/unnadeluxe.fi\/fi\/wp-json\/wp\/v2\/product\/8427","targetHints":{"allow":["GET"]}}],"collection":[{"href":"https:\/\/unnadeluxe.fi\/fi\/wp-json\/wp\/v2\/product"}],"about":[{"href":"https:\/\/unnadeluxe.fi\/fi\/wp-json\/wp\/v2\/types\/product"}],"wp:featuredmedia":[{"embeddable":true,"href":"https:\/\/unnadeluxe.fi\/fi\/wp-json\/wp\/v2\/media\/8458"}],"wp:attachment":[{"href":"https:\/\/unnadeluxe.fi\/fi\/wp-json\/wp\/v2\/media?parent=8427"}],"wp:term":[{"taxonomy":"product_brand","embeddable":true,"href":"https:\/\/unnadeluxe.fi\/fi\/wp-json\/wp\/v2\/product_brand?post=8427"},{"taxonomy":"product_cat","embeddable":true,"href":"https:\/\/unnadeluxe.fi\/fi\/wp-json\/wp\/v2\/product_cat?post=8427"},{"taxonomy":"product_tag","embeddable":true,"href":"https:\/\/unnadeluxe.fi\/fi\/wp-json\/wp\/v2\/product_tag?post=8427"}],"curies":[{"name":"wp","href":"https:\/\/api.w.org\/{rel}","templated":true}]}}