{"id":8327,"date":"2026-02-28T15:00:30","date_gmt":"2026-02-28T15:00:30","guid":{"rendered":"https:\/\/unnadeluxe.fi\/?post_type=product&#038;p=8327"},"modified":"2026-02-28T15:05:36","modified_gmt":"2026-02-28T15:05:36","slug":"eros-toy-glide","status":"publish","type":"product","link":"https:\/\/unnadeluxe.fi\/fi\/tuote\/eros-toy-glide\/","title":{"rendered":"EROS Toy Glide"},"content":{"rendered":"<p>Glidmedel f\u00f6r silikonleksaker<br \/>\nF\u00e4rgl\u00f6st, luktfritt och smakl\u00f6st<br \/>\nInga konserveringsmedel<br \/>\nS\u00e4kert att anv\u00e4nda med latexkondomer<br \/>\nMycket drygt<br \/>\nPassar \u00e4ven andra leksaker<\/p>\n<p>S\u00e4rskilt utvecklat f\u00f6r sexleksaker tillverkade i silikon!<br \/>\n100ml<br \/>\nDimethicone, Dimethiconol<\/p>","protected":false},"excerpt":{"rendered":"<p>Detta glidmedel kombinerar alla f\u00f6rdelar med EROS silikonbaserade glidmedel utan att skada ytan p\u00e5 sexleksaker i silikon. Det \u00e4r \u00e4ven l\u00e4mpligt f\u00f6r andra typer av leksaker. Dermatologiskt testat f\u00f6r kompatibilitet med slemhinnor och hud. F\u00e4rg- och luktfritt, smakl\u00f6st och utan konserveringsmedel. Mycket drygt i anv\u00e4ndning. S\u00e4kert att anv\u00e4nda med latexkondomer.<\/p>\n<p>100 ml flaska<\/p>","protected":false},"featured_media":8328,"template":"","meta":[],"product_brand":[],"product_cat":[70,73],"product_tag":[],"class_list":{"0":"post-8327","1":"product","2":"type-product","3":"status-publish","4":"has-post-thumbnail","6":"product_cat-lust-njutning","7":"product_cat-massage-och-glidmedel","9":"first","10":"instock","11":"taxable","12":"shipping-taxable","13":"purchasable","14":"product-type-simple"},"yoast_head":"<!-- This site is optimized with the Yoast SEO plugin v27.1.1 - https:\/\/yoast.com\/product\/yoast-seo-wordpress\/ -->\n<title>EROS Toy Glide - Unnadeluxe<\/title>\n<meta name=\"robots\" content=\"index, follow, max-snippet:-1, max-image-preview:large, max-video-preview:-1\" \/>\n<link rel=\"canonical\" href=\"https:\/\/unnadeluxe.fi\/fi\/tuote\/eros-toy-glide\/\" \/>\n<meta property=\"og:locale\" content=\"fi_FI\" \/>\n<meta property=\"og:type\" content=\"article\" \/>\n<meta property=\"og:title\" content=\"EROS Toy Glide - Unnadeluxe\" \/>\n<meta property=\"og:description\" content=\"Detta glidmedel kombinerar alla f\u00f6rdelar med EROS silikonbaserade glidmedel utan att skada ytan p\u00e5 sexleksaker i silikon. Det \u00e4r \u00e4ven l\u00e4mpligt f\u00f6r andra typer av leksaker. Dermatologiskt testat f\u00f6r kompatibilitet med slemhinnor och hud. F\u00e4rg- och luktfritt, smakl\u00f6st och utan konserveringsmedel. Mycket drygt i anv\u00e4ndning. S\u00e4kert att anv\u00e4nda med latexkondomer.  100 ml flaska\" \/>\n<meta property=\"og:url\" content=\"https:\/\/unnadeluxe.fi\/fi\/tuote\/eros-toy-glide\/\" \/>\n<meta property=\"og:site_name\" content=\"Unnadeluxe\" \/>\n<meta property=\"article:publisher\" content=\"https:\/\/www.facebook.com\/UnnaDeluxe\" \/>\n<meta property=\"article:modified_time\" content=\"2026-02-28T15:05:36+00:00\" \/>\n<meta property=\"og:image\" content=\"https:\/\/unnadeluxe.fi\/wp-content\/uploads\/2026\/02\/06188020000_nor_a.jpg\" \/>\n\t<meta property=\"og:image:width\" content=\"332\" \/>\n\t<meta property=\"og:image:height\" content=\"1000\" \/>\n\t<meta property=\"og:image:type\" content=\"image\/jpeg\" \/>\n<meta name=\"twitter:card\" content=\"summary_large_image\" \/>\n<meta name=\"twitter:label1\" content=\"Arvioitu lukuaika\" \/>\n\t<meta name=\"twitter:data1\" content=\"1 minuutti\" \/>\n<script type=\"application\/ld+json\" class=\"yoast-schema-graph\">{\"@context\":\"https:\/\/schema.org\",\"@graph\":[{\"@type\":\"WebPage\",\"@id\":\"https:\/\/unnadeluxe.fi\/produkt\/eros-toy-glide\/\",\"url\":\"https:\/\/unnadeluxe.fi\/produkt\/eros-toy-glide\/\",\"name\":\"EROS Toy Glide - Unnadeluxe\",\"isPartOf\":{\"@id\":\"https:\/\/unnadeluxe.fi\/#website\"},\"primaryImageOfPage\":{\"@id\":\"https:\/\/unnadeluxe.fi\/produkt\/eros-toy-glide\/#primaryimage\"},\"image\":{\"@id\":\"https:\/\/unnadeluxe.fi\/produkt\/eros-toy-glide\/#primaryimage\"},\"thumbnailUrl\":\"https:\/\/unnadeluxe.fi\/wp-content\/uploads\/2026\/02\/06188020000_nor_a.jpg\",\"datePublished\":\"2026-02-28T15:00:30+00:00\",\"dateModified\":\"2026-02-28T15:05:36+00:00\",\"breadcrumb\":{\"@id\":\"https:\/\/unnadeluxe.fi\/produkt\/eros-toy-glide\/#breadcrumb\"},\"inLanguage\":\"fi\",\"potentialAction\":[{\"@type\":\"ReadAction\",\"target\":[\"https:\/\/unnadeluxe.fi\/produkt\/eros-toy-glide\/\"]}]},{\"@type\":\"ImageObject\",\"inLanguage\":\"fi\",\"@id\":\"https:\/\/unnadeluxe.fi\/produkt\/eros-toy-glide\/#primaryimage\",\"url\":\"https:\/\/unnadeluxe.fi\/wp-content\/uploads\/2026\/02\/06188020000_nor_a.jpg\",\"contentUrl\":\"https:\/\/unnadeluxe.fi\/wp-content\/uploads\/2026\/02\/06188020000_nor_a.jpg\",\"width\":332,\"height\":1000},{\"@type\":\"BreadcrumbList\",\"@id\":\"https:\/\/unnadeluxe.fi\/produkt\/eros-toy-glide\/#breadcrumb\",\"itemListElement\":[{\"@type\":\"ListItem\",\"position\":1,\"name\":\"Hem\",\"item\":\"https:\/\/unnadeluxe.fi\/\"},{\"@type\":\"ListItem\",\"position\":2,\"name\":\"Shop\",\"item\":\"https:\/\/unnadeluxe.fi\/shop\/\"},{\"@type\":\"ListItem\",\"position\":3,\"name\":\"EROS Toy Glide\"}]},{\"@type\":\"WebSite\",\"@id\":\"https:\/\/unnadeluxe.fi\/#website\",\"url\":\"https:\/\/unnadeluxe.fi\/\",\"name\":\"Unnadeluxe\",\"description\":\"UnnaDeluxe\",\"publisher\":{\"@id\":\"https:\/\/unnadeluxe.fi\/#organization\"},\"potentialAction\":[{\"@type\":\"SearchAction\",\"target\":{\"@type\":\"EntryPoint\",\"urlTemplate\":\"https:\/\/unnadeluxe.fi\/?s={search_term_string}\"},\"query-input\":{\"@type\":\"PropertyValueSpecification\",\"valueRequired\":true,\"valueName\":\"search_term_string\"}}],\"inLanguage\":\"fi\"},{\"@type\":\"Organization\",\"@id\":\"https:\/\/unnadeluxe.fi\/#organization\",\"name\":\"Unnadeluxe\",\"url\":\"https:\/\/unnadeluxe.fi\/\",\"logo\":{\"@type\":\"ImageObject\",\"inLanguage\":\"fi\",\"@id\":\"https:\/\/unnadeluxe.fi\/#\/schema\/logo\/image\/\",\"url\":\"https:\/\/unnadeluxe.fi\/wp-content\/uploads\/2022\/09\/Unna-logo-lingerie-black-and-gold.png\",\"contentUrl\":\"https:\/\/unnadeluxe.fi\/wp-content\/uploads\/2022\/09\/Unna-logo-lingerie-black-and-gold.png\",\"width\":3150,\"height\":3937,\"caption\":\"Unnadeluxe\"},\"image\":{\"@id\":\"https:\/\/unnadeluxe.fi\/#\/schema\/logo\/image\/\"},\"sameAs\":[\"https:\/\/www.facebook.com\/UnnaDeluxe\"]}]}<\/script>\n<!-- \/ Yoast SEO plugin. -->","yoast_head_json":{"title":"EROS Toy Glide - Unnadeluxe","robots":{"index":"index","follow":"follow","max-snippet":"max-snippet:-1","max-image-preview":"max-image-preview:large","max-video-preview":"max-video-preview:-1"},"canonical":"https:\/\/unnadeluxe.fi\/fi\/tuote\/eros-toy-glide\/","og_locale":"fi_FI","og_type":"article","og_title":"EROS Toy Glide - Unnadeluxe","og_description":"Detta glidmedel kombinerar alla f\u00f6rdelar med EROS silikonbaserade glidmedel utan att skada ytan p\u00e5 sexleksaker i silikon. Det \u00e4r \u00e4ven l\u00e4mpligt f\u00f6r andra typer av leksaker. Dermatologiskt testat f\u00f6r kompatibilitet med slemhinnor och hud. F\u00e4rg- och luktfritt, smakl\u00f6st och utan konserveringsmedel. Mycket drygt i anv\u00e4ndning. S\u00e4kert att anv\u00e4nda med latexkondomer.  100 ml flaska","og_url":"https:\/\/unnadeluxe.fi\/fi\/tuote\/eros-toy-glide\/","og_site_name":"Unnadeluxe","article_publisher":"https:\/\/www.facebook.com\/UnnaDeluxe","article_modified_time":"2026-02-28T15:05:36+00:00","og_image":[{"width":332,"height":1000,"url":"https:\/\/unnadeluxe.fi\/wp-content\/uploads\/2026\/02\/06188020000_nor_a.jpg","type":"image\/jpeg"}],"twitter_card":"summary_large_image","twitter_misc":{"Arvioitu lukuaika":"1 minuutti"},"schema":{"@context":"https:\/\/schema.org","@graph":[{"@type":"WebPage","@id":"https:\/\/unnadeluxe.fi\/produkt\/eros-toy-glide\/","url":"https:\/\/unnadeluxe.fi\/produkt\/eros-toy-glide\/","name":"EROS Toy Glide - Unnadeluxe","isPartOf":{"@id":"https:\/\/unnadeluxe.fi\/#website"},"primaryImageOfPage":{"@id":"https:\/\/unnadeluxe.fi\/produkt\/eros-toy-glide\/#primaryimage"},"image":{"@id":"https:\/\/unnadeluxe.fi\/produkt\/eros-toy-glide\/#primaryimage"},"thumbnailUrl":"https:\/\/unnadeluxe.fi\/wp-content\/uploads\/2026\/02\/06188020000_nor_a.jpg","datePublished":"2026-02-28T15:00:30+00:00","dateModified":"2026-02-28T15:05:36+00:00","breadcrumb":{"@id":"https:\/\/unnadeluxe.fi\/produkt\/eros-toy-glide\/#breadcrumb"},"inLanguage":"fi","potentialAction":[{"@type":"ReadAction","target":["https:\/\/unnadeluxe.fi\/produkt\/eros-toy-glide\/"]}]},{"@type":"ImageObject","inLanguage":"fi","@id":"https:\/\/unnadeluxe.fi\/produkt\/eros-toy-glide\/#primaryimage","url":"https:\/\/unnadeluxe.fi\/wp-content\/uploads\/2026\/02\/06188020000_nor_a.jpg","contentUrl":"https:\/\/unnadeluxe.fi\/wp-content\/uploads\/2026\/02\/06188020000_nor_a.jpg","width":332,"height":1000},{"@type":"BreadcrumbList","@id":"https:\/\/unnadeluxe.fi\/produkt\/eros-toy-glide\/#breadcrumb","itemListElement":[{"@type":"ListItem","position":1,"name":"Hem","item":"https:\/\/unnadeluxe.fi\/"},{"@type":"ListItem","position":2,"name":"Shop","item":"https:\/\/unnadeluxe.fi\/shop\/"},{"@type":"ListItem","position":3,"name":"EROS Toy Glide"}]},{"@type":"WebSite","@id":"https:\/\/unnadeluxe.fi\/#website","url":"https:\/\/unnadeluxe.fi\/","name":"Unnadeluxe","description":"UnnaDeluxe","publisher":{"@id":"https:\/\/unnadeluxe.fi\/#organization"},"potentialAction":[{"@type":"SearchAction","target":{"@type":"EntryPoint","urlTemplate":"https:\/\/unnadeluxe.fi\/?s={search_term_string}"},"query-input":{"@type":"PropertyValueSpecification","valueRequired":true,"valueName":"search_term_string"}}],"inLanguage":"fi"},{"@type":"Organization","@id":"https:\/\/unnadeluxe.fi\/#organization","name":"Unnadeluxe","url":"https:\/\/unnadeluxe.fi\/","logo":{"@type":"ImageObject","inLanguage":"fi","@id":"https:\/\/unnadeluxe.fi\/#\/schema\/logo\/image\/","url":"https:\/\/unnadeluxe.fi\/wp-content\/uploads\/2022\/09\/Unna-logo-lingerie-black-and-gold.png","contentUrl":"https:\/\/unnadeluxe.fi\/wp-content\/uploads\/2022\/09\/Unna-logo-lingerie-black-and-gold.png","width":3150,"height":3937,"caption":"Unnadeluxe"},"image":{"@id":"https:\/\/unnadeluxe.fi\/#\/schema\/logo\/image\/"},"sameAs":["https:\/\/www.facebook.com\/UnnaDeluxe"]}]}},"_links":{"self":[{"href":"https:\/\/unnadeluxe.fi\/fi\/wp-json\/wp\/v2\/product\/8327","targetHints":{"allow":["GET"]}}],"collection":[{"href":"https:\/\/unnadeluxe.fi\/fi\/wp-json\/wp\/v2\/product"}],"about":[{"href":"https:\/\/unnadeluxe.fi\/fi\/wp-json\/wp\/v2\/types\/product"}],"wp:featuredmedia":[{"embeddable":true,"href":"https:\/\/unnadeluxe.fi\/fi\/wp-json\/wp\/v2\/media\/8328"}],"wp:attachment":[{"href":"https:\/\/unnadeluxe.fi\/fi\/wp-json\/wp\/v2\/media?parent=8327"}],"wp:term":[{"taxonomy":"product_brand","embeddable":true,"href":"https:\/\/unnadeluxe.fi\/fi\/wp-json\/wp\/v2\/product_brand?post=8327"},{"taxonomy":"product_cat","embeddable":true,"href":"https:\/\/unnadeluxe.fi\/fi\/wp-json\/wp\/v2\/product_cat?post=8327"},{"taxonomy":"product_tag","embeddable":true,"href":"https:\/\/unnadeluxe.fi\/fi\/wp-json\/wp\/v2\/product_tag?post=8327"}],"curies":[{"name":"wp","href":"https:\/\/api.w.org\/{rel}","templated":true}]}}