{"id":8315,"date":"2026-02-28T14:25:03","date_gmt":"2026-02-28T14:25:03","guid":{"rendered":"https:\/\/unnadeluxe.fi\/?post_type=product&#038;p=8315"},"modified":"2026-02-28T14:33:43","modified_gmt":"2026-02-28T14:33:43","slug":"hung-system-toys-cesar-black19cm","status":"publish","type":"product","link":"https:\/\/unnadeluxe.fi\/fi\/tuote\/hung-system-toys-cesar-black19cm\/","title":{"rendered":"Hung System &#8211; Toy\u00b4s Cesar Black19cm"},"content":{"rendered":"<p>Penisdildo svart med sugkopp<br \/>\nStorlek: 19 cm x 4,8 cm<br \/>\nMaterial: PVC<\/p>","protected":false},"excerpt":{"rendered":"<p>Hung System \u00e4r en serie som best\u00e5r av flera olika dildos. Sugproppssystemet \u00e4r extra starkt och erbjuder ett o\u00e4ndligt antal m\u00f6jliga variationer som \u00e4r unika i sin klass.<\/p>\n<p>Cesar \u00e4r 19 cm l\u00e5ng och 4,8 cm i diameter. Den har en realistisk design med testiklar och \u00e4r kompatibel med alla produkter i Hung System-serien.<\/p>\n<p>Designad f\u00f6r att ge imponerande sensationer. Den \u00e4r kompatibel med alla glidmedel, \u00e4r giftfri och mycket enkel att reng\u00f6ra.<\/p>\n<p>M\u00e5tt: 19 cm x 4,8 cm<\/p>","protected":false},"featured_media":8316,"template":"","meta":[],"product_brand":[],"product_cat":[70,71],"product_tag":[],"class_list":{"0":"post-8315","1":"product","2":"type-product","3":"status-publish","4":"has-post-thumbnail","6":"product_cat-lust-njutning","7":"product_cat-sexleksaker","9":"first","10":"instock","11":"sale","12":"taxable","13":"shipping-taxable","14":"purchasable","15":"product-type-simple"},"yoast_head":"<!-- This site is optimized with the Yoast SEO plugin v27.1.1 - https:\/\/yoast.com\/product\/yoast-seo-wordpress\/ -->\n<title>Hung System - Toy\u00b4s Cesar Black19cm - Unnadeluxe<\/title>\n<meta name=\"robots\" content=\"index, follow, max-snippet:-1, max-image-preview:large, max-video-preview:-1\" \/>\n<link rel=\"canonical\" href=\"https:\/\/unnadeluxe.fi\/fi\/tuote\/hung-system-toys-cesar-black19cm\/\" \/>\n<meta property=\"og:locale\" content=\"fi_FI\" \/>\n<meta property=\"og:type\" content=\"article\" \/>\n<meta property=\"og:title\" content=\"Hung System - Toy\u00b4s Cesar Black19cm - Unnadeluxe\" \/>\n<meta property=\"og:description\" content=\"Hung System \u00e4r en serie som best\u00e5r av flera olika dildos. Sugproppssystemet \u00e4r extra starkt och erbjuder ett o\u00e4ndligt antal m\u00f6jliga variationer som \u00e4r unika i sin klass.  Cesar \u00e4r 19 cm l\u00e5ng och 4,8 cm i diameter. Den har en realistisk design med testiklar och \u00e4r kompatibel med alla produkter i Hung System-serien.  Designad f\u00f6r att ge imponerande sensationer. Den \u00e4r kompatibel med alla glidmedel, \u00e4r giftfri och mycket enkel att reng\u00f6ra.  M\u00e5tt: 19 cm x 4,8 cm\" \/>\n<meta property=\"og:url\" content=\"https:\/\/unnadeluxe.fi\/fi\/tuote\/hung-system-toys-cesar-black19cm\/\" \/>\n<meta property=\"og:site_name\" content=\"Unnadeluxe\" \/>\n<meta property=\"article:publisher\" content=\"https:\/\/www.facebook.com\/UnnaDeluxe\" \/>\n<meta property=\"article:modified_time\" content=\"2026-02-28T14:33:43+00:00\" \/>\n<meta property=\"og:image\" content=\"https:\/\/unnadeluxe.fi\/wp-content\/uploads\/2026\/02\/hung.webp\" \/>\n\t<meta property=\"og:image:width\" content=\"705\" \/>\n\t<meta property=\"og:image:height\" content=\"705\" \/>\n\t<meta property=\"og:image:type\" content=\"image\/webp\" \/>\n<meta name=\"twitter:card\" content=\"summary_large_image\" \/>\n<meta name=\"twitter:label1\" content=\"Arvioitu lukuaika\" \/>\n\t<meta name=\"twitter:data1\" content=\"1 minuutti\" \/>\n<script type=\"application\/ld+json\" class=\"yoast-schema-graph\">{\"@context\":\"https:\/\/schema.org\",\"@graph\":[{\"@type\":\"WebPage\",\"@id\":\"https:\/\/unnadeluxe.fi\/produkt\/hung-system-toys-cesar-black19cm\/\",\"url\":\"https:\/\/unnadeluxe.fi\/produkt\/hung-system-toys-cesar-black19cm\/\",\"name\":\"Hung System - Toy\u00b4s Cesar Black19cm - Unnadeluxe\",\"isPartOf\":{\"@id\":\"https:\/\/unnadeluxe.fi\/#website\"},\"primaryImageOfPage\":{\"@id\":\"https:\/\/unnadeluxe.fi\/produkt\/hung-system-toys-cesar-black19cm\/#primaryimage\"},\"image\":{\"@id\":\"https:\/\/unnadeluxe.fi\/produkt\/hung-system-toys-cesar-black19cm\/#primaryimage\"},\"thumbnailUrl\":\"https:\/\/unnadeluxe.fi\/wp-content\/uploads\/2026\/02\/hung.webp\",\"datePublished\":\"2026-02-28T14:25:03+00:00\",\"dateModified\":\"2026-02-28T14:33:43+00:00\",\"breadcrumb\":{\"@id\":\"https:\/\/unnadeluxe.fi\/produkt\/hung-system-toys-cesar-black19cm\/#breadcrumb\"},\"inLanguage\":\"fi\",\"potentialAction\":[{\"@type\":\"ReadAction\",\"target\":[\"https:\/\/unnadeluxe.fi\/produkt\/hung-system-toys-cesar-black19cm\/\"]}]},{\"@type\":\"ImageObject\",\"inLanguage\":\"fi\",\"@id\":\"https:\/\/unnadeluxe.fi\/produkt\/hung-system-toys-cesar-black19cm\/#primaryimage\",\"url\":\"https:\/\/unnadeluxe.fi\/wp-content\/uploads\/2026\/02\/hung.webp\",\"contentUrl\":\"https:\/\/unnadeluxe.fi\/wp-content\/uploads\/2026\/02\/hung.webp\",\"width\":705,\"height\":705},{\"@type\":\"BreadcrumbList\",\"@id\":\"https:\/\/unnadeluxe.fi\/produkt\/hung-system-toys-cesar-black19cm\/#breadcrumb\",\"itemListElement\":[{\"@type\":\"ListItem\",\"position\":1,\"name\":\"Hem\",\"item\":\"https:\/\/unnadeluxe.fi\/\"},{\"@type\":\"ListItem\",\"position\":2,\"name\":\"Shop\",\"item\":\"https:\/\/unnadeluxe.fi\/shop\/\"},{\"@type\":\"ListItem\",\"position\":3,\"name\":\"Hung System &#8211; Toy\u00b4s Cesar Black19cm\"}]},{\"@type\":\"WebSite\",\"@id\":\"https:\/\/unnadeluxe.fi\/#website\",\"url\":\"https:\/\/unnadeluxe.fi\/\",\"name\":\"Unnadeluxe\",\"description\":\"UnnaDeluxe\",\"publisher\":{\"@id\":\"https:\/\/unnadeluxe.fi\/#organization\"},\"potentialAction\":[{\"@type\":\"SearchAction\",\"target\":{\"@type\":\"EntryPoint\",\"urlTemplate\":\"https:\/\/unnadeluxe.fi\/?s={search_term_string}\"},\"query-input\":{\"@type\":\"PropertyValueSpecification\",\"valueRequired\":true,\"valueName\":\"search_term_string\"}}],\"inLanguage\":\"fi\"},{\"@type\":\"Organization\",\"@id\":\"https:\/\/unnadeluxe.fi\/#organization\",\"name\":\"Unnadeluxe\",\"url\":\"https:\/\/unnadeluxe.fi\/\",\"logo\":{\"@type\":\"ImageObject\",\"inLanguage\":\"fi\",\"@id\":\"https:\/\/unnadeluxe.fi\/#\/schema\/logo\/image\/\",\"url\":\"https:\/\/unnadeluxe.fi\/wp-content\/uploads\/2022\/09\/Unna-logo-lingerie-black-and-gold.png\",\"contentUrl\":\"https:\/\/unnadeluxe.fi\/wp-content\/uploads\/2022\/09\/Unna-logo-lingerie-black-and-gold.png\",\"width\":3150,\"height\":3937,\"caption\":\"Unnadeluxe\"},\"image\":{\"@id\":\"https:\/\/unnadeluxe.fi\/#\/schema\/logo\/image\/\"},\"sameAs\":[\"https:\/\/www.facebook.com\/UnnaDeluxe\"]}]}<\/script>\n<!-- \/ Yoast SEO plugin. -->","yoast_head_json":{"title":"Hung System - Toy\u00b4s Cesar Black19cm - Unnadeluxe","robots":{"index":"index","follow":"follow","max-snippet":"max-snippet:-1","max-image-preview":"max-image-preview:large","max-video-preview":"max-video-preview:-1"},"canonical":"https:\/\/unnadeluxe.fi\/fi\/tuote\/hung-system-toys-cesar-black19cm\/","og_locale":"fi_FI","og_type":"article","og_title":"Hung System - Toy\u00b4s Cesar Black19cm - Unnadeluxe","og_description":"Hung System \u00e4r en serie som best\u00e5r av flera olika dildos. Sugproppssystemet \u00e4r extra starkt och erbjuder ett o\u00e4ndligt antal m\u00f6jliga variationer som \u00e4r unika i sin klass.  Cesar \u00e4r 19 cm l\u00e5ng och 4,8 cm i diameter. Den har en realistisk design med testiklar och \u00e4r kompatibel med alla produkter i Hung System-serien.  Designad f\u00f6r att ge imponerande sensationer. Den \u00e4r kompatibel med alla glidmedel, \u00e4r giftfri och mycket enkel att reng\u00f6ra.  M\u00e5tt: 19 cm x 4,8 cm","og_url":"https:\/\/unnadeluxe.fi\/fi\/tuote\/hung-system-toys-cesar-black19cm\/","og_site_name":"Unnadeluxe","article_publisher":"https:\/\/www.facebook.com\/UnnaDeluxe","article_modified_time":"2026-02-28T14:33:43+00:00","og_image":[{"width":705,"height":705,"url":"https:\/\/unnadeluxe.fi\/wp-content\/uploads\/2026\/02\/hung.webp","type":"image\/webp"}],"twitter_card":"summary_large_image","twitter_misc":{"Arvioitu lukuaika":"1 minuutti"},"schema":{"@context":"https:\/\/schema.org","@graph":[{"@type":"WebPage","@id":"https:\/\/unnadeluxe.fi\/produkt\/hung-system-toys-cesar-black19cm\/","url":"https:\/\/unnadeluxe.fi\/produkt\/hung-system-toys-cesar-black19cm\/","name":"Hung System - Toy\u00b4s Cesar Black19cm - Unnadeluxe","isPartOf":{"@id":"https:\/\/unnadeluxe.fi\/#website"},"primaryImageOfPage":{"@id":"https:\/\/unnadeluxe.fi\/produkt\/hung-system-toys-cesar-black19cm\/#primaryimage"},"image":{"@id":"https:\/\/unnadeluxe.fi\/produkt\/hung-system-toys-cesar-black19cm\/#primaryimage"},"thumbnailUrl":"https:\/\/unnadeluxe.fi\/wp-content\/uploads\/2026\/02\/hung.webp","datePublished":"2026-02-28T14:25:03+00:00","dateModified":"2026-02-28T14:33:43+00:00","breadcrumb":{"@id":"https:\/\/unnadeluxe.fi\/produkt\/hung-system-toys-cesar-black19cm\/#breadcrumb"},"inLanguage":"fi","potentialAction":[{"@type":"ReadAction","target":["https:\/\/unnadeluxe.fi\/produkt\/hung-system-toys-cesar-black19cm\/"]}]},{"@type":"ImageObject","inLanguage":"fi","@id":"https:\/\/unnadeluxe.fi\/produkt\/hung-system-toys-cesar-black19cm\/#primaryimage","url":"https:\/\/unnadeluxe.fi\/wp-content\/uploads\/2026\/02\/hung.webp","contentUrl":"https:\/\/unnadeluxe.fi\/wp-content\/uploads\/2026\/02\/hung.webp","width":705,"height":705},{"@type":"BreadcrumbList","@id":"https:\/\/unnadeluxe.fi\/produkt\/hung-system-toys-cesar-black19cm\/#breadcrumb","itemListElement":[{"@type":"ListItem","position":1,"name":"Hem","item":"https:\/\/unnadeluxe.fi\/"},{"@type":"ListItem","position":2,"name":"Shop","item":"https:\/\/unnadeluxe.fi\/shop\/"},{"@type":"ListItem","position":3,"name":"Hung System &#8211; Toy\u00b4s Cesar Black19cm"}]},{"@type":"WebSite","@id":"https:\/\/unnadeluxe.fi\/#website","url":"https:\/\/unnadeluxe.fi\/","name":"Unnadeluxe","description":"UnnaDeluxe","publisher":{"@id":"https:\/\/unnadeluxe.fi\/#organization"},"potentialAction":[{"@type":"SearchAction","target":{"@type":"EntryPoint","urlTemplate":"https:\/\/unnadeluxe.fi\/?s={search_term_string}"},"query-input":{"@type":"PropertyValueSpecification","valueRequired":true,"valueName":"search_term_string"}}],"inLanguage":"fi"},{"@type":"Organization","@id":"https:\/\/unnadeluxe.fi\/#organization","name":"Unnadeluxe","url":"https:\/\/unnadeluxe.fi\/","logo":{"@type":"ImageObject","inLanguage":"fi","@id":"https:\/\/unnadeluxe.fi\/#\/schema\/logo\/image\/","url":"https:\/\/unnadeluxe.fi\/wp-content\/uploads\/2022\/09\/Unna-logo-lingerie-black-and-gold.png","contentUrl":"https:\/\/unnadeluxe.fi\/wp-content\/uploads\/2022\/09\/Unna-logo-lingerie-black-and-gold.png","width":3150,"height":3937,"caption":"Unnadeluxe"},"image":{"@id":"https:\/\/unnadeluxe.fi\/#\/schema\/logo\/image\/"},"sameAs":["https:\/\/www.facebook.com\/UnnaDeluxe"]}]}},"_links":{"self":[{"href":"https:\/\/unnadeluxe.fi\/fi\/wp-json\/wp\/v2\/product\/8315","targetHints":{"allow":["GET"]}}],"collection":[{"href":"https:\/\/unnadeluxe.fi\/fi\/wp-json\/wp\/v2\/product"}],"about":[{"href":"https:\/\/unnadeluxe.fi\/fi\/wp-json\/wp\/v2\/types\/product"}],"wp:featuredmedia":[{"embeddable":true,"href":"https:\/\/unnadeluxe.fi\/fi\/wp-json\/wp\/v2\/media\/8316"}],"wp:attachment":[{"href":"https:\/\/unnadeluxe.fi\/fi\/wp-json\/wp\/v2\/media?parent=8315"}],"wp:term":[{"taxonomy":"product_brand","embeddable":true,"href":"https:\/\/unnadeluxe.fi\/fi\/wp-json\/wp\/v2\/product_brand?post=8315"},{"taxonomy":"product_cat","embeddable":true,"href":"https:\/\/unnadeluxe.fi\/fi\/wp-json\/wp\/v2\/product_cat?post=8315"},{"taxonomy":"product_tag","embeddable":true,"href":"https:\/\/unnadeluxe.fi\/fi\/wp-json\/wp\/v2\/product_tag?post=8315"}],"curies":[{"name":"wp","href":"https:\/\/api.w.org\/{rel}","templated":true}]}}