{"id":8306,"date":"2026-02-28T11:59:46","date_gmt":"2026-02-28T11:59:46","guid":{"rendered":"https:\/\/unnadeluxe.fi\/?post_type=product&#038;p=8306"},"modified":"2026-02-28T12:02:47","modified_gmt":"2026-02-28T12:02:47","slug":"joydivision-aquaglide-stimulating-gel-25ml","status":"publish","type":"product","link":"https:\/\/unnadeluxe.fi\/fi\/tuote\/joydivision-aquaglide-stimulating-gel-25ml\/","title":{"rendered":"JOYDIVISION AQUAglide Stimulating gel 25ml"},"content":{"rendered":"<p>AQUAglide stimuleringsgel \u00e4r en stimulerande intimgel f\u00f6r kosmetiskt bruk. Den pirrande formulan appliceras p\u00e5 klitoris f\u00f6r att intensifiera njutningen och ge en l\u00e5ngvarig upplevelse.<\/p>\n<p>Anv\u00e4ndning: Applicera en liten m\u00e4ngd p\u00e5 det yttre intimomr\u00e5det.<br \/>\n25ML<\/p>\n<p>L\u00e4mplig att anv\u00e4nda tillsammans med latexkondomer, pH-optimerad, vattenl\u00f6slig och oljefri.<\/p>\n<p>OBS! 06\/26<\/p>","protected":false},"excerpt":{"rendered":"<p>AQUAglide stimuleringsgel \u00e4r en stimulerande intimgel f\u00f6r kosmetiskt bruk. Den pirrande formulan appliceras p\u00e5 klitoris f\u00f6r att intensifiera njutningen och ge en l\u00e5ngvarig upplevelse. Anv\u00e4ndning: Applicera en liten m\u00e4ngd p\u00e5 det yttre intimomr\u00e5det. 25ML L\u00e4mplig att anv\u00e4nda tillsammans med latexkondomer, pH-optimerad, vattenl\u00f6slig och oljefri. OBS! 06\/26<\/p>","protected":false},"featured_media":8308,"template":"","meta":[],"product_brand":[],"product_cat":[70,73,72],"product_tag":[],"class_list":{"0":"post-8306","1":"product","2":"type-product","3":"status-publish","4":"has-post-thumbnail","6":"product_cat-lust-njutning","7":"product_cat-massage-och-glidmedel","8":"product_cat-sexuell-halsa","10":"first","11":"instock","12":"sale","13":"taxable","14":"shipping-taxable","15":"purchasable","16":"product-type-simple"},"yoast_head":"<!-- This site is optimized with the Yoast SEO plugin v27.1.1 - https:\/\/yoast.com\/product\/yoast-seo-wordpress\/ -->\n<title>JOYDIVISION AQUAglide Stimulating gel 25ml - Unnadeluxe<\/title>\n<meta name=\"robots\" content=\"index, follow, max-snippet:-1, max-image-preview:large, max-video-preview:-1\" \/>\n<link rel=\"canonical\" href=\"https:\/\/unnadeluxe.fi\/fi\/tuote\/joydivision-aquaglide-stimulating-gel-25ml\/\" \/>\n<meta property=\"og:locale\" content=\"fi_FI\" \/>\n<meta property=\"og:type\" content=\"article\" \/>\n<meta property=\"og:title\" content=\"JOYDIVISION AQUAglide Stimulating gel 25ml - Unnadeluxe\" \/>\n<meta property=\"og:description\" content=\"AQUAglide stimuleringsgel \u00e4r en stimulerande intimgel f\u00f6r kosmetiskt bruk. Den pirrande formulan appliceras p\u00e5 klitoris f\u00f6r att intensifiera njutningen och ge en l\u00e5ngvarig upplevelse. Anv\u00e4ndning: Applicera en liten m\u00e4ngd p\u00e5 det yttre intimomr\u00e5det. 25ML L\u00e4mplig att anv\u00e4nda tillsammans med latexkondomer, pH-optimerad, vattenl\u00f6slig och oljefri. OBS! 06\/26\" \/>\n<meta property=\"og:url\" content=\"https:\/\/unnadeluxe.fi\/fi\/tuote\/joydivision-aquaglide-stimulating-gel-25ml\/\" \/>\n<meta property=\"og:site_name\" content=\"Unnadeluxe\" \/>\n<meta property=\"article:publisher\" content=\"https:\/\/www.facebook.com\/UnnaDeluxe\" \/>\n<meta property=\"article:modified_time\" content=\"2026-02-28T12:02:47+00:00\" \/>\n<meta property=\"og:image\" content=\"https:\/\/unnadeluxe.fi\/wp-content\/uploads\/2026\/02\/300000091230_1.jpg\" \/>\n\t<meta property=\"og:image:width\" content=\"695\" \/>\n\t<meta property=\"og:image:height\" content=\"1644\" \/>\n\t<meta property=\"og:image:type\" content=\"image\/jpeg\" \/>\n<meta name=\"twitter:card\" content=\"summary_large_image\" \/>\n<meta name=\"twitter:label1\" content=\"Arvioitu lukuaika\" \/>\n\t<meta name=\"twitter:data1\" content=\"1 minuutti\" \/>\n<script type=\"application\/ld+json\" class=\"yoast-schema-graph\">{\"@context\":\"https:\/\/schema.org\",\"@graph\":[{\"@type\":\"WebPage\",\"@id\":\"https:\/\/unnadeluxe.fi\/produkt\/joydivision-aquaglide-stimulating-gel-25ml\/\",\"url\":\"https:\/\/unnadeluxe.fi\/produkt\/joydivision-aquaglide-stimulating-gel-25ml\/\",\"name\":\"JOYDIVISION AQUAglide Stimulating gel 25ml - Unnadeluxe\",\"isPartOf\":{\"@id\":\"https:\/\/unnadeluxe.fi\/#website\"},\"primaryImageOfPage\":{\"@id\":\"https:\/\/unnadeluxe.fi\/produkt\/joydivision-aquaglide-stimulating-gel-25ml\/#primaryimage\"},\"image\":{\"@id\":\"https:\/\/unnadeluxe.fi\/produkt\/joydivision-aquaglide-stimulating-gel-25ml\/#primaryimage\"},\"thumbnailUrl\":\"https:\/\/unnadeluxe.fi\/wp-content\/uploads\/2026\/02\/300000091230_1.jpg\",\"datePublished\":\"2026-02-28T11:59:46+00:00\",\"dateModified\":\"2026-02-28T12:02:47+00:00\",\"breadcrumb\":{\"@id\":\"https:\/\/unnadeluxe.fi\/produkt\/joydivision-aquaglide-stimulating-gel-25ml\/#breadcrumb\"},\"inLanguage\":\"fi\",\"potentialAction\":[{\"@type\":\"ReadAction\",\"target\":[\"https:\/\/unnadeluxe.fi\/produkt\/joydivision-aquaglide-stimulating-gel-25ml\/\"]}]},{\"@type\":\"ImageObject\",\"inLanguage\":\"fi\",\"@id\":\"https:\/\/unnadeluxe.fi\/produkt\/joydivision-aquaglide-stimulating-gel-25ml\/#primaryimage\",\"url\":\"https:\/\/unnadeluxe.fi\/wp-content\/uploads\/2026\/02\/300000091230_1.jpg\",\"contentUrl\":\"https:\/\/unnadeluxe.fi\/wp-content\/uploads\/2026\/02\/300000091230_1.jpg\",\"width\":695,\"height\":1644},{\"@type\":\"BreadcrumbList\",\"@id\":\"https:\/\/unnadeluxe.fi\/produkt\/joydivision-aquaglide-stimulating-gel-25ml\/#breadcrumb\",\"itemListElement\":[{\"@type\":\"ListItem\",\"position\":1,\"name\":\"Hem\",\"item\":\"https:\/\/unnadeluxe.fi\/\"},{\"@type\":\"ListItem\",\"position\":2,\"name\":\"Shop\",\"item\":\"https:\/\/unnadeluxe.fi\/shop\/\"},{\"@type\":\"ListItem\",\"position\":3,\"name\":\"JOYDIVISION AQUAglide Stimulating gel 25ml\"}]},{\"@type\":\"WebSite\",\"@id\":\"https:\/\/unnadeluxe.fi\/#website\",\"url\":\"https:\/\/unnadeluxe.fi\/\",\"name\":\"Unnadeluxe\",\"description\":\"UnnaDeluxe\",\"publisher\":{\"@id\":\"https:\/\/unnadeluxe.fi\/#organization\"},\"potentialAction\":[{\"@type\":\"SearchAction\",\"target\":{\"@type\":\"EntryPoint\",\"urlTemplate\":\"https:\/\/unnadeluxe.fi\/?s={search_term_string}\"},\"query-input\":{\"@type\":\"PropertyValueSpecification\",\"valueRequired\":true,\"valueName\":\"search_term_string\"}}],\"inLanguage\":\"fi\"},{\"@type\":\"Organization\",\"@id\":\"https:\/\/unnadeluxe.fi\/#organization\",\"name\":\"Unnadeluxe\",\"url\":\"https:\/\/unnadeluxe.fi\/\",\"logo\":{\"@type\":\"ImageObject\",\"inLanguage\":\"fi\",\"@id\":\"https:\/\/unnadeluxe.fi\/#\/schema\/logo\/image\/\",\"url\":\"https:\/\/unnadeluxe.fi\/wp-content\/uploads\/2022\/09\/Unna-logo-lingerie-black-and-gold.png\",\"contentUrl\":\"https:\/\/unnadeluxe.fi\/wp-content\/uploads\/2022\/09\/Unna-logo-lingerie-black-and-gold.png\",\"width\":3150,\"height\":3937,\"caption\":\"Unnadeluxe\"},\"image\":{\"@id\":\"https:\/\/unnadeluxe.fi\/#\/schema\/logo\/image\/\"},\"sameAs\":[\"https:\/\/www.facebook.com\/UnnaDeluxe\"]}]}<\/script>\n<!-- \/ Yoast SEO plugin. -->","yoast_head_json":{"title":"JOYDIVISION AQUAglide Stimulating gel 25ml - Unnadeluxe","robots":{"index":"index","follow":"follow","max-snippet":"max-snippet:-1","max-image-preview":"max-image-preview:large","max-video-preview":"max-video-preview:-1"},"canonical":"https:\/\/unnadeluxe.fi\/fi\/tuote\/joydivision-aquaglide-stimulating-gel-25ml\/","og_locale":"fi_FI","og_type":"article","og_title":"JOYDIVISION AQUAglide Stimulating gel 25ml - Unnadeluxe","og_description":"AQUAglide stimuleringsgel \u00e4r en stimulerande intimgel f\u00f6r kosmetiskt bruk. Den pirrande formulan appliceras p\u00e5 klitoris f\u00f6r att intensifiera njutningen och ge en l\u00e5ngvarig upplevelse. Anv\u00e4ndning: Applicera en liten m\u00e4ngd p\u00e5 det yttre intimomr\u00e5det. 25ML L\u00e4mplig att anv\u00e4nda tillsammans med latexkondomer, pH-optimerad, vattenl\u00f6slig och oljefri. OBS! 06\/26","og_url":"https:\/\/unnadeluxe.fi\/fi\/tuote\/joydivision-aquaglide-stimulating-gel-25ml\/","og_site_name":"Unnadeluxe","article_publisher":"https:\/\/www.facebook.com\/UnnaDeluxe","article_modified_time":"2026-02-28T12:02:47+00:00","og_image":[{"width":695,"height":1644,"url":"https:\/\/unnadeluxe.fi\/wp-content\/uploads\/2026\/02\/300000091230_1.jpg","type":"image\/jpeg"}],"twitter_card":"summary_large_image","twitter_misc":{"Arvioitu lukuaika":"1 minuutti"},"schema":{"@context":"https:\/\/schema.org","@graph":[{"@type":"WebPage","@id":"https:\/\/unnadeluxe.fi\/produkt\/joydivision-aquaglide-stimulating-gel-25ml\/","url":"https:\/\/unnadeluxe.fi\/produkt\/joydivision-aquaglide-stimulating-gel-25ml\/","name":"JOYDIVISION AQUAglide Stimulating gel 25ml - Unnadeluxe","isPartOf":{"@id":"https:\/\/unnadeluxe.fi\/#website"},"primaryImageOfPage":{"@id":"https:\/\/unnadeluxe.fi\/produkt\/joydivision-aquaglide-stimulating-gel-25ml\/#primaryimage"},"image":{"@id":"https:\/\/unnadeluxe.fi\/produkt\/joydivision-aquaglide-stimulating-gel-25ml\/#primaryimage"},"thumbnailUrl":"https:\/\/unnadeluxe.fi\/wp-content\/uploads\/2026\/02\/300000091230_1.jpg","datePublished":"2026-02-28T11:59:46+00:00","dateModified":"2026-02-28T12:02:47+00:00","breadcrumb":{"@id":"https:\/\/unnadeluxe.fi\/produkt\/joydivision-aquaglide-stimulating-gel-25ml\/#breadcrumb"},"inLanguage":"fi","potentialAction":[{"@type":"ReadAction","target":["https:\/\/unnadeluxe.fi\/produkt\/joydivision-aquaglide-stimulating-gel-25ml\/"]}]},{"@type":"ImageObject","inLanguage":"fi","@id":"https:\/\/unnadeluxe.fi\/produkt\/joydivision-aquaglide-stimulating-gel-25ml\/#primaryimage","url":"https:\/\/unnadeluxe.fi\/wp-content\/uploads\/2026\/02\/300000091230_1.jpg","contentUrl":"https:\/\/unnadeluxe.fi\/wp-content\/uploads\/2026\/02\/300000091230_1.jpg","width":695,"height":1644},{"@type":"BreadcrumbList","@id":"https:\/\/unnadeluxe.fi\/produkt\/joydivision-aquaglide-stimulating-gel-25ml\/#breadcrumb","itemListElement":[{"@type":"ListItem","position":1,"name":"Hem","item":"https:\/\/unnadeluxe.fi\/"},{"@type":"ListItem","position":2,"name":"Shop","item":"https:\/\/unnadeluxe.fi\/shop\/"},{"@type":"ListItem","position":3,"name":"JOYDIVISION AQUAglide Stimulating gel 25ml"}]},{"@type":"WebSite","@id":"https:\/\/unnadeluxe.fi\/#website","url":"https:\/\/unnadeluxe.fi\/","name":"Unnadeluxe","description":"UnnaDeluxe","publisher":{"@id":"https:\/\/unnadeluxe.fi\/#organization"},"potentialAction":[{"@type":"SearchAction","target":{"@type":"EntryPoint","urlTemplate":"https:\/\/unnadeluxe.fi\/?s={search_term_string}"},"query-input":{"@type":"PropertyValueSpecification","valueRequired":true,"valueName":"search_term_string"}}],"inLanguage":"fi"},{"@type":"Organization","@id":"https:\/\/unnadeluxe.fi\/#organization","name":"Unnadeluxe","url":"https:\/\/unnadeluxe.fi\/","logo":{"@type":"ImageObject","inLanguage":"fi","@id":"https:\/\/unnadeluxe.fi\/#\/schema\/logo\/image\/","url":"https:\/\/unnadeluxe.fi\/wp-content\/uploads\/2022\/09\/Unna-logo-lingerie-black-and-gold.png","contentUrl":"https:\/\/unnadeluxe.fi\/wp-content\/uploads\/2022\/09\/Unna-logo-lingerie-black-and-gold.png","width":3150,"height":3937,"caption":"Unnadeluxe"},"image":{"@id":"https:\/\/unnadeluxe.fi\/#\/schema\/logo\/image\/"},"sameAs":["https:\/\/www.facebook.com\/UnnaDeluxe"]}]}},"_links":{"self":[{"href":"https:\/\/unnadeluxe.fi\/fi\/wp-json\/wp\/v2\/product\/8306","targetHints":{"allow":["GET"]}}],"collection":[{"href":"https:\/\/unnadeluxe.fi\/fi\/wp-json\/wp\/v2\/product"}],"about":[{"href":"https:\/\/unnadeluxe.fi\/fi\/wp-json\/wp\/v2\/types\/product"}],"wp:featuredmedia":[{"embeddable":true,"href":"https:\/\/unnadeluxe.fi\/fi\/wp-json\/wp\/v2\/media\/8308"}],"wp:attachment":[{"href":"https:\/\/unnadeluxe.fi\/fi\/wp-json\/wp\/v2\/media?parent=8306"}],"wp:term":[{"taxonomy":"product_brand","embeddable":true,"href":"https:\/\/unnadeluxe.fi\/fi\/wp-json\/wp\/v2\/product_brand?post=8306"},{"taxonomy":"product_cat","embeddable":true,"href":"https:\/\/unnadeluxe.fi\/fi\/wp-json\/wp\/v2\/product_cat?post=8306"},{"taxonomy":"product_tag","embeddable":true,"href":"https:\/\/unnadeluxe.fi\/fi\/wp-json\/wp\/v2\/product_tag?post=8306"}],"curies":[{"name":"wp","href":"https:\/\/api.w.org\/{rel}","templated":true}]}}