{"id":8303,"date":"2026-02-28T11:45:37","date_gmt":"2026-02-28T11:45:37","guid":{"rendered":"https:\/\/unnadeluxe.fi\/?post_type=product&#038;p=8303"},"modified":"2026-02-28T11:50:19","modified_gmt":"2026-02-28T11:50:19","slug":"joyballs-secret-set","status":"publish","type":"product","link":"https:\/\/unnadeluxe.fi\/fi\/tuote\/joyballs-secret-set\/","title":{"rendered":"Joyballs Secret Set"},"content":{"rendered":"<p>Joyballs Secret Set \u2013 F\u00f6r lekfull tr\u00e4ning &#038; sensuell njutning<br \/>\nSet med tv\u00e5 par vaginalkulor i olika vikter<br \/>\nKroppss\u00e4kert silikon<br \/>\nPerfekt f\u00f6r kniptr\u00e4ning och sensuell stimulans<br \/>\nEnkel att anv\u00e4nda och reng\u00f6ra<br \/>\nJoyballs Secret Set \u00e4r ett perfekt val f\u00f6r dig som vill kombinera funktionell tr\u00e4ning med en sk\u00f6n och diskret upplevelse.<br \/>\nStorlek:  6,0 cm + 11,4 cm<br \/>\nVikt: 45 g + 85 g<\/p>","protected":false},"excerpt":{"rendered":"<p>Tr\u00e4na med njutning<\/p>\n<p>Det h\u00e4r setet inneh\u00e5ller tv\u00e5 par kulor i olika vikt, s\u00e5 att du kan anpassa tr\u00e4ningen efter din niv\u00e5 \u2013 fr\u00e5n nyb\u00f6rjare till mer van anv\u00e4ndare. Genom regelbunden anv\u00e4ndning kan du:<br \/>\nst\u00e4rka b\u00e4ckenbottenmusklerna<br \/>\n\u00f6ka kontroll och medvetenhet kring omr\u00e5det<br \/>\nf\u00f6rb\u00e4ttra orgasmer och sexuell k\u00e4nslighet<br \/>\nKomfort och design<\/p>\n<p>Joyballs \u00e4r designade f\u00f6r att vara bekv\u00e4ma att anv\u00e4nda \u2013 tillverkade i kroppss\u00e4kert, lent silikon som k\u00e4nns behagligt mot huden. Den klassiska och stilrena designen g\u00f6r dem l\u00e4tta att f\u00f6ra in och b\u00e4ra, medan den praktiska \u00e4nden med uttagsring g\u00f6r dem enkla att ta ut.<\/p>\n<p>Diskret och l\u00e4tt att reng\u00f6ra<\/p>\n<p>Med sitt stilrena yttre ser Secret Set ut som en fin present \u2013 och \u00e4r l\u00e4tt att f\u00f6rvara. Tack vare det kroppss\u00e4kra materialet \u00e4r de ocks\u00e5 enkla att reng\u00f6ra med ljummet vatten och mildt reng\u00f6ringsmedel.<\/p>","protected":false},"featured_media":8304,"template":"","meta":[],"product_brand":[],"product_cat":[70,71,72],"product_tag":[],"class_list":{"0":"post-8303","1":"product","2":"type-product","3":"status-publish","4":"has-post-thumbnail","6":"product_cat-lust-njutning","7":"product_cat-sexleksaker","8":"product_cat-sexuell-halsa","10":"first","11":"instock","12":"sale","13":"taxable","14":"shipping-taxable","15":"purchasable","16":"product-type-simple"},"yoast_head":"<!-- This site is optimized with the Yoast SEO plugin v27.1.1 - https:\/\/yoast.com\/product\/yoast-seo-wordpress\/ -->\n<title>Joyballs Secret Set - Unnadeluxe<\/title>\n<meta name=\"robots\" content=\"index, follow, max-snippet:-1, max-image-preview:large, max-video-preview:-1\" \/>\n<link rel=\"canonical\" href=\"https:\/\/unnadeluxe.fi\/fi\/tuote\/joyballs-secret-set\/\" \/>\n<meta property=\"og:locale\" content=\"fi_FI\" \/>\n<meta property=\"og:type\" content=\"article\" \/>\n<meta property=\"og:title\" content=\"Joyballs Secret Set - Unnadeluxe\" \/>\n<meta property=\"og:description\" content=\"Tr\u00e4na med njutning  Det h\u00e4r setet inneh\u00e5ller tv\u00e5 par kulor i olika vikt, s\u00e5 att du kan anpassa tr\u00e4ningen efter din niv\u00e5 \u2013 fr\u00e5n nyb\u00f6rjare till mer van anv\u00e4ndare. Genom regelbunden anv\u00e4ndning kan du: st\u00e4rka b\u00e4ckenbottenmusklerna \u00f6ka kontroll och medvetenhet kring omr\u00e5det f\u00f6rb\u00e4ttra orgasmer och sexuell k\u00e4nslighet Komfort och design  Joyballs \u00e4r designade f\u00f6r att vara bekv\u00e4ma att anv\u00e4nda \u2013 tillverkade i kroppss\u00e4kert, lent silikon som k\u00e4nns behagligt mot huden. Den klassiska och stilrena designen g\u00f6r dem l\u00e4tta att f\u00f6ra in och b\u00e4ra, medan den praktiska \u00e4nden med uttagsring g\u00f6r dem enkla att ta ut.  Diskret och l\u00e4tt att reng\u00f6ra  Med sitt stilrena yttre ser Secret Set ut som en fin present \u2013 och \u00e4r l\u00e4tt att f\u00f6rvara. Tack vare det kroppss\u00e4kra materialet \u00e4r de ocks\u00e5 enkla att reng\u00f6ra med ljummet vatten och mildt reng\u00f6ringsmedel.\" \/>\n<meta property=\"og:url\" content=\"https:\/\/unnadeluxe.fi\/fi\/tuote\/joyballs-secret-set\/\" \/>\n<meta property=\"og:site_name\" content=\"Unnadeluxe\" \/>\n<meta property=\"article:publisher\" content=\"https:\/\/www.facebook.com\/UnnaDeluxe\" \/>\n<meta property=\"article:modified_time\" content=\"2026-02-28T11:50:19+00:00\" \/>\n<meta property=\"og:image\" content=\"https:\/\/unnadeluxe.fi\/wp-content\/uploads\/2026\/02\/665000029956.jpg\" \/>\n\t<meta property=\"og:image:width\" content=\"1098\" \/>\n\t<meta property=\"og:image:height\" content=\"1640\" \/>\n\t<meta property=\"og:image:type\" content=\"image\/jpeg\" \/>\n<meta name=\"twitter:card\" content=\"summary_large_image\" \/>\n<meta name=\"twitter:label1\" content=\"Arvioitu lukuaika\" \/>\n\t<meta name=\"twitter:data1\" content=\"1 minuutti\" \/>\n<script type=\"application\/ld+json\" class=\"yoast-schema-graph\">{\"@context\":\"https:\/\/schema.org\",\"@graph\":[{\"@type\":\"WebPage\",\"@id\":\"https:\/\/unnadeluxe.fi\/produkt\/joyballs-secret-set\/\",\"url\":\"https:\/\/unnadeluxe.fi\/produkt\/joyballs-secret-set\/\",\"name\":\"Joyballs Secret Set - Unnadeluxe\",\"isPartOf\":{\"@id\":\"https:\/\/unnadeluxe.fi\/#website\"},\"primaryImageOfPage\":{\"@id\":\"https:\/\/unnadeluxe.fi\/produkt\/joyballs-secret-set\/#primaryimage\"},\"image\":{\"@id\":\"https:\/\/unnadeluxe.fi\/produkt\/joyballs-secret-set\/#primaryimage\"},\"thumbnailUrl\":\"https:\/\/unnadeluxe.fi\/wp-content\/uploads\/2026\/02\/665000029956.jpg\",\"datePublished\":\"2026-02-28T11:45:37+00:00\",\"dateModified\":\"2026-02-28T11:50:19+00:00\",\"breadcrumb\":{\"@id\":\"https:\/\/unnadeluxe.fi\/produkt\/joyballs-secret-set\/#breadcrumb\"},\"inLanguage\":\"fi\",\"potentialAction\":[{\"@type\":\"ReadAction\",\"target\":[\"https:\/\/unnadeluxe.fi\/produkt\/joyballs-secret-set\/\"]}]},{\"@type\":\"ImageObject\",\"inLanguage\":\"fi\",\"@id\":\"https:\/\/unnadeluxe.fi\/produkt\/joyballs-secret-set\/#primaryimage\",\"url\":\"https:\/\/unnadeluxe.fi\/wp-content\/uploads\/2026\/02\/665000029956.jpg\",\"contentUrl\":\"https:\/\/unnadeluxe.fi\/wp-content\/uploads\/2026\/02\/665000029956.jpg\",\"width\":1098,\"height\":1640},{\"@type\":\"BreadcrumbList\",\"@id\":\"https:\/\/unnadeluxe.fi\/produkt\/joyballs-secret-set\/#breadcrumb\",\"itemListElement\":[{\"@type\":\"ListItem\",\"position\":1,\"name\":\"Hem\",\"item\":\"https:\/\/unnadeluxe.fi\/\"},{\"@type\":\"ListItem\",\"position\":2,\"name\":\"Shop\",\"item\":\"https:\/\/unnadeluxe.fi\/shop\/\"},{\"@type\":\"ListItem\",\"position\":3,\"name\":\"Joyballs Secret Set\"}]},{\"@type\":\"WebSite\",\"@id\":\"https:\/\/unnadeluxe.fi\/#website\",\"url\":\"https:\/\/unnadeluxe.fi\/\",\"name\":\"Unnadeluxe\",\"description\":\"UnnaDeluxe\",\"publisher\":{\"@id\":\"https:\/\/unnadeluxe.fi\/#organization\"},\"potentialAction\":[{\"@type\":\"SearchAction\",\"target\":{\"@type\":\"EntryPoint\",\"urlTemplate\":\"https:\/\/unnadeluxe.fi\/?s={search_term_string}\"},\"query-input\":{\"@type\":\"PropertyValueSpecification\",\"valueRequired\":true,\"valueName\":\"search_term_string\"}}],\"inLanguage\":\"fi\"},{\"@type\":\"Organization\",\"@id\":\"https:\/\/unnadeluxe.fi\/#organization\",\"name\":\"Unnadeluxe\",\"url\":\"https:\/\/unnadeluxe.fi\/\",\"logo\":{\"@type\":\"ImageObject\",\"inLanguage\":\"fi\",\"@id\":\"https:\/\/unnadeluxe.fi\/#\/schema\/logo\/image\/\",\"url\":\"https:\/\/unnadeluxe.fi\/wp-content\/uploads\/2022\/09\/Unna-logo-lingerie-black-and-gold.png\",\"contentUrl\":\"https:\/\/unnadeluxe.fi\/wp-content\/uploads\/2022\/09\/Unna-logo-lingerie-black-and-gold.png\",\"width\":3150,\"height\":3937,\"caption\":\"Unnadeluxe\"},\"image\":{\"@id\":\"https:\/\/unnadeluxe.fi\/#\/schema\/logo\/image\/\"},\"sameAs\":[\"https:\/\/www.facebook.com\/UnnaDeluxe\"]}]}<\/script>\n<!-- \/ Yoast SEO plugin. -->","yoast_head_json":{"title":"Joyballs Secret Set - Unnadeluxe","robots":{"index":"index","follow":"follow","max-snippet":"max-snippet:-1","max-image-preview":"max-image-preview:large","max-video-preview":"max-video-preview:-1"},"canonical":"https:\/\/unnadeluxe.fi\/fi\/tuote\/joyballs-secret-set\/","og_locale":"fi_FI","og_type":"article","og_title":"Joyballs Secret Set - Unnadeluxe","og_description":"Tr\u00e4na med njutning  Det h\u00e4r setet inneh\u00e5ller tv\u00e5 par kulor i olika vikt, s\u00e5 att du kan anpassa tr\u00e4ningen efter din niv\u00e5 \u2013 fr\u00e5n nyb\u00f6rjare till mer van anv\u00e4ndare. Genom regelbunden anv\u00e4ndning kan du: st\u00e4rka b\u00e4ckenbottenmusklerna \u00f6ka kontroll och medvetenhet kring omr\u00e5det f\u00f6rb\u00e4ttra orgasmer och sexuell k\u00e4nslighet Komfort och design  Joyballs \u00e4r designade f\u00f6r att vara bekv\u00e4ma att anv\u00e4nda \u2013 tillverkade i kroppss\u00e4kert, lent silikon som k\u00e4nns behagligt mot huden. Den klassiska och stilrena designen g\u00f6r dem l\u00e4tta att f\u00f6ra in och b\u00e4ra, medan den praktiska \u00e4nden med uttagsring g\u00f6r dem enkla att ta ut.  Diskret och l\u00e4tt att reng\u00f6ra  Med sitt stilrena yttre ser Secret Set ut som en fin present \u2013 och \u00e4r l\u00e4tt att f\u00f6rvara. Tack vare det kroppss\u00e4kra materialet \u00e4r de ocks\u00e5 enkla att reng\u00f6ra med ljummet vatten och mildt reng\u00f6ringsmedel.","og_url":"https:\/\/unnadeluxe.fi\/fi\/tuote\/joyballs-secret-set\/","og_site_name":"Unnadeluxe","article_publisher":"https:\/\/www.facebook.com\/UnnaDeluxe","article_modified_time":"2026-02-28T11:50:19+00:00","og_image":[{"width":1098,"height":1640,"url":"https:\/\/unnadeluxe.fi\/wp-content\/uploads\/2026\/02\/665000029956.jpg","type":"image\/jpeg"}],"twitter_card":"summary_large_image","twitter_misc":{"Arvioitu lukuaika":"1 minuutti"},"schema":{"@context":"https:\/\/schema.org","@graph":[{"@type":"WebPage","@id":"https:\/\/unnadeluxe.fi\/produkt\/joyballs-secret-set\/","url":"https:\/\/unnadeluxe.fi\/produkt\/joyballs-secret-set\/","name":"Joyballs Secret Set - Unnadeluxe","isPartOf":{"@id":"https:\/\/unnadeluxe.fi\/#website"},"primaryImageOfPage":{"@id":"https:\/\/unnadeluxe.fi\/produkt\/joyballs-secret-set\/#primaryimage"},"image":{"@id":"https:\/\/unnadeluxe.fi\/produkt\/joyballs-secret-set\/#primaryimage"},"thumbnailUrl":"https:\/\/unnadeluxe.fi\/wp-content\/uploads\/2026\/02\/665000029956.jpg","datePublished":"2026-02-28T11:45:37+00:00","dateModified":"2026-02-28T11:50:19+00:00","breadcrumb":{"@id":"https:\/\/unnadeluxe.fi\/produkt\/joyballs-secret-set\/#breadcrumb"},"inLanguage":"fi","potentialAction":[{"@type":"ReadAction","target":["https:\/\/unnadeluxe.fi\/produkt\/joyballs-secret-set\/"]}]},{"@type":"ImageObject","inLanguage":"fi","@id":"https:\/\/unnadeluxe.fi\/produkt\/joyballs-secret-set\/#primaryimage","url":"https:\/\/unnadeluxe.fi\/wp-content\/uploads\/2026\/02\/665000029956.jpg","contentUrl":"https:\/\/unnadeluxe.fi\/wp-content\/uploads\/2026\/02\/665000029956.jpg","width":1098,"height":1640},{"@type":"BreadcrumbList","@id":"https:\/\/unnadeluxe.fi\/produkt\/joyballs-secret-set\/#breadcrumb","itemListElement":[{"@type":"ListItem","position":1,"name":"Hem","item":"https:\/\/unnadeluxe.fi\/"},{"@type":"ListItem","position":2,"name":"Shop","item":"https:\/\/unnadeluxe.fi\/shop\/"},{"@type":"ListItem","position":3,"name":"Joyballs Secret Set"}]},{"@type":"WebSite","@id":"https:\/\/unnadeluxe.fi\/#website","url":"https:\/\/unnadeluxe.fi\/","name":"Unnadeluxe","description":"UnnaDeluxe","publisher":{"@id":"https:\/\/unnadeluxe.fi\/#organization"},"potentialAction":[{"@type":"SearchAction","target":{"@type":"EntryPoint","urlTemplate":"https:\/\/unnadeluxe.fi\/?s={search_term_string}"},"query-input":{"@type":"PropertyValueSpecification","valueRequired":true,"valueName":"search_term_string"}}],"inLanguage":"fi"},{"@type":"Organization","@id":"https:\/\/unnadeluxe.fi\/#organization","name":"Unnadeluxe","url":"https:\/\/unnadeluxe.fi\/","logo":{"@type":"ImageObject","inLanguage":"fi","@id":"https:\/\/unnadeluxe.fi\/#\/schema\/logo\/image\/","url":"https:\/\/unnadeluxe.fi\/wp-content\/uploads\/2022\/09\/Unna-logo-lingerie-black-and-gold.png","contentUrl":"https:\/\/unnadeluxe.fi\/wp-content\/uploads\/2022\/09\/Unna-logo-lingerie-black-and-gold.png","width":3150,"height":3937,"caption":"Unnadeluxe"},"image":{"@id":"https:\/\/unnadeluxe.fi\/#\/schema\/logo\/image\/"},"sameAs":["https:\/\/www.facebook.com\/UnnaDeluxe"]}]}},"_links":{"self":[{"href":"https:\/\/unnadeluxe.fi\/fi\/wp-json\/wp\/v2\/product\/8303","targetHints":{"allow":["GET"]}}],"collection":[{"href":"https:\/\/unnadeluxe.fi\/fi\/wp-json\/wp\/v2\/product"}],"about":[{"href":"https:\/\/unnadeluxe.fi\/fi\/wp-json\/wp\/v2\/types\/product"}],"wp:featuredmedia":[{"embeddable":true,"href":"https:\/\/unnadeluxe.fi\/fi\/wp-json\/wp\/v2\/media\/8304"}],"wp:attachment":[{"href":"https:\/\/unnadeluxe.fi\/fi\/wp-json\/wp\/v2\/media?parent=8303"}],"wp:term":[{"taxonomy":"product_brand","embeddable":true,"href":"https:\/\/unnadeluxe.fi\/fi\/wp-json\/wp\/v2\/product_brand?post=8303"},{"taxonomy":"product_cat","embeddable":true,"href":"https:\/\/unnadeluxe.fi\/fi\/wp-json\/wp\/v2\/product_cat?post=8303"},{"taxonomy":"product_tag","embeddable":true,"href":"https:\/\/unnadeluxe.fi\/fi\/wp-json\/wp\/v2\/product_tag?post=8303"}],"curies":[{"name":"wp","href":"https:\/\/api.w.org\/{rel}","templated":true}]}}