{"id":7893,"date":"2025-12-10T19:15:45","date_gmt":"2025-12-10T19:15:45","guid":{"rendered":"https:\/\/unnadeluxe.fi\/?post_type=product&#038;p=7893"},"modified":"2026-02-28T16:15:30","modified_gmt":"2026-02-28T16:15:30","slug":"ze-ze-birla-396-cardigan","status":"publish","type":"product","link":"https:\/\/unnadeluxe.fi\/fi\/tuote\/ze-ze-birla-396-cardigan\/","title":{"rendered":"ZE-ZE Birla 396 Cardigan"},"content":{"rendered":"<p>Birla 936 fr\u00e5n ZE-ZE \u00e4r en feminin kofta med ett vackert stickm\u00f6nster och eleganta detaljer som lyfter vilken outfit som helst. Den har dekorativa knappliknande stenar, ribbade kanter och en klassisk passform med rik textur. Ett stilfullt och m\u00e5ngsidigt tillskott i garderoben \u2013 enkel att kl\u00e4 upp eller ner beroende p\u00e5 tillf\u00e4lle. Koftan kan kombineras med jeans, kl\u00e4nning eller byxor. <\/p>\n<p>F\u00e4rg: Light Burgundy<br \/>\nMaterial: 53% Polyester 4% Polyester 26% Acrylic 14% Nylon 3% Elasthane<\/p>\n<p>30 degree (cold)<br \/>\nDo not bleach<br \/>\nDo not tumble dry<br \/>\nFlat dry<br \/>\nIron &#8211; low<br \/>\nNo dryclean<br \/>\nWash with similar colours<br \/>\nUse mild detergent<br \/>\nMaximum 3% Shrink<br \/>\nTo be washed before use<\/p>","protected":false},"excerpt":{"rendered":"<p>Birla 936 fr\u00e5n ZE-ZE \u00e4r en feminin kofta med ett vackert stickm\u00f6nster och eleganta detaljer som lyfter vilken outfit som helst. Den har dekorativa knappliknande stenar, ribbade kanter och en klassisk passform med rik textur. Ett stilfullt och m\u00e5ngsidigt tillskott i garderoben \u2013 enkel att kl\u00e4 upp eller ner beroende p\u00e5 tillf\u00e4lle. Koftan kan kombineras [&#8230;]\n","protected":false},"featured_media":7905,"template":"","meta":[],"product_brand":[102],"product_cat":[107,101,69],"product_tag":[],"class_list":{"0":"post-7893","1":"product","2":"type-product","3":"status-publish","4":"has-post-thumbnail","6":"product_brand-ze-ze","7":"product_cat-trojor-koftor","8":"product_cat-klader-2","9":"product_cat-rea","11":"first","12":"instock","13":"sale","14":"taxable","15":"shipping-taxable","16":"purchasable","17":"product-type-variable"},"yoast_head":"<!-- This site is optimized with the Yoast SEO plugin v27.1.1 - https:\/\/yoast.com\/product\/yoast-seo-wordpress\/ -->\n<title>ZE-ZE Birla 396 Cardigan - Unnadeluxe<\/title>\n<meta name=\"robots\" content=\"index, follow, max-snippet:-1, max-image-preview:large, max-video-preview:-1\" \/>\n<link rel=\"canonical\" href=\"https:\/\/unnadeluxe.fi\/fi\/tuote\/ze-ze-birla-396-cardigan\/\" \/>\n<meta property=\"og:locale\" content=\"fi_FI\" \/>\n<meta property=\"og:type\" content=\"article\" \/>\n<meta property=\"og:title\" content=\"ZE-ZE Birla 396 Cardigan - Unnadeluxe\" \/>\n<meta property=\"og:description\" content=\"Birla 936 fr\u00e5n ZE-ZE \u00e4r en feminin kofta med ett vackert stickm\u00f6nster och eleganta detaljer som lyfter vilken outfit som helst. Den har dekorativa knappliknande stenar, ribbade kanter och en klassisk passform med rik textur. Ett stilfullt och m\u00e5ngsidigt tillskott i garderoben \u2013 enkel att kl\u00e4 upp eller ner beroende p\u00e5 tillf\u00e4lle. Koftan kan kombineras [...]\" \/>\n<meta property=\"og:url\" content=\"https:\/\/unnadeluxe.fi\/fi\/tuote\/ze-ze-birla-396-cardigan\/\" \/>\n<meta property=\"og:site_name\" content=\"Unnadeluxe\" \/>\n<meta property=\"article:publisher\" content=\"https:\/\/www.facebook.com\/UnnaDeluxe\" \/>\n<meta property=\"article:modified_time\" content=\"2026-02-28T16:15:30+00:00\" \/>\n<meta property=\"og:image\" content=\"https:\/\/unnadeluxe.fi\/wp-content\/uploads\/2025\/12\/b2.webp\" \/>\n\t<meta property=\"og:image:width\" content=\"1200\" \/>\n\t<meta property=\"og:image:height\" content=\"1800\" \/>\n\t<meta property=\"og:image:type\" content=\"image\/webp\" \/>\n<meta name=\"twitter:card\" content=\"summary_large_image\" \/>\n<meta name=\"twitter:label1\" content=\"Arvioitu lukuaika\" \/>\n\t<meta name=\"twitter:data1\" content=\"1 minuutti\" \/>\n<script type=\"application\/ld+json\" class=\"yoast-schema-graph\">{\"@context\":\"https:\/\/schema.org\",\"@graph\":[{\"@type\":\"WebPage\",\"@id\":\"https:\/\/unnadeluxe.fi\/produkt\/ze-ze-birla-396-cardigan\/\",\"url\":\"https:\/\/unnadeluxe.fi\/produkt\/ze-ze-birla-396-cardigan\/\",\"name\":\"ZE-ZE Birla 396 Cardigan - Unnadeluxe\",\"isPartOf\":{\"@id\":\"https:\/\/unnadeluxe.fi\/#website\"},\"primaryImageOfPage\":{\"@id\":\"https:\/\/unnadeluxe.fi\/produkt\/ze-ze-birla-396-cardigan\/#primaryimage\"},\"image\":{\"@id\":\"https:\/\/unnadeluxe.fi\/produkt\/ze-ze-birla-396-cardigan\/#primaryimage\"},\"thumbnailUrl\":\"https:\/\/unnadeluxe.fi\/wp-content\/uploads\/2025\/12\/b2.webp\",\"datePublished\":\"2025-12-10T19:15:45+00:00\",\"dateModified\":\"2026-02-28T16:15:30+00:00\",\"breadcrumb\":{\"@id\":\"https:\/\/unnadeluxe.fi\/produkt\/ze-ze-birla-396-cardigan\/#breadcrumb\"},\"inLanguage\":\"fi\",\"potentialAction\":[{\"@type\":\"ReadAction\",\"target\":[\"https:\/\/unnadeluxe.fi\/produkt\/ze-ze-birla-396-cardigan\/\"]}]},{\"@type\":\"ImageObject\",\"inLanguage\":\"fi\",\"@id\":\"https:\/\/unnadeluxe.fi\/produkt\/ze-ze-birla-396-cardigan\/#primaryimage\",\"url\":\"https:\/\/unnadeluxe.fi\/wp-content\/uploads\/2025\/12\/b2.webp\",\"contentUrl\":\"https:\/\/unnadeluxe.fi\/wp-content\/uploads\/2025\/12\/b2.webp\",\"width\":1200,\"height\":1800},{\"@type\":\"BreadcrumbList\",\"@id\":\"https:\/\/unnadeluxe.fi\/produkt\/ze-ze-birla-396-cardigan\/#breadcrumb\",\"itemListElement\":[{\"@type\":\"ListItem\",\"position\":1,\"name\":\"Hem\",\"item\":\"https:\/\/unnadeluxe.fi\/\"},{\"@type\":\"ListItem\",\"position\":2,\"name\":\"Shop\",\"item\":\"https:\/\/unnadeluxe.fi\/shop\/\"},{\"@type\":\"ListItem\",\"position\":3,\"name\":\"ZE-ZE Birla 396 Cardigan\"}]},{\"@type\":\"WebSite\",\"@id\":\"https:\/\/unnadeluxe.fi\/#website\",\"url\":\"https:\/\/unnadeluxe.fi\/\",\"name\":\"Unnadeluxe\",\"description\":\"UnnaDeluxe\",\"publisher\":{\"@id\":\"https:\/\/unnadeluxe.fi\/#organization\"},\"potentialAction\":[{\"@type\":\"SearchAction\",\"target\":{\"@type\":\"EntryPoint\",\"urlTemplate\":\"https:\/\/unnadeluxe.fi\/?s={search_term_string}\"},\"query-input\":{\"@type\":\"PropertyValueSpecification\",\"valueRequired\":true,\"valueName\":\"search_term_string\"}}],\"inLanguage\":\"fi\"},{\"@type\":\"Organization\",\"@id\":\"https:\/\/unnadeluxe.fi\/#organization\",\"name\":\"Unnadeluxe\",\"url\":\"https:\/\/unnadeluxe.fi\/\",\"logo\":{\"@type\":\"ImageObject\",\"inLanguage\":\"fi\",\"@id\":\"https:\/\/unnadeluxe.fi\/#\/schema\/logo\/image\/\",\"url\":\"https:\/\/unnadeluxe.fi\/wp-content\/uploads\/2022\/09\/Unna-logo-lingerie-black-and-gold.png\",\"contentUrl\":\"https:\/\/unnadeluxe.fi\/wp-content\/uploads\/2022\/09\/Unna-logo-lingerie-black-and-gold.png\",\"width\":3150,\"height\":3937,\"caption\":\"Unnadeluxe\"},\"image\":{\"@id\":\"https:\/\/unnadeluxe.fi\/#\/schema\/logo\/image\/\"},\"sameAs\":[\"https:\/\/www.facebook.com\/UnnaDeluxe\"]}]}<\/script>\n<!-- \/ Yoast SEO plugin. -->","yoast_head_json":{"title":"ZE-ZE Birla 396 Cardigan - Unnadeluxe","robots":{"index":"index","follow":"follow","max-snippet":"max-snippet:-1","max-image-preview":"max-image-preview:large","max-video-preview":"max-video-preview:-1"},"canonical":"https:\/\/unnadeluxe.fi\/fi\/tuote\/ze-ze-birla-396-cardigan\/","og_locale":"fi_FI","og_type":"article","og_title":"ZE-ZE Birla 396 Cardigan - Unnadeluxe","og_description":"Birla 936 fr\u00e5n ZE-ZE \u00e4r en feminin kofta med ett vackert stickm\u00f6nster och eleganta detaljer som lyfter vilken outfit som helst. Den har dekorativa knappliknande stenar, ribbade kanter och en klassisk passform med rik textur. Ett stilfullt och m\u00e5ngsidigt tillskott i garderoben \u2013 enkel att kl\u00e4 upp eller ner beroende p\u00e5 tillf\u00e4lle. Koftan kan kombineras [...]","og_url":"https:\/\/unnadeluxe.fi\/fi\/tuote\/ze-ze-birla-396-cardigan\/","og_site_name":"Unnadeluxe","article_publisher":"https:\/\/www.facebook.com\/UnnaDeluxe","article_modified_time":"2026-02-28T16:15:30+00:00","og_image":[{"width":1200,"height":1800,"url":"https:\/\/unnadeluxe.fi\/wp-content\/uploads\/2025\/12\/b2.webp","type":"image\/webp"}],"twitter_card":"summary_large_image","twitter_misc":{"Arvioitu lukuaika":"1 minuutti"},"schema":{"@context":"https:\/\/schema.org","@graph":[{"@type":"WebPage","@id":"https:\/\/unnadeluxe.fi\/produkt\/ze-ze-birla-396-cardigan\/","url":"https:\/\/unnadeluxe.fi\/produkt\/ze-ze-birla-396-cardigan\/","name":"ZE-ZE Birla 396 Cardigan - Unnadeluxe","isPartOf":{"@id":"https:\/\/unnadeluxe.fi\/#website"},"primaryImageOfPage":{"@id":"https:\/\/unnadeluxe.fi\/produkt\/ze-ze-birla-396-cardigan\/#primaryimage"},"image":{"@id":"https:\/\/unnadeluxe.fi\/produkt\/ze-ze-birla-396-cardigan\/#primaryimage"},"thumbnailUrl":"https:\/\/unnadeluxe.fi\/wp-content\/uploads\/2025\/12\/b2.webp","datePublished":"2025-12-10T19:15:45+00:00","dateModified":"2026-02-28T16:15:30+00:00","breadcrumb":{"@id":"https:\/\/unnadeluxe.fi\/produkt\/ze-ze-birla-396-cardigan\/#breadcrumb"},"inLanguage":"fi","potentialAction":[{"@type":"ReadAction","target":["https:\/\/unnadeluxe.fi\/produkt\/ze-ze-birla-396-cardigan\/"]}]},{"@type":"ImageObject","inLanguage":"fi","@id":"https:\/\/unnadeluxe.fi\/produkt\/ze-ze-birla-396-cardigan\/#primaryimage","url":"https:\/\/unnadeluxe.fi\/wp-content\/uploads\/2025\/12\/b2.webp","contentUrl":"https:\/\/unnadeluxe.fi\/wp-content\/uploads\/2025\/12\/b2.webp","width":1200,"height":1800},{"@type":"BreadcrumbList","@id":"https:\/\/unnadeluxe.fi\/produkt\/ze-ze-birla-396-cardigan\/#breadcrumb","itemListElement":[{"@type":"ListItem","position":1,"name":"Hem","item":"https:\/\/unnadeluxe.fi\/"},{"@type":"ListItem","position":2,"name":"Shop","item":"https:\/\/unnadeluxe.fi\/shop\/"},{"@type":"ListItem","position":3,"name":"ZE-ZE Birla 396 Cardigan"}]},{"@type":"WebSite","@id":"https:\/\/unnadeluxe.fi\/#website","url":"https:\/\/unnadeluxe.fi\/","name":"Unnadeluxe","description":"UnnaDeluxe","publisher":{"@id":"https:\/\/unnadeluxe.fi\/#organization"},"potentialAction":[{"@type":"SearchAction","target":{"@type":"EntryPoint","urlTemplate":"https:\/\/unnadeluxe.fi\/?s={search_term_string}"},"query-input":{"@type":"PropertyValueSpecification","valueRequired":true,"valueName":"search_term_string"}}],"inLanguage":"fi"},{"@type":"Organization","@id":"https:\/\/unnadeluxe.fi\/#organization","name":"Unnadeluxe","url":"https:\/\/unnadeluxe.fi\/","logo":{"@type":"ImageObject","inLanguage":"fi","@id":"https:\/\/unnadeluxe.fi\/#\/schema\/logo\/image\/","url":"https:\/\/unnadeluxe.fi\/wp-content\/uploads\/2022\/09\/Unna-logo-lingerie-black-and-gold.png","contentUrl":"https:\/\/unnadeluxe.fi\/wp-content\/uploads\/2022\/09\/Unna-logo-lingerie-black-and-gold.png","width":3150,"height":3937,"caption":"Unnadeluxe"},"image":{"@id":"https:\/\/unnadeluxe.fi\/#\/schema\/logo\/image\/"},"sameAs":["https:\/\/www.facebook.com\/UnnaDeluxe"]}]}},"_links":{"self":[{"href":"https:\/\/unnadeluxe.fi\/fi\/wp-json\/wp\/v2\/product\/7893","targetHints":{"allow":["GET"]}}],"collection":[{"href":"https:\/\/unnadeluxe.fi\/fi\/wp-json\/wp\/v2\/product"}],"about":[{"href":"https:\/\/unnadeluxe.fi\/fi\/wp-json\/wp\/v2\/types\/product"}],"wp:featuredmedia":[{"embeddable":true,"href":"https:\/\/unnadeluxe.fi\/fi\/wp-json\/wp\/v2\/media\/7905"}],"wp:attachment":[{"href":"https:\/\/unnadeluxe.fi\/fi\/wp-json\/wp\/v2\/media?parent=7893"}],"wp:term":[{"taxonomy":"product_brand","embeddable":true,"href":"https:\/\/unnadeluxe.fi\/fi\/wp-json\/wp\/v2\/product_brand?post=7893"},{"taxonomy":"product_cat","embeddable":true,"href":"https:\/\/unnadeluxe.fi\/fi\/wp-json\/wp\/v2\/product_cat?post=7893"},{"taxonomy":"product_tag","embeddable":true,"href":"https:\/\/unnadeluxe.fi\/fi\/wp-json\/wp\/v2\/product_tag?post=7893"}],"curies":[{"name":"wp","href":"https:\/\/api.w.org\/{rel}","templated":true}]}}