{"id":7871,"date":"2025-12-09T16:33:59","date_gmt":"2025-12-09T16:33:59","guid":{"rendered":"https:\/\/unnadeluxe.fi\/?post_type=product&#038;p=7871"},"modified":"2026-02-28T16:16:27","modified_gmt":"2026-02-28T16:16:27","slug":"ze-ze-bibi-921-pullover","status":"publish","type":"product","link":"https:\/\/unnadeluxe.fi\/fi\/tuote\/ze-ze-bibi-921-pullover\/","title":{"rendered":"ZE-ZE Bibi 921 Pullover"},"content":{"rendered":"<p>Tunn stickad glittrande tr\u00f6ja fr\u00e5n ZE-ZE Rund halsringning. Smala muddar vid \u00e4rmslut och f\u00e5ll. Korta slitsar i nederkant.<br \/>\nF\u00e4rg: Teal Green,64455<br \/>\nMaterial: 60% viskos, 32% nylon och 8% polyester.<\/p>\n<p>T\u00e5l 30\u00b0 maskintv\u00e4tt. Enligt tv\u00e4ttlappen kan plagget krympa cirka 3% vid tv\u00e4tt<\/p>\n<p>M\u00e5tt i storlek M: cirka 56 cm fr\u00e5n armh\u00e5la till armh\u00e5la och ungef\u00e4r 58 cm fr\u00e5n halsringningens sida till nederkant.<\/p>","protected":false},"excerpt":{"rendered":"<p>Tunn stickad glittrande tr\u00f6ja fr\u00e5n ZE-ZE Rund halsringning. Smala muddar vid \u00e4rmslut och f\u00e5ll. Korta slitsar i nederkant. F\u00e4rg: Teal Green,64455 Material: 60% viskos, 32% nylon och 8% polyester. T\u00e5l 30\u00b0 maskintv\u00e4tt. Enligt tv\u00e4ttlappen kan plagget krympa cirka 3% vid tv\u00e4tt M\u00e5tt i storlek M: cirka 56 cm fr\u00e5n armh\u00e5la till armh\u00e5la och ungef\u00e4r 58 [&#8230;]\n","protected":false},"featured_media":7879,"template":"","meta":[],"product_brand":[102],"product_cat":[108,107,101,69],"product_tag":[],"class_list":{"0":"post-7871","1":"product","2":"type-product","3":"status-publish","4":"has-post-thumbnail","6":"product_brand-ze-ze","7":"product_cat-skjortor-blusar","8":"product_cat-trojor-koftor","9":"product_cat-klader-2","10":"product_cat-rea","12":"first","13":"instock","14":"sale","15":"taxable","16":"shipping-taxable","17":"purchasable","18":"product-type-variable"},"yoast_head":"<!-- This site is optimized with the Yoast SEO plugin v27.1.1 - https:\/\/yoast.com\/product\/yoast-seo-wordpress\/ -->\n<title>ZE-ZE Bibi 921 Pullover - Unnadeluxe<\/title>\n<meta name=\"robots\" content=\"index, follow, max-snippet:-1, max-image-preview:large, max-video-preview:-1\" \/>\n<link rel=\"canonical\" href=\"https:\/\/unnadeluxe.fi\/fi\/tuote\/ze-ze-bibi-921-pullover\/\" \/>\n<meta property=\"og:locale\" content=\"fi_FI\" \/>\n<meta property=\"og:type\" content=\"article\" \/>\n<meta property=\"og:title\" content=\"ZE-ZE Bibi 921 Pullover - Unnadeluxe\" \/>\n<meta property=\"og:description\" content=\"Tunn stickad glittrande tr\u00f6ja fr\u00e5n ZE-ZE Rund halsringning. Smala muddar vid \u00e4rmslut och f\u00e5ll. Korta slitsar i nederkant. F\u00e4rg: Teal Green,64455 Material: 60% viskos, 32% nylon och 8% polyester. T\u00e5l 30\u00b0 maskintv\u00e4tt. Enligt tv\u00e4ttlappen kan plagget krympa cirka 3% vid tv\u00e4tt M\u00e5tt i storlek M: cirka 56 cm fr\u00e5n armh\u00e5la till armh\u00e5la och ungef\u00e4r 58 [...]\" \/>\n<meta property=\"og:url\" content=\"https:\/\/unnadeluxe.fi\/fi\/tuote\/ze-ze-bibi-921-pullover\/\" \/>\n<meta property=\"og:site_name\" content=\"Unnadeluxe\" \/>\n<meta property=\"article:publisher\" content=\"https:\/\/www.facebook.com\/UnnaDeluxe\" \/>\n<meta property=\"article:modified_time\" content=\"2026-02-28T16:16:27+00:00\" \/>\n<meta property=\"og:image\" content=\"https:\/\/unnadeluxe.fi\/wp-content\/uploads\/2025\/12\/ZE6.webp\" \/>\n\t<meta property=\"og:image:width\" content=\"720\" \/>\n\t<meta property=\"og:image:height\" content=\"1080\" \/>\n\t<meta property=\"og:image:type\" content=\"image\/webp\" \/>\n<meta name=\"twitter:card\" content=\"summary_large_image\" \/>\n<meta name=\"twitter:label1\" content=\"Arvioitu lukuaika\" \/>\n\t<meta name=\"twitter:data1\" content=\"1 minuutti\" \/>\n<script type=\"application\/ld+json\" class=\"yoast-schema-graph\">{\"@context\":\"https:\/\/schema.org\",\"@graph\":[{\"@type\":\"WebPage\",\"@id\":\"https:\/\/unnadeluxe.fi\/produkt\/ze-ze-bibi-921-pullover\/\",\"url\":\"https:\/\/unnadeluxe.fi\/produkt\/ze-ze-bibi-921-pullover\/\",\"name\":\"ZE-ZE Bibi 921 Pullover - Unnadeluxe\",\"isPartOf\":{\"@id\":\"https:\/\/unnadeluxe.fi\/#website\"},\"primaryImageOfPage\":{\"@id\":\"https:\/\/unnadeluxe.fi\/produkt\/ze-ze-bibi-921-pullover\/#primaryimage\"},\"image\":{\"@id\":\"https:\/\/unnadeluxe.fi\/produkt\/ze-ze-bibi-921-pullover\/#primaryimage\"},\"thumbnailUrl\":\"https:\/\/unnadeluxe.fi\/wp-content\/uploads\/2025\/12\/ZE6.webp\",\"datePublished\":\"2025-12-09T16:33:59+00:00\",\"dateModified\":\"2026-02-28T16:16:27+00:00\",\"breadcrumb\":{\"@id\":\"https:\/\/unnadeluxe.fi\/produkt\/ze-ze-bibi-921-pullover\/#breadcrumb\"},\"inLanguage\":\"fi\",\"potentialAction\":[{\"@type\":\"ReadAction\",\"target\":[\"https:\/\/unnadeluxe.fi\/produkt\/ze-ze-bibi-921-pullover\/\"]}]},{\"@type\":\"ImageObject\",\"inLanguage\":\"fi\",\"@id\":\"https:\/\/unnadeluxe.fi\/produkt\/ze-ze-bibi-921-pullover\/#primaryimage\",\"url\":\"https:\/\/unnadeluxe.fi\/wp-content\/uploads\/2025\/12\/ZE6.webp\",\"contentUrl\":\"https:\/\/unnadeluxe.fi\/wp-content\/uploads\/2025\/12\/ZE6.webp\",\"width\":720,\"height\":1080},{\"@type\":\"BreadcrumbList\",\"@id\":\"https:\/\/unnadeluxe.fi\/produkt\/ze-ze-bibi-921-pullover\/#breadcrumb\",\"itemListElement\":[{\"@type\":\"ListItem\",\"position\":1,\"name\":\"Hem\",\"item\":\"https:\/\/unnadeluxe.fi\/\"},{\"@type\":\"ListItem\",\"position\":2,\"name\":\"Shop\",\"item\":\"https:\/\/unnadeluxe.fi\/shop\/\"},{\"@type\":\"ListItem\",\"position\":3,\"name\":\"ZE-ZE Bibi 921 Pullover\"}]},{\"@type\":\"WebSite\",\"@id\":\"https:\/\/unnadeluxe.fi\/#website\",\"url\":\"https:\/\/unnadeluxe.fi\/\",\"name\":\"Unnadeluxe\",\"description\":\"UnnaDeluxe\",\"publisher\":{\"@id\":\"https:\/\/unnadeluxe.fi\/#organization\"},\"potentialAction\":[{\"@type\":\"SearchAction\",\"target\":{\"@type\":\"EntryPoint\",\"urlTemplate\":\"https:\/\/unnadeluxe.fi\/?s={search_term_string}\"},\"query-input\":{\"@type\":\"PropertyValueSpecification\",\"valueRequired\":true,\"valueName\":\"search_term_string\"}}],\"inLanguage\":\"fi\"},{\"@type\":\"Organization\",\"@id\":\"https:\/\/unnadeluxe.fi\/#organization\",\"name\":\"Unnadeluxe\",\"url\":\"https:\/\/unnadeluxe.fi\/\",\"logo\":{\"@type\":\"ImageObject\",\"inLanguage\":\"fi\",\"@id\":\"https:\/\/unnadeluxe.fi\/#\/schema\/logo\/image\/\",\"url\":\"https:\/\/unnadeluxe.fi\/wp-content\/uploads\/2022\/09\/Unna-logo-lingerie-black-and-gold.png\",\"contentUrl\":\"https:\/\/unnadeluxe.fi\/wp-content\/uploads\/2022\/09\/Unna-logo-lingerie-black-and-gold.png\",\"width\":3150,\"height\":3937,\"caption\":\"Unnadeluxe\"},\"image\":{\"@id\":\"https:\/\/unnadeluxe.fi\/#\/schema\/logo\/image\/\"},\"sameAs\":[\"https:\/\/www.facebook.com\/UnnaDeluxe\"]}]}<\/script>\n<!-- \/ Yoast SEO plugin. -->","yoast_head_json":{"title":"ZE-ZE Bibi 921 Pullover - Unnadeluxe","robots":{"index":"index","follow":"follow","max-snippet":"max-snippet:-1","max-image-preview":"max-image-preview:large","max-video-preview":"max-video-preview:-1"},"canonical":"https:\/\/unnadeluxe.fi\/fi\/tuote\/ze-ze-bibi-921-pullover\/","og_locale":"fi_FI","og_type":"article","og_title":"ZE-ZE Bibi 921 Pullover - Unnadeluxe","og_description":"Tunn stickad glittrande tr\u00f6ja fr\u00e5n ZE-ZE Rund halsringning. Smala muddar vid \u00e4rmslut och f\u00e5ll. Korta slitsar i nederkant. F\u00e4rg: Teal Green,64455 Material: 60% viskos, 32% nylon och 8% polyester. T\u00e5l 30\u00b0 maskintv\u00e4tt. Enligt tv\u00e4ttlappen kan plagget krympa cirka 3% vid tv\u00e4tt M\u00e5tt i storlek M: cirka 56 cm fr\u00e5n armh\u00e5la till armh\u00e5la och ungef\u00e4r 58 [...]","og_url":"https:\/\/unnadeluxe.fi\/fi\/tuote\/ze-ze-bibi-921-pullover\/","og_site_name":"Unnadeluxe","article_publisher":"https:\/\/www.facebook.com\/UnnaDeluxe","article_modified_time":"2026-02-28T16:16:27+00:00","og_image":[{"width":720,"height":1080,"url":"https:\/\/unnadeluxe.fi\/wp-content\/uploads\/2025\/12\/ZE6.webp","type":"image\/webp"}],"twitter_card":"summary_large_image","twitter_misc":{"Arvioitu lukuaika":"1 minuutti"},"schema":{"@context":"https:\/\/schema.org","@graph":[{"@type":"WebPage","@id":"https:\/\/unnadeluxe.fi\/produkt\/ze-ze-bibi-921-pullover\/","url":"https:\/\/unnadeluxe.fi\/produkt\/ze-ze-bibi-921-pullover\/","name":"ZE-ZE Bibi 921 Pullover - Unnadeluxe","isPartOf":{"@id":"https:\/\/unnadeluxe.fi\/#website"},"primaryImageOfPage":{"@id":"https:\/\/unnadeluxe.fi\/produkt\/ze-ze-bibi-921-pullover\/#primaryimage"},"image":{"@id":"https:\/\/unnadeluxe.fi\/produkt\/ze-ze-bibi-921-pullover\/#primaryimage"},"thumbnailUrl":"https:\/\/unnadeluxe.fi\/wp-content\/uploads\/2025\/12\/ZE6.webp","datePublished":"2025-12-09T16:33:59+00:00","dateModified":"2026-02-28T16:16:27+00:00","breadcrumb":{"@id":"https:\/\/unnadeluxe.fi\/produkt\/ze-ze-bibi-921-pullover\/#breadcrumb"},"inLanguage":"fi","potentialAction":[{"@type":"ReadAction","target":["https:\/\/unnadeluxe.fi\/produkt\/ze-ze-bibi-921-pullover\/"]}]},{"@type":"ImageObject","inLanguage":"fi","@id":"https:\/\/unnadeluxe.fi\/produkt\/ze-ze-bibi-921-pullover\/#primaryimage","url":"https:\/\/unnadeluxe.fi\/wp-content\/uploads\/2025\/12\/ZE6.webp","contentUrl":"https:\/\/unnadeluxe.fi\/wp-content\/uploads\/2025\/12\/ZE6.webp","width":720,"height":1080},{"@type":"BreadcrumbList","@id":"https:\/\/unnadeluxe.fi\/produkt\/ze-ze-bibi-921-pullover\/#breadcrumb","itemListElement":[{"@type":"ListItem","position":1,"name":"Hem","item":"https:\/\/unnadeluxe.fi\/"},{"@type":"ListItem","position":2,"name":"Shop","item":"https:\/\/unnadeluxe.fi\/shop\/"},{"@type":"ListItem","position":3,"name":"ZE-ZE Bibi 921 Pullover"}]},{"@type":"WebSite","@id":"https:\/\/unnadeluxe.fi\/#website","url":"https:\/\/unnadeluxe.fi\/","name":"Unnadeluxe","description":"UnnaDeluxe","publisher":{"@id":"https:\/\/unnadeluxe.fi\/#organization"},"potentialAction":[{"@type":"SearchAction","target":{"@type":"EntryPoint","urlTemplate":"https:\/\/unnadeluxe.fi\/?s={search_term_string}"},"query-input":{"@type":"PropertyValueSpecification","valueRequired":true,"valueName":"search_term_string"}}],"inLanguage":"fi"},{"@type":"Organization","@id":"https:\/\/unnadeluxe.fi\/#organization","name":"Unnadeluxe","url":"https:\/\/unnadeluxe.fi\/","logo":{"@type":"ImageObject","inLanguage":"fi","@id":"https:\/\/unnadeluxe.fi\/#\/schema\/logo\/image\/","url":"https:\/\/unnadeluxe.fi\/wp-content\/uploads\/2022\/09\/Unna-logo-lingerie-black-and-gold.png","contentUrl":"https:\/\/unnadeluxe.fi\/wp-content\/uploads\/2022\/09\/Unna-logo-lingerie-black-and-gold.png","width":3150,"height":3937,"caption":"Unnadeluxe"},"image":{"@id":"https:\/\/unnadeluxe.fi\/#\/schema\/logo\/image\/"},"sameAs":["https:\/\/www.facebook.com\/UnnaDeluxe"]}]}},"_links":{"self":[{"href":"https:\/\/unnadeluxe.fi\/fi\/wp-json\/wp\/v2\/product\/7871","targetHints":{"allow":["GET"]}}],"collection":[{"href":"https:\/\/unnadeluxe.fi\/fi\/wp-json\/wp\/v2\/product"}],"about":[{"href":"https:\/\/unnadeluxe.fi\/fi\/wp-json\/wp\/v2\/types\/product"}],"wp:featuredmedia":[{"embeddable":true,"href":"https:\/\/unnadeluxe.fi\/fi\/wp-json\/wp\/v2\/media\/7879"}],"wp:attachment":[{"href":"https:\/\/unnadeluxe.fi\/fi\/wp-json\/wp\/v2\/media?parent=7871"}],"wp:term":[{"taxonomy":"product_brand","embeddable":true,"href":"https:\/\/unnadeluxe.fi\/fi\/wp-json\/wp\/v2\/product_brand?post=7871"},{"taxonomy":"product_cat","embeddable":true,"href":"https:\/\/unnadeluxe.fi\/fi\/wp-json\/wp\/v2\/product_cat?post=7871"},{"taxonomy":"product_tag","embeddable":true,"href":"https:\/\/unnadeluxe.fi\/fi\/wp-json\/wp\/v2\/product_tag?post=7871"}],"curies":[{"name":"wp","href":"https:\/\/api.w.org\/{rel}","templated":true}]}}