{"id":7825,"date":"2025-12-09T15:51:56","date_gmt":"2025-12-09T15:51:56","guid":{"rendered":"https:\/\/unnadeluxe.fi\/?post_type=product&#038;p=7825"},"modified":"2025-12-09T16:09:02","modified_gmt":"2025-12-09T16:09:02","slug":"ze-ze-bella-457-top","status":"publish","type":"product","link":"https:\/\/unnadeluxe.fi\/fi\/tuote\/ze-ze-bella-457-top\/","title":{"rendered":"ZE-ZE Bella 457 Top"},"content":{"rendered":"<p>H\u00e4rlig Lyocell Top fr\u00e5n ZE-ZE<br \/>\nF\u00e4rg: Mud, 04010<br \/>\nMaterial: Lyocell 95%, Elasthane 5%<\/p>\n<p>30 degree (cold)<br \/>\nDo not bleach<br \/>\nDo not tumble dry<br \/>\nLine dry<br \/>\nIron &#8211; low<br \/>\nNo dryclean<br \/>\nMaximum 3% Shrink<br \/>\nTo be washed before use<br \/>\nTo be washed inside out<br \/>\nWash with similar colours<br \/>\nWash Separately<br \/>\nIroning on inside<br \/>\nUse mild detergent<\/p>","protected":false},"excerpt":{"rendered":"<p>H\u00e4rlig Lyocell Top fr\u00e5n ZE-ZE F\u00e4rg: Mud, 04010 Material: Lyocell 95%, Elasthane 5% 30 degree (cold) Do not bleach Do not tumble dry Line dry Iron &#8211; low No dryclean Maximum 3% Shrink To be washed before use To be washed inside out Wash with similar colours Wash Separately Ironing on inside Use mild detergent<\/p>","protected":false},"featured_media":7833,"template":"","meta":[],"product_brand":[102],"product_cat":[101],"product_tag":[],"class_list":{"0":"post-7825","1":"product","2":"type-product","3":"status-publish","4":"has-post-thumbnail","6":"product_brand-ze-ze","7":"product_cat-klader-2","9":"first","10":"instock","11":"taxable","12":"shipping-taxable","13":"purchasable","14":"product-type-variable"},"yoast_head":"<!-- This site is optimized with the Yoast SEO plugin v27.1.1 - https:\/\/yoast.com\/product\/yoast-seo-wordpress\/ -->\n<title>ZE-ZE Bella 457 Top - Unnadeluxe<\/title>\n<meta name=\"robots\" content=\"index, follow, max-snippet:-1, max-image-preview:large, max-video-preview:-1\" \/>\n<link rel=\"canonical\" href=\"https:\/\/unnadeluxe.fi\/fi\/tuote\/ze-ze-bella-457-top\/\" \/>\n<meta property=\"og:locale\" content=\"fi_FI\" \/>\n<meta property=\"og:type\" content=\"article\" \/>\n<meta property=\"og:title\" content=\"ZE-ZE Bella 457 Top - Unnadeluxe\" \/>\n<meta property=\"og:description\" content=\"H\u00e4rlig Lyocell Top fr\u00e5n ZE-ZE F\u00e4rg: Mud, 04010 Material: Lyocell 95%, Elasthane 5% 30 degree (cold) Do not bleach Do not tumble dry Line dry Iron &#8211; low No dryclean Maximum 3% Shrink To be washed before use To be washed inside out Wash with similar colours Wash Separately Ironing on inside Use mild detergent\" \/>\n<meta property=\"og:url\" content=\"https:\/\/unnadeluxe.fi\/fi\/tuote\/ze-ze-bella-457-top\/\" \/>\n<meta property=\"og:site_name\" content=\"Unnadeluxe\" \/>\n<meta property=\"article:publisher\" content=\"https:\/\/www.facebook.com\/UnnaDeluxe\" \/>\n<meta property=\"article:modified_time\" content=\"2025-12-09T16:09:02+00:00\" \/>\n<meta property=\"og:image\" content=\"https:\/\/unnadeluxe.fi\/wp-content\/uploads\/2025\/12\/zeze14.webp\" \/>\n\t<meta property=\"og:image:width\" content=\"720\" \/>\n\t<meta property=\"og:image:height\" content=\"1080\" \/>\n\t<meta property=\"og:image:type\" content=\"image\/webp\" \/>\n<meta name=\"twitter:card\" content=\"summary_large_image\" \/>\n<meta name=\"twitter:label1\" content=\"Arvioitu lukuaika\" \/>\n\t<meta name=\"twitter:data1\" content=\"1 minuutti\" \/>\n<script type=\"application\/ld+json\" class=\"yoast-schema-graph\">{\"@context\":\"https:\/\/schema.org\",\"@graph\":[{\"@type\":\"WebPage\",\"@id\":\"https:\/\/unnadeluxe.fi\/produkt\/ze-ze-bella-457-top\/\",\"url\":\"https:\/\/unnadeluxe.fi\/produkt\/ze-ze-bella-457-top\/\",\"name\":\"ZE-ZE Bella 457 Top - Unnadeluxe\",\"isPartOf\":{\"@id\":\"https:\/\/unnadeluxe.fi\/#website\"},\"primaryImageOfPage\":{\"@id\":\"https:\/\/unnadeluxe.fi\/produkt\/ze-ze-bella-457-top\/#primaryimage\"},\"image\":{\"@id\":\"https:\/\/unnadeluxe.fi\/produkt\/ze-ze-bella-457-top\/#primaryimage\"},\"thumbnailUrl\":\"https:\/\/unnadeluxe.fi\/wp-content\/uploads\/2025\/12\/zeze14.webp\",\"datePublished\":\"2025-12-09T15:51:56+00:00\",\"dateModified\":\"2025-12-09T16:09:02+00:00\",\"breadcrumb\":{\"@id\":\"https:\/\/unnadeluxe.fi\/produkt\/ze-ze-bella-457-top\/#breadcrumb\"},\"inLanguage\":\"fi\",\"potentialAction\":[{\"@type\":\"ReadAction\",\"target\":[\"https:\/\/unnadeluxe.fi\/produkt\/ze-ze-bella-457-top\/\"]}]},{\"@type\":\"ImageObject\",\"inLanguage\":\"fi\",\"@id\":\"https:\/\/unnadeluxe.fi\/produkt\/ze-ze-bella-457-top\/#primaryimage\",\"url\":\"https:\/\/unnadeluxe.fi\/wp-content\/uploads\/2025\/12\/zeze14.webp\",\"contentUrl\":\"https:\/\/unnadeluxe.fi\/wp-content\/uploads\/2025\/12\/zeze14.webp\",\"width\":720,\"height\":1080},{\"@type\":\"BreadcrumbList\",\"@id\":\"https:\/\/unnadeluxe.fi\/produkt\/ze-ze-bella-457-top\/#breadcrumb\",\"itemListElement\":[{\"@type\":\"ListItem\",\"position\":1,\"name\":\"Hem\",\"item\":\"https:\/\/unnadeluxe.fi\/\"},{\"@type\":\"ListItem\",\"position\":2,\"name\":\"Shop\",\"item\":\"https:\/\/unnadeluxe.fi\/shop\/\"},{\"@type\":\"ListItem\",\"position\":3,\"name\":\"ZE-ZE Bella 457 Top\"}]},{\"@type\":\"WebSite\",\"@id\":\"https:\/\/unnadeluxe.fi\/#website\",\"url\":\"https:\/\/unnadeluxe.fi\/\",\"name\":\"Unnadeluxe\",\"description\":\"UnnaDeluxe\",\"publisher\":{\"@id\":\"https:\/\/unnadeluxe.fi\/#organization\"},\"potentialAction\":[{\"@type\":\"SearchAction\",\"target\":{\"@type\":\"EntryPoint\",\"urlTemplate\":\"https:\/\/unnadeluxe.fi\/?s={search_term_string}\"},\"query-input\":{\"@type\":\"PropertyValueSpecification\",\"valueRequired\":true,\"valueName\":\"search_term_string\"}}],\"inLanguage\":\"fi\"},{\"@type\":\"Organization\",\"@id\":\"https:\/\/unnadeluxe.fi\/#organization\",\"name\":\"Unnadeluxe\",\"url\":\"https:\/\/unnadeluxe.fi\/\",\"logo\":{\"@type\":\"ImageObject\",\"inLanguage\":\"fi\",\"@id\":\"https:\/\/unnadeluxe.fi\/#\/schema\/logo\/image\/\",\"url\":\"https:\/\/unnadeluxe.fi\/wp-content\/uploads\/2022\/09\/Unna-logo-lingerie-black-and-gold.png\",\"contentUrl\":\"https:\/\/unnadeluxe.fi\/wp-content\/uploads\/2022\/09\/Unna-logo-lingerie-black-and-gold.png\",\"width\":3150,\"height\":3937,\"caption\":\"Unnadeluxe\"},\"image\":{\"@id\":\"https:\/\/unnadeluxe.fi\/#\/schema\/logo\/image\/\"},\"sameAs\":[\"https:\/\/www.facebook.com\/UnnaDeluxe\"]}]}<\/script>\n<!-- \/ Yoast SEO plugin. -->","yoast_head_json":{"title":"ZE-ZE Bella 457 Top - Unnadeluxe","robots":{"index":"index","follow":"follow","max-snippet":"max-snippet:-1","max-image-preview":"max-image-preview:large","max-video-preview":"max-video-preview:-1"},"canonical":"https:\/\/unnadeluxe.fi\/fi\/tuote\/ze-ze-bella-457-top\/","og_locale":"fi_FI","og_type":"article","og_title":"ZE-ZE Bella 457 Top - Unnadeluxe","og_description":"H\u00e4rlig Lyocell Top fr\u00e5n ZE-ZE F\u00e4rg: Mud, 04010 Material: Lyocell 95%, Elasthane 5% 30 degree (cold) Do not bleach Do not tumble dry Line dry Iron &#8211; low No dryclean Maximum 3% Shrink To be washed before use To be washed inside out Wash with similar colours Wash Separately Ironing on inside Use mild detergent","og_url":"https:\/\/unnadeluxe.fi\/fi\/tuote\/ze-ze-bella-457-top\/","og_site_name":"Unnadeluxe","article_publisher":"https:\/\/www.facebook.com\/UnnaDeluxe","article_modified_time":"2025-12-09T16:09:02+00:00","og_image":[{"width":720,"height":1080,"url":"https:\/\/unnadeluxe.fi\/wp-content\/uploads\/2025\/12\/zeze14.webp","type":"image\/webp"}],"twitter_card":"summary_large_image","twitter_misc":{"Arvioitu lukuaika":"1 minuutti"},"schema":{"@context":"https:\/\/schema.org","@graph":[{"@type":"WebPage","@id":"https:\/\/unnadeluxe.fi\/produkt\/ze-ze-bella-457-top\/","url":"https:\/\/unnadeluxe.fi\/produkt\/ze-ze-bella-457-top\/","name":"ZE-ZE Bella 457 Top - Unnadeluxe","isPartOf":{"@id":"https:\/\/unnadeluxe.fi\/#website"},"primaryImageOfPage":{"@id":"https:\/\/unnadeluxe.fi\/produkt\/ze-ze-bella-457-top\/#primaryimage"},"image":{"@id":"https:\/\/unnadeluxe.fi\/produkt\/ze-ze-bella-457-top\/#primaryimage"},"thumbnailUrl":"https:\/\/unnadeluxe.fi\/wp-content\/uploads\/2025\/12\/zeze14.webp","datePublished":"2025-12-09T15:51:56+00:00","dateModified":"2025-12-09T16:09:02+00:00","breadcrumb":{"@id":"https:\/\/unnadeluxe.fi\/produkt\/ze-ze-bella-457-top\/#breadcrumb"},"inLanguage":"fi","potentialAction":[{"@type":"ReadAction","target":["https:\/\/unnadeluxe.fi\/produkt\/ze-ze-bella-457-top\/"]}]},{"@type":"ImageObject","inLanguage":"fi","@id":"https:\/\/unnadeluxe.fi\/produkt\/ze-ze-bella-457-top\/#primaryimage","url":"https:\/\/unnadeluxe.fi\/wp-content\/uploads\/2025\/12\/zeze14.webp","contentUrl":"https:\/\/unnadeluxe.fi\/wp-content\/uploads\/2025\/12\/zeze14.webp","width":720,"height":1080},{"@type":"BreadcrumbList","@id":"https:\/\/unnadeluxe.fi\/produkt\/ze-ze-bella-457-top\/#breadcrumb","itemListElement":[{"@type":"ListItem","position":1,"name":"Hem","item":"https:\/\/unnadeluxe.fi\/"},{"@type":"ListItem","position":2,"name":"Shop","item":"https:\/\/unnadeluxe.fi\/shop\/"},{"@type":"ListItem","position":3,"name":"ZE-ZE Bella 457 Top"}]},{"@type":"WebSite","@id":"https:\/\/unnadeluxe.fi\/#website","url":"https:\/\/unnadeluxe.fi\/","name":"Unnadeluxe","description":"UnnaDeluxe","publisher":{"@id":"https:\/\/unnadeluxe.fi\/#organization"},"potentialAction":[{"@type":"SearchAction","target":{"@type":"EntryPoint","urlTemplate":"https:\/\/unnadeluxe.fi\/?s={search_term_string}"},"query-input":{"@type":"PropertyValueSpecification","valueRequired":true,"valueName":"search_term_string"}}],"inLanguage":"fi"},{"@type":"Organization","@id":"https:\/\/unnadeluxe.fi\/#organization","name":"Unnadeluxe","url":"https:\/\/unnadeluxe.fi\/","logo":{"@type":"ImageObject","inLanguage":"fi","@id":"https:\/\/unnadeluxe.fi\/#\/schema\/logo\/image\/","url":"https:\/\/unnadeluxe.fi\/wp-content\/uploads\/2022\/09\/Unna-logo-lingerie-black-and-gold.png","contentUrl":"https:\/\/unnadeluxe.fi\/wp-content\/uploads\/2022\/09\/Unna-logo-lingerie-black-and-gold.png","width":3150,"height":3937,"caption":"Unnadeluxe"},"image":{"@id":"https:\/\/unnadeluxe.fi\/#\/schema\/logo\/image\/"},"sameAs":["https:\/\/www.facebook.com\/UnnaDeluxe"]}]}},"_links":{"self":[{"href":"https:\/\/unnadeluxe.fi\/fi\/wp-json\/wp\/v2\/product\/7825","targetHints":{"allow":["GET"]}}],"collection":[{"href":"https:\/\/unnadeluxe.fi\/fi\/wp-json\/wp\/v2\/product"}],"about":[{"href":"https:\/\/unnadeluxe.fi\/fi\/wp-json\/wp\/v2\/types\/product"}],"wp:featuredmedia":[{"embeddable":true,"href":"https:\/\/unnadeluxe.fi\/fi\/wp-json\/wp\/v2\/media\/7833"}],"wp:attachment":[{"href":"https:\/\/unnadeluxe.fi\/fi\/wp-json\/wp\/v2\/media?parent=7825"}],"wp:term":[{"taxonomy":"product_brand","embeddable":true,"href":"https:\/\/unnadeluxe.fi\/fi\/wp-json\/wp\/v2\/product_brand?post=7825"},{"taxonomy":"product_cat","embeddable":true,"href":"https:\/\/unnadeluxe.fi\/fi\/wp-json\/wp\/v2\/product_cat?post=7825"},{"taxonomy":"product_tag","embeddable":true,"href":"https:\/\/unnadeluxe.fi\/fi\/wp-json\/wp\/v2\/product_tag?post=7825"}],"curies":[{"name":"wp","href":"https:\/\/api.w.org\/{rel}","templated":true}]}}