{"id":7747,"date":"2025-12-07T20:26:02","date_gmt":"2025-12-07T20:26:02","guid":{"rendered":"https:\/\/unnadeluxe.fi\/?post_type=product&#038;p=7747"},"modified":"2026-02-20T15:47:50","modified_gmt":"2026-02-20T15:47:50","slug":"anita-lucia-high-waist-briefs","status":"publish","type":"product","link":"https:\/\/unnadeluxe.fi\/fi\/tuote\/anita-lucia-high-waist-briefs\/","title":{"rendered":"Anita Lucia High Waist Briefs"},"content":{"rendered":"<p>Anita Lucia 1323 h\u00f6g trosa &#8211; Anita Lucia \u00e4r b\u00e5de en elegant och tidl\u00f6s trosa som passar till vardag och fest. Mjukt material som k\u00e4nns sk\u00f6n mot huden och \u00e4r diskret under plagg.<br \/>\nF\u00e4rg: Moonlight Blue<br \/>\nTv\u00e4ttr\u00e5d: Fintv\u00e4tt 40 grader<br \/>\nMaterial: 79% Nylon, 16% Elastaani, 5% Polyester<\/p>","protected":false},"excerpt":{"rendered":"<p>Anita Lucia 1323 \u00e4r en h\u00f6g trosa som b\u00e5de \u00e4r elegant och tidl\u00f6s och passar till b\u00e5de vardag och fest. Mjukt material som k\u00e4nns sk\u00f6n mot huden och \u00e4r diskret under plagg. Bra kvalit\u00e9.<\/p>","protected":false},"featured_media":7748,"template":"","meta":[],"product_brand":[80],"product_cat":[29],"product_tag":[],"class_list":{"0":"post-7747","1":"product","2":"type-product","3":"status-publish","4":"has-post-thumbnail","6":"product_brand-anita","7":"product_cat-trosor","9":"first","10":"instock","11":"taxable","12":"shipping-taxable","13":"purchasable","14":"product-type-variable"},"yoast_head":"<!-- This site is optimized with the Yoast SEO plugin v27.5 - https:\/\/yoast.com\/product\/yoast-seo-wordpress\/ -->\n<title>Anita Lucia High Waist Briefs - Unnadeluxe<\/title>\n<meta name=\"robots\" content=\"index, follow, max-snippet:-1, max-image-preview:large, max-video-preview:-1\" \/>\n<link rel=\"canonical\" href=\"https:\/\/unnadeluxe.fi\/fi\/tuote\/anita-lucia-high-waist-briefs\/\" \/>\n<meta property=\"og:locale\" content=\"fi_FI\" \/>\n<meta property=\"og:type\" content=\"article\" \/>\n<meta property=\"og:title\" content=\"Anita Lucia High Waist Briefs - Unnadeluxe\" \/>\n<meta property=\"og:description\" content=\"Anita Lucia 1323 \u00e4r en h\u00f6g trosa som b\u00e5de \u00e4r elegant och tidl\u00f6s och passar till b\u00e5de vardag och fest. Mjukt material som k\u00e4nns sk\u00f6n mot huden och \u00e4r diskret under plagg. Bra kvalit\u00e9.\" \/>\n<meta property=\"og:url\" content=\"https:\/\/unnadeluxe.fi\/fi\/tuote\/anita-lucia-high-waist-briefs\/\" \/>\n<meta property=\"og:site_name\" content=\"Unnadeluxe\" \/>\n<meta property=\"article:publisher\" content=\"https:\/\/www.facebook.com\/UnnaDeluxe\" \/>\n<meta property=\"article:modified_time\" content=\"2026-02-20T15:47:50+00:00\" \/>\n<meta property=\"og:image\" content=\"https:\/\/unnadeluxe.fi\/wp-content\/uploads\/2025\/12\/1323_374_FS_rgb_1920.jpg\" \/>\n\t<meta property=\"og:image:width\" content=\"1280\" \/>\n\t<meta property=\"og:image:height\" content=\"1920\" \/>\n\t<meta property=\"og:image:type\" content=\"image\/jpeg\" \/>\n<meta name=\"twitter:card\" content=\"summary_large_image\" \/>\n<meta name=\"twitter:label1\" content=\"Arvioitu lukuaika\" \/>\n\t<meta name=\"twitter:data1\" content=\"1 minuutti\" \/>\n<script type=\"application\/ld+json\" class=\"yoast-schema-graph\">{\"@context\":\"https:\\\/\\\/schema.org\",\"@graph\":[{\"@type\":\"WebPage\",\"@id\":\"https:\\\/\\\/unnadeluxe.fi\\\/produkt\\\/anita-lucia-high-waist-briefs\\\/\",\"url\":\"https:\\\/\\\/unnadeluxe.fi\\\/produkt\\\/anita-lucia-high-waist-briefs\\\/\",\"name\":\"Anita Lucia High Waist Briefs - Unnadeluxe\",\"isPartOf\":{\"@id\":\"https:\\\/\\\/unnadeluxe.fi\\\/#website\"},\"primaryImageOfPage\":{\"@id\":\"https:\\\/\\\/unnadeluxe.fi\\\/produkt\\\/anita-lucia-high-waist-briefs\\\/#primaryimage\"},\"image\":{\"@id\":\"https:\\\/\\\/unnadeluxe.fi\\\/produkt\\\/anita-lucia-high-waist-briefs\\\/#primaryimage\"},\"thumbnailUrl\":\"https:\\\/\\\/unnadeluxe.fi\\\/wp-content\\\/uploads\\\/2025\\\/12\\\/1323_374_FS_rgb_1920.jpg\",\"datePublished\":\"2025-12-07T20:26:02+00:00\",\"dateModified\":\"2026-02-20T15:47:50+00:00\",\"breadcrumb\":{\"@id\":\"https:\\\/\\\/unnadeluxe.fi\\\/produkt\\\/anita-lucia-high-waist-briefs\\\/#breadcrumb\"},\"inLanguage\":\"fi\",\"potentialAction\":[{\"@type\":\"ReadAction\",\"target\":[\"https:\\\/\\\/unnadeluxe.fi\\\/produkt\\\/anita-lucia-high-waist-briefs\\\/\"]}]},{\"@type\":\"ImageObject\",\"inLanguage\":\"fi\",\"@id\":\"https:\\\/\\\/unnadeluxe.fi\\\/produkt\\\/anita-lucia-high-waist-briefs\\\/#primaryimage\",\"url\":\"https:\\\/\\\/unnadeluxe.fi\\\/wp-content\\\/uploads\\\/2025\\\/12\\\/1323_374_FS_rgb_1920.jpg\",\"contentUrl\":\"https:\\\/\\\/unnadeluxe.fi\\\/wp-content\\\/uploads\\\/2025\\\/12\\\/1323_374_FS_rgb_1920.jpg\",\"width\":1280,\"height\":1920},{\"@type\":\"BreadcrumbList\",\"@id\":\"https:\\\/\\\/unnadeluxe.fi\\\/produkt\\\/anita-lucia-high-waist-briefs\\\/#breadcrumb\",\"itemListElement\":[{\"@type\":\"ListItem\",\"position\":1,\"name\":\"Hem\",\"item\":\"https:\\\/\\\/unnadeluxe.fi\\\/\"},{\"@type\":\"ListItem\",\"position\":2,\"name\":\"Shop\",\"item\":\"https:\\\/\\\/unnadeluxe.fi\\\/shop\\\/\"},{\"@type\":\"ListItem\",\"position\":3,\"name\":\"Anita Lucia High Waist Briefs\"}]},{\"@type\":\"WebSite\",\"@id\":\"https:\\\/\\\/unnadeluxe.fi\\\/#website\",\"url\":\"https:\\\/\\\/unnadeluxe.fi\\\/\",\"name\":\"Unnadeluxe\",\"description\":\"UnnaDeluxe\",\"publisher\":{\"@id\":\"https:\\\/\\\/unnadeluxe.fi\\\/#organization\"},\"potentialAction\":[{\"@type\":\"SearchAction\",\"target\":{\"@type\":\"EntryPoint\",\"urlTemplate\":\"https:\\\/\\\/unnadeluxe.fi\\\/?s={search_term_string}\"},\"query-input\":{\"@type\":\"PropertyValueSpecification\",\"valueRequired\":true,\"valueName\":\"search_term_string\"}}],\"inLanguage\":\"fi\"},{\"@type\":\"Organization\",\"@id\":\"https:\\\/\\\/unnadeluxe.fi\\\/#organization\",\"name\":\"Unnadeluxe\",\"url\":\"https:\\\/\\\/unnadeluxe.fi\\\/\",\"logo\":{\"@type\":\"ImageObject\",\"inLanguage\":\"fi\",\"@id\":\"https:\\\/\\\/unnadeluxe.fi\\\/#\\\/schema\\\/logo\\\/image\\\/\",\"url\":\"https:\\\/\\\/unnadeluxe.fi\\\/wp-content\\\/uploads\\\/2022\\\/09\\\/Unna-logo-lingerie-black-and-gold.png\",\"contentUrl\":\"https:\\\/\\\/unnadeluxe.fi\\\/wp-content\\\/uploads\\\/2022\\\/09\\\/Unna-logo-lingerie-black-and-gold.png\",\"width\":3150,\"height\":3937,\"caption\":\"Unnadeluxe\"},\"image\":{\"@id\":\"https:\\\/\\\/unnadeluxe.fi\\\/#\\\/schema\\\/logo\\\/image\\\/\"},\"sameAs\":[\"https:\\\/\\\/www.facebook.com\\\/UnnaDeluxe\"]}]}<\/script>\n<!-- \/ Yoast SEO plugin. -->","yoast_head_json":{"title":"Anita Lucia High Waist Briefs - Unnadeluxe","robots":{"index":"index","follow":"follow","max-snippet":"max-snippet:-1","max-image-preview":"max-image-preview:large","max-video-preview":"max-video-preview:-1"},"canonical":"https:\/\/unnadeluxe.fi\/fi\/tuote\/anita-lucia-high-waist-briefs\/","og_locale":"fi_FI","og_type":"article","og_title":"Anita Lucia High Waist Briefs - Unnadeluxe","og_description":"Anita Lucia 1323 \u00e4r en h\u00f6g trosa som b\u00e5de \u00e4r elegant och tidl\u00f6s och passar till b\u00e5de vardag och fest. Mjukt material som k\u00e4nns sk\u00f6n mot huden och \u00e4r diskret under plagg. Bra kvalit\u00e9.","og_url":"https:\/\/unnadeluxe.fi\/fi\/tuote\/anita-lucia-high-waist-briefs\/","og_site_name":"Unnadeluxe","article_publisher":"https:\/\/www.facebook.com\/UnnaDeluxe","article_modified_time":"2026-02-20T15:47:50+00:00","og_image":[{"width":1280,"height":1920,"url":"https:\/\/unnadeluxe.fi\/wp-content\/uploads\/2025\/12\/1323_374_FS_rgb_1920.jpg","type":"image\/jpeg"}],"twitter_card":"summary_large_image","twitter_misc":{"Arvioitu lukuaika":"1 minuutti"},"schema":{"@context":"https:\/\/schema.org","@graph":[{"@type":"WebPage","@id":"https:\/\/unnadeluxe.fi\/produkt\/anita-lucia-high-waist-briefs\/","url":"https:\/\/unnadeluxe.fi\/produkt\/anita-lucia-high-waist-briefs\/","name":"Anita Lucia High Waist Briefs - Unnadeluxe","isPartOf":{"@id":"https:\/\/unnadeluxe.fi\/#website"},"primaryImageOfPage":{"@id":"https:\/\/unnadeluxe.fi\/produkt\/anita-lucia-high-waist-briefs\/#primaryimage"},"image":{"@id":"https:\/\/unnadeluxe.fi\/produkt\/anita-lucia-high-waist-briefs\/#primaryimage"},"thumbnailUrl":"https:\/\/unnadeluxe.fi\/wp-content\/uploads\/2025\/12\/1323_374_FS_rgb_1920.jpg","datePublished":"2025-12-07T20:26:02+00:00","dateModified":"2026-02-20T15:47:50+00:00","breadcrumb":{"@id":"https:\/\/unnadeluxe.fi\/produkt\/anita-lucia-high-waist-briefs\/#breadcrumb"},"inLanguage":"fi","potentialAction":[{"@type":"ReadAction","target":["https:\/\/unnadeluxe.fi\/produkt\/anita-lucia-high-waist-briefs\/"]}]},{"@type":"ImageObject","inLanguage":"fi","@id":"https:\/\/unnadeluxe.fi\/produkt\/anita-lucia-high-waist-briefs\/#primaryimage","url":"https:\/\/unnadeluxe.fi\/wp-content\/uploads\/2025\/12\/1323_374_FS_rgb_1920.jpg","contentUrl":"https:\/\/unnadeluxe.fi\/wp-content\/uploads\/2025\/12\/1323_374_FS_rgb_1920.jpg","width":1280,"height":1920},{"@type":"BreadcrumbList","@id":"https:\/\/unnadeluxe.fi\/produkt\/anita-lucia-high-waist-briefs\/#breadcrumb","itemListElement":[{"@type":"ListItem","position":1,"name":"Hem","item":"https:\/\/unnadeluxe.fi\/"},{"@type":"ListItem","position":2,"name":"Shop","item":"https:\/\/unnadeluxe.fi\/shop\/"},{"@type":"ListItem","position":3,"name":"Anita Lucia High Waist Briefs"}]},{"@type":"WebSite","@id":"https:\/\/unnadeluxe.fi\/#website","url":"https:\/\/unnadeluxe.fi\/","name":"Unnadeluxe","description":"UnnaDeluxe","publisher":{"@id":"https:\/\/unnadeluxe.fi\/#organization"},"potentialAction":[{"@type":"SearchAction","target":{"@type":"EntryPoint","urlTemplate":"https:\/\/unnadeluxe.fi\/?s={search_term_string}"},"query-input":{"@type":"PropertyValueSpecification","valueRequired":true,"valueName":"search_term_string"}}],"inLanguage":"fi"},{"@type":"Organization","@id":"https:\/\/unnadeluxe.fi\/#organization","name":"Unnadeluxe","url":"https:\/\/unnadeluxe.fi\/","logo":{"@type":"ImageObject","inLanguage":"fi","@id":"https:\/\/unnadeluxe.fi\/#\/schema\/logo\/image\/","url":"https:\/\/unnadeluxe.fi\/wp-content\/uploads\/2022\/09\/Unna-logo-lingerie-black-and-gold.png","contentUrl":"https:\/\/unnadeluxe.fi\/wp-content\/uploads\/2022\/09\/Unna-logo-lingerie-black-and-gold.png","width":3150,"height":3937,"caption":"Unnadeluxe"},"image":{"@id":"https:\/\/unnadeluxe.fi\/#\/schema\/logo\/image\/"},"sameAs":["https:\/\/www.facebook.com\/UnnaDeluxe"]}]}},"_links":{"self":[{"href":"https:\/\/unnadeluxe.fi\/fi\/wp-json\/wp\/v2\/product\/7747","targetHints":{"allow":["GET"]}}],"collection":[{"href":"https:\/\/unnadeluxe.fi\/fi\/wp-json\/wp\/v2\/product"}],"about":[{"href":"https:\/\/unnadeluxe.fi\/fi\/wp-json\/wp\/v2\/types\/product"}],"wp:featuredmedia":[{"embeddable":true,"href":"https:\/\/unnadeluxe.fi\/fi\/wp-json\/wp\/v2\/media\/7748"}],"wp:attachment":[{"href":"https:\/\/unnadeluxe.fi\/fi\/wp-json\/wp\/v2\/media?parent=7747"}],"wp:term":[{"taxonomy":"product_brand","embeddable":true,"href":"https:\/\/unnadeluxe.fi\/fi\/wp-json\/wp\/v2\/product_brand?post=7747"},{"taxonomy":"product_cat","embeddable":true,"href":"https:\/\/unnadeluxe.fi\/fi\/wp-json\/wp\/v2\/product_cat?post=7747"},{"taxonomy":"product_tag","embeddable":true,"href":"https:\/\/unnadeluxe.fi\/fi\/wp-json\/wp\/v2\/product_tag?post=7747"}],"curies":[{"name":"wp","href":"https:\/\/api.w.org\/{rel}","templated":true}]}}