{"id":7676,"date":"2025-12-05T19:49:49","date_gmt":"2025-12-05T19:49:49","guid":{"rendered":"https:\/\/unnadeluxe.fi\/?post_type=product&#038;p=7676"},"modified":"2025-12-22T16:46:40","modified_gmt":"2025-12-22T16:46:40","slug":"anita-care-lucia","status":"publish","type":"product","link":"https:\/\/unnadeluxe.fi\/fi\/tuote\/anita-care-lucia\/","title":{"rendered":"Anita Care Lucia Protes Bh"},"content":{"rendered":"<p>Lucia Protes beh\u00e5 fr\u00e5n Anita Care serien \u00e4r en ovadderad stadig beh\u00e5 som \u00e4r b\u00e5de elegant och tidl\u00f6s. Denna bh kan med f\u00f6rdel anv\u00e4ndas som en vanlig bygell\u00f6s bh f\u00f6r den som vill ha utm\u00e4rkt st\u00f6d p\u00e5 sin bh men inte vill ha byglar.<br \/>\nF\u00e4rg: Moonlight Blue<br \/>\nTv\u00e4ttr\u00e5d: 30 grader<br \/>\nMaterial: 79% polyamid, 16% elastan, 5% Polyester<\/p>","protected":false},"excerpt":{"rendered":"<p>Protes-bh utan bygel med utm\u00e4rkt st\u00f6d. Passar \u00e4ven f\u00f6r tyngre br\u00f6st. Beh\u00e5n har fickor p\u00e5 b\u00e5da sidor f\u00f6r de som har behov av att l\u00e4gga i en protes i ena eller b\u00e5da kuporna. Vadderade och justerbara axelband f\u00f6r \u00f6kad komfort. <\/p>","protected":false},"featured_media":7711,"template":"","meta":[],"product_brand":[80],"product_cat":[27,28,56,60],"product_tag":[],"class_list":{"0":"post-7676","1":"product","2":"type-product","3":"status-publish","4":"has-post-thumbnail","6":"product_brand-anita","7":"product_cat-underklader","8":"product_cat-bhn","9":"product_cat-bygellos-bh","10":"product_cat-protes-bh","12":"first","13":"instock","14":"taxable","15":"shipping-taxable","16":"purchasable","17":"product-type-variable"},"yoast_head":"<!-- This site is optimized with the Yoast SEO plugin v27.1.1 - https:\/\/yoast.com\/product\/yoast-seo-wordpress\/ -->\n<title>Anita Care Lucia Protes Bh - Unnadeluxe<\/title>\n<meta name=\"robots\" content=\"index, follow, max-snippet:-1, max-image-preview:large, max-video-preview:-1\" \/>\n<link rel=\"canonical\" href=\"https:\/\/unnadeluxe.fi\/fi\/tuote\/anita-care-lucia\/\" \/>\n<meta property=\"og:locale\" content=\"fi_FI\" \/>\n<meta property=\"og:type\" content=\"article\" \/>\n<meta property=\"og:title\" content=\"Anita Care Lucia Protes Bh - Unnadeluxe\" \/>\n<meta property=\"og:description\" content=\"Protes-bh utan bygel med utm\u00e4rkt st\u00f6d. Passar \u00e4ven f\u00f6r tyngre br\u00f6st. Beh\u00e5n har fickor p\u00e5 b\u00e5da sidor f\u00f6r de som har behov av att l\u00e4gga i en protes i ena eller b\u00e5da kuporna. Vadderade och justerbara axelband f\u00f6r \u00f6kad komfort.\" \/>\n<meta property=\"og:url\" content=\"https:\/\/unnadeluxe.fi\/fi\/tuote\/anita-care-lucia\/\" \/>\n<meta property=\"og:site_name\" content=\"Unnadeluxe\" \/>\n<meta property=\"article:publisher\" content=\"https:\/\/www.facebook.com\/UnnaDeluxe\" \/>\n<meta property=\"article:modified_time\" content=\"2025-12-22T16:46:40+00:00\" \/>\n<meta property=\"og:image\" content=\"https:\/\/unnadeluxe.fi\/wp-content\/uploads\/2025\/12\/4723X_374_FS_rgb_1920-1.jpg\" \/>\n\t<meta property=\"og:image:width\" content=\"1280\" \/>\n\t<meta property=\"og:image:height\" content=\"1920\" \/>\n\t<meta property=\"og:image:type\" content=\"image\/jpeg\" \/>\n<meta name=\"twitter:card\" content=\"summary_large_image\" \/>\n<meta name=\"twitter:label1\" content=\"Arvioitu lukuaika\" \/>\n\t<meta name=\"twitter:data1\" content=\"1 minuutti\" \/>\n<script type=\"application\/ld+json\" class=\"yoast-schema-graph\">{\"@context\":\"https:\/\/schema.org\",\"@graph\":[{\"@type\":\"WebPage\",\"@id\":\"https:\/\/unnadeluxe.fi\/produkt\/anita-care-lucia\/\",\"url\":\"https:\/\/unnadeluxe.fi\/produkt\/anita-care-lucia\/\",\"name\":\"Anita Care Lucia Protes Bh - Unnadeluxe\",\"isPartOf\":{\"@id\":\"https:\/\/unnadeluxe.fi\/#website\"},\"primaryImageOfPage\":{\"@id\":\"https:\/\/unnadeluxe.fi\/produkt\/anita-care-lucia\/#primaryimage\"},\"image\":{\"@id\":\"https:\/\/unnadeluxe.fi\/produkt\/anita-care-lucia\/#primaryimage\"},\"thumbnailUrl\":\"https:\/\/unnadeluxe.fi\/wp-content\/uploads\/2025\/12\/4723X_374_FS_rgb_1920-1.jpg\",\"datePublished\":\"2025-12-05T19:49:49+00:00\",\"dateModified\":\"2025-12-22T16:46:40+00:00\",\"breadcrumb\":{\"@id\":\"https:\/\/unnadeluxe.fi\/produkt\/anita-care-lucia\/#breadcrumb\"},\"inLanguage\":\"fi\",\"potentialAction\":[{\"@type\":\"ReadAction\",\"target\":[\"https:\/\/unnadeluxe.fi\/produkt\/anita-care-lucia\/\"]}]},{\"@type\":\"ImageObject\",\"inLanguage\":\"fi\",\"@id\":\"https:\/\/unnadeluxe.fi\/produkt\/anita-care-lucia\/#primaryimage\",\"url\":\"https:\/\/unnadeluxe.fi\/wp-content\/uploads\/2025\/12\/4723X_374_FS_rgb_1920-1.jpg\",\"contentUrl\":\"https:\/\/unnadeluxe.fi\/wp-content\/uploads\/2025\/12\/4723X_374_FS_rgb_1920-1.jpg\",\"width\":1280,\"height\":1920},{\"@type\":\"BreadcrumbList\",\"@id\":\"https:\/\/unnadeluxe.fi\/produkt\/anita-care-lucia\/#breadcrumb\",\"itemListElement\":[{\"@type\":\"ListItem\",\"position\":1,\"name\":\"Hem\",\"item\":\"https:\/\/unnadeluxe.fi\/\"},{\"@type\":\"ListItem\",\"position\":2,\"name\":\"Shop\",\"item\":\"https:\/\/unnadeluxe.fi\/shop\/\"},{\"@type\":\"ListItem\",\"position\":3,\"name\":\"Anita Care Lucia Protes Bh\"}]},{\"@type\":\"WebSite\",\"@id\":\"https:\/\/unnadeluxe.fi\/#website\",\"url\":\"https:\/\/unnadeluxe.fi\/\",\"name\":\"Unnadeluxe\",\"description\":\"UnnaDeluxe\",\"publisher\":{\"@id\":\"https:\/\/unnadeluxe.fi\/#organization\"},\"potentialAction\":[{\"@type\":\"SearchAction\",\"target\":{\"@type\":\"EntryPoint\",\"urlTemplate\":\"https:\/\/unnadeluxe.fi\/?s={search_term_string}\"},\"query-input\":{\"@type\":\"PropertyValueSpecification\",\"valueRequired\":true,\"valueName\":\"search_term_string\"}}],\"inLanguage\":\"fi\"},{\"@type\":\"Organization\",\"@id\":\"https:\/\/unnadeluxe.fi\/#organization\",\"name\":\"Unnadeluxe\",\"url\":\"https:\/\/unnadeluxe.fi\/\",\"logo\":{\"@type\":\"ImageObject\",\"inLanguage\":\"fi\",\"@id\":\"https:\/\/unnadeluxe.fi\/#\/schema\/logo\/image\/\",\"url\":\"https:\/\/unnadeluxe.fi\/wp-content\/uploads\/2022\/09\/Unna-logo-lingerie-black-and-gold.png\",\"contentUrl\":\"https:\/\/unnadeluxe.fi\/wp-content\/uploads\/2022\/09\/Unna-logo-lingerie-black-and-gold.png\",\"width\":3150,\"height\":3937,\"caption\":\"Unnadeluxe\"},\"image\":{\"@id\":\"https:\/\/unnadeluxe.fi\/#\/schema\/logo\/image\/\"},\"sameAs\":[\"https:\/\/www.facebook.com\/UnnaDeluxe\"]}]}<\/script>\n<!-- \/ Yoast SEO plugin. -->","yoast_head_json":{"title":"Anita Care Lucia Protes Bh - Unnadeluxe","robots":{"index":"index","follow":"follow","max-snippet":"max-snippet:-1","max-image-preview":"max-image-preview:large","max-video-preview":"max-video-preview:-1"},"canonical":"https:\/\/unnadeluxe.fi\/fi\/tuote\/anita-care-lucia\/","og_locale":"fi_FI","og_type":"article","og_title":"Anita Care Lucia Protes Bh - Unnadeluxe","og_description":"Protes-bh utan bygel med utm\u00e4rkt st\u00f6d. Passar \u00e4ven f\u00f6r tyngre br\u00f6st. Beh\u00e5n har fickor p\u00e5 b\u00e5da sidor f\u00f6r de som har behov av att l\u00e4gga i en protes i ena eller b\u00e5da kuporna. Vadderade och justerbara axelband f\u00f6r \u00f6kad komfort.","og_url":"https:\/\/unnadeluxe.fi\/fi\/tuote\/anita-care-lucia\/","og_site_name":"Unnadeluxe","article_publisher":"https:\/\/www.facebook.com\/UnnaDeluxe","article_modified_time":"2025-12-22T16:46:40+00:00","og_image":[{"width":1280,"height":1920,"url":"https:\/\/unnadeluxe.fi\/wp-content\/uploads\/2025\/12\/4723X_374_FS_rgb_1920-1.jpg","type":"image\/jpeg"}],"twitter_card":"summary_large_image","twitter_misc":{"Arvioitu lukuaika":"1 minuutti"},"schema":{"@context":"https:\/\/schema.org","@graph":[{"@type":"WebPage","@id":"https:\/\/unnadeluxe.fi\/produkt\/anita-care-lucia\/","url":"https:\/\/unnadeluxe.fi\/produkt\/anita-care-lucia\/","name":"Anita Care Lucia Protes Bh - Unnadeluxe","isPartOf":{"@id":"https:\/\/unnadeluxe.fi\/#website"},"primaryImageOfPage":{"@id":"https:\/\/unnadeluxe.fi\/produkt\/anita-care-lucia\/#primaryimage"},"image":{"@id":"https:\/\/unnadeluxe.fi\/produkt\/anita-care-lucia\/#primaryimage"},"thumbnailUrl":"https:\/\/unnadeluxe.fi\/wp-content\/uploads\/2025\/12\/4723X_374_FS_rgb_1920-1.jpg","datePublished":"2025-12-05T19:49:49+00:00","dateModified":"2025-12-22T16:46:40+00:00","breadcrumb":{"@id":"https:\/\/unnadeluxe.fi\/produkt\/anita-care-lucia\/#breadcrumb"},"inLanguage":"fi","potentialAction":[{"@type":"ReadAction","target":["https:\/\/unnadeluxe.fi\/produkt\/anita-care-lucia\/"]}]},{"@type":"ImageObject","inLanguage":"fi","@id":"https:\/\/unnadeluxe.fi\/produkt\/anita-care-lucia\/#primaryimage","url":"https:\/\/unnadeluxe.fi\/wp-content\/uploads\/2025\/12\/4723X_374_FS_rgb_1920-1.jpg","contentUrl":"https:\/\/unnadeluxe.fi\/wp-content\/uploads\/2025\/12\/4723X_374_FS_rgb_1920-1.jpg","width":1280,"height":1920},{"@type":"BreadcrumbList","@id":"https:\/\/unnadeluxe.fi\/produkt\/anita-care-lucia\/#breadcrumb","itemListElement":[{"@type":"ListItem","position":1,"name":"Hem","item":"https:\/\/unnadeluxe.fi\/"},{"@type":"ListItem","position":2,"name":"Shop","item":"https:\/\/unnadeluxe.fi\/shop\/"},{"@type":"ListItem","position":3,"name":"Anita Care Lucia Protes Bh"}]},{"@type":"WebSite","@id":"https:\/\/unnadeluxe.fi\/#website","url":"https:\/\/unnadeluxe.fi\/","name":"Unnadeluxe","description":"UnnaDeluxe","publisher":{"@id":"https:\/\/unnadeluxe.fi\/#organization"},"potentialAction":[{"@type":"SearchAction","target":{"@type":"EntryPoint","urlTemplate":"https:\/\/unnadeluxe.fi\/?s={search_term_string}"},"query-input":{"@type":"PropertyValueSpecification","valueRequired":true,"valueName":"search_term_string"}}],"inLanguage":"fi"},{"@type":"Organization","@id":"https:\/\/unnadeluxe.fi\/#organization","name":"Unnadeluxe","url":"https:\/\/unnadeluxe.fi\/","logo":{"@type":"ImageObject","inLanguage":"fi","@id":"https:\/\/unnadeluxe.fi\/#\/schema\/logo\/image\/","url":"https:\/\/unnadeluxe.fi\/wp-content\/uploads\/2022\/09\/Unna-logo-lingerie-black-and-gold.png","contentUrl":"https:\/\/unnadeluxe.fi\/wp-content\/uploads\/2022\/09\/Unna-logo-lingerie-black-and-gold.png","width":3150,"height":3937,"caption":"Unnadeluxe"},"image":{"@id":"https:\/\/unnadeluxe.fi\/#\/schema\/logo\/image\/"},"sameAs":["https:\/\/www.facebook.com\/UnnaDeluxe"]}]}},"_links":{"self":[{"href":"https:\/\/unnadeluxe.fi\/fi\/wp-json\/wp\/v2\/product\/7676","targetHints":{"allow":["GET"]}}],"collection":[{"href":"https:\/\/unnadeluxe.fi\/fi\/wp-json\/wp\/v2\/product"}],"about":[{"href":"https:\/\/unnadeluxe.fi\/fi\/wp-json\/wp\/v2\/types\/product"}],"wp:featuredmedia":[{"embeddable":true,"href":"https:\/\/unnadeluxe.fi\/fi\/wp-json\/wp\/v2\/media\/7711"}],"wp:attachment":[{"href":"https:\/\/unnadeluxe.fi\/fi\/wp-json\/wp\/v2\/media?parent=7676"}],"wp:term":[{"taxonomy":"product_brand","embeddable":true,"href":"https:\/\/unnadeluxe.fi\/fi\/wp-json\/wp\/v2\/product_brand?post=7676"},{"taxonomy":"product_cat","embeddable":true,"href":"https:\/\/unnadeluxe.fi\/fi\/wp-json\/wp\/v2\/product_cat?post=7676"},{"taxonomy":"product_tag","embeddable":true,"href":"https:\/\/unnadeluxe.fi\/fi\/wp-json\/wp\/v2\/product_tag?post=7676"}],"curies":[{"name":"wp","href":"https:\/\/api.w.org\/{rel}","templated":true}]}}