{"id":7399,"date":"2025-11-17T14:31:21","date_gmt":"2025-11-17T14:31:21","guid":{"rendered":"https:\/\/unnadeluxe.fi\/?post_type=product&#038;p=7399"},"modified":"2025-12-14T09:42:33","modified_gmt":"2025-12-14T09:42:33","slug":"miss-mary-stay-fresh-beige","status":"publish","type":"product","link":"https:\/\/unnadeluxe.fi\/fi\/tuote\/miss-mary-stay-fresh-beige\/","title":{"rendered":"Miss Mary Stay Fresh Beige"},"content":{"rendered":"<p>Miss Mary Stay Fresh \u00e4r en omtyckt bygelbeh\u00e5 med formpressad kupa och extra sidvinge.<br \/>\nGer bra st\u00f6d och formar bysten rund. Extra bred rygg h\u00e5ller bysten p\u00e5 plats. Breda vadderade axelband.<br \/>\nTv\u00e4ttinstruktioner: Handtv\u00e4tt<br \/>\nMaterial: 86% polyamid, 11% elastan, 3% polyester<br \/>\nHak och Hysk: B-D 70-105: 4 p\u00e5 h\u00f6jden. E-G 70-105: 5 p\u00e5 h\u00f6jden.<br \/>\nF\u00e4rg: Beige<\/p>","protected":false},"excerpt":{"rendered":"<p>Den smarta bh:n  Miss Mary Stay Fresh \u00e4r tillverkad i ett funktionsmaterial som \u00e4r utvecklat f\u00f6r att h\u00e5lla huden torr och fr\u00e4sch \u00e4ven om du \u00e4r varm. Materialet andas, \u00e4r flexibelt och lent och mycket behagligt att b\u00e4ra direkt mot huden. Formpressad t-shirt bh med s\u00f6ml\u00f6sa kupor g\u00f6r att bh:n inte syns under kl\u00e4der. Kupan \u00e4r ovadderad med rund passform. Extra bred rygg och bygel ger bra st\u00f6d och h\u00e5ller bysten stadigt p\u00e5 plats.<br \/>\nEn extra sidvinge l\u00e4ngs armh\u00e5lan sl\u00e4tar ut eventuellt \u201dfluff\u201d. Ergo Front \u2122, upph\u00f6jd nederkant framtill f\u00f6rhindrar att bandet viker sig samt ger \u00f6kad komfort n\u00e4r man sitter ner. Breda, vadderade, reglerbara axelband hindrar skav och avlastar axlarna. Bred u-formad rygg med hak- &#038; hyskkn\u00e4ppning.<\/p>","protected":false},"featured_media":7440,"template":"","meta":[],"product_brand":[78],"product_cat":[28,55,58],"product_tag":[],"class_list":{"0":"post-7399","1":"product","2":"type-product","3":"status-publish","4":"has-post-thumbnail","6":"product_brand-miss-mary","7":"product_cat-bhn","8":"product_cat-bygel-bh","9":"product_cat-t-shirt-bh","11":"first","12":"instock","13":"taxable","14":"shipping-taxable","15":"purchasable","16":"product-type-variable"},"yoast_head":"<!-- This site is optimized with the Yoast SEO plugin v27.1.1 - https:\/\/yoast.com\/product\/yoast-seo-wordpress\/ -->\n<title>Miss Mary Stay Fresh Beige - Unnadeluxe<\/title>\n<meta name=\"robots\" content=\"index, follow, max-snippet:-1, max-image-preview:large, max-video-preview:-1\" \/>\n<link rel=\"canonical\" href=\"https:\/\/unnadeluxe.fi\/fi\/tuote\/miss-mary-stay-fresh-beige\/\" \/>\n<meta property=\"og:locale\" content=\"fi_FI\" \/>\n<meta property=\"og:type\" content=\"article\" \/>\n<meta property=\"og:title\" content=\"Miss Mary Stay Fresh Beige - Unnadeluxe\" \/>\n<meta property=\"og:description\" content=\"Den smarta bh:n Miss Mary Stay Fresh \u00e4r tillverkad i ett funktionsmaterial som \u00e4r utvecklat f\u00f6r att h\u00e5lla huden torr och fr\u00e4sch \u00e4ven om du \u00e4r varm. Materialet andas, \u00e4r flexibelt och lent och mycket behagligt att b\u00e4ra direkt mot huden. Formpressad t-shirt bh med s\u00f6ml\u00f6sa kupor g\u00f6r att bh:n inte syns under kl\u00e4der. Kupan \u00e4r ovadderad med rund passform. Extra bred rygg och bygel ger bra st\u00f6d och h\u00e5ller bysten stadigt p\u00e5 plats. En extra sidvinge l\u00e4ngs armh\u00e5lan sl\u00e4tar ut eventuellt \u201dfluff\u201d. Ergo Front \u2122, upph\u00f6jd nederkant framtill f\u00f6rhindrar att bandet viker sig samt ger \u00f6kad komfort n\u00e4r man sitter ner. Breda, vadderade, reglerbara axelband hindrar skav och avlastar axlarna. Bred u-formad rygg med hak- &amp; hyskkn\u00e4ppning.\" \/>\n<meta property=\"og:url\" content=\"https:\/\/unnadeluxe.fi\/fi\/tuote\/miss-mary-stay-fresh-beige\/\" \/>\n<meta property=\"og:site_name\" content=\"Unnadeluxe\" \/>\n<meta property=\"article:publisher\" content=\"https:\/\/www.facebook.com\/UnnaDeluxe\" \/>\n<meta property=\"article:modified_time\" content=\"2025-12-14T09:42:33+00:00\" \/>\n<meta property=\"og:image\" content=\"https:\/\/unnadeluxe.fi\/wp-content\/uploads\/2025\/11\/miss-mary1.jpg\" \/>\n\t<meta property=\"og:image:width\" content=\"768\" \/>\n\t<meta property=\"og:image:height\" content=\"1152\" \/>\n\t<meta property=\"og:image:type\" content=\"image\/jpeg\" \/>\n<meta name=\"twitter:card\" content=\"summary_large_image\" \/>\n<meta name=\"twitter:label1\" content=\"Arvioitu lukuaika\" \/>\n\t<meta name=\"twitter:data1\" content=\"1 minuutti\" \/>\n<script type=\"application\/ld+json\" class=\"yoast-schema-graph\">{\"@context\":\"https:\/\/schema.org\",\"@graph\":[{\"@type\":\"WebPage\",\"@id\":\"https:\/\/unnadeluxe.fi\/produkt\/miss-mary-stay-fresh-beige\/\",\"url\":\"https:\/\/unnadeluxe.fi\/produkt\/miss-mary-stay-fresh-beige\/\",\"name\":\"Miss Mary Stay Fresh Beige - Unnadeluxe\",\"isPartOf\":{\"@id\":\"https:\/\/unnadeluxe.fi\/#website\"},\"primaryImageOfPage\":{\"@id\":\"https:\/\/unnadeluxe.fi\/produkt\/miss-mary-stay-fresh-beige\/#primaryimage\"},\"image\":{\"@id\":\"https:\/\/unnadeluxe.fi\/produkt\/miss-mary-stay-fresh-beige\/#primaryimage\"},\"thumbnailUrl\":\"https:\/\/unnadeluxe.fi\/wp-content\/uploads\/2025\/11\/miss-mary1.jpg\",\"datePublished\":\"2025-11-17T14:31:21+00:00\",\"dateModified\":\"2025-12-14T09:42:33+00:00\",\"breadcrumb\":{\"@id\":\"https:\/\/unnadeluxe.fi\/produkt\/miss-mary-stay-fresh-beige\/#breadcrumb\"},\"inLanguage\":\"fi\",\"potentialAction\":[{\"@type\":\"ReadAction\",\"target\":[\"https:\/\/unnadeluxe.fi\/produkt\/miss-mary-stay-fresh-beige\/\"]}]},{\"@type\":\"ImageObject\",\"inLanguage\":\"fi\",\"@id\":\"https:\/\/unnadeluxe.fi\/produkt\/miss-mary-stay-fresh-beige\/#primaryimage\",\"url\":\"https:\/\/unnadeluxe.fi\/wp-content\/uploads\/2025\/11\/miss-mary1.jpg\",\"contentUrl\":\"https:\/\/unnadeluxe.fi\/wp-content\/uploads\/2025\/11\/miss-mary1.jpg\",\"width\":768,\"height\":1152},{\"@type\":\"BreadcrumbList\",\"@id\":\"https:\/\/unnadeluxe.fi\/produkt\/miss-mary-stay-fresh-beige\/#breadcrumb\",\"itemListElement\":[{\"@type\":\"ListItem\",\"position\":1,\"name\":\"Hem\",\"item\":\"https:\/\/unnadeluxe.fi\/\"},{\"@type\":\"ListItem\",\"position\":2,\"name\":\"Shop\",\"item\":\"https:\/\/unnadeluxe.fi\/shop\/\"},{\"@type\":\"ListItem\",\"position\":3,\"name\":\"Miss Mary Stay Fresh Beige\"}]},{\"@type\":\"WebSite\",\"@id\":\"https:\/\/unnadeluxe.fi\/#website\",\"url\":\"https:\/\/unnadeluxe.fi\/\",\"name\":\"Unnadeluxe\",\"description\":\"UnnaDeluxe\",\"publisher\":{\"@id\":\"https:\/\/unnadeluxe.fi\/#organization\"},\"potentialAction\":[{\"@type\":\"SearchAction\",\"target\":{\"@type\":\"EntryPoint\",\"urlTemplate\":\"https:\/\/unnadeluxe.fi\/?s={search_term_string}\"},\"query-input\":{\"@type\":\"PropertyValueSpecification\",\"valueRequired\":true,\"valueName\":\"search_term_string\"}}],\"inLanguage\":\"fi\"},{\"@type\":\"Organization\",\"@id\":\"https:\/\/unnadeluxe.fi\/#organization\",\"name\":\"Unnadeluxe\",\"url\":\"https:\/\/unnadeluxe.fi\/\",\"logo\":{\"@type\":\"ImageObject\",\"inLanguage\":\"fi\",\"@id\":\"https:\/\/unnadeluxe.fi\/#\/schema\/logo\/image\/\",\"url\":\"https:\/\/unnadeluxe.fi\/wp-content\/uploads\/2022\/09\/Unna-logo-lingerie-black-and-gold.png\",\"contentUrl\":\"https:\/\/unnadeluxe.fi\/wp-content\/uploads\/2022\/09\/Unna-logo-lingerie-black-and-gold.png\",\"width\":3150,\"height\":3937,\"caption\":\"Unnadeluxe\"},\"image\":{\"@id\":\"https:\/\/unnadeluxe.fi\/#\/schema\/logo\/image\/\"},\"sameAs\":[\"https:\/\/www.facebook.com\/UnnaDeluxe\"]}]}<\/script>\n<!-- \/ Yoast SEO plugin. -->","yoast_head_json":{"title":"Miss Mary Stay Fresh Beige - Unnadeluxe","robots":{"index":"index","follow":"follow","max-snippet":"max-snippet:-1","max-image-preview":"max-image-preview:large","max-video-preview":"max-video-preview:-1"},"canonical":"https:\/\/unnadeluxe.fi\/fi\/tuote\/miss-mary-stay-fresh-beige\/","og_locale":"fi_FI","og_type":"article","og_title":"Miss Mary Stay Fresh Beige - Unnadeluxe","og_description":"Den smarta bh:n Miss Mary Stay Fresh \u00e4r tillverkad i ett funktionsmaterial som \u00e4r utvecklat f\u00f6r att h\u00e5lla huden torr och fr\u00e4sch \u00e4ven om du \u00e4r varm. Materialet andas, \u00e4r flexibelt och lent och mycket behagligt att b\u00e4ra direkt mot huden. Formpressad t-shirt bh med s\u00f6ml\u00f6sa kupor g\u00f6r att bh:n inte syns under kl\u00e4der. Kupan \u00e4r ovadderad med rund passform. Extra bred rygg och bygel ger bra st\u00f6d och h\u00e5ller bysten stadigt p\u00e5 plats. En extra sidvinge l\u00e4ngs armh\u00e5lan sl\u00e4tar ut eventuellt \u201dfluff\u201d. Ergo Front \u2122, upph\u00f6jd nederkant framtill f\u00f6rhindrar att bandet viker sig samt ger \u00f6kad komfort n\u00e4r man sitter ner. Breda, vadderade, reglerbara axelband hindrar skav och avlastar axlarna. Bred u-formad rygg med hak- & hyskkn\u00e4ppning.","og_url":"https:\/\/unnadeluxe.fi\/fi\/tuote\/miss-mary-stay-fresh-beige\/","og_site_name":"Unnadeluxe","article_publisher":"https:\/\/www.facebook.com\/UnnaDeluxe","article_modified_time":"2025-12-14T09:42:33+00:00","og_image":[{"width":768,"height":1152,"url":"https:\/\/unnadeluxe.fi\/wp-content\/uploads\/2025\/11\/miss-mary1.jpg","type":"image\/jpeg"}],"twitter_card":"summary_large_image","twitter_misc":{"Arvioitu lukuaika":"1 minuutti"},"schema":{"@context":"https:\/\/schema.org","@graph":[{"@type":"WebPage","@id":"https:\/\/unnadeluxe.fi\/produkt\/miss-mary-stay-fresh-beige\/","url":"https:\/\/unnadeluxe.fi\/produkt\/miss-mary-stay-fresh-beige\/","name":"Miss Mary Stay Fresh Beige - Unnadeluxe","isPartOf":{"@id":"https:\/\/unnadeluxe.fi\/#website"},"primaryImageOfPage":{"@id":"https:\/\/unnadeluxe.fi\/produkt\/miss-mary-stay-fresh-beige\/#primaryimage"},"image":{"@id":"https:\/\/unnadeluxe.fi\/produkt\/miss-mary-stay-fresh-beige\/#primaryimage"},"thumbnailUrl":"https:\/\/unnadeluxe.fi\/wp-content\/uploads\/2025\/11\/miss-mary1.jpg","datePublished":"2025-11-17T14:31:21+00:00","dateModified":"2025-12-14T09:42:33+00:00","breadcrumb":{"@id":"https:\/\/unnadeluxe.fi\/produkt\/miss-mary-stay-fresh-beige\/#breadcrumb"},"inLanguage":"fi","potentialAction":[{"@type":"ReadAction","target":["https:\/\/unnadeluxe.fi\/produkt\/miss-mary-stay-fresh-beige\/"]}]},{"@type":"ImageObject","inLanguage":"fi","@id":"https:\/\/unnadeluxe.fi\/produkt\/miss-mary-stay-fresh-beige\/#primaryimage","url":"https:\/\/unnadeluxe.fi\/wp-content\/uploads\/2025\/11\/miss-mary1.jpg","contentUrl":"https:\/\/unnadeluxe.fi\/wp-content\/uploads\/2025\/11\/miss-mary1.jpg","width":768,"height":1152},{"@type":"BreadcrumbList","@id":"https:\/\/unnadeluxe.fi\/produkt\/miss-mary-stay-fresh-beige\/#breadcrumb","itemListElement":[{"@type":"ListItem","position":1,"name":"Hem","item":"https:\/\/unnadeluxe.fi\/"},{"@type":"ListItem","position":2,"name":"Shop","item":"https:\/\/unnadeluxe.fi\/shop\/"},{"@type":"ListItem","position":3,"name":"Miss Mary Stay Fresh Beige"}]},{"@type":"WebSite","@id":"https:\/\/unnadeluxe.fi\/#website","url":"https:\/\/unnadeluxe.fi\/","name":"Unnadeluxe","description":"UnnaDeluxe","publisher":{"@id":"https:\/\/unnadeluxe.fi\/#organization"},"potentialAction":[{"@type":"SearchAction","target":{"@type":"EntryPoint","urlTemplate":"https:\/\/unnadeluxe.fi\/?s={search_term_string}"},"query-input":{"@type":"PropertyValueSpecification","valueRequired":true,"valueName":"search_term_string"}}],"inLanguage":"fi"},{"@type":"Organization","@id":"https:\/\/unnadeluxe.fi\/#organization","name":"Unnadeluxe","url":"https:\/\/unnadeluxe.fi\/","logo":{"@type":"ImageObject","inLanguage":"fi","@id":"https:\/\/unnadeluxe.fi\/#\/schema\/logo\/image\/","url":"https:\/\/unnadeluxe.fi\/wp-content\/uploads\/2022\/09\/Unna-logo-lingerie-black-and-gold.png","contentUrl":"https:\/\/unnadeluxe.fi\/wp-content\/uploads\/2022\/09\/Unna-logo-lingerie-black-and-gold.png","width":3150,"height":3937,"caption":"Unnadeluxe"},"image":{"@id":"https:\/\/unnadeluxe.fi\/#\/schema\/logo\/image\/"},"sameAs":["https:\/\/www.facebook.com\/UnnaDeluxe"]}]}},"_links":{"self":[{"href":"https:\/\/unnadeluxe.fi\/fi\/wp-json\/wp\/v2\/product\/7399","targetHints":{"allow":["GET"]}}],"collection":[{"href":"https:\/\/unnadeluxe.fi\/fi\/wp-json\/wp\/v2\/product"}],"about":[{"href":"https:\/\/unnadeluxe.fi\/fi\/wp-json\/wp\/v2\/types\/product"}],"wp:featuredmedia":[{"embeddable":true,"href":"https:\/\/unnadeluxe.fi\/fi\/wp-json\/wp\/v2\/media\/7440"}],"wp:attachment":[{"href":"https:\/\/unnadeluxe.fi\/fi\/wp-json\/wp\/v2\/media?parent=7399"}],"wp:term":[{"taxonomy":"product_brand","embeddable":true,"href":"https:\/\/unnadeluxe.fi\/fi\/wp-json\/wp\/v2\/product_brand?post=7399"},{"taxonomy":"product_cat","embeddable":true,"href":"https:\/\/unnadeluxe.fi\/fi\/wp-json\/wp\/v2\/product_cat?post=7399"},{"taxonomy":"product_tag","embeddable":true,"href":"https:\/\/unnadeluxe.fi\/fi\/wp-json\/wp\/v2\/product_tag?post=7399"}],"curies":[{"name":"wp","href":"https:\/\/api.w.org\/{rel}","templated":true}]}}