{"id":7393,"date":"2025-11-15T11:49:25","date_gmt":"2025-11-15T11:49:25","guid":{"rendered":"https:\/\/unnadeluxe.fi\/?post_type=product&#038;p=7393"},"modified":"2025-11-15T11:49:25","modified_gmt":"2025-11-15T11:49:25","slug":"fantasie-lace-ease-invisible-stretch-full-brief","status":"publish","type":"product","link":"https:\/\/unnadeluxe.fi\/fi\/tuote\/fantasie-lace-ease-invisible-stretch-full-brief\/","title":{"rendered":"Fantasie Lace Ease Invisible Stretch Full Brief"},"content":{"rendered":"<p>Supersk\u00f6n och snygg maxitrosa fr\u00e5n Fantasie och serien Lace Ease<br \/>\nOne size \u2013 passar storlekar XS\u2013XL<br \/>\nF\u00e4rg: Blush, ljusrosa ton<br \/>\nTv\u00e4ttr\u00e5d: Handtv\u00e4tt<br \/>\nMaterial: 87% Nylon Polyamide13% Elastane<\/p>","protected":false},"excerpt":{"rendered":"<p>Komfort och stil i perfekt harmoni \u2013 Lace Ease \u00e4r ett innovativt trosalternativ i one size som passar storlekar XS\u2013XL, tillverkat i en superelastisk spets med inspiration fr\u00e5n Art Deco. Med sin mjuka k\u00e4nsla och \u201csecond skin\u201d-effekt har Lace Ease en sl\u00e4t finish-teknologi som s\u00e4kerst\u00e4ller att inga kanter syns under kl\u00e4derna. Finns f\u00f6r AW22 i f\u00e4rgen Blush, och Lace Ease matchar de nya f\u00e4rgerna i Rebecca Essentials-kollektionen.<\/p>","protected":false},"featured_media":7394,"template":"","meta":[],"product_brand":[87],"product_cat":[29],"product_tag":[],"class_list":{"0":"post-7393","1":"product","2":"type-product","3":"status-publish","4":"has-post-thumbnail","6":"product_brand-fantasie","7":"product_cat-trosor","9":"first","10":"instock","11":"taxable","12":"shipping-taxable","13":"purchasable","14":"product-type-variable"},"yoast_head":"<!-- This site is optimized with the Yoast SEO plugin v27.1.1 - https:\/\/yoast.com\/product\/yoast-seo-wordpress\/ -->\n<title>Fantasie Lace Ease Invisible Stretch Full Brief - Unnadeluxe<\/title>\n<meta name=\"robots\" content=\"index, follow, max-snippet:-1, max-image-preview:large, max-video-preview:-1\" \/>\n<link rel=\"canonical\" href=\"https:\/\/unnadeluxe.fi\/fi\/tuote\/fantasie-lace-ease-invisible-stretch-full-brief\/\" \/>\n<meta property=\"og:locale\" content=\"fi_FI\" \/>\n<meta property=\"og:type\" content=\"article\" \/>\n<meta property=\"og:title\" content=\"Fantasie Lace Ease Invisible Stretch Full Brief - Unnadeluxe\" \/>\n<meta property=\"og:description\" content=\"Komfort och stil i perfekt harmoni \u2013 Lace Ease \u00e4r ett innovativt trosalternativ i one size som passar storlekar XS\u2013XL, tillverkat i en superelastisk spets med inspiration fr\u00e5n Art Deco. Med sin mjuka k\u00e4nsla och \u201csecond skin\u201d-effekt har Lace Ease en sl\u00e4t finish-teknologi som s\u00e4kerst\u00e4ller att inga kanter syns under kl\u00e4derna. Finns f\u00f6r AW22 i f\u00e4rgen Blush, och Lace Ease matchar de nya f\u00e4rgerna i Rebecca Essentials-kollektionen.\" \/>\n<meta property=\"og:url\" content=\"https:\/\/unnadeluxe.fi\/fi\/tuote\/fantasie-lace-ease-invisible-stretch-full-brief\/\" \/>\n<meta property=\"og:site_name\" content=\"Unnadeluxe\" \/>\n<meta property=\"article:publisher\" content=\"https:\/\/www.facebook.com\/UnnaDeluxe\" \/>\n<meta property=\"og:image\" content=\"https:\/\/unnadeluxe.fi\/wp-content\/uploads\/2025\/11\/lace4.jpg\" \/>\n\t<meta property=\"og:image:width\" content=\"768\" \/>\n\t<meta property=\"og:image:height\" content=\"1075\" \/>\n\t<meta property=\"og:image:type\" content=\"image\/jpeg\" \/>\n<meta name=\"twitter:card\" content=\"summary_large_image\" \/>\n<meta name=\"twitter:label1\" content=\"Arvioitu lukuaika\" \/>\n\t<meta name=\"twitter:data1\" content=\"1 minuutti\" \/>\n<script type=\"application\/ld+json\" class=\"yoast-schema-graph\">{\"@context\":\"https:\/\/schema.org\",\"@graph\":[{\"@type\":\"WebPage\",\"@id\":\"https:\/\/unnadeluxe.fi\/produkt\/fantasie-lace-ease-invisible-stretch-full-brief\/\",\"url\":\"https:\/\/unnadeluxe.fi\/produkt\/fantasie-lace-ease-invisible-stretch-full-brief\/\",\"name\":\"Fantasie Lace Ease Invisible Stretch Full Brief - Unnadeluxe\",\"isPartOf\":{\"@id\":\"https:\/\/unnadeluxe.fi\/#website\"},\"primaryImageOfPage\":{\"@id\":\"https:\/\/unnadeluxe.fi\/produkt\/fantasie-lace-ease-invisible-stretch-full-brief\/#primaryimage\"},\"image\":{\"@id\":\"https:\/\/unnadeluxe.fi\/produkt\/fantasie-lace-ease-invisible-stretch-full-brief\/#primaryimage\"},\"thumbnailUrl\":\"https:\/\/unnadeluxe.fi\/wp-content\/uploads\/2025\/11\/lace4.jpg\",\"datePublished\":\"2025-11-15T11:49:25+00:00\",\"breadcrumb\":{\"@id\":\"https:\/\/unnadeluxe.fi\/produkt\/fantasie-lace-ease-invisible-stretch-full-brief\/#breadcrumb\"},\"inLanguage\":\"fi\",\"potentialAction\":[{\"@type\":\"ReadAction\",\"target\":[\"https:\/\/unnadeluxe.fi\/produkt\/fantasie-lace-ease-invisible-stretch-full-brief\/\"]}]},{\"@type\":\"ImageObject\",\"inLanguage\":\"fi\",\"@id\":\"https:\/\/unnadeluxe.fi\/produkt\/fantasie-lace-ease-invisible-stretch-full-brief\/#primaryimage\",\"url\":\"https:\/\/unnadeluxe.fi\/wp-content\/uploads\/2025\/11\/lace4.jpg\",\"contentUrl\":\"https:\/\/unnadeluxe.fi\/wp-content\/uploads\/2025\/11\/lace4.jpg\",\"width\":768,\"height\":1075},{\"@type\":\"BreadcrumbList\",\"@id\":\"https:\/\/unnadeluxe.fi\/produkt\/fantasie-lace-ease-invisible-stretch-full-brief\/#breadcrumb\",\"itemListElement\":[{\"@type\":\"ListItem\",\"position\":1,\"name\":\"Hem\",\"item\":\"https:\/\/unnadeluxe.fi\/\"},{\"@type\":\"ListItem\",\"position\":2,\"name\":\"Shop\",\"item\":\"https:\/\/unnadeluxe.fi\/shop\/\"},{\"@type\":\"ListItem\",\"position\":3,\"name\":\"Fantasie Lace Ease Invisible Stretch Full Brief\"}]},{\"@type\":\"WebSite\",\"@id\":\"https:\/\/unnadeluxe.fi\/#website\",\"url\":\"https:\/\/unnadeluxe.fi\/\",\"name\":\"Unnadeluxe\",\"description\":\"UnnaDeluxe\",\"publisher\":{\"@id\":\"https:\/\/unnadeluxe.fi\/#organization\"},\"potentialAction\":[{\"@type\":\"SearchAction\",\"target\":{\"@type\":\"EntryPoint\",\"urlTemplate\":\"https:\/\/unnadeluxe.fi\/?s={search_term_string}\"},\"query-input\":{\"@type\":\"PropertyValueSpecification\",\"valueRequired\":true,\"valueName\":\"search_term_string\"}}],\"inLanguage\":\"fi\"},{\"@type\":\"Organization\",\"@id\":\"https:\/\/unnadeluxe.fi\/#organization\",\"name\":\"Unnadeluxe\",\"url\":\"https:\/\/unnadeluxe.fi\/\",\"logo\":{\"@type\":\"ImageObject\",\"inLanguage\":\"fi\",\"@id\":\"https:\/\/unnadeluxe.fi\/#\/schema\/logo\/image\/\",\"url\":\"https:\/\/unnadeluxe.fi\/wp-content\/uploads\/2022\/09\/Unna-logo-lingerie-black-and-gold.png\",\"contentUrl\":\"https:\/\/unnadeluxe.fi\/wp-content\/uploads\/2022\/09\/Unna-logo-lingerie-black-and-gold.png\",\"width\":3150,\"height\":3937,\"caption\":\"Unnadeluxe\"},\"image\":{\"@id\":\"https:\/\/unnadeluxe.fi\/#\/schema\/logo\/image\/\"},\"sameAs\":[\"https:\/\/www.facebook.com\/UnnaDeluxe\"]}]}<\/script>\n<!-- \/ Yoast SEO plugin. -->","yoast_head_json":{"title":"Fantasie Lace Ease Invisible Stretch Full Brief - Unnadeluxe","robots":{"index":"index","follow":"follow","max-snippet":"max-snippet:-1","max-image-preview":"max-image-preview:large","max-video-preview":"max-video-preview:-1"},"canonical":"https:\/\/unnadeluxe.fi\/fi\/tuote\/fantasie-lace-ease-invisible-stretch-full-brief\/","og_locale":"fi_FI","og_type":"article","og_title":"Fantasie Lace Ease Invisible Stretch Full Brief - Unnadeluxe","og_description":"Komfort och stil i perfekt harmoni \u2013 Lace Ease \u00e4r ett innovativt trosalternativ i one size som passar storlekar XS\u2013XL, tillverkat i en superelastisk spets med inspiration fr\u00e5n Art Deco. Med sin mjuka k\u00e4nsla och \u201csecond skin\u201d-effekt har Lace Ease en sl\u00e4t finish-teknologi som s\u00e4kerst\u00e4ller att inga kanter syns under kl\u00e4derna. Finns f\u00f6r AW22 i f\u00e4rgen Blush, och Lace Ease matchar de nya f\u00e4rgerna i Rebecca Essentials-kollektionen.","og_url":"https:\/\/unnadeluxe.fi\/fi\/tuote\/fantasie-lace-ease-invisible-stretch-full-brief\/","og_site_name":"Unnadeluxe","article_publisher":"https:\/\/www.facebook.com\/UnnaDeluxe","og_image":[{"width":768,"height":1075,"url":"https:\/\/unnadeluxe.fi\/wp-content\/uploads\/2025\/11\/lace4.jpg","type":"image\/jpeg"}],"twitter_card":"summary_large_image","twitter_misc":{"Arvioitu lukuaika":"1 minuutti"},"schema":{"@context":"https:\/\/schema.org","@graph":[{"@type":"WebPage","@id":"https:\/\/unnadeluxe.fi\/produkt\/fantasie-lace-ease-invisible-stretch-full-brief\/","url":"https:\/\/unnadeluxe.fi\/produkt\/fantasie-lace-ease-invisible-stretch-full-brief\/","name":"Fantasie Lace Ease Invisible Stretch Full Brief - Unnadeluxe","isPartOf":{"@id":"https:\/\/unnadeluxe.fi\/#website"},"primaryImageOfPage":{"@id":"https:\/\/unnadeluxe.fi\/produkt\/fantasie-lace-ease-invisible-stretch-full-brief\/#primaryimage"},"image":{"@id":"https:\/\/unnadeluxe.fi\/produkt\/fantasie-lace-ease-invisible-stretch-full-brief\/#primaryimage"},"thumbnailUrl":"https:\/\/unnadeluxe.fi\/wp-content\/uploads\/2025\/11\/lace4.jpg","datePublished":"2025-11-15T11:49:25+00:00","breadcrumb":{"@id":"https:\/\/unnadeluxe.fi\/produkt\/fantasie-lace-ease-invisible-stretch-full-brief\/#breadcrumb"},"inLanguage":"fi","potentialAction":[{"@type":"ReadAction","target":["https:\/\/unnadeluxe.fi\/produkt\/fantasie-lace-ease-invisible-stretch-full-brief\/"]}]},{"@type":"ImageObject","inLanguage":"fi","@id":"https:\/\/unnadeluxe.fi\/produkt\/fantasie-lace-ease-invisible-stretch-full-brief\/#primaryimage","url":"https:\/\/unnadeluxe.fi\/wp-content\/uploads\/2025\/11\/lace4.jpg","contentUrl":"https:\/\/unnadeluxe.fi\/wp-content\/uploads\/2025\/11\/lace4.jpg","width":768,"height":1075},{"@type":"BreadcrumbList","@id":"https:\/\/unnadeluxe.fi\/produkt\/fantasie-lace-ease-invisible-stretch-full-brief\/#breadcrumb","itemListElement":[{"@type":"ListItem","position":1,"name":"Hem","item":"https:\/\/unnadeluxe.fi\/"},{"@type":"ListItem","position":2,"name":"Shop","item":"https:\/\/unnadeluxe.fi\/shop\/"},{"@type":"ListItem","position":3,"name":"Fantasie Lace Ease Invisible Stretch Full Brief"}]},{"@type":"WebSite","@id":"https:\/\/unnadeluxe.fi\/#website","url":"https:\/\/unnadeluxe.fi\/","name":"Unnadeluxe","description":"UnnaDeluxe","publisher":{"@id":"https:\/\/unnadeluxe.fi\/#organization"},"potentialAction":[{"@type":"SearchAction","target":{"@type":"EntryPoint","urlTemplate":"https:\/\/unnadeluxe.fi\/?s={search_term_string}"},"query-input":{"@type":"PropertyValueSpecification","valueRequired":true,"valueName":"search_term_string"}}],"inLanguage":"fi"},{"@type":"Organization","@id":"https:\/\/unnadeluxe.fi\/#organization","name":"Unnadeluxe","url":"https:\/\/unnadeluxe.fi\/","logo":{"@type":"ImageObject","inLanguage":"fi","@id":"https:\/\/unnadeluxe.fi\/#\/schema\/logo\/image\/","url":"https:\/\/unnadeluxe.fi\/wp-content\/uploads\/2022\/09\/Unna-logo-lingerie-black-and-gold.png","contentUrl":"https:\/\/unnadeluxe.fi\/wp-content\/uploads\/2022\/09\/Unna-logo-lingerie-black-and-gold.png","width":3150,"height":3937,"caption":"Unnadeluxe"},"image":{"@id":"https:\/\/unnadeluxe.fi\/#\/schema\/logo\/image\/"},"sameAs":["https:\/\/www.facebook.com\/UnnaDeluxe"]}]}},"_links":{"self":[{"href":"https:\/\/unnadeluxe.fi\/fi\/wp-json\/wp\/v2\/product\/7393","targetHints":{"allow":["GET"]}}],"collection":[{"href":"https:\/\/unnadeluxe.fi\/fi\/wp-json\/wp\/v2\/product"}],"about":[{"href":"https:\/\/unnadeluxe.fi\/fi\/wp-json\/wp\/v2\/types\/product"}],"wp:featuredmedia":[{"embeddable":true,"href":"https:\/\/unnadeluxe.fi\/fi\/wp-json\/wp\/v2\/media\/7394"}],"wp:attachment":[{"href":"https:\/\/unnadeluxe.fi\/fi\/wp-json\/wp\/v2\/media?parent=7393"}],"wp:term":[{"taxonomy":"product_brand","embeddable":true,"href":"https:\/\/unnadeluxe.fi\/fi\/wp-json\/wp\/v2\/product_brand?post=7393"},{"taxonomy":"product_cat","embeddable":true,"href":"https:\/\/unnadeluxe.fi\/fi\/wp-json\/wp\/v2\/product_cat?post=7393"},{"taxonomy":"product_tag","embeddable":true,"href":"https:\/\/unnadeluxe.fi\/fi\/wp-json\/wp\/v2\/product_tag?post=7393"}],"curies":[{"name":"wp","href":"https:\/\/api.w.org\/{rel}","templated":true}]}}