{"id":7345,"date":"2025-11-15T11:17:51","date_gmt":"2025-11-15T11:17:51","guid":{"rendered":"https:\/\/unnadeluxe.fi\/?post_type=product&#038;p=7345"},"modified":"2026-01-10T13:45:05","modified_gmt":"2026-01-10T13:45:05","slug":"fantasie-rebecca-essentials-moulded-spacer-bra","status":"publish","type":"product","link":"https:\/\/unnadeluxe.fi\/fi\/tuote\/fantasie-rebecca-essentials-moulded-spacer-bra\/","title":{"rendered":"Fantasie Rebecca Essentials Moulded Spacer Bra"},"content":{"rendered":"<p>Fantasie Rebecca Essentials \u00e4r en elegant, luftig och omtyckt Spacer-bh med bygel.<br \/>\nFormpressade kupor f\u00f6r osynlig passform under kl\u00e4der<br \/>\nL\u00e4tt och andningsbar spacer-vaddering<br \/>\nJusterbara axelband f\u00f6r perfekt passform<br \/>\nF\u00e4rg: Blush (mjuk rosaton)<br \/>\nTv\u00e4ttr\u00e5d: Handtv\u00e4tt<br \/>\nMaterial:<br \/>\nBack: 79% Polyamide, 21% Elastane<br \/>\nCup: 13% Elastane, 87% Polyester<br \/>\nCup Lining: 13% Elastane, 87% Polyester<\/p>","protected":false},"excerpt":{"rendered":"<p>Upplev tidl\u00f6s elegans och oslagbar komfort med Fantasie Rebecca Blush. Den h\u00e4r l\u00e4tt vadderade T-shirt-BH:n ger en naturlig rund form och sl\u00e4t siluett under alla typer av kl\u00e4der. Det luftiga spacer-materialet l\u00e5ter huden andas, medan den mjuka spetsdetaljen och den vackra rosatonen ger en feminin touch.<br \/>\nPerfekt f\u00f6r dig som vill ha st\u00f6d, komfort och stil i ett \u2013 varje dag.<\/p>","protected":false},"featured_media":7391,"template":"","meta":[],"product_brand":[87],"product_cat":[27,28,55,58,57],"product_tag":[],"class_list":{"0":"post-7345","1":"product","2":"type-product","3":"status-publish","4":"has-post-thumbnail","6":"product_brand-fantasie","7":"product_cat-underklader","8":"product_cat-bhn","9":"product_cat-bygel-bh","10":"product_cat-t-shirt-bh","11":"product_cat-vadderad-bh","13":"first","14":"instock","15":"taxable","16":"shipping-taxable","17":"purchasable","18":"product-type-variable"},"yoast_head":"<!-- This site is optimized with the Yoast SEO plugin v27.1.1 - https:\/\/yoast.com\/product\/yoast-seo-wordpress\/ -->\n<title>Fantasie Rebecca Essentials Moulded Spacer Bra - Unnadeluxe<\/title>\n<meta name=\"robots\" content=\"index, follow, max-snippet:-1, max-image-preview:large, max-video-preview:-1\" \/>\n<link rel=\"canonical\" href=\"https:\/\/unnadeluxe.fi\/fi\/tuote\/fantasie-rebecca-essentials-moulded-spacer-bra\/\" \/>\n<meta property=\"og:locale\" content=\"fi_FI\" \/>\n<meta property=\"og:type\" content=\"article\" \/>\n<meta property=\"og:title\" content=\"Fantasie Rebecca Essentials Moulded Spacer Bra - Unnadeluxe\" \/>\n<meta property=\"og:description\" content=\"Upplev tidl\u00f6s elegans och oslagbar komfort med Fantasie Rebecca Blush. Den h\u00e4r l\u00e4tt vadderade T-shirt-BH:n ger en naturlig rund form och sl\u00e4t siluett under alla typer av kl\u00e4der. Det luftiga spacer-materialet l\u00e5ter huden andas, medan den mjuka spetsdetaljen och den vackra rosatonen ger en feminin touch. Perfekt f\u00f6r dig som vill ha st\u00f6d, komfort och stil i ett \u2013 varje dag.\" \/>\n<meta property=\"og:url\" content=\"https:\/\/unnadeluxe.fi\/fi\/tuote\/fantasie-rebecca-essentials-moulded-spacer-bra\/\" \/>\n<meta property=\"og:site_name\" content=\"Unnadeluxe\" \/>\n<meta property=\"article:publisher\" content=\"https:\/\/www.facebook.com\/UnnaDeluxe\" \/>\n<meta property=\"article:modified_time\" content=\"2026-01-10T13:45:05+00:00\" \/>\n<meta property=\"og:image\" content=\"https:\/\/unnadeluxe.fi\/wp-content\/uploads\/2025\/11\/rebecca.jpg\" \/>\n\t<meta property=\"og:image:width\" content=\"768\" \/>\n\t<meta property=\"og:image:height\" content=\"1075\" \/>\n\t<meta property=\"og:image:type\" content=\"image\/jpeg\" \/>\n<meta name=\"twitter:card\" content=\"summary_large_image\" \/>\n<meta name=\"twitter:label1\" content=\"Arvioitu lukuaika\" \/>\n\t<meta name=\"twitter:data1\" content=\"1 minuutti\" \/>\n<script type=\"application\/ld+json\" class=\"yoast-schema-graph\">{\"@context\":\"https:\/\/schema.org\",\"@graph\":[{\"@type\":\"WebPage\",\"@id\":\"https:\/\/unnadeluxe.fi\/produkt\/fantasie-rebecca-essentials-moulded-spacer-bra\/\",\"url\":\"https:\/\/unnadeluxe.fi\/produkt\/fantasie-rebecca-essentials-moulded-spacer-bra\/\",\"name\":\"Fantasie Rebecca Essentials Moulded Spacer Bra - Unnadeluxe\",\"isPartOf\":{\"@id\":\"https:\/\/unnadeluxe.fi\/#website\"},\"primaryImageOfPage\":{\"@id\":\"https:\/\/unnadeluxe.fi\/produkt\/fantasie-rebecca-essentials-moulded-spacer-bra\/#primaryimage\"},\"image\":{\"@id\":\"https:\/\/unnadeluxe.fi\/produkt\/fantasie-rebecca-essentials-moulded-spacer-bra\/#primaryimage\"},\"thumbnailUrl\":\"https:\/\/unnadeluxe.fi\/wp-content\/uploads\/2025\/11\/rebecca.jpg\",\"datePublished\":\"2025-11-15T11:17:51+00:00\",\"dateModified\":\"2026-01-10T13:45:05+00:00\",\"breadcrumb\":{\"@id\":\"https:\/\/unnadeluxe.fi\/produkt\/fantasie-rebecca-essentials-moulded-spacer-bra\/#breadcrumb\"},\"inLanguage\":\"fi\",\"potentialAction\":[{\"@type\":\"ReadAction\",\"target\":[\"https:\/\/unnadeluxe.fi\/produkt\/fantasie-rebecca-essentials-moulded-spacer-bra\/\"]}]},{\"@type\":\"ImageObject\",\"inLanguage\":\"fi\",\"@id\":\"https:\/\/unnadeluxe.fi\/produkt\/fantasie-rebecca-essentials-moulded-spacer-bra\/#primaryimage\",\"url\":\"https:\/\/unnadeluxe.fi\/wp-content\/uploads\/2025\/11\/rebecca.jpg\",\"contentUrl\":\"https:\/\/unnadeluxe.fi\/wp-content\/uploads\/2025\/11\/rebecca.jpg\",\"width\":768,\"height\":1075},{\"@type\":\"BreadcrumbList\",\"@id\":\"https:\/\/unnadeluxe.fi\/produkt\/fantasie-rebecca-essentials-moulded-spacer-bra\/#breadcrumb\",\"itemListElement\":[{\"@type\":\"ListItem\",\"position\":1,\"name\":\"Hem\",\"item\":\"https:\/\/unnadeluxe.fi\/\"},{\"@type\":\"ListItem\",\"position\":2,\"name\":\"Shop\",\"item\":\"https:\/\/unnadeluxe.fi\/shop\/\"},{\"@type\":\"ListItem\",\"position\":3,\"name\":\"Fantasie Rebecca Essentials Moulded Spacer Bra\"}]},{\"@type\":\"WebSite\",\"@id\":\"https:\/\/unnadeluxe.fi\/#website\",\"url\":\"https:\/\/unnadeluxe.fi\/\",\"name\":\"Unnadeluxe\",\"description\":\"UnnaDeluxe\",\"publisher\":{\"@id\":\"https:\/\/unnadeluxe.fi\/#organization\"},\"potentialAction\":[{\"@type\":\"SearchAction\",\"target\":{\"@type\":\"EntryPoint\",\"urlTemplate\":\"https:\/\/unnadeluxe.fi\/?s={search_term_string}\"},\"query-input\":{\"@type\":\"PropertyValueSpecification\",\"valueRequired\":true,\"valueName\":\"search_term_string\"}}],\"inLanguage\":\"fi\"},{\"@type\":\"Organization\",\"@id\":\"https:\/\/unnadeluxe.fi\/#organization\",\"name\":\"Unnadeluxe\",\"url\":\"https:\/\/unnadeluxe.fi\/\",\"logo\":{\"@type\":\"ImageObject\",\"inLanguage\":\"fi\",\"@id\":\"https:\/\/unnadeluxe.fi\/#\/schema\/logo\/image\/\",\"url\":\"https:\/\/unnadeluxe.fi\/wp-content\/uploads\/2022\/09\/Unna-logo-lingerie-black-and-gold.png\",\"contentUrl\":\"https:\/\/unnadeluxe.fi\/wp-content\/uploads\/2022\/09\/Unna-logo-lingerie-black-and-gold.png\",\"width\":3150,\"height\":3937,\"caption\":\"Unnadeluxe\"},\"image\":{\"@id\":\"https:\/\/unnadeluxe.fi\/#\/schema\/logo\/image\/\"},\"sameAs\":[\"https:\/\/www.facebook.com\/UnnaDeluxe\"]}]}<\/script>\n<!-- \/ Yoast SEO plugin. -->","yoast_head_json":{"title":"Fantasie Rebecca Essentials Moulded Spacer Bra - Unnadeluxe","robots":{"index":"index","follow":"follow","max-snippet":"max-snippet:-1","max-image-preview":"max-image-preview:large","max-video-preview":"max-video-preview:-1"},"canonical":"https:\/\/unnadeluxe.fi\/fi\/tuote\/fantasie-rebecca-essentials-moulded-spacer-bra\/","og_locale":"fi_FI","og_type":"article","og_title":"Fantasie Rebecca Essentials Moulded Spacer Bra - Unnadeluxe","og_description":"Upplev tidl\u00f6s elegans och oslagbar komfort med Fantasie Rebecca Blush. Den h\u00e4r l\u00e4tt vadderade T-shirt-BH:n ger en naturlig rund form och sl\u00e4t siluett under alla typer av kl\u00e4der. Det luftiga spacer-materialet l\u00e5ter huden andas, medan den mjuka spetsdetaljen och den vackra rosatonen ger en feminin touch. Perfekt f\u00f6r dig som vill ha st\u00f6d, komfort och stil i ett \u2013 varje dag.","og_url":"https:\/\/unnadeluxe.fi\/fi\/tuote\/fantasie-rebecca-essentials-moulded-spacer-bra\/","og_site_name":"Unnadeluxe","article_publisher":"https:\/\/www.facebook.com\/UnnaDeluxe","article_modified_time":"2026-01-10T13:45:05+00:00","og_image":[{"width":768,"height":1075,"url":"https:\/\/unnadeluxe.fi\/wp-content\/uploads\/2025\/11\/rebecca.jpg","type":"image\/jpeg"}],"twitter_card":"summary_large_image","twitter_misc":{"Arvioitu lukuaika":"1 minuutti"},"schema":{"@context":"https:\/\/schema.org","@graph":[{"@type":"WebPage","@id":"https:\/\/unnadeluxe.fi\/produkt\/fantasie-rebecca-essentials-moulded-spacer-bra\/","url":"https:\/\/unnadeluxe.fi\/produkt\/fantasie-rebecca-essentials-moulded-spacer-bra\/","name":"Fantasie Rebecca Essentials Moulded Spacer Bra - Unnadeluxe","isPartOf":{"@id":"https:\/\/unnadeluxe.fi\/#website"},"primaryImageOfPage":{"@id":"https:\/\/unnadeluxe.fi\/produkt\/fantasie-rebecca-essentials-moulded-spacer-bra\/#primaryimage"},"image":{"@id":"https:\/\/unnadeluxe.fi\/produkt\/fantasie-rebecca-essentials-moulded-spacer-bra\/#primaryimage"},"thumbnailUrl":"https:\/\/unnadeluxe.fi\/wp-content\/uploads\/2025\/11\/rebecca.jpg","datePublished":"2025-11-15T11:17:51+00:00","dateModified":"2026-01-10T13:45:05+00:00","breadcrumb":{"@id":"https:\/\/unnadeluxe.fi\/produkt\/fantasie-rebecca-essentials-moulded-spacer-bra\/#breadcrumb"},"inLanguage":"fi","potentialAction":[{"@type":"ReadAction","target":["https:\/\/unnadeluxe.fi\/produkt\/fantasie-rebecca-essentials-moulded-spacer-bra\/"]}]},{"@type":"ImageObject","inLanguage":"fi","@id":"https:\/\/unnadeluxe.fi\/produkt\/fantasie-rebecca-essentials-moulded-spacer-bra\/#primaryimage","url":"https:\/\/unnadeluxe.fi\/wp-content\/uploads\/2025\/11\/rebecca.jpg","contentUrl":"https:\/\/unnadeluxe.fi\/wp-content\/uploads\/2025\/11\/rebecca.jpg","width":768,"height":1075},{"@type":"BreadcrumbList","@id":"https:\/\/unnadeluxe.fi\/produkt\/fantasie-rebecca-essentials-moulded-spacer-bra\/#breadcrumb","itemListElement":[{"@type":"ListItem","position":1,"name":"Hem","item":"https:\/\/unnadeluxe.fi\/"},{"@type":"ListItem","position":2,"name":"Shop","item":"https:\/\/unnadeluxe.fi\/shop\/"},{"@type":"ListItem","position":3,"name":"Fantasie Rebecca Essentials Moulded Spacer Bra"}]},{"@type":"WebSite","@id":"https:\/\/unnadeluxe.fi\/#website","url":"https:\/\/unnadeluxe.fi\/","name":"Unnadeluxe","description":"UnnaDeluxe","publisher":{"@id":"https:\/\/unnadeluxe.fi\/#organization"},"potentialAction":[{"@type":"SearchAction","target":{"@type":"EntryPoint","urlTemplate":"https:\/\/unnadeluxe.fi\/?s={search_term_string}"},"query-input":{"@type":"PropertyValueSpecification","valueRequired":true,"valueName":"search_term_string"}}],"inLanguage":"fi"},{"@type":"Organization","@id":"https:\/\/unnadeluxe.fi\/#organization","name":"Unnadeluxe","url":"https:\/\/unnadeluxe.fi\/","logo":{"@type":"ImageObject","inLanguage":"fi","@id":"https:\/\/unnadeluxe.fi\/#\/schema\/logo\/image\/","url":"https:\/\/unnadeluxe.fi\/wp-content\/uploads\/2022\/09\/Unna-logo-lingerie-black-and-gold.png","contentUrl":"https:\/\/unnadeluxe.fi\/wp-content\/uploads\/2022\/09\/Unna-logo-lingerie-black-and-gold.png","width":3150,"height":3937,"caption":"Unnadeluxe"},"image":{"@id":"https:\/\/unnadeluxe.fi\/#\/schema\/logo\/image\/"},"sameAs":["https:\/\/www.facebook.com\/UnnaDeluxe"]}]}},"_links":{"self":[{"href":"https:\/\/unnadeluxe.fi\/fi\/wp-json\/wp\/v2\/product\/7345","targetHints":{"allow":["GET"]}}],"collection":[{"href":"https:\/\/unnadeluxe.fi\/fi\/wp-json\/wp\/v2\/product"}],"about":[{"href":"https:\/\/unnadeluxe.fi\/fi\/wp-json\/wp\/v2\/types\/product"}],"wp:featuredmedia":[{"embeddable":true,"href":"https:\/\/unnadeluxe.fi\/fi\/wp-json\/wp\/v2\/media\/7391"}],"wp:attachment":[{"href":"https:\/\/unnadeluxe.fi\/fi\/wp-json\/wp\/v2\/media?parent=7345"}],"wp:term":[{"taxonomy":"product_brand","embeddable":true,"href":"https:\/\/unnadeluxe.fi\/fi\/wp-json\/wp\/v2\/product_brand?post=7345"},{"taxonomy":"product_cat","embeddable":true,"href":"https:\/\/unnadeluxe.fi\/fi\/wp-json\/wp\/v2\/product_cat?post=7345"},{"taxonomy":"product_tag","embeddable":true,"href":"https:\/\/unnadeluxe.fi\/fi\/wp-json\/wp\/v2\/product_tag?post=7345"}],"curies":[{"name":"wp","href":"https:\/\/api.w.org\/{rel}","templated":true}]}}