{"id":7293,"date":"2025-11-11T14:57:52","date_gmt":"2025-11-11T14:57:52","guid":{"rendered":"https:\/\/unnadeluxe.fi\/?post_type=product&#038;p=7293"},"modified":"2025-11-11T15:24:41","modified_gmt":"2025-11-11T15:24:41","slug":"swanni-linnehanduk-48-x-66-cm","status":"publish","type":"product","link":"https:\/\/unnadeluxe.fi\/fi\/tuote\/swanni-linnehanduk-48-x-66-cm\/","title":{"rendered":"Swanni Linnehanduk Fiskbensm\u00f6nster 48 x 66 cm"},"content":{"rendered":"<p>Swanni Linnehanduk med fiskbensm\u00f6nster. Anv\u00e4ndbar och tidl\u00f6s handuk i naturf\u00e4rg.<br \/>\n48x66cm<br \/>\nSk\u00f6tselr\u00e5d:<br \/>\nMaskintv\u00e4tt 40 \u00b0C fintv\u00e4tt forma i fuktigt tillst\u00e5nd. Vid behov tv\u00e4tt upp till 60 \u00b0C<br \/>\nTv\u00e4tt\u00e4ttika som sk\u00f6ljmedel<br \/>\nTorktumling p\u00e5 l\u00e5g v\u00e4rme<br \/>\nStrykning p\u00e5 tv\u00e5 till tre prickar vid behov<\/p>\n<p>F\u00f6rdelar med linnehandduk:<br \/>\nantibakteriell<br \/>\ntorkar snabbt<br \/>\nbra uppsugningsf\u00f6rm\u00e5ga<br \/>\nmjuk<br \/>\nh\u00e5llbar<br \/>\ntidl\u00f6s<\/p>","protected":false},"excerpt":{"rendered":"<p>En linnehandduk i naturf\u00e4rg \u00e4r vacker och tidl\u00f6s, och som l\u00e4ttsk\u00f6tt och m\u00e5ngsidig \u00e4r den ett l\u00e5nglivat k\u00f6p.<br \/>\nAv naturmaterial har linne den b\u00e4sta uppsugningsf\u00f6rm\u00e5gan \u2013 det kan suga upp upp till ca 20 % av sin egen vikt innan det ens k\u00e4nns fuktigt.<\/p>\n<p>Ett h\u00f6gklassigt, tjockt linne sk\u00e4mmer bort anv\u00e4ndaren med sin mjukhet, torkar huden effektivt och \u00e4r det b\u00e4sta materialet f\u00f6r en diskhandduk.<br \/>\nDessutom \u00e4r linne andningsbart och antibakteriellt. Det g\u00f6r linne till ett utm\u00e4rkt material f\u00f6r k\u00f6kshanddukar.<br \/>\nLinnets naturliga struktur ger ditt hem en avslappnad k\u00e4nsla.<br \/>\nSom naturmaterial \u00e4r linne mycket h\u00e5llbart och blir bara b\u00e4ttre och mjukare ju mer det tv\u00e4ttas och anv\u00e4nds.<br \/>\nLinnehanddukar av h\u00f6g kvalitet passar hemma, till fritidsaktiviteter, p\u00e5 jobbet, till fest \u2013 eller som en fin g\u00e5va.<\/p>","protected":false},"featured_media":7296,"template":"","meta":[],"product_brand":[106],"product_cat":[25,105],"product_tag":[],"class_list":{"0":"post-7293","1":"product","2":"type-product","3":"status-publish","4":"has-post-thumbnail","6":"product_brand-swanni","7":"product_cat-presenter","8":"product_cat-swanni","10":"first","11":"instock","12":"taxable","13":"shipping-taxable","14":"purchasable","15":"product-type-variable"},"yoast_head":"<!-- This site is optimized with the Yoast SEO plugin v27.1.1 - https:\/\/yoast.com\/product\/yoast-seo-wordpress\/ -->\n<title>Swanni Linnehanduk Fiskbensm\u00f6nster 48 x 66 cm - Unnadeluxe<\/title>\n<meta name=\"robots\" content=\"index, follow, max-snippet:-1, max-image-preview:large, max-video-preview:-1\" \/>\n<link rel=\"canonical\" href=\"https:\/\/unnadeluxe.fi\/fi\/tuote\/swanni-linnehanduk-48-x-66-cm\/\" \/>\n<meta property=\"og:locale\" content=\"fi_FI\" \/>\n<meta property=\"og:type\" content=\"article\" \/>\n<meta property=\"og:title\" content=\"Swanni Linnehanduk Fiskbensm\u00f6nster 48 x 66 cm - Unnadeluxe\" \/>\n<meta property=\"og:description\" content=\"En linnehandduk i naturf\u00e4rg \u00e4r vacker och tidl\u00f6s, och som l\u00e4ttsk\u00f6tt och m\u00e5ngsidig \u00e4r den ett l\u00e5nglivat k\u00f6p. Av naturmaterial har linne den b\u00e4sta uppsugningsf\u00f6rm\u00e5gan \u2013 det kan suga upp upp till ca 20 % av sin egen vikt innan det ens k\u00e4nns fuktigt.  Ett h\u00f6gklassigt, tjockt linne sk\u00e4mmer bort anv\u00e4ndaren med sin mjukhet, torkar huden effektivt och \u00e4r det b\u00e4sta materialet f\u00f6r en diskhandduk. Dessutom \u00e4r linne andningsbart och antibakteriellt. Det g\u00f6r linne till ett utm\u00e4rkt material f\u00f6r k\u00f6kshanddukar. Linnets naturliga struktur ger ditt hem en avslappnad k\u00e4nsla. Som naturmaterial \u00e4r linne mycket h\u00e5llbart och blir bara b\u00e4ttre och mjukare ju mer det tv\u00e4ttas och anv\u00e4nds. Linnehanddukar av h\u00f6g kvalitet passar hemma, till fritidsaktiviteter, p\u00e5 jobbet, till fest \u2013 eller som en fin g\u00e5va.\" \/>\n<meta property=\"og:url\" content=\"https:\/\/unnadeluxe.fi\/fi\/tuote\/swanni-linnehanduk-48-x-66-cm\/\" \/>\n<meta property=\"og:site_name\" content=\"Unnadeluxe\" \/>\n<meta property=\"article:publisher\" content=\"https:\/\/www.facebook.com\/UnnaDeluxe\" \/>\n<meta property=\"article:modified_time\" content=\"2025-11-11T15:24:41+00:00\" \/>\n<meta property=\"og:image\" content=\"https:\/\/unnadeluxe.fi\/wp-content\/uploads\/2025\/11\/SWANNI8.jpg\" \/>\n\t<meta property=\"og:image:width\" content=\"600\" \/>\n\t<meta property=\"og:image:height\" content=\"800\" \/>\n\t<meta property=\"og:image:type\" content=\"image\/jpeg\" \/>\n<meta name=\"twitter:card\" content=\"summary_large_image\" \/>\n<meta name=\"twitter:label1\" content=\"Arvioitu lukuaika\" \/>\n\t<meta name=\"twitter:data1\" content=\"1 minuutti\" \/>\n<script type=\"application\/ld+json\" class=\"yoast-schema-graph\">{\"@context\":\"https:\/\/schema.org\",\"@graph\":[{\"@type\":\"WebPage\",\"@id\":\"https:\/\/unnadeluxe.fi\/produkt\/swanni-linnehanduk-48-x-66-cm\/\",\"url\":\"https:\/\/unnadeluxe.fi\/produkt\/swanni-linnehanduk-48-x-66-cm\/\",\"name\":\"Swanni Linnehanduk Fiskbensm\u00f6nster 48 x 66 cm - Unnadeluxe\",\"isPartOf\":{\"@id\":\"https:\/\/unnadeluxe.fi\/#website\"},\"primaryImageOfPage\":{\"@id\":\"https:\/\/unnadeluxe.fi\/produkt\/swanni-linnehanduk-48-x-66-cm\/#primaryimage\"},\"image\":{\"@id\":\"https:\/\/unnadeluxe.fi\/produkt\/swanni-linnehanduk-48-x-66-cm\/#primaryimage\"},\"thumbnailUrl\":\"https:\/\/unnadeluxe.fi\/wp-content\/uploads\/2025\/11\/SWANNI8.jpg\",\"datePublished\":\"2025-11-11T14:57:52+00:00\",\"dateModified\":\"2025-11-11T15:24:41+00:00\",\"breadcrumb\":{\"@id\":\"https:\/\/unnadeluxe.fi\/produkt\/swanni-linnehanduk-48-x-66-cm\/#breadcrumb\"},\"inLanguage\":\"fi\",\"potentialAction\":[{\"@type\":\"ReadAction\",\"target\":[\"https:\/\/unnadeluxe.fi\/produkt\/swanni-linnehanduk-48-x-66-cm\/\"]}]},{\"@type\":\"ImageObject\",\"inLanguage\":\"fi\",\"@id\":\"https:\/\/unnadeluxe.fi\/produkt\/swanni-linnehanduk-48-x-66-cm\/#primaryimage\",\"url\":\"https:\/\/unnadeluxe.fi\/wp-content\/uploads\/2025\/11\/SWANNI8.jpg\",\"contentUrl\":\"https:\/\/unnadeluxe.fi\/wp-content\/uploads\/2025\/11\/SWANNI8.jpg\",\"width\":600,\"height\":800},{\"@type\":\"BreadcrumbList\",\"@id\":\"https:\/\/unnadeluxe.fi\/produkt\/swanni-linnehanduk-48-x-66-cm\/#breadcrumb\",\"itemListElement\":[{\"@type\":\"ListItem\",\"position\":1,\"name\":\"Hem\",\"item\":\"https:\/\/unnadeluxe.fi\/\"},{\"@type\":\"ListItem\",\"position\":2,\"name\":\"Shop\",\"item\":\"https:\/\/unnadeluxe.fi\/shop\/\"},{\"@type\":\"ListItem\",\"position\":3,\"name\":\"Swanni Linnehanduk Fiskbensm\u00f6nster 48 x 66 cm\"}]},{\"@type\":\"WebSite\",\"@id\":\"https:\/\/unnadeluxe.fi\/#website\",\"url\":\"https:\/\/unnadeluxe.fi\/\",\"name\":\"Unnadeluxe\",\"description\":\"UnnaDeluxe\",\"publisher\":{\"@id\":\"https:\/\/unnadeluxe.fi\/#organization\"},\"potentialAction\":[{\"@type\":\"SearchAction\",\"target\":{\"@type\":\"EntryPoint\",\"urlTemplate\":\"https:\/\/unnadeluxe.fi\/?s={search_term_string}\"},\"query-input\":{\"@type\":\"PropertyValueSpecification\",\"valueRequired\":true,\"valueName\":\"search_term_string\"}}],\"inLanguage\":\"fi\"},{\"@type\":\"Organization\",\"@id\":\"https:\/\/unnadeluxe.fi\/#organization\",\"name\":\"Unnadeluxe\",\"url\":\"https:\/\/unnadeluxe.fi\/\",\"logo\":{\"@type\":\"ImageObject\",\"inLanguage\":\"fi\",\"@id\":\"https:\/\/unnadeluxe.fi\/#\/schema\/logo\/image\/\",\"url\":\"https:\/\/unnadeluxe.fi\/wp-content\/uploads\/2022\/09\/Unna-logo-lingerie-black-and-gold.png\",\"contentUrl\":\"https:\/\/unnadeluxe.fi\/wp-content\/uploads\/2022\/09\/Unna-logo-lingerie-black-and-gold.png\",\"width\":3150,\"height\":3937,\"caption\":\"Unnadeluxe\"},\"image\":{\"@id\":\"https:\/\/unnadeluxe.fi\/#\/schema\/logo\/image\/\"},\"sameAs\":[\"https:\/\/www.facebook.com\/UnnaDeluxe\"]}]}<\/script>\n<!-- \/ Yoast SEO plugin. -->","yoast_head_json":{"title":"Swanni Linnehanduk Fiskbensm\u00f6nster 48 x 66 cm - Unnadeluxe","robots":{"index":"index","follow":"follow","max-snippet":"max-snippet:-1","max-image-preview":"max-image-preview:large","max-video-preview":"max-video-preview:-1"},"canonical":"https:\/\/unnadeluxe.fi\/fi\/tuote\/swanni-linnehanduk-48-x-66-cm\/","og_locale":"fi_FI","og_type":"article","og_title":"Swanni Linnehanduk Fiskbensm\u00f6nster 48 x 66 cm - Unnadeluxe","og_description":"En linnehandduk i naturf\u00e4rg \u00e4r vacker och tidl\u00f6s, och som l\u00e4ttsk\u00f6tt och m\u00e5ngsidig \u00e4r den ett l\u00e5nglivat k\u00f6p. Av naturmaterial har linne den b\u00e4sta uppsugningsf\u00f6rm\u00e5gan \u2013 det kan suga upp upp till ca 20 % av sin egen vikt innan det ens k\u00e4nns fuktigt.  Ett h\u00f6gklassigt, tjockt linne sk\u00e4mmer bort anv\u00e4ndaren med sin mjukhet, torkar huden effektivt och \u00e4r det b\u00e4sta materialet f\u00f6r en diskhandduk. Dessutom \u00e4r linne andningsbart och antibakteriellt. Det g\u00f6r linne till ett utm\u00e4rkt material f\u00f6r k\u00f6kshanddukar. Linnets naturliga struktur ger ditt hem en avslappnad k\u00e4nsla. Som naturmaterial \u00e4r linne mycket h\u00e5llbart och blir bara b\u00e4ttre och mjukare ju mer det tv\u00e4ttas och anv\u00e4nds. Linnehanddukar av h\u00f6g kvalitet passar hemma, till fritidsaktiviteter, p\u00e5 jobbet, till fest \u2013 eller som en fin g\u00e5va.","og_url":"https:\/\/unnadeluxe.fi\/fi\/tuote\/swanni-linnehanduk-48-x-66-cm\/","og_site_name":"Unnadeluxe","article_publisher":"https:\/\/www.facebook.com\/UnnaDeluxe","article_modified_time":"2025-11-11T15:24:41+00:00","og_image":[{"width":600,"height":800,"url":"https:\/\/unnadeluxe.fi\/wp-content\/uploads\/2025\/11\/SWANNI8.jpg","type":"image\/jpeg"}],"twitter_card":"summary_large_image","twitter_misc":{"Arvioitu lukuaika":"1 minuutti"},"schema":{"@context":"https:\/\/schema.org","@graph":[{"@type":"WebPage","@id":"https:\/\/unnadeluxe.fi\/produkt\/swanni-linnehanduk-48-x-66-cm\/","url":"https:\/\/unnadeluxe.fi\/produkt\/swanni-linnehanduk-48-x-66-cm\/","name":"Swanni Linnehanduk Fiskbensm\u00f6nster 48 x 66 cm - Unnadeluxe","isPartOf":{"@id":"https:\/\/unnadeluxe.fi\/#website"},"primaryImageOfPage":{"@id":"https:\/\/unnadeluxe.fi\/produkt\/swanni-linnehanduk-48-x-66-cm\/#primaryimage"},"image":{"@id":"https:\/\/unnadeluxe.fi\/produkt\/swanni-linnehanduk-48-x-66-cm\/#primaryimage"},"thumbnailUrl":"https:\/\/unnadeluxe.fi\/wp-content\/uploads\/2025\/11\/SWANNI8.jpg","datePublished":"2025-11-11T14:57:52+00:00","dateModified":"2025-11-11T15:24:41+00:00","breadcrumb":{"@id":"https:\/\/unnadeluxe.fi\/produkt\/swanni-linnehanduk-48-x-66-cm\/#breadcrumb"},"inLanguage":"fi","potentialAction":[{"@type":"ReadAction","target":["https:\/\/unnadeluxe.fi\/produkt\/swanni-linnehanduk-48-x-66-cm\/"]}]},{"@type":"ImageObject","inLanguage":"fi","@id":"https:\/\/unnadeluxe.fi\/produkt\/swanni-linnehanduk-48-x-66-cm\/#primaryimage","url":"https:\/\/unnadeluxe.fi\/wp-content\/uploads\/2025\/11\/SWANNI8.jpg","contentUrl":"https:\/\/unnadeluxe.fi\/wp-content\/uploads\/2025\/11\/SWANNI8.jpg","width":600,"height":800},{"@type":"BreadcrumbList","@id":"https:\/\/unnadeluxe.fi\/produkt\/swanni-linnehanduk-48-x-66-cm\/#breadcrumb","itemListElement":[{"@type":"ListItem","position":1,"name":"Hem","item":"https:\/\/unnadeluxe.fi\/"},{"@type":"ListItem","position":2,"name":"Shop","item":"https:\/\/unnadeluxe.fi\/shop\/"},{"@type":"ListItem","position":3,"name":"Swanni Linnehanduk Fiskbensm\u00f6nster 48 x 66 cm"}]},{"@type":"WebSite","@id":"https:\/\/unnadeluxe.fi\/#website","url":"https:\/\/unnadeluxe.fi\/","name":"Unnadeluxe","description":"UnnaDeluxe","publisher":{"@id":"https:\/\/unnadeluxe.fi\/#organization"},"potentialAction":[{"@type":"SearchAction","target":{"@type":"EntryPoint","urlTemplate":"https:\/\/unnadeluxe.fi\/?s={search_term_string}"},"query-input":{"@type":"PropertyValueSpecification","valueRequired":true,"valueName":"search_term_string"}}],"inLanguage":"fi"},{"@type":"Organization","@id":"https:\/\/unnadeluxe.fi\/#organization","name":"Unnadeluxe","url":"https:\/\/unnadeluxe.fi\/","logo":{"@type":"ImageObject","inLanguage":"fi","@id":"https:\/\/unnadeluxe.fi\/#\/schema\/logo\/image\/","url":"https:\/\/unnadeluxe.fi\/wp-content\/uploads\/2022\/09\/Unna-logo-lingerie-black-and-gold.png","contentUrl":"https:\/\/unnadeluxe.fi\/wp-content\/uploads\/2022\/09\/Unna-logo-lingerie-black-and-gold.png","width":3150,"height":3937,"caption":"Unnadeluxe"},"image":{"@id":"https:\/\/unnadeluxe.fi\/#\/schema\/logo\/image\/"},"sameAs":["https:\/\/www.facebook.com\/UnnaDeluxe"]}]}},"_links":{"self":[{"href":"https:\/\/unnadeluxe.fi\/fi\/wp-json\/wp\/v2\/product\/7293","targetHints":{"allow":["GET"]}}],"collection":[{"href":"https:\/\/unnadeluxe.fi\/fi\/wp-json\/wp\/v2\/product"}],"about":[{"href":"https:\/\/unnadeluxe.fi\/fi\/wp-json\/wp\/v2\/types\/product"}],"wp:featuredmedia":[{"embeddable":true,"href":"https:\/\/unnadeluxe.fi\/fi\/wp-json\/wp\/v2\/media\/7296"}],"wp:attachment":[{"href":"https:\/\/unnadeluxe.fi\/fi\/wp-json\/wp\/v2\/media?parent=7293"}],"wp:term":[{"taxonomy":"product_brand","embeddable":true,"href":"https:\/\/unnadeluxe.fi\/fi\/wp-json\/wp\/v2\/product_brand?post=7293"},{"taxonomy":"product_cat","embeddable":true,"href":"https:\/\/unnadeluxe.fi\/fi\/wp-json\/wp\/v2\/product_cat?post=7293"},{"taxonomy":"product_tag","embeddable":true,"href":"https:\/\/unnadeluxe.fi\/fi\/wp-json\/wp\/v2\/product_tag?post=7293"}],"curies":[{"name":"wp","href":"https:\/\/api.w.org\/{rel}","templated":true}]}}