{"id":7042,"date":"2025-10-27T17:03:26","date_gmt":"2025-10-27T17:03:26","guid":{"rendered":"https:\/\/unnadeluxe.fi\/?post_type=product&#038;p=7042"},"modified":"2025-11-08T06:11:17","modified_gmt":"2025-11-08T06:11:17","slug":"lingadore-daily-bygel-bh-svart-beige","status":"publish","type":"product","link":"https:\/\/unnadeluxe.fi\/fi\/tuote\/lingadore-daily-bygel-bh-svart-beige\/","title":{"rendered":"Lingadore Daily Bygel Bh Svart\/Beige"},"content":{"rendered":"<p>Lingadore Daily Ovadderad sl\u00e4t bygelbh med Helkupa.<br \/>\nF\u00e4rg:Svart\/Beige<br \/>\n63% Polyamide 20% Elasthan 17% Cotton<\/p>","protected":false},"excerpt":{"rendered":"<p>Lingadore Daily Wire bra-plus size \u00e4r en riktigt omtyckt ovadderad bygelbh fr\u00e5n Lingadores baskollektion. Denna bh med helkupa passar utm\u00e4rkt \u00e4ven f\u00f6r tunga och st\u00f6rre br\u00f6st. Bra passform, breda axelband och supersk\u00f6n bh f\u00f6r den som vill ha en bra bh till ett f\u00f6rm\u00e5nligare pris. Denna ovadderade bygelbh str\u00e4cker sig till G-kupa.<br \/>\nSl\u00e4t s\u00e5 passar utm\u00e4rkt under en t-shirt<\/p>","protected":false},"featured_media":7082,"template":"","meta":[],"product_brand":[77],"product_cat":[28,55,58],"product_tag":[],"class_list":{"0":"post-7042","1":"product","2":"type-product","3":"status-publish","4":"has-post-thumbnail","6":"product_brand-lingadore","7":"product_cat-bhn","8":"product_cat-bygel-bh","9":"product_cat-t-shirt-bh","11":"first","12":"instock","13":"taxable","14":"shipping-taxable","15":"purchasable","16":"product-type-variable"},"yoast_head":"<!-- This site is optimized with the Yoast SEO plugin v27.1.1 - https:\/\/yoast.com\/product\/yoast-seo-wordpress\/ -->\n<title>Lingadore Daily Bygel Bh Svart\/Beige - Unnadeluxe<\/title>\n<meta name=\"robots\" content=\"index, follow, max-snippet:-1, max-image-preview:large, max-video-preview:-1\" \/>\n<link rel=\"canonical\" href=\"https:\/\/unnadeluxe.fi\/fi\/tuote\/lingadore-daily-bygel-bh-svart-beige\/\" \/>\n<meta property=\"og:locale\" content=\"fi_FI\" \/>\n<meta property=\"og:type\" content=\"article\" \/>\n<meta property=\"og:title\" content=\"Lingadore Daily Bygel Bh Svart\/Beige - Unnadeluxe\" \/>\n<meta property=\"og:description\" content=\"Lingadore Daily Wire bra-plus size \u00e4r en riktigt omtyckt ovadderad bygelbh fr\u00e5n Lingadores baskollektion. Denna bh med helkupa passar utm\u00e4rkt \u00e4ven f\u00f6r tunga och st\u00f6rre br\u00f6st. Bra passform, breda axelband och supersk\u00f6n bh f\u00f6r den som vill ha en bra bh till ett f\u00f6rm\u00e5nligare pris. Denna ovadderade bygelbh str\u00e4cker sig till G-kupa. Sl\u00e4t s\u00e5 passar utm\u00e4rkt under en t-shirt\" \/>\n<meta property=\"og:url\" content=\"https:\/\/unnadeluxe.fi\/fi\/tuote\/lingadore-daily-bygel-bh-svart-beige\/\" \/>\n<meta property=\"og:site_name\" content=\"Unnadeluxe\" \/>\n<meta property=\"article:publisher\" content=\"https:\/\/www.facebook.com\/UnnaDeluxe\" \/>\n<meta property=\"article:modified_time\" content=\"2025-11-08T06:11:17+00:00\" \/>\n<meta property=\"og:image\" content=\"https:\/\/unnadeluxe.fi\/wp-content\/uploads\/2025\/10\/linga1.jpg\" \/>\n\t<meta property=\"og:image:width\" content=\"800\" \/>\n\t<meta property=\"og:image:height\" content=\"1155\" \/>\n\t<meta property=\"og:image:type\" content=\"image\/jpeg\" \/>\n<meta name=\"twitter:card\" content=\"summary_large_image\" \/>\n<meta name=\"twitter:label1\" content=\"Arvioitu lukuaika\" \/>\n\t<meta name=\"twitter:data1\" content=\"1 minuutti\" \/>\n<script type=\"application\/ld+json\" class=\"yoast-schema-graph\">{\"@context\":\"https:\/\/schema.org\",\"@graph\":[{\"@type\":\"WebPage\",\"@id\":\"https:\/\/unnadeluxe.fi\/produkt\/lingadore-daily-bygel-bh-svart-beige\/\",\"url\":\"https:\/\/unnadeluxe.fi\/produkt\/lingadore-daily-bygel-bh-svart-beige\/\",\"name\":\"Lingadore Daily Bygel Bh Svart\/Beige - Unnadeluxe\",\"isPartOf\":{\"@id\":\"https:\/\/unnadeluxe.fi\/#website\"},\"primaryImageOfPage\":{\"@id\":\"https:\/\/unnadeluxe.fi\/produkt\/lingadore-daily-bygel-bh-svart-beige\/#primaryimage\"},\"image\":{\"@id\":\"https:\/\/unnadeluxe.fi\/produkt\/lingadore-daily-bygel-bh-svart-beige\/#primaryimage\"},\"thumbnailUrl\":\"https:\/\/unnadeluxe.fi\/wp-content\/uploads\/2025\/10\/linga1.jpg\",\"datePublished\":\"2025-10-27T17:03:26+00:00\",\"dateModified\":\"2025-11-08T06:11:17+00:00\",\"breadcrumb\":{\"@id\":\"https:\/\/unnadeluxe.fi\/produkt\/lingadore-daily-bygel-bh-svart-beige\/#breadcrumb\"},\"inLanguage\":\"fi\",\"potentialAction\":[{\"@type\":\"ReadAction\",\"target\":[\"https:\/\/unnadeluxe.fi\/produkt\/lingadore-daily-bygel-bh-svart-beige\/\"]}]},{\"@type\":\"ImageObject\",\"inLanguage\":\"fi\",\"@id\":\"https:\/\/unnadeluxe.fi\/produkt\/lingadore-daily-bygel-bh-svart-beige\/#primaryimage\",\"url\":\"https:\/\/unnadeluxe.fi\/wp-content\/uploads\/2025\/10\/linga1.jpg\",\"contentUrl\":\"https:\/\/unnadeluxe.fi\/wp-content\/uploads\/2025\/10\/linga1.jpg\",\"width\":800,\"height\":1155},{\"@type\":\"BreadcrumbList\",\"@id\":\"https:\/\/unnadeluxe.fi\/produkt\/lingadore-daily-bygel-bh-svart-beige\/#breadcrumb\",\"itemListElement\":[{\"@type\":\"ListItem\",\"position\":1,\"name\":\"Hem\",\"item\":\"https:\/\/unnadeluxe.fi\/\"},{\"@type\":\"ListItem\",\"position\":2,\"name\":\"Shop\",\"item\":\"https:\/\/unnadeluxe.fi\/shop\/\"},{\"@type\":\"ListItem\",\"position\":3,\"name\":\"Lingadore Daily Bygel Bh Svart\/Beige\"}]},{\"@type\":\"WebSite\",\"@id\":\"https:\/\/unnadeluxe.fi\/#website\",\"url\":\"https:\/\/unnadeluxe.fi\/\",\"name\":\"Unnadeluxe\",\"description\":\"UnnaDeluxe\",\"publisher\":{\"@id\":\"https:\/\/unnadeluxe.fi\/#organization\"},\"potentialAction\":[{\"@type\":\"SearchAction\",\"target\":{\"@type\":\"EntryPoint\",\"urlTemplate\":\"https:\/\/unnadeluxe.fi\/?s={search_term_string}\"},\"query-input\":{\"@type\":\"PropertyValueSpecification\",\"valueRequired\":true,\"valueName\":\"search_term_string\"}}],\"inLanguage\":\"fi\"},{\"@type\":\"Organization\",\"@id\":\"https:\/\/unnadeluxe.fi\/#organization\",\"name\":\"Unnadeluxe\",\"url\":\"https:\/\/unnadeluxe.fi\/\",\"logo\":{\"@type\":\"ImageObject\",\"inLanguage\":\"fi\",\"@id\":\"https:\/\/unnadeluxe.fi\/#\/schema\/logo\/image\/\",\"url\":\"https:\/\/unnadeluxe.fi\/wp-content\/uploads\/2022\/09\/Unna-logo-lingerie-black-and-gold.png\",\"contentUrl\":\"https:\/\/unnadeluxe.fi\/wp-content\/uploads\/2022\/09\/Unna-logo-lingerie-black-and-gold.png\",\"width\":3150,\"height\":3937,\"caption\":\"Unnadeluxe\"},\"image\":{\"@id\":\"https:\/\/unnadeluxe.fi\/#\/schema\/logo\/image\/\"},\"sameAs\":[\"https:\/\/www.facebook.com\/UnnaDeluxe\"]}]}<\/script>\n<!-- \/ Yoast SEO plugin. -->","yoast_head_json":{"title":"Lingadore Daily Bygel Bh Svart\/Beige - Unnadeluxe","robots":{"index":"index","follow":"follow","max-snippet":"max-snippet:-1","max-image-preview":"max-image-preview:large","max-video-preview":"max-video-preview:-1"},"canonical":"https:\/\/unnadeluxe.fi\/fi\/tuote\/lingadore-daily-bygel-bh-svart-beige\/","og_locale":"fi_FI","og_type":"article","og_title":"Lingadore Daily Bygel Bh Svart\/Beige - Unnadeluxe","og_description":"Lingadore Daily Wire bra-plus size \u00e4r en riktigt omtyckt ovadderad bygelbh fr\u00e5n Lingadores baskollektion. Denna bh med helkupa passar utm\u00e4rkt \u00e4ven f\u00f6r tunga och st\u00f6rre br\u00f6st. Bra passform, breda axelband och supersk\u00f6n bh f\u00f6r den som vill ha en bra bh till ett f\u00f6rm\u00e5nligare pris. Denna ovadderade bygelbh str\u00e4cker sig till G-kupa. Sl\u00e4t s\u00e5 passar utm\u00e4rkt under en t-shirt","og_url":"https:\/\/unnadeluxe.fi\/fi\/tuote\/lingadore-daily-bygel-bh-svart-beige\/","og_site_name":"Unnadeluxe","article_publisher":"https:\/\/www.facebook.com\/UnnaDeluxe","article_modified_time":"2025-11-08T06:11:17+00:00","og_image":[{"width":800,"height":1155,"url":"https:\/\/unnadeluxe.fi\/wp-content\/uploads\/2025\/10\/linga1.jpg","type":"image\/jpeg"}],"twitter_card":"summary_large_image","twitter_misc":{"Arvioitu lukuaika":"1 minuutti"},"schema":{"@context":"https:\/\/schema.org","@graph":[{"@type":"WebPage","@id":"https:\/\/unnadeluxe.fi\/produkt\/lingadore-daily-bygel-bh-svart-beige\/","url":"https:\/\/unnadeluxe.fi\/produkt\/lingadore-daily-bygel-bh-svart-beige\/","name":"Lingadore Daily Bygel Bh Svart\/Beige - Unnadeluxe","isPartOf":{"@id":"https:\/\/unnadeluxe.fi\/#website"},"primaryImageOfPage":{"@id":"https:\/\/unnadeluxe.fi\/produkt\/lingadore-daily-bygel-bh-svart-beige\/#primaryimage"},"image":{"@id":"https:\/\/unnadeluxe.fi\/produkt\/lingadore-daily-bygel-bh-svart-beige\/#primaryimage"},"thumbnailUrl":"https:\/\/unnadeluxe.fi\/wp-content\/uploads\/2025\/10\/linga1.jpg","datePublished":"2025-10-27T17:03:26+00:00","dateModified":"2025-11-08T06:11:17+00:00","breadcrumb":{"@id":"https:\/\/unnadeluxe.fi\/produkt\/lingadore-daily-bygel-bh-svart-beige\/#breadcrumb"},"inLanguage":"fi","potentialAction":[{"@type":"ReadAction","target":["https:\/\/unnadeluxe.fi\/produkt\/lingadore-daily-bygel-bh-svart-beige\/"]}]},{"@type":"ImageObject","inLanguage":"fi","@id":"https:\/\/unnadeluxe.fi\/produkt\/lingadore-daily-bygel-bh-svart-beige\/#primaryimage","url":"https:\/\/unnadeluxe.fi\/wp-content\/uploads\/2025\/10\/linga1.jpg","contentUrl":"https:\/\/unnadeluxe.fi\/wp-content\/uploads\/2025\/10\/linga1.jpg","width":800,"height":1155},{"@type":"BreadcrumbList","@id":"https:\/\/unnadeluxe.fi\/produkt\/lingadore-daily-bygel-bh-svart-beige\/#breadcrumb","itemListElement":[{"@type":"ListItem","position":1,"name":"Hem","item":"https:\/\/unnadeluxe.fi\/"},{"@type":"ListItem","position":2,"name":"Shop","item":"https:\/\/unnadeluxe.fi\/shop\/"},{"@type":"ListItem","position":3,"name":"Lingadore Daily Bygel Bh Svart\/Beige"}]},{"@type":"WebSite","@id":"https:\/\/unnadeluxe.fi\/#website","url":"https:\/\/unnadeluxe.fi\/","name":"Unnadeluxe","description":"UnnaDeluxe","publisher":{"@id":"https:\/\/unnadeluxe.fi\/#organization"},"potentialAction":[{"@type":"SearchAction","target":{"@type":"EntryPoint","urlTemplate":"https:\/\/unnadeluxe.fi\/?s={search_term_string}"},"query-input":{"@type":"PropertyValueSpecification","valueRequired":true,"valueName":"search_term_string"}}],"inLanguage":"fi"},{"@type":"Organization","@id":"https:\/\/unnadeluxe.fi\/#organization","name":"Unnadeluxe","url":"https:\/\/unnadeluxe.fi\/","logo":{"@type":"ImageObject","inLanguage":"fi","@id":"https:\/\/unnadeluxe.fi\/#\/schema\/logo\/image\/","url":"https:\/\/unnadeluxe.fi\/wp-content\/uploads\/2022\/09\/Unna-logo-lingerie-black-and-gold.png","contentUrl":"https:\/\/unnadeluxe.fi\/wp-content\/uploads\/2022\/09\/Unna-logo-lingerie-black-and-gold.png","width":3150,"height":3937,"caption":"Unnadeluxe"},"image":{"@id":"https:\/\/unnadeluxe.fi\/#\/schema\/logo\/image\/"},"sameAs":["https:\/\/www.facebook.com\/UnnaDeluxe"]}]}},"_links":{"self":[{"href":"https:\/\/unnadeluxe.fi\/fi\/wp-json\/wp\/v2\/product\/7042","targetHints":{"allow":["GET"]}}],"collection":[{"href":"https:\/\/unnadeluxe.fi\/fi\/wp-json\/wp\/v2\/product"}],"about":[{"href":"https:\/\/unnadeluxe.fi\/fi\/wp-json\/wp\/v2\/types\/product"}],"wp:featuredmedia":[{"embeddable":true,"href":"https:\/\/unnadeluxe.fi\/fi\/wp-json\/wp\/v2\/media\/7082"}],"wp:attachment":[{"href":"https:\/\/unnadeluxe.fi\/fi\/wp-json\/wp\/v2\/media?parent=7042"}],"wp:term":[{"taxonomy":"product_brand","embeddable":true,"href":"https:\/\/unnadeluxe.fi\/fi\/wp-json\/wp\/v2\/product_brand?post=7042"},{"taxonomy":"product_cat","embeddable":true,"href":"https:\/\/unnadeluxe.fi\/fi\/wp-json\/wp\/v2\/product_cat?post=7042"},{"taxonomy":"product_tag","embeddable":true,"href":"https:\/\/unnadeluxe.fi\/fi\/wp-json\/wp\/v2\/product_tag?post=7042"}],"curies":[{"name":"wp","href":"https:\/\/api.w.org\/{rel}","templated":true}]}}