{"id":7036,"date":"2025-10-27T15:23:56","date_gmt":"2025-10-27T15:23:56","guid":{"rendered":"https:\/\/unnadeluxe.fi\/?post_type=product&#038;p=7036"},"modified":"2025-10-27T16:44:48","modified_gmt":"2025-10-27T16:44:48","slug":"swanni-ryggtvattare","status":"publish","type":"product","link":"https:\/\/unnadeluxe.fi\/fi\/tuote\/swanni-ryggtvattare\/","title":{"rendered":"Swanni Ryggtv\u00e4ttare"},"content":{"rendered":"<p>Swanni ryggtv\u00e4ttare i grovt linnetyg \u2013 f\u00f6r reng\u00f6ring och peeling<br \/>\nF\u00e5 huden riktigt ren med denna h\u00e4rligt grova ryggtv\u00e4ttare i linnev\u00e5ffeltyg.<br \/>\nDen reng\u00f6r milt och l\u00e4mnar huden mjuk, fr\u00e4sch och str\u00e5lande ren.<br \/>\nRyggtv\u00e4ttaren har gener\u00f6s l\u00e4ngd och stora, bekv\u00e4ma handtag som g\u00f6r den enkel att anv\u00e4nda.<\/p>","protected":false},"excerpt":{"rendered":"<p>100 % linnev\u00e5ffla<br \/>\nF\u00f6rv\u00e4ttad, grov struktur<br \/>\nTyget \u00e4r tillverkat i Europa och har \u00d6ko-Tex\u00ae Standard 100-certifikat<\/p>\n<p>Maskintv\u00e4tt 40 \u00b0C (kan tv\u00e4ttas vid behov i 60\u201390 \u00b0C)<br \/>\nForma till medan den \u00e4r fuktig<br \/>\nAnv\u00e4nd g\u00e4rna tv\u00e4tt\u00e4ttika som sk\u00f6ljmedel<br \/>\nTorktumlas p\u00e5 l\u00e5g v\u00e4rme<br \/>\nKan strykas vid behov (medel till h\u00f6g v\u00e4rme, 2\u20133 prickar)<br \/>\nTyget \u00e4r f\u00f6rv\u00e4ttat \u2013 produkten \u00e4r klar att anv\u00e4ndas direkt.<br \/>\nStorlek: 102 x 14 cm<\/p>","protected":false},"featured_media":7038,"template":"","meta":[],"product_brand":[106],"product_cat":[25,105],"product_tag":[],"class_list":{"0":"post-7036","1":"product","2":"type-product","3":"status-publish","4":"has-post-thumbnail","6":"product_brand-swanni","7":"product_cat-presenter","8":"product_cat-swanni","10":"first","11":"instock","12":"taxable","13":"shipping-taxable","14":"purchasable","15":"product-type-simple"},"yoast_head":"<!-- This site is optimized with the Yoast SEO plugin v27.1.1 - https:\/\/yoast.com\/product\/yoast-seo-wordpress\/ -->\n<title>Swanni Ryggtv\u00e4ttare - Unnadeluxe<\/title>\n<meta name=\"robots\" content=\"index, follow, max-snippet:-1, max-image-preview:large, max-video-preview:-1\" \/>\n<link rel=\"canonical\" href=\"https:\/\/unnadeluxe.fi\/fi\/tuote\/swanni-ryggtvattare\/\" \/>\n<meta property=\"og:locale\" content=\"fi_FI\" \/>\n<meta property=\"og:type\" content=\"article\" \/>\n<meta property=\"og:title\" content=\"Swanni Ryggtv\u00e4ttare - Unnadeluxe\" \/>\n<meta property=\"og:description\" content=\"100 % linnev\u00e5ffla F\u00f6rv\u00e4ttad, grov struktur Tyget \u00e4r tillverkat i Europa och har \u00d6ko-Tex\u00ae Standard 100-certifikat  Maskintv\u00e4tt 40 \u00b0C (kan tv\u00e4ttas vid behov i 60\u201390 \u00b0C) Forma till medan den \u00e4r fuktig Anv\u00e4nd g\u00e4rna tv\u00e4tt\u00e4ttika som sk\u00f6ljmedel Torktumlas p\u00e5 l\u00e5g v\u00e4rme Kan strykas vid behov (medel till h\u00f6g v\u00e4rme, 2\u20133 prickar) Tyget \u00e4r f\u00f6rv\u00e4ttat \u2013 produkten \u00e4r klar att anv\u00e4ndas direkt. Storlek: 102 x 14 cm\" \/>\n<meta property=\"og:url\" content=\"https:\/\/unnadeluxe.fi\/fi\/tuote\/swanni-ryggtvattare\/\" \/>\n<meta property=\"og:site_name\" content=\"Unnadeluxe\" \/>\n<meta property=\"article:publisher\" content=\"https:\/\/www.facebook.com\/UnnaDeluxe\" \/>\n<meta property=\"article:modified_time\" content=\"2025-10-27T16:44:48+00:00\" \/>\n<meta property=\"og:image\" content=\"https:\/\/unnadeluxe.fi\/wp-content\/uploads\/2025\/10\/Selanpesin2.jpg\" \/>\n\t<meta property=\"og:image:width\" content=\"600\" \/>\n\t<meta property=\"og:image:height\" content=\"800\" \/>\n\t<meta property=\"og:image:type\" content=\"image\/jpeg\" \/>\n<meta name=\"twitter:card\" content=\"summary_large_image\" \/>\n<meta name=\"twitter:label1\" content=\"Arvioitu lukuaika\" \/>\n\t<meta name=\"twitter:data1\" content=\"1 minuutti\" \/>\n<script type=\"application\/ld+json\" class=\"yoast-schema-graph\">{\"@context\":\"https:\/\/schema.org\",\"@graph\":[{\"@type\":\"WebPage\",\"@id\":\"https:\/\/unnadeluxe.fi\/produkt\/swanni-ryggtvattare\/\",\"url\":\"https:\/\/unnadeluxe.fi\/produkt\/swanni-ryggtvattare\/\",\"name\":\"Swanni Ryggtv\u00e4ttare - Unnadeluxe\",\"isPartOf\":{\"@id\":\"https:\/\/unnadeluxe.fi\/#website\"},\"primaryImageOfPage\":{\"@id\":\"https:\/\/unnadeluxe.fi\/produkt\/swanni-ryggtvattare\/#primaryimage\"},\"image\":{\"@id\":\"https:\/\/unnadeluxe.fi\/produkt\/swanni-ryggtvattare\/#primaryimage\"},\"thumbnailUrl\":\"https:\/\/unnadeluxe.fi\/wp-content\/uploads\/2025\/10\/Selanpesin2.jpg\",\"datePublished\":\"2025-10-27T15:23:56+00:00\",\"dateModified\":\"2025-10-27T16:44:48+00:00\",\"breadcrumb\":{\"@id\":\"https:\/\/unnadeluxe.fi\/produkt\/swanni-ryggtvattare\/#breadcrumb\"},\"inLanguage\":\"fi\",\"potentialAction\":[{\"@type\":\"ReadAction\",\"target\":[\"https:\/\/unnadeluxe.fi\/produkt\/swanni-ryggtvattare\/\"]}]},{\"@type\":\"ImageObject\",\"inLanguage\":\"fi\",\"@id\":\"https:\/\/unnadeluxe.fi\/produkt\/swanni-ryggtvattare\/#primaryimage\",\"url\":\"https:\/\/unnadeluxe.fi\/wp-content\/uploads\/2025\/10\/Selanpesin2.jpg\",\"contentUrl\":\"https:\/\/unnadeluxe.fi\/wp-content\/uploads\/2025\/10\/Selanpesin2.jpg\",\"width\":600,\"height\":800},{\"@type\":\"BreadcrumbList\",\"@id\":\"https:\/\/unnadeluxe.fi\/produkt\/swanni-ryggtvattare\/#breadcrumb\",\"itemListElement\":[{\"@type\":\"ListItem\",\"position\":1,\"name\":\"Hem\",\"item\":\"https:\/\/unnadeluxe.fi\/\"},{\"@type\":\"ListItem\",\"position\":2,\"name\":\"Shop\",\"item\":\"https:\/\/unnadeluxe.fi\/shop\/\"},{\"@type\":\"ListItem\",\"position\":3,\"name\":\"Swanni Ryggtv\u00e4ttare\"}]},{\"@type\":\"WebSite\",\"@id\":\"https:\/\/unnadeluxe.fi\/#website\",\"url\":\"https:\/\/unnadeluxe.fi\/\",\"name\":\"Unnadeluxe\",\"description\":\"UnnaDeluxe\",\"publisher\":{\"@id\":\"https:\/\/unnadeluxe.fi\/#organization\"},\"potentialAction\":[{\"@type\":\"SearchAction\",\"target\":{\"@type\":\"EntryPoint\",\"urlTemplate\":\"https:\/\/unnadeluxe.fi\/?s={search_term_string}\"},\"query-input\":{\"@type\":\"PropertyValueSpecification\",\"valueRequired\":true,\"valueName\":\"search_term_string\"}}],\"inLanguage\":\"fi\"},{\"@type\":\"Organization\",\"@id\":\"https:\/\/unnadeluxe.fi\/#organization\",\"name\":\"Unnadeluxe\",\"url\":\"https:\/\/unnadeluxe.fi\/\",\"logo\":{\"@type\":\"ImageObject\",\"inLanguage\":\"fi\",\"@id\":\"https:\/\/unnadeluxe.fi\/#\/schema\/logo\/image\/\",\"url\":\"https:\/\/unnadeluxe.fi\/wp-content\/uploads\/2022\/09\/Unna-logo-lingerie-black-and-gold.png\",\"contentUrl\":\"https:\/\/unnadeluxe.fi\/wp-content\/uploads\/2022\/09\/Unna-logo-lingerie-black-and-gold.png\",\"width\":3150,\"height\":3937,\"caption\":\"Unnadeluxe\"},\"image\":{\"@id\":\"https:\/\/unnadeluxe.fi\/#\/schema\/logo\/image\/\"},\"sameAs\":[\"https:\/\/www.facebook.com\/UnnaDeluxe\"]}]}<\/script>\n<!-- \/ Yoast SEO plugin. -->","yoast_head_json":{"title":"Swanni Ryggtv\u00e4ttare - Unnadeluxe","robots":{"index":"index","follow":"follow","max-snippet":"max-snippet:-1","max-image-preview":"max-image-preview:large","max-video-preview":"max-video-preview:-1"},"canonical":"https:\/\/unnadeluxe.fi\/fi\/tuote\/swanni-ryggtvattare\/","og_locale":"fi_FI","og_type":"article","og_title":"Swanni Ryggtv\u00e4ttare - Unnadeluxe","og_description":"100 % linnev\u00e5ffla F\u00f6rv\u00e4ttad, grov struktur Tyget \u00e4r tillverkat i Europa och har \u00d6ko-Tex\u00ae Standard 100-certifikat  Maskintv\u00e4tt 40 \u00b0C (kan tv\u00e4ttas vid behov i 60\u201390 \u00b0C) Forma till medan den \u00e4r fuktig Anv\u00e4nd g\u00e4rna tv\u00e4tt\u00e4ttika som sk\u00f6ljmedel Torktumlas p\u00e5 l\u00e5g v\u00e4rme Kan strykas vid behov (medel till h\u00f6g v\u00e4rme, 2\u20133 prickar) Tyget \u00e4r f\u00f6rv\u00e4ttat \u2013 produkten \u00e4r klar att anv\u00e4ndas direkt. Storlek: 102 x 14 cm","og_url":"https:\/\/unnadeluxe.fi\/fi\/tuote\/swanni-ryggtvattare\/","og_site_name":"Unnadeluxe","article_publisher":"https:\/\/www.facebook.com\/UnnaDeluxe","article_modified_time":"2025-10-27T16:44:48+00:00","og_image":[{"width":600,"height":800,"url":"https:\/\/unnadeluxe.fi\/wp-content\/uploads\/2025\/10\/Selanpesin2.jpg","type":"image\/jpeg"}],"twitter_card":"summary_large_image","twitter_misc":{"Arvioitu lukuaika":"1 minuutti"},"schema":{"@context":"https:\/\/schema.org","@graph":[{"@type":"WebPage","@id":"https:\/\/unnadeluxe.fi\/produkt\/swanni-ryggtvattare\/","url":"https:\/\/unnadeluxe.fi\/produkt\/swanni-ryggtvattare\/","name":"Swanni Ryggtv\u00e4ttare - Unnadeluxe","isPartOf":{"@id":"https:\/\/unnadeluxe.fi\/#website"},"primaryImageOfPage":{"@id":"https:\/\/unnadeluxe.fi\/produkt\/swanni-ryggtvattare\/#primaryimage"},"image":{"@id":"https:\/\/unnadeluxe.fi\/produkt\/swanni-ryggtvattare\/#primaryimage"},"thumbnailUrl":"https:\/\/unnadeluxe.fi\/wp-content\/uploads\/2025\/10\/Selanpesin2.jpg","datePublished":"2025-10-27T15:23:56+00:00","dateModified":"2025-10-27T16:44:48+00:00","breadcrumb":{"@id":"https:\/\/unnadeluxe.fi\/produkt\/swanni-ryggtvattare\/#breadcrumb"},"inLanguage":"fi","potentialAction":[{"@type":"ReadAction","target":["https:\/\/unnadeluxe.fi\/produkt\/swanni-ryggtvattare\/"]}]},{"@type":"ImageObject","inLanguage":"fi","@id":"https:\/\/unnadeluxe.fi\/produkt\/swanni-ryggtvattare\/#primaryimage","url":"https:\/\/unnadeluxe.fi\/wp-content\/uploads\/2025\/10\/Selanpesin2.jpg","contentUrl":"https:\/\/unnadeluxe.fi\/wp-content\/uploads\/2025\/10\/Selanpesin2.jpg","width":600,"height":800},{"@type":"BreadcrumbList","@id":"https:\/\/unnadeluxe.fi\/produkt\/swanni-ryggtvattare\/#breadcrumb","itemListElement":[{"@type":"ListItem","position":1,"name":"Hem","item":"https:\/\/unnadeluxe.fi\/"},{"@type":"ListItem","position":2,"name":"Shop","item":"https:\/\/unnadeluxe.fi\/shop\/"},{"@type":"ListItem","position":3,"name":"Swanni Ryggtv\u00e4ttare"}]},{"@type":"WebSite","@id":"https:\/\/unnadeluxe.fi\/#website","url":"https:\/\/unnadeluxe.fi\/","name":"Unnadeluxe","description":"UnnaDeluxe","publisher":{"@id":"https:\/\/unnadeluxe.fi\/#organization"},"potentialAction":[{"@type":"SearchAction","target":{"@type":"EntryPoint","urlTemplate":"https:\/\/unnadeluxe.fi\/?s={search_term_string}"},"query-input":{"@type":"PropertyValueSpecification","valueRequired":true,"valueName":"search_term_string"}}],"inLanguage":"fi"},{"@type":"Organization","@id":"https:\/\/unnadeluxe.fi\/#organization","name":"Unnadeluxe","url":"https:\/\/unnadeluxe.fi\/","logo":{"@type":"ImageObject","inLanguage":"fi","@id":"https:\/\/unnadeluxe.fi\/#\/schema\/logo\/image\/","url":"https:\/\/unnadeluxe.fi\/wp-content\/uploads\/2022\/09\/Unna-logo-lingerie-black-and-gold.png","contentUrl":"https:\/\/unnadeluxe.fi\/wp-content\/uploads\/2022\/09\/Unna-logo-lingerie-black-and-gold.png","width":3150,"height":3937,"caption":"Unnadeluxe"},"image":{"@id":"https:\/\/unnadeluxe.fi\/#\/schema\/logo\/image\/"},"sameAs":["https:\/\/www.facebook.com\/UnnaDeluxe"]}]}},"_links":{"self":[{"href":"https:\/\/unnadeluxe.fi\/fi\/wp-json\/wp\/v2\/product\/7036","targetHints":{"allow":["GET"]}}],"collection":[{"href":"https:\/\/unnadeluxe.fi\/fi\/wp-json\/wp\/v2\/product"}],"about":[{"href":"https:\/\/unnadeluxe.fi\/fi\/wp-json\/wp\/v2\/types\/product"}],"wp:featuredmedia":[{"embeddable":true,"href":"https:\/\/unnadeluxe.fi\/fi\/wp-json\/wp\/v2\/media\/7038"}],"wp:attachment":[{"href":"https:\/\/unnadeluxe.fi\/fi\/wp-json\/wp\/v2\/media?parent=7036"}],"wp:term":[{"taxonomy":"product_brand","embeddable":true,"href":"https:\/\/unnadeluxe.fi\/fi\/wp-json\/wp\/v2\/product_brand?post=7036"},{"taxonomy":"product_cat","embeddable":true,"href":"https:\/\/unnadeluxe.fi\/fi\/wp-json\/wp\/v2\/product_cat?post=7036"},{"taxonomy":"product_tag","embeddable":true,"href":"https:\/\/unnadeluxe.fi\/fi\/wp-json\/wp\/v2\/product_tag?post=7036"}],"curies":[{"name":"wp","href":"https:\/\/api.w.org\/{rel}","templated":true}]}}