{"id":7032,"date":"2025-10-27T14:45:56","date_gmt":"2025-10-27T14:45:56","guid":{"rendered":"https:\/\/unnadeluxe.fi\/?post_type=product&#038;p=7032"},"modified":"2025-10-27T16:58:10","modified_gmt":"2025-10-27T16:58:10","slug":"swanni-tvatthandske-stor","status":"publish","type":"product","link":"https:\/\/unnadeluxe.fi\/fi\/tuote\/swanni-tvatthandske-stor\/","title":{"rendered":"Swanni Tv\u00e4tthandske Stor"},"content":{"rendered":"<p>Swanni grov tv\u00e4tthandske i linne \u2013 f\u00f6r reng\u00f6ring och peeling<\/p>\n<p>100 % linnev\u00e5ffla<br \/>\nF\u00f6rv\u00e4ttad, grov struktur<br \/>\nUpph\u00e4ngnings\u00f6gla i linne<br \/>\nTyget \u00e4r tillverkat i Europa och har \u00d6ko-Tex\u00ae Standard 100-certifikat<\/p>\n<p>Maskintv\u00e4tt 40 \u00b0C <\/p>\n<p>Stor: ca 24 \u00d7 13 cm<br \/>\nLiten: ca 22 \u00d7 11 cm<\/p>","protected":false},"excerpt":{"rendered":"<p>Grov tv\u00e4tthandske i linne \u2013 f\u00f6r reng\u00f6ring och peeling<br \/>\nF\u00e5 huden riktigt ren med denna h\u00e4rligt grova tv\u00e4tthandske i linnev\u00e5ffeltyg.<br \/>\nDen reng\u00f6r milt och l\u00e4mnar huden mjuk, fr\u00e4sch och str\u00e5lande ren.<br \/>\nHandskens smarta design med \u00f6ppningar f\u00f6r fingrarna p\u00e5 b\u00e5da sidor g\u00f6r att den sitter stadigt i handen och inte glider runt under anv\u00e4ndning.<br \/>\nMaterial:<br \/>\n100 % linnev\u00e5ffla<br \/>\nF\u00f6rv\u00e4ttad, grov struktur<br \/>\nUpph\u00e4ngnings\u00f6gla i linne<br \/>\nTyget \u00e4r tillverkat i Europa och har \u00d6ko-Tex\u00ae Standard 100-certifikat<\/p>\n<p>Maskintv\u00e4tt 40 \u00b0C (kan tv\u00e4ttas vid behov i 60\u201390 \u00b0C)<br \/>\nForma till medan den \u00e4r fuktig<br \/>\nAnv\u00e4nd g\u00e4rna tv\u00e4tt\u00e4ttika som sk\u00f6ljmedel<br \/>\nTorktumlas p\u00e5 l\u00e5g v\u00e4rme<br \/>\nKan strykas vid behov (medel till h\u00f6g v\u00e4rme, 2\u20133 prickar)<br \/>\nTyget \u00e4r f\u00f6rv\u00e4ttat \u2013 produkten \u00e4r klar att anv\u00e4ndas direkt.<\/p>","protected":false},"featured_media":7033,"template":"","meta":[],"product_brand":[106],"product_cat":[25,105],"product_tag":[],"class_list":{"0":"post-7032","1":"product","2":"type-product","3":"status-publish","4":"has-post-thumbnail","6":"product_brand-swanni","7":"product_cat-presenter","8":"product_cat-swanni","10":"first","11":"instock","12":"taxable","13":"shipping-taxable","14":"purchasable","15":"product-type-simple"},"yoast_head":"<!-- This site is optimized with the Yoast SEO plugin v27.1.1 - https:\/\/yoast.com\/product\/yoast-seo-wordpress\/ -->\n<title>Swanni Tv\u00e4tthandske Stor - Unnadeluxe<\/title>\n<meta name=\"robots\" content=\"index, follow, max-snippet:-1, max-image-preview:large, max-video-preview:-1\" \/>\n<link rel=\"canonical\" href=\"https:\/\/unnadeluxe.fi\/fi\/tuote\/swanni-tvatthandske-stor\/\" \/>\n<meta property=\"og:locale\" content=\"fi_FI\" \/>\n<meta property=\"og:type\" content=\"article\" \/>\n<meta property=\"og:title\" content=\"Swanni Tv\u00e4tthandske Stor - Unnadeluxe\" \/>\n<meta property=\"og:description\" content=\"Grov tv\u00e4tthandske i linne \u2013 f\u00f6r reng\u00f6ring och peeling F\u00e5 huden riktigt ren med denna h\u00e4rligt grova tv\u00e4tthandske i linnev\u00e5ffeltyg. Den reng\u00f6r milt och l\u00e4mnar huden mjuk, fr\u00e4sch och str\u00e5lande ren. Handskens smarta design med \u00f6ppningar f\u00f6r fingrarna p\u00e5 b\u00e5da sidor g\u00f6r att den sitter stadigt i handen och inte glider runt under anv\u00e4ndning. Material: 100 % linnev\u00e5ffla F\u00f6rv\u00e4ttad, grov struktur  Upph\u00e4ngnings\u00f6gla i linne Tyget \u00e4r tillverkat i Europa och har \u00d6ko-Tex\u00ae Standard 100-certifikat  Maskintv\u00e4tt 40 \u00b0C (kan tv\u00e4ttas vid behov i 60\u201390 \u00b0C) Forma till medan den \u00e4r fuktig Anv\u00e4nd g\u00e4rna tv\u00e4tt\u00e4ttika som sk\u00f6ljmedel Torktumlas p\u00e5 l\u00e5g v\u00e4rme Kan strykas vid behov (medel till h\u00f6g v\u00e4rme, 2\u20133 prickar) Tyget \u00e4r f\u00f6rv\u00e4ttat \u2013 produkten \u00e4r klar att anv\u00e4ndas direkt.\" \/>\n<meta property=\"og:url\" content=\"https:\/\/unnadeluxe.fi\/fi\/tuote\/swanni-tvatthandske-stor\/\" \/>\n<meta property=\"og:site_name\" content=\"Unnadeluxe\" \/>\n<meta property=\"article:publisher\" content=\"https:\/\/www.facebook.com\/UnnaDeluxe\" \/>\n<meta property=\"article:modified_time\" content=\"2025-10-27T16:58:10+00:00\" \/>\n<meta property=\"og:image\" content=\"https:\/\/unnadeluxe.fi\/wp-content\/uploads\/2025\/10\/Pesukinnas-pellavavohveli.jpg\" \/>\n\t<meta property=\"og:image:width\" content=\"600\" \/>\n\t<meta property=\"og:image:height\" content=\"800\" \/>\n\t<meta property=\"og:image:type\" content=\"image\/jpeg\" \/>\n<meta name=\"twitter:card\" content=\"summary_large_image\" \/>\n<meta name=\"twitter:label1\" content=\"Arvioitu lukuaika\" \/>\n\t<meta name=\"twitter:data1\" content=\"1 minuutti\" \/>\n<script type=\"application\/ld+json\" class=\"yoast-schema-graph\">{\"@context\":\"https:\/\/schema.org\",\"@graph\":[{\"@type\":\"WebPage\",\"@id\":\"https:\/\/unnadeluxe.fi\/produkt\/swanni-tvatthandske-stor\/\",\"url\":\"https:\/\/unnadeluxe.fi\/produkt\/swanni-tvatthandske-stor\/\",\"name\":\"Swanni Tv\u00e4tthandske Stor - Unnadeluxe\",\"isPartOf\":{\"@id\":\"https:\/\/unnadeluxe.fi\/#website\"},\"primaryImageOfPage\":{\"@id\":\"https:\/\/unnadeluxe.fi\/produkt\/swanni-tvatthandske-stor\/#primaryimage\"},\"image\":{\"@id\":\"https:\/\/unnadeluxe.fi\/produkt\/swanni-tvatthandske-stor\/#primaryimage\"},\"thumbnailUrl\":\"https:\/\/unnadeluxe.fi\/wp-content\/uploads\/2025\/10\/Pesukinnas-pellavavohveli.jpg\",\"datePublished\":\"2025-10-27T14:45:56+00:00\",\"dateModified\":\"2025-10-27T16:58:10+00:00\",\"breadcrumb\":{\"@id\":\"https:\/\/unnadeluxe.fi\/produkt\/swanni-tvatthandske-stor\/#breadcrumb\"},\"inLanguage\":\"fi\",\"potentialAction\":[{\"@type\":\"ReadAction\",\"target\":[\"https:\/\/unnadeluxe.fi\/produkt\/swanni-tvatthandske-stor\/\"]}]},{\"@type\":\"ImageObject\",\"inLanguage\":\"fi\",\"@id\":\"https:\/\/unnadeluxe.fi\/produkt\/swanni-tvatthandske-stor\/#primaryimage\",\"url\":\"https:\/\/unnadeluxe.fi\/wp-content\/uploads\/2025\/10\/Pesukinnas-pellavavohveli.jpg\",\"contentUrl\":\"https:\/\/unnadeluxe.fi\/wp-content\/uploads\/2025\/10\/Pesukinnas-pellavavohveli.jpg\",\"width\":600,\"height\":800},{\"@type\":\"BreadcrumbList\",\"@id\":\"https:\/\/unnadeluxe.fi\/produkt\/swanni-tvatthandske-stor\/#breadcrumb\",\"itemListElement\":[{\"@type\":\"ListItem\",\"position\":1,\"name\":\"Hem\",\"item\":\"https:\/\/unnadeluxe.fi\/\"},{\"@type\":\"ListItem\",\"position\":2,\"name\":\"Shop\",\"item\":\"https:\/\/unnadeluxe.fi\/shop\/\"},{\"@type\":\"ListItem\",\"position\":3,\"name\":\"Swanni Tv\u00e4tthandske Stor\"}]},{\"@type\":\"WebSite\",\"@id\":\"https:\/\/unnadeluxe.fi\/#website\",\"url\":\"https:\/\/unnadeluxe.fi\/\",\"name\":\"Unnadeluxe\",\"description\":\"UnnaDeluxe\",\"publisher\":{\"@id\":\"https:\/\/unnadeluxe.fi\/#organization\"},\"potentialAction\":[{\"@type\":\"SearchAction\",\"target\":{\"@type\":\"EntryPoint\",\"urlTemplate\":\"https:\/\/unnadeluxe.fi\/?s={search_term_string}\"},\"query-input\":{\"@type\":\"PropertyValueSpecification\",\"valueRequired\":true,\"valueName\":\"search_term_string\"}}],\"inLanguage\":\"fi\"},{\"@type\":\"Organization\",\"@id\":\"https:\/\/unnadeluxe.fi\/#organization\",\"name\":\"Unnadeluxe\",\"url\":\"https:\/\/unnadeluxe.fi\/\",\"logo\":{\"@type\":\"ImageObject\",\"inLanguage\":\"fi\",\"@id\":\"https:\/\/unnadeluxe.fi\/#\/schema\/logo\/image\/\",\"url\":\"https:\/\/unnadeluxe.fi\/wp-content\/uploads\/2022\/09\/Unna-logo-lingerie-black-and-gold.png\",\"contentUrl\":\"https:\/\/unnadeluxe.fi\/wp-content\/uploads\/2022\/09\/Unna-logo-lingerie-black-and-gold.png\",\"width\":3150,\"height\":3937,\"caption\":\"Unnadeluxe\"},\"image\":{\"@id\":\"https:\/\/unnadeluxe.fi\/#\/schema\/logo\/image\/\"},\"sameAs\":[\"https:\/\/www.facebook.com\/UnnaDeluxe\"]}]}<\/script>\n<!-- \/ Yoast SEO plugin. -->","yoast_head_json":{"title":"Swanni Tv\u00e4tthandske Stor - Unnadeluxe","robots":{"index":"index","follow":"follow","max-snippet":"max-snippet:-1","max-image-preview":"max-image-preview:large","max-video-preview":"max-video-preview:-1"},"canonical":"https:\/\/unnadeluxe.fi\/fi\/tuote\/swanni-tvatthandske-stor\/","og_locale":"fi_FI","og_type":"article","og_title":"Swanni Tv\u00e4tthandske Stor - Unnadeluxe","og_description":"Grov tv\u00e4tthandske i linne \u2013 f\u00f6r reng\u00f6ring och peeling F\u00e5 huden riktigt ren med denna h\u00e4rligt grova tv\u00e4tthandske i linnev\u00e5ffeltyg. Den reng\u00f6r milt och l\u00e4mnar huden mjuk, fr\u00e4sch och str\u00e5lande ren. Handskens smarta design med \u00f6ppningar f\u00f6r fingrarna p\u00e5 b\u00e5da sidor g\u00f6r att den sitter stadigt i handen och inte glider runt under anv\u00e4ndning. Material: 100 % linnev\u00e5ffla F\u00f6rv\u00e4ttad, grov struktur  Upph\u00e4ngnings\u00f6gla i linne Tyget \u00e4r tillverkat i Europa och har \u00d6ko-Tex\u00ae Standard 100-certifikat  Maskintv\u00e4tt 40 \u00b0C (kan tv\u00e4ttas vid behov i 60\u201390 \u00b0C) Forma till medan den \u00e4r fuktig Anv\u00e4nd g\u00e4rna tv\u00e4tt\u00e4ttika som sk\u00f6ljmedel Torktumlas p\u00e5 l\u00e5g v\u00e4rme Kan strykas vid behov (medel till h\u00f6g v\u00e4rme, 2\u20133 prickar) Tyget \u00e4r f\u00f6rv\u00e4ttat \u2013 produkten \u00e4r klar att anv\u00e4ndas direkt.","og_url":"https:\/\/unnadeluxe.fi\/fi\/tuote\/swanni-tvatthandske-stor\/","og_site_name":"Unnadeluxe","article_publisher":"https:\/\/www.facebook.com\/UnnaDeluxe","article_modified_time":"2025-10-27T16:58:10+00:00","og_image":[{"width":600,"height":800,"url":"https:\/\/unnadeluxe.fi\/wp-content\/uploads\/2025\/10\/Pesukinnas-pellavavohveli.jpg","type":"image\/jpeg"}],"twitter_card":"summary_large_image","twitter_misc":{"Arvioitu lukuaika":"1 minuutti"},"schema":{"@context":"https:\/\/schema.org","@graph":[{"@type":"WebPage","@id":"https:\/\/unnadeluxe.fi\/produkt\/swanni-tvatthandske-stor\/","url":"https:\/\/unnadeluxe.fi\/produkt\/swanni-tvatthandske-stor\/","name":"Swanni Tv\u00e4tthandske Stor - Unnadeluxe","isPartOf":{"@id":"https:\/\/unnadeluxe.fi\/#website"},"primaryImageOfPage":{"@id":"https:\/\/unnadeluxe.fi\/produkt\/swanni-tvatthandske-stor\/#primaryimage"},"image":{"@id":"https:\/\/unnadeluxe.fi\/produkt\/swanni-tvatthandske-stor\/#primaryimage"},"thumbnailUrl":"https:\/\/unnadeluxe.fi\/wp-content\/uploads\/2025\/10\/Pesukinnas-pellavavohveli.jpg","datePublished":"2025-10-27T14:45:56+00:00","dateModified":"2025-10-27T16:58:10+00:00","breadcrumb":{"@id":"https:\/\/unnadeluxe.fi\/produkt\/swanni-tvatthandske-stor\/#breadcrumb"},"inLanguage":"fi","potentialAction":[{"@type":"ReadAction","target":["https:\/\/unnadeluxe.fi\/produkt\/swanni-tvatthandske-stor\/"]}]},{"@type":"ImageObject","inLanguage":"fi","@id":"https:\/\/unnadeluxe.fi\/produkt\/swanni-tvatthandske-stor\/#primaryimage","url":"https:\/\/unnadeluxe.fi\/wp-content\/uploads\/2025\/10\/Pesukinnas-pellavavohveli.jpg","contentUrl":"https:\/\/unnadeluxe.fi\/wp-content\/uploads\/2025\/10\/Pesukinnas-pellavavohveli.jpg","width":600,"height":800},{"@type":"BreadcrumbList","@id":"https:\/\/unnadeluxe.fi\/produkt\/swanni-tvatthandske-stor\/#breadcrumb","itemListElement":[{"@type":"ListItem","position":1,"name":"Hem","item":"https:\/\/unnadeluxe.fi\/"},{"@type":"ListItem","position":2,"name":"Shop","item":"https:\/\/unnadeluxe.fi\/shop\/"},{"@type":"ListItem","position":3,"name":"Swanni Tv\u00e4tthandske Stor"}]},{"@type":"WebSite","@id":"https:\/\/unnadeluxe.fi\/#website","url":"https:\/\/unnadeluxe.fi\/","name":"Unnadeluxe","description":"UnnaDeluxe","publisher":{"@id":"https:\/\/unnadeluxe.fi\/#organization"},"potentialAction":[{"@type":"SearchAction","target":{"@type":"EntryPoint","urlTemplate":"https:\/\/unnadeluxe.fi\/?s={search_term_string}"},"query-input":{"@type":"PropertyValueSpecification","valueRequired":true,"valueName":"search_term_string"}}],"inLanguage":"fi"},{"@type":"Organization","@id":"https:\/\/unnadeluxe.fi\/#organization","name":"Unnadeluxe","url":"https:\/\/unnadeluxe.fi\/","logo":{"@type":"ImageObject","inLanguage":"fi","@id":"https:\/\/unnadeluxe.fi\/#\/schema\/logo\/image\/","url":"https:\/\/unnadeluxe.fi\/wp-content\/uploads\/2022\/09\/Unna-logo-lingerie-black-and-gold.png","contentUrl":"https:\/\/unnadeluxe.fi\/wp-content\/uploads\/2022\/09\/Unna-logo-lingerie-black-and-gold.png","width":3150,"height":3937,"caption":"Unnadeluxe"},"image":{"@id":"https:\/\/unnadeluxe.fi\/#\/schema\/logo\/image\/"},"sameAs":["https:\/\/www.facebook.com\/UnnaDeluxe"]}]}},"_links":{"self":[{"href":"https:\/\/unnadeluxe.fi\/fi\/wp-json\/wp\/v2\/product\/7032","targetHints":{"allow":["GET"]}}],"collection":[{"href":"https:\/\/unnadeluxe.fi\/fi\/wp-json\/wp\/v2\/product"}],"about":[{"href":"https:\/\/unnadeluxe.fi\/fi\/wp-json\/wp\/v2\/types\/product"}],"wp:featuredmedia":[{"embeddable":true,"href":"https:\/\/unnadeluxe.fi\/fi\/wp-json\/wp\/v2\/media\/7033"}],"wp:attachment":[{"href":"https:\/\/unnadeluxe.fi\/fi\/wp-json\/wp\/v2\/media?parent=7032"}],"wp:term":[{"taxonomy":"product_brand","embeddable":true,"href":"https:\/\/unnadeluxe.fi\/fi\/wp-json\/wp\/v2\/product_brand?post=7032"},{"taxonomy":"product_cat","embeddable":true,"href":"https:\/\/unnadeluxe.fi\/fi\/wp-json\/wp\/v2\/product_cat?post=7032"},{"taxonomy":"product_tag","embeddable":true,"href":"https:\/\/unnadeluxe.fi\/fi\/wp-json\/wp\/v2\/product_tag?post=7032"}],"curies":[{"name":"wp","href":"https:\/\/api.w.org\/{rel}","templated":true}]}}