{"id":6630,"date":"2025-09-22T20:18:32","date_gmt":"2025-09-22T20:18:32","guid":{"rendered":"https:\/\/unnadeluxe.fi\/?post_type=product&#038;p=6630"},"modified":"2025-09-22T20:21:24","modified_gmt":"2025-09-22T20:21:24","slug":"unihorn-wild-spirit-vibrator","status":"publish","type":"product","link":"https:\/\/unnadeluxe.fi\/fi\/tuote\/unihorn-wild-spirit-vibrator\/","title":{"rendered":"Unihorn Wild Spirit vibrator"},"content":{"rendered":"<p>Unihorn Wild Spirit \u00e4r en Diskret lay-on vibrator.<br \/>\nStark motor i ett litet och s\u00f6tt format<br \/>\nVibrationer och rytmiska pulseringar<br \/>\n10 vibrationsl\u00e4gen + 10 pulsl\u00e4gen<br \/>\nUppladdningsbar<br \/>\nMaterial: Mjukt, silkeslent silikon<\/p>","protected":false},"excerpt":{"rendered":"<p>Unihorn Wild Spirit  ger dig mycket stimulans i ett s\u00f6tt format. Inte alls s\u00e5 oskyldig som den ser ut. Denna diskreta enh\u00f6rningsvibrator erbjuder 10 vibrationsl\u00e4gen och 10 pulseringsl\u00e4gen f\u00f6r att maximera din njutning.<br \/>\nDess vibrationer och masserande pulseringar i kombination med mjukt, silkeslent och kroppss\u00e4kert silikon ger en behaglig ber\u00f6ring. Anv\u00e4nds med glidmedel.<br \/>\nUnihorn Wild Spirit \u00e4r vattent\u00e5lig enligt IPX6 vilket g\u00f6r att du enkelt kan reng\u00f6ra och anv\u00e4nda den i duschen. Laddas med magnetisk USB-kabel<br \/>\nPerfekt stimulering f\u00f6r hela kroppen<\/p>","protected":false},"featured_media":6631,"template":"","meta":[],"product_brand":[],"product_cat":[70,71],"product_tag":[],"class_list":{"0":"post-6630","1":"product","2":"type-product","3":"status-publish","4":"has-post-thumbnail","6":"product_cat-lust-njutning","7":"product_cat-sexleksaker","9":"first","10":"instock","11":"taxable","12":"shipping-taxable","13":"purchasable","14":"product-type-simple"},"yoast_head":"<!-- This site is optimized with the Yoast SEO plugin v27.1.1 - https:\/\/yoast.com\/product\/yoast-seo-wordpress\/ -->\n<title>Unihorn Wild Spirit vibrator - Unnadeluxe<\/title>\n<meta name=\"robots\" content=\"index, follow, max-snippet:-1, max-image-preview:large, max-video-preview:-1\" \/>\n<link rel=\"canonical\" href=\"https:\/\/unnadeluxe.fi\/fi\/tuote\/unihorn-wild-spirit-vibrator\/\" \/>\n<meta property=\"og:locale\" content=\"fi_FI\" \/>\n<meta property=\"og:type\" content=\"article\" \/>\n<meta property=\"og:title\" content=\"Unihorn Wild Spirit vibrator - Unnadeluxe\" \/>\n<meta property=\"og:description\" content=\"Unihorn Wild Spirit ger dig mycket stimulans i ett s\u00f6tt format. Inte alls s\u00e5 oskyldig som den ser ut. Denna diskreta enh\u00f6rningsvibrator erbjuder 10 vibrationsl\u00e4gen och 10 pulseringsl\u00e4gen f\u00f6r att maximera din njutning.  Dess vibrationer och masserande pulseringar i kombination med mjukt, silkeslent och kroppss\u00e4kert silikon ger en behaglig ber\u00f6ring. Anv\u00e4nds med glidmedel. Unihorn Wild Spirit \u00e4r vattent\u00e5lig enligt IPX6 vilket g\u00f6r att du enkelt kan reng\u00f6ra och anv\u00e4nda den i duschen. Laddas med magnetisk USB-kabel Perfekt stimulering f\u00f6r hela kroppen\" \/>\n<meta property=\"og:url\" content=\"https:\/\/unnadeluxe.fi\/fi\/tuote\/unihorn-wild-spirit-vibrator\/\" \/>\n<meta property=\"og:site_name\" content=\"Unnadeluxe\" \/>\n<meta property=\"article:publisher\" content=\"https:\/\/www.facebook.com\/UnnaDeluxe\" \/>\n<meta property=\"article:modified_time\" content=\"2025-09-22T20:21:24+00:00\" \/>\n<meta property=\"og:image\" content=\"https:\/\/unnadeluxe.fi\/wp-content\/uploads\/2025\/09\/07013000000_verp.jpg\" \/>\n\t<meta property=\"og:image:width\" content=\"1000\" \/>\n\t<meta property=\"og:image:height\" content=\"995\" \/>\n\t<meta property=\"og:image:type\" content=\"image\/jpeg\" \/>\n<meta name=\"twitter:card\" content=\"summary_large_image\" \/>\n<meta name=\"twitter:label1\" content=\"Arvioitu lukuaika\" \/>\n\t<meta name=\"twitter:data1\" content=\"1 minuutti\" \/>\n<script type=\"application\/ld+json\" class=\"yoast-schema-graph\">{\"@context\":\"https:\/\/schema.org\",\"@graph\":[{\"@type\":\"WebPage\",\"@id\":\"https:\/\/unnadeluxe.fi\/produkt\/unihorn-wild-spirit-vibrator\/\",\"url\":\"https:\/\/unnadeluxe.fi\/produkt\/unihorn-wild-spirit-vibrator\/\",\"name\":\"Unihorn Wild Spirit vibrator - Unnadeluxe\",\"isPartOf\":{\"@id\":\"https:\/\/unnadeluxe.fi\/#website\"},\"primaryImageOfPage\":{\"@id\":\"https:\/\/unnadeluxe.fi\/produkt\/unihorn-wild-spirit-vibrator\/#primaryimage\"},\"image\":{\"@id\":\"https:\/\/unnadeluxe.fi\/produkt\/unihorn-wild-spirit-vibrator\/#primaryimage\"},\"thumbnailUrl\":\"https:\/\/unnadeluxe.fi\/wp-content\/uploads\/2025\/09\/07013000000_verp.jpg\",\"datePublished\":\"2025-09-22T20:18:32+00:00\",\"dateModified\":\"2025-09-22T20:21:24+00:00\",\"breadcrumb\":{\"@id\":\"https:\/\/unnadeluxe.fi\/produkt\/unihorn-wild-spirit-vibrator\/#breadcrumb\"},\"inLanguage\":\"fi\",\"potentialAction\":[{\"@type\":\"ReadAction\",\"target\":[\"https:\/\/unnadeluxe.fi\/produkt\/unihorn-wild-spirit-vibrator\/\"]}]},{\"@type\":\"ImageObject\",\"inLanguage\":\"fi\",\"@id\":\"https:\/\/unnadeluxe.fi\/produkt\/unihorn-wild-spirit-vibrator\/#primaryimage\",\"url\":\"https:\/\/unnadeluxe.fi\/wp-content\/uploads\/2025\/09\/07013000000_verp.jpg\",\"contentUrl\":\"https:\/\/unnadeluxe.fi\/wp-content\/uploads\/2025\/09\/07013000000_verp.jpg\",\"width\":1000,\"height\":995},{\"@type\":\"BreadcrumbList\",\"@id\":\"https:\/\/unnadeluxe.fi\/produkt\/unihorn-wild-spirit-vibrator\/#breadcrumb\",\"itemListElement\":[{\"@type\":\"ListItem\",\"position\":1,\"name\":\"Hem\",\"item\":\"https:\/\/unnadeluxe.fi\/\"},{\"@type\":\"ListItem\",\"position\":2,\"name\":\"Shop\",\"item\":\"https:\/\/unnadeluxe.fi\/shop\/\"},{\"@type\":\"ListItem\",\"position\":3,\"name\":\"Unihorn Wild Spirit vibrator\"}]},{\"@type\":\"WebSite\",\"@id\":\"https:\/\/unnadeluxe.fi\/#website\",\"url\":\"https:\/\/unnadeluxe.fi\/\",\"name\":\"Unnadeluxe\",\"description\":\"UnnaDeluxe\",\"publisher\":{\"@id\":\"https:\/\/unnadeluxe.fi\/#organization\"},\"potentialAction\":[{\"@type\":\"SearchAction\",\"target\":{\"@type\":\"EntryPoint\",\"urlTemplate\":\"https:\/\/unnadeluxe.fi\/?s={search_term_string}\"},\"query-input\":{\"@type\":\"PropertyValueSpecification\",\"valueRequired\":true,\"valueName\":\"search_term_string\"}}],\"inLanguage\":\"fi\"},{\"@type\":\"Organization\",\"@id\":\"https:\/\/unnadeluxe.fi\/#organization\",\"name\":\"Unnadeluxe\",\"url\":\"https:\/\/unnadeluxe.fi\/\",\"logo\":{\"@type\":\"ImageObject\",\"inLanguage\":\"fi\",\"@id\":\"https:\/\/unnadeluxe.fi\/#\/schema\/logo\/image\/\",\"url\":\"https:\/\/unnadeluxe.fi\/wp-content\/uploads\/2022\/09\/Unna-logo-lingerie-black-and-gold.png\",\"contentUrl\":\"https:\/\/unnadeluxe.fi\/wp-content\/uploads\/2022\/09\/Unna-logo-lingerie-black-and-gold.png\",\"width\":3150,\"height\":3937,\"caption\":\"Unnadeluxe\"},\"image\":{\"@id\":\"https:\/\/unnadeluxe.fi\/#\/schema\/logo\/image\/\"},\"sameAs\":[\"https:\/\/www.facebook.com\/UnnaDeluxe\"]}]}<\/script>\n<!-- \/ Yoast SEO plugin. -->","yoast_head_json":{"title":"Unihorn Wild Spirit vibrator - Unnadeluxe","robots":{"index":"index","follow":"follow","max-snippet":"max-snippet:-1","max-image-preview":"max-image-preview:large","max-video-preview":"max-video-preview:-1"},"canonical":"https:\/\/unnadeluxe.fi\/fi\/tuote\/unihorn-wild-spirit-vibrator\/","og_locale":"fi_FI","og_type":"article","og_title":"Unihorn Wild Spirit vibrator - Unnadeluxe","og_description":"Unihorn Wild Spirit ger dig mycket stimulans i ett s\u00f6tt format. Inte alls s\u00e5 oskyldig som den ser ut. Denna diskreta enh\u00f6rningsvibrator erbjuder 10 vibrationsl\u00e4gen och 10 pulseringsl\u00e4gen f\u00f6r att maximera din njutning.  Dess vibrationer och masserande pulseringar i kombination med mjukt, silkeslent och kroppss\u00e4kert silikon ger en behaglig ber\u00f6ring. Anv\u00e4nds med glidmedel. Unihorn Wild Spirit \u00e4r vattent\u00e5lig enligt IPX6 vilket g\u00f6r att du enkelt kan reng\u00f6ra och anv\u00e4nda den i duschen. Laddas med magnetisk USB-kabel Perfekt stimulering f\u00f6r hela kroppen","og_url":"https:\/\/unnadeluxe.fi\/fi\/tuote\/unihorn-wild-spirit-vibrator\/","og_site_name":"Unnadeluxe","article_publisher":"https:\/\/www.facebook.com\/UnnaDeluxe","article_modified_time":"2025-09-22T20:21:24+00:00","og_image":[{"width":1000,"height":995,"url":"https:\/\/unnadeluxe.fi\/wp-content\/uploads\/2025\/09\/07013000000_verp.jpg","type":"image\/jpeg"}],"twitter_card":"summary_large_image","twitter_misc":{"Arvioitu lukuaika":"1 minuutti"},"schema":{"@context":"https:\/\/schema.org","@graph":[{"@type":"WebPage","@id":"https:\/\/unnadeluxe.fi\/produkt\/unihorn-wild-spirit-vibrator\/","url":"https:\/\/unnadeluxe.fi\/produkt\/unihorn-wild-spirit-vibrator\/","name":"Unihorn Wild Spirit vibrator - Unnadeluxe","isPartOf":{"@id":"https:\/\/unnadeluxe.fi\/#website"},"primaryImageOfPage":{"@id":"https:\/\/unnadeluxe.fi\/produkt\/unihorn-wild-spirit-vibrator\/#primaryimage"},"image":{"@id":"https:\/\/unnadeluxe.fi\/produkt\/unihorn-wild-spirit-vibrator\/#primaryimage"},"thumbnailUrl":"https:\/\/unnadeluxe.fi\/wp-content\/uploads\/2025\/09\/07013000000_verp.jpg","datePublished":"2025-09-22T20:18:32+00:00","dateModified":"2025-09-22T20:21:24+00:00","breadcrumb":{"@id":"https:\/\/unnadeluxe.fi\/produkt\/unihorn-wild-spirit-vibrator\/#breadcrumb"},"inLanguage":"fi","potentialAction":[{"@type":"ReadAction","target":["https:\/\/unnadeluxe.fi\/produkt\/unihorn-wild-spirit-vibrator\/"]}]},{"@type":"ImageObject","inLanguage":"fi","@id":"https:\/\/unnadeluxe.fi\/produkt\/unihorn-wild-spirit-vibrator\/#primaryimage","url":"https:\/\/unnadeluxe.fi\/wp-content\/uploads\/2025\/09\/07013000000_verp.jpg","contentUrl":"https:\/\/unnadeluxe.fi\/wp-content\/uploads\/2025\/09\/07013000000_verp.jpg","width":1000,"height":995},{"@type":"BreadcrumbList","@id":"https:\/\/unnadeluxe.fi\/produkt\/unihorn-wild-spirit-vibrator\/#breadcrumb","itemListElement":[{"@type":"ListItem","position":1,"name":"Hem","item":"https:\/\/unnadeluxe.fi\/"},{"@type":"ListItem","position":2,"name":"Shop","item":"https:\/\/unnadeluxe.fi\/shop\/"},{"@type":"ListItem","position":3,"name":"Unihorn Wild Spirit vibrator"}]},{"@type":"WebSite","@id":"https:\/\/unnadeluxe.fi\/#website","url":"https:\/\/unnadeluxe.fi\/","name":"Unnadeluxe","description":"UnnaDeluxe","publisher":{"@id":"https:\/\/unnadeluxe.fi\/#organization"},"potentialAction":[{"@type":"SearchAction","target":{"@type":"EntryPoint","urlTemplate":"https:\/\/unnadeluxe.fi\/?s={search_term_string}"},"query-input":{"@type":"PropertyValueSpecification","valueRequired":true,"valueName":"search_term_string"}}],"inLanguage":"fi"},{"@type":"Organization","@id":"https:\/\/unnadeluxe.fi\/#organization","name":"Unnadeluxe","url":"https:\/\/unnadeluxe.fi\/","logo":{"@type":"ImageObject","inLanguage":"fi","@id":"https:\/\/unnadeluxe.fi\/#\/schema\/logo\/image\/","url":"https:\/\/unnadeluxe.fi\/wp-content\/uploads\/2022\/09\/Unna-logo-lingerie-black-and-gold.png","contentUrl":"https:\/\/unnadeluxe.fi\/wp-content\/uploads\/2022\/09\/Unna-logo-lingerie-black-and-gold.png","width":3150,"height":3937,"caption":"Unnadeluxe"},"image":{"@id":"https:\/\/unnadeluxe.fi\/#\/schema\/logo\/image\/"},"sameAs":["https:\/\/www.facebook.com\/UnnaDeluxe"]}]}},"_links":{"self":[{"href":"https:\/\/unnadeluxe.fi\/fi\/wp-json\/wp\/v2\/product\/6630","targetHints":{"allow":["GET"]}}],"collection":[{"href":"https:\/\/unnadeluxe.fi\/fi\/wp-json\/wp\/v2\/product"}],"about":[{"href":"https:\/\/unnadeluxe.fi\/fi\/wp-json\/wp\/v2\/types\/product"}],"wp:featuredmedia":[{"embeddable":true,"href":"https:\/\/unnadeluxe.fi\/fi\/wp-json\/wp\/v2\/media\/6631"}],"wp:attachment":[{"href":"https:\/\/unnadeluxe.fi\/fi\/wp-json\/wp\/v2\/media?parent=6630"}],"wp:term":[{"taxonomy":"product_brand","embeddable":true,"href":"https:\/\/unnadeluxe.fi\/fi\/wp-json\/wp\/v2\/product_brand?post=6630"},{"taxonomy":"product_cat","embeddable":true,"href":"https:\/\/unnadeluxe.fi\/fi\/wp-json\/wp\/v2\/product_cat?post=6630"},{"taxonomy":"product_tag","embeddable":true,"href":"https:\/\/unnadeluxe.fi\/fi\/wp-json\/wp\/v2\/product_tag?post=6630"}],"curies":[{"name":"wp","href":"https:\/\/api.w.org\/{rel}","templated":true}]}}