{"id":6593,"date":"2025-09-22T18:54:28","date_gmt":"2025-09-22T18:54:28","guid":{"rendered":"https:\/\/unnadeluxe.fi\/?post_type=product&#038;p=6593"},"modified":"2026-02-28T10:15:41","modified_gmt":"2026-02-28T10:15:41","slug":"satisfyer-pro-2-generation-3-black","status":"publish","type":"product","link":"https:\/\/unnadeluxe.fi\/fi\/tuote\/satisfyer-pro-2-generation-3-black\/","title":{"rendered":"Satisfyer Pro 2 Generation 3 black+"},"content":{"rendered":"<p>Satisfyer Pro 2 Generation 3 \u00e4r en vibrerande lufttrycksvibrator som hyllas av m\u00e5nga kvinnor.<br \/>\nVattent\u00e4t<br \/>\n12 olika vibrationsl\u00e4gen<br \/>\n11 olika intensitetsl\u00e4gen<br \/>\n2 olika munstycken f\u00f6r varierande k\u00e4nsla<br \/>\nABS,Silikon<br \/>\nL\u00e4tt att reng\u00f6ra<\/p>","protected":false},"excerpt":{"rendered":"<p>Den oerh\u00f6rt popul\u00e4ra SATISFYER Pro 2 Generation 3 black+ ger dig orgasm efter orgasm. Den stimulerar din klitoris med pulserande lufttryck, som en sugande k\u00e4nsla. Denna uppgraderade SATISFYER Pro 2 Generation 3  \u00e4r tystare, men \u00e4nnu mer kraftfull \u00e4n sin f\u00f6reg\u00e5ngare.<br \/>\nStartas genom att trycka p\u00e5 on\/off-knappen f\u00f6r att starta lufttrycksvibratorn och njut av dess 11 pulserande niv\u00e5er, Justera intensiteten med +\/- knappen. Anv\u00e4nds med glidmedel f\u00f6r att f\u00f6rst\u00e4rka k\u00e4nslan.<br \/>\nL\u00e4tt att reng\u00f6ra och toppen kan enkelt bytas ut om du vill ha en varierande k\u00e4nsla.<br \/>\nVibratorn \u00e4r uppladdningsbar och laddas med den inkluderade USB-laddaren. En full laddning ger dig 30 minuters njutbar anv\u00e4ndning.<br \/>\nDen tredje generationens modell har f\u00f6rb\u00e4ttrade funktioner och design f\u00f6r att s\u00e4kerst\u00e4lla en \u00e4nnu b\u00e4ttre upplevelse.<\/p>","protected":false},"featured_media":6596,"template":"","meta":[],"product_brand":[104],"product_cat":[70,71,72],"product_tag":[],"class_list":{"0":"post-6593","1":"product","2":"type-product","3":"status-publish","4":"has-post-thumbnail","6":"product_brand-satisfyer","7":"product_cat-lust-njutning","8":"product_cat-sexleksaker","9":"product_cat-sexuell-halsa","11":"first","12":"outofstock","13":"taxable","14":"shipping-taxable","15":"purchasable","16":"product-type-simple"},"yoast_head":"<!-- This site is optimized with the Yoast SEO plugin v27.1.1 - https:\/\/yoast.com\/product\/yoast-seo-wordpress\/ -->\n<title>Satisfyer Pro 2 Generation 3 black+ - Unnadeluxe<\/title>\n<meta name=\"robots\" content=\"index, follow, max-snippet:-1, max-image-preview:large, max-video-preview:-1\" \/>\n<link rel=\"canonical\" href=\"https:\/\/unnadeluxe.fi\/fi\/tuote\/satisfyer-pro-2-generation-3-black\/\" \/>\n<meta property=\"og:locale\" content=\"fi_FI\" \/>\n<meta property=\"og:type\" content=\"article\" \/>\n<meta property=\"og:title\" content=\"Satisfyer Pro 2 Generation 3 black+ - Unnadeluxe\" \/>\n<meta property=\"og:description\" content=\"Den oerh\u00f6rt popul\u00e4ra SATISFYER Pro 2 Generation 3 black+ ger dig orgasm efter orgasm. Den stimulerar din klitoris med pulserande lufttryck, som en sugande k\u00e4nsla. Denna uppgraderade SATISFYER Pro 2 Generation 3 \u00e4r tystare, men \u00e4nnu mer kraftfull \u00e4n sin f\u00f6reg\u00e5ngare. Startas genom att trycka p\u00e5 on\/off-knappen f\u00f6r att starta lufttrycksvibratorn och njut av dess 11 pulserande niv\u00e5er, Justera intensiteten med +\/- knappen. Anv\u00e4nds med glidmedel f\u00f6r att f\u00f6rst\u00e4rka k\u00e4nslan. L\u00e4tt att reng\u00f6ra och toppen kan enkelt bytas ut om du vill ha en varierande k\u00e4nsla. Vibratorn \u00e4r uppladdningsbar och laddas med den inkluderade USB-laddaren. En full laddning ger dig 30 minuters njutbar anv\u00e4ndning. Den tredje generationens modell har f\u00f6rb\u00e4ttrade funktioner och design f\u00f6r att s\u00e4kerst\u00e4lla en \u00e4nnu b\u00e4ttre upplevelse.\" \/>\n<meta property=\"og:url\" content=\"https:\/\/unnadeluxe.fi\/fi\/tuote\/satisfyer-pro-2-generation-3-black\/\" \/>\n<meta property=\"og:site_name\" content=\"Unnadeluxe\" \/>\n<meta property=\"article:publisher\" content=\"https:\/\/www.facebook.com\/UnnaDeluxe\" \/>\n<meta property=\"article:modified_time\" content=\"2026-02-28T10:15:41+00:00\" \/>\n<meta property=\"og:image\" content=\"https:\/\/unnadeluxe.fi\/wp-content\/uploads\/2025\/09\/410000071772_6-scaled.jpg\" \/>\n\t<meta property=\"og:image:width\" content=\"2560\" \/>\n\t<meta property=\"og:image:height\" content=\"2560\" \/>\n\t<meta property=\"og:image:type\" content=\"image\/jpeg\" \/>\n<meta name=\"twitter:card\" content=\"summary_large_image\" \/>\n<meta name=\"twitter:label1\" content=\"Arvioitu lukuaika\" \/>\n\t<meta name=\"twitter:data1\" content=\"1 minuutti\" \/>\n<script type=\"application\/ld+json\" class=\"yoast-schema-graph\">{\"@context\":\"https:\/\/schema.org\",\"@graph\":[{\"@type\":\"WebPage\",\"@id\":\"https:\/\/unnadeluxe.fi\/produkt\/satisfyer-pro-2-generation-3-black\/\",\"url\":\"https:\/\/unnadeluxe.fi\/produkt\/satisfyer-pro-2-generation-3-black\/\",\"name\":\"Satisfyer Pro 2 Generation 3 black+ - Unnadeluxe\",\"isPartOf\":{\"@id\":\"https:\/\/unnadeluxe.fi\/#website\"},\"primaryImageOfPage\":{\"@id\":\"https:\/\/unnadeluxe.fi\/produkt\/satisfyer-pro-2-generation-3-black\/#primaryimage\"},\"image\":{\"@id\":\"https:\/\/unnadeluxe.fi\/produkt\/satisfyer-pro-2-generation-3-black\/#primaryimage\"},\"thumbnailUrl\":\"https:\/\/unnadeluxe.fi\/wp-content\/uploads\/2025\/09\/410000071772_6-scaled.jpg\",\"datePublished\":\"2025-09-22T18:54:28+00:00\",\"dateModified\":\"2026-02-28T10:15:41+00:00\",\"breadcrumb\":{\"@id\":\"https:\/\/unnadeluxe.fi\/produkt\/satisfyer-pro-2-generation-3-black\/#breadcrumb\"},\"inLanguage\":\"fi\",\"potentialAction\":[{\"@type\":\"ReadAction\",\"target\":[\"https:\/\/unnadeluxe.fi\/produkt\/satisfyer-pro-2-generation-3-black\/\"]}]},{\"@type\":\"ImageObject\",\"inLanguage\":\"fi\",\"@id\":\"https:\/\/unnadeluxe.fi\/produkt\/satisfyer-pro-2-generation-3-black\/#primaryimage\",\"url\":\"https:\/\/unnadeluxe.fi\/wp-content\/uploads\/2025\/09\/410000071772_6-scaled.jpg\",\"contentUrl\":\"https:\/\/unnadeluxe.fi\/wp-content\/uploads\/2025\/09\/410000071772_6-scaled.jpg\",\"width\":2560,\"height\":2560},{\"@type\":\"BreadcrumbList\",\"@id\":\"https:\/\/unnadeluxe.fi\/produkt\/satisfyer-pro-2-generation-3-black\/#breadcrumb\",\"itemListElement\":[{\"@type\":\"ListItem\",\"position\":1,\"name\":\"Hem\",\"item\":\"https:\/\/unnadeluxe.fi\/\"},{\"@type\":\"ListItem\",\"position\":2,\"name\":\"Shop\",\"item\":\"https:\/\/unnadeluxe.fi\/shop\/\"},{\"@type\":\"ListItem\",\"position\":3,\"name\":\"Satisfyer Pro 2 Generation 3 black+\"}]},{\"@type\":\"WebSite\",\"@id\":\"https:\/\/unnadeluxe.fi\/#website\",\"url\":\"https:\/\/unnadeluxe.fi\/\",\"name\":\"Unnadeluxe\",\"description\":\"UnnaDeluxe\",\"publisher\":{\"@id\":\"https:\/\/unnadeluxe.fi\/#organization\"},\"potentialAction\":[{\"@type\":\"SearchAction\",\"target\":{\"@type\":\"EntryPoint\",\"urlTemplate\":\"https:\/\/unnadeluxe.fi\/?s={search_term_string}\"},\"query-input\":{\"@type\":\"PropertyValueSpecification\",\"valueRequired\":true,\"valueName\":\"search_term_string\"}}],\"inLanguage\":\"fi\"},{\"@type\":\"Organization\",\"@id\":\"https:\/\/unnadeluxe.fi\/#organization\",\"name\":\"Unnadeluxe\",\"url\":\"https:\/\/unnadeluxe.fi\/\",\"logo\":{\"@type\":\"ImageObject\",\"inLanguage\":\"fi\",\"@id\":\"https:\/\/unnadeluxe.fi\/#\/schema\/logo\/image\/\",\"url\":\"https:\/\/unnadeluxe.fi\/wp-content\/uploads\/2022\/09\/Unna-logo-lingerie-black-and-gold.png\",\"contentUrl\":\"https:\/\/unnadeluxe.fi\/wp-content\/uploads\/2022\/09\/Unna-logo-lingerie-black-and-gold.png\",\"width\":3150,\"height\":3937,\"caption\":\"Unnadeluxe\"},\"image\":{\"@id\":\"https:\/\/unnadeluxe.fi\/#\/schema\/logo\/image\/\"},\"sameAs\":[\"https:\/\/www.facebook.com\/UnnaDeluxe\"]}]}<\/script>\n<!-- \/ Yoast SEO plugin. -->","yoast_head_json":{"title":"Satisfyer Pro 2 Generation 3 black+ - Unnadeluxe","robots":{"index":"index","follow":"follow","max-snippet":"max-snippet:-1","max-image-preview":"max-image-preview:large","max-video-preview":"max-video-preview:-1"},"canonical":"https:\/\/unnadeluxe.fi\/fi\/tuote\/satisfyer-pro-2-generation-3-black\/","og_locale":"fi_FI","og_type":"article","og_title":"Satisfyer Pro 2 Generation 3 black+ - Unnadeluxe","og_description":"Den oerh\u00f6rt popul\u00e4ra SATISFYER Pro 2 Generation 3 black+ ger dig orgasm efter orgasm. Den stimulerar din klitoris med pulserande lufttryck, som en sugande k\u00e4nsla. Denna uppgraderade SATISFYER Pro 2 Generation 3 \u00e4r tystare, men \u00e4nnu mer kraftfull \u00e4n sin f\u00f6reg\u00e5ngare. Startas genom att trycka p\u00e5 on\/off-knappen f\u00f6r att starta lufttrycksvibratorn och njut av dess 11 pulserande niv\u00e5er, Justera intensiteten med +\/- knappen. Anv\u00e4nds med glidmedel f\u00f6r att f\u00f6rst\u00e4rka k\u00e4nslan. L\u00e4tt att reng\u00f6ra och toppen kan enkelt bytas ut om du vill ha en varierande k\u00e4nsla. Vibratorn \u00e4r uppladdningsbar och laddas med den inkluderade USB-laddaren. En full laddning ger dig 30 minuters njutbar anv\u00e4ndning. Den tredje generationens modell har f\u00f6rb\u00e4ttrade funktioner och design f\u00f6r att s\u00e4kerst\u00e4lla en \u00e4nnu b\u00e4ttre upplevelse.","og_url":"https:\/\/unnadeluxe.fi\/fi\/tuote\/satisfyer-pro-2-generation-3-black\/","og_site_name":"Unnadeluxe","article_publisher":"https:\/\/www.facebook.com\/UnnaDeluxe","article_modified_time":"2026-02-28T10:15:41+00:00","og_image":[{"width":2560,"height":2560,"url":"https:\/\/unnadeluxe.fi\/wp-content\/uploads\/2025\/09\/410000071772_6-scaled.jpg","type":"image\/jpeg"}],"twitter_card":"summary_large_image","twitter_misc":{"Arvioitu lukuaika":"1 minuutti"},"schema":{"@context":"https:\/\/schema.org","@graph":[{"@type":"WebPage","@id":"https:\/\/unnadeluxe.fi\/produkt\/satisfyer-pro-2-generation-3-black\/","url":"https:\/\/unnadeluxe.fi\/produkt\/satisfyer-pro-2-generation-3-black\/","name":"Satisfyer Pro 2 Generation 3 black+ - Unnadeluxe","isPartOf":{"@id":"https:\/\/unnadeluxe.fi\/#website"},"primaryImageOfPage":{"@id":"https:\/\/unnadeluxe.fi\/produkt\/satisfyer-pro-2-generation-3-black\/#primaryimage"},"image":{"@id":"https:\/\/unnadeluxe.fi\/produkt\/satisfyer-pro-2-generation-3-black\/#primaryimage"},"thumbnailUrl":"https:\/\/unnadeluxe.fi\/wp-content\/uploads\/2025\/09\/410000071772_6-scaled.jpg","datePublished":"2025-09-22T18:54:28+00:00","dateModified":"2026-02-28T10:15:41+00:00","breadcrumb":{"@id":"https:\/\/unnadeluxe.fi\/produkt\/satisfyer-pro-2-generation-3-black\/#breadcrumb"},"inLanguage":"fi","potentialAction":[{"@type":"ReadAction","target":["https:\/\/unnadeluxe.fi\/produkt\/satisfyer-pro-2-generation-3-black\/"]}]},{"@type":"ImageObject","inLanguage":"fi","@id":"https:\/\/unnadeluxe.fi\/produkt\/satisfyer-pro-2-generation-3-black\/#primaryimage","url":"https:\/\/unnadeluxe.fi\/wp-content\/uploads\/2025\/09\/410000071772_6-scaled.jpg","contentUrl":"https:\/\/unnadeluxe.fi\/wp-content\/uploads\/2025\/09\/410000071772_6-scaled.jpg","width":2560,"height":2560},{"@type":"BreadcrumbList","@id":"https:\/\/unnadeluxe.fi\/produkt\/satisfyer-pro-2-generation-3-black\/#breadcrumb","itemListElement":[{"@type":"ListItem","position":1,"name":"Hem","item":"https:\/\/unnadeluxe.fi\/"},{"@type":"ListItem","position":2,"name":"Shop","item":"https:\/\/unnadeluxe.fi\/shop\/"},{"@type":"ListItem","position":3,"name":"Satisfyer Pro 2 Generation 3 black+"}]},{"@type":"WebSite","@id":"https:\/\/unnadeluxe.fi\/#website","url":"https:\/\/unnadeluxe.fi\/","name":"Unnadeluxe","description":"UnnaDeluxe","publisher":{"@id":"https:\/\/unnadeluxe.fi\/#organization"},"potentialAction":[{"@type":"SearchAction","target":{"@type":"EntryPoint","urlTemplate":"https:\/\/unnadeluxe.fi\/?s={search_term_string}"},"query-input":{"@type":"PropertyValueSpecification","valueRequired":true,"valueName":"search_term_string"}}],"inLanguage":"fi"},{"@type":"Organization","@id":"https:\/\/unnadeluxe.fi\/#organization","name":"Unnadeluxe","url":"https:\/\/unnadeluxe.fi\/","logo":{"@type":"ImageObject","inLanguage":"fi","@id":"https:\/\/unnadeluxe.fi\/#\/schema\/logo\/image\/","url":"https:\/\/unnadeluxe.fi\/wp-content\/uploads\/2022\/09\/Unna-logo-lingerie-black-and-gold.png","contentUrl":"https:\/\/unnadeluxe.fi\/wp-content\/uploads\/2022\/09\/Unna-logo-lingerie-black-and-gold.png","width":3150,"height":3937,"caption":"Unnadeluxe"},"image":{"@id":"https:\/\/unnadeluxe.fi\/#\/schema\/logo\/image\/"},"sameAs":["https:\/\/www.facebook.com\/UnnaDeluxe"]}]}},"_links":{"self":[{"href":"https:\/\/unnadeluxe.fi\/fi\/wp-json\/wp\/v2\/product\/6593","targetHints":{"allow":["GET"]}}],"collection":[{"href":"https:\/\/unnadeluxe.fi\/fi\/wp-json\/wp\/v2\/product"}],"about":[{"href":"https:\/\/unnadeluxe.fi\/fi\/wp-json\/wp\/v2\/types\/product"}],"wp:featuredmedia":[{"embeddable":true,"href":"https:\/\/unnadeluxe.fi\/fi\/wp-json\/wp\/v2\/media\/6596"}],"wp:attachment":[{"href":"https:\/\/unnadeluxe.fi\/fi\/wp-json\/wp\/v2\/media?parent=6593"}],"wp:term":[{"taxonomy":"product_brand","embeddable":true,"href":"https:\/\/unnadeluxe.fi\/fi\/wp-json\/wp\/v2\/product_brand?post=6593"},{"taxonomy":"product_cat","embeddable":true,"href":"https:\/\/unnadeluxe.fi\/fi\/wp-json\/wp\/v2\/product_cat?post=6593"},{"taxonomy":"product_tag","embeddable":true,"href":"https:\/\/unnadeluxe.fi\/fi\/wp-json\/wp\/v2\/product_tag?post=6593"}],"curies":[{"name":"wp","href":"https:\/\/api.w.org\/{rel}","templated":true}]}}