{"id":656,"date":"2023-02-16T17:14:16","date_gmt":"2023-02-16T17:14:16","guid":{"rendered":"https:\/\/unnadeluxe.fi\/?post_type=product&#038;p=656"},"modified":"2025-08-26T15:58:14","modified_gmt":"2025-08-26T15:58:14","slug":"elomi-matilda-denim-daisy","status":"publish","type":"product","link":"https:\/\/unnadeluxe.fi\/fi\/tuote\/elomi-matilda-denim-daisy\/","title":{"rendered":"Elomi Matilda Plunge Bh"},"content":{"rendered":"<p>Ovadderad Bygelbh<br \/>\n3-sektionskupor<br \/>\nSidost\u00f6d<br \/>\nKrok bak f\u00f6r korsad rygg<br \/>\nJusterbara axelband<br \/>\nTv\u00e4ttr\u00e5d: Handtv\u00e4tt<br \/>\nF\u00e4rg:Denim Daisy<br \/>\n57% Polyamide, 19% Elastane, 24% Polyester<\/p>","protected":false},"excerpt":{"rendered":"<p>En snygg plunge bh i transparent tyll med brodyr. Denna bh passar bra f\u00f6r dig med st\u00f6rre byst. Fr\u00e5n Elomi Lingerie och serien Matilda. Bygel bh sydd i tre sektioner med sidost\u00f6d som ger utm\u00e4rkt st\u00f6d.<\/p>","protected":false},"featured_media":1379,"template":"","meta":[],"product_brand":[82],"product_cat":[28,55,69],"product_tag":[],"class_list":{"0":"post-656","1":"product","2":"type-product","3":"status-publish","4":"has-post-thumbnail","6":"product_brand-elomi","7":"product_cat-bhn","8":"product_cat-bygel-bh","9":"product_cat-rea","11":"first","12":"instock","13":"sale","14":"taxable","15":"shipping-taxable","16":"purchasable","17":"product-type-variable"},"yoast_head":"<!-- This site is optimized with the Yoast SEO plugin v27.1.1 - https:\/\/yoast.com\/product\/yoast-seo-wordpress\/ -->\n<title>Elomi Matilda Plunge Bh - Unnadeluxe<\/title>\n<meta name=\"robots\" content=\"index, follow, max-snippet:-1, max-image-preview:large, max-video-preview:-1\" \/>\n<link rel=\"canonical\" href=\"https:\/\/unnadeluxe.fi\/fi\/tuote\/elomi-matilda-denim-daisy\/\" \/>\n<meta property=\"og:locale\" content=\"fi_FI\" \/>\n<meta property=\"og:type\" content=\"article\" \/>\n<meta property=\"og:title\" content=\"Elomi Matilda Plunge Bh - Unnadeluxe\" \/>\n<meta property=\"og:description\" content=\"En snygg plunge bh i transparent tyll med brodyr. Denna bh passar bra f\u00f6r dig med st\u00f6rre byst. Fr\u00e5n Elomi Lingerie och serien Matilda. Bygel bh sydd i tre sektioner med sidost\u00f6d som ger utm\u00e4rkt st\u00f6d.\" \/>\n<meta property=\"og:url\" content=\"https:\/\/unnadeluxe.fi\/fi\/tuote\/elomi-matilda-denim-daisy\/\" \/>\n<meta property=\"og:site_name\" content=\"Unnadeluxe\" \/>\n<meta property=\"article:publisher\" content=\"https:\/\/www.facebook.com\/UnnaDeluxe\" \/>\n<meta property=\"article:modified_time\" content=\"2025-08-26T15:58:14+00:00\" \/>\n<meta property=\"og:image\" content=\"https:\/\/unnadeluxe.fi\/wp-content\/uploads\/2023\/02\/elomi-matilda-el8900.jpg\" \/>\n\t<meta property=\"og:image:width\" content=\"1100\" \/>\n\t<meta property=\"og:image:height\" content=\"1422\" \/>\n\t<meta property=\"og:image:type\" content=\"image\/jpeg\" \/>\n<meta name=\"twitter:card\" content=\"summary_large_image\" \/>\n<meta name=\"twitter:label1\" content=\"Arvioitu lukuaika\" \/>\n\t<meta name=\"twitter:data1\" content=\"1 minuutti\" \/>\n<script type=\"application\/ld+json\" class=\"yoast-schema-graph\">{\"@context\":\"https:\/\/schema.org\",\"@graph\":[{\"@type\":\"WebPage\",\"@id\":\"https:\/\/unnadeluxe.fi\/produkt\/elomi-matilda-denim-daisy\/\",\"url\":\"https:\/\/unnadeluxe.fi\/produkt\/elomi-matilda-denim-daisy\/\",\"name\":\"Elomi Matilda Plunge Bh - Unnadeluxe\",\"isPartOf\":{\"@id\":\"https:\/\/unnadeluxe.fi\/#website\"},\"primaryImageOfPage\":{\"@id\":\"https:\/\/unnadeluxe.fi\/produkt\/elomi-matilda-denim-daisy\/#primaryimage\"},\"image\":{\"@id\":\"https:\/\/unnadeluxe.fi\/produkt\/elomi-matilda-denim-daisy\/#primaryimage\"},\"thumbnailUrl\":\"https:\/\/unnadeluxe.fi\/wp-content\/uploads\/2023\/02\/elomi-matilda-el8900.jpg\",\"datePublished\":\"2023-02-16T17:14:16+00:00\",\"dateModified\":\"2025-08-26T15:58:14+00:00\",\"breadcrumb\":{\"@id\":\"https:\/\/unnadeluxe.fi\/produkt\/elomi-matilda-denim-daisy\/#breadcrumb\"},\"inLanguage\":\"fi\",\"potentialAction\":[{\"@type\":\"ReadAction\",\"target\":[\"https:\/\/unnadeluxe.fi\/produkt\/elomi-matilda-denim-daisy\/\"]}]},{\"@type\":\"ImageObject\",\"inLanguage\":\"fi\",\"@id\":\"https:\/\/unnadeluxe.fi\/produkt\/elomi-matilda-denim-daisy\/#primaryimage\",\"url\":\"https:\/\/unnadeluxe.fi\/wp-content\/uploads\/2023\/02\/elomi-matilda-el8900.jpg\",\"contentUrl\":\"https:\/\/unnadeluxe.fi\/wp-content\/uploads\/2023\/02\/elomi-matilda-el8900.jpg\",\"width\":1100,\"height\":1422},{\"@type\":\"BreadcrumbList\",\"@id\":\"https:\/\/unnadeluxe.fi\/produkt\/elomi-matilda-denim-daisy\/#breadcrumb\",\"itemListElement\":[{\"@type\":\"ListItem\",\"position\":1,\"name\":\"Hem\",\"item\":\"https:\/\/unnadeluxe.fi\/\"},{\"@type\":\"ListItem\",\"position\":2,\"name\":\"Shop\",\"item\":\"https:\/\/unnadeluxe.fi\/shop\/\"},{\"@type\":\"ListItem\",\"position\":3,\"name\":\"Elomi Matilda Plunge Bh\"}]},{\"@type\":\"WebSite\",\"@id\":\"https:\/\/unnadeluxe.fi\/#website\",\"url\":\"https:\/\/unnadeluxe.fi\/\",\"name\":\"Unnadeluxe\",\"description\":\"UnnaDeluxe\",\"publisher\":{\"@id\":\"https:\/\/unnadeluxe.fi\/#organization\"},\"potentialAction\":[{\"@type\":\"SearchAction\",\"target\":{\"@type\":\"EntryPoint\",\"urlTemplate\":\"https:\/\/unnadeluxe.fi\/?s={search_term_string}\"},\"query-input\":{\"@type\":\"PropertyValueSpecification\",\"valueRequired\":true,\"valueName\":\"search_term_string\"}}],\"inLanguage\":\"fi\"},{\"@type\":\"Organization\",\"@id\":\"https:\/\/unnadeluxe.fi\/#organization\",\"name\":\"Unnadeluxe\",\"url\":\"https:\/\/unnadeluxe.fi\/\",\"logo\":{\"@type\":\"ImageObject\",\"inLanguage\":\"fi\",\"@id\":\"https:\/\/unnadeluxe.fi\/#\/schema\/logo\/image\/\",\"url\":\"https:\/\/unnadeluxe.fi\/wp-content\/uploads\/2022\/09\/Unna-logo-lingerie-black-and-gold.png\",\"contentUrl\":\"https:\/\/unnadeluxe.fi\/wp-content\/uploads\/2022\/09\/Unna-logo-lingerie-black-and-gold.png\",\"width\":3150,\"height\":3937,\"caption\":\"Unnadeluxe\"},\"image\":{\"@id\":\"https:\/\/unnadeluxe.fi\/#\/schema\/logo\/image\/\"},\"sameAs\":[\"https:\/\/www.facebook.com\/UnnaDeluxe\"]}]}<\/script>\n<!-- \/ Yoast SEO plugin. -->","yoast_head_json":{"title":"Elomi Matilda Plunge Bh - Unnadeluxe","robots":{"index":"index","follow":"follow","max-snippet":"max-snippet:-1","max-image-preview":"max-image-preview:large","max-video-preview":"max-video-preview:-1"},"canonical":"https:\/\/unnadeluxe.fi\/fi\/tuote\/elomi-matilda-denim-daisy\/","og_locale":"fi_FI","og_type":"article","og_title":"Elomi Matilda Plunge Bh - Unnadeluxe","og_description":"En snygg plunge bh i transparent tyll med brodyr. Denna bh passar bra f\u00f6r dig med st\u00f6rre byst. Fr\u00e5n Elomi Lingerie och serien Matilda. Bygel bh sydd i tre sektioner med sidost\u00f6d som ger utm\u00e4rkt st\u00f6d.","og_url":"https:\/\/unnadeluxe.fi\/fi\/tuote\/elomi-matilda-denim-daisy\/","og_site_name":"Unnadeluxe","article_publisher":"https:\/\/www.facebook.com\/UnnaDeluxe","article_modified_time":"2025-08-26T15:58:14+00:00","og_image":[{"width":1100,"height":1422,"url":"https:\/\/unnadeluxe.fi\/wp-content\/uploads\/2023\/02\/elomi-matilda-el8900.jpg","type":"image\/jpeg"}],"twitter_card":"summary_large_image","twitter_misc":{"Arvioitu lukuaika":"1 minuutti"},"schema":{"@context":"https:\/\/schema.org","@graph":[{"@type":"WebPage","@id":"https:\/\/unnadeluxe.fi\/produkt\/elomi-matilda-denim-daisy\/","url":"https:\/\/unnadeluxe.fi\/produkt\/elomi-matilda-denim-daisy\/","name":"Elomi Matilda Plunge Bh - Unnadeluxe","isPartOf":{"@id":"https:\/\/unnadeluxe.fi\/#website"},"primaryImageOfPage":{"@id":"https:\/\/unnadeluxe.fi\/produkt\/elomi-matilda-denim-daisy\/#primaryimage"},"image":{"@id":"https:\/\/unnadeluxe.fi\/produkt\/elomi-matilda-denim-daisy\/#primaryimage"},"thumbnailUrl":"https:\/\/unnadeluxe.fi\/wp-content\/uploads\/2023\/02\/elomi-matilda-el8900.jpg","datePublished":"2023-02-16T17:14:16+00:00","dateModified":"2025-08-26T15:58:14+00:00","breadcrumb":{"@id":"https:\/\/unnadeluxe.fi\/produkt\/elomi-matilda-denim-daisy\/#breadcrumb"},"inLanguage":"fi","potentialAction":[{"@type":"ReadAction","target":["https:\/\/unnadeluxe.fi\/produkt\/elomi-matilda-denim-daisy\/"]}]},{"@type":"ImageObject","inLanguage":"fi","@id":"https:\/\/unnadeluxe.fi\/produkt\/elomi-matilda-denim-daisy\/#primaryimage","url":"https:\/\/unnadeluxe.fi\/wp-content\/uploads\/2023\/02\/elomi-matilda-el8900.jpg","contentUrl":"https:\/\/unnadeluxe.fi\/wp-content\/uploads\/2023\/02\/elomi-matilda-el8900.jpg","width":1100,"height":1422},{"@type":"BreadcrumbList","@id":"https:\/\/unnadeluxe.fi\/produkt\/elomi-matilda-denim-daisy\/#breadcrumb","itemListElement":[{"@type":"ListItem","position":1,"name":"Hem","item":"https:\/\/unnadeluxe.fi\/"},{"@type":"ListItem","position":2,"name":"Shop","item":"https:\/\/unnadeluxe.fi\/shop\/"},{"@type":"ListItem","position":3,"name":"Elomi Matilda Plunge Bh"}]},{"@type":"WebSite","@id":"https:\/\/unnadeluxe.fi\/#website","url":"https:\/\/unnadeluxe.fi\/","name":"Unnadeluxe","description":"UnnaDeluxe","publisher":{"@id":"https:\/\/unnadeluxe.fi\/#organization"},"potentialAction":[{"@type":"SearchAction","target":{"@type":"EntryPoint","urlTemplate":"https:\/\/unnadeluxe.fi\/?s={search_term_string}"},"query-input":{"@type":"PropertyValueSpecification","valueRequired":true,"valueName":"search_term_string"}}],"inLanguage":"fi"},{"@type":"Organization","@id":"https:\/\/unnadeluxe.fi\/#organization","name":"Unnadeluxe","url":"https:\/\/unnadeluxe.fi\/","logo":{"@type":"ImageObject","inLanguage":"fi","@id":"https:\/\/unnadeluxe.fi\/#\/schema\/logo\/image\/","url":"https:\/\/unnadeluxe.fi\/wp-content\/uploads\/2022\/09\/Unna-logo-lingerie-black-and-gold.png","contentUrl":"https:\/\/unnadeluxe.fi\/wp-content\/uploads\/2022\/09\/Unna-logo-lingerie-black-and-gold.png","width":3150,"height":3937,"caption":"Unnadeluxe"},"image":{"@id":"https:\/\/unnadeluxe.fi\/#\/schema\/logo\/image\/"},"sameAs":["https:\/\/www.facebook.com\/UnnaDeluxe"]}]}},"_links":{"self":[{"href":"https:\/\/unnadeluxe.fi\/fi\/wp-json\/wp\/v2\/product\/656","targetHints":{"allow":["GET"]}}],"collection":[{"href":"https:\/\/unnadeluxe.fi\/fi\/wp-json\/wp\/v2\/product"}],"about":[{"href":"https:\/\/unnadeluxe.fi\/fi\/wp-json\/wp\/v2\/types\/product"}],"wp:featuredmedia":[{"embeddable":true,"href":"https:\/\/unnadeluxe.fi\/fi\/wp-json\/wp\/v2\/media\/1379"}],"wp:attachment":[{"href":"https:\/\/unnadeluxe.fi\/fi\/wp-json\/wp\/v2\/media?parent=656"}],"wp:term":[{"taxonomy":"product_brand","embeddable":true,"href":"https:\/\/unnadeluxe.fi\/fi\/wp-json\/wp\/v2\/product_brand?post=656"},{"taxonomy":"product_cat","embeddable":true,"href":"https:\/\/unnadeluxe.fi\/fi\/wp-json\/wp\/v2\/product_cat?post=656"},{"taxonomy":"product_tag","embeddable":true,"href":"https:\/\/unnadeluxe.fi\/fi\/wp-json\/wp\/v2\/product_tag?post=656"}],"curies":[{"name":"wp","href":"https:\/\/api.w.org\/{rel}","templated":true}]}}