{"id":6535,"date":"2025-09-19T12:28:11","date_gmt":"2025-09-19T12:28:11","guid":{"rendered":"https:\/\/unnadeluxe.fi\/?post_type=product&#038;p=6535"},"modified":"2025-09-19T12:29:12","modified_gmt":"2025-09-19T12:29:12","slug":"miss-mary-framknappt-bh","status":"publish","type":"product","link":"https:\/\/unnadeluxe.fi\/fi\/tuote\/miss-mary-framknappt-bh\/","title":{"rendered":"Miss Mary Nova Framkn\u00e4ppt Bh"},"content":{"rendered":"<p>Bygelfri bh med framkn\u00e4ppning. Brett bakstycke. Materialet i beh\u00e5n kan p\u00e5verka lymffl\u00f6det positivt.<br \/>\nTv\u00e4ttr\u00e5d: Fintv\u00e4tt 40\u00b0<br \/>\nMaterial: 54% polyamid, 24% polyester, 22% elastan<\/p>","protected":false},"excerpt":{"rendered":"<p>Bygelfri bh-top i stabil och sportig modell som b\u00e5de t\u00e4cker och ger st\u00f6d \u00f6ver ryggen med tyg i tjockare microkvalitet. Formpressad, ovadderad kupa. Hak- och hyskkn\u00e4ppning fram g\u00f6r det enklare, till exempel f\u00f6r dig med begr\u00e4nsad r\u00f6rlighet, att smidigt komma \u00e5t. Tygets insida i relief ger b\u00e5de ett snyggt och diskret v\u00e5gigt m\u00f6nster och kan ha positiv och stimulerande inverkan p\u00e5 blodcirkulationen. Breda, bekv\u00e4ma axelband. Dekorativ tunn glansig kant i urringning och \u00e4rmlinning samt stabil res\u00e5r nedtill.<\/p>","protected":false},"featured_media":6536,"template":"","meta":[],"product_brand":[78],"product_cat":[28,56,59],"product_tag":[],"class_list":{"0":"post-6535","1":"product","2":"type-product","3":"status-publish","4":"has-post-thumbnail","6":"product_brand-miss-mary","7":"product_cat-bhn","8":"product_cat-bygellos-bh","9":"product_cat-sport-bh","11":"first","12":"instock","13":"taxable","14":"shipping-taxable","15":"purchasable","16":"product-type-variable"},"yoast_head":"<!-- This site is optimized with the Yoast SEO plugin v27.1.1 - https:\/\/yoast.com\/product\/yoast-seo-wordpress\/ -->\n<title>Miss Mary Nova Framkn\u00e4ppt Bh - Unnadeluxe<\/title>\n<meta name=\"robots\" content=\"index, follow, max-snippet:-1, max-image-preview:large, max-video-preview:-1\" \/>\n<link rel=\"canonical\" href=\"https:\/\/unnadeluxe.fi\/fi\/tuote\/miss-mary-framknappt-bh\/\" \/>\n<meta property=\"og:locale\" content=\"fi_FI\" \/>\n<meta property=\"og:type\" content=\"article\" \/>\n<meta property=\"og:title\" content=\"Miss Mary Nova Framkn\u00e4ppt Bh - Unnadeluxe\" \/>\n<meta property=\"og:description\" content=\"Bygelfri bh-top i stabil och sportig modell som b\u00e5de t\u00e4cker och ger st\u00f6d \u00f6ver ryggen med tyg i tjockare microkvalitet. Formpressad, ovadderad kupa. Hak- och hyskkn\u00e4ppning fram g\u00f6r det enklare, till exempel f\u00f6r dig med begr\u00e4nsad r\u00f6rlighet, att smidigt komma \u00e5t. Tygets insida i relief ger b\u00e5de ett snyggt och diskret v\u00e5gigt m\u00f6nster och kan ha positiv och stimulerande inverkan p\u00e5 blodcirkulationen. Breda, bekv\u00e4ma axelband. Dekorativ tunn glansig kant i urringning och \u00e4rmlinning samt stabil res\u00e5r nedtill.\" \/>\n<meta property=\"og:url\" content=\"https:\/\/unnadeluxe.fi\/fi\/tuote\/miss-mary-framknappt-bh\/\" \/>\n<meta property=\"og:site_name\" content=\"Unnadeluxe\" \/>\n<meta property=\"article:publisher\" content=\"https:\/\/www.facebook.com\/UnnaDeluxe\" \/>\n<meta property=\"article:modified_time\" content=\"2025-09-19T12:29:12+00:00\" \/>\n<meta property=\"og:image\" content=\"https:\/\/unnadeluxe.fi\/wp-content\/uploads\/2025\/09\/439_dc8156152b-2476_2-detail-1b-original.jpg\" \/>\n\t<meta property=\"og:image:width\" content=\"768\" \/>\n\t<meta property=\"og:image:height\" content=\"1152\" \/>\n\t<meta property=\"og:image:type\" content=\"image\/jpeg\" \/>\n<meta name=\"twitter:card\" content=\"summary_large_image\" \/>\n<meta name=\"twitter:label1\" content=\"Arvioitu lukuaika\" \/>\n\t<meta name=\"twitter:data1\" content=\"1 minuutti\" \/>\n<script type=\"application\/ld+json\" class=\"yoast-schema-graph\">{\"@context\":\"https:\/\/schema.org\",\"@graph\":[{\"@type\":\"WebPage\",\"@id\":\"https:\/\/unnadeluxe.fi\/produkt\/miss-mary-framknappt-bh\/\",\"url\":\"https:\/\/unnadeluxe.fi\/produkt\/miss-mary-framknappt-bh\/\",\"name\":\"Miss Mary Nova Framkn\u00e4ppt Bh - Unnadeluxe\",\"isPartOf\":{\"@id\":\"https:\/\/unnadeluxe.fi\/#website\"},\"primaryImageOfPage\":{\"@id\":\"https:\/\/unnadeluxe.fi\/produkt\/miss-mary-framknappt-bh\/#primaryimage\"},\"image\":{\"@id\":\"https:\/\/unnadeluxe.fi\/produkt\/miss-mary-framknappt-bh\/#primaryimage\"},\"thumbnailUrl\":\"https:\/\/unnadeluxe.fi\/wp-content\/uploads\/2025\/09\/439_dc8156152b-2476_2-detail-1b-original.jpg\",\"datePublished\":\"2025-09-19T12:28:11+00:00\",\"dateModified\":\"2025-09-19T12:29:12+00:00\",\"breadcrumb\":{\"@id\":\"https:\/\/unnadeluxe.fi\/produkt\/miss-mary-framknappt-bh\/#breadcrumb\"},\"inLanguage\":\"fi\",\"potentialAction\":[{\"@type\":\"ReadAction\",\"target\":[\"https:\/\/unnadeluxe.fi\/produkt\/miss-mary-framknappt-bh\/\"]}]},{\"@type\":\"ImageObject\",\"inLanguage\":\"fi\",\"@id\":\"https:\/\/unnadeluxe.fi\/produkt\/miss-mary-framknappt-bh\/#primaryimage\",\"url\":\"https:\/\/unnadeluxe.fi\/wp-content\/uploads\/2025\/09\/439_dc8156152b-2476_2-detail-1b-original.jpg\",\"contentUrl\":\"https:\/\/unnadeluxe.fi\/wp-content\/uploads\/2025\/09\/439_dc8156152b-2476_2-detail-1b-original.jpg\",\"width\":768,\"height\":1152},{\"@type\":\"BreadcrumbList\",\"@id\":\"https:\/\/unnadeluxe.fi\/produkt\/miss-mary-framknappt-bh\/#breadcrumb\",\"itemListElement\":[{\"@type\":\"ListItem\",\"position\":1,\"name\":\"Hem\",\"item\":\"https:\/\/unnadeluxe.fi\/\"},{\"@type\":\"ListItem\",\"position\":2,\"name\":\"Shop\",\"item\":\"https:\/\/unnadeluxe.fi\/shop\/\"},{\"@type\":\"ListItem\",\"position\":3,\"name\":\"Miss Mary Nova Framkn\u00e4ppt Bh\"}]},{\"@type\":\"WebSite\",\"@id\":\"https:\/\/unnadeluxe.fi\/#website\",\"url\":\"https:\/\/unnadeluxe.fi\/\",\"name\":\"Unnadeluxe\",\"description\":\"UnnaDeluxe\",\"publisher\":{\"@id\":\"https:\/\/unnadeluxe.fi\/#organization\"},\"potentialAction\":[{\"@type\":\"SearchAction\",\"target\":{\"@type\":\"EntryPoint\",\"urlTemplate\":\"https:\/\/unnadeluxe.fi\/?s={search_term_string}\"},\"query-input\":{\"@type\":\"PropertyValueSpecification\",\"valueRequired\":true,\"valueName\":\"search_term_string\"}}],\"inLanguage\":\"fi\"},{\"@type\":\"Organization\",\"@id\":\"https:\/\/unnadeluxe.fi\/#organization\",\"name\":\"Unnadeluxe\",\"url\":\"https:\/\/unnadeluxe.fi\/\",\"logo\":{\"@type\":\"ImageObject\",\"inLanguage\":\"fi\",\"@id\":\"https:\/\/unnadeluxe.fi\/#\/schema\/logo\/image\/\",\"url\":\"https:\/\/unnadeluxe.fi\/wp-content\/uploads\/2022\/09\/Unna-logo-lingerie-black-and-gold.png\",\"contentUrl\":\"https:\/\/unnadeluxe.fi\/wp-content\/uploads\/2022\/09\/Unna-logo-lingerie-black-and-gold.png\",\"width\":3150,\"height\":3937,\"caption\":\"Unnadeluxe\"},\"image\":{\"@id\":\"https:\/\/unnadeluxe.fi\/#\/schema\/logo\/image\/\"},\"sameAs\":[\"https:\/\/www.facebook.com\/UnnaDeluxe\"]}]}<\/script>\n<!-- \/ Yoast SEO plugin. -->","yoast_head_json":{"title":"Miss Mary Nova Framkn\u00e4ppt Bh - Unnadeluxe","robots":{"index":"index","follow":"follow","max-snippet":"max-snippet:-1","max-image-preview":"max-image-preview:large","max-video-preview":"max-video-preview:-1"},"canonical":"https:\/\/unnadeluxe.fi\/fi\/tuote\/miss-mary-framknappt-bh\/","og_locale":"fi_FI","og_type":"article","og_title":"Miss Mary Nova Framkn\u00e4ppt Bh - Unnadeluxe","og_description":"Bygelfri bh-top i stabil och sportig modell som b\u00e5de t\u00e4cker och ger st\u00f6d \u00f6ver ryggen med tyg i tjockare microkvalitet. Formpressad, ovadderad kupa. Hak- och hyskkn\u00e4ppning fram g\u00f6r det enklare, till exempel f\u00f6r dig med begr\u00e4nsad r\u00f6rlighet, att smidigt komma \u00e5t. Tygets insida i relief ger b\u00e5de ett snyggt och diskret v\u00e5gigt m\u00f6nster och kan ha positiv och stimulerande inverkan p\u00e5 blodcirkulationen. Breda, bekv\u00e4ma axelband. Dekorativ tunn glansig kant i urringning och \u00e4rmlinning samt stabil res\u00e5r nedtill.","og_url":"https:\/\/unnadeluxe.fi\/fi\/tuote\/miss-mary-framknappt-bh\/","og_site_name":"Unnadeluxe","article_publisher":"https:\/\/www.facebook.com\/UnnaDeluxe","article_modified_time":"2025-09-19T12:29:12+00:00","og_image":[{"width":768,"height":1152,"url":"https:\/\/unnadeluxe.fi\/wp-content\/uploads\/2025\/09\/439_dc8156152b-2476_2-detail-1b-original.jpg","type":"image\/jpeg"}],"twitter_card":"summary_large_image","twitter_misc":{"Arvioitu lukuaika":"1 minuutti"},"schema":{"@context":"https:\/\/schema.org","@graph":[{"@type":"WebPage","@id":"https:\/\/unnadeluxe.fi\/produkt\/miss-mary-framknappt-bh\/","url":"https:\/\/unnadeluxe.fi\/produkt\/miss-mary-framknappt-bh\/","name":"Miss Mary Nova Framkn\u00e4ppt Bh - Unnadeluxe","isPartOf":{"@id":"https:\/\/unnadeluxe.fi\/#website"},"primaryImageOfPage":{"@id":"https:\/\/unnadeluxe.fi\/produkt\/miss-mary-framknappt-bh\/#primaryimage"},"image":{"@id":"https:\/\/unnadeluxe.fi\/produkt\/miss-mary-framknappt-bh\/#primaryimage"},"thumbnailUrl":"https:\/\/unnadeluxe.fi\/wp-content\/uploads\/2025\/09\/439_dc8156152b-2476_2-detail-1b-original.jpg","datePublished":"2025-09-19T12:28:11+00:00","dateModified":"2025-09-19T12:29:12+00:00","breadcrumb":{"@id":"https:\/\/unnadeluxe.fi\/produkt\/miss-mary-framknappt-bh\/#breadcrumb"},"inLanguage":"fi","potentialAction":[{"@type":"ReadAction","target":["https:\/\/unnadeluxe.fi\/produkt\/miss-mary-framknappt-bh\/"]}]},{"@type":"ImageObject","inLanguage":"fi","@id":"https:\/\/unnadeluxe.fi\/produkt\/miss-mary-framknappt-bh\/#primaryimage","url":"https:\/\/unnadeluxe.fi\/wp-content\/uploads\/2025\/09\/439_dc8156152b-2476_2-detail-1b-original.jpg","contentUrl":"https:\/\/unnadeluxe.fi\/wp-content\/uploads\/2025\/09\/439_dc8156152b-2476_2-detail-1b-original.jpg","width":768,"height":1152},{"@type":"BreadcrumbList","@id":"https:\/\/unnadeluxe.fi\/produkt\/miss-mary-framknappt-bh\/#breadcrumb","itemListElement":[{"@type":"ListItem","position":1,"name":"Hem","item":"https:\/\/unnadeluxe.fi\/"},{"@type":"ListItem","position":2,"name":"Shop","item":"https:\/\/unnadeluxe.fi\/shop\/"},{"@type":"ListItem","position":3,"name":"Miss Mary Nova Framkn\u00e4ppt Bh"}]},{"@type":"WebSite","@id":"https:\/\/unnadeluxe.fi\/#website","url":"https:\/\/unnadeluxe.fi\/","name":"Unnadeluxe","description":"UnnaDeluxe","publisher":{"@id":"https:\/\/unnadeluxe.fi\/#organization"},"potentialAction":[{"@type":"SearchAction","target":{"@type":"EntryPoint","urlTemplate":"https:\/\/unnadeluxe.fi\/?s={search_term_string}"},"query-input":{"@type":"PropertyValueSpecification","valueRequired":true,"valueName":"search_term_string"}}],"inLanguage":"fi"},{"@type":"Organization","@id":"https:\/\/unnadeluxe.fi\/#organization","name":"Unnadeluxe","url":"https:\/\/unnadeluxe.fi\/","logo":{"@type":"ImageObject","inLanguage":"fi","@id":"https:\/\/unnadeluxe.fi\/#\/schema\/logo\/image\/","url":"https:\/\/unnadeluxe.fi\/wp-content\/uploads\/2022\/09\/Unna-logo-lingerie-black-and-gold.png","contentUrl":"https:\/\/unnadeluxe.fi\/wp-content\/uploads\/2022\/09\/Unna-logo-lingerie-black-and-gold.png","width":3150,"height":3937,"caption":"Unnadeluxe"},"image":{"@id":"https:\/\/unnadeluxe.fi\/#\/schema\/logo\/image\/"},"sameAs":["https:\/\/www.facebook.com\/UnnaDeluxe"]}]}},"_links":{"self":[{"href":"https:\/\/unnadeluxe.fi\/fi\/wp-json\/wp\/v2\/product\/6535","targetHints":{"allow":["GET"]}}],"collection":[{"href":"https:\/\/unnadeluxe.fi\/fi\/wp-json\/wp\/v2\/product"}],"about":[{"href":"https:\/\/unnadeluxe.fi\/fi\/wp-json\/wp\/v2\/types\/product"}],"wp:featuredmedia":[{"embeddable":true,"href":"https:\/\/unnadeluxe.fi\/fi\/wp-json\/wp\/v2\/media\/6536"}],"wp:attachment":[{"href":"https:\/\/unnadeluxe.fi\/fi\/wp-json\/wp\/v2\/media?parent=6535"}],"wp:term":[{"taxonomy":"product_brand","embeddable":true,"href":"https:\/\/unnadeluxe.fi\/fi\/wp-json\/wp\/v2\/product_brand?post=6535"},{"taxonomy":"product_cat","embeddable":true,"href":"https:\/\/unnadeluxe.fi\/fi\/wp-json\/wp\/v2\/product_cat?post=6535"},{"taxonomy":"product_tag","embeddable":true,"href":"https:\/\/unnadeluxe.fi\/fi\/wp-json\/wp\/v2\/product_tag?post=6535"}],"curies":[{"name":"wp","href":"https:\/\/api.w.org\/{rel}","templated":true}]}}