{"id":653,"date":"2023-02-16T16:55:28","date_gmt":"2023-02-16T16:55:28","guid":{"rendered":"https:\/\/unnadeluxe.fi\/?post_type=product&#038;p=653"},"modified":"2026-02-28T12:11:05","modified_gmt":"2026-02-28T12:11:05","slug":"ero-clitoris-cream-stimulating-30ml","status":"publish","type":"product","link":"https:\/\/unnadeluxe.fi\/fi\/tuote\/ero-clitoris-cream-stimulating-30ml\/","title":{"rendered":"Ero Clitoris Cream Stimulating 30ml"},"content":{"rendered":"<p>Glycerin, Aqua (vatten), alkohol denat., Arom (smak), Laureth-9, Panthenol, Vanillyl Butyl Ether, Rosmarinus Officinalis (rosmarin) bladolja, Aloe Barbadensis bladjuice pulver, Eugenia Caryophyllus bladolja, Cinnamomum Zeylanicum bladolja, Eugenol, Limonene, Linalool<\/p>","protected":false},"excerpt":{"rendered":"<p>En stimulerande klitoriskr\u00e4m som har en upphetsande effekt. Applicera ca 5 minuter f\u00f6re akten. F\u00f6rst\u00e4rker k\u00e4nseln i underlivet och ger en tinglande effekt. Kr\u00e4men \u00e4r bra f\u00f6r dig som har sv\u00e5rt f\u00f6r att komma ig\u00e5ng och k\u00e4nna lust och kan \u00e4ven f\u00f6rkorta tiden att f\u00e5 orgasm.<br \/>\nDenna kr\u00e4m har varit bland v\u00e5ra top produkter \u00e5r efter \u00e5r p\u00e5 v\u00e5ra Lustpartyn.<br \/>\n30 ml<\/p>","protected":false},"featured_media":655,"template":"","meta":[],"product_brand":[],"product_cat":[70,73,72,74],"product_tag":[],"class_list":{"0":"post-653","1":"product","2":"type-product","3":"status-publish","4":"has-post-thumbnail","6":"product_cat-lust-njutning","7":"product_cat-massage-och-glidmedel","8":"product_cat-sexuell-halsa","9":"product_cat-tillbehor","11":"first","12":"instock","13":"taxable","14":"shipping-taxable","15":"purchasable","16":"product-type-simple"},"yoast_head":"<!-- This site is optimized with the Yoast SEO plugin v27.1.1 - https:\/\/yoast.com\/product\/yoast-seo-wordpress\/ -->\n<title>Ero Clitoris Cream Stimulating 30ml - Unnadeluxe<\/title>\n<meta name=\"robots\" content=\"index, follow, max-snippet:-1, max-image-preview:large, max-video-preview:-1\" \/>\n<link rel=\"canonical\" href=\"https:\/\/unnadeluxe.fi\/fi\/tuote\/ero-clitoris-cream-stimulating-30ml\/\" \/>\n<meta property=\"og:locale\" content=\"fi_FI\" \/>\n<meta property=\"og:type\" content=\"article\" \/>\n<meta property=\"og:title\" content=\"Ero Clitoris Cream Stimulating 30ml - Unnadeluxe\" \/>\n<meta property=\"og:description\" content=\"En stimulerande klitoriskr\u00e4m som har en upphetsande effekt. Applicera ca 5 minuter f\u00f6re akten. F\u00f6rst\u00e4rker k\u00e4nseln i underlivet och ger en tinglande effekt. Kr\u00e4men \u00e4r bra f\u00f6r dig som har sv\u00e5rt f\u00f6r att komma ig\u00e5ng och k\u00e4nna lust och kan \u00e4ven f\u00f6rkorta tiden att f\u00e5 orgasm. Denna kr\u00e4m har varit bland v\u00e5ra top produkter \u00e5r efter \u00e5r p\u00e5 v\u00e5ra Lustpartyn. 30 ml\" \/>\n<meta property=\"og:url\" content=\"https:\/\/unnadeluxe.fi\/fi\/tuote\/ero-clitoris-cream-stimulating-30ml\/\" \/>\n<meta property=\"og:site_name\" content=\"Unnadeluxe\" \/>\n<meta property=\"article:publisher\" content=\"https:\/\/www.facebook.com\/UnnaDeluxe\" \/>\n<meta property=\"article:modified_time\" content=\"2026-02-28T12:11:05+00:00\" \/>\n<meta property=\"og:image\" content=\"https:\/\/unnadeluxe.fi\/wp-content\/uploads\/2023\/02\/p63553-723x1024-1.jpg\" \/>\n\t<meta property=\"og:image:width\" content=\"723\" \/>\n\t<meta property=\"og:image:height\" content=\"1024\" \/>\n\t<meta property=\"og:image:type\" content=\"image\/jpeg\" \/>\n<meta name=\"twitter:card\" content=\"summary_large_image\" \/>\n<meta name=\"twitter:label1\" content=\"Arvioitu lukuaika\" \/>\n\t<meta name=\"twitter:data1\" content=\"1 minuutti\" \/>\n<script type=\"application\/ld+json\" class=\"yoast-schema-graph\">{\"@context\":\"https:\/\/schema.org\",\"@graph\":[{\"@type\":\"WebPage\",\"@id\":\"https:\/\/unnadeluxe.fi\/produkt\/ero-clitoris-cream-stimulating-30ml\/\",\"url\":\"https:\/\/unnadeluxe.fi\/produkt\/ero-clitoris-cream-stimulating-30ml\/\",\"name\":\"Ero Clitoris Cream Stimulating 30ml - Unnadeluxe\",\"isPartOf\":{\"@id\":\"https:\/\/unnadeluxe.fi\/#website\"},\"primaryImageOfPage\":{\"@id\":\"https:\/\/unnadeluxe.fi\/produkt\/ero-clitoris-cream-stimulating-30ml\/#primaryimage\"},\"image\":{\"@id\":\"https:\/\/unnadeluxe.fi\/produkt\/ero-clitoris-cream-stimulating-30ml\/#primaryimage\"},\"thumbnailUrl\":\"https:\/\/unnadeluxe.fi\/wp-content\/uploads\/2023\/02\/p63553-723x1024-1.jpg\",\"datePublished\":\"2023-02-16T16:55:28+00:00\",\"dateModified\":\"2026-02-28T12:11:05+00:00\",\"breadcrumb\":{\"@id\":\"https:\/\/unnadeluxe.fi\/produkt\/ero-clitoris-cream-stimulating-30ml\/#breadcrumb\"},\"inLanguage\":\"fi\",\"potentialAction\":[{\"@type\":\"ReadAction\",\"target\":[\"https:\/\/unnadeluxe.fi\/produkt\/ero-clitoris-cream-stimulating-30ml\/\"]}]},{\"@type\":\"ImageObject\",\"inLanguage\":\"fi\",\"@id\":\"https:\/\/unnadeluxe.fi\/produkt\/ero-clitoris-cream-stimulating-30ml\/#primaryimage\",\"url\":\"https:\/\/unnadeluxe.fi\/wp-content\/uploads\/2023\/02\/p63553-723x1024-1.jpg\",\"contentUrl\":\"https:\/\/unnadeluxe.fi\/wp-content\/uploads\/2023\/02\/p63553-723x1024-1.jpg\",\"width\":723,\"height\":1024},{\"@type\":\"BreadcrumbList\",\"@id\":\"https:\/\/unnadeluxe.fi\/produkt\/ero-clitoris-cream-stimulating-30ml\/#breadcrumb\",\"itemListElement\":[{\"@type\":\"ListItem\",\"position\":1,\"name\":\"Hem\",\"item\":\"https:\/\/unnadeluxe.fi\/\"},{\"@type\":\"ListItem\",\"position\":2,\"name\":\"Shop\",\"item\":\"https:\/\/unnadeluxe.fi\/shop\/\"},{\"@type\":\"ListItem\",\"position\":3,\"name\":\"Ero Clitoris Cream Stimulating 30ml\"}]},{\"@type\":\"WebSite\",\"@id\":\"https:\/\/unnadeluxe.fi\/#website\",\"url\":\"https:\/\/unnadeluxe.fi\/\",\"name\":\"Unnadeluxe\",\"description\":\"UnnaDeluxe\",\"publisher\":{\"@id\":\"https:\/\/unnadeluxe.fi\/#organization\"},\"potentialAction\":[{\"@type\":\"SearchAction\",\"target\":{\"@type\":\"EntryPoint\",\"urlTemplate\":\"https:\/\/unnadeluxe.fi\/?s={search_term_string}\"},\"query-input\":{\"@type\":\"PropertyValueSpecification\",\"valueRequired\":true,\"valueName\":\"search_term_string\"}}],\"inLanguage\":\"fi\"},{\"@type\":\"Organization\",\"@id\":\"https:\/\/unnadeluxe.fi\/#organization\",\"name\":\"Unnadeluxe\",\"url\":\"https:\/\/unnadeluxe.fi\/\",\"logo\":{\"@type\":\"ImageObject\",\"inLanguage\":\"fi\",\"@id\":\"https:\/\/unnadeluxe.fi\/#\/schema\/logo\/image\/\",\"url\":\"https:\/\/unnadeluxe.fi\/wp-content\/uploads\/2022\/09\/Unna-logo-lingerie-black-and-gold.png\",\"contentUrl\":\"https:\/\/unnadeluxe.fi\/wp-content\/uploads\/2022\/09\/Unna-logo-lingerie-black-and-gold.png\",\"width\":3150,\"height\":3937,\"caption\":\"Unnadeluxe\"},\"image\":{\"@id\":\"https:\/\/unnadeluxe.fi\/#\/schema\/logo\/image\/\"},\"sameAs\":[\"https:\/\/www.facebook.com\/UnnaDeluxe\"]}]}<\/script>\n<!-- \/ Yoast SEO plugin. -->","yoast_head_json":{"title":"Ero Clitoris Cream Stimulating 30ml - Unnadeluxe","robots":{"index":"index","follow":"follow","max-snippet":"max-snippet:-1","max-image-preview":"max-image-preview:large","max-video-preview":"max-video-preview:-1"},"canonical":"https:\/\/unnadeluxe.fi\/fi\/tuote\/ero-clitoris-cream-stimulating-30ml\/","og_locale":"fi_FI","og_type":"article","og_title":"Ero Clitoris Cream Stimulating 30ml - Unnadeluxe","og_description":"En stimulerande klitoriskr\u00e4m som har en upphetsande effekt. Applicera ca 5 minuter f\u00f6re akten. F\u00f6rst\u00e4rker k\u00e4nseln i underlivet och ger en tinglande effekt. Kr\u00e4men \u00e4r bra f\u00f6r dig som har sv\u00e5rt f\u00f6r att komma ig\u00e5ng och k\u00e4nna lust och kan \u00e4ven f\u00f6rkorta tiden att f\u00e5 orgasm. Denna kr\u00e4m har varit bland v\u00e5ra top produkter \u00e5r efter \u00e5r p\u00e5 v\u00e5ra Lustpartyn. 30 ml","og_url":"https:\/\/unnadeluxe.fi\/fi\/tuote\/ero-clitoris-cream-stimulating-30ml\/","og_site_name":"Unnadeluxe","article_publisher":"https:\/\/www.facebook.com\/UnnaDeluxe","article_modified_time":"2026-02-28T12:11:05+00:00","og_image":[{"width":723,"height":1024,"url":"https:\/\/unnadeluxe.fi\/wp-content\/uploads\/2023\/02\/p63553-723x1024-1.jpg","type":"image\/jpeg"}],"twitter_card":"summary_large_image","twitter_misc":{"Arvioitu lukuaika":"1 minuutti"},"schema":{"@context":"https:\/\/schema.org","@graph":[{"@type":"WebPage","@id":"https:\/\/unnadeluxe.fi\/produkt\/ero-clitoris-cream-stimulating-30ml\/","url":"https:\/\/unnadeluxe.fi\/produkt\/ero-clitoris-cream-stimulating-30ml\/","name":"Ero Clitoris Cream Stimulating 30ml - Unnadeluxe","isPartOf":{"@id":"https:\/\/unnadeluxe.fi\/#website"},"primaryImageOfPage":{"@id":"https:\/\/unnadeluxe.fi\/produkt\/ero-clitoris-cream-stimulating-30ml\/#primaryimage"},"image":{"@id":"https:\/\/unnadeluxe.fi\/produkt\/ero-clitoris-cream-stimulating-30ml\/#primaryimage"},"thumbnailUrl":"https:\/\/unnadeluxe.fi\/wp-content\/uploads\/2023\/02\/p63553-723x1024-1.jpg","datePublished":"2023-02-16T16:55:28+00:00","dateModified":"2026-02-28T12:11:05+00:00","breadcrumb":{"@id":"https:\/\/unnadeluxe.fi\/produkt\/ero-clitoris-cream-stimulating-30ml\/#breadcrumb"},"inLanguage":"fi","potentialAction":[{"@type":"ReadAction","target":["https:\/\/unnadeluxe.fi\/produkt\/ero-clitoris-cream-stimulating-30ml\/"]}]},{"@type":"ImageObject","inLanguage":"fi","@id":"https:\/\/unnadeluxe.fi\/produkt\/ero-clitoris-cream-stimulating-30ml\/#primaryimage","url":"https:\/\/unnadeluxe.fi\/wp-content\/uploads\/2023\/02\/p63553-723x1024-1.jpg","contentUrl":"https:\/\/unnadeluxe.fi\/wp-content\/uploads\/2023\/02\/p63553-723x1024-1.jpg","width":723,"height":1024},{"@type":"BreadcrumbList","@id":"https:\/\/unnadeluxe.fi\/produkt\/ero-clitoris-cream-stimulating-30ml\/#breadcrumb","itemListElement":[{"@type":"ListItem","position":1,"name":"Hem","item":"https:\/\/unnadeluxe.fi\/"},{"@type":"ListItem","position":2,"name":"Shop","item":"https:\/\/unnadeluxe.fi\/shop\/"},{"@type":"ListItem","position":3,"name":"Ero Clitoris Cream Stimulating 30ml"}]},{"@type":"WebSite","@id":"https:\/\/unnadeluxe.fi\/#website","url":"https:\/\/unnadeluxe.fi\/","name":"Unnadeluxe","description":"UnnaDeluxe","publisher":{"@id":"https:\/\/unnadeluxe.fi\/#organization"},"potentialAction":[{"@type":"SearchAction","target":{"@type":"EntryPoint","urlTemplate":"https:\/\/unnadeluxe.fi\/?s={search_term_string}"},"query-input":{"@type":"PropertyValueSpecification","valueRequired":true,"valueName":"search_term_string"}}],"inLanguage":"fi"},{"@type":"Organization","@id":"https:\/\/unnadeluxe.fi\/#organization","name":"Unnadeluxe","url":"https:\/\/unnadeluxe.fi\/","logo":{"@type":"ImageObject","inLanguage":"fi","@id":"https:\/\/unnadeluxe.fi\/#\/schema\/logo\/image\/","url":"https:\/\/unnadeluxe.fi\/wp-content\/uploads\/2022\/09\/Unna-logo-lingerie-black-and-gold.png","contentUrl":"https:\/\/unnadeluxe.fi\/wp-content\/uploads\/2022\/09\/Unna-logo-lingerie-black-and-gold.png","width":3150,"height":3937,"caption":"Unnadeluxe"},"image":{"@id":"https:\/\/unnadeluxe.fi\/#\/schema\/logo\/image\/"},"sameAs":["https:\/\/www.facebook.com\/UnnaDeluxe"]}]}},"_links":{"self":[{"href":"https:\/\/unnadeluxe.fi\/fi\/wp-json\/wp\/v2\/product\/653","targetHints":{"allow":["GET"]}}],"collection":[{"href":"https:\/\/unnadeluxe.fi\/fi\/wp-json\/wp\/v2\/product"}],"about":[{"href":"https:\/\/unnadeluxe.fi\/fi\/wp-json\/wp\/v2\/types\/product"}],"wp:featuredmedia":[{"embeddable":true,"href":"https:\/\/unnadeluxe.fi\/fi\/wp-json\/wp\/v2\/media\/655"}],"wp:attachment":[{"href":"https:\/\/unnadeluxe.fi\/fi\/wp-json\/wp\/v2\/media?parent=653"}],"wp:term":[{"taxonomy":"product_brand","embeddable":true,"href":"https:\/\/unnadeluxe.fi\/fi\/wp-json\/wp\/v2\/product_brand?post=653"},{"taxonomy":"product_cat","embeddable":true,"href":"https:\/\/unnadeluxe.fi\/fi\/wp-json\/wp\/v2\/product_cat?post=653"},{"taxonomy":"product_tag","embeddable":true,"href":"https:\/\/unnadeluxe.fi\/fi\/wp-json\/wp\/v2\/product_tag?post=653"}],"curies":[{"name":"wp","href":"https:\/\/api.w.org\/{rel}","templated":true}]}}