{"id":646,"date":"2023-02-15T16:56:11","date_gmt":"2023-02-15T16:56:11","guid":{"rendered":"https:\/\/unnadeluxe.fi\/?post_type=product&#038;p=646"},"modified":"2026-04-19T06:35:46","modified_gmt":"2026-04-19T06:35:46","slug":"pjur-basic-silicone-100ml","status":"publish","type":"product","link":"https:\/\/unnadeluxe.fi\/fi\/tuote\/pjur-basic-silicone-100ml\/","title":{"rendered":"Pjur Basic Silicone 100ml"},"content":{"rendered":"<p>Ingredients: Cyclopentasiloxane, Dimethicone, Dimethiconol.<\/p>","protected":false},"excerpt":{"rendered":"<p>Pjur Basic \u00e4r ett medicinskt silikonbaserat glidmedel utan smak eller lukt. Produkten \u00e4r h\u00f6gkoncentrerad och r\u00e4cker l\u00e4nge. Lika sk\u00f6n till onani som till sex och analsex. Passar \u00e4ven f\u00f6r massage. Silikonbaserat glidmedel \u00e4r skonsamt f\u00f6r kvinnor med sk\u00f6ra slemhinnor. <\/p>","protected":false},"featured_media":652,"template":"","meta":[],"product_brand":[],"product_cat":[70,73,72],"product_tag":[],"class_list":{"0":"post-646","1":"product","2":"type-product","3":"status-publish","4":"has-post-thumbnail","6":"product_cat-lust-njutning","7":"product_cat-massage-och-glidmedel","8":"product_cat-sexuell-halsa","10":"first","11":"instock","12":"taxable","13":"shipping-taxable","14":"purchasable","15":"product-type-simple"},"yoast_head":"<!-- This site is optimized with the Yoast SEO plugin v27.5 - https:\/\/yoast.com\/product\/yoast-seo-wordpress\/ -->\n<title>Pjur Basic Silicone 100ml - Unnadeluxe<\/title>\n<meta name=\"robots\" content=\"index, follow, max-snippet:-1, max-image-preview:large, max-video-preview:-1\" \/>\n<link rel=\"canonical\" href=\"https:\/\/unnadeluxe.fi\/fi\/tuote\/pjur-basic-silicone-100ml\/\" \/>\n<meta property=\"og:locale\" content=\"fi_FI\" \/>\n<meta property=\"og:type\" content=\"article\" \/>\n<meta property=\"og:title\" content=\"Pjur Basic Silicone 100ml - Unnadeluxe\" \/>\n<meta property=\"og:description\" content=\"Pjur Basic \u00e4r ett medicinskt silikonbaserat glidmedel utan smak eller lukt. Produkten \u00e4r h\u00f6gkoncentrerad och r\u00e4cker l\u00e4nge. Lika sk\u00f6n till onani som till sex och analsex. Passar \u00e4ven f\u00f6r massage. Silikonbaserat glidmedel \u00e4r skonsamt f\u00f6r kvinnor med sk\u00f6ra slemhinnor.\" \/>\n<meta property=\"og:url\" content=\"https:\/\/unnadeluxe.fi\/fi\/tuote\/pjur-basic-silicone-100ml\/\" \/>\n<meta property=\"og:site_name\" content=\"Unnadeluxe\" \/>\n<meta property=\"article:publisher\" content=\"https:\/\/www.facebook.com\/UnnaDeluxe\" \/>\n<meta property=\"article:modified_time\" content=\"2026-04-19T06:35:46+00:00\" \/>\n<meta property=\"og:image\" content=\"https:\/\/unnadeluxe.fi\/wp-content\/uploads\/2023\/02\/pjur-silikonglidmedel.jpg\" \/>\n\t<meta property=\"og:image:width\" content=\"500\" \/>\n\t<meta property=\"og:image:height\" content=\"500\" \/>\n\t<meta property=\"og:image:type\" content=\"image\/jpeg\" \/>\n<meta name=\"twitter:card\" content=\"summary_large_image\" \/>\n<meta name=\"twitter:label1\" content=\"Arvioitu lukuaika\" \/>\n\t<meta name=\"twitter:data1\" content=\"1 minuutti\" \/>\n<script type=\"application\/ld+json\" class=\"yoast-schema-graph\">{\"@context\":\"https:\\\/\\\/schema.org\",\"@graph\":[{\"@type\":\"WebPage\",\"@id\":\"https:\\\/\\\/unnadeluxe.fi\\\/produkt\\\/pjur-basic-silicone-100ml\\\/\",\"url\":\"https:\\\/\\\/unnadeluxe.fi\\\/produkt\\\/pjur-basic-silicone-100ml\\\/\",\"name\":\"Pjur Basic Silicone 100ml - Unnadeluxe\",\"isPartOf\":{\"@id\":\"https:\\\/\\\/unnadeluxe.fi\\\/#website\"},\"primaryImageOfPage\":{\"@id\":\"https:\\\/\\\/unnadeluxe.fi\\\/produkt\\\/pjur-basic-silicone-100ml\\\/#primaryimage\"},\"image\":{\"@id\":\"https:\\\/\\\/unnadeluxe.fi\\\/produkt\\\/pjur-basic-silicone-100ml\\\/#primaryimage\"},\"thumbnailUrl\":\"https:\\\/\\\/unnadeluxe.fi\\\/wp-content\\\/uploads\\\/2023\\\/02\\\/pjur-silikonglidmedel.jpg\",\"datePublished\":\"2023-02-15T16:56:11+00:00\",\"dateModified\":\"2026-04-19T06:35:46+00:00\",\"breadcrumb\":{\"@id\":\"https:\\\/\\\/unnadeluxe.fi\\\/produkt\\\/pjur-basic-silicone-100ml\\\/#breadcrumb\"},\"inLanguage\":\"fi\",\"potentialAction\":[{\"@type\":\"ReadAction\",\"target\":[\"https:\\\/\\\/unnadeluxe.fi\\\/produkt\\\/pjur-basic-silicone-100ml\\\/\"]}]},{\"@type\":\"ImageObject\",\"inLanguage\":\"fi\",\"@id\":\"https:\\\/\\\/unnadeluxe.fi\\\/produkt\\\/pjur-basic-silicone-100ml\\\/#primaryimage\",\"url\":\"https:\\\/\\\/unnadeluxe.fi\\\/wp-content\\\/uploads\\\/2023\\\/02\\\/pjur-silikonglidmedel.jpg\",\"contentUrl\":\"https:\\\/\\\/unnadeluxe.fi\\\/wp-content\\\/uploads\\\/2023\\\/02\\\/pjur-silikonglidmedel.jpg\",\"width\":500,\"height\":500},{\"@type\":\"BreadcrumbList\",\"@id\":\"https:\\\/\\\/unnadeluxe.fi\\\/produkt\\\/pjur-basic-silicone-100ml\\\/#breadcrumb\",\"itemListElement\":[{\"@type\":\"ListItem\",\"position\":1,\"name\":\"Hem\",\"item\":\"https:\\\/\\\/unnadeluxe.fi\\\/\"},{\"@type\":\"ListItem\",\"position\":2,\"name\":\"Shop\",\"item\":\"https:\\\/\\\/unnadeluxe.fi\\\/shop\\\/\"},{\"@type\":\"ListItem\",\"position\":3,\"name\":\"Pjur Basic Silicone 100ml\"}]},{\"@type\":\"WebSite\",\"@id\":\"https:\\\/\\\/unnadeluxe.fi\\\/#website\",\"url\":\"https:\\\/\\\/unnadeluxe.fi\\\/\",\"name\":\"Unnadeluxe\",\"description\":\"UnnaDeluxe\",\"publisher\":{\"@id\":\"https:\\\/\\\/unnadeluxe.fi\\\/#organization\"},\"potentialAction\":[{\"@type\":\"SearchAction\",\"target\":{\"@type\":\"EntryPoint\",\"urlTemplate\":\"https:\\\/\\\/unnadeluxe.fi\\\/?s={search_term_string}\"},\"query-input\":{\"@type\":\"PropertyValueSpecification\",\"valueRequired\":true,\"valueName\":\"search_term_string\"}}],\"inLanguage\":\"fi\"},{\"@type\":\"Organization\",\"@id\":\"https:\\\/\\\/unnadeluxe.fi\\\/#organization\",\"name\":\"Unnadeluxe\",\"url\":\"https:\\\/\\\/unnadeluxe.fi\\\/\",\"logo\":{\"@type\":\"ImageObject\",\"inLanguage\":\"fi\",\"@id\":\"https:\\\/\\\/unnadeluxe.fi\\\/#\\\/schema\\\/logo\\\/image\\\/\",\"url\":\"https:\\\/\\\/unnadeluxe.fi\\\/wp-content\\\/uploads\\\/2022\\\/09\\\/Unna-logo-lingerie-black-and-gold.png\",\"contentUrl\":\"https:\\\/\\\/unnadeluxe.fi\\\/wp-content\\\/uploads\\\/2022\\\/09\\\/Unna-logo-lingerie-black-and-gold.png\",\"width\":3150,\"height\":3937,\"caption\":\"Unnadeluxe\"},\"image\":{\"@id\":\"https:\\\/\\\/unnadeluxe.fi\\\/#\\\/schema\\\/logo\\\/image\\\/\"},\"sameAs\":[\"https:\\\/\\\/www.facebook.com\\\/UnnaDeluxe\"]}]}<\/script>\n<!-- \/ Yoast SEO plugin. -->","yoast_head_json":{"title":"Pjur Basic Silicone 100ml - Unnadeluxe","robots":{"index":"index","follow":"follow","max-snippet":"max-snippet:-1","max-image-preview":"max-image-preview:large","max-video-preview":"max-video-preview:-1"},"canonical":"https:\/\/unnadeluxe.fi\/fi\/tuote\/pjur-basic-silicone-100ml\/","og_locale":"fi_FI","og_type":"article","og_title":"Pjur Basic Silicone 100ml - Unnadeluxe","og_description":"Pjur Basic \u00e4r ett medicinskt silikonbaserat glidmedel utan smak eller lukt. Produkten \u00e4r h\u00f6gkoncentrerad och r\u00e4cker l\u00e4nge. Lika sk\u00f6n till onani som till sex och analsex. Passar \u00e4ven f\u00f6r massage. Silikonbaserat glidmedel \u00e4r skonsamt f\u00f6r kvinnor med sk\u00f6ra slemhinnor.","og_url":"https:\/\/unnadeluxe.fi\/fi\/tuote\/pjur-basic-silicone-100ml\/","og_site_name":"Unnadeluxe","article_publisher":"https:\/\/www.facebook.com\/UnnaDeluxe","article_modified_time":"2026-04-19T06:35:46+00:00","og_image":[{"width":500,"height":500,"url":"https:\/\/unnadeluxe.fi\/wp-content\/uploads\/2023\/02\/pjur-silikonglidmedel.jpg","type":"image\/jpeg"}],"twitter_card":"summary_large_image","twitter_misc":{"Arvioitu lukuaika":"1 minuutti"},"schema":{"@context":"https:\/\/schema.org","@graph":[{"@type":"WebPage","@id":"https:\/\/unnadeluxe.fi\/produkt\/pjur-basic-silicone-100ml\/","url":"https:\/\/unnadeluxe.fi\/produkt\/pjur-basic-silicone-100ml\/","name":"Pjur Basic Silicone 100ml - Unnadeluxe","isPartOf":{"@id":"https:\/\/unnadeluxe.fi\/#website"},"primaryImageOfPage":{"@id":"https:\/\/unnadeluxe.fi\/produkt\/pjur-basic-silicone-100ml\/#primaryimage"},"image":{"@id":"https:\/\/unnadeluxe.fi\/produkt\/pjur-basic-silicone-100ml\/#primaryimage"},"thumbnailUrl":"https:\/\/unnadeluxe.fi\/wp-content\/uploads\/2023\/02\/pjur-silikonglidmedel.jpg","datePublished":"2023-02-15T16:56:11+00:00","dateModified":"2026-04-19T06:35:46+00:00","breadcrumb":{"@id":"https:\/\/unnadeluxe.fi\/produkt\/pjur-basic-silicone-100ml\/#breadcrumb"},"inLanguage":"fi","potentialAction":[{"@type":"ReadAction","target":["https:\/\/unnadeluxe.fi\/produkt\/pjur-basic-silicone-100ml\/"]}]},{"@type":"ImageObject","inLanguage":"fi","@id":"https:\/\/unnadeluxe.fi\/produkt\/pjur-basic-silicone-100ml\/#primaryimage","url":"https:\/\/unnadeluxe.fi\/wp-content\/uploads\/2023\/02\/pjur-silikonglidmedel.jpg","contentUrl":"https:\/\/unnadeluxe.fi\/wp-content\/uploads\/2023\/02\/pjur-silikonglidmedel.jpg","width":500,"height":500},{"@type":"BreadcrumbList","@id":"https:\/\/unnadeluxe.fi\/produkt\/pjur-basic-silicone-100ml\/#breadcrumb","itemListElement":[{"@type":"ListItem","position":1,"name":"Hem","item":"https:\/\/unnadeluxe.fi\/"},{"@type":"ListItem","position":2,"name":"Shop","item":"https:\/\/unnadeluxe.fi\/shop\/"},{"@type":"ListItem","position":3,"name":"Pjur Basic Silicone 100ml"}]},{"@type":"WebSite","@id":"https:\/\/unnadeluxe.fi\/#website","url":"https:\/\/unnadeluxe.fi\/","name":"Unnadeluxe","description":"UnnaDeluxe","publisher":{"@id":"https:\/\/unnadeluxe.fi\/#organization"},"potentialAction":[{"@type":"SearchAction","target":{"@type":"EntryPoint","urlTemplate":"https:\/\/unnadeluxe.fi\/?s={search_term_string}"},"query-input":{"@type":"PropertyValueSpecification","valueRequired":true,"valueName":"search_term_string"}}],"inLanguage":"fi"},{"@type":"Organization","@id":"https:\/\/unnadeluxe.fi\/#organization","name":"Unnadeluxe","url":"https:\/\/unnadeluxe.fi\/","logo":{"@type":"ImageObject","inLanguage":"fi","@id":"https:\/\/unnadeluxe.fi\/#\/schema\/logo\/image\/","url":"https:\/\/unnadeluxe.fi\/wp-content\/uploads\/2022\/09\/Unna-logo-lingerie-black-and-gold.png","contentUrl":"https:\/\/unnadeluxe.fi\/wp-content\/uploads\/2022\/09\/Unna-logo-lingerie-black-and-gold.png","width":3150,"height":3937,"caption":"Unnadeluxe"},"image":{"@id":"https:\/\/unnadeluxe.fi\/#\/schema\/logo\/image\/"},"sameAs":["https:\/\/www.facebook.com\/UnnaDeluxe"]}]}},"_links":{"self":[{"href":"https:\/\/unnadeluxe.fi\/fi\/wp-json\/wp\/v2\/product\/646","targetHints":{"allow":["GET"]}}],"collection":[{"href":"https:\/\/unnadeluxe.fi\/fi\/wp-json\/wp\/v2\/product"}],"about":[{"href":"https:\/\/unnadeluxe.fi\/fi\/wp-json\/wp\/v2\/types\/product"}],"wp:featuredmedia":[{"embeddable":true,"href":"https:\/\/unnadeluxe.fi\/fi\/wp-json\/wp\/v2\/media\/652"}],"wp:attachment":[{"href":"https:\/\/unnadeluxe.fi\/fi\/wp-json\/wp\/v2\/media?parent=646"}],"wp:term":[{"taxonomy":"product_brand","embeddable":true,"href":"https:\/\/unnadeluxe.fi\/fi\/wp-json\/wp\/v2\/product_brand?post=646"},{"taxonomy":"product_cat","embeddable":true,"href":"https:\/\/unnadeluxe.fi\/fi\/wp-json\/wp\/v2\/product_cat?post=646"},{"taxonomy":"product_tag","embeddable":true,"href":"https:\/\/unnadeluxe.fi\/fi\/wp-json\/wp\/v2\/product_tag?post=646"}],"curies":[{"name":"wp","href":"https:\/\/api.w.org\/{rel}","templated":true}]}}