{"id":6425,"date":"2025-09-17T15:06:23","date_gmt":"2025-09-17T15:06:23","guid":{"rendered":"https:\/\/unnadeluxe.fi\/?post_type=product&#038;p=6425"},"modified":"2025-10-25T10:34:17","modified_gmt":"2025-10-25T10:34:17","slug":"miss-mary-jacquard-lace-bh-2","status":"publish","type":"product","link":"https:\/\/unnadeluxe.fi\/fi\/tuote\/miss-mary-jacquard-lace-bh-2\/","title":{"rendered":"Miss Mary Jacquard &#038; Lace Bh"},"content":{"rendered":"<p>Tv\u00e4ttinstruktioner: Handtv\u00e4tt<br \/>\nMaterial: 79% polyamid, 13% elastan, 8% polyester.<br \/>\nHak och Hysk: B-D 75-110: 3 p\u00e5 h\u00f6jden. E-G 75-110: 4 p\u00e5 h\u00f6jden<br \/>\nF\u00e4rg: M\u00f6rkgr\u00e5<\/p>","protected":false},"excerpt":{"rendered":"<p>Jacquard &#038; Lace bygel-bh har en i\u00f6gonfallande kombination av exklusiv jacquard och stretchspets, vilket g\u00f6r den perfekt b\u00e5de till vardags som till finare tillf\u00e4llen. Helkupa med tv\u00e5delad sk\u00e4rning med vadderat sidost\u00f6d och stumt material i underkupa lyfter och centrerar \u00e4ven den riktigt tunga bysten, samtidigt som den ger bysten en naturligt rund form utan att \u00f6ka dess volym. Ergo Front \u2122, upph\u00f6jd nederkant framtill f\u00f6rhindrar att bandet viker sig samt ger \u00f6kad komfort n\u00e4r man sitter ner. Vadderade, reglerbara komfortaxelband. Elastisk u-formad rygg med justerbar hak- &#038; hyskkn\u00e4ppning.<\/p>","protected":false},"featured_media":6468,"template":"","meta":[],"product_brand":[78],"product_cat":[28,55],"product_tag":[],"class_list":{"0":"post-6425","1":"product","2":"type-product","3":"status-publish","4":"has-post-thumbnail","6":"product_brand-miss-mary","7":"product_cat-bhn","8":"product_cat-bygel-bh","10":"first","11":"instock","12":"taxable","13":"shipping-taxable","14":"purchasable","15":"product-type-variable"},"yoast_head":"<!-- This site is optimized with the Yoast SEO plugin v27.1.1 - https:\/\/yoast.com\/product\/yoast-seo-wordpress\/ -->\n<title>Miss Mary Jacquard &amp; Lace Bh - Unnadeluxe<\/title>\n<meta name=\"robots\" content=\"index, follow, max-snippet:-1, max-image-preview:large, max-video-preview:-1\" \/>\n<link rel=\"canonical\" href=\"https:\/\/unnadeluxe.fi\/fi\/tuote\/miss-mary-jacquard-lace-bh-2\/\" \/>\n<meta property=\"og:locale\" content=\"fi_FI\" \/>\n<meta property=\"og:type\" content=\"article\" \/>\n<meta property=\"og:title\" content=\"Miss Mary Jacquard &amp; Lace Bh - Unnadeluxe\" \/>\n<meta property=\"og:description\" content=\"Jacquard &amp; Lace bygel-bh har en i\u00f6gonfallande kombination av exklusiv jacquard och stretchspets, vilket g\u00f6r den perfekt b\u00e5de till vardags som till finare tillf\u00e4llen. Helkupa med tv\u00e5delad sk\u00e4rning med vadderat sidost\u00f6d och stumt material i underkupa lyfter och centrerar \u00e4ven den riktigt tunga bysten, samtidigt som den ger bysten en naturligt rund form utan att \u00f6ka dess volym. Ergo Front \u2122, upph\u00f6jd nederkant framtill f\u00f6rhindrar att bandet viker sig samt ger \u00f6kad komfort n\u00e4r man sitter ner. Vadderade, reglerbara komfortaxelband. Elastisk u-formad rygg med justerbar hak- &amp; hyskkn\u00e4ppning.\" \/>\n<meta property=\"og:url\" content=\"https:\/\/unnadeluxe.fi\/fi\/tuote\/miss-mary-jacquard-lace-bh-2\/\" \/>\n<meta property=\"og:site_name\" content=\"Unnadeluxe\" \/>\n<meta property=\"article:publisher\" content=\"https:\/\/www.facebook.com\/UnnaDeluxe\" \/>\n<meta property=\"article:modified_time\" content=\"2025-10-25T10:34:17+00:00\" \/>\n<meta property=\"og:image\" content=\"https:\/\/unnadeluxe.fi\/wp-content\/uploads\/2025\/09\/76_371369b2a8-2166-60_detail-01_b-original.jpg\" \/>\n\t<meta property=\"og:image:width\" content=\"768\" \/>\n\t<meta property=\"og:image:height\" content=\"1151\" \/>\n\t<meta property=\"og:image:type\" content=\"image\/jpeg\" \/>\n<meta name=\"twitter:card\" content=\"summary_large_image\" \/>\n<meta name=\"twitter:label1\" content=\"Arvioitu lukuaika\" \/>\n\t<meta name=\"twitter:data1\" content=\"1 minuutti\" \/>\n<script type=\"application\/ld+json\" class=\"yoast-schema-graph\">{\"@context\":\"https:\/\/schema.org\",\"@graph\":[{\"@type\":\"WebPage\",\"@id\":\"https:\/\/unnadeluxe.fi\/produkt\/miss-mary-jacquard-lace-bh-2\/\",\"url\":\"https:\/\/unnadeluxe.fi\/produkt\/miss-mary-jacquard-lace-bh-2\/\",\"name\":\"Miss Mary Jacquard & Lace Bh - Unnadeluxe\",\"isPartOf\":{\"@id\":\"https:\/\/unnadeluxe.fi\/#website\"},\"primaryImageOfPage\":{\"@id\":\"https:\/\/unnadeluxe.fi\/produkt\/miss-mary-jacquard-lace-bh-2\/#primaryimage\"},\"image\":{\"@id\":\"https:\/\/unnadeluxe.fi\/produkt\/miss-mary-jacquard-lace-bh-2\/#primaryimage\"},\"thumbnailUrl\":\"https:\/\/unnadeluxe.fi\/wp-content\/uploads\/2025\/09\/76_371369b2a8-2166-60_detail-01_b-original.jpg\",\"datePublished\":\"2025-09-17T15:06:23+00:00\",\"dateModified\":\"2025-10-25T10:34:17+00:00\",\"breadcrumb\":{\"@id\":\"https:\/\/unnadeluxe.fi\/produkt\/miss-mary-jacquard-lace-bh-2\/#breadcrumb\"},\"inLanguage\":\"fi\",\"potentialAction\":[{\"@type\":\"ReadAction\",\"target\":[\"https:\/\/unnadeluxe.fi\/produkt\/miss-mary-jacquard-lace-bh-2\/\"]}]},{\"@type\":\"ImageObject\",\"inLanguage\":\"fi\",\"@id\":\"https:\/\/unnadeluxe.fi\/produkt\/miss-mary-jacquard-lace-bh-2\/#primaryimage\",\"url\":\"https:\/\/unnadeluxe.fi\/wp-content\/uploads\/2025\/09\/76_371369b2a8-2166-60_detail-01_b-original.jpg\",\"contentUrl\":\"https:\/\/unnadeluxe.fi\/wp-content\/uploads\/2025\/09\/76_371369b2a8-2166-60_detail-01_b-original.jpg\",\"width\":768,\"height\":1151},{\"@type\":\"BreadcrumbList\",\"@id\":\"https:\/\/unnadeluxe.fi\/produkt\/miss-mary-jacquard-lace-bh-2\/#breadcrumb\",\"itemListElement\":[{\"@type\":\"ListItem\",\"position\":1,\"name\":\"Hem\",\"item\":\"https:\/\/unnadeluxe.fi\/\"},{\"@type\":\"ListItem\",\"position\":2,\"name\":\"Shop\",\"item\":\"https:\/\/unnadeluxe.fi\/shop\/\"},{\"@type\":\"ListItem\",\"position\":3,\"name\":\"Miss Mary Jacquard &#038; Lace Bh\"}]},{\"@type\":\"WebSite\",\"@id\":\"https:\/\/unnadeluxe.fi\/#website\",\"url\":\"https:\/\/unnadeluxe.fi\/\",\"name\":\"Unnadeluxe\",\"description\":\"UnnaDeluxe\",\"publisher\":{\"@id\":\"https:\/\/unnadeluxe.fi\/#organization\"},\"potentialAction\":[{\"@type\":\"SearchAction\",\"target\":{\"@type\":\"EntryPoint\",\"urlTemplate\":\"https:\/\/unnadeluxe.fi\/?s={search_term_string}\"},\"query-input\":{\"@type\":\"PropertyValueSpecification\",\"valueRequired\":true,\"valueName\":\"search_term_string\"}}],\"inLanguage\":\"fi\"},{\"@type\":\"Organization\",\"@id\":\"https:\/\/unnadeluxe.fi\/#organization\",\"name\":\"Unnadeluxe\",\"url\":\"https:\/\/unnadeluxe.fi\/\",\"logo\":{\"@type\":\"ImageObject\",\"inLanguage\":\"fi\",\"@id\":\"https:\/\/unnadeluxe.fi\/#\/schema\/logo\/image\/\",\"url\":\"https:\/\/unnadeluxe.fi\/wp-content\/uploads\/2022\/09\/Unna-logo-lingerie-black-and-gold.png\",\"contentUrl\":\"https:\/\/unnadeluxe.fi\/wp-content\/uploads\/2022\/09\/Unna-logo-lingerie-black-and-gold.png\",\"width\":3150,\"height\":3937,\"caption\":\"Unnadeluxe\"},\"image\":{\"@id\":\"https:\/\/unnadeluxe.fi\/#\/schema\/logo\/image\/\"},\"sameAs\":[\"https:\/\/www.facebook.com\/UnnaDeluxe\"]}]}<\/script>\n<!-- \/ Yoast SEO plugin. -->","yoast_head_json":{"title":"Miss Mary Jacquard & Lace Bh - Unnadeluxe","robots":{"index":"index","follow":"follow","max-snippet":"max-snippet:-1","max-image-preview":"max-image-preview:large","max-video-preview":"max-video-preview:-1"},"canonical":"https:\/\/unnadeluxe.fi\/fi\/tuote\/miss-mary-jacquard-lace-bh-2\/","og_locale":"fi_FI","og_type":"article","og_title":"Miss Mary Jacquard & Lace Bh - Unnadeluxe","og_description":"Jacquard & Lace bygel-bh har en i\u00f6gonfallande kombination av exklusiv jacquard och stretchspets, vilket g\u00f6r den perfekt b\u00e5de till vardags som till finare tillf\u00e4llen. Helkupa med tv\u00e5delad sk\u00e4rning med vadderat sidost\u00f6d och stumt material i underkupa lyfter och centrerar \u00e4ven den riktigt tunga bysten, samtidigt som den ger bysten en naturligt rund form utan att \u00f6ka dess volym. Ergo Front \u2122, upph\u00f6jd nederkant framtill f\u00f6rhindrar att bandet viker sig samt ger \u00f6kad komfort n\u00e4r man sitter ner. Vadderade, reglerbara komfortaxelband. Elastisk u-formad rygg med justerbar hak- & hyskkn\u00e4ppning.","og_url":"https:\/\/unnadeluxe.fi\/fi\/tuote\/miss-mary-jacquard-lace-bh-2\/","og_site_name":"Unnadeluxe","article_publisher":"https:\/\/www.facebook.com\/UnnaDeluxe","article_modified_time":"2025-10-25T10:34:17+00:00","og_image":[{"width":768,"height":1151,"url":"https:\/\/unnadeluxe.fi\/wp-content\/uploads\/2025\/09\/76_371369b2a8-2166-60_detail-01_b-original.jpg","type":"image\/jpeg"}],"twitter_card":"summary_large_image","twitter_misc":{"Arvioitu lukuaika":"1 minuutti"},"schema":{"@context":"https:\/\/schema.org","@graph":[{"@type":"WebPage","@id":"https:\/\/unnadeluxe.fi\/produkt\/miss-mary-jacquard-lace-bh-2\/","url":"https:\/\/unnadeluxe.fi\/produkt\/miss-mary-jacquard-lace-bh-2\/","name":"Miss Mary Jacquard & Lace Bh - Unnadeluxe","isPartOf":{"@id":"https:\/\/unnadeluxe.fi\/#website"},"primaryImageOfPage":{"@id":"https:\/\/unnadeluxe.fi\/produkt\/miss-mary-jacquard-lace-bh-2\/#primaryimage"},"image":{"@id":"https:\/\/unnadeluxe.fi\/produkt\/miss-mary-jacquard-lace-bh-2\/#primaryimage"},"thumbnailUrl":"https:\/\/unnadeluxe.fi\/wp-content\/uploads\/2025\/09\/76_371369b2a8-2166-60_detail-01_b-original.jpg","datePublished":"2025-09-17T15:06:23+00:00","dateModified":"2025-10-25T10:34:17+00:00","breadcrumb":{"@id":"https:\/\/unnadeluxe.fi\/produkt\/miss-mary-jacquard-lace-bh-2\/#breadcrumb"},"inLanguage":"fi","potentialAction":[{"@type":"ReadAction","target":["https:\/\/unnadeluxe.fi\/produkt\/miss-mary-jacquard-lace-bh-2\/"]}]},{"@type":"ImageObject","inLanguage":"fi","@id":"https:\/\/unnadeluxe.fi\/produkt\/miss-mary-jacquard-lace-bh-2\/#primaryimage","url":"https:\/\/unnadeluxe.fi\/wp-content\/uploads\/2025\/09\/76_371369b2a8-2166-60_detail-01_b-original.jpg","contentUrl":"https:\/\/unnadeluxe.fi\/wp-content\/uploads\/2025\/09\/76_371369b2a8-2166-60_detail-01_b-original.jpg","width":768,"height":1151},{"@type":"BreadcrumbList","@id":"https:\/\/unnadeluxe.fi\/produkt\/miss-mary-jacquard-lace-bh-2\/#breadcrumb","itemListElement":[{"@type":"ListItem","position":1,"name":"Hem","item":"https:\/\/unnadeluxe.fi\/"},{"@type":"ListItem","position":2,"name":"Shop","item":"https:\/\/unnadeluxe.fi\/shop\/"},{"@type":"ListItem","position":3,"name":"Miss Mary Jacquard &#038; Lace Bh"}]},{"@type":"WebSite","@id":"https:\/\/unnadeluxe.fi\/#website","url":"https:\/\/unnadeluxe.fi\/","name":"Unnadeluxe","description":"UnnaDeluxe","publisher":{"@id":"https:\/\/unnadeluxe.fi\/#organization"},"potentialAction":[{"@type":"SearchAction","target":{"@type":"EntryPoint","urlTemplate":"https:\/\/unnadeluxe.fi\/?s={search_term_string}"},"query-input":{"@type":"PropertyValueSpecification","valueRequired":true,"valueName":"search_term_string"}}],"inLanguage":"fi"},{"@type":"Organization","@id":"https:\/\/unnadeluxe.fi\/#organization","name":"Unnadeluxe","url":"https:\/\/unnadeluxe.fi\/","logo":{"@type":"ImageObject","inLanguage":"fi","@id":"https:\/\/unnadeluxe.fi\/#\/schema\/logo\/image\/","url":"https:\/\/unnadeluxe.fi\/wp-content\/uploads\/2022\/09\/Unna-logo-lingerie-black-and-gold.png","contentUrl":"https:\/\/unnadeluxe.fi\/wp-content\/uploads\/2022\/09\/Unna-logo-lingerie-black-and-gold.png","width":3150,"height":3937,"caption":"Unnadeluxe"},"image":{"@id":"https:\/\/unnadeluxe.fi\/#\/schema\/logo\/image\/"},"sameAs":["https:\/\/www.facebook.com\/UnnaDeluxe"]}]}},"_links":{"self":[{"href":"https:\/\/unnadeluxe.fi\/fi\/wp-json\/wp\/v2\/product\/6425","targetHints":{"allow":["GET"]}}],"collection":[{"href":"https:\/\/unnadeluxe.fi\/fi\/wp-json\/wp\/v2\/product"}],"about":[{"href":"https:\/\/unnadeluxe.fi\/fi\/wp-json\/wp\/v2\/types\/product"}],"wp:featuredmedia":[{"embeddable":true,"href":"https:\/\/unnadeluxe.fi\/fi\/wp-json\/wp\/v2\/media\/6468"}],"wp:attachment":[{"href":"https:\/\/unnadeluxe.fi\/fi\/wp-json\/wp\/v2\/media?parent=6425"}],"wp:term":[{"taxonomy":"product_brand","embeddable":true,"href":"https:\/\/unnadeluxe.fi\/fi\/wp-json\/wp\/v2\/product_brand?post=6425"},{"taxonomy":"product_cat","embeddable":true,"href":"https:\/\/unnadeluxe.fi\/fi\/wp-json\/wp\/v2\/product_cat?post=6425"},{"taxonomy":"product_tag","embeddable":true,"href":"https:\/\/unnadeluxe.fi\/fi\/wp-json\/wp\/v2\/product_tag?post=6425"}],"curies":[{"name":"wp","href":"https:\/\/api.w.org\/{rel}","templated":true}]}}