{"id":641,"date":"2023-02-15T16:34:57","date_gmt":"2023-02-15T16:34:57","guid":{"rendered":"https:\/\/unnadeluxe.fi\/?post_type=product&#038;p=641"},"modified":"2026-02-28T12:11:35","modified_gmt":"2026-02-28T12:11:35","slug":"system-jo-h20-cool-lubricant-120ml","status":"publish","type":"product","link":"https:\/\/unnadeluxe.fi\/fi\/tuote\/system-jo-h20-cool-lubricant-120ml\/","title":{"rendered":"System JO H20 Cool Lubricant 120ml"},"content":{"rendered":"<p>Water (Aqua), Glycerin, Polysorbate 20, Propylene Glycol, Hydroxyethylcellulose, Chlorphenesin, Mentha Piperita (Peppermint) Leaf Extract, Sodium Hydroxide<\/p>","protected":false},"excerpt":{"rendered":"<p>System JO H2O Cool Lubricant \u00e4r ett vattenbaserat glidmedel med kylande och pirrande k\u00e4nsla f\u00f6r mer stimulans. Du kommer garanterat att k\u00e4nna en effekt.<\/p>\n<p>Med sina h\u00f6gkvalitativa ingredienser ger detta glidmedel ett l\u00e5ngvarigt glid som k\u00e4nns n\u00e4stan som ett silikonbaserat glidmedel.<\/p>\n<p>Passar till alla former av samlag och onani samt till h\u00e4rligt oralsex. Dessutom funkar glidmedlet med sexleksaker av alla material och kondom.<\/p>\n<p>Doftfri<\/p>","protected":false},"featured_media":642,"template":"","meta":[],"product_brand":[],"product_cat":[73],"product_tag":[],"class_list":{"0":"post-641","1":"product","2":"type-product","3":"status-publish","4":"has-post-thumbnail","6":"product_cat-massage-och-glidmedel","8":"first","9":"instock","10":"sale","11":"taxable","12":"shipping-taxable","13":"purchasable","14":"product-type-simple"},"yoast_head":"<!-- This site is optimized with the Yoast SEO plugin v27.1.1 - https:\/\/yoast.com\/product\/yoast-seo-wordpress\/ -->\n<title>System JO H20 Cool Lubricant 120ml - Unnadeluxe<\/title>\n<meta name=\"robots\" content=\"index, follow, max-snippet:-1, max-image-preview:large, max-video-preview:-1\" \/>\n<link rel=\"canonical\" href=\"https:\/\/unnadeluxe.fi\/fi\/tuote\/system-jo-h20-cool-lubricant-120ml\/\" \/>\n<meta property=\"og:locale\" content=\"fi_FI\" \/>\n<meta property=\"og:type\" content=\"article\" \/>\n<meta property=\"og:title\" content=\"System JO H20 Cool Lubricant 120ml - Unnadeluxe\" \/>\n<meta property=\"og:description\" content=\"System JO H2O Cool Lubricant \u00e4r ett vattenbaserat glidmedel med kylande och pirrande k\u00e4nsla f\u00f6r mer stimulans. Du kommer garanterat att k\u00e4nna en effekt.  Med sina h\u00f6gkvalitativa ingredienser ger detta glidmedel ett l\u00e5ngvarigt glid som k\u00e4nns n\u00e4stan som ett silikonbaserat glidmedel.  Passar till alla former av samlag och onani samt till h\u00e4rligt oralsex. Dessutom funkar glidmedlet med sexleksaker av alla material och kondom.  Doftfri\" \/>\n<meta property=\"og:url\" content=\"https:\/\/unnadeluxe.fi\/fi\/tuote\/system-jo-h20-cool-lubricant-120ml\/\" \/>\n<meta property=\"og:site_name\" content=\"Unnadeluxe\" \/>\n<meta property=\"article:publisher\" content=\"https:\/\/www.facebook.com\/UnnaDeluxe\" \/>\n<meta property=\"article:modified_time\" content=\"2026-02-28T12:11:35+00:00\" \/>\n<meta property=\"og:image\" content=\"https:\/\/unnadeluxe.fi\/wp-content\/uploads\/2023\/02\/E25007_hr-scaled.jpg\" \/>\n\t<meta property=\"og:image:width\" content=\"2560\" \/>\n\t<meta property=\"og:image:height\" content=\"2560\" \/>\n\t<meta property=\"og:image:type\" content=\"image\/jpeg\" \/>\n<meta name=\"twitter:card\" content=\"summary_large_image\" \/>\n<meta name=\"twitter:label1\" content=\"Arvioitu lukuaika\" \/>\n\t<meta name=\"twitter:data1\" content=\"1 minuutti\" \/>\n<script type=\"application\/ld+json\" class=\"yoast-schema-graph\">{\"@context\":\"https:\/\/schema.org\",\"@graph\":[{\"@type\":\"WebPage\",\"@id\":\"https:\/\/unnadeluxe.fi\/produkt\/system-jo-h20-cool-lubricant-120ml\/\",\"url\":\"https:\/\/unnadeluxe.fi\/produkt\/system-jo-h20-cool-lubricant-120ml\/\",\"name\":\"System JO H20 Cool Lubricant 120ml - Unnadeluxe\",\"isPartOf\":{\"@id\":\"https:\/\/unnadeluxe.fi\/#website\"},\"primaryImageOfPage\":{\"@id\":\"https:\/\/unnadeluxe.fi\/produkt\/system-jo-h20-cool-lubricant-120ml\/#primaryimage\"},\"image\":{\"@id\":\"https:\/\/unnadeluxe.fi\/produkt\/system-jo-h20-cool-lubricant-120ml\/#primaryimage\"},\"thumbnailUrl\":\"https:\/\/unnadeluxe.fi\/wp-content\/uploads\/2023\/02\/E25007_hr-scaled.jpg\",\"datePublished\":\"2023-02-15T16:34:57+00:00\",\"dateModified\":\"2026-02-28T12:11:35+00:00\",\"breadcrumb\":{\"@id\":\"https:\/\/unnadeluxe.fi\/produkt\/system-jo-h20-cool-lubricant-120ml\/#breadcrumb\"},\"inLanguage\":\"fi\",\"potentialAction\":[{\"@type\":\"ReadAction\",\"target\":[\"https:\/\/unnadeluxe.fi\/produkt\/system-jo-h20-cool-lubricant-120ml\/\"]}]},{\"@type\":\"ImageObject\",\"inLanguage\":\"fi\",\"@id\":\"https:\/\/unnadeluxe.fi\/produkt\/system-jo-h20-cool-lubricant-120ml\/#primaryimage\",\"url\":\"https:\/\/unnadeluxe.fi\/wp-content\/uploads\/2023\/02\/E25007_hr-scaled.jpg\",\"contentUrl\":\"https:\/\/unnadeluxe.fi\/wp-content\/uploads\/2023\/02\/E25007_hr-scaled.jpg\",\"width\":2560,\"height\":2560},{\"@type\":\"BreadcrumbList\",\"@id\":\"https:\/\/unnadeluxe.fi\/produkt\/system-jo-h20-cool-lubricant-120ml\/#breadcrumb\",\"itemListElement\":[{\"@type\":\"ListItem\",\"position\":1,\"name\":\"Hem\",\"item\":\"https:\/\/unnadeluxe.fi\/\"},{\"@type\":\"ListItem\",\"position\":2,\"name\":\"Shop\",\"item\":\"https:\/\/unnadeluxe.fi\/shop\/\"},{\"@type\":\"ListItem\",\"position\":3,\"name\":\"System JO H20 Cool Lubricant 120ml\"}]},{\"@type\":\"WebSite\",\"@id\":\"https:\/\/unnadeluxe.fi\/#website\",\"url\":\"https:\/\/unnadeluxe.fi\/\",\"name\":\"Unnadeluxe\",\"description\":\"UnnaDeluxe\",\"publisher\":{\"@id\":\"https:\/\/unnadeluxe.fi\/#organization\"},\"potentialAction\":[{\"@type\":\"SearchAction\",\"target\":{\"@type\":\"EntryPoint\",\"urlTemplate\":\"https:\/\/unnadeluxe.fi\/?s={search_term_string}\"},\"query-input\":{\"@type\":\"PropertyValueSpecification\",\"valueRequired\":true,\"valueName\":\"search_term_string\"}}],\"inLanguage\":\"fi\"},{\"@type\":\"Organization\",\"@id\":\"https:\/\/unnadeluxe.fi\/#organization\",\"name\":\"Unnadeluxe\",\"url\":\"https:\/\/unnadeluxe.fi\/\",\"logo\":{\"@type\":\"ImageObject\",\"inLanguage\":\"fi\",\"@id\":\"https:\/\/unnadeluxe.fi\/#\/schema\/logo\/image\/\",\"url\":\"https:\/\/unnadeluxe.fi\/wp-content\/uploads\/2022\/09\/Unna-logo-lingerie-black-and-gold.png\",\"contentUrl\":\"https:\/\/unnadeluxe.fi\/wp-content\/uploads\/2022\/09\/Unna-logo-lingerie-black-and-gold.png\",\"width\":3150,\"height\":3937,\"caption\":\"Unnadeluxe\"},\"image\":{\"@id\":\"https:\/\/unnadeluxe.fi\/#\/schema\/logo\/image\/\"},\"sameAs\":[\"https:\/\/www.facebook.com\/UnnaDeluxe\"]}]}<\/script>\n<!-- \/ Yoast SEO plugin. -->","yoast_head_json":{"title":"System JO H20 Cool Lubricant 120ml - Unnadeluxe","robots":{"index":"index","follow":"follow","max-snippet":"max-snippet:-1","max-image-preview":"max-image-preview:large","max-video-preview":"max-video-preview:-1"},"canonical":"https:\/\/unnadeluxe.fi\/fi\/tuote\/system-jo-h20-cool-lubricant-120ml\/","og_locale":"fi_FI","og_type":"article","og_title":"System JO H20 Cool Lubricant 120ml - Unnadeluxe","og_description":"System JO H2O Cool Lubricant \u00e4r ett vattenbaserat glidmedel med kylande och pirrande k\u00e4nsla f\u00f6r mer stimulans. Du kommer garanterat att k\u00e4nna en effekt.  Med sina h\u00f6gkvalitativa ingredienser ger detta glidmedel ett l\u00e5ngvarigt glid som k\u00e4nns n\u00e4stan som ett silikonbaserat glidmedel.  Passar till alla former av samlag och onani samt till h\u00e4rligt oralsex. Dessutom funkar glidmedlet med sexleksaker av alla material och kondom.  Doftfri","og_url":"https:\/\/unnadeluxe.fi\/fi\/tuote\/system-jo-h20-cool-lubricant-120ml\/","og_site_name":"Unnadeluxe","article_publisher":"https:\/\/www.facebook.com\/UnnaDeluxe","article_modified_time":"2026-02-28T12:11:35+00:00","og_image":[{"width":2560,"height":2560,"url":"https:\/\/unnadeluxe.fi\/wp-content\/uploads\/2023\/02\/E25007_hr-scaled.jpg","type":"image\/jpeg"}],"twitter_card":"summary_large_image","twitter_misc":{"Arvioitu lukuaika":"1 minuutti"},"schema":{"@context":"https:\/\/schema.org","@graph":[{"@type":"WebPage","@id":"https:\/\/unnadeluxe.fi\/produkt\/system-jo-h20-cool-lubricant-120ml\/","url":"https:\/\/unnadeluxe.fi\/produkt\/system-jo-h20-cool-lubricant-120ml\/","name":"System JO H20 Cool Lubricant 120ml - Unnadeluxe","isPartOf":{"@id":"https:\/\/unnadeluxe.fi\/#website"},"primaryImageOfPage":{"@id":"https:\/\/unnadeluxe.fi\/produkt\/system-jo-h20-cool-lubricant-120ml\/#primaryimage"},"image":{"@id":"https:\/\/unnadeluxe.fi\/produkt\/system-jo-h20-cool-lubricant-120ml\/#primaryimage"},"thumbnailUrl":"https:\/\/unnadeluxe.fi\/wp-content\/uploads\/2023\/02\/E25007_hr-scaled.jpg","datePublished":"2023-02-15T16:34:57+00:00","dateModified":"2026-02-28T12:11:35+00:00","breadcrumb":{"@id":"https:\/\/unnadeluxe.fi\/produkt\/system-jo-h20-cool-lubricant-120ml\/#breadcrumb"},"inLanguage":"fi","potentialAction":[{"@type":"ReadAction","target":["https:\/\/unnadeluxe.fi\/produkt\/system-jo-h20-cool-lubricant-120ml\/"]}]},{"@type":"ImageObject","inLanguage":"fi","@id":"https:\/\/unnadeluxe.fi\/produkt\/system-jo-h20-cool-lubricant-120ml\/#primaryimage","url":"https:\/\/unnadeluxe.fi\/wp-content\/uploads\/2023\/02\/E25007_hr-scaled.jpg","contentUrl":"https:\/\/unnadeluxe.fi\/wp-content\/uploads\/2023\/02\/E25007_hr-scaled.jpg","width":2560,"height":2560},{"@type":"BreadcrumbList","@id":"https:\/\/unnadeluxe.fi\/produkt\/system-jo-h20-cool-lubricant-120ml\/#breadcrumb","itemListElement":[{"@type":"ListItem","position":1,"name":"Hem","item":"https:\/\/unnadeluxe.fi\/"},{"@type":"ListItem","position":2,"name":"Shop","item":"https:\/\/unnadeluxe.fi\/shop\/"},{"@type":"ListItem","position":3,"name":"System JO H20 Cool Lubricant 120ml"}]},{"@type":"WebSite","@id":"https:\/\/unnadeluxe.fi\/#website","url":"https:\/\/unnadeluxe.fi\/","name":"Unnadeluxe","description":"UnnaDeluxe","publisher":{"@id":"https:\/\/unnadeluxe.fi\/#organization"},"potentialAction":[{"@type":"SearchAction","target":{"@type":"EntryPoint","urlTemplate":"https:\/\/unnadeluxe.fi\/?s={search_term_string}"},"query-input":{"@type":"PropertyValueSpecification","valueRequired":true,"valueName":"search_term_string"}}],"inLanguage":"fi"},{"@type":"Organization","@id":"https:\/\/unnadeluxe.fi\/#organization","name":"Unnadeluxe","url":"https:\/\/unnadeluxe.fi\/","logo":{"@type":"ImageObject","inLanguage":"fi","@id":"https:\/\/unnadeluxe.fi\/#\/schema\/logo\/image\/","url":"https:\/\/unnadeluxe.fi\/wp-content\/uploads\/2022\/09\/Unna-logo-lingerie-black-and-gold.png","contentUrl":"https:\/\/unnadeluxe.fi\/wp-content\/uploads\/2022\/09\/Unna-logo-lingerie-black-and-gold.png","width":3150,"height":3937,"caption":"Unnadeluxe"},"image":{"@id":"https:\/\/unnadeluxe.fi\/#\/schema\/logo\/image\/"},"sameAs":["https:\/\/www.facebook.com\/UnnaDeluxe"]}]}},"_links":{"self":[{"href":"https:\/\/unnadeluxe.fi\/fi\/wp-json\/wp\/v2\/product\/641","targetHints":{"allow":["GET"]}}],"collection":[{"href":"https:\/\/unnadeluxe.fi\/fi\/wp-json\/wp\/v2\/product"}],"about":[{"href":"https:\/\/unnadeluxe.fi\/fi\/wp-json\/wp\/v2\/types\/product"}],"wp:featuredmedia":[{"embeddable":true,"href":"https:\/\/unnadeluxe.fi\/fi\/wp-json\/wp\/v2\/media\/642"}],"wp:attachment":[{"href":"https:\/\/unnadeluxe.fi\/fi\/wp-json\/wp\/v2\/media?parent=641"}],"wp:term":[{"taxonomy":"product_brand","embeddable":true,"href":"https:\/\/unnadeluxe.fi\/fi\/wp-json\/wp\/v2\/product_brand?post=641"},{"taxonomy":"product_cat","embeddable":true,"href":"https:\/\/unnadeluxe.fi\/fi\/wp-json\/wp\/v2\/product_cat?post=641"},{"taxonomy":"product_tag","embeddable":true,"href":"https:\/\/unnadeluxe.fi\/fi\/wp-json\/wp\/v2\/product_tag?post=641"}],"curies":[{"name":"wp","href":"https:\/\/api.w.org\/{rel}","templated":true}]}}