{"id":577,"date":"2022-12-08T13:00:50","date_gmt":"2022-12-08T13:00:50","guid":{"rendered":"https:\/\/unnadeluxe.fi\/?post_type=product&#038;p=577"},"modified":"2026-02-28T12:13:33","modified_gmt":"2026-02-28T12:13:33","slug":"system-jo-gelato-salted-caramel-120ml","status":"publish","type":"product","link":"https:\/\/unnadeluxe.fi\/fi\/tuote\/system-jo-gelato-salted-caramel-120ml\/","title":{"rendered":"System JO Gelato Salted Caramel 120ml"},"content":{"rendered":"<p>Ingredients:<br \/>\nWater (Aqua), Glycerin, Potassium Sorbate, Hydroxyethylcellulose, Flavor (Aroma), Sucralose, Sodium Chloride, Citric Acid<br \/>\n120ml<\/p>","protected":false},"excerpt":{"rendered":"<p>System JO Gelato Salted Caramel \u00e4r ett vattenbaserat glidmedel med smak av karamell med en nypa havssalt. Helt fantastisk god.<\/p>\n<p>Med sina h\u00f6gkvalitativa ingredienser ger detta glidmedel ett l\u00e5ngvarigt glid.<\/p>\n<p>Passar till alla former av samlag och onani samt till h\u00e4rligt oralsex. Dessutom funkar glidmedlet med sexleksaker av alla material och kondom.<\/p>","protected":false},"featured_media":580,"template":"","meta":[],"product_brand":[],"product_cat":[73],"product_tag":[],"class_list":{"0":"post-577","1":"product","2":"type-product","3":"status-publish","4":"has-post-thumbnail","6":"product_cat-massage-och-glidmedel","8":"first","9":"instock","10":"sale","11":"taxable","12":"shipping-taxable","13":"purchasable","14":"product-type-simple"},"yoast_head":"<!-- This site is optimized with the Yoast SEO plugin v27.1.1 - https:\/\/yoast.com\/product\/yoast-seo-wordpress\/ -->\n<title>System JO Gelato Salted Caramel 120ml - Unnadeluxe<\/title>\n<meta name=\"robots\" content=\"index, follow, max-snippet:-1, max-image-preview:large, max-video-preview:-1\" \/>\n<link rel=\"canonical\" href=\"https:\/\/unnadeluxe.fi\/fi\/tuote\/system-jo-gelato-salted-caramel-120ml\/\" \/>\n<meta property=\"og:locale\" content=\"fi_FI\" \/>\n<meta property=\"og:type\" content=\"article\" \/>\n<meta property=\"og:title\" content=\"System JO Gelato Salted Caramel 120ml - Unnadeluxe\" \/>\n<meta property=\"og:description\" content=\"System JO Gelato Salted Caramel \u00e4r ett vattenbaserat glidmedel med smak av karamell med en nypa havssalt. Helt fantastisk god.  Med sina h\u00f6gkvalitativa ingredienser ger detta glidmedel ett l\u00e5ngvarigt glid.  Passar till alla former av samlag och onani samt till h\u00e4rligt oralsex. Dessutom funkar glidmedlet med sexleksaker av alla material och kondom.\" \/>\n<meta property=\"og:url\" content=\"https:\/\/unnadeluxe.fi\/fi\/tuote\/system-jo-gelato-salted-caramel-120ml\/\" \/>\n<meta property=\"og:site_name\" content=\"Unnadeluxe\" \/>\n<meta property=\"article:publisher\" content=\"https:\/\/www.facebook.com\/UnnaDeluxe\" \/>\n<meta property=\"article:modified_time\" content=\"2026-02-28T12:13:33+00:00\" \/>\n<meta property=\"og:image\" content=\"https:\/\/unnadeluxe.fi\/wp-content\/uploads\/2022\/12\/E25290_hr-scaled.jpg\" \/>\n\t<meta property=\"og:image:width\" content=\"2560\" \/>\n\t<meta property=\"og:image:height\" content=\"2560\" \/>\n\t<meta property=\"og:image:type\" content=\"image\/jpeg\" \/>\n<meta name=\"twitter:card\" content=\"summary_large_image\" \/>\n<meta name=\"twitter:label1\" content=\"Arvioitu lukuaika\" \/>\n\t<meta name=\"twitter:data1\" content=\"1 minuutti\" \/>\n<script type=\"application\/ld+json\" class=\"yoast-schema-graph\">{\"@context\":\"https:\/\/schema.org\",\"@graph\":[{\"@type\":\"WebPage\",\"@id\":\"https:\/\/unnadeluxe.fi\/produkt\/system-jo-gelato-salted-caramel-120ml\/\",\"url\":\"https:\/\/unnadeluxe.fi\/produkt\/system-jo-gelato-salted-caramel-120ml\/\",\"name\":\"System JO Gelato Salted Caramel 120ml - Unnadeluxe\",\"isPartOf\":{\"@id\":\"https:\/\/unnadeluxe.fi\/#website\"},\"primaryImageOfPage\":{\"@id\":\"https:\/\/unnadeluxe.fi\/produkt\/system-jo-gelato-salted-caramel-120ml\/#primaryimage\"},\"image\":{\"@id\":\"https:\/\/unnadeluxe.fi\/produkt\/system-jo-gelato-salted-caramel-120ml\/#primaryimage\"},\"thumbnailUrl\":\"https:\/\/unnadeluxe.fi\/wp-content\/uploads\/2022\/12\/E25290_hr-scaled.jpg\",\"datePublished\":\"2022-12-08T13:00:50+00:00\",\"dateModified\":\"2026-02-28T12:13:33+00:00\",\"breadcrumb\":{\"@id\":\"https:\/\/unnadeluxe.fi\/produkt\/system-jo-gelato-salted-caramel-120ml\/#breadcrumb\"},\"inLanguage\":\"fi\",\"potentialAction\":[{\"@type\":\"ReadAction\",\"target\":[\"https:\/\/unnadeluxe.fi\/produkt\/system-jo-gelato-salted-caramel-120ml\/\"]}]},{\"@type\":\"ImageObject\",\"inLanguage\":\"fi\",\"@id\":\"https:\/\/unnadeluxe.fi\/produkt\/system-jo-gelato-salted-caramel-120ml\/#primaryimage\",\"url\":\"https:\/\/unnadeluxe.fi\/wp-content\/uploads\/2022\/12\/E25290_hr-scaled.jpg\",\"contentUrl\":\"https:\/\/unnadeluxe.fi\/wp-content\/uploads\/2022\/12\/E25290_hr-scaled.jpg\",\"width\":2560,\"height\":2560},{\"@type\":\"BreadcrumbList\",\"@id\":\"https:\/\/unnadeluxe.fi\/produkt\/system-jo-gelato-salted-caramel-120ml\/#breadcrumb\",\"itemListElement\":[{\"@type\":\"ListItem\",\"position\":1,\"name\":\"Hem\",\"item\":\"https:\/\/unnadeluxe.fi\/\"},{\"@type\":\"ListItem\",\"position\":2,\"name\":\"Shop\",\"item\":\"https:\/\/unnadeluxe.fi\/shop\/\"},{\"@type\":\"ListItem\",\"position\":3,\"name\":\"System JO Gelato Salted Caramel 120ml\"}]},{\"@type\":\"WebSite\",\"@id\":\"https:\/\/unnadeluxe.fi\/#website\",\"url\":\"https:\/\/unnadeluxe.fi\/\",\"name\":\"Unnadeluxe\",\"description\":\"UnnaDeluxe\",\"publisher\":{\"@id\":\"https:\/\/unnadeluxe.fi\/#organization\"},\"potentialAction\":[{\"@type\":\"SearchAction\",\"target\":{\"@type\":\"EntryPoint\",\"urlTemplate\":\"https:\/\/unnadeluxe.fi\/?s={search_term_string}\"},\"query-input\":{\"@type\":\"PropertyValueSpecification\",\"valueRequired\":true,\"valueName\":\"search_term_string\"}}],\"inLanguage\":\"fi\"},{\"@type\":\"Organization\",\"@id\":\"https:\/\/unnadeluxe.fi\/#organization\",\"name\":\"Unnadeluxe\",\"url\":\"https:\/\/unnadeluxe.fi\/\",\"logo\":{\"@type\":\"ImageObject\",\"inLanguage\":\"fi\",\"@id\":\"https:\/\/unnadeluxe.fi\/#\/schema\/logo\/image\/\",\"url\":\"https:\/\/unnadeluxe.fi\/wp-content\/uploads\/2022\/09\/Unna-logo-lingerie-black-and-gold.png\",\"contentUrl\":\"https:\/\/unnadeluxe.fi\/wp-content\/uploads\/2022\/09\/Unna-logo-lingerie-black-and-gold.png\",\"width\":3150,\"height\":3937,\"caption\":\"Unnadeluxe\"},\"image\":{\"@id\":\"https:\/\/unnadeluxe.fi\/#\/schema\/logo\/image\/\"},\"sameAs\":[\"https:\/\/www.facebook.com\/UnnaDeluxe\"]}]}<\/script>\n<!-- \/ Yoast SEO plugin. -->","yoast_head_json":{"title":"System JO Gelato Salted Caramel 120ml - Unnadeluxe","robots":{"index":"index","follow":"follow","max-snippet":"max-snippet:-1","max-image-preview":"max-image-preview:large","max-video-preview":"max-video-preview:-1"},"canonical":"https:\/\/unnadeluxe.fi\/fi\/tuote\/system-jo-gelato-salted-caramel-120ml\/","og_locale":"fi_FI","og_type":"article","og_title":"System JO Gelato Salted Caramel 120ml - Unnadeluxe","og_description":"System JO Gelato Salted Caramel \u00e4r ett vattenbaserat glidmedel med smak av karamell med en nypa havssalt. Helt fantastisk god.  Med sina h\u00f6gkvalitativa ingredienser ger detta glidmedel ett l\u00e5ngvarigt glid.  Passar till alla former av samlag och onani samt till h\u00e4rligt oralsex. Dessutom funkar glidmedlet med sexleksaker av alla material och kondom.","og_url":"https:\/\/unnadeluxe.fi\/fi\/tuote\/system-jo-gelato-salted-caramel-120ml\/","og_site_name":"Unnadeluxe","article_publisher":"https:\/\/www.facebook.com\/UnnaDeluxe","article_modified_time":"2026-02-28T12:13:33+00:00","og_image":[{"width":2560,"height":2560,"url":"https:\/\/unnadeluxe.fi\/wp-content\/uploads\/2022\/12\/E25290_hr-scaled.jpg","type":"image\/jpeg"}],"twitter_card":"summary_large_image","twitter_misc":{"Arvioitu lukuaika":"1 minuutti"},"schema":{"@context":"https:\/\/schema.org","@graph":[{"@type":"WebPage","@id":"https:\/\/unnadeluxe.fi\/produkt\/system-jo-gelato-salted-caramel-120ml\/","url":"https:\/\/unnadeluxe.fi\/produkt\/system-jo-gelato-salted-caramel-120ml\/","name":"System JO Gelato Salted Caramel 120ml - Unnadeluxe","isPartOf":{"@id":"https:\/\/unnadeluxe.fi\/#website"},"primaryImageOfPage":{"@id":"https:\/\/unnadeluxe.fi\/produkt\/system-jo-gelato-salted-caramel-120ml\/#primaryimage"},"image":{"@id":"https:\/\/unnadeluxe.fi\/produkt\/system-jo-gelato-salted-caramel-120ml\/#primaryimage"},"thumbnailUrl":"https:\/\/unnadeluxe.fi\/wp-content\/uploads\/2022\/12\/E25290_hr-scaled.jpg","datePublished":"2022-12-08T13:00:50+00:00","dateModified":"2026-02-28T12:13:33+00:00","breadcrumb":{"@id":"https:\/\/unnadeluxe.fi\/produkt\/system-jo-gelato-salted-caramel-120ml\/#breadcrumb"},"inLanguage":"fi","potentialAction":[{"@type":"ReadAction","target":["https:\/\/unnadeluxe.fi\/produkt\/system-jo-gelato-salted-caramel-120ml\/"]}]},{"@type":"ImageObject","inLanguage":"fi","@id":"https:\/\/unnadeluxe.fi\/produkt\/system-jo-gelato-salted-caramel-120ml\/#primaryimage","url":"https:\/\/unnadeluxe.fi\/wp-content\/uploads\/2022\/12\/E25290_hr-scaled.jpg","contentUrl":"https:\/\/unnadeluxe.fi\/wp-content\/uploads\/2022\/12\/E25290_hr-scaled.jpg","width":2560,"height":2560},{"@type":"BreadcrumbList","@id":"https:\/\/unnadeluxe.fi\/produkt\/system-jo-gelato-salted-caramel-120ml\/#breadcrumb","itemListElement":[{"@type":"ListItem","position":1,"name":"Hem","item":"https:\/\/unnadeluxe.fi\/"},{"@type":"ListItem","position":2,"name":"Shop","item":"https:\/\/unnadeluxe.fi\/shop\/"},{"@type":"ListItem","position":3,"name":"System JO Gelato Salted Caramel 120ml"}]},{"@type":"WebSite","@id":"https:\/\/unnadeluxe.fi\/#website","url":"https:\/\/unnadeluxe.fi\/","name":"Unnadeluxe","description":"UnnaDeluxe","publisher":{"@id":"https:\/\/unnadeluxe.fi\/#organization"},"potentialAction":[{"@type":"SearchAction","target":{"@type":"EntryPoint","urlTemplate":"https:\/\/unnadeluxe.fi\/?s={search_term_string}"},"query-input":{"@type":"PropertyValueSpecification","valueRequired":true,"valueName":"search_term_string"}}],"inLanguage":"fi"},{"@type":"Organization","@id":"https:\/\/unnadeluxe.fi\/#organization","name":"Unnadeluxe","url":"https:\/\/unnadeluxe.fi\/","logo":{"@type":"ImageObject","inLanguage":"fi","@id":"https:\/\/unnadeluxe.fi\/#\/schema\/logo\/image\/","url":"https:\/\/unnadeluxe.fi\/wp-content\/uploads\/2022\/09\/Unna-logo-lingerie-black-and-gold.png","contentUrl":"https:\/\/unnadeluxe.fi\/wp-content\/uploads\/2022\/09\/Unna-logo-lingerie-black-and-gold.png","width":3150,"height":3937,"caption":"Unnadeluxe"},"image":{"@id":"https:\/\/unnadeluxe.fi\/#\/schema\/logo\/image\/"},"sameAs":["https:\/\/www.facebook.com\/UnnaDeluxe"]}]}},"_links":{"self":[{"href":"https:\/\/unnadeluxe.fi\/fi\/wp-json\/wp\/v2\/product\/577","targetHints":{"allow":["GET"]}}],"collection":[{"href":"https:\/\/unnadeluxe.fi\/fi\/wp-json\/wp\/v2\/product"}],"about":[{"href":"https:\/\/unnadeluxe.fi\/fi\/wp-json\/wp\/v2\/types\/product"}],"wp:featuredmedia":[{"embeddable":true,"href":"https:\/\/unnadeluxe.fi\/fi\/wp-json\/wp\/v2\/media\/580"}],"wp:attachment":[{"href":"https:\/\/unnadeluxe.fi\/fi\/wp-json\/wp\/v2\/media?parent=577"}],"wp:term":[{"taxonomy":"product_brand","embeddable":true,"href":"https:\/\/unnadeluxe.fi\/fi\/wp-json\/wp\/v2\/product_brand?post=577"},{"taxonomy":"product_cat","embeddable":true,"href":"https:\/\/unnadeluxe.fi\/fi\/wp-json\/wp\/v2\/product_cat?post=577"},{"taxonomy":"product_tag","embeddable":true,"href":"https:\/\/unnadeluxe.fi\/fi\/wp-json\/wp\/v2\/product_tag?post=577"}],"curies":[{"name":"wp","href":"https:\/\/api.w.org\/{rel}","templated":true}]}}