{"id":5430,"date":"2025-08-20T16:11:38","date_gmt":"2025-08-20T16:11:38","guid":{"rendered":"https:\/\/unnadeluxe.fi\/?post_type=product&#038;p=5430"},"modified":"2025-08-20T16:15:14","modified_gmt":"2025-08-20T16:15:14","slug":"miss-mary-organic-cotton-boxer-trosa","status":"publish","type":"product","link":"https:\/\/unnadeluxe.fi\/fi\/tuote\/miss-mary-organic-cotton-boxer-trosa\/","title":{"rendered":"Miss Mary Organic Cotton Boxer Trosa"},"content":{"rendered":"<p>Sk\u00f6n boxertrosa i ekologisk bomull. H\u00f6g midja.. Mjukt och stabilt material som inte glider ner.<br \/>\nTv\u00e4ttr\u00e5d: Fintv\u00e4tt 40\u00b0<br \/>\nMaterial: 95% bomull, 5% elastan<br \/>\nF\u00e4rg: Svart<\/p>","protected":false},"excerpt":{"rendered":"<p>En trosa i boxermodell i ekologisk bomull med otroligt mjuk och sk\u00f6n k\u00e4nsla mot huden. De platta s\u00f6mmarna och den mjuka och breda res\u00e5ren ger en fin silhuett och passform. De lite l\u00e4ngre benen skyddar mot l\u00e5rskav och \u00e4r perfekt f\u00f6r dig som ogillar k\u00e4nslan av att l\u00e5ren klibbar n\u00e4r du har kjol eller kl\u00e4nning p\u00e5 dig och kanske sitter l\u00e5nga perioder. Det naturliga materialet \u00e4r extra sk\u00f6nt varma dagar.<br \/>\nEkologisk bomull odlas utan kemiska g\u00f6dnings- och bek\u00e4mpningsmedel, vilket ger ett l\u00e4gre klimatavtryck. Det naturliga materialet l\u00e5ter huden andas och irriterar inte k\u00e4nslig hud.<\/p>","protected":false},"featured_media":5435,"template":"","meta":[],"product_brand":[78],"product_cat":[27,29],"product_tag":[],"class_list":{"0":"post-5430","1":"product","2":"type-product","3":"status-publish","4":"has-post-thumbnail","6":"product_brand-miss-mary","7":"product_cat-underklader","8":"product_cat-trosor","10":"first","11":"instock","12":"taxable","13":"shipping-taxable","14":"purchasable","15":"product-type-variable"},"yoast_head":"<!-- This site is optimized with the Yoast SEO plugin v27.1.1 - https:\/\/yoast.com\/product\/yoast-seo-wordpress\/ -->\n<title>Miss Mary Organic Cotton Boxer Trosa - Unnadeluxe<\/title>\n<meta name=\"robots\" content=\"index, follow, max-snippet:-1, max-image-preview:large, max-video-preview:-1\" \/>\n<link rel=\"canonical\" href=\"https:\/\/unnadeluxe.fi\/fi\/tuote\/miss-mary-organic-cotton-boxer-trosa\/\" \/>\n<meta property=\"og:locale\" content=\"fi_FI\" \/>\n<meta property=\"og:type\" content=\"article\" \/>\n<meta property=\"og:title\" content=\"Miss Mary Organic Cotton Boxer Trosa - Unnadeluxe\" \/>\n<meta property=\"og:description\" content=\"En trosa i boxermodell i ekologisk bomull med otroligt mjuk och sk\u00f6n k\u00e4nsla mot huden. De platta s\u00f6mmarna och den mjuka och breda res\u00e5ren ger en fin silhuett och passform. De lite l\u00e4ngre benen skyddar mot l\u00e5rskav och \u00e4r perfekt f\u00f6r dig som ogillar k\u00e4nslan av att l\u00e5ren klibbar n\u00e4r du har kjol eller kl\u00e4nning p\u00e5 dig och kanske sitter l\u00e5nga perioder. Det naturliga materialet \u00e4r extra sk\u00f6nt varma dagar. Ekologisk bomull odlas utan kemiska g\u00f6dnings- och bek\u00e4mpningsmedel, vilket ger ett l\u00e4gre klimatavtryck. Det naturliga materialet l\u00e5ter huden andas och irriterar inte k\u00e4nslig hud.\" \/>\n<meta property=\"og:url\" content=\"https:\/\/unnadeluxe.fi\/fi\/tuote\/miss-mary-organic-cotton-boxer-trosa\/\" \/>\n<meta property=\"og:site_name\" content=\"Unnadeluxe\" \/>\n<meta property=\"article:publisher\" content=\"https:\/\/www.facebook.com\/UnnaDeluxe\" \/>\n<meta property=\"article:modified_time\" content=\"2025-08-20T16:15:14+00:00\" \/>\n<meta property=\"og:image\" content=\"https:\/\/unnadeluxe.fi\/wp-content\/uploads\/2025\/08\/340_1f84b1d1fa-8423-6-detail-1-original.jpg\" \/>\n\t<meta property=\"og:image:width\" content=\"768\" \/>\n\t<meta property=\"og:image:height\" content=\"1152\" \/>\n\t<meta property=\"og:image:type\" content=\"image\/jpeg\" \/>\n<meta name=\"twitter:card\" content=\"summary_large_image\" \/>\n<meta name=\"twitter:label1\" content=\"Arvioitu lukuaika\" \/>\n\t<meta name=\"twitter:data1\" content=\"1 minuutti\" \/>\n<script type=\"application\/ld+json\" class=\"yoast-schema-graph\">{\"@context\":\"https:\/\/schema.org\",\"@graph\":[{\"@type\":\"WebPage\",\"@id\":\"https:\/\/unnadeluxe.fi\/produkt\/miss-mary-organic-cotton-boxer-trosa\/\",\"url\":\"https:\/\/unnadeluxe.fi\/produkt\/miss-mary-organic-cotton-boxer-trosa\/\",\"name\":\"Miss Mary Organic Cotton Boxer Trosa - Unnadeluxe\",\"isPartOf\":{\"@id\":\"https:\/\/unnadeluxe.fi\/#website\"},\"primaryImageOfPage\":{\"@id\":\"https:\/\/unnadeluxe.fi\/produkt\/miss-mary-organic-cotton-boxer-trosa\/#primaryimage\"},\"image\":{\"@id\":\"https:\/\/unnadeluxe.fi\/produkt\/miss-mary-organic-cotton-boxer-trosa\/#primaryimage\"},\"thumbnailUrl\":\"https:\/\/unnadeluxe.fi\/wp-content\/uploads\/2025\/08\/340_1f84b1d1fa-8423-6-detail-1-original.jpg\",\"datePublished\":\"2025-08-20T16:11:38+00:00\",\"dateModified\":\"2025-08-20T16:15:14+00:00\",\"breadcrumb\":{\"@id\":\"https:\/\/unnadeluxe.fi\/produkt\/miss-mary-organic-cotton-boxer-trosa\/#breadcrumb\"},\"inLanguage\":\"fi\",\"potentialAction\":[{\"@type\":\"ReadAction\",\"target\":[\"https:\/\/unnadeluxe.fi\/produkt\/miss-mary-organic-cotton-boxer-trosa\/\"]}]},{\"@type\":\"ImageObject\",\"inLanguage\":\"fi\",\"@id\":\"https:\/\/unnadeluxe.fi\/produkt\/miss-mary-organic-cotton-boxer-trosa\/#primaryimage\",\"url\":\"https:\/\/unnadeluxe.fi\/wp-content\/uploads\/2025\/08\/340_1f84b1d1fa-8423-6-detail-1-original.jpg\",\"contentUrl\":\"https:\/\/unnadeluxe.fi\/wp-content\/uploads\/2025\/08\/340_1f84b1d1fa-8423-6-detail-1-original.jpg\",\"width\":768,\"height\":1152},{\"@type\":\"BreadcrumbList\",\"@id\":\"https:\/\/unnadeluxe.fi\/produkt\/miss-mary-organic-cotton-boxer-trosa\/#breadcrumb\",\"itemListElement\":[{\"@type\":\"ListItem\",\"position\":1,\"name\":\"Hem\",\"item\":\"https:\/\/unnadeluxe.fi\/\"},{\"@type\":\"ListItem\",\"position\":2,\"name\":\"Shop\",\"item\":\"https:\/\/unnadeluxe.fi\/shop\/\"},{\"@type\":\"ListItem\",\"position\":3,\"name\":\"Miss Mary Organic Cotton Boxer Trosa\"}]},{\"@type\":\"WebSite\",\"@id\":\"https:\/\/unnadeluxe.fi\/#website\",\"url\":\"https:\/\/unnadeluxe.fi\/\",\"name\":\"Unnadeluxe\",\"description\":\"UnnaDeluxe\",\"publisher\":{\"@id\":\"https:\/\/unnadeluxe.fi\/#organization\"},\"potentialAction\":[{\"@type\":\"SearchAction\",\"target\":{\"@type\":\"EntryPoint\",\"urlTemplate\":\"https:\/\/unnadeluxe.fi\/?s={search_term_string}\"},\"query-input\":{\"@type\":\"PropertyValueSpecification\",\"valueRequired\":true,\"valueName\":\"search_term_string\"}}],\"inLanguage\":\"fi\"},{\"@type\":\"Organization\",\"@id\":\"https:\/\/unnadeluxe.fi\/#organization\",\"name\":\"Unnadeluxe\",\"url\":\"https:\/\/unnadeluxe.fi\/\",\"logo\":{\"@type\":\"ImageObject\",\"inLanguage\":\"fi\",\"@id\":\"https:\/\/unnadeluxe.fi\/#\/schema\/logo\/image\/\",\"url\":\"https:\/\/unnadeluxe.fi\/wp-content\/uploads\/2022\/09\/Unna-logo-lingerie-black-and-gold.png\",\"contentUrl\":\"https:\/\/unnadeluxe.fi\/wp-content\/uploads\/2022\/09\/Unna-logo-lingerie-black-and-gold.png\",\"width\":3150,\"height\":3937,\"caption\":\"Unnadeluxe\"},\"image\":{\"@id\":\"https:\/\/unnadeluxe.fi\/#\/schema\/logo\/image\/\"},\"sameAs\":[\"https:\/\/www.facebook.com\/UnnaDeluxe\"]}]}<\/script>\n<!-- \/ Yoast SEO plugin. -->","yoast_head_json":{"title":"Miss Mary Organic Cotton Boxer Trosa - Unnadeluxe","robots":{"index":"index","follow":"follow","max-snippet":"max-snippet:-1","max-image-preview":"max-image-preview:large","max-video-preview":"max-video-preview:-1"},"canonical":"https:\/\/unnadeluxe.fi\/fi\/tuote\/miss-mary-organic-cotton-boxer-trosa\/","og_locale":"fi_FI","og_type":"article","og_title":"Miss Mary Organic Cotton Boxer Trosa - Unnadeluxe","og_description":"En trosa i boxermodell i ekologisk bomull med otroligt mjuk och sk\u00f6n k\u00e4nsla mot huden. De platta s\u00f6mmarna och den mjuka och breda res\u00e5ren ger en fin silhuett och passform. De lite l\u00e4ngre benen skyddar mot l\u00e5rskav och \u00e4r perfekt f\u00f6r dig som ogillar k\u00e4nslan av att l\u00e5ren klibbar n\u00e4r du har kjol eller kl\u00e4nning p\u00e5 dig och kanske sitter l\u00e5nga perioder. Det naturliga materialet \u00e4r extra sk\u00f6nt varma dagar. Ekologisk bomull odlas utan kemiska g\u00f6dnings- och bek\u00e4mpningsmedel, vilket ger ett l\u00e4gre klimatavtryck. Det naturliga materialet l\u00e5ter huden andas och irriterar inte k\u00e4nslig hud.","og_url":"https:\/\/unnadeluxe.fi\/fi\/tuote\/miss-mary-organic-cotton-boxer-trosa\/","og_site_name":"Unnadeluxe","article_publisher":"https:\/\/www.facebook.com\/UnnaDeluxe","article_modified_time":"2025-08-20T16:15:14+00:00","og_image":[{"width":768,"height":1152,"url":"https:\/\/unnadeluxe.fi\/wp-content\/uploads\/2025\/08\/340_1f84b1d1fa-8423-6-detail-1-original.jpg","type":"image\/jpeg"}],"twitter_card":"summary_large_image","twitter_misc":{"Arvioitu lukuaika":"1 minuutti"},"schema":{"@context":"https:\/\/schema.org","@graph":[{"@type":"WebPage","@id":"https:\/\/unnadeluxe.fi\/produkt\/miss-mary-organic-cotton-boxer-trosa\/","url":"https:\/\/unnadeluxe.fi\/produkt\/miss-mary-organic-cotton-boxer-trosa\/","name":"Miss Mary Organic Cotton Boxer Trosa - Unnadeluxe","isPartOf":{"@id":"https:\/\/unnadeluxe.fi\/#website"},"primaryImageOfPage":{"@id":"https:\/\/unnadeluxe.fi\/produkt\/miss-mary-organic-cotton-boxer-trosa\/#primaryimage"},"image":{"@id":"https:\/\/unnadeluxe.fi\/produkt\/miss-mary-organic-cotton-boxer-trosa\/#primaryimage"},"thumbnailUrl":"https:\/\/unnadeluxe.fi\/wp-content\/uploads\/2025\/08\/340_1f84b1d1fa-8423-6-detail-1-original.jpg","datePublished":"2025-08-20T16:11:38+00:00","dateModified":"2025-08-20T16:15:14+00:00","breadcrumb":{"@id":"https:\/\/unnadeluxe.fi\/produkt\/miss-mary-organic-cotton-boxer-trosa\/#breadcrumb"},"inLanguage":"fi","potentialAction":[{"@type":"ReadAction","target":["https:\/\/unnadeluxe.fi\/produkt\/miss-mary-organic-cotton-boxer-trosa\/"]}]},{"@type":"ImageObject","inLanguage":"fi","@id":"https:\/\/unnadeluxe.fi\/produkt\/miss-mary-organic-cotton-boxer-trosa\/#primaryimage","url":"https:\/\/unnadeluxe.fi\/wp-content\/uploads\/2025\/08\/340_1f84b1d1fa-8423-6-detail-1-original.jpg","contentUrl":"https:\/\/unnadeluxe.fi\/wp-content\/uploads\/2025\/08\/340_1f84b1d1fa-8423-6-detail-1-original.jpg","width":768,"height":1152},{"@type":"BreadcrumbList","@id":"https:\/\/unnadeluxe.fi\/produkt\/miss-mary-organic-cotton-boxer-trosa\/#breadcrumb","itemListElement":[{"@type":"ListItem","position":1,"name":"Hem","item":"https:\/\/unnadeluxe.fi\/"},{"@type":"ListItem","position":2,"name":"Shop","item":"https:\/\/unnadeluxe.fi\/shop\/"},{"@type":"ListItem","position":3,"name":"Miss Mary Organic Cotton Boxer Trosa"}]},{"@type":"WebSite","@id":"https:\/\/unnadeluxe.fi\/#website","url":"https:\/\/unnadeluxe.fi\/","name":"Unnadeluxe","description":"UnnaDeluxe","publisher":{"@id":"https:\/\/unnadeluxe.fi\/#organization"},"potentialAction":[{"@type":"SearchAction","target":{"@type":"EntryPoint","urlTemplate":"https:\/\/unnadeluxe.fi\/?s={search_term_string}"},"query-input":{"@type":"PropertyValueSpecification","valueRequired":true,"valueName":"search_term_string"}}],"inLanguage":"fi"},{"@type":"Organization","@id":"https:\/\/unnadeluxe.fi\/#organization","name":"Unnadeluxe","url":"https:\/\/unnadeluxe.fi\/","logo":{"@type":"ImageObject","inLanguage":"fi","@id":"https:\/\/unnadeluxe.fi\/#\/schema\/logo\/image\/","url":"https:\/\/unnadeluxe.fi\/wp-content\/uploads\/2022\/09\/Unna-logo-lingerie-black-and-gold.png","contentUrl":"https:\/\/unnadeluxe.fi\/wp-content\/uploads\/2022\/09\/Unna-logo-lingerie-black-and-gold.png","width":3150,"height":3937,"caption":"Unnadeluxe"},"image":{"@id":"https:\/\/unnadeluxe.fi\/#\/schema\/logo\/image\/"},"sameAs":["https:\/\/www.facebook.com\/UnnaDeluxe"]}]}},"_links":{"self":[{"href":"https:\/\/unnadeluxe.fi\/fi\/wp-json\/wp\/v2\/product\/5430","targetHints":{"allow":["GET"]}}],"collection":[{"href":"https:\/\/unnadeluxe.fi\/fi\/wp-json\/wp\/v2\/product"}],"about":[{"href":"https:\/\/unnadeluxe.fi\/fi\/wp-json\/wp\/v2\/types\/product"}],"wp:featuredmedia":[{"embeddable":true,"href":"https:\/\/unnadeluxe.fi\/fi\/wp-json\/wp\/v2\/media\/5435"}],"wp:attachment":[{"href":"https:\/\/unnadeluxe.fi\/fi\/wp-json\/wp\/v2\/media?parent=5430"}],"wp:term":[{"taxonomy":"product_brand","embeddable":true,"href":"https:\/\/unnadeluxe.fi\/fi\/wp-json\/wp\/v2\/product_brand?post=5430"},{"taxonomy":"product_cat","embeddable":true,"href":"https:\/\/unnadeluxe.fi\/fi\/wp-json\/wp\/v2\/product_cat?post=5430"},{"taxonomy":"product_tag","embeddable":true,"href":"https:\/\/unnadeluxe.fi\/fi\/wp-json\/wp\/v2\/product_tag?post=5430"}],"curies":[{"name":"wp","href":"https:\/\/api.w.org\/{rel}","templated":true}]}}