{"id":5390,"date":"2025-08-20T14:59:49","date_gmt":"2025-08-20T14:59:49","guid":{"rendered":"https:\/\/unnadeluxe.fi\/?post_type=product&#038;p=5390"},"modified":"2025-08-20T15:51:05","modified_gmt":"2025-08-20T15:51:05","slug":"miss-mary-recycled-comfort-boxer-trosa","status":"publish","type":"product","link":"https:\/\/unnadeluxe.fi\/fi\/tuote\/miss-mary-recycled-comfort-boxer-trosa\/","title":{"rendered":"Miss Mary Recycled Comfort Boxer Trosa"},"content":{"rendered":"<p>Sk\u00f6n boxertrosa av \u00e5tervunnen textilfiber. H\u00f6g midja.. Mjukt och stabilt material som inte glider ner.<br \/>\nDiskreta s\u00f6mmar. Bomullsfodrad gren<br \/>\nTv\u00e4ttr\u00e5d: Fintv\u00e4tt 40\u00b0<br \/>\nMaterial: 80% polyamid, 20% elastan<br \/>\nF\u00e4rg: Svart<\/p>","protected":false},"excerpt":{"rendered":"<p>Trosa i minimalistisk och sl\u00e4t design i boxermodell. En stil som passar alla \u00e5ldrar. Tillverkad i lent och sk\u00f6nt material av \u00e5tervunnen textilfiber. Modellen har h\u00f6g midja samt korta ben. Perfekt f\u00f6r dig som vill ha en helt\u00e4ckande k\u00e4nsla. Plagget h\u00e5ller sig p\u00e5 plats, glider inte ner och tappar inte formen. Materialet \u00e4r tjockare \u00e4n i v\u00e5r vanliga Basic serie med microk\u00e4nsla. Det helsl\u00e4ta materialet g\u00f6r att kl\u00e4der glider l\u00e4tt och inte \u201dfastnar\u201d. Diskret flatlocks\u00f6m i midje\u00f6ppningen och f\u00e5ll i ben\u00f6ppningarna g\u00f6r att trosan inte sk\u00e4r in. Sids\u00f6m 32 cm i storlek 38\/40. Bomullsfodrad gren.<\/p>","protected":false},"featured_media":5395,"template":"","meta":[],"product_brand":[78],"product_cat":[27,29],"product_tag":[],"class_list":{"0":"post-5390","1":"product","2":"type-product","3":"status-publish","4":"has-post-thumbnail","6":"product_brand-miss-mary","7":"product_cat-underklader","8":"product_cat-trosor","10":"first","11":"instock","12":"taxable","13":"shipping-taxable","14":"purchasable","15":"product-type-variable"},"yoast_head":"<!-- This site is optimized with the Yoast SEO plugin v27.1.1 - https:\/\/yoast.com\/product\/yoast-seo-wordpress\/ -->\n<title>Miss Mary Recycled Comfort Boxer Trosa - Unnadeluxe<\/title>\n<meta name=\"robots\" content=\"index, follow, max-snippet:-1, max-image-preview:large, max-video-preview:-1\" \/>\n<link rel=\"canonical\" href=\"https:\/\/unnadeluxe.fi\/fi\/tuote\/miss-mary-recycled-comfort-boxer-trosa\/\" \/>\n<meta property=\"og:locale\" content=\"fi_FI\" \/>\n<meta property=\"og:type\" content=\"article\" \/>\n<meta property=\"og:title\" content=\"Miss Mary Recycled Comfort Boxer Trosa - Unnadeluxe\" \/>\n<meta property=\"og:description\" content=\"Trosa i minimalistisk och sl\u00e4t design i boxermodell. En stil som passar alla \u00e5ldrar. Tillverkad i lent och sk\u00f6nt material av \u00e5tervunnen textilfiber. Modellen har h\u00f6g midja samt korta ben. Perfekt f\u00f6r dig som vill ha en helt\u00e4ckande k\u00e4nsla. Plagget h\u00e5ller sig p\u00e5 plats, glider inte ner och tappar inte formen. Materialet \u00e4r tjockare \u00e4n i v\u00e5r vanliga Basic serie med microk\u00e4nsla. Det helsl\u00e4ta materialet g\u00f6r att kl\u00e4der glider l\u00e4tt och inte \u201dfastnar\u201d. Diskret flatlocks\u00f6m i midje\u00f6ppningen och f\u00e5ll i ben\u00f6ppningarna g\u00f6r att trosan inte sk\u00e4r in. Sids\u00f6m 32 cm i storlek 38\/40. Bomullsfodrad gren.\" \/>\n<meta property=\"og:url\" content=\"https:\/\/unnadeluxe.fi\/fi\/tuote\/miss-mary-recycled-comfort-boxer-trosa\/\" \/>\n<meta property=\"og:site_name\" content=\"Unnadeluxe\" \/>\n<meta property=\"article:publisher\" content=\"https:\/\/www.facebook.com\/UnnaDeluxe\" \/>\n<meta property=\"article:modified_time\" content=\"2025-08-20T15:51:05+00:00\" \/>\n<meta property=\"og:image\" content=\"https:\/\/unnadeluxe.fi\/wp-content\/uploads\/2025\/08\/345_106cf35f68-8433-06_detail-01-original.jpg\" \/>\n\t<meta property=\"og:image:width\" content=\"768\" \/>\n\t<meta property=\"og:image:height\" content=\"1151\" \/>\n\t<meta property=\"og:image:type\" content=\"image\/jpeg\" \/>\n<meta name=\"twitter:card\" content=\"summary_large_image\" \/>\n<meta name=\"twitter:label1\" content=\"Arvioitu lukuaika\" \/>\n\t<meta name=\"twitter:data1\" content=\"1 minuutti\" \/>\n<script type=\"application\/ld+json\" class=\"yoast-schema-graph\">{\"@context\":\"https:\/\/schema.org\",\"@graph\":[{\"@type\":\"WebPage\",\"@id\":\"https:\/\/unnadeluxe.fi\/produkt\/miss-mary-recycled-comfort-boxer-trosa\/\",\"url\":\"https:\/\/unnadeluxe.fi\/produkt\/miss-mary-recycled-comfort-boxer-trosa\/\",\"name\":\"Miss Mary Recycled Comfort Boxer Trosa - Unnadeluxe\",\"isPartOf\":{\"@id\":\"https:\/\/unnadeluxe.fi\/#website\"},\"primaryImageOfPage\":{\"@id\":\"https:\/\/unnadeluxe.fi\/produkt\/miss-mary-recycled-comfort-boxer-trosa\/#primaryimage\"},\"image\":{\"@id\":\"https:\/\/unnadeluxe.fi\/produkt\/miss-mary-recycled-comfort-boxer-trosa\/#primaryimage\"},\"thumbnailUrl\":\"https:\/\/unnadeluxe.fi\/wp-content\/uploads\/2025\/08\/345_106cf35f68-8433-06_detail-01-original.jpg\",\"datePublished\":\"2025-08-20T14:59:49+00:00\",\"dateModified\":\"2025-08-20T15:51:05+00:00\",\"breadcrumb\":{\"@id\":\"https:\/\/unnadeluxe.fi\/produkt\/miss-mary-recycled-comfort-boxer-trosa\/#breadcrumb\"},\"inLanguage\":\"fi\",\"potentialAction\":[{\"@type\":\"ReadAction\",\"target\":[\"https:\/\/unnadeluxe.fi\/produkt\/miss-mary-recycled-comfort-boxer-trosa\/\"]}]},{\"@type\":\"ImageObject\",\"inLanguage\":\"fi\",\"@id\":\"https:\/\/unnadeluxe.fi\/produkt\/miss-mary-recycled-comfort-boxer-trosa\/#primaryimage\",\"url\":\"https:\/\/unnadeluxe.fi\/wp-content\/uploads\/2025\/08\/345_106cf35f68-8433-06_detail-01-original.jpg\",\"contentUrl\":\"https:\/\/unnadeluxe.fi\/wp-content\/uploads\/2025\/08\/345_106cf35f68-8433-06_detail-01-original.jpg\",\"width\":768,\"height\":1151},{\"@type\":\"BreadcrumbList\",\"@id\":\"https:\/\/unnadeluxe.fi\/produkt\/miss-mary-recycled-comfort-boxer-trosa\/#breadcrumb\",\"itemListElement\":[{\"@type\":\"ListItem\",\"position\":1,\"name\":\"Hem\",\"item\":\"https:\/\/unnadeluxe.fi\/\"},{\"@type\":\"ListItem\",\"position\":2,\"name\":\"Shop\",\"item\":\"https:\/\/unnadeluxe.fi\/shop\/\"},{\"@type\":\"ListItem\",\"position\":3,\"name\":\"Miss Mary Recycled Comfort Boxer Trosa\"}]},{\"@type\":\"WebSite\",\"@id\":\"https:\/\/unnadeluxe.fi\/#website\",\"url\":\"https:\/\/unnadeluxe.fi\/\",\"name\":\"Unnadeluxe\",\"description\":\"UnnaDeluxe\",\"publisher\":{\"@id\":\"https:\/\/unnadeluxe.fi\/#organization\"},\"potentialAction\":[{\"@type\":\"SearchAction\",\"target\":{\"@type\":\"EntryPoint\",\"urlTemplate\":\"https:\/\/unnadeluxe.fi\/?s={search_term_string}\"},\"query-input\":{\"@type\":\"PropertyValueSpecification\",\"valueRequired\":true,\"valueName\":\"search_term_string\"}}],\"inLanguage\":\"fi\"},{\"@type\":\"Organization\",\"@id\":\"https:\/\/unnadeluxe.fi\/#organization\",\"name\":\"Unnadeluxe\",\"url\":\"https:\/\/unnadeluxe.fi\/\",\"logo\":{\"@type\":\"ImageObject\",\"inLanguage\":\"fi\",\"@id\":\"https:\/\/unnadeluxe.fi\/#\/schema\/logo\/image\/\",\"url\":\"https:\/\/unnadeluxe.fi\/wp-content\/uploads\/2022\/09\/Unna-logo-lingerie-black-and-gold.png\",\"contentUrl\":\"https:\/\/unnadeluxe.fi\/wp-content\/uploads\/2022\/09\/Unna-logo-lingerie-black-and-gold.png\",\"width\":3150,\"height\":3937,\"caption\":\"Unnadeluxe\"},\"image\":{\"@id\":\"https:\/\/unnadeluxe.fi\/#\/schema\/logo\/image\/\"},\"sameAs\":[\"https:\/\/www.facebook.com\/UnnaDeluxe\"]}]}<\/script>\n<!-- \/ Yoast SEO plugin. -->","yoast_head_json":{"title":"Miss Mary Recycled Comfort Boxer Trosa - Unnadeluxe","robots":{"index":"index","follow":"follow","max-snippet":"max-snippet:-1","max-image-preview":"max-image-preview:large","max-video-preview":"max-video-preview:-1"},"canonical":"https:\/\/unnadeluxe.fi\/fi\/tuote\/miss-mary-recycled-comfort-boxer-trosa\/","og_locale":"fi_FI","og_type":"article","og_title":"Miss Mary Recycled Comfort Boxer Trosa - Unnadeluxe","og_description":"Trosa i minimalistisk och sl\u00e4t design i boxermodell. En stil som passar alla \u00e5ldrar. Tillverkad i lent och sk\u00f6nt material av \u00e5tervunnen textilfiber. Modellen har h\u00f6g midja samt korta ben. Perfekt f\u00f6r dig som vill ha en helt\u00e4ckande k\u00e4nsla. Plagget h\u00e5ller sig p\u00e5 plats, glider inte ner och tappar inte formen. Materialet \u00e4r tjockare \u00e4n i v\u00e5r vanliga Basic serie med microk\u00e4nsla. Det helsl\u00e4ta materialet g\u00f6r att kl\u00e4der glider l\u00e4tt och inte \u201dfastnar\u201d. Diskret flatlocks\u00f6m i midje\u00f6ppningen och f\u00e5ll i ben\u00f6ppningarna g\u00f6r att trosan inte sk\u00e4r in. Sids\u00f6m 32 cm i storlek 38\/40. Bomullsfodrad gren.","og_url":"https:\/\/unnadeluxe.fi\/fi\/tuote\/miss-mary-recycled-comfort-boxer-trosa\/","og_site_name":"Unnadeluxe","article_publisher":"https:\/\/www.facebook.com\/UnnaDeluxe","article_modified_time":"2025-08-20T15:51:05+00:00","og_image":[{"width":768,"height":1151,"url":"https:\/\/unnadeluxe.fi\/wp-content\/uploads\/2025\/08\/345_106cf35f68-8433-06_detail-01-original.jpg","type":"image\/jpeg"}],"twitter_card":"summary_large_image","twitter_misc":{"Arvioitu lukuaika":"1 minuutti"},"schema":{"@context":"https:\/\/schema.org","@graph":[{"@type":"WebPage","@id":"https:\/\/unnadeluxe.fi\/produkt\/miss-mary-recycled-comfort-boxer-trosa\/","url":"https:\/\/unnadeluxe.fi\/produkt\/miss-mary-recycled-comfort-boxer-trosa\/","name":"Miss Mary Recycled Comfort Boxer Trosa - Unnadeluxe","isPartOf":{"@id":"https:\/\/unnadeluxe.fi\/#website"},"primaryImageOfPage":{"@id":"https:\/\/unnadeluxe.fi\/produkt\/miss-mary-recycled-comfort-boxer-trosa\/#primaryimage"},"image":{"@id":"https:\/\/unnadeluxe.fi\/produkt\/miss-mary-recycled-comfort-boxer-trosa\/#primaryimage"},"thumbnailUrl":"https:\/\/unnadeluxe.fi\/wp-content\/uploads\/2025\/08\/345_106cf35f68-8433-06_detail-01-original.jpg","datePublished":"2025-08-20T14:59:49+00:00","dateModified":"2025-08-20T15:51:05+00:00","breadcrumb":{"@id":"https:\/\/unnadeluxe.fi\/produkt\/miss-mary-recycled-comfort-boxer-trosa\/#breadcrumb"},"inLanguage":"fi","potentialAction":[{"@type":"ReadAction","target":["https:\/\/unnadeluxe.fi\/produkt\/miss-mary-recycled-comfort-boxer-trosa\/"]}]},{"@type":"ImageObject","inLanguage":"fi","@id":"https:\/\/unnadeluxe.fi\/produkt\/miss-mary-recycled-comfort-boxer-trosa\/#primaryimage","url":"https:\/\/unnadeluxe.fi\/wp-content\/uploads\/2025\/08\/345_106cf35f68-8433-06_detail-01-original.jpg","contentUrl":"https:\/\/unnadeluxe.fi\/wp-content\/uploads\/2025\/08\/345_106cf35f68-8433-06_detail-01-original.jpg","width":768,"height":1151},{"@type":"BreadcrumbList","@id":"https:\/\/unnadeluxe.fi\/produkt\/miss-mary-recycled-comfort-boxer-trosa\/#breadcrumb","itemListElement":[{"@type":"ListItem","position":1,"name":"Hem","item":"https:\/\/unnadeluxe.fi\/"},{"@type":"ListItem","position":2,"name":"Shop","item":"https:\/\/unnadeluxe.fi\/shop\/"},{"@type":"ListItem","position":3,"name":"Miss Mary Recycled Comfort Boxer Trosa"}]},{"@type":"WebSite","@id":"https:\/\/unnadeluxe.fi\/#website","url":"https:\/\/unnadeluxe.fi\/","name":"Unnadeluxe","description":"UnnaDeluxe","publisher":{"@id":"https:\/\/unnadeluxe.fi\/#organization"},"potentialAction":[{"@type":"SearchAction","target":{"@type":"EntryPoint","urlTemplate":"https:\/\/unnadeluxe.fi\/?s={search_term_string}"},"query-input":{"@type":"PropertyValueSpecification","valueRequired":true,"valueName":"search_term_string"}}],"inLanguage":"fi"},{"@type":"Organization","@id":"https:\/\/unnadeluxe.fi\/#organization","name":"Unnadeluxe","url":"https:\/\/unnadeluxe.fi\/","logo":{"@type":"ImageObject","inLanguage":"fi","@id":"https:\/\/unnadeluxe.fi\/#\/schema\/logo\/image\/","url":"https:\/\/unnadeluxe.fi\/wp-content\/uploads\/2022\/09\/Unna-logo-lingerie-black-and-gold.png","contentUrl":"https:\/\/unnadeluxe.fi\/wp-content\/uploads\/2022\/09\/Unna-logo-lingerie-black-and-gold.png","width":3150,"height":3937,"caption":"Unnadeluxe"},"image":{"@id":"https:\/\/unnadeluxe.fi\/#\/schema\/logo\/image\/"},"sameAs":["https:\/\/www.facebook.com\/UnnaDeluxe"]}]}},"_links":{"self":[{"href":"https:\/\/unnadeluxe.fi\/fi\/wp-json\/wp\/v2\/product\/5390","targetHints":{"allow":["GET"]}}],"collection":[{"href":"https:\/\/unnadeluxe.fi\/fi\/wp-json\/wp\/v2\/product"}],"about":[{"href":"https:\/\/unnadeluxe.fi\/fi\/wp-json\/wp\/v2\/types\/product"}],"wp:featuredmedia":[{"embeddable":true,"href":"https:\/\/unnadeluxe.fi\/fi\/wp-json\/wp\/v2\/media\/5395"}],"wp:attachment":[{"href":"https:\/\/unnadeluxe.fi\/fi\/wp-json\/wp\/v2\/media?parent=5390"}],"wp:term":[{"taxonomy":"product_brand","embeddable":true,"href":"https:\/\/unnadeluxe.fi\/fi\/wp-json\/wp\/v2\/product_brand?post=5390"},{"taxonomy":"product_cat","embeddable":true,"href":"https:\/\/unnadeluxe.fi\/fi\/wp-json\/wp\/v2\/product_cat?post=5390"},{"taxonomy":"product_tag","embeddable":true,"href":"https:\/\/unnadeluxe.fi\/fi\/wp-json\/wp\/v2\/product_tag?post=5390"}],"curies":[{"name":"wp","href":"https:\/\/api.w.org\/{rel}","templated":true}]}}