{"id":5260,"date":"2025-08-19T14:06:55","date_gmt":"2025-08-19T14:06:55","guid":{"rendered":"https:\/\/unnadeluxe.fi\/?post_type=product&#038;p=5260"},"modified":"2025-08-19T14:52:24","modified_gmt":"2025-08-19T14:52:24","slug":"missya-leia-bra-fill","status":"publish","type":"product","link":"https:\/\/unnadeluxe.fi\/fi\/tuote\/missya-leia-bra-fill\/","title":{"rendered":"Missya Leia Bra Fill"},"content":{"rendered":"<p>Vadderad bygelbh i en riktigt h\u00e4rlig Pink f\u00e4rg.<br \/>\nOmtyckt modell.<br \/>\nMaterial: 93% polyamid, 7% elasthane<\/p>","protected":false},"excerpt":{"rendered":"<p>Leia \u00e4r en vacker och bekv\u00e4m bh som ger en bra passform. Den har en elegant spetsdesign som sl\u00e4tar ut \u00f6verg\u00e5ngen mellan kupan och bysten, s\u00e5 att du undviker att visa linjer genom dina kl\u00e4der. Det breda bandet runt ryggen s\u00e4kerst\u00e4ller en bekv\u00e4m passform.<\/p>\n<p>Visste du att varje BH-storlek har en s\u00e5 kallad paralellstorlek? S\u00e5 om din vanliga storlek \u00e4r slut s\u00e5 kan du v\u00e4lja enligt f\u00f6ljande: g\u00e5 ner en omkretsstorlek och upp en kupstorlek. Det betyder att om du t.ex. har 80B s\u00e5 kan du \u00e4ven anv\u00e4nda 75C osv.<\/p>","protected":false},"featured_media":5261,"template":"","meta":[],"product_brand":[85],"product_cat":[28,55,58,57,69],"product_tag":[],"class_list":{"0":"post-5260","1":"product","2":"type-product","3":"status-publish","4":"has-post-thumbnail","6":"product_brand-missya","7":"product_cat-bhn","8":"product_cat-bygel-bh","9":"product_cat-t-shirt-bh","10":"product_cat-vadderad-bh","11":"product_cat-rea","13":"first","14":"instock","15":"sale","16":"taxable","17":"shipping-taxable","18":"purchasable","19":"product-type-variable"},"yoast_head":"<!-- This site is optimized with the Yoast SEO plugin v27.1.1 - https:\/\/yoast.com\/product\/yoast-seo-wordpress\/ -->\n<title>Missya Leia Bra Fill - Unnadeluxe<\/title>\n<meta name=\"robots\" content=\"index, follow, max-snippet:-1, max-image-preview:large, max-video-preview:-1\" \/>\n<link rel=\"canonical\" href=\"https:\/\/unnadeluxe.fi\/fi\/tuote\/missya-leia-bra-fill\/\" \/>\n<meta property=\"og:locale\" content=\"fi_FI\" \/>\n<meta property=\"og:type\" content=\"article\" \/>\n<meta property=\"og:title\" content=\"Missya Leia Bra Fill - Unnadeluxe\" \/>\n<meta property=\"og:description\" content=\"Leia \u00e4r en vacker och bekv\u00e4m bh som ger en bra passform. Den har en elegant spetsdesign som sl\u00e4tar ut \u00f6verg\u00e5ngen mellan kupan och bysten, s\u00e5 att du undviker att visa linjer genom dina kl\u00e4der. Det breda bandet runt ryggen s\u00e4kerst\u00e4ller en bekv\u00e4m passform.  Visste du att varje BH-storlek har en s\u00e5 kallad paralellstorlek? S\u00e5 om din vanliga storlek \u00e4r slut s\u00e5 kan du v\u00e4lja enligt f\u00f6ljande: g\u00e5 ner en omkretsstorlek och upp en kupstorlek. Det betyder att om du t.ex. har 80B s\u00e5 kan du \u00e4ven anv\u00e4nda 75C osv.\" \/>\n<meta property=\"og:url\" content=\"https:\/\/unnadeluxe.fi\/fi\/tuote\/missya-leia-bra-fill\/\" \/>\n<meta property=\"og:site_name\" content=\"Unnadeluxe\" \/>\n<meta property=\"article:publisher\" content=\"https:\/\/www.facebook.com\/UnnaDeluxe\" \/>\n<meta property=\"article:modified_time\" content=\"2025-08-19T14:52:24+00:00\" \/>\n<meta property=\"og:image\" content=\"https:\/\/unnadeluxe.fi\/wp-content\/uploads\/2025\/08\/Leia-bh-pink.webp\" \/>\n\t<meta property=\"og:image:width\" content=\"900\" \/>\n\t<meta property=\"og:image:height\" content=\"900\" \/>\n\t<meta property=\"og:image:type\" content=\"image\/webp\" \/>\n<meta name=\"twitter:card\" content=\"summary_large_image\" \/>\n<meta name=\"twitter:label1\" content=\"Arvioitu lukuaika\" \/>\n\t<meta name=\"twitter:data1\" content=\"1 minuutti\" \/>\n<script type=\"application\/ld+json\" class=\"yoast-schema-graph\">{\"@context\":\"https:\/\/schema.org\",\"@graph\":[{\"@type\":\"WebPage\",\"@id\":\"https:\/\/unnadeluxe.fi\/produkt\/missya-leia-bra-fill\/\",\"url\":\"https:\/\/unnadeluxe.fi\/produkt\/missya-leia-bra-fill\/\",\"name\":\"Missya Leia Bra Fill - Unnadeluxe\",\"isPartOf\":{\"@id\":\"https:\/\/unnadeluxe.fi\/#website\"},\"primaryImageOfPage\":{\"@id\":\"https:\/\/unnadeluxe.fi\/produkt\/missya-leia-bra-fill\/#primaryimage\"},\"image\":{\"@id\":\"https:\/\/unnadeluxe.fi\/produkt\/missya-leia-bra-fill\/#primaryimage\"},\"thumbnailUrl\":\"https:\/\/unnadeluxe.fi\/wp-content\/uploads\/2025\/08\/Leia-bh-pink.webp\",\"datePublished\":\"2025-08-19T14:06:55+00:00\",\"dateModified\":\"2025-08-19T14:52:24+00:00\",\"breadcrumb\":{\"@id\":\"https:\/\/unnadeluxe.fi\/produkt\/missya-leia-bra-fill\/#breadcrumb\"},\"inLanguage\":\"fi\",\"potentialAction\":[{\"@type\":\"ReadAction\",\"target\":[\"https:\/\/unnadeluxe.fi\/produkt\/missya-leia-bra-fill\/\"]}]},{\"@type\":\"ImageObject\",\"inLanguage\":\"fi\",\"@id\":\"https:\/\/unnadeluxe.fi\/produkt\/missya-leia-bra-fill\/#primaryimage\",\"url\":\"https:\/\/unnadeluxe.fi\/wp-content\/uploads\/2025\/08\/Leia-bh-pink.webp\",\"contentUrl\":\"https:\/\/unnadeluxe.fi\/wp-content\/uploads\/2025\/08\/Leia-bh-pink.webp\",\"width\":900,\"height\":900},{\"@type\":\"BreadcrumbList\",\"@id\":\"https:\/\/unnadeluxe.fi\/produkt\/missya-leia-bra-fill\/#breadcrumb\",\"itemListElement\":[{\"@type\":\"ListItem\",\"position\":1,\"name\":\"Hem\",\"item\":\"https:\/\/unnadeluxe.fi\/\"},{\"@type\":\"ListItem\",\"position\":2,\"name\":\"Shop\",\"item\":\"https:\/\/unnadeluxe.fi\/shop\/\"},{\"@type\":\"ListItem\",\"position\":3,\"name\":\"Missya Leia Bra Fill\"}]},{\"@type\":\"WebSite\",\"@id\":\"https:\/\/unnadeluxe.fi\/#website\",\"url\":\"https:\/\/unnadeluxe.fi\/\",\"name\":\"Unnadeluxe\",\"description\":\"UnnaDeluxe\",\"publisher\":{\"@id\":\"https:\/\/unnadeluxe.fi\/#organization\"},\"potentialAction\":[{\"@type\":\"SearchAction\",\"target\":{\"@type\":\"EntryPoint\",\"urlTemplate\":\"https:\/\/unnadeluxe.fi\/?s={search_term_string}\"},\"query-input\":{\"@type\":\"PropertyValueSpecification\",\"valueRequired\":true,\"valueName\":\"search_term_string\"}}],\"inLanguage\":\"fi\"},{\"@type\":\"Organization\",\"@id\":\"https:\/\/unnadeluxe.fi\/#organization\",\"name\":\"Unnadeluxe\",\"url\":\"https:\/\/unnadeluxe.fi\/\",\"logo\":{\"@type\":\"ImageObject\",\"inLanguage\":\"fi\",\"@id\":\"https:\/\/unnadeluxe.fi\/#\/schema\/logo\/image\/\",\"url\":\"https:\/\/unnadeluxe.fi\/wp-content\/uploads\/2022\/09\/Unna-logo-lingerie-black-and-gold.png\",\"contentUrl\":\"https:\/\/unnadeluxe.fi\/wp-content\/uploads\/2022\/09\/Unna-logo-lingerie-black-and-gold.png\",\"width\":3150,\"height\":3937,\"caption\":\"Unnadeluxe\"},\"image\":{\"@id\":\"https:\/\/unnadeluxe.fi\/#\/schema\/logo\/image\/\"},\"sameAs\":[\"https:\/\/www.facebook.com\/UnnaDeluxe\"]}]}<\/script>\n<!-- \/ Yoast SEO plugin. -->","yoast_head_json":{"title":"Missya Leia Bra Fill - Unnadeluxe","robots":{"index":"index","follow":"follow","max-snippet":"max-snippet:-1","max-image-preview":"max-image-preview:large","max-video-preview":"max-video-preview:-1"},"canonical":"https:\/\/unnadeluxe.fi\/fi\/tuote\/missya-leia-bra-fill\/","og_locale":"fi_FI","og_type":"article","og_title":"Missya Leia Bra Fill - Unnadeluxe","og_description":"Leia \u00e4r en vacker och bekv\u00e4m bh som ger en bra passform. Den har en elegant spetsdesign som sl\u00e4tar ut \u00f6verg\u00e5ngen mellan kupan och bysten, s\u00e5 att du undviker att visa linjer genom dina kl\u00e4der. Det breda bandet runt ryggen s\u00e4kerst\u00e4ller en bekv\u00e4m passform.  Visste du att varje BH-storlek har en s\u00e5 kallad paralellstorlek? S\u00e5 om din vanliga storlek \u00e4r slut s\u00e5 kan du v\u00e4lja enligt f\u00f6ljande: g\u00e5 ner en omkretsstorlek och upp en kupstorlek. Det betyder att om du t.ex. har 80B s\u00e5 kan du \u00e4ven anv\u00e4nda 75C osv.","og_url":"https:\/\/unnadeluxe.fi\/fi\/tuote\/missya-leia-bra-fill\/","og_site_name":"Unnadeluxe","article_publisher":"https:\/\/www.facebook.com\/UnnaDeluxe","article_modified_time":"2025-08-19T14:52:24+00:00","og_image":[{"width":900,"height":900,"url":"https:\/\/unnadeluxe.fi\/wp-content\/uploads\/2025\/08\/Leia-bh-pink.webp","type":"image\/webp"}],"twitter_card":"summary_large_image","twitter_misc":{"Arvioitu lukuaika":"1 minuutti"},"schema":{"@context":"https:\/\/schema.org","@graph":[{"@type":"WebPage","@id":"https:\/\/unnadeluxe.fi\/produkt\/missya-leia-bra-fill\/","url":"https:\/\/unnadeluxe.fi\/produkt\/missya-leia-bra-fill\/","name":"Missya Leia Bra Fill - Unnadeluxe","isPartOf":{"@id":"https:\/\/unnadeluxe.fi\/#website"},"primaryImageOfPage":{"@id":"https:\/\/unnadeluxe.fi\/produkt\/missya-leia-bra-fill\/#primaryimage"},"image":{"@id":"https:\/\/unnadeluxe.fi\/produkt\/missya-leia-bra-fill\/#primaryimage"},"thumbnailUrl":"https:\/\/unnadeluxe.fi\/wp-content\/uploads\/2025\/08\/Leia-bh-pink.webp","datePublished":"2025-08-19T14:06:55+00:00","dateModified":"2025-08-19T14:52:24+00:00","breadcrumb":{"@id":"https:\/\/unnadeluxe.fi\/produkt\/missya-leia-bra-fill\/#breadcrumb"},"inLanguage":"fi","potentialAction":[{"@type":"ReadAction","target":["https:\/\/unnadeluxe.fi\/produkt\/missya-leia-bra-fill\/"]}]},{"@type":"ImageObject","inLanguage":"fi","@id":"https:\/\/unnadeluxe.fi\/produkt\/missya-leia-bra-fill\/#primaryimage","url":"https:\/\/unnadeluxe.fi\/wp-content\/uploads\/2025\/08\/Leia-bh-pink.webp","contentUrl":"https:\/\/unnadeluxe.fi\/wp-content\/uploads\/2025\/08\/Leia-bh-pink.webp","width":900,"height":900},{"@type":"BreadcrumbList","@id":"https:\/\/unnadeluxe.fi\/produkt\/missya-leia-bra-fill\/#breadcrumb","itemListElement":[{"@type":"ListItem","position":1,"name":"Hem","item":"https:\/\/unnadeluxe.fi\/"},{"@type":"ListItem","position":2,"name":"Shop","item":"https:\/\/unnadeluxe.fi\/shop\/"},{"@type":"ListItem","position":3,"name":"Missya Leia Bra Fill"}]},{"@type":"WebSite","@id":"https:\/\/unnadeluxe.fi\/#website","url":"https:\/\/unnadeluxe.fi\/","name":"Unnadeluxe","description":"UnnaDeluxe","publisher":{"@id":"https:\/\/unnadeluxe.fi\/#organization"},"potentialAction":[{"@type":"SearchAction","target":{"@type":"EntryPoint","urlTemplate":"https:\/\/unnadeluxe.fi\/?s={search_term_string}"},"query-input":{"@type":"PropertyValueSpecification","valueRequired":true,"valueName":"search_term_string"}}],"inLanguage":"fi"},{"@type":"Organization","@id":"https:\/\/unnadeluxe.fi\/#organization","name":"Unnadeluxe","url":"https:\/\/unnadeluxe.fi\/","logo":{"@type":"ImageObject","inLanguage":"fi","@id":"https:\/\/unnadeluxe.fi\/#\/schema\/logo\/image\/","url":"https:\/\/unnadeluxe.fi\/wp-content\/uploads\/2022\/09\/Unna-logo-lingerie-black-and-gold.png","contentUrl":"https:\/\/unnadeluxe.fi\/wp-content\/uploads\/2022\/09\/Unna-logo-lingerie-black-and-gold.png","width":3150,"height":3937,"caption":"Unnadeluxe"},"image":{"@id":"https:\/\/unnadeluxe.fi\/#\/schema\/logo\/image\/"},"sameAs":["https:\/\/www.facebook.com\/UnnaDeluxe"]}]}},"_links":{"self":[{"href":"https:\/\/unnadeluxe.fi\/fi\/wp-json\/wp\/v2\/product\/5260","targetHints":{"allow":["GET"]}}],"collection":[{"href":"https:\/\/unnadeluxe.fi\/fi\/wp-json\/wp\/v2\/product"}],"about":[{"href":"https:\/\/unnadeluxe.fi\/fi\/wp-json\/wp\/v2\/types\/product"}],"wp:featuredmedia":[{"embeddable":true,"href":"https:\/\/unnadeluxe.fi\/fi\/wp-json\/wp\/v2\/media\/5261"}],"wp:attachment":[{"href":"https:\/\/unnadeluxe.fi\/fi\/wp-json\/wp\/v2\/media?parent=5260"}],"wp:term":[{"taxonomy":"product_brand","embeddable":true,"href":"https:\/\/unnadeluxe.fi\/fi\/wp-json\/wp\/v2\/product_brand?post=5260"},{"taxonomy":"product_cat","embeddable":true,"href":"https:\/\/unnadeluxe.fi\/fi\/wp-json\/wp\/v2\/product_cat?post=5260"},{"taxonomy":"product_tag","embeddable":true,"href":"https:\/\/unnadeluxe.fi\/fi\/wp-json\/wp\/v2\/product_tag?post=5260"}],"curies":[{"name":"wp","href":"https:\/\/api.w.org\/{rel}","templated":true}]}}