{"id":5250,"date":"2025-08-19T12:07:35","date_gmt":"2025-08-19T12:07:35","guid":{"rendered":"https:\/\/unnadeluxe.fi\/?post_type=product&#038;p=5250"},"modified":"2025-09-13T10:32:24","modified_gmt":"2025-09-13T10:32:24","slug":"le-wand-powerful-plug-in-vibrating-massager-sky-blue","status":"publish","type":"product","link":"https:\/\/unnadeluxe.fi\/fi\/tuote\/le-wand-powerful-plug-in-vibrating-massager-sky-blue\/","title":{"rendered":"Le Wand Powerful Plug-In Vibrating Massager Sky Blue"},"content":{"rendered":"<p>Le Wand Powerful Plug-In Massager i Sky Blue \u00e4r en premium wand-vibrator med 10 vibrationsl\u00e4gen och 6 m\u00f6nster. Obegr\u00e4nsad kraft via elsladd, mjukt silikonhuvud och flexibel hals \u2013 perfekt f\u00f6r massage eller intim stimulans.<br \/>\nMaterial: ABS &#038; Silicone<br \/>\nL\u00e4ngd: 34cm<br \/>\nMassagehuvud: \u00d8 6,2cm<\/p>","protected":false},"excerpt":{"rendered":"<p>Le Wand Powerful Plug\u2011In Vibrating Massager \u00e4r en tidl\u00f6s klassiker med o\u00e4ndlig kraft. Varje vibration levereras utan avbrott tack vare plug\u2011in\u2011designen och den extra l\u00e5nga 8\u2011fotssladden. Med 10 kraftfulla hastighetsniv\u00e5er och 6 stimulerande m\u00f6nster ger den dig full kontroll \u00f6ver din njutning.<\/p>\n<p>Det silkesmjuka silikonhuvudet och den flexibla halsen g\u00f6r det l\u00e4tt att n\u00e5 alla favoritst\u00e4llen \u2014 oavsett om det \u00e4r f\u00f6r intim stimulans eller djup kroppsmassage. L\u00e5g ljudniv\u00e5 som passar b\u00e5de hemma och p\u00e5 resan.<\/p>\n<p>Oavsett om du vill sk\u00e4mma bort dig sj\u00e4lv eller f\u00f6rdjupa upplevelsen med en partner kommer du inte att bli besviken p\u00e5 denna Vibrator.<\/p>","protected":false},"featured_media":5256,"template":"","meta":[],"product_brand":[],"product_cat":[70,71,74],"product_tag":[],"class_list":{"0":"post-5250","1":"product","2":"type-product","3":"status-publish","4":"has-post-thumbnail","6":"product_cat-lust-njutning","7":"product_cat-sexleksaker","8":"product_cat-tillbehor","10":"first","11":"outofstock","12":"taxable","13":"shipping-taxable","14":"purchasable","15":"product-type-simple"},"yoast_head":"<!-- This site is optimized with the Yoast SEO plugin v27.1.1 - https:\/\/yoast.com\/product\/yoast-seo-wordpress\/ -->\n<title>Le Wand Powerful Plug-In Vibrating Massager Sky Blue - Unnadeluxe<\/title>\n<meta name=\"robots\" content=\"index, follow, max-snippet:-1, max-image-preview:large, max-video-preview:-1\" \/>\n<link rel=\"canonical\" href=\"https:\/\/unnadeluxe.fi\/fi\/tuote\/le-wand-powerful-plug-in-vibrating-massager-sky-blue\/\" \/>\n<meta property=\"og:locale\" content=\"fi_FI\" \/>\n<meta property=\"og:type\" content=\"article\" \/>\n<meta property=\"og:title\" content=\"Le Wand Powerful Plug-In Vibrating Massager Sky Blue - Unnadeluxe\" \/>\n<meta property=\"og:description\" content=\"Le Wand Powerful Plug\u2011In Vibrating Massager \u00e4r en tidl\u00f6s klassiker med o\u00e4ndlig kraft. Varje vibration levereras utan avbrott tack vare plug\u2011in\u2011designen och den extra l\u00e5nga 8\u2011fotssladden. Med 10 kraftfulla hastighetsniv\u00e5er och 6 stimulerande m\u00f6nster ger den dig full kontroll \u00f6ver din njutning.  Det silkesmjuka silikonhuvudet och den flexibla halsen g\u00f6r det l\u00e4tt att n\u00e5 alla favoritst\u00e4llen \u2014 oavsett om det \u00e4r f\u00f6r intim stimulans eller djup kroppsmassage. L\u00e5g ljudniv\u00e5 som passar b\u00e5de hemma och p\u00e5 resan.  Oavsett om du vill sk\u00e4mma bort dig sj\u00e4lv eller f\u00f6rdjupa upplevelsen med en partner kommer du inte att bli besviken p\u00e5 denna Vibrator.\" \/>\n<meta property=\"og:url\" content=\"https:\/\/unnadeluxe.fi\/fi\/tuote\/le-wand-powerful-plug-in-vibrating-massager-sky-blue\/\" \/>\n<meta property=\"og:site_name\" content=\"Unnadeluxe\" \/>\n<meta property=\"article:publisher\" content=\"https:\/\/www.facebook.com\/UnnaDeluxe\" \/>\n<meta property=\"article:modified_time\" content=\"2025-09-13T10:32:24+00:00\" \/>\n<meta property=\"og:image\" content=\"https:\/\/unnadeluxe.fi\/wp-content\/uploads\/2025\/08\/14417-1__63522.webp\" \/>\n\t<meta property=\"og:image:width\" content=\"1024\" \/>\n\t<meta property=\"og:image:height\" content=\"1024\" \/>\n\t<meta property=\"og:image:type\" content=\"image\/webp\" \/>\n<meta name=\"twitter:card\" content=\"summary_large_image\" \/>\n<meta name=\"twitter:label1\" content=\"Arvioitu lukuaika\" \/>\n\t<meta name=\"twitter:data1\" content=\"1 minuutti\" \/>\n<script type=\"application\/ld+json\" class=\"yoast-schema-graph\">{\"@context\":\"https:\/\/schema.org\",\"@graph\":[{\"@type\":\"WebPage\",\"@id\":\"https:\/\/unnadeluxe.fi\/produkt\/le-wand-powerful-plug-in-vibrating-massager-sky-blue\/\",\"url\":\"https:\/\/unnadeluxe.fi\/produkt\/le-wand-powerful-plug-in-vibrating-massager-sky-blue\/\",\"name\":\"Le Wand Powerful Plug-In Vibrating Massager Sky Blue - Unnadeluxe\",\"isPartOf\":{\"@id\":\"https:\/\/unnadeluxe.fi\/#website\"},\"primaryImageOfPage\":{\"@id\":\"https:\/\/unnadeluxe.fi\/produkt\/le-wand-powerful-plug-in-vibrating-massager-sky-blue\/#primaryimage\"},\"image\":{\"@id\":\"https:\/\/unnadeluxe.fi\/produkt\/le-wand-powerful-plug-in-vibrating-massager-sky-blue\/#primaryimage\"},\"thumbnailUrl\":\"https:\/\/unnadeluxe.fi\/wp-content\/uploads\/2025\/08\/14417-1__63522.webp\",\"datePublished\":\"2025-08-19T12:07:35+00:00\",\"dateModified\":\"2025-09-13T10:32:24+00:00\",\"breadcrumb\":{\"@id\":\"https:\/\/unnadeluxe.fi\/produkt\/le-wand-powerful-plug-in-vibrating-massager-sky-blue\/#breadcrumb\"},\"inLanguage\":\"fi\",\"potentialAction\":[{\"@type\":\"ReadAction\",\"target\":[\"https:\/\/unnadeluxe.fi\/produkt\/le-wand-powerful-plug-in-vibrating-massager-sky-blue\/\"]}]},{\"@type\":\"ImageObject\",\"inLanguage\":\"fi\",\"@id\":\"https:\/\/unnadeluxe.fi\/produkt\/le-wand-powerful-plug-in-vibrating-massager-sky-blue\/#primaryimage\",\"url\":\"https:\/\/unnadeluxe.fi\/wp-content\/uploads\/2025\/08\/14417-1__63522.webp\",\"contentUrl\":\"https:\/\/unnadeluxe.fi\/wp-content\/uploads\/2025\/08\/14417-1__63522.webp\",\"width\":1024,\"height\":1024},{\"@type\":\"BreadcrumbList\",\"@id\":\"https:\/\/unnadeluxe.fi\/produkt\/le-wand-powerful-plug-in-vibrating-massager-sky-blue\/#breadcrumb\",\"itemListElement\":[{\"@type\":\"ListItem\",\"position\":1,\"name\":\"Hem\",\"item\":\"https:\/\/unnadeluxe.fi\/\"},{\"@type\":\"ListItem\",\"position\":2,\"name\":\"Shop\",\"item\":\"https:\/\/unnadeluxe.fi\/shop\/\"},{\"@type\":\"ListItem\",\"position\":3,\"name\":\"Le Wand Powerful Plug-In Vibrating Massager Sky Blue\"}]},{\"@type\":\"WebSite\",\"@id\":\"https:\/\/unnadeluxe.fi\/#website\",\"url\":\"https:\/\/unnadeluxe.fi\/\",\"name\":\"Unnadeluxe\",\"description\":\"UnnaDeluxe\",\"publisher\":{\"@id\":\"https:\/\/unnadeluxe.fi\/#organization\"},\"potentialAction\":[{\"@type\":\"SearchAction\",\"target\":{\"@type\":\"EntryPoint\",\"urlTemplate\":\"https:\/\/unnadeluxe.fi\/?s={search_term_string}\"},\"query-input\":{\"@type\":\"PropertyValueSpecification\",\"valueRequired\":true,\"valueName\":\"search_term_string\"}}],\"inLanguage\":\"fi\"},{\"@type\":\"Organization\",\"@id\":\"https:\/\/unnadeluxe.fi\/#organization\",\"name\":\"Unnadeluxe\",\"url\":\"https:\/\/unnadeluxe.fi\/\",\"logo\":{\"@type\":\"ImageObject\",\"inLanguage\":\"fi\",\"@id\":\"https:\/\/unnadeluxe.fi\/#\/schema\/logo\/image\/\",\"url\":\"https:\/\/unnadeluxe.fi\/wp-content\/uploads\/2022\/09\/Unna-logo-lingerie-black-and-gold.png\",\"contentUrl\":\"https:\/\/unnadeluxe.fi\/wp-content\/uploads\/2022\/09\/Unna-logo-lingerie-black-and-gold.png\",\"width\":3150,\"height\":3937,\"caption\":\"Unnadeluxe\"},\"image\":{\"@id\":\"https:\/\/unnadeluxe.fi\/#\/schema\/logo\/image\/\"},\"sameAs\":[\"https:\/\/www.facebook.com\/UnnaDeluxe\"]}]}<\/script>\n<!-- \/ Yoast SEO plugin. -->","yoast_head_json":{"title":"Le Wand Powerful Plug-In Vibrating Massager Sky Blue - Unnadeluxe","robots":{"index":"index","follow":"follow","max-snippet":"max-snippet:-1","max-image-preview":"max-image-preview:large","max-video-preview":"max-video-preview:-1"},"canonical":"https:\/\/unnadeluxe.fi\/fi\/tuote\/le-wand-powerful-plug-in-vibrating-massager-sky-blue\/","og_locale":"fi_FI","og_type":"article","og_title":"Le Wand Powerful Plug-In Vibrating Massager Sky Blue - Unnadeluxe","og_description":"Le Wand Powerful Plug\u2011In Vibrating Massager \u00e4r en tidl\u00f6s klassiker med o\u00e4ndlig kraft. Varje vibration levereras utan avbrott tack vare plug\u2011in\u2011designen och den extra l\u00e5nga 8\u2011fotssladden. Med 10 kraftfulla hastighetsniv\u00e5er och 6 stimulerande m\u00f6nster ger den dig full kontroll \u00f6ver din njutning.  Det silkesmjuka silikonhuvudet och den flexibla halsen g\u00f6r det l\u00e4tt att n\u00e5 alla favoritst\u00e4llen \u2014 oavsett om det \u00e4r f\u00f6r intim stimulans eller djup kroppsmassage. L\u00e5g ljudniv\u00e5 som passar b\u00e5de hemma och p\u00e5 resan.  Oavsett om du vill sk\u00e4mma bort dig sj\u00e4lv eller f\u00f6rdjupa upplevelsen med en partner kommer du inte att bli besviken p\u00e5 denna Vibrator.","og_url":"https:\/\/unnadeluxe.fi\/fi\/tuote\/le-wand-powerful-plug-in-vibrating-massager-sky-blue\/","og_site_name":"Unnadeluxe","article_publisher":"https:\/\/www.facebook.com\/UnnaDeluxe","article_modified_time":"2025-09-13T10:32:24+00:00","og_image":[{"width":1024,"height":1024,"url":"https:\/\/unnadeluxe.fi\/wp-content\/uploads\/2025\/08\/14417-1__63522.webp","type":"image\/webp"}],"twitter_card":"summary_large_image","twitter_misc":{"Arvioitu lukuaika":"1 minuutti"},"schema":{"@context":"https:\/\/schema.org","@graph":[{"@type":"WebPage","@id":"https:\/\/unnadeluxe.fi\/produkt\/le-wand-powerful-plug-in-vibrating-massager-sky-blue\/","url":"https:\/\/unnadeluxe.fi\/produkt\/le-wand-powerful-plug-in-vibrating-massager-sky-blue\/","name":"Le Wand Powerful Plug-In Vibrating Massager Sky Blue - Unnadeluxe","isPartOf":{"@id":"https:\/\/unnadeluxe.fi\/#website"},"primaryImageOfPage":{"@id":"https:\/\/unnadeluxe.fi\/produkt\/le-wand-powerful-plug-in-vibrating-massager-sky-blue\/#primaryimage"},"image":{"@id":"https:\/\/unnadeluxe.fi\/produkt\/le-wand-powerful-plug-in-vibrating-massager-sky-blue\/#primaryimage"},"thumbnailUrl":"https:\/\/unnadeluxe.fi\/wp-content\/uploads\/2025\/08\/14417-1__63522.webp","datePublished":"2025-08-19T12:07:35+00:00","dateModified":"2025-09-13T10:32:24+00:00","breadcrumb":{"@id":"https:\/\/unnadeluxe.fi\/produkt\/le-wand-powerful-plug-in-vibrating-massager-sky-blue\/#breadcrumb"},"inLanguage":"fi","potentialAction":[{"@type":"ReadAction","target":["https:\/\/unnadeluxe.fi\/produkt\/le-wand-powerful-plug-in-vibrating-massager-sky-blue\/"]}]},{"@type":"ImageObject","inLanguage":"fi","@id":"https:\/\/unnadeluxe.fi\/produkt\/le-wand-powerful-plug-in-vibrating-massager-sky-blue\/#primaryimage","url":"https:\/\/unnadeluxe.fi\/wp-content\/uploads\/2025\/08\/14417-1__63522.webp","contentUrl":"https:\/\/unnadeluxe.fi\/wp-content\/uploads\/2025\/08\/14417-1__63522.webp","width":1024,"height":1024},{"@type":"BreadcrumbList","@id":"https:\/\/unnadeluxe.fi\/produkt\/le-wand-powerful-plug-in-vibrating-massager-sky-blue\/#breadcrumb","itemListElement":[{"@type":"ListItem","position":1,"name":"Hem","item":"https:\/\/unnadeluxe.fi\/"},{"@type":"ListItem","position":2,"name":"Shop","item":"https:\/\/unnadeluxe.fi\/shop\/"},{"@type":"ListItem","position":3,"name":"Le Wand Powerful Plug-In Vibrating Massager Sky Blue"}]},{"@type":"WebSite","@id":"https:\/\/unnadeluxe.fi\/#website","url":"https:\/\/unnadeluxe.fi\/","name":"Unnadeluxe","description":"UnnaDeluxe","publisher":{"@id":"https:\/\/unnadeluxe.fi\/#organization"},"potentialAction":[{"@type":"SearchAction","target":{"@type":"EntryPoint","urlTemplate":"https:\/\/unnadeluxe.fi\/?s={search_term_string}"},"query-input":{"@type":"PropertyValueSpecification","valueRequired":true,"valueName":"search_term_string"}}],"inLanguage":"fi"},{"@type":"Organization","@id":"https:\/\/unnadeluxe.fi\/#organization","name":"Unnadeluxe","url":"https:\/\/unnadeluxe.fi\/","logo":{"@type":"ImageObject","inLanguage":"fi","@id":"https:\/\/unnadeluxe.fi\/#\/schema\/logo\/image\/","url":"https:\/\/unnadeluxe.fi\/wp-content\/uploads\/2022\/09\/Unna-logo-lingerie-black-and-gold.png","contentUrl":"https:\/\/unnadeluxe.fi\/wp-content\/uploads\/2022\/09\/Unna-logo-lingerie-black-and-gold.png","width":3150,"height":3937,"caption":"Unnadeluxe"},"image":{"@id":"https:\/\/unnadeluxe.fi\/#\/schema\/logo\/image\/"},"sameAs":["https:\/\/www.facebook.com\/UnnaDeluxe"]}]}},"_links":{"self":[{"href":"https:\/\/unnadeluxe.fi\/fi\/wp-json\/wp\/v2\/product\/5250","targetHints":{"allow":["GET"]}}],"collection":[{"href":"https:\/\/unnadeluxe.fi\/fi\/wp-json\/wp\/v2\/product"}],"about":[{"href":"https:\/\/unnadeluxe.fi\/fi\/wp-json\/wp\/v2\/types\/product"}],"wp:featuredmedia":[{"embeddable":true,"href":"https:\/\/unnadeluxe.fi\/fi\/wp-json\/wp\/v2\/media\/5256"}],"wp:attachment":[{"href":"https:\/\/unnadeluxe.fi\/fi\/wp-json\/wp\/v2\/media?parent=5250"}],"wp:term":[{"taxonomy":"product_brand","embeddable":true,"href":"https:\/\/unnadeluxe.fi\/fi\/wp-json\/wp\/v2\/product_brand?post=5250"},{"taxonomy":"product_cat","embeddable":true,"href":"https:\/\/unnadeluxe.fi\/fi\/wp-json\/wp\/v2\/product_cat?post=5250"},{"taxonomy":"product_tag","embeddable":true,"href":"https:\/\/unnadeluxe.fi\/fi\/wp-json\/wp\/v2\/product_tag?post=5250"}],"curies":[{"name":"wp","href":"https:\/\/api.w.org\/{rel}","templated":true}]}}