{"id":5231,"date":"2025-08-19T10:33:40","date_gmt":"2025-08-19T10:33:40","guid":{"rendered":"https:\/\/unnadeluxe.fi\/?post_type=product&#038;p=5231"},"modified":"2026-02-28T11:56:18","modified_gmt":"2026-02-28T11:56:18","slug":"malesation-masturbator-real-mature-pussy-stroker","status":"publish","type":"product","link":"https:\/\/unnadeluxe.fi\/fi\/tuote\/malesation-masturbator-real-mature-pussy-stroker\/","title":{"rendered":"Malesation Masturbator Real Mature Pussy Stroker"},"content":{"rendered":"<p>MALESATION Masturbator Real Mature Pussy Stroker \u00e4r en l\u00f6svagina som erbjuder en realistisk och intensiv upplevelse. Den \u00e4r tillverkad av icke giftiga material, helt vattent\u00e4t och l\u00e4tt att reng\u00f6ra.<br \/>\nStorlek: cirka 15 cm<br \/>\nAnv\u00e4nds med glidmedel<\/p>\n<p>Material: Termoplastiska elastomerer (TPE), medicinsk olja och silikonf\u00e4rg\u00e4mne \u2014 s\u00e4kert enligt europeiska standarder (EN71\u20113, inga ftalater, fenoler eller bisfenol A) <\/p>","protected":false},"excerpt":{"rendered":"<p>MALESATION Masturbator Real Mature Pussy Stroker \u00e4r en l\u00f6svagina som erbjuder en realistisk och intensiv upplevelse. Den \u00e4r tillverkad av icke giftiga material, helt vattent\u00e4t och l\u00e4tt att reng\u00f6ra.<br \/>\nTexturerat inre f\u00f6r verklighetstrogen k\u00e4nsla.<br \/>\n100\u202f% vattent\u00e4t och diskret format.<br \/>\nLevereras med ett vattenbaserat glidmedel (10\u202fml<br \/>\nPerfekt f\u00f6r mannen vid onani, men kan med f\u00f6rdel anv\u00e4ndas tillsammans med partnern f\u00f6r en trevlig stund tillsammans.<\/p>","protected":false},"featured_media":5232,"template":"","meta":[],"product_brand":[],"product_cat":[70,71],"product_tag":[],"class_list":{"0":"post-5231","1":"product","2":"type-product","3":"status-publish","4":"has-post-thumbnail","6":"product_cat-lust-njutning","7":"product_cat-sexleksaker","9":"first","10":"instock","11":"sale","12":"taxable","13":"shipping-taxable","14":"purchasable","15":"product-type-simple"},"yoast_head":"<!-- This site is optimized with the Yoast SEO plugin v27.1.1 - https:\/\/yoast.com\/product\/yoast-seo-wordpress\/ -->\n<title>Malesation Masturbator Real Mature Pussy Stroker - Unnadeluxe<\/title>\n<meta name=\"robots\" content=\"index, follow, max-snippet:-1, max-image-preview:large, max-video-preview:-1\" \/>\n<link rel=\"canonical\" href=\"https:\/\/unnadeluxe.fi\/fi\/tuote\/malesation-masturbator-real-mature-pussy-stroker\/\" \/>\n<meta property=\"og:locale\" content=\"fi_FI\" \/>\n<meta property=\"og:type\" content=\"article\" \/>\n<meta property=\"og:title\" content=\"Malesation Masturbator Real Mature Pussy Stroker - Unnadeluxe\" \/>\n<meta property=\"og:description\" content=\"MALESATION Masturbator Real Mature Pussy Stroker \u00e4r en l\u00f6svagina som erbjuder en realistisk och intensiv upplevelse. Den \u00e4r tillverkad av icke giftiga material, helt vattent\u00e4t och l\u00e4tt att reng\u00f6ra. Texturerat inre f\u00f6r verklighetstrogen k\u00e4nsla. 100\u202f% vattent\u00e4t och diskret format. Levereras med ett vattenbaserat glidmedel (10\u202fml Perfekt f\u00f6r mannen vid onani, men kan med f\u00f6rdel anv\u00e4ndas tillsammans med partnern f\u00f6r en trevlig stund tillsammans.\" \/>\n<meta property=\"og:url\" content=\"https:\/\/unnadeluxe.fi\/fi\/tuote\/malesation-masturbator-real-mature-pussy-stroker\/\" \/>\n<meta property=\"og:site_name\" content=\"Unnadeluxe\" \/>\n<meta property=\"article:publisher\" content=\"https:\/\/www.facebook.com\/UnnaDeluxe\" \/>\n<meta property=\"article:modified_time\" content=\"2026-02-28T11:56:18+00:00\" \/>\n<meta property=\"og:image\" content=\"https:\/\/unnadeluxe.fi\/wp-content\/uploads\/2025\/08\/680000040426_3.jpg\" \/>\n\t<meta property=\"og:image:width\" content=\"1069\" \/>\n\t<meta property=\"og:image:height\" content=\"1772\" \/>\n\t<meta property=\"og:image:type\" content=\"image\/jpeg\" \/>\n<meta name=\"twitter:card\" content=\"summary_large_image\" \/>\n<meta name=\"twitter:label1\" content=\"Arvioitu lukuaika\" \/>\n\t<meta name=\"twitter:data1\" content=\"1 minuutti\" \/>\n<script type=\"application\/ld+json\" class=\"yoast-schema-graph\">{\"@context\":\"https:\/\/schema.org\",\"@graph\":[{\"@type\":\"WebPage\",\"@id\":\"https:\/\/unnadeluxe.fi\/produkt\/malesation-masturbator-real-mature-pussy-stroker\/\",\"url\":\"https:\/\/unnadeluxe.fi\/produkt\/malesation-masturbator-real-mature-pussy-stroker\/\",\"name\":\"Malesation Masturbator Real Mature Pussy Stroker - Unnadeluxe\",\"isPartOf\":{\"@id\":\"https:\/\/unnadeluxe.fi\/#website\"},\"primaryImageOfPage\":{\"@id\":\"https:\/\/unnadeluxe.fi\/produkt\/malesation-masturbator-real-mature-pussy-stroker\/#primaryimage\"},\"image\":{\"@id\":\"https:\/\/unnadeluxe.fi\/produkt\/malesation-masturbator-real-mature-pussy-stroker\/#primaryimage\"},\"thumbnailUrl\":\"https:\/\/unnadeluxe.fi\/wp-content\/uploads\/2025\/08\/680000040426_3.jpg\",\"datePublished\":\"2025-08-19T10:33:40+00:00\",\"dateModified\":\"2026-02-28T11:56:18+00:00\",\"breadcrumb\":{\"@id\":\"https:\/\/unnadeluxe.fi\/produkt\/malesation-masturbator-real-mature-pussy-stroker\/#breadcrumb\"},\"inLanguage\":\"fi\",\"potentialAction\":[{\"@type\":\"ReadAction\",\"target\":[\"https:\/\/unnadeluxe.fi\/produkt\/malesation-masturbator-real-mature-pussy-stroker\/\"]}]},{\"@type\":\"ImageObject\",\"inLanguage\":\"fi\",\"@id\":\"https:\/\/unnadeluxe.fi\/produkt\/malesation-masturbator-real-mature-pussy-stroker\/#primaryimage\",\"url\":\"https:\/\/unnadeluxe.fi\/wp-content\/uploads\/2025\/08\/680000040426_3.jpg\",\"contentUrl\":\"https:\/\/unnadeluxe.fi\/wp-content\/uploads\/2025\/08\/680000040426_3.jpg\",\"width\":1069,\"height\":1772},{\"@type\":\"BreadcrumbList\",\"@id\":\"https:\/\/unnadeluxe.fi\/produkt\/malesation-masturbator-real-mature-pussy-stroker\/#breadcrumb\",\"itemListElement\":[{\"@type\":\"ListItem\",\"position\":1,\"name\":\"Hem\",\"item\":\"https:\/\/unnadeluxe.fi\/\"},{\"@type\":\"ListItem\",\"position\":2,\"name\":\"Shop\",\"item\":\"https:\/\/unnadeluxe.fi\/shop\/\"},{\"@type\":\"ListItem\",\"position\":3,\"name\":\"Malesation Masturbator Real Mature Pussy Stroker\"}]},{\"@type\":\"WebSite\",\"@id\":\"https:\/\/unnadeluxe.fi\/#website\",\"url\":\"https:\/\/unnadeluxe.fi\/\",\"name\":\"Unnadeluxe\",\"description\":\"UnnaDeluxe\",\"publisher\":{\"@id\":\"https:\/\/unnadeluxe.fi\/#organization\"},\"potentialAction\":[{\"@type\":\"SearchAction\",\"target\":{\"@type\":\"EntryPoint\",\"urlTemplate\":\"https:\/\/unnadeluxe.fi\/?s={search_term_string}\"},\"query-input\":{\"@type\":\"PropertyValueSpecification\",\"valueRequired\":true,\"valueName\":\"search_term_string\"}}],\"inLanguage\":\"fi\"},{\"@type\":\"Organization\",\"@id\":\"https:\/\/unnadeluxe.fi\/#organization\",\"name\":\"Unnadeluxe\",\"url\":\"https:\/\/unnadeluxe.fi\/\",\"logo\":{\"@type\":\"ImageObject\",\"inLanguage\":\"fi\",\"@id\":\"https:\/\/unnadeluxe.fi\/#\/schema\/logo\/image\/\",\"url\":\"https:\/\/unnadeluxe.fi\/wp-content\/uploads\/2022\/09\/Unna-logo-lingerie-black-and-gold.png\",\"contentUrl\":\"https:\/\/unnadeluxe.fi\/wp-content\/uploads\/2022\/09\/Unna-logo-lingerie-black-and-gold.png\",\"width\":3150,\"height\":3937,\"caption\":\"Unnadeluxe\"},\"image\":{\"@id\":\"https:\/\/unnadeluxe.fi\/#\/schema\/logo\/image\/\"},\"sameAs\":[\"https:\/\/www.facebook.com\/UnnaDeluxe\"]}]}<\/script>\n<!-- \/ Yoast SEO plugin. -->","yoast_head_json":{"title":"Malesation Masturbator Real Mature Pussy Stroker - Unnadeluxe","robots":{"index":"index","follow":"follow","max-snippet":"max-snippet:-1","max-image-preview":"max-image-preview:large","max-video-preview":"max-video-preview:-1"},"canonical":"https:\/\/unnadeluxe.fi\/fi\/tuote\/malesation-masturbator-real-mature-pussy-stroker\/","og_locale":"fi_FI","og_type":"article","og_title":"Malesation Masturbator Real Mature Pussy Stroker - Unnadeluxe","og_description":"MALESATION Masturbator Real Mature Pussy Stroker \u00e4r en l\u00f6svagina som erbjuder en realistisk och intensiv upplevelse. Den \u00e4r tillverkad av icke giftiga material, helt vattent\u00e4t och l\u00e4tt att reng\u00f6ra. Texturerat inre f\u00f6r verklighetstrogen k\u00e4nsla. 100\u202f% vattent\u00e4t och diskret format. Levereras med ett vattenbaserat glidmedel (10\u202fml Perfekt f\u00f6r mannen vid onani, men kan med f\u00f6rdel anv\u00e4ndas tillsammans med partnern f\u00f6r en trevlig stund tillsammans.","og_url":"https:\/\/unnadeluxe.fi\/fi\/tuote\/malesation-masturbator-real-mature-pussy-stroker\/","og_site_name":"Unnadeluxe","article_publisher":"https:\/\/www.facebook.com\/UnnaDeluxe","article_modified_time":"2026-02-28T11:56:18+00:00","og_image":[{"width":1069,"height":1772,"url":"https:\/\/unnadeluxe.fi\/wp-content\/uploads\/2025\/08\/680000040426_3.jpg","type":"image\/jpeg"}],"twitter_card":"summary_large_image","twitter_misc":{"Arvioitu lukuaika":"1 minuutti"},"schema":{"@context":"https:\/\/schema.org","@graph":[{"@type":"WebPage","@id":"https:\/\/unnadeluxe.fi\/produkt\/malesation-masturbator-real-mature-pussy-stroker\/","url":"https:\/\/unnadeluxe.fi\/produkt\/malesation-masturbator-real-mature-pussy-stroker\/","name":"Malesation Masturbator Real Mature Pussy Stroker - Unnadeluxe","isPartOf":{"@id":"https:\/\/unnadeluxe.fi\/#website"},"primaryImageOfPage":{"@id":"https:\/\/unnadeluxe.fi\/produkt\/malesation-masturbator-real-mature-pussy-stroker\/#primaryimage"},"image":{"@id":"https:\/\/unnadeluxe.fi\/produkt\/malesation-masturbator-real-mature-pussy-stroker\/#primaryimage"},"thumbnailUrl":"https:\/\/unnadeluxe.fi\/wp-content\/uploads\/2025\/08\/680000040426_3.jpg","datePublished":"2025-08-19T10:33:40+00:00","dateModified":"2026-02-28T11:56:18+00:00","breadcrumb":{"@id":"https:\/\/unnadeluxe.fi\/produkt\/malesation-masturbator-real-mature-pussy-stroker\/#breadcrumb"},"inLanguage":"fi","potentialAction":[{"@type":"ReadAction","target":["https:\/\/unnadeluxe.fi\/produkt\/malesation-masturbator-real-mature-pussy-stroker\/"]}]},{"@type":"ImageObject","inLanguage":"fi","@id":"https:\/\/unnadeluxe.fi\/produkt\/malesation-masturbator-real-mature-pussy-stroker\/#primaryimage","url":"https:\/\/unnadeluxe.fi\/wp-content\/uploads\/2025\/08\/680000040426_3.jpg","contentUrl":"https:\/\/unnadeluxe.fi\/wp-content\/uploads\/2025\/08\/680000040426_3.jpg","width":1069,"height":1772},{"@type":"BreadcrumbList","@id":"https:\/\/unnadeluxe.fi\/produkt\/malesation-masturbator-real-mature-pussy-stroker\/#breadcrumb","itemListElement":[{"@type":"ListItem","position":1,"name":"Hem","item":"https:\/\/unnadeluxe.fi\/"},{"@type":"ListItem","position":2,"name":"Shop","item":"https:\/\/unnadeluxe.fi\/shop\/"},{"@type":"ListItem","position":3,"name":"Malesation Masturbator Real Mature Pussy Stroker"}]},{"@type":"WebSite","@id":"https:\/\/unnadeluxe.fi\/#website","url":"https:\/\/unnadeluxe.fi\/","name":"Unnadeluxe","description":"UnnaDeluxe","publisher":{"@id":"https:\/\/unnadeluxe.fi\/#organization"},"potentialAction":[{"@type":"SearchAction","target":{"@type":"EntryPoint","urlTemplate":"https:\/\/unnadeluxe.fi\/?s={search_term_string}"},"query-input":{"@type":"PropertyValueSpecification","valueRequired":true,"valueName":"search_term_string"}}],"inLanguage":"fi"},{"@type":"Organization","@id":"https:\/\/unnadeluxe.fi\/#organization","name":"Unnadeluxe","url":"https:\/\/unnadeluxe.fi\/","logo":{"@type":"ImageObject","inLanguage":"fi","@id":"https:\/\/unnadeluxe.fi\/#\/schema\/logo\/image\/","url":"https:\/\/unnadeluxe.fi\/wp-content\/uploads\/2022\/09\/Unna-logo-lingerie-black-and-gold.png","contentUrl":"https:\/\/unnadeluxe.fi\/wp-content\/uploads\/2022\/09\/Unna-logo-lingerie-black-and-gold.png","width":3150,"height":3937,"caption":"Unnadeluxe"},"image":{"@id":"https:\/\/unnadeluxe.fi\/#\/schema\/logo\/image\/"},"sameAs":["https:\/\/www.facebook.com\/UnnaDeluxe"]}]}},"_links":{"self":[{"href":"https:\/\/unnadeluxe.fi\/fi\/wp-json\/wp\/v2\/product\/5231","targetHints":{"allow":["GET"]}}],"collection":[{"href":"https:\/\/unnadeluxe.fi\/fi\/wp-json\/wp\/v2\/product"}],"about":[{"href":"https:\/\/unnadeluxe.fi\/fi\/wp-json\/wp\/v2\/types\/product"}],"wp:featuredmedia":[{"embeddable":true,"href":"https:\/\/unnadeluxe.fi\/fi\/wp-json\/wp\/v2\/media\/5232"}],"wp:attachment":[{"href":"https:\/\/unnadeluxe.fi\/fi\/wp-json\/wp\/v2\/media?parent=5231"}],"wp:term":[{"taxonomy":"product_brand","embeddable":true,"href":"https:\/\/unnadeluxe.fi\/fi\/wp-json\/wp\/v2\/product_brand?post=5231"},{"taxonomy":"product_cat","embeddable":true,"href":"https:\/\/unnadeluxe.fi\/fi\/wp-json\/wp\/v2\/product_cat?post=5231"},{"taxonomy":"product_tag","embeddable":true,"href":"https:\/\/unnadeluxe.fi\/fi\/wp-json\/wp\/v2\/product_tag?post=5231"}],"curies":[{"name":"wp","href":"https:\/\/api.w.org\/{rel}","templated":true}]}}