{"id":5192,"date":"2025-08-19T09:09:00","date_gmt":"2025-08-19T09:09:00","guid":{"rendered":"https:\/\/unnadeluxe.fi\/?post_type=product&#038;p=5192"},"modified":"2025-09-22T18:51:28","modified_gmt":"2025-09-22T18:51:28","slug":"satisfyer-pro-2-perfect-kiss-black-gold","status":"publish","type":"product","link":"https:\/\/unnadeluxe.fi\/fi\/tuote\/satisfyer-pro-2-perfect-kiss-black-gold\/","title":{"rendered":"Satisfyer Pro 2 Perfect Kiss black\/gold"},"content":{"rendered":"<p>Lufttrycksvibrator i elegant och modern design.<br \/>\nTyst och diskret<br \/>\nTravel size<br \/>\nUppladdningsbar<br \/>\n3*10 olika intensitetsniv\u00e5er<br \/>\nVattent\u00e4t &#038; uppladdningsbar<br \/>\nMaterial: Silikon, ABS-plast<br \/>\nStorlek: 12 cm<\/p>","protected":false},"excerpt":{"rendered":"<p>Satisfyer Pro 2 Kiss \u00e4r en lufttrycksvibrator i diskret utformning med en ber\u00f6ringsfri tryckv\u00e5gsstimulering. Elegant l\u00e4ppstiftsdesign som man l\u00e4tt kan ha i handv\u00e4skan om lusten faller p\u00e5. Magnetisk teknologi ger starka och djupa tryckv\u00e5gor vilket g\u00f6r den \u00e4ven v\u00e4ldigt tystg\u00e5ende.<br \/>\nF\u00f6r att h\u00e5lla den fr\u00e4sch och hygienisk, reng\u00f6r med varmt vatten och mild tv\u00e5l.<\/p>","protected":false},"featured_media":5193,"template":"","meta":[],"product_brand":[104],"product_cat":[70,71],"product_tag":[],"class_list":{"0":"post-5192","1":"product","2":"type-product","3":"status-publish","4":"has-post-thumbnail","6":"product_brand-satisfyer","7":"product_cat-lust-njutning","8":"product_cat-sexleksaker","10":"first","11":"outofstock","12":"taxable","13":"shipping-taxable","14":"purchasable","15":"product-type-simple"},"yoast_head":"<!-- This site is optimized with the Yoast SEO plugin v27.1.1 - https:\/\/yoast.com\/product\/yoast-seo-wordpress\/ -->\n<title>Satisfyer Pro 2 Perfect Kiss black\/gold - Unnadeluxe<\/title>\n<meta name=\"robots\" content=\"index, follow, max-snippet:-1, max-image-preview:large, max-video-preview:-1\" \/>\n<link rel=\"canonical\" href=\"https:\/\/unnadeluxe.fi\/fi\/tuote\/satisfyer-pro-2-perfect-kiss-black-gold\/\" \/>\n<meta property=\"og:locale\" content=\"fi_FI\" \/>\n<meta property=\"og:type\" content=\"article\" \/>\n<meta property=\"og:title\" content=\"Satisfyer Pro 2 Perfect Kiss black\/gold - Unnadeluxe\" \/>\n<meta property=\"og:description\" content=\"Satisfyer Pro 2 Kiss \u00e4r en lufttrycksvibrator i diskret utformning med en ber\u00f6ringsfri tryckv\u00e5gsstimulering. Elegant l\u00e4ppstiftsdesign som man l\u00e4tt kan ha i handv\u00e4skan om lusten faller p\u00e5. Magnetisk teknologi ger starka och djupa tryckv\u00e5gor vilket g\u00f6r den \u00e4ven v\u00e4ldigt tystg\u00e5ende.  F\u00f6r att h\u00e5lla den fr\u00e4sch och hygienisk, reng\u00f6r med varmt vatten och mild tv\u00e5l.\" \/>\n<meta property=\"og:url\" content=\"https:\/\/unnadeluxe.fi\/fi\/tuote\/satisfyer-pro-2-perfect-kiss-black-gold\/\" \/>\n<meta property=\"og:site_name\" content=\"Unnadeluxe\" \/>\n<meta property=\"article:publisher\" content=\"https:\/\/www.facebook.com\/UnnaDeluxe\" \/>\n<meta property=\"article:modified_time\" content=\"2025-09-22T18:51:28+00:00\" \/>\n<meta property=\"og:image\" content=\"https:\/\/unnadeluxe.fi\/wp-content\/uploads\/2025\/08\/410000071786_5-scaled.jpg\" \/>\n\t<meta property=\"og:image:width\" content=\"2133\" \/>\n\t<meta property=\"og:image:height\" content=\"2560\" \/>\n\t<meta property=\"og:image:type\" content=\"image\/jpeg\" \/>\n<meta name=\"twitter:card\" content=\"summary_large_image\" \/>\n<meta name=\"twitter:label1\" content=\"Arvioitu lukuaika\" \/>\n\t<meta name=\"twitter:data1\" content=\"1 minuutti\" \/>\n<script type=\"application\/ld+json\" class=\"yoast-schema-graph\">{\"@context\":\"https:\/\/schema.org\",\"@graph\":[{\"@type\":\"WebPage\",\"@id\":\"https:\/\/unnadeluxe.fi\/produkt\/satisfyer-pro-2-perfect-kiss-black-gold\/\",\"url\":\"https:\/\/unnadeluxe.fi\/produkt\/satisfyer-pro-2-perfect-kiss-black-gold\/\",\"name\":\"Satisfyer Pro 2 Perfect Kiss black\/gold - Unnadeluxe\",\"isPartOf\":{\"@id\":\"https:\/\/unnadeluxe.fi\/#website\"},\"primaryImageOfPage\":{\"@id\":\"https:\/\/unnadeluxe.fi\/produkt\/satisfyer-pro-2-perfect-kiss-black-gold\/#primaryimage\"},\"image\":{\"@id\":\"https:\/\/unnadeluxe.fi\/produkt\/satisfyer-pro-2-perfect-kiss-black-gold\/#primaryimage\"},\"thumbnailUrl\":\"https:\/\/unnadeluxe.fi\/wp-content\/uploads\/2025\/08\/410000071786_5-scaled.jpg\",\"datePublished\":\"2025-08-19T09:09:00+00:00\",\"dateModified\":\"2025-09-22T18:51:28+00:00\",\"breadcrumb\":{\"@id\":\"https:\/\/unnadeluxe.fi\/produkt\/satisfyer-pro-2-perfect-kiss-black-gold\/#breadcrumb\"},\"inLanguage\":\"fi\",\"potentialAction\":[{\"@type\":\"ReadAction\",\"target\":[\"https:\/\/unnadeluxe.fi\/produkt\/satisfyer-pro-2-perfect-kiss-black-gold\/\"]}]},{\"@type\":\"ImageObject\",\"inLanguage\":\"fi\",\"@id\":\"https:\/\/unnadeluxe.fi\/produkt\/satisfyer-pro-2-perfect-kiss-black-gold\/#primaryimage\",\"url\":\"https:\/\/unnadeluxe.fi\/wp-content\/uploads\/2025\/08\/410000071786_5-scaled.jpg\",\"contentUrl\":\"https:\/\/unnadeluxe.fi\/wp-content\/uploads\/2025\/08\/410000071786_5-scaled.jpg\",\"width\":2133,\"height\":2560},{\"@type\":\"BreadcrumbList\",\"@id\":\"https:\/\/unnadeluxe.fi\/produkt\/satisfyer-pro-2-perfect-kiss-black-gold\/#breadcrumb\",\"itemListElement\":[{\"@type\":\"ListItem\",\"position\":1,\"name\":\"Hem\",\"item\":\"https:\/\/unnadeluxe.fi\/\"},{\"@type\":\"ListItem\",\"position\":2,\"name\":\"Shop\",\"item\":\"https:\/\/unnadeluxe.fi\/shop\/\"},{\"@type\":\"ListItem\",\"position\":3,\"name\":\"Satisfyer Pro 2 Perfect Kiss black\/gold\"}]},{\"@type\":\"WebSite\",\"@id\":\"https:\/\/unnadeluxe.fi\/#website\",\"url\":\"https:\/\/unnadeluxe.fi\/\",\"name\":\"Unnadeluxe\",\"description\":\"UnnaDeluxe\",\"publisher\":{\"@id\":\"https:\/\/unnadeluxe.fi\/#organization\"},\"potentialAction\":[{\"@type\":\"SearchAction\",\"target\":{\"@type\":\"EntryPoint\",\"urlTemplate\":\"https:\/\/unnadeluxe.fi\/?s={search_term_string}\"},\"query-input\":{\"@type\":\"PropertyValueSpecification\",\"valueRequired\":true,\"valueName\":\"search_term_string\"}}],\"inLanguage\":\"fi\"},{\"@type\":\"Organization\",\"@id\":\"https:\/\/unnadeluxe.fi\/#organization\",\"name\":\"Unnadeluxe\",\"url\":\"https:\/\/unnadeluxe.fi\/\",\"logo\":{\"@type\":\"ImageObject\",\"inLanguage\":\"fi\",\"@id\":\"https:\/\/unnadeluxe.fi\/#\/schema\/logo\/image\/\",\"url\":\"https:\/\/unnadeluxe.fi\/wp-content\/uploads\/2022\/09\/Unna-logo-lingerie-black-and-gold.png\",\"contentUrl\":\"https:\/\/unnadeluxe.fi\/wp-content\/uploads\/2022\/09\/Unna-logo-lingerie-black-and-gold.png\",\"width\":3150,\"height\":3937,\"caption\":\"Unnadeluxe\"},\"image\":{\"@id\":\"https:\/\/unnadeluxe.fi\/#\/schema\/logo\/image\/\"},\"sameAs\":[\"https:\/\/www.facebook.com\/UnnaDeluxe\"]}]}<\/script>\n<!-- \/ Yoast SEO plugin. -->","yoast_head_json":{"title":"Satisfyer Pro 2 Perfect Kiss black\/gold - Unnadeluxe","robots":{"index":"index","follow":"follow","max-snippet":"max-snippet:-1","max-image-preview":"max-image-preview:large","max-video-preview":"max-video-preview:-1"},"canonical":"https:\/\/unnadeluxe.fi\/fi\/tuote\/satisfyer-pro-2-perfect-kiss-black-gold\/","og_locale":"fi_FI","og_type":"article","og_title":"Satisfyer Pro 2 Perfect Kiss black\/gold - Unnadeluxe","og_description":"Satisfyer Pro 2 Kiss \u00e4r en lufttrycksvibrator i diskret utformning med en ber\u00f6ringsfri tryckv\u00e5gsstimulering. Elegant l\u00e4ppstiftsdesign som man l\u00e4tt kan ha i handv\u00e4skan om lusten faller p\u00e5. Magnetisk teknologi ger starka och djupa tryckv\u00e5gor vilket g\u00f6r den \u00e4ven v\u00e4ldigt tystg\u00e5ende.  F\u00f6r att h\u00e5lla den fr\u00e4sch och hygienisk, reng\u00f6r med varmt vatten och mild tv\u00e5l.","og_url":"https:\/\/unnadeluxe.fi\/fi\/tuote\/satisfyer-pro-2-perfect-kiss-black-gold\/","og_site_name":"Unnadeluxe","article_publisher":"https:\/\/www.facebook.com\/UnnaDeluxe","article_modified_time":"2025-09-22T18:51:28+00:00","og_image":[{"width":2133,"height":2560,"url":"https:\/\/unnadeluxe.fi\/wp-content\/uploads\/2025\/08\/410000071786_5-scaled.jpg","type":"image\/jpeg"}],"twitter_card":"summary_large_image","twitter_misc":{"Arvioitu lukuaika":"1 minuutti"},"schema":{"@context":"https:\/\/schema.org","@graph":[{"@type":"WebPage","@id":"https:\/\/unnadeluxe.fi\/produkt\/satisfyer-pro-2-perfect-kiss-black-gold\/","url":"https:\/\/unnadeluxe.fi\/produkt\/satisfyer-pro-2-perfect-kiss-black-gold\/","name":"Satisfyer Pro 2 Perfect Kiss black\/gold - Unnadeluxe","isPartOf":{"@id":"https:\/\/unnadeluxe.fi\/#website"},"primaryImageOfPage":{"@id":"https:\/\/unnadeluxe.fi\/produkt\/satisfyer-pro-2-perfect-kiss-black-gold\/#primaryimage"},"image":{"@id":"https:\/\/unnadeluxe.fi\/produkt\/satisfyer-pro-2-perfect-kiss-black-gold\/#primaryimage"},"thumbnailUrl":"https:\/\/unnadeluxe.fi\/wp-content\/uploads\/2025\/08\/410000071786_5-scaled.jpg","datePublished":"2025-08-19T09:09:00+00:00","dateModified":"2025-09-22T18:51:28+00:00","breadcrumb":{"@id":"https:\/\/unnadeluxe.fi\/produkt\/satisfyer-pro-2-perfect-kiss-black-gold\/#breadcrumb"},"inLanguage":"fi","potentialAction":[{"@type":"ReadAction","target":["https:\/\/unnadeluxe.fi\/produkt\/satisfyer-pro-2-perfect-kiss-black-gold\/"]}]},{"@type":"ImageObject","inLanguage":"fi","@id":"https:\/\/unnadeluxe.fi\/produkt\/satisfyer-pro-2-perfect-kiss-black-gold\/#primaryimage","url":"https:\/\/unnadeluxe.fi\/wp-content\/uploads\/2025\/08\/410000071786_5-scaled.jpg","contentUrl":"https:\/\/unnadeluxe.fi\/wp-content\/uploads\/2025\/08\/410000071786_5-scaled.jpg","width":2133,"height":2560},{"@type":"BreadcrumbList","@id":"https:\/\/unnadeluxe.fi\/produkt\/satisfyer-pro-2-perfect-kiss-black-gold\/#breadcrumb","itemListElement":[{"@type":"ListItem","position":1,"name":"Hem","item":"https:\/\/unnadeluxe.fi\/"},{"@type":"ListItem","position":2,"name":"Shop","item":"https:\/\/unnadeluxe.fi\/shop\/"},{"@type":"ListItem","position":3,"name":"Satisfyer Pro 2 Perfect Kiss black\/gold"}]},{"@type":"WebSite","@id":"https:\/\/unnadeluxe.fi\/#website","url":"https:\/\/unnadeluxe.fi\/","name":"Unnadeluxe","description":"UnnaDeluxe","publisher":{"@id":"https:\/\/unnadeluxe.fi\/#organization"},"potentialAction":[{"@type":"SearchAction","target":{"@type":"EntryPoint","urlTemplate":"https:\/\/unnadeluxe.fi\/?s={search_term_string}"},"query-input":{"@type":"PropertyValueSpecification","valueRequired":true,"valueName":"search_term_string"}}],"inLanguage":"fi"},{"@type":"Organization","@id":"https:\/\/unnadeluxe.fi\/#organization","name":"Unnadeluxe","url":"https:\/\/unnadeluxe.fi\/","logo":{"@type":"ImageObject","inLanguage":"fi","@id":"https:\/\/unnadeluxe.fi\/#\/schema\/logo\/image\/","url":"https:\/\/unnadeluxe.fi\/wp-content\/uploads\/2022\/09\/Unna-logo-lingerie-black-and-gold.png","contentUrl":"https:\/\/unnadeluxe.fi\/wp-content\/uploads\/2022\/09\/Unna-logo-lingerie-black-and-gold.png","width":3150,"height":3937,"caption":"Unnadeluxe"},"image":{"@id":"https:\/\/unnadeluxe.fi\/#\/schema\/logo\/image\/"},"sameAs":["https:\/\/www.facebook.com\/UnnaDeluxe"]}]}},"_links":{"self":[{"href":"https:\/\/unnadeluxe.fi\/fi\/wp-json\/wp\/v2\/product\/5192","targetHints":{"allow":["GET"]}}],"collection":[{"href":"https:\/\/unnadeluxe.fi\/fi\/wp-json\/wp\/v2\/product"}],"about":[{"href":"https:\/\/unnadeluxe.fi\/fi\/wp-json\/wp\/v2\/types\/product"}],"wp:featuredmedia":[{"embeddable":true,"href":"https:\/\/unnadeluxe.fi\/fi\/wp-json\/wp\/v2\/media\/5193"}],"wp:attachment":[{"href":"https:\/\/unnadeluxe.fi\/fi\/wp-json\/wp\/v2\/media?parent=5192"}],"wp:term":[{"taxonomy":"product_brand","embeddable":true,"href":"https:\/\/unnadeluxe.fi\/fi\/wp-json\/wp\/v2\/product_brand?post=5192"},{"taxonomy":"product_cat","embeddable":true,"href":"https:\/\/unnadeluxe.fi\/fi\/wp-json\/wp\/v2\/product_cat?post=5192"},{"taxonomy":"product_tag","embeddable":true,"href":"https:\/\/unnadeluxe.fi\/fi\/wp-json\/wp\/v2\/product_tag?post=5192"}],"curies":[{"name":"wp","href":"https:\/\/api.w.org\/{rel}","templated":true}]}}