{"id":5185,"date":"2025-08-19T08:31:42","date_gmt":"2025-08-19T08:31:42","guid":{"rendered":"https:\/\/unnadeluxe.fi\/?post_type=product&#038;p=5185"},"modified":"2025-09-22T18:54:00","modified_gmt":"2025-09-22T18:54:00","slug":"satisfyer-men-classic-masturbator-silver","status":"publish","type":"product","link":"https:\/\/unnadeluxe.fi\/fi\/tuote\/satisfyer-men-classic-masturbator-silver\/","title":{"rendered":"Satisfyer Men Classic Masturbator Silver"},"content":{"rendered":"<p>Realistisk masturbator med vakumfunktion<br \/>\nStimulering av hela penis<br \/>\nSleeve i supermjukt TPE material<br \/>\nL\u00e4tt att reng\u00f6ra<br \/>\nL\u00e4ngd: 259 mm<br \/>\nBredd: 96 mm<\/p>","protected":false},"excerpt":{"rendered":"<p>Satisfyer Men Classic \u00e4r en elegant masturbator f\u00f6r att stimulera hela penis. Inuti masturbatorn finns en mjuk och l\u00e4cker sleeve.<br \/>\nDet hudliknande materialet i det utbytbara h\u00f6ljet k\u00e4nns realistisk och dess inre diameter p\u00e5 1 cm kan t\u00f6jas f\u00f6r att passa de flesta storlekar. En fantastisk upplevelse f\u00f6r sk\u00f6na stunder med dig sj\u00e4lv eller varf\u00f6r inte l\u00e5ta din partner hj\u00e4lpa till?<\/p>","protected":false},"featured_media":5186,"template":"","meta":[],"product_brand":[104],"product_cat":[70,71],"product_tag":[],"class_list":{"0":"post-5185","1":"product","2":"type-product","3":"status-publish","4":"has-post-thumbnail","6":"product_brand-satisfyer","7":"product_cat-lust-njutning","8":"product_cat-sexleksaker","10":"first","11":"outofstock","12":"taxable","13":"shipping-taxable","14":"purchasable","15":"product-type-simple"},"yoast_head":"<!-- This site is optimized with the Yoast SEO plugin v27.1.1 - https:\/\/yoast.com\/product\/yoast-seo-wordpress\/ -->\n<title>Satisfyer Men Classic Masturbator Silver - Unnadeluxe<\/title>\n<meta name=\"robots\" content=\"index, follow, max-snippet:-1, max-image-preview:large, max-video-preview:-1\" \/>\n<link rel=\"canonical\" href=\"https:\/\/unnadeluxe.fi\/fi\/tuote\/satisfyer-men-classic-masturbator-silver\/\" \/>\n<meta property=\"og:locale\" content=\"fi_FI\" \/>\n<meta property=\"og:type\" content=\"article\" \/>\n<meta property=\"og:title\" content=\"Satisfyer Men Classic Masturbator Silver - Unnadeluxe\" \/>\n<meta property=\"og:description\" content=\"Satisfyer Men Classic \u00e4r en elegant masturbator f\u00f6r att stimulera hela penis. Inuti masturbatorn finns en mjuk och l\u00e4cker sleeve. Det hudliknande materialet i det utbytbara h\u00f6ljet k\u00e4nns realistisk och dess inre diameter p\u00e5 1 cm kan t\u00f6jas f\u00f6r att passa de flesta storlekar. En fantastisk upplevelse f\u00f6r sk\u00f6na stunder med dig sj\u00e4lv eller varf\u00f6r inte l\u00e5ta din partner hj\u00e4lpa till?\" \/>\n<meta property=\"og:url\" content=\"https:\/\/unnadeluxe.fi\/fi\/tuote\/satisfyer-men-classic-masturbator-silver\/\" \/>\n<meta property=\"og:site_name\" content=\"Unnadeluxe\" \/>\n<meta property=\"article:publisher\" content=\"https:\/\/www.facebook.com\/UnnaDeluxe\" \/>\n<meta property=\"article:modified_time\" content=\"2025-09-22T18:54:00+00:00\" \/>\n<meta property=\"og:image\" content=\"https:\/\/unnadeluxe.fi\/wp-content\/uploads\/2025\/08\/410000071404_6-scaled.jpg\" \/>\n\t<meta property=\"og:image:width\" content=\"2560\" \/>\n\t<meta property=\"og:image:height\" content=\"2560\" \/>\n\t<meta property=\"og:image:type\" content=\"image\/jpeg\" \/>\n<meta name=\"twitter:card\" content=\"summary_large_image\" \/>\n<meta name=\"twitter:label1\" content=\"Arvioitu lukuaika\" \/>\n\t<meta name=\"twitter:data1\" content=\"1 minuutti\" \/>\n<script type=\"application\/ld+json\" class=\"yoast-schema-graph\">{\"@context\":\"https:\/\/schema.org\",\"@graph\":[{\"@type\":\"WebPage\",\"@id\":\"https:\/\/unnadeluxe.fi\/produkt\/satisfyer-men-classic-masturbator-silver\/\",\"url\":\"https:\/\/unnadeluxe.fi\/produkt\/satisfyer-men-classic-masturbator-silver\/\",\"name\":\"Satisfyer Men Classic Masturbator Silver - Unnadeluxe\",\"isPartOf\":{\"@id\":\"https:\/\/unnadeluxe.fi\/#website\"},\"primaryImageOfPage\":{\"@id\":\"https:\/\/unnadeluxe.fi\/produkt\/satisfyer-men-classic-masturbator-silver\/#primaryimage\"},\"image\":{\"@id\":\"https:\/\/unnadeluxe.fi\/produkt\/satisfyer-men-classic-masturbator-silver\/#primaryimage\"},\"thumbnailUrl\":\"https:\/\/unnadeluxe.fi\/wp-content\/uploads\/2025\/08\/410000071404_6-scaled.jpg\",\"datePublished\":\"2025-08-19T08:31:42+00:00\",\"dateModified\":\"2025-09-22T18:54:00+00:00\",\"breadcrumb\":{\"@id\":\"https:\/\/unnadeluxe.fi\/produkt\/satisfyer-men-classic-masturbator-silver\/#breadcrumb\"},\"inLanguage\":\"fi\",\"potentialAction\":[{\"@type\":\"ReadAction\",\"target\":[\"https:\/\/unnadeluxe.fi\/produkt\/satisfyer-men-classic-masturbator-silver\/\"]}]},{\"@type\":\"ImageObject\",\"inLanguage\":\"fi\",\"@id\":\"https:\/\/unnadeluxe.fi\/produkt\/satisfyer-men-classic-masturbator-silver\/#primaryimage\",\"url\":\"https:\/\/unnadeluxe.fi\/wp-content\/uploads\/2025\/08\/410000071404_6-scaled.jpg\",\"contentUrl\":\"https:\/\/unnadeluxe.fi\/wp-content\/uploads\/2025\/08\/410000071404_6-scaled.jpg\",\"width\":2560,\"height\":2560},{\"@type\":\"BreadcrumbList\",\"@id\":\"https:\/\/unnadeluxe.fi\/produkt\/satisfyer-men-classic-masturbator-silver\/#breadcrumb\",\"itemListElement\":[{\"@type\":\"ListItem\",\"position\":1,\"name\":\"Hem\",\"item\":\"https:\/\/unnadeluxe.fi\/\"},{\"@type\":\"ListItem\",\"position\":2,\"name\":\"Shop\",\"item\":\"https:\/\/unnadeluxe.fi\/shop\/\"},{\"@type\":\"ListItem\",\"position\":3,\"name\":\"Satisfyer Men Classic Masturbator Silver\"}]},{\"@type\":\"WebSite\",\"@id\":\"https:\/\/unnadeluxe.fi\/#website\",\"url\":\"https:\/\/unnadeluxe.fi\/\",\"name\":\"Unnadeluxe\",\"description\":\"UnnaDeluxe\",\"publisher\":{\"@id\":\"https:\/\/unnadeluxe.fi\/#organization\"},\"potentialAction\":[{\"@type\":\"SearchAction\",\"target\":{\"@type\":\"EntryPoint\",\"urlTemplate\":\"https:\/\/unnadeluxe.fi\/?s={search_term_string}\"},\"query-input\":{\"@type\":\"PropertyValueSpecification\",\"valueRequired\":true,\"valueName\":\"search_term_string\"}}],\"inLanguage\":\"fi\"},{\"@type\":\"Organization\",\"@id\":\"https:\/\/unnadeluxe.fi\/#organization\",\"name\":\"Unnadeluxe\",\"url\":\"https:\/\/unnadeluxe.fi\/\",\"logo\":{\"@type\":\"ImageObject\",\"inLanguage\":\"fi\",\"@id\":\"https:\/\/unnadeluxe.fi\/#\/schema\/logo\/image\/\",\"url\":\"https:\/\/unnadeluxe.fi\/wp-content\/uploads\/2022\/09\/Unna-logo-lingerie-black-and-gold.png\",\"contentUrl\":\"https:\/\/unnadeluxe.fi\/wp-content\/uploads\/2022\/09\/Unna-logo-lingerie-black-and-gold.png\",\"width\":3150,\"height\":3937,\"caption\":\"Unnadeluxe\"},\"image\":{\"@id\":\"https:\/\/unnadeluxe.fi\/#\/schema\/logo\/image\/\"},\"sameAs\":[\"https:\/\/www.facebook.com\/UnnaDeluxe\"]}]}<\/script>\n<!-- \/ Yoast SEO plugin. -->","yoast_head_json":{"title":"Satisfyer Men Classic Masturbator Silver - Unnadeluxe","robots":{"index":"index","follow":"follow","max-snippet":"max-snippet:-1","max-image-preview":"max-image-preview:large","max-video-preview":"max-video-preview:-1"},"canonical":"https:\/\/unnadeluxe.fi\/fi\/tuote\/satisfyer-men-classic-masturbator-silver\/","og_locale":"fi_FI","og_type":"article","og_title":"Satisfyer Men Classic Masturbator Silver - Unnadeluxe","og_description":"Satisfyer Men Classic \u00e4r en elegant masturbator f\u00f6r att stimulera hela penis. Inuti masturbatorn finns en mjuk och l\u00e4cker sleeve. Det hudliknande materialet i det utbytbara h\u00f6ljet k\u00e4nns realistisk och dess inre diameter p\u00e5 1 cm kan t\u00f6jas f\u00f6r att passa de flesta storlekar. En fantastisk upplevelse f\u00f6r sk\u00f6na stunder med dig sj\u00e4lv eller varf\u00f6r inte l\u00e5ta din partner hj\u00e4lpa till?","og_url":"https:\/\/unnadeluxe.fi\/fi\/tuote\/satisfyer-men-classic-masturbator-silver\/","og_site_name":"Unnadeluxe","article_publisher":"https:\/\/www.facebook.com\/UnnaDeluxe","article_modified_time":"2025-09-22T18:54:00+00:00","og_image":[{"width":2560,"height":2560,"url":"https:\/\/unnadeluxe.fi\/wp-content\/uploads\/2025\/08\/410000071404_6-scaled.jpg","type":"image\/jpeg"}],"twitter_card":"summary_large_image","twitter_misc":{"Arvioitu lukuaika":"1 minuutti"},"schema":{"@context":"https:\/\/schema.org","@graph":[{"@type":"WebPage","@id":"https:\/\/unnadeluxe.fi\/produkt\/satisfyer-men-classic-masturbator-silver\/","url":"https:\/\/unnadeluxe.fi\/produkt\/satisfyer-men-classic-masturbator-silver\/","name":"Satisfyer Men Classic Masturbator Silver - Unnadeluxe","isPartOf":{"@id":"https:\/\/unnadeluxe.fi\/#website"},"primaryImageOfPage":{"@id":"https:\/\/unnadeluxe.fi\/produkt\/satisfyer-men-classic-masturbator-silver\/#primaryimage"},"image":{"@id":"https:\/\/unnadeluxe.fi\/produkt\/satisfyer-men-classic-masturbator-silver\/#primaryimage"},"thumbnailUrl":"https:\/\/unnadeluxe.fi\/wp-content\/uploads\/2025\/08\/410000071404_6-scaled.jpg","datePublished":"2025-08-19T08:31:42+00:00","dateModified":"2025-09-22T18:54:00+00:00","breadcrumb":{"@id":"https:\/\/unnadeluxe.fi\/produkt\/satisfyer-men-classic-masturbator-silver\/#breadcrumb"},"inLanguage":"fi","potentialAction":[{"@type":"ReadAction","target":["https:\/\/unnadeluxe.fi\/produkt\/satisfyer-men-classic-masturbator-silver\/"]}]},{"@type":"ImageObject","inLanguage":"fi","@id":"https:\/\/unnadeluxe.fi\/produkt\/satisfyer-men-classic-masturbator-silver\/#primaryimage","url":"https:\/\/unnadeluxe.fi\/wp-content\/uploads\/2025\/08\/410000071404_6-scaled.jpg","contentUrl":"https:\/\/unnadeluxe.fi\/wp-content\/uploads\/2025\/08\/410000071404_6-scaled.jpg","width":2560,"height":2560},{"@type":"BreadcrumbList","@id":"https:\/\/unnadeluxe.fi\/produkt\/satisfyer-men-classic-masturbator-silver\/#breadcrumb","itemListElement":[{"@type":"ListItem","position":1,"name":"Hem","item":"https:\/\/unnadeluxe.fi\/"},{"@type":"ListItem","position":2,"name":"Shop","item":"https:\/\/unnadeluxe.fi\/shop\/"},{"@type":"ListItem","position":3,"name":"Satisfyer Men Classic Masturbator Silver"}]},{"@type":"WebSite","@id":"https:\/\/unnadeluxe.fi\/#website","url":"https:\/\/unnadeluxe.fi\/","name":"Unnadeluxe","description":"UnnaDeluxe","publisher":{"@id":"https:\/\/unnadeluxe.fi\/#organization"},"potentialAction":[{"@type":"SearchAction","target":{"@type":"EntryPoint","urlTemplate":"https:\/\/unnadeluxe.fi\/?s={search_term_string}"},"query-input":{"@type":"PropertyValueSpecification","valueRequired":true,"valueName":"search_term_string"}}],"inLanguage":"fi"},{"@type":"Organization","@id":"https:\/\/unnadeluxe.fi\/#organization","name":"Unnadeluxe","url":"https:\/\/unnadeluxe.fi\/","logo":{"@type":"ImageObject","inLanguage":"fi","@id":"https:\/\/unnadeluxe.fi\/#\/schema\/logo\/image\/","url":"https:\/\/unnadeluxe.fi\/wp-content\/uploads\/2022\/09\/Unna-logo-lingerie-black-and-gold.png","contentUrl":"https:\/\/unnadeluxe.fi\/wp-content\/uploads\/2022\/09\/Unna-logo-lingerie-black-and-gold.png","width":3150,"height":3937,"caption":"Unnadeluxe"},"image":{"@id":"https:\/\/unnadeluxe.fi\/#\/schema\/logo\/image\/"},"sameAs":["https:\/\/www.facebook.com\/UnnaDeluxe"]}]}},"_links":{"self":[{"href":"https:\/\/unnadeluxe.fi\/fi\/wp-json\/wp\/v2\/product\/5185","targetHints":{"allow":["GET"]}}],"collection":[{"href":"https:\/\/unnadeluxe.fi\/fi\/wp-json\/wp\/v2\/product"}],"about":[{"href":"https:\/\/unnadeluxe.fi\/fi\/wp-json\/wp\/v2\/types\/product"}],"wp:featuredmedia":[{"embeddable":true,"href":"https:\/\/unnadeluxe.fi\/fi\/wp-json\/wp\/v2\/media\/5186"}],"wp:attachment":[{"href":"https:\/\/unnadeluxe.fi\/fi\/wp-json\/wp\/v2\/media?parent=5185"}],"wp:term":[{"taxonomy":"product_brand","embeddable":true,"href":"https:\/\/unnadeluxe.fi\/fi\/wp-json\/wp\/v2\/product_brand?post=5185"},{"taxonomy":"product_cat","embeddable":true,"href":"https:\/\/unnadeluxe.fi\/fi\/wp-json\/wp\/v2\/product_cat?post=5185"},{"taxonomy":"product_tag","embeddable":true,"href":"https:\/\/unnadeluxe.fi\/fi\/wp-json\/wp\/v2\/product_tag?post=5185"}],"curies":[{"name":"wp","href":"https:\/\/api.w.org\/{rel}","templated":true}]}}