{"id":5156,"date":"2025-08-18T15:56:21","date_gmt":"2025-08-18T15:56:21","guid":{"rendered":"https:\/\/unnadeluxe.fi\/?post_type=product&#038;p=5156"},"modified":"2026-02-28T11:20:35","modified_gmt":"2026-02-28T11:20:35","slug":"satisfyer-love-birds-vary-2","status":"publish","type":"product","link":"https:\/\/unnadeluxe.fi\/fi\/tuote\/satisfyer-love-birds-vary-2\/","title":{"rendered":"Satisfyer Love Birds Vary"},"content":{"rendered":"<p>Vibrerande kulor f\u00f6r effektiv b\u00e4ckenbottentr\u00e4ning.<br \/>\nHudv\u00e4nligt material<br \/>\nErgonomisk design<br \/>\n12 Vibrationsl\u00e4gen<br \/>\nStyrs via app (Satisfyer Connect App) eller fj\u00e4rrkontroll<br \/>\nUppladdningsbar<br \/>\nVattent\u00e4t<br \/>\nVikt p\u00e5 kulorna 29g, 35g och 43g <\/p>","protected":false},"excerpt":{"rendered":"<p>Love Birds Vary fr\u00e5n Satisfyer \u00e4r kulor som effektivt tr\u00e4nar din b\u00e4ckenbotten och kan styras via app eller tr\u00e5dl\u00f6s fj\u00e4rrkontroll. Tack vare dess ergonomiska form och vibrationsprogram i appen kommer dessa knipkulor att tr\u00e4na dina b\u00e4ckenbottenmuskler p\u00e5 ett roligt s\u00e4tt.<br \/>\nDet finns tre olika viktkulor 29, 35 och 43 g med dessa kan du gradvis \u00f6ka din tr\u00e4ning. B\u00f6rja med den l\u00e4ttaste vikten och g\u00e5 vidare med de tyngre n\u00e4r det passar dig.<br \/>\n10\u201315 minuter om dagen r\u00e4cker f\u00f6r att uppn\u00e5 resultat. Men kom ih\u00e5g att ha en vilodag mellan f\u00f6r att musklerna skall f\u00e5 slappna av.<br \/>\nMed en stark b\u00e4ckenbotten f\u00e5r du m\u00f6jlighet att uppleva fler, och mer intensiva orgasmer samtidigt som din partner kan uppleva en \u00f6kad tajthet under sex. Love Birds Vary fr\u00e5n Satisfyer f\u00f6rebygger \u00e4ven inkontinensbesv\u00e4r.<\/p>","protected":false},"featured_media":5157,"template":"","meta":[],"product_brand":[104],"product_cat":[70,71,72],"product_tag":[],"class_list":{"0":"post-5156","1":"product","2":"type-product","3":"status-publish","4":"has-post-thumbnail","6":"product_brand-satisfyer","7":"product_cat-lust-njutning","8":"product_cat-sexleksaker","9":"product_cat-sexuell-halsa","11":"first","12":"instock","13":"sale","14":"taxable","15":"shipping-taxable","16":"purchasable","17":"product-type-simple"},"yoast_head":"<!-- This site is optimized with the Yoast SEO plugin v27.1.1 - https:\/\/yoast.com\/product\/yoast-seo-wordpress\/ -->\n<title>Satisfyer Love Birds Vary - Unnadeluxe<\/title>\n<meta name=\"robots\" content=\"index, follow, max-snippet:-1, max-image-preview:large, max-video-preview:-1\" \/>\n<link rel=\"canonical\" href=\"https:\/\/unnadeluxe.fi\/fi\/tuote\/satisfyer-love-birds-vary-2\/\" \/>\n<meta property=\"og:locale\" content=\"fi_FI\" \/>\n<meta property=\"og:type\" content=\"article\" \/>\n<meta property=\"og:title\" content=\"Satisfyer Love Birds Vary - Unnadeluxe\" \/>\n<meta property=\"og:description\" content=\"Love Birds Vary fr\u00e5n Satisfyer \u00e4r kulor som effektivt tr\u00e4nar din b\u00e4ckenbotten och kan styras via app eller tr\u00e5dl\u00f6s fj\u00e4rrkontroll. Tack vare dess ergonomiska form och vibrationsprogram i appen kommer dessa knipkulor att tr\u00e4na dina b\u00e4ckenbottenmuskler p\u00e5 ett roligt s\u00e4tt. Det finns tre olika viktkulor 29, 35 och 43 g med dessa kan du gradvis \u00f6ka din tr\u00e4ning. B\u00f6rja med den l\u00e4ttaste vikten och g\u00e5 vidare med de tyngre n\u00e4r det passar dig.  10\u201315 minuter om dagen r\u00e4cker f\u00f6r att uppn\u00e5 resultat. Men kom ih\u00e5g att ha en vilodag mellan f\u00f6r att musklerna skall f\u00e5 slappna av. Med en stark b\u00e4ckenbotten f\u00e5r du m\u00f6jlighet att uppleva fler, och mer intensiva orgasmer samtidigt som din partner kan uppleva en \u00f6kad tajthet under sex. Love Birds Vary fr\u00e5n Satisfyer f\u00f6rebygger \u00e4ven inkontinensbesv\u00e4r.\" \/>\n<meta property=\"og:url\" content=\"https:\/\/unnadeluxe.fi\/fi\/tuote\/satisfyer-love-birds-vary-2\/\" \/>\n<meta property=\"og:site_name\" content=\"Unnadeluxe\" \/>\n<meta property=\"article:publisher\" content=\"https:\/\/www.facebook.com\/UnnaDeluxe\" \/>\n<meta property=\"article:modified_time\" content=\"2026-02-28T11:20:35+00:00\" \/>\n<meta property=\"og:image\" content=\"https:\/\/unnadeluxe.fi\/wp-content\/uploads\/2025\/08\/410000071011_8-scaled.jpg\" \/>\n\t<meta property=\"og:image:width\" content=\"2560\" \/>\n\t<meta property=\"og:image:height\" content=\"2560\" \/>\n\t<meta property=\"og:image:type\" content=\"image\/jpeg\" \/>\n<meta name=\"twitter:card\" content=\"summary_large_image\" \/>\n<meta name=\"twitter:label1\" content=\"Arvioitu lukuaika\" \/>\n\t<meta name=\"twitter:data1\" content=\"1 minuutti\" \/>\n<script type=\"application\/ld+json\" class=\"yoast-schema-graph\">{\"@context\":\"https:\/\/schema.org\",\"@graph\":[{\"@type\":\"WebPage\",\"@id\":\"https:\/\/unnadeluxe.fi\/produkt\/satisfyer-love-birds-vary-2\/\",\"url\":\"https:\/\/unnadeluxe.fi\/produkt\/satisfyer-love-birds-vary-2\/\",\"name\":\"Satisfyer Love Birds Vary - Unnadeluxe\",\"isPartOf\":{\"@id\":\"https:\/\/unnadeluxe.fi\/#website\"},\"primaryImageOfPage\":{\"@id\":\"https:\/\/unnadeluxe.fi\/produkt\/satisfyer-love-birds-vary-2\/#primaryimage\"},\"image\":{\"@id\":\"https:\/\/unnadeluxe.fi\/produkt\/satisfyer-love-birds-vary-2\/#primaryimage\"},\"thumbnailUrl\":\"https:\/\/unnadeluxe.fi\/wp-content\/uploads\/2025\/08\/410000071011_8-scaled.jpg\",\"datePublished\":\"2025-08-18T15:56:21+00:00\",\"dateModified\":\"2026-02-28T11:20:35+00:00\",\"breadcrumb\":{\"@id\":\"https:\/\/unnadeluxe.fi\/produkt\/satisfyer-love-birds-vary-2\/#breadcrumb\"},\"inLanguage\":\"fi\",\"potentialAction\":[{\"@type\":\"ReadAction\",\"target\":[\"https:\/\/unnadeluxe.fi\/produkt\/satisfyer-love-birds-vary-2\/\"]}]},{\"@type\":\"ImageObject\",\"inLanguage\":\"fi\",\"@id\":\"https:\/\/unnadeluxe.fi\/produkt\/satisfyer-love-birds-vary-2\/#primaryimage\",\"url\":\"https:\/\/unnadeluxe.fi\/wp-content\/uploads\/2025\/08\/410000071011_8-scaled.jpg\",\"contentUrl\":\"https:\/\/unnadeluxe.fi\/wp-content\/uploads\/2025\/08\/410000071011_8-scaled.jpg\",\"width\":2560,\"height\":2560},{\"@type\":\"BreadcrumbList\",\"@id\":\"https:\/\/unnadeluxe.fi\/produkt\/satisfyer-love-birds-vary-2\/#breadcrumb\",\"itemListElement\":[{\"@type\":\"ListItem\",\"position\":1,\"name\":\"Hem\",\"item\":\"https:\/\/unnadeluxe.fi\/\"},{\"@type\":\"ListItem\",\"position\":2,\"name\":\"Shop\",\"item\":\"https:\/\/unnadeluxe.fi\/shop\/\"},{\"@type\":\"ListItem\",\"position\":3,\"name\":\"Satisfyer Love Birds Vary\"}]},{\"@type\":\"WebSite\",\"@id\":\"https:\/\/unnadeluxe.fi\/#website\",\"url\":\"https:\/\/unnadeluxe.fi\/\",\"name\":\"Unnadeluxe\",\"description\":\"UnnaDeluxe\",\"publisher\":{\"@id\":\"https:\/\/unnadeluxe.fi\/#organization\"},\"potentialAction\":[{\"@type\":\"SearchAction\",\"target\":{\"@type\":\"EntryPoint\",\"urlTemplate\":\"https:\/\/unnadeluxe.fi\/?s={search_term_string}\"},\"query-input\":{\"@type\":\"PropertyValueSpecification\",\"valueRequired\":true,\"valueName\":\"search_term_string\"}}],\"inLanguage\":\"fi\"},{\"@type\":\"Organization\",\"@id\":\"https:\/\/unnadeluxe.fi\/#organization\",\"name\":\"Unnadeluxe\",\"url\":\"https:\/\/unnadeluxe.fi\/\",\"logo\":{\"@type\":\"ImageObject\",\"inLanguage\":\"fi\",\"@id\":\"https:\/\/unnadeluxe.fi\/#\/schema\/logo\/image\/\",\"url\":\"https:\/\/unnadeluxe.fi\/wp-content\/uploads\/2022\/09\/Unna-logo-lingerie-black-and-gold.png\",\"contentUrl\":\"https:\/\/unnadeluxe.fi\/wp-content\/uploads\/2022\/09\/Unna-logo-lingerie-black-and-gold.png\",\"width\":3150,\"height\":3937,\"caption\":\"Unnadeluxe\"},\"image\":{\"@id\":\"https:\/\/unnadeluxe.fi\/#\/schema\/logo\/image\/\"},\"sameAs\":[\"https:\/\/www.facebook.com\/UnnaDeluxe\"]}]}<\/script>\n<!-- \/ Yoast SEO plugin. -->","yoast_head_json":{"title":"Satisfyer Love Birds Vary - Unnadeluxe","robots":{"index":"index","follow":"follow","max-snippet":"max-snippet:-1","max-image-preview":"max-image-preview:large","max-video-preview":"max-video-preview:-1"},"canonical":"https:\/\/unnadeluxe.fi\/fi\/tuote\/satisfyer-love-birds-vary-2\/","og_locale":"fi_FI","og_type":"article","og_title":"Satisfyer Love Birds Vary - Unnadeluxe","og_description":"Love Birds Vary fr\u00e5n Satisfyer \u00e4r kulor som effektivt tr\u00e4nar din b\u00e4ckenbotten och kan styras via app eller tr\u00e5dl\u00f6s fj\u00e4rrkontroll. Tack vare dess ergonomiska form och vibrationsprogram i appen kommer dessa knipkulor att tr\u00e4na dina b\u00e4ckenbottenmuskler p\u00e5 ett roligt s\u00e4tt. Det finns tre olika viktkulor 29, 35 och 43 g med dessa kan du gradvis \u00f6ka din tr\u00e4ning. B\u00f6rja med den l\u00e4ttaste vikten och g\u00e5 vidare med de tyngre n\u00e4r det passar dig.  10\u201315 minuter om dagen r\u00e4cker f\u00f6r att uppn\u00e5 resultat. Men kom ih\u00e5g att ha en vilodag mellan f\u00f6r att musklerna skall f\u00e5 slappna av. Med en stark b\u00e4ckenbotten f\u00e5r du m\u00f6jlighet att uppleva fler, och mer intensiva orgasmer samtidigt som din partner kan uppleva en \u00f6kad tajthet under sex. Love Birds Vary fr\u00e5n Satisfyer f\u00f6rebygger \u00e4ven inkontinensbesv\u00e4r.","og_url":"https:\/\/unnadeluxe.fi\/fi\/tuote\/satisfyer-love-birds-vary-2\/","og_site_name":"Unnadeluxe","article_publisher":"https:\/\/www.facebook.com\/UnnaDeluxe","article_modified_time":"2026-02-28T11:20:35+00:00","og_image":[{"width":2560,"height":2560,"url":"https:\/\/unnadeluxe.fi\/wp-content\/uploads\/2025\/08\/410000071011_8-scaled.jpg","type":"image\/jpeg"}],"twitter_card":"summary_large_image","twitter_misc":{"Arvioitu lukuaika":"1 minuutti"},"schema":{"@context":"https:\/\/schema.org","@graph":[{"@type":"WebPage","@id":"https:\/\/unnadeluxe.fi\/produkt\/satisfyer-love-birds-vary-2\/","url":"https:\/\/unnadeluxe.fi\/produkt\/satisfyer-love-birds-vary-2\/","name":"Satisfyer Love Birds Vary - Unnadeluxe","isPartOf":{"@id":"https:\/\/unnadeluxe.fi\/#website"},"primaryImageOfPage":{"@id":"https:\/\/unnadeluxe.fi\/produkt\/satisfyer-love-birds-vary-2\/#primaryimage"},"image":{"@id":"https:\/\/unnadeluxe.fi\/produkt\/satisfyer-love-birds-vary-2\/#primaryimage"},"thumbnailUrl":"https:\/\/unnadeluxe.fi\/wp-content\/uploads\/2025\/08\/410000071011_8-scaled.jpg","datePublished":"2025-08-18T15:56:21+00:00","dateModified":"2026-02-28T11:20:35+00:00","breadcrumb":{"@id":"https:\/\/unnadeluxe.fi\/produkt\/satisfyer-love-birds-vary-2\/#breadcrumb"},"inLanguage":"fi","potentialAction":[{"@type":"ReadAction","target":["https:\/\/unnadeluxe.fi\/produkt\/satisfyer-love-birds-vary-2\/"]}]},{"@type":"ImageObject","inLanguage":"fi","@id":"https:\/\/unnadeluxe.fi\/produkt\/satisfyer-love-birds-vary-2\/#primaryimage","url":"https:\/\/unnadeluxe.fi\/wp-content\/uploads\/2025\/08\/410000071011_8-scaled.jpg","contentUrl":"https:\/\/unnadeluxe.fi\/wp-content\/uploads\/2025\/08\/410000071011_8-scaled.jpg","width":2560,"height":2560},{"@type":"BreadcrumbList","@id":"https:\/\/unnadeluxe.fi\/produkt\/satisfyer-love-birds-vary-2\/#breadcrumb","itemListElement":[{"@type":"ListItem","position":1,"name":"Hem","item":"https:\/\/unnadeluxe.fi\/"},{"@type":"ListItem","position":2,"name":"Shop","item":"https:\/\/unnadeluxe.fi\/shop\/"},{"@type":"ListItem","position":3,"name":"Satisfyer Love Birds Vary"}]},{"@type":"WebSite","@id":"https:\/\/unnadeluxe.fi\/#website","url":"https:\/\/unnadeluxe.fi\/","name":"Unnadeluxe","description":"UnnaDeluxe","publisher":{"@id":"https:\/\/unnadeluxe.fi\/#organization"},"potentialAction":[{"@type":"SearchAction","target":{"@type":"EntryPoint","urlTemplate":"https:\/\/unnadeluxe.fi\/?s={search_term_string}"},"query-input":{"@type":"PropertyValueSpecification","valueRequired":true,"valueName":"search_term_string"}}],"inLanguage":"fi"},{"@type":"Organization","@id":"https:\/\/unnadeluxe.fi\/#organization","name":"Unnadeluxe","url":"https:\/\/unnadeluxe.fi\/","logo":{"@type":"ImageObject","inLanguage":"fi","@id":"https:\/\/unnadeluxe.fi\/#\/schema\/logo\/image\/","url":"https:\/\/unnadeluxe.fi\/wp-content\/uploads\/2022\/09\/Unna-logo-lingerie-black-and-gold.png","contentUrl":"https:\/\/unnadeluxe.fi\/wp-content\/uploads\/2022\/09\/Unna-logo-lingerie-black-and-gold.png","width":3150,"height":3937,"caption":"Unnadeluxe"},"image":{"@id":"https:\/\/unnadeluxe.fi\/#\/schema\/logo\/image\/"},"sameAs":["https:\/\/www.facebook.com\/UnnaDeluxe"]}]}},"_links":{"self":[{"href":"https:\/\/unnadeluxe.fi\/fi\/wp-json\/wp\/v2\/product\/5156","targetHints":{"allow":["GET"]}}],"collection":[{"href":"https:\/\/unnadeluxe.fi\/fi\/wp-json\/wp\/v2\/product"}],"about":[{"href":"https:\/\/unnadeluxe.fi\/fi\/wp-json\/wp\/v2\/types\/product"}],"wp:featuredmedia":[{"embeddable":true,"href":"https:\/\/unnadeluxe.fi\/fi\/wp-json\/wp\/v2\/media\/5157"}],"wp:attachment":[{"href":"https:\/\/unnadeluxe.fi\/fi\/wp-json\/wp\/v2\/media?parent=5156"}],"wp:term":[{"taxonomy":"product_brand","embeddable":true,"href":"https:\/\/unnadeluxe.fi\/fi\/wp-json\/wp\/v2\/product_brand?post=5156"},{"taxonomy":"product_cat","embeddable":true,"href":"https:\/\/unnadeluxe.fi\/fi\/wp-json\/wp\/v2\/product_cat?post=5156"},{"taxonomy":"product_tag","embeddable":true,"href":"https:\/\/unnadeluxe.fi\/fi\/wp-json\/wp\/v2\/product_tag?post=5156"}],"curies":[{"name":"wp","href":"https:\/\/api.w.org\/{rel}","templated":true}]}}