{"id":5057,"date":"2025-08-11T15:48:11","date_gmt":"2025-08-11T15:48:11","guid":{"rendered":"https:\/\/unnadeluxe.fi\/?post_type=product&#038;p=5057"},"modified":"2026-02-28T11:26:37","modified_gmt":"2026-02-28T11:26:37","slug":"satisfyer-pro-2-modern-blossom-klitorisstimulator","status":"publish","type":"product","link":"https:\/\/unnadeluxe.fi\/fi\/tuote\/satisfyer-pro-2-modern-blossom-klitorisstimulator\/","title":{"rendered":"Satisfyer Pro 2 Modern Blossom Klitorisstimulator"},"content":{"rendered":"<p>Lufttrycksvibrator med en sensuell och vacker design formad som en ros.<br \/>\nLiquid air technology.<br \/>\nErbjuder 11 olika intensitetsniv\u00e5er.<br \/>\nTv\u00e5 olika munstycken f\u00f6r variation.<br \/>\nVattent\u00e4t och uppladdningsbar<br \/>\nMaterial: ABS-plast, Silikon<br \/>\nStorlek: 6,5cm<\/p>","protected":false},"excerpt":{"rendered":"<p>Lufttrycksvibrator med en sensuell och vacker design formad som en ros.<br \/>\nLiquid air technology ger en fantastisk stimulans av klitoris med pulserande tryckv\u00e5gor.<br \/>\nErbjuder 11 olika intensitetsniv\u00e5er. Tv\u00e5 olika munstycken f\u00f6r variation.<br \/>\nVattent\u00e4t och uppladdningsbar<br \/>\nDenna produkt har f\u00e5tt bra recensioner fr\u00e5n olika h\u00e5ll av b\u00e5de yngre och \u00e4ldre kvinnor. \u00c4ven fin att ge som g\u00e5va.<\/p>","protected":false},"featured_media":5058,"template":"","meta":[],"product_brand":[],"product_cat":[70,71],"product_tag":[],"class_list":{"0":"post-5057","1":"product","2":"type-product","3":"status-publish","4":"has-post-thumbnail","6":"product_cat-lust-njutning","7":"product_cat-sexleksaker","9":"first","10":"instock","11":"taxable","12":"shipping-taxable","13":"purchasable","14":"product-type-simple"},"yoast_head":"<!-- This site is optimized with the Yoast SEO plugin v27.1.1 - https:\/\/yoast.com\/product\/yoast-seo-wordpress\/ -->\n<title>Satisfyer Pro 2 Modern Blossom Klitorisstimulator - Unnadeluxe<\/title>\n<meta name=\"robots\" content=\"index, follow, max-snippet:-1, max-image-preview:large, max-video-preview:-1\" \/>\n<link rel=\"canonical\" href=\"https:\/\/unnadeluxe.fi\/fi\/tuote\/satisfyer-pro-2-modern-blossom-klitorisstimulator\/\" \/>\n<meta property=\"og:locale\" content=\"fi_FI\" \/>\n<meta property=\"og:type\" content=\"article\" \/>\n<meta property=\"og:title\" content=\"Satisfyer Pro 2 Modern Blossom Klitorisstimulator - Unnadeluxe\" \/>\n<meta property=\"og:description\" content=\"Lufttrycksvibrator med en sensuell och vacker design formad som en ros.  Liquid air technology ger en fantastisk stimulans av klitoris med pulserande tryckv\u00e5gor. Erbjuder 11 olika intensitetsniv\u00e5er. Tv\u00e5 olika munstycken f\u00f6r variation. Vattent\u00e4t och uppladdningsbar Denna produkt har f\u00e5tt bra recensioner fr\u00e5n olika h\u00e5ll av b\u00e5de yngre och \u00e4ldre kvinnor. \u00c4ven fin att ge som g\u00e5va.\" \/>\n<meta property=\"og:url\" content=\"https:\/\/unnadeluxe.fi\/fi\/tuote\/satisfyer-pro-2-modern-blossom-klitorisstimulator\/\" \/>\n<meta property=\"og:site_name\" content=\"Unnadeluxe\" \/>\n<meta property=\"article:publisher\" content=\"https:\/\/www.facebook.com\/UnnaDeluxe\" \/>\n<meta property=\"article:modified_time\" content=\"2026-02-28T11:26:37+00:00\" \/>\n<meta property=\"og:image\" content=\"https:\/\/unnadeluxe.fi\/wp-content\/uploads\/2025\/08\/410000071777_7-scaled.jpg\" \/>\n\t<meta property=\"og:image:width\" content=\"2560\" \/>\n\t<meta property=\"og:image:height\" content=\"2560\" \/>\n\t<meta property=\"og:image:type\" content=\"image\/jpeg\" \/>\n<meta name=\"twitter:card\" content=\"summary_large_image\" \/>\n<meta name=\"twitter:label1\" content=\"Arvioitu lukuaika\" \/>\n\t<meta name=\"twitter:data1\" content=\"1 minuutti\" \/>\n<script type=\"application\/ld+json\" class=\"yoast-schema-graph\">{\"@context\":\"https:\/\/schema.org\",\"@graph\":[{\"@type\":\"WebPage\",\"@id\":\"https:\/\/unnadeluxe.fi\/produkt\/satisfyer-pro-2-modern-blossom-klitorisstimulator\/\",\"url\":\"https:\/\/unnadeluxe.fi\/produkt\/satisfyer-pro-2-modern-blossom-klitorisstimulator\/\",\"name\":\"Satisfyer Pro 2 Modern Blossom Klitorisstimulator - Unnadeluxe\",\"isPartOf\":{\"@id\":\"https:\/\/unnadeluxe.fi\/#website\"},\"primaryImageOfPage\":{\"@id\":\"https:\/\/unnadeluxe.fi\/produkt\/satisfyer-pro-2-modern-blossom-klitorisstimulator\/#primaryimage\"},\"image\":{\"@id\":\"https:\/\/unnadeluxe.fi\/produkt\/satisfyer-pro-2-modern-blossom-klitorisstimulator\/#primaryimage\"},\"thumbnailUrl\":\"https:\/\/unnadeluxe.fi\/wp-content\/uploads\/2025\/08\/410000071777_7-scaled.jpg\",\"datePublished\":\"2025-08-11T15:48:11+00:00\",\"dateModified\":\"2026-02-28T11:26:37+00:00\",\"breadcrumb\":{\"@id\":\"https:\/\/unnadeluxe.fi\/produkt\/satisfyer-pro-2-modern-blossom-klitorisstimulator\/#breadcrumb\"},\"inLanguage\":\"fi\",\"potentialAction\":[{\"@type\":\"ReadAction\",\"target\":[\"https:\/\/unnadeluxe.fi\/produkt\/satisfyer-pro-2-modern-blossom-klitorisstimulator\/\"]}]},{\"@type\":\"ImageObject\",\"inLanguage\":\"fi\",\"@id\":\"https:\/\/unnadeluxe.fi\/produkt\/satisfyer-pro-2-modern-blossom-klitorisstimulator\/#primaryimage\",\"url\":\"https:\/\/unnadeluxe.fi\/wp-content\/uploads\/2025\/08\/410000071777_7-scaled.jpg\",\"contentUrl\":\"https:\/\/unnadeluxe.fi\/wp-content\/uploads\/2025\/08\/410000071777_7-scaled.jpg\",\"width\":2560,\"height\":2560},{\"@type\":\"BreadcrumbList\",\"@id\":\"https:\/\/unnadeluxe.fi\/produkt\/satisfyer-pro-2-modern-blossom-klitorisstimulator\/#breadcrumb\",\"itemListElement\":[{\"@type\":\"ListItem\",\"position\":1,\"name\":\"Hem\",\"item\":\"https:\/\/unnadeluxe.fi\/\"},{\"@type\":\"ListItem\",\"position\":2,\"name\":\"Shop\",\"item\":\"https:\/\/unnadeluxe.fi\/shop\/\"},{\"@type\":\"ListItem\",\"position\":3,\"name\":\"Satisfyer Pro 2 Modern Blossom Klitorisstimulator\"}]},{\"@type\":\"WebSite\",\"@id\":\"https:\/\/unnadeluxe.fi\/#website\",\"url\":\"https:\/\/unnadeluxe.fi\/\",\"name\":\"Unnadeluxe\",\"description\":\"UnnaDeluxe\",\"publisher\":{\"@id\":\"https:\/\/unnadeluxe.fi\/#organization\"},\"potentialAction\":[{\"@type\":\"SearchAction\",\"target\":{\"@type\":\"EntryPoint\",\"urlTemplate\":\"https:\/\/unnadeluxe.fi\/?s={search_term_string}\"},\"query-input\":{\"@type\":\"PropertyValueSpecification\",\"valueRequired\":true,\"valueName\":\"search_term_string\"}}],\"inLanguage\":\"fi\"},{\"@type\":\"Organization\",\"@id\":\"https:\/\/unnadeluxe.fi\/#organization\",\"name\":\"Unnadeluxe\",\"url\":\"https:\/\/unnadeluxe.fi\/\",\"logo\":{\"@type\":\"ImageObject\",\"inLanguage\":\"fi\",\"@id\":\"https:\/\/unnadeluxe.fi\/#\/schema\/logo\/image\/\",\"url\":\"https:\/\/unnadeluxe.fi\/wp-content\/uploads\/2022\/09\/Unna-logo-lingerie-black-and-gold.png\",\"contentUrl\":\"https:\/\/unnadeluxe.fi\/wp-content\/uploads\/2022\/09\/Unna-logo-lingerie-black-and-gold.png\",\"width\":3150,\"height\":3937,\"caption\":\"Unnadeluxe\"},\"image\":{\"@id\":\"https:\/\/unnadeluxe.fi\/#\/schema\/logo\/image\/\"},\"sameAs\":[\"https:\/\/www.facebook.com\/UnnaDeluxe\"]}]}<\/script>\n<!-- \/ Yoast SEO plugin. -->","yoast_head_json":{"title":"Satisfyer Pro 2 Modern Blossom Klitorisstimulator - Unnadeluxe","robots":{"index":"index","follow":"follow","max-snippet":"max-snippet:-1","max-image-preview":"max-image-preview:large","max-video-preview":"max-video-preview:-1"},"canonical":"https:\/\/unnadeluxe.fi\/fi\/tuote\/satisfyer-pro-2-modern-blossom-klitorisstimulator\/","og_locale":"fi_FI","og_type":"article","og_title":"Satisfyer Pro 2 Modern Blossom Klitorisstimulator - Unnadeluxe","og_description":"Lufttrycksvibrator med en sensuell och vacker design formad som en ros.  Liquid air technology ger en fantastisk stimulans av klitoris med pulserande tryckv\u00e5gor. Erbjuder 11 olika intensitetsniv\u00e5er. Tv\u00e5 olika munstycken f\u00f6r variation. Vattent\u00e4t och uppladdningsbar Denna produkt har f\u00e5tt bra recensioner fr\u00e5n olika h\u00e5ll av b\u00e5de yngre och \u00e4ldre kvinnor. \u00c4ven fin att ge som g\u00e5va.","og_url":"https:\/\/unnadeluxe.fi\/fi\/tuote\/satisfyer-pro-2-modern-blossom-klitorisstimulator\/","og_site_name":"Unnadeluxe","article_publisher":"https:\/\/www.facebook.com\/UnnaDeluxe","article_modified_time":"2026-02-28T11:26:37+00:00","og_image":[{"width":2560,"height":2560,"url":"https:\/\/unnadeluxe.fi\/wp-content\/uploads\/2025\/08\/410000071777_7-scaled.jpg","type":"image\/jpeg"}],"twitter_card":"summary_large_image","twitter_misc":{"Arvioitu lukuaika":"1 minuutti"},"schema":{"@context":"https:\/\/schema.org","@graph":[{"@type":"WebPage","@id":"https:\/\/unnadeluxe.fi\/produkt\/satisfyer-pro-2-modern-blossom-klitorisstimulator\/","url":"https:\/\/unnadeluxe.fi\/produkt\/satisfyer-pro-2-modern-blossom-klitorisstimulator\/","name":"Satisfyer Pro 2 Modern Blossom Klitorisstimulator - Unnadeluxe","isPartOf":{"@id":"https:\/\/unnadeluxe.fi\/#website"},"primaryImageOfPage":{"@id":"https:\/\/unnadeluxe.fi\/produkt\/satisfyer-pro-2-modern-blossom-klitorisstimulator\/#primaryimage"},"image":{"@id":"https:\/\/unnadeluxe.fi\/produkt\/satisfyer-pro-2-modern-blossom-klitorisstimulator\/#primaryimage"},"thumbnailUrl":"https:\/\/unnadeluxe.fi\/wp-content\/uploads\/2025\/08\/410000071777_7-scaled.jpg","datePublished":"2025-08-11T15:48:11+00:00","dateModified":"2026-02-28T11:26:37+00:00","breadcrumb":{"@id":"https:\/\/unnadeluxe.fi\/produkt\/satisfyer-pro-2-modern-blossom-klitorisstimulator\/#breadcrumb"},"inLanguage":"fi","potentialAction":[{"@type":"ReadAction","target":["https:\/\/unnadeluxe.fi\/produkt\/satisfyer-pro-2-modern-blossom-klitorisstimulator\/"]}]},{"@type":"ImageObject","inLanguage":"fi","@id":"https:\/\/unnadeluxe.fi\/produkt\/satisfyer-pro-2-modern-blossom-klitorisstimulator\/#primaryimage","url":"https:\/\/unnadeluxe.fi\/wp-content\/uploads\/2025\/08\/410000071777_7-scaled.jpg","contentUrl":"https:\/\/unnadeluxe.fi\/wp-content\/uploads\/2025\/08\/410000071777_7-scaled.jpg","width":2560,"height":2560},{"@type":"BreadcrumbList","@id":"https:\/\/unnadeluxe.fi\/produkt\/satisfyer-pro-2-modern-blossom-klitorisstimulator\/#breadcrumb","itemListElement":[{"@type":"ListItem","position":1,"name":"Hem","item":"https:\/\/unnadeluxe.fi\/"},{"@type":"ListItem","position":2,"name":"Shop","item":"https:\/\/unnadeluxe.fi\/shop\/"},{"@type":"ListItem","position":3,"name":"Satisfyer Pro 2 Modern Blossom Klitorisstimulator"}]},{"@type":"WebSite","@id":"https:\/\/unnadeluxe.fi\/#website","url":"https:\/\/unnadeluxe.fi\/","name":"Unnadeluxe","description":"UnnaDeluxe","publisher":{"@id":"https:\/\/unnadeluxe.fi\/#organization"},"potentialAction":[{"@type":"SearchAction","target":{"@type":"EntryPoint","urlTemplate":"https:\/\/unnadeluxe.fi\/?s={search_term_string}"},"query-input":{"@type":"PropertyValueSpecification","valueRequired":true,"valueName":"search_term_string"}}],"inLanguage":"fi"},{"@type":"Organization","@id":"https:\/\/unnadeluxe.fi\/#organization","name":"Unnadeluxe","url":"https:\/\/unnadeluxe.fi\/","logo":{"@type":"ImageObject","inLanguage":"fi","@id":"https:\/\/unnadeluxe.fi\/#\/schema\/logo\/image\/","url":"https:\/\/unnadeluxe.fi\/wp-content\/uploads\/2022\/09\/Unna-logo-lingerie-black-and-gold.png","contentUrl":"https:\/\/unnadeluxe.fi\/wp-content\/uploads\/2022\/09\/Unna-logo-lingerie-black-and-gold.png","width":3150,"height":3937,"caption":"Unnadeluxe"},"image":{"@id":"https:\/\/unnadeluxe.fi\/#\/schema\/logo\/image\/"},"sameAs":["https:\/\/www.facebook.com\/UnnaDeluxe"]}]}},"_links":{"self":[{"href":"https:\/\/unnadeluxe.fi\/fi\/wp-json\/wp\/v2\/product\/5057","targetHints":{"allow":["GET"]}}],"collection":[{"href":"https:\/\/unnadeluxe.fi\/fi\/wp-json\/wp\/v2\/product"}],"about":[{"href":"https:\/\/unnadeluxe.fi\/fi\/wp-json\/wp\/v2\/types\/product"}],"wp:featuredmedia":[{"embeddable":true,"href":"https:\/\/unnadeluxe.fi\/fi\/wp-json\/wp\/v2\/media\/5058"}],"wp:attachment":[{"href":"https:\/\/unnadeluxe.fi\/fi\/wp-json\/wp\/v2\/media?parent=5057"}],"wp:term":[{"taxonomy":"product_brand","embeddable":true,"href":"https:\/\/unnadeluxe.fi\/fi\/wp-json\/wp\/v2\/product_brand?post=5057"},{"taxonomy":"product_cat","embeddable":true,"href":"https:\/\/unnadeluxe.fi\/fi\/wp-json\/wp\/v2\/product_cat?post=5057"},{"taxonomy":"product_tag","embeddable":true,"href":"https:\/\/unnadeluxe.fi\/fi\/wp-json\/wp\/v2\/product_tag?post=5057"}],"curies":[{"name":"wp","href":"https:\/\/api.w.org\/{rel}","templated":true}]}}