{"id":5003,"date":"2025-08-04T15:22:03","date_gmt":"2025-08-04T15:22:03","guid":{"rendered":"https:\/\/unnadeluxe.fi\/?post_type=product&#038;p=5003"},"modified":"2025-10-21T15:52:13","modified_gmt":"2025-10-21T15:52:13","slug":"trofe-heidi-comfort-bh-svart","status":"publish","type":"product","link":"https:\/\/unnadeluxe.fi\/fi\/tuote\/trofe-heidi-comfort-bh-svart\/","title":{"rendered":"Trof\u00e9 Heidi Comfort Bh Svart"},"content":{"rendered":"<p>Topp i trik\u00e5material med v-ringning och vadderade kupor. Brett res\u00e5r nertill och breda axelband ger extra komfort. Rynkeffekt mellan br\u00f6sten.<br \/>\nMaterial 90% Nylon, 10% Elastan<br \/>\nTv\u00e4ttr\u00e5d 30 grader<\/p>","protected":false},"excerpt":{"rendered":"<p>Bygelfri bh i trik\u00e5material \u00e4r en bh med tank-top look och v-ringning. Bh:n dras \u00f6ver huvudet. Kuporna \u00e4r vadderade men vadderingen g\u00e5r att plocka bort. Brett res\u00e5r nertill och breda axelband ger extra komfort. Rynkeffekt mellan br\u00f6sten.<\/p>","protected":false},"featured_media":5009,"template":"","meta":[],"product_brand":[84],"product_cat":[28,56,60,57],"product_tag":[],"class_list":{"0":"post-5003","1":"product","2":"type-product","3":"status-publish","4":"has-post-thumbnail","6":"product_brand-trofe","7":"product_cat-bhn","8":"product_cat-bygellos-bh","9":"product_cat-protes-bh","10":"product_cat-vadderad-bh","12":"first","13":"instock","14":"taxable","15":"shipping-taxable","16":"purchasable","17":"product-type-variable"},"yoast_head":"<!-- This site is optimized with the Yoast SEO plugin v27.1.1 - https:\/\/yoast.com\/product\/yoast-seo-wordpress\/ -->\n<title>Trof\u00e9 Heidi Comfort Bh Svart - Unnadeluxe<\/title>\n<meta name=\"robots\" content=\"index, follow, max-snippet:-1, max-image-preview:large, max-video-preview:-1\" \/>\n<link rel=\"canonical\" href=\"https:\/\/unnadeluxe.fi\/fi\/tuote\/trofe-heidi-comfort-bh-svart\/\" \/>\n<meta property=\"og:locale\" content=\"fi_FI\" \/>\n<meta property=\"og:type\" content=\"article\" \/>\n<meta property=\"og:title\" content=\"Trof\u00e9 Heidi Comfort Bh Svart - Unnadeluxe\" \/>\n<meta property=\"og:description\" content=\"Bygelfri bh i trik\u00e5material \u00e4r en bh med tank-top look och v-ringning. Bh:n dras \u00f6ver huvudet. Kuporna \u00e4r vadderade men vadderingen g\u00e5r att plocka bort. Brett res\u00e5r nertill och breda axelband ger extra komfort. Rynkeffekt mellan br\u00f6sten.\" \/>\n<meta property=\"og:url\" content=\"https:\/\/unnadeluxe.fi\/fi\/tuote\/trofe-heidi-comfort-bh-svart\/\" \/>\n<meta property=\"og:site_name\" content=\"Unnadeluxe\" \/>\n<meta property=\"article:publisher\" content=\"https:\/\/www.facebook.com\/UnnaDeluxe\" \/>\n<meta property=\"article:modified_time\" content=\"2025-10-21T15:52:13+00:00\" \/>\n<meta property=\"og:image\" content=\"https:\/\/unnadeluxe.fi\/wp-content\/uploads\/2025\/08\/10300_1200_front_001-scaled.jpg\" \/>\n\t<meta property=\"og:image:width\" content=\"1978\" \/>\n\t<meta property=\"og:image:height\" content=\"2560\" \/>\n\t<meta property=\"og:image:type\" content=\"image\/jpeg\" \/>\n<meta name=\"twitter:card\" content=\"summary_large_image\" \/>\n<meta name=\"twitter:label1\" content=\"Arvioitu lukuaika\" \/>\n\t<meta name=\"twitter:data1\" content=\"1 minuutti\" \/>\n<script type=\"application\/ld+json\" class=\"yoast-schema-graph\">{\"@context\":\"https:\/\/schema.org\",\"@graph\":[{\"@type\":\"WebPage\",\"@id\":\"https:\/\/unnadeluxe.fi\/produkt\/trofe-heidi-comfort-bh-svart\/\",\"url\":\"https:\/\/unnadeluxe.fi\/produkt\/trofe-heidi-comfort-bh-svart\/\",\"name\":\"Trof\u00e9 Heidi Comfort Bh Svart - Unnadeluxe\",\"isPartOf\":{\"@id\":\"https:\/\/unnadeluxe.fi\/#website\"},\"primaryImageOfPage\":{\"@id\":\"https:\/\/unnadeluxe.fi\/produkt\/trofe-heidi-comfort-bh-svart\/#primaryimage\"},\"image\":{\"@id\":\"https:\/\/unnadeluxe.fi\/produkt\/trofe-heidi-comfort-bh-svart\/#primaryimage\"},\"thumbnailUrl\":\"https:\/\/unnadeluxe.fi\/wp-content\/uploads\/2025\/08\/10300_1200_front_001-scaled.jpg\",\"datePublished\":\"2025-08-04T15:22:03+00:00\",\"dateModified\":\"2025-10-21T15:52:13+00:00\",\"breadcrumb\":{\"@id\":\"https:\/\/unnadeluxe.fi\/produkt\/trofe-heidi-comfort-bh-svart\/#breadcrumb\"},\"inLanguage\":\"fi\",\"potentialAction\":[{\"@type\":\"ReadAction\",\"target\":[\"https:\/\/unnadeluxe.fi\/produkt\/trofe-heidi-comfort-bh-svart\/\"]}]},{\"@type\":\"ImageObject\",\"inLanguage\":\"fi\",\"@id\":\"https:\/\/unnadeluxe.fi\/produkt\/trofe-heidi-comfort-bh-svart\/#primaryimage\",\"url\":\"https:\/\/unnadeluxe.fi\/wp-content\/uploads\/2025\/08\/10300_1200_front_001-scaled.jpg\",\"contentUrl\":\"https:\/\/unnadeluxe.fi\/wp-content\/uploads\/2025\/08\/10300_1200_front_001-scaled.jpg\",\"width\":1978,\"height\":2560},{\"@type\":\"BreadcrumbList\",\"@id\":\"https:\/\/unnadeluxe.fi\/produkt\/trofe-heidi-comfort-bh-svart\/#breadcrumb\",\"itemListElement\":[{\"@type\":\"ListItem\",\"position\":1,\"name\":\"Hem\",\"item\":\"https:\/\/unnadeluxe.fi\/\"},{\"@type\":\"ListItem\",\"position\":2,\"name\":\"Shop\",\"item\":\"https:\/\/unnadeluxe.fi\/shop\/\"},{\"@type\":\"ListItem\",\"position\":3,\"name\":\"Trof\u00e9 Heidi Comfort Bh Svart\"}]},{\"@type\":\"WebSite\",\"@id\":\"https:\/\/unnadeluxe.fi\/#website\",\"url\":\"https:\/\/unnadeluxe.fi\/\",\"name\":\"Unnadeluxe\",\"description\":\"UnnaDeluxe\",\"publisher\":{\"@id\":\"https:\/\/unnadeluxe.fi\/#organization\"},\"potentialAction\":[{\"@type\":\"SearchAction\",\"target\":{\"@type\":\"EntryPoint\",\"urlTemplate\":\"https:\/\/unnadeluxe.fi\/?s={search_term_string}\"},\"query-input\":{\"@type\":\"PropertyValueSpecification\",\"valueRequired\":true,\"valueName\":\"search_term_string\"}}],\"inLanguage\":\"fi\"},{\"@type\":\"Organization\",\"@id\":\"https:\/\/unnadeluxe.fi\/#organization\",\"name\":\"Unnadeluxe\",\"url\":\"https:\/\/unnadeluxe.fi\/\",\"logo\":{\"@type\":\"ImageObject\",\"inLanguage\":\"fi\",\"@id\":\"https:\/\/unnadeluxe.fi\/#\/schema\/logo\/image\/\",\"url\":\"https:\/\/unnadeluxe.fi\/wp-content\/uploads\/2022\/09\/Unna-logo-lingerie-black-and-gold.png\",\"contentUrl\":\"https:\/\/unnadeluxe.fi\/wp-content\/uploads\/2022\/09\/Unna-logo-lingerie-black-and-gold.png\",\"width\":3150,\"height\":3937,\"caption\":\"Unnadeluxe\"},\"image\":{\"@id\":\"https:\/\/unnadeluxe.fi\/#\/schema\/logo\/image\/\"},\"sameAs\":[\"https:\/\/www.facebook.com\/UnnaDeluxe\"]}]}<\/script>\n<!-- \/ Yoast SEO plugin. -->","yoast_head_json":{"title":"Trof\u00e9 Heidi Comfort Bh Svart - Unnadeluxe","robots":{"index":"index","follow":"follow","max-snippet":"max-snippet:-1","max-image-preview":"max-image-preview:large","max-video-preview":"max-video-preview:-1"},"canonical":"https:\/\/unnadeluxe.fi\/fi\/tuote\/trofe-heidi-comfort-bh-svart\/","og_locale":"fi_FI","og_type":"article","og_title":"Trof\u00e9 Heidi Comfort Bh Svart - Unnadeluxe","og_description":"Bygelfri bh i trik\u00e5material \u00e4r en bh med tank-top look och v-ringning. Bh:n dras \u00f6ver huvudet. Kuporna \u00e4r vadderade men vadderingen g\u00e5r att plocka bort. Brett res\u00e5r nertill och breda axelband ger extra komfort. Rynkeffekt mellan br\u00f6sten.","og_url":"https:\/\/unnadeluxe.fi\/fi\/tuote\/trofe-heidi-comfort-bh-svart\/","og_site_name":"Unnadeluxe","article_publisher":"https:\/\/www.facebook.com\/UnnaDeluxe","article_modified_time":"2025-10-21T15:52:13+00:00","og_image":[{"width":1978,"height":2560,"url":"https:\/\/unnadeluxe.fi\/wp-content\/uploads\/2025\/08\/10300_1200_front_001-scaled.jpg","type":"image\/jpeg"}],"twitter_card":"summary_large_image","twitter_misc":{"Arvioitu lukuaika":"1 minuutti"},"schema":{"@context":"https:\/\/schema.org","@graph":[{"@type":"WebPage","@id":"https:\/\/unnadeluxe.fi\/produkt\/trofe-heidi-comfort-bh-svart\/","url":"https:\/\/unnadeluxe.fi\/produkt\/trofe-heidi-comfort-bh-svart\/","name":"Trof\u00e9 Heidi Comfort Bh Svart - Unnadeluxe","isPartOf":{"@id":"https:\/\/unnadeluxe.fi\/#website"},"primaryImageOfPage":{"@id":"https:\/\/unnadeluxe.fi\/produkt\/trofe-heidi-comfort-bh-svart\/#primaryimage"},"image":{"@id":"https:\/\/unnadeluxe.fi\/produkt\/trofe-heidi-comfort-bh-svart\/#primaryimage"},"thumbnailUrl":"https:\/\/unnadeluxe.fi\/wp-content\/uploads\/2025\/08\/10300_1200_front_001-scaled.jpg","datePublished":"2025-08-04T15:22:03+00:00","dateModified":"2025-10-21T15:52:13+00:00","breadcrumb":{"@id":"https:\/\/unnadeluxe.fi\/produkt\/trofe-heidi-comfort-bh-svart\/#breadcrumb"},"inLanguage":"fi","potentialAction":[{"@type":"ReadAction","target":["https:\/\/unnadeluxe.fi\/produkt\/trofe-heidi-comfort-bh-svart\/"]}]},{"@type":"ImageObject","inLanguage":"fi","@id":"https:\/\/unnadeluxe.fi\/produkt\/trofe-heidi-comfort-bh-svart\/#primaryimage","url":"https:\/\/unnadeluxe.fi\/wp-content\/uploads\/2025\/08\/10300_1200_front_001-scaled.jpg","contentUrl":"https:\/\/unnadeluxe.fi\/wp-content\/uploads\/2025\/08\/10300_1200_front_001-scaled.jpg","width":1978,"height":2560},{"@type":"BreadcrumbList","@id":"https:\/\/unnadeluxe.fi\/produkt\/trofe-heidi-comfort-bh-svart\/#breadcrumb","itemListElement":[{"@type":"ListItem","position":1,"name":"Hem","item":"https:\/\/unnadeluxe.fi\/"},{"@type":"ListItem","position":2,"name":"Shop","item":"https:\/\/unnadeluxe.fi\/shop\/"},{"@type":"ListItem","position":3,"name":"Trof\u00e9 Heidi Comfort Bh Svart"}]},{"@type":"WebSite","@id":"https:\/\/unnadeluxe.fi\/#website","url":"https:\/\/unnadeluxe.fi\/","name":"Unnadeluxe","description":"UnnaDeluxe","publisher":{"@id":"https:\/\/unnadeluxe.fi\/#organization"},"potentialAction":[{"@type":"SearchAction","target":{"@type":"EntryPoint","urlTemplate":"https:\/\/unnadeluxe.fi\/?s={search_term_string}"},"query-input":{"@type":"PropertyValueSpecification","valueRequired":true,"valueName":"search_term_string"}}],"inLanguage":"fi"},{"@type":"Organization","@id":"https:\/\/unnadeluxe.fi\/#organization","name":"Unnadeluxe","url":"https:\/\/unnadeluxe.fi\/","logo":{"@type":"ImageObject","inLanguage":"fi","@id":"https:\/\/unnadeluxe.fi\/#\/schema\/logo\/image\/","url":"https:\/\/unnadeluxe.fi\/wp-content\/uploads\/2022\/09\/Unna-logo-lingerie-black-and-gold.png","contentUrl":"https:\/\/unnadeluxe.fi\/wp-content\/uploads\/2022\/09\/Unna-logo-lingerie-black-and-gold.png","width":3150,"height":3937,"caption":"Unnadeluxe"},"image":{"@id":"https:\/\/unnadeluxe.fi\/#\/schema\/logo\/image\/"},"sameAs":["https:\/\/www.facebook.com\/UnnaDeluxe"]}]}},"_links":{"self":[{"href":"https:\/\/unnadeluxe.fi\/fi\/wp-json\/wp\/v2\/product\/5003","targetHints":{"allow":["GET"]}}],"collection":[{"href":"https:\/\/unnadeluxe.fi\/fi\/wp-json\/wp\/v2\/product"}],"about":[{"href":"https:\/\/unnadeluxe.fi\/fi\/wp-json\/wp\/v2\/types\/product"}],"wp:featuredmedia":[{"embeddable":true,"href":"https:\/\/unnadeluxe.fi\/fi\/wp-json\/wp\/v2\/media\/5009"}],"wp:attachment":[{"href":"https:\/\/unnadeluxe.fi\/fi\/wp-json\/wp\/v2\/media?parent=5003"}],"wp:term":[{"taxonomy":"product_brand","embeddable":true,"href":"https:\/\/unnadeluxe.fi\/fi\/wp-json\/wp\/v2\/product_brand?post=5003"},{"taxonomy":"product_cat","embeddable":true,"href":"https:\/\/unnadeluxe.fi\/fi\/wp-json\/wp\/v2\/product_cat?post=5003"},{"taxonomy":"product_tag","embeddable":true,"href":"https:\/\/unnadeluxe.fi\/fi\/wp-json\/wp\/v2\/product_tag?post=5003"}],"curies":[{"name":"wp","href":"https:\/\/api.w.org\/{rel}","templated":true}]}}