{"id":4846,"date":"2025-07-22T12:14:28","date_gmt":"2025-07-22T12:14:28","guid":{"rendered":"https:\/\/unnadeluxe.fi\/?post_type=product&#038;p=4846"},"modified":"2025-07-28T08:13:17","modified_gmt":"2025-07-28T08:13:17","slug":"primadonna-orlando-full-cup-bra","status":"publish","type":"product","link":"https:\/\/unnadeluxe.fi\/fi\/tuote\/primadonna-orlando-full-cup-bra\/","title":{"rendered":"Primadonna Orlando Full Cup Bra"},"content":{"rendered":"<p>Bygelbeh\u00e5 med spets. En stadig, bekv\u00e4m beh\u00e5 i bra kvalit\u00e9. En storfavorit f\u00f6r m\u00e5nga kvinnor.<br \/>\nEtt bra k\u00f6p som h\u00e5ller i m\u00e5nga \u00e5r.<br \/>\nMaterial: 87% Polyamid, 6% Polyester, 7% Elastan<br \/>\nTyg: Spets<br \/>\nTv\u00e4ttr\u00e5d: Rekommenderar handtv\u00e4tt, annars Skontv\u00e4tt 30\u00b0 Torktumlas ej, strykes ej, ej blekning<br \/>\nF\u00e4rg: Pearly Pink<\/p>","protected":false},"excerpt":{"rendered":"<p>Orlando fr\u00e5n PrimaDonna \u00e4r precis som den popul\u00e4ra Deauvilles bygelbeh\u00e5n. Bra st\u00f6d med tredelad kupa och en otrolig passform.<br \/>\nPassformen \u00e4r speciellt anpassad f\u00f6r en st\u00f6rre byst. Breda, justerbara axelband med vackra detaljer. Bred hysk- och hakkn\u00e4ppning i ryggen. En storfavorit f\u00f6r m\u00e5nga kvinnor.<\/p>","protected":false},"featured_media":4927,"template":"","meta":[],"product_brand":[81],"product_cat":[27,28,55],"product_tag":[],"class_list":{"0":"post-4846","1":"product","2":"type-product","3":"status-publish","4":"has-post-thumbnail","6":"product_brand-primadonna","7":"product_cat-underklader","8":"product_cat-bhn","9":"product_cat-bygel-bh","11":"first","12":"instock","13":"taxable","14":"shipping-taxable","15":"purchasable","16":"product-type-variable"},"yoast_head":"<!-- This site is optimized with the Yoast SEO plugin v27.1.1 - https:\/\/yoast.com\/product\/yoast-seo-wordpress\/ -->\n<title>Primadonna Orlando Full Cup Bra - Unnadeluxe<\/title>\n<meta name=\"robots\" content=\"index, follow, max-snippet:-1, max-image-preview:large, max-video-preview:-1\" \/>\n<link rel=\"canonical\" href=\"https:\/\/unnadeluxe.fi\/fi\/tuote\/primadonna-orlando-full-cup-bra\/\" \/>\n<meta property=\"og:locale\" content=\"fi_FI\" \/>\n<meta property=\"og:type\" content=\"article\" \/>\n<meta property=\"og:title\" content=\"Primadonna Orlando Full Cup Bra - Unnadeluxe\" \/>\n<meta property=\"og:description\" content=\"Orlando fr\u00e5n PrimaDonna \u00e4r precis som den popul\u00e4ra Deauvilles bygelbeh\u00e5n. Bra st\u00f6d med tredelad kupa och en otrolig passform.  Passformen \u00e4r speciellt anpassad f\u00f6r en st\u00f6rre byst. Breda, justerbara axelband med vackra detaljer. Bred hysk- och hakkn\u00e4ppning i ryggen. En storfavorit f\u00f6r m\u00e5nga kvinnor.\" \/>\n<meta property=\"og:url\" content=\"https:\/\/unnadeluxe.fi\/fi\/tuote\/primadonna-orlando-full-cup-bra\/\" \/>\n<meta property=\"og:site_name\" content=\"Unnadeluxe\" \/>\n<meta property=\"article:publisher\" content=\"https:\/\/www.facebook.com\/UnnaDeluxe\" \/>\n<meta property=\"article:modified_time\" content=\"2025-07-28T08:13:17+00:00\" \/>\n<meta property=\"og:image\" content=\"https:\/\/unnadeluxe.fi\/wp-content\/uploads\/2025\/07\/eservices_primadonna-lingerie-underwired_bra-orlando-0163151-pink-94933.jpg\" \/>\n\t<meta property=\"og:image:width\" content=\"1000\" \/>\n\t<meta property=\"og:image:height\" content=\"1000\" \/>\n\t<meta property=\"og:image:type\" content=\"image\/jpeg\" \/>\n<meta name=\"twitter:card\" content=\"summary_large_image\" \/>\n<meta name=\"twitter:label1\" content=\"Arvioitu lukuaika\" \/>\n\t<meta name=\"twitter:data1\" content=\"1 minuutti\" \/>\n<script type=\"application\/ld+json\" class=\"yoast-schema-graph\">{\"@context\":\"https:\/\/schema.org\",\"@graph\":[{\"@type\":\"WebPage\",\"@id\":\"https:\/\/unnadeluxe.fi\/produkt\/primadonna-orlando-full-cup-bra\/\",\"url\":\"https:\/\/unnadeluxe.fi\/produkt\/primadonna-orlando-full-cup-bra\/\",\"name\":\"Primadonna Orlando Full Cup Bra - Unnadeluxe\",\"isPartOf\":{\"@id\":\"https:\/\/unnadeluxe.fi\/#website\"},\"primaryImageOfPage\":{\"@id\":\"https:\/\/unnadeluxe.fi\/produkt\/primadonna-orlando-full-cup-bra\/#primaryimage\"},\"image\":{\"@id\":\"https:\/\/unnadeluxe.fi\/produkt\/primadonna-orlando-full-cup-bra\/#primaryimage\"},\"thumbnailUrl\":\"https:\/\/unnadeluxe.fi\/wp-content\/uploads\/2025\/07\/eservices_primadonna-lingerie-underwired_bra-orlando-0163151-pink-94933.jpg\",\"datePublished\":\"2025-07-22T12:14:28+00:00\",\"dateModified\":\"2025-07-28T08:13:17+00:00\",\"breadcrumb\":{\"@id\":\"https:\/\/unnadeluxe.fi\/produkt\/primadonna-orlando-full-cup-bra\/#breadcrumb\"},\"inLanguage\":\"fi\",\"potentialAction\":[{\"@type\":\"ReadAction\",\"target\":[\"https:\/\/unnadeluxe.fi\/produkt\/primadonna-orlando-full-cup-bra\/\"]}]},{\"@type\":\"ImageObject\",\"inLanguage\":\"fi\",\"@id\":\"https:\/\/unnadeluxe.fi\/produkt\/primadonna-orlando-full-cup-bra\/#primaryimage\",\"url\":\"https:\/\/unnadeluxe.fi\/wp-content\/uploads\/2025\/07\/eservices_primadonna-lingerie-underwired_bra-orlando-0163151-pink-94933.jpg\",\"contentUrl\":\"https:\/\/unnadeluxe.fi\/wp-content\/uploads\/2025\/07\/eservices_primadonna-lingerie-underwired_bra-orlando-0163151-pink-94933.jpg\",\"width\":1000,\"height\":1000},{\"@type\":\"BreadcrumbList\",\"@id\":\"https:\/\/unnadeluxe.fi\/produkt\/primadonna-orlando-full-cup-bra\/#breadcrumb\",\"itemListElement\":[{\"@type\":\"ListItem\",\"position\":1,\"name\":\"Hem\",\"item\":\"https:\/\/unnadeluxe.fi\/\"},{\"@type\":\"ListItem\",\"position\":2,\"name\":\"Shop\",\"item\":\"https:\/\/unnadeluxe.fi\/shop\/\"},{\"@type\":\"ListItem\",\"position\":3,\"name\":\"Primadonna Orlando Full Cup Bra\"}]},{\"@type\":\"WebSite\",\"@id\":\"https:\/\/unnadeluxe.fi\/#website\",\"url\":\"https:\/\/unnadeluxe.fi\/\",\"name\":\"Unnadeluxe\",\"description\":\"UnnaDeluxe\",\"publisher\":{\"@id\":\"https:\/\/unnadeluxe.fi\/#organization\"},\"potentialAction\":[{\"@type\":\"SearchAction\",\"target\":{\"@type\":\"EntryPoint\",\"urlTemplate\":\"https:\/\/unnadeluxe.fi\/?s={search_term_string}\"},\"query-input\":{\"@type\":\"PropertyValueSpecification\",\"valueRequired\":true,\"valueName\":\"search_term_string\"}}],\"inLanguage\":\"fi\"},{\"@type\":\"Organization\",\"@id\":\"https:\/\/unnadeluxe.fi\/#organization\",\"name\":\"Unnadeluxe\",\"url\":\"https:\/\/unnadeluxe.fi\/\",\"logo\":{\"@type\":\"ImageObject\",\"inLanguage\":\"fi\",\"@id\":\"https:\/\/unnadeluxe.fi\/#\/schema\/logo\/image\/\",\"url\":\"https:\/\/unnadeluxe.fi\/wp-content\/uploads\/2022\/09\/Unna-logo-lingerie-black-and-gold.png\",\"contentUrl\":\"https:\/\/unnadeluxe.fi\/wp-content\/uploads\/2022\/09\/Unna-logo-lingerie-black-and-gold.png\",\"width\":3150,\"height\":3937,\"caption\":\"Unnadeluxe\"},\"image\":{\"@id\":\"https:\/\/unnadeluxe.fi\/#\/schema\/logo\/image\/\"},\"sameAs\":[\"https:\/\/www.facebook.com\/UnnaDeluxe\"]}]}<\/script>\n<!-- \/ Yoast SEO plugin. -->","yoast_head_json":{"title":"Primadonna Orlando Full Cup Bra - Unnadeluxe","robots":{"index":"index","follow":"follow","max-snippet":"max-snippet:-1","max-image-preview":"max-image-preview:large","max-video-preview":"max-video-preview:-1"},"canonical":"https:\/\/unnadeluxe.fi\/fi\/tuote\/primadonna-orlando-full-cup-bra\/","og_locale":"fi_FI","og_type":"article","og_title":"Primadonna Orlando Full Cup Bra - Unnadeluxe","og_description":"Orlando fr\u00e5n PrimaDonna \u00e4r precis som den popul\u00e4ra Deauvilles bygelbeh\u00e5n. Bra st\u00f6d med tredelad kupa och en otrolig passform.  Passformen \u00e4r speciellt anpassad f\u00f6r en st\u00f6rre byst. Breda, justerbara axelband med vackra detaljer. Bred hysk- och hakkn\u00e4ppning i ryggen. En storfavorit f\u00f6r m\u00e5nga kvinnor.","og_url":"https:\/\/unnadeluxe.fi\/fi\/tuote\/primadonna-orlando-full-cup-bra\/","og_site_name":"Unnadeluxe","article_publisher":"https:\/\/www.facebook.com\/UnnaDeluxe","article_modified_time":"2025-07-28T08:13:17+00:00","og_image":[{"width":1000,"height":1000,"url":"https:\/\/unnadeluxe.fi\/wp-content\/uploads\/2025\/07\/eservices_primadonna-lingerie-underwired_bra-orlando-0163151-pink-94933.jpg","type":"image\/jpeg"}],"twitter_card":"summary_large_image","twitter_misc":{"Arvioitu lukuaika":"1 minuutti"},"schema":{"@context":"https:\/\/schema.org","@graph":[{"@type":"WebPage","@id":"https:\/\/unnadeluxe.fi\/produkt\/primadonna-orlando-full-cup-bra\/","url":"https:\/\/unnadeluxe.fi\/produkt\/primadonna-orlando-full-cup-bra\/","name":"Primadonna Orlando Full Cup Bra - Unnadeluxe","isPartOf":{"@id":"https:\/\/unnadeluxe.fi\/#website"},"primaryImageOfPage":{"@id":"https:\/\/unnadeluxe.fi\/produkt\/primadonna-orlando-full-cup-bra\/#primaryimage"},"image":{"@id":"https:\/\/unnadeluxe.fi\/produkt\/primadonna-orlando-full-cup-bra\/#primaryimage"},"thumbnailUrl":"https:\/\/unnadeluxe.fi\/wp-content\/uploads\/2025\/07\/eservices_primadonna-lingerie-underwired_bra-orlando-0163151-pink-94933.jpg","datePublished":"2025-07-22T12:14:28+00:00","dateModified":"2025-07-28T08:13:17+00:00","breadcrumb":{"@id":"https:\/\/unnadeluxe.fi\/produkt\/primadonna-orlando-full-cup-bra\/#breadcrumb"},"inLanguage":"fi","potentialAction":[{"@type":"ReadAction","target":["https:\/\/unnadeluxe.fi\/produkt\/primadonna-orlando-full-cup-bra\/"]}]},{"@type":"ImageObject","inLanguage":"fi","@id":"https:\/\/unnadeluxe.fi\/produkt\/primadonna-orlando-full-cup-bra\/#primaryimage","url":"https:\/\/unnadeluxe.fi\/wp-content\/uploads\/2025\/07\/eservices_primadonna-lingerie-underwired_bra-orlando-0163151-pink-94933.jpg","contentUrl":"https:\/\/unnadeluxe.fi\/wp-content\/uploads\/2025\/07\/eservices_primadonna-lingerie-underwired_bra-orlando-0163151-pink-94933.jpg","width":1000,"height":1000},{"@type":"BreadcrumbList","@id":"https:\/\/unnadeluxe.fi\/produkt\/primadonna-orlando-full-cup-bra\/#breadcrumb","itemListElement":[{"@type":"ListItem","position":1,"name":"Hem","item":"https:\/\/unnadeluxe.fi\/"},{"@type":"ListItem","position":2,"name":"Shop","item":"https:\/\/unnadeluxe.fi\/shop\/"},{"@type":"ListItem","position":3,"name":"Primadonna Orlando Full Cup Bra"}]},{"@type":"WebSite","@id":"https:\/\/unnadeluxe.fi\/#website","url":"https:\/\/unnadeluxe.fi\/","name":"Unnadeluxe","description":"UnnaDeluxe","publisher":{"@id":"https:\/\/unnadeluxe.fi\/#organization"},"potentialAction":[{"@type":"SearchAction","target":{"@type":"EntryPoint","urlTemplate":"https:\/\/unnadeluxe.fi\/?s={search_term_string}"},"query-input":{"@type":"PropertyValueSpecification","valueRequired":true,"valueName":"search_term_string"}}],"inLanguage":"fi"},{"@type":"Organization","@id":"https:\/\/unnadeluxe.fi\/#organization","name":"Unnadeluxe","url":"https:\/\/unnadeluxe.fi\/","logo":{"@type":"ImageObject","inLanguage":"fi","@id":"https:\/\/unnadeluxe.fi\/#\/schema\/logo\/image\/","url":"https:\/\/unnadeluxe.fi\/wp-content\/uploads\/2022\/09\/Unna-logo-lingerie-black-and-gold.png","contentUrl":"https:\/\/unnadeluxe.fi\/wp-content\/uploads\/2022\/09\/Unna-logo-lingerie-black-and-gold.png","width":3150,"height":3937,"caption":"Unnadeluxe"},"image":{"@id":"https:\/\/unnadeluxe.fi\/#\/schema\/logo\/image\/"},"sameAs":["https:\/\/www.facebook.com\/UnnaDeluxe"]}]}},"_links":{"self":[{"href":"https:\/\/unnadeluxe.fi\/fi\/wp-json\/wp\/v2\/product\/4846","targetHints":{"allow":["GET"]}}],"collection":[{"href":"https:\/\/unnadeluxe.fi\/fi\/wp-json\/wp\/v2\/product"}],"about":[{"href":"https:\/\/unnadeluxe.fi\/fi\/wp-json\/wp\/v2\/types\/product"}],"wp:featuredmedia":[{"embeddable":true,"href":"https:\/\/unnadeluxe.fi\/fi\/wp-json\/wp\/v2\/media\/4927"}],"wp:attachment":[{"href":"https:\/\/unnadeluxe.fi\/fi\/wp-json\/wp\/v2\/media?parent=4846"}],"wp:term":[{"taxonomy":"product_brand","embeddable":true,"href":"https:\/\/unnadeluxe.fi\/fi\/wp-json\/wp\/v2\/product_brand?post=4846"},{"taxonomy":"product_cat","embeddable":true,"href":"https:\/\/unnadeluxe.fi\/fi\/wp-json\/wp\/v2\/product_cat?post=4846"},{"taxonomy":"product_tag","embeddable":true,"href":"https:\/\/unnadeluxe.fi\/fi\/wp-json\/wp\/v2\/product_tag?post=4846"}],"curies":[{"name":"wp","href":"https:\/\/api.w.org\/{rel}","templated":true}]}}