{"id":4499,"date":"2025-06-09T13:43:28","date_gmt":"2025-06-09T13:43:28","guid":{"rendered":"https:\/\/unnadeluxe.fi\/?post_type=product&#038;p=4499"},"modified":"2025-08-05T14:41:52","modified_gmt":"2025-08-05T14:41:52","slug":"primadonna-deauville-full-cup-bra-4","status":"publish","type":"product","link":"https:\/\/unnadeluxe.fi\/fi\/tuote\/primadonna-deauville-full-cup-bra-4\/","title":{"rendered":"Primadonna Deauville Full Cup Bra"},"content":{"rendered":"<p>Bygelbeh\u00e5 med spets. En stadig, bekv\u00e4m beh\u00e5 i bra kvalit\u00e9. En storfavorit f\u00f6r m\u00e5nga kvinnor.<br \/>\nEtt bra k\u00f6p som h\u00e5ller i m\u00e5nga \u00e5r.<br \/>\nMaterial: 56% polyamid, 25% polyester, 12% bomull, 7% elastan<br \/>\nTyg: Spets<br \/>\nTv\u00e4ttr\u00e5d: Rekommenderar handtv\u00e4tt, annars Skontv\u00e4tt 30\u00b0 Torktumlas ej, strykes ej, ej blekning<br \/>\nF\u00e4rg: Paradise Green<\/p>","protected":false},"excerpt":{"rendered":"<p>Bekv\u00e4m bygelbeh\u00e5 med bra st\u00f6d och tredelad kupa som lyfter bysten medan sidopanelerna trycker ihop f\u00f6r en fin form. Passformen \u00e4r speciellt anpassad f\u00f6r en st\u00f6rre byst. Breda, justerbara axelband och bred hysk- och hakkn\u00e4ppning i ryggen. En storfavorit f\u00f6r m\u00e5nga kvinnor. Prova den och du vill inte ha n\u00e5n annan bh efter det. <\/p>","protected":false},"featured_media":4504,"template":"","meta":[],"product_brand":[81],"product_cat":[27,28,55,69],"product_tag":[],"class_list":{"0":"post-4499","1":"product","2":"type-product","3":"status-publish","4":"has-post-thumbnail","6":"product_brand-primadonna","7":"product_cat-underklader","8":"product_cat-bhn","9":"product_cat-bygel-bh","10":"product_cat-rea","12":"first","13":"instock","14":"sale","15":"taxable","16":"shipping-taxable","17":"purchasable","18":"product-type-variable"},"yoast_head":"<!-- This site is optimized with the Yoast SEO plugin v27.1.1 - https:\/\/yoast.com\/product\/yoast-seo-wordpress\/ -->\n<title>Primadonna Deauville Full Cup Bra - Unnadeluxe<\/title>\n<meta name=\"robots\" content=\"index, follow, max-snippet:-1, max-image-preview:large, max-video-preview:-1\" \/>\n<link rel=\"canonical\" href=\"https:\/\/unnadeluxe.fi\/fi\/tuote\/primadonna-deauville-full-cup-bra-4\/\" \/>\n<meta property=\"og:locale\" content=\"fi_FI\" \/>\n<meta property=\"og:type\" content=\"article\" \/>\n<meta property=\"og:title\" content=\"Primadonna Deauville Full Cup Bra - Unnadeluxe\" \/>\n<meta property=\"og:description\" content=\"Bekv\u00e4m bygelbeh\u00e5 med bra st\u00f6d och tredelad kupa som lyfter bysten medan sidopanelerna trycker ihop f\u00f6r en fin form. Passformen \u00e4r speciellt anpassad f\u00f6r en st\u00f6rre byst. Breda, justerbara axelband och bred hysk- och hakkn\u00e4ppning i ryggen. En storfavorit f\u00f6r m\u00e5nga kvinnor. Prova den och du vill inte ha n\u00e5n annan bh efter det.\" \/>\n<meta property=\"og:url\" content=\"https:\/\/unnadeluxe.fi\/fi\/tuote\/primadonna-deauville-full-cup-bra-4\/\" \/>\n<meta property=\"og:site_name\" content=\"Unnadeluxe\" \/>\n<meta property=\"article:publisher\" content=\"https:\/\/www.facebook.com\/UnnaDeluxe\" \/>\n<meta property=\"article:modified_time\" content=\"2025-08-05T14:41:52+00:00\" \/>\n<meta property=\"og:image\" content=\"https:\/\/unnadeluxe.fi\/wp-content\/uploads\/2025\/06\/nb_0161811_PGR-scaled.jpg\" \/>\n\t<meta property=\"og:image:width\" content=\"2560\" \/>\n\t<meta property=\"og:image:height\" content=\"2560\" \/>\n\t<meta property=\"og:image:type\" content=\"image\/jpeg\" \/>\n<meta name=\"twitter:card\" content=\"summary_large_image\" \/>\n<meta name=\"twitter:label1\" content=\"Arvioitu lukuaika\" \/>\n\t<meta name=\"twitter:data1\" content=\"1 minuutti\" \/>\n<script type=\"application\/ld+json\" class=\"yoast-schema-graph\">{\"@context\":\"https:\/\/schema.org\",\"@graph\":[{\"@type\":\"WebPage\",\"@id\":\"https:\/\/unnadeluxe.fi\/produkt\/primadonna-deauville-full-cup-bra-4\/\",\"url\":\"https:\/\/unnadeluxe.fi\/produkt\/primadonna-deauville-full-cup-bra-4\/\",\"name\":\"Primadonna Deauville Full Cup Bra - Unnadeluxe\",\"isPartOf\":{\"@id\":\"https:\/\/unnadeluxe.fi\/#website\"},\"primaryImageOfPage\":{\"@id\":\"https:\/\/unnadeluxe.fi\/produkt\/primadonna-deauville-full-cup-bra-4\/#primaryimage\"},\"image\":{\"@id\":\"https:\/\/unnadeluxe.fi\/produkt\/primadonna-deauville-full-cup-bra-4\/#primaryimage\"},\"thumbnailUrl\":\"https:\/\/unnadeluxe.fi\/wp-content\/uploads\/2025\/06\/nb_0161811_PGR-scaled.jpg\",\"datePublished\":\"2025-06-09T13:43:28+00:00\",\"dateModified\":\"2025-08-05T14:41:52+00:00\",\"breadcrumb\":{\"@id\":\"https:\/\/unnadeluxe.fi\/produkt\/primadonna-deauville-full-cup-bra-4\/#breadcrumb\"},\"inLanguage\":\"fi\",\"potentialAction\":[{\"@type\":\"ReadAction\",\"target\":[\"https:\/\/unnadeluxe.fi\/produkt\/primadonna-deauville-full-cup-bra-4\/\"]}]},{\"@type\":\"ImageObject\",\"inLanguage\":\"fi\",\"@id\":\"https:\/\/unnadeluxe.fi\/produkt\/primadonna-deauville-full-cup-bra-4\/#primaryimage\",\"url\":\"https:\/\/unnadeluxe.fi\/wp-content\/uploads\/2025\/06\/nb_0161811_PGR-scaled.jpg\",\"contentUrl\":\"https:\/\/unnadeluxe.fi\/wp-content\/uploads\/2025\/06\/nb_0161811_PGR-scaled.jpg\",\"width\":2560,\"height\":2560},{\"@type\":\"BreadcrumbList\",\"@id\":\"https:\/\/unnadeluxe.fi\/produkt\/primadonna-deauville-full-cup-bra-4\/#breadcrumb\",\"itemListElement\":[{\"@type\":\"ListItem\",\"position\":1,\"name\":\"Hem\",\"item\":\"https:\/\/unnadeluxe.fi\/\"},{\"@type\":\"ListItem\",\"position\":2,\"name\":\"Shop\",\"item\":\"https:\/\/unnadeluxe.fi\/shop\/\"},{\"@type\":\"ListItem\",\"position\":3,\"name\":\"Primadonna Deauville Full Cup Bra\"}]},{\"@type\":\"WebSite\",\"@id\":\"https:\/\/unnadeluxe.fi\/#website\",\"url\":\"https:\/\/unnadeluxe.fi\/\",\"name\":\"Unnadeluxe\",\"description\":\"UnnaDeluxe\",\"publisher\":{\"@id\":\"https:\/\/unnadeluxe.fi\/#organization\"},\"potentialAction\":[{\"@type\":\"SearchAction\",\"target\":{\"@type\":\"EntryPoint\",\"urlTemplate\":\"https:\/\/unnadeluxe.fi\/?s={search_term_string}\"},\"query-input\":{\"@type\":\"PropertyValueSpecification\",\"valueRequired\":true,\"valueName\":\"search_term_string\"}}],\"inLanguage\":\"fi\"},{\"@type\":\"Organization\",\"@id\":\"https:\/\/unnadeluxe.fi\/#organization\",\"name\":\"Unnadeluxe\",\"url\":\"https:\/\/unnadeluxe.fi\/\",\"logo\":{\"@type\":\"ImageObject\",\"inLanguage\":\"fi\",\"@id\":\"https:\/\/unnadeluxe.fi\/#\/schema\/logo\/image\/\",\"url\":\"https:\/\/unnadeluxe.fi\/wp-content\/uploads\/2022\/09\/Unna-logo-lingerie-black-and-gold.png\",\"contentUrl\":\"https:\/\/unnadeluxe.fi\/wp-content\/uploads\/2022\/09\/Unna-logo-lingerie-black-and-gold.png\",\"width\":3150,\"height\":3937,\"caption\":\"Unnadeluxe\"},\"image\":{\"@id\":\"https:\/\/unnadeluxe.fi\/#\/schema\/logo\/image\/\"},\"sameAs\":[\"https:\/\/www.facebook.com\/UnnaDeluxe\"]}]}<\/script>\n<!-- \/ Yoast SEO plugin. -->","yoast_head_json":{"title":"Primadonna Deauville Full Cup Bra - Unnadeluxe","robots":{"index":"index","follow":"follow","max-snippet":"max-snippet:-1","max-image-preview":"max-image-preview:large","max-video-preview":"max-video-preview:-1"},"canonical":"https:\/\/unnadeluxe.fi\/fi\/tuote\/primadonna-deauville-full-cup-bra-4\/","og_locale":"fi_FI","og_type":"article","og_title":"Primadonna Deauville Full Cup Bra - Unnadeluxe","og_description":"Bekv\u00e4m bygelbeh\u00e5 med bra st\u00f6d och tredelad kupa som lyfter bysten medan sidopanelerna trycker ihop f\u00f6r en fin form. Passformen \u00e4r speciellt anpassad f\u00f6r en st\u00f6rre byst. Breda, justerbara axelband och bred hysk- och hakkn\u00e4ppning i ryggen. En storfavorit f\u00f6r m\u00e5nga kvinnor. Prova den och du vill inte ha n\u00e5n annan bh efter det.","og_url":"https:\/\/unnadeluxe.fi\/fi\/tuote\/primadonna-deauville-full-cup-bra-4\/","og_site_name":"Unnadeluxe","article_publisher":"https:\/\/www.facebook.com\/UnnaDeluxe","article_modified_time":"2025-08-05T14:41:52+00:00","og_image":[{"width":2560,"height":2560,"url":"https:\/\/unnadeluxe.fi\/wp-content\/uploads\/2025\/06\/nb_0161811_PGR-scaled.jpg","type":"image\/jpeg"}],"twitter_card":"summary_large_image","twitter_misc":{"Arvioitu lukuaika":"1 minuutti"},"schema":{"@context":"https:\/\/schema.org","@graph":[{"@type":"WebPage","@id":"https:\/\/unnadeluxe.fi\/produkt\/primadonna-deauville-full-cup-bra-4\/","url":"https:\/\/unnadeluxe.fi\/produkt\/primadonna-deauville-full-cup-bra-4\/","name":"Primadonna Deauville Full Cup Bra - Unnadeluxe","isPartOf":{"@id":"https:\/\/unnadeluxe.fi\/#website"},"primaryImageOfPage":{"@id":"https:\/\/unnadeluxe.fi\/produkt\/primadonna-deauville-full-cup-bra-4\/#primaryimage"},"image":{"@id":"https:\/\/unnadeluxe.fi\/produkt\/primadonna-deauville-full-cup-bra-4\/#primaryimage"},"thumbnailUrl":"https:\/\/unnadeluxe.fi\/wp-content\/uploads\/2025\/06\/nb_0161811_PGR-scaled.jpg","datePublished":"2025-06-09T13:43:28+00:00","dateModified":"2025-08-05T14:41:52+00:00","breadcrumb":{"@id":"https:\/\/unnadeluxe.fi\/produkt\/primadonna-deauville-full-cup-bra-4\/#breadcrumb"},"inLanguage":"fi","potentialAction":[{"@type":"ReadAction","target":["https:\/\/unnadeluxe.fi\/produkt\/primadonna-deauville-full-cup-bra-4\/"]}]},{"@type":"ImageObject","inLanguage":"fi","@id":"https:\/\/unnadeluxe.fi\/produkt\/primadonna-deauville-full-cup-bra-4\/#primaryimage","url":"https:\/\/unnadeluxe.fi\/wp-content\/uploads\/2025\/06\/nb_0161811_PGR-scaled.jpg","contentUrl":"https:\/\/unnadeluxe.fi\/wp-content\/uploads\/2025\/06\/nb_0161811_PGR-scaled.jpg","width":2560,"height":2560},{"@type":"BreadcrumbList","@id":"https:\/\/unnadeluxe.fi\/produkt\/primadonna-deauville-full-cup-bra-4\/#breadcrumb","itemListElement":[{"@type":"ListItem","position":1,"name":"Hem","item":"https:\/\/unnadeluxe.fi\/"},{"@type":"ListItem","position":2,"name":"Shop","item":"https:\/\/unnadeluxe.fi\/shop\/"},{"@type":"ListItem","position":3,"name":"Primadonna Deauville Full Cup Bra"}]},{"@type":"WebSite","@id":"https:\/\/unnadeluxe.fi\/#website","url":"https:\/\/unnadeluxe.fi\/","name":"Unnadeluxe","description":"UnnaDeluxe","publisher":{"@id":"https:\/\/unnadeluxe.fi\/#organization"},"potentialAction":[{"@type":"SearchAction","target":{"@type":"EntryPoint","urlTemplate":"https:\/\/unnadeluxe.fi\/?s={search_term_string}"},"query-input":{"@type":"PropertyValueSpecification","valueRequired":true,"valueName":"search_term_string"}}],"inLanguage":"fi"},{"@type":"Organization","@id":"https:\/\/unnadeluxe.fi\/#organization","name":"Unnadeluxe","url":"https:\/\/unnadeluxe.fi\/","logo":{"@type":"ImageObject","inLanguage":"fi","@id":"https:\/\/unnadeluxe.fi\/#\/schema\/logo\/image\/","url":"https:\/\/unnadeluxe.fi\/wp-content\/uploads\/2022\/09\/Unna-logo-lingerie-black-and-gold.png","contentUrl":"https:\/\/unnadeluxe.fi\/wp-content\/uploads\/2022\/09\/Unna-logo-lingerie-black-and-gold.png","width":3150,"height":3937,"caption":"Unnadeluxe"},"image":{"@id":"https:\/\/unnadeluxe.fi\/#\/schema\/logo\/image\/"},"sameAs":["https:\/\/www.facebook.com\/UnnaDeluxe"]}]}},"_links":{"self":[{"href":"https:\/\/unnadeluxe.fi\/fi\/wp-json\/wp\/v2\/product\/4499","targetHints":{"allow":["GET"]}}],"collection":[{"href":"https:\/\/unnadeluxe.fi\/fi\/wp-json\/wp\/v2\/product"}],"about":[{"href":"https:\/\/unnadeluxe.fi\/fi\/wp-json\/wp\/v2\/types\/product"}],"wp:featuredmedia":[{"embeddable":true,"href":"https:\/\/unnadeluxe.fi\/fi\/wp-json\/wp\/v2\/media\/4504"}],"wp:attachment":[{"href":"https:\/\/unnadeluxe.fi\/fi\/wp-json\/wp\/v2\/media?parent=4499"}],"wp:term":[{"taxonomy":"product_brand","embeddable":true,"href":"https:\/\/unnadeluxe.fi\/fi\/wp-json\/wp\/v2\/product_brand?post=4499"},{"taxonomy":"product_cat","embeddable":true,"href":"https:\/\/unnadeluxe.fi\/fi\/wp-json\/wp\/v2\/product_cat?post=4499"},{"taxonomy":"product_tag","embeddable":true,"href":"https:\/\/unnadeluxe.fi\/fi\/wp-json\/wp\/v2\/product_tag?post=4499"}],"curies":[{"name":"wp","href":"https:\/\/api.w.org\/{rel}","templated":true}]}}